{"id":20240,"date":"2025-03-17T12:51:22","date_gmt":"2025-03-17T09:51:22","guid":{"rendered":"https:\/\/haremerotikshop.com\/site\/?post_type=product&#038;p=20240"},"modified":"2026-01-26T15:17:05","modified_gmt":"2026-01-26T12:17:05","slug":"metal-halkali-zincir-detayli-gotik-harness-kemer","status":"publish","type":"product","link":"https:\/\/haremerotikshop.com\/site\/erotik-shop-urun\/metal-halkali-zincir-detayli-gotik-harness-kemer\/","title":{"rendered":"Metal Halkal\u0131 Zincir Detayl\u0131 Gotik Harness Kemer"},"content":{"rendered":"<p data-start=\"0\" data-end=\"73\"><strong data-start=\"0\" data-end=\"73\">Zarif ve Asi G\u00f6r\u00fcn\u00fcml\u00fc Siyah Harness Kemer \u2013 Cesur Bir Tarz\u0131n \u0130fadesi<\/strong><\/p>\n<p data-start=\"75\" data-end=\"509\"><strong data-start=\"75\" data-end=\"121\">Zarif ve Asi G\u00f6r\u00fcn\u00fcml\u00fc Siyah Harness Kemer<\/strong>, <strong data-start=\"123\" data-end=\"131\">punk<\/strong> ve <strong data-start=\"135\" data-end=\"152\">gotik estetik<\/strong> sevenler i\u00e7in tasarlanm\u0131\u015f \u015f\u0131k ve cesur bir aksesuard\u0131r. <strong data-start=\"209\" data-end=\"229\">Siyah yapay deri<\/strong> \u015feritleri, <strong data-start=\"241\" data-end=\"259\">metal halkalar<\/strong> ve <strong data-start=\"263\" data-end=\"283\">zincir detaylar\u0131<\/strong>yla birle\u015ferek tarz\u0131n\u0131za dikkat \u00e7ekici bir <strong data-start=\"326\" data-end=\"338\">asi hava<\/strong> katar. Hem g\u00fcnl\u00fck k\u0131yafetlerinizle hem de <strong data-start=\"381\" data-end=\"389\">\u015fort<\/strong>, <strong data-start=\"391\" data-end=\"399\">etek<\/strong> veya <strong data-start=\"405\" data-end=\"415\">elbise<\/strong> gibi farkl\u0131 par\u00e7alarla kombinlenebilir, b\u00f6ylece her an\u0131n\u0131za zarif ve g\u00fc\u00e7l\u00fc bir dokunu\u015f ekler.<\/p>\n<hr data-start=\"511\" data-end=\"514\" \/>\n<h3 data-start=\"516\" data-end=\"548\"><strong data-start=\"520\" data-end=\"548\">\ud83d\udd39 \u00d6ne \u00c7\u0131kan \u00d6zellikler:<\/strong><\/h3>\n<h4 data-start=\"550\" data-end=\"583\"><strong data-start=\"555\" data-end=\"583\">Y\u00fcksek Kaliteli Malzeme:<\/strong><\/h4>\n<ul data-start=\"584\" data-end=\"822\">\n<li data-start=\"584\" data-end=\"822\"><strong data-start=\"586\" data-end=\"600\">Yapay deri<\/strong> ve <strong data-start=\"604\" data-end=\"623\">paslanmaz metal<\/strong> malzemeler kullan\u0131larak tasarlanan bu harness kemer, <strong data-start=\"677\" data-end=\"705\">dayan\u0131kl\u0131 ve uzun \u00f6m\u00fcrl\u00fc<\/strong> bir yap\u0131 sunar. Ayn\u0131 zamanda <strong data-start=\"735\" data-end=\"744\">siyah<\/strong> ve <strong data-start=\"748\" data-end=\"757\">g\u00fcm\u00fc\u015f<\/strong> renk kombinasyonu, \u015f\u0131kl\u0131\u011f\u0131n\u0131z\u0131 art\u0131ran zarif bir g\u00f6r\u00fcn\u00fcm sa\u011flar.<\/li>\n<\/ul>\n<h4 data-start=\"824\" data-end=\"861\"><strong data-start=\"829\" data-end=\"861\">Ayarlanabilir Toka Tasar\u0131m\u0131:<\/strong><\/h4>\n<ul data-start=\"862\" data-end=\"1060\">\n<li data-start=\"862\" data-end=\"1060\"><strong data-start=\"864\" data-end=\"886\">Ayarlanabilir toka<\/strong> sistemi sayesinde, bu kemer farkl\u0131 <strong data-start=\"922\" data-end=\"953\">beden tiplerine uyum sa\u011flar<\/strong> ve ki\u015fisel konforunuza g\u00f6re s\u0131k\u0131l\u0131k ayar\u0131 yapman\u0131za olanak tan\u0131r. V\u00fccudunuza tam oturan bir yap\u0131s\u0131 vard\u0131r.<\/li>\n<\/ul>\n<h4 data-start=\"1062\" data-end=\"1086\"><strong data-start=\"1067\" data-end=\"1086\">\u00c7ok Y\u00f6nl\u00fc Stil:<\/strong><\/h4>\n<ul data-start=\"1087\" data-end=\"1353\">\n<li data-start=\"1087\" data-end=\"1353\"><strong data-start=\"1089\" data-end=\"1098\">Gotik<\/strong>, <strong data-start=\"1100\" data-end=\"1108\">punk<\/strong>, <strong data-start=\"1110\" data-end=\"1129\">alternatif moda<\/strong> ve <strong data-start=\"1133\" data-end=\"1158\">festival aksesuarlar\u0131<\/strong> i\u00e7in m\u00fckemmel bir par\u00e7a olan bu kemer, <strong data-start=\"1198\" data-end=\"1232\">k\u0131yafetlerinize cesur bir hava<\/strong> katacak. Hem g\u00fcndelik \u015f\u0131kl\u0131\u011f\u0131n\u0131z\u0131 tamamlayabilir hem de \u00f6zel etkinlikler i\u00e7in dikkat \u00e7ekici bir stil olu\u015fturabilirsiniz.<\/li>\n<\/ul>\n<h4 data-start=\"1355\" data-end=\"1385\"><strong data-start=\"1360\" data-end=\"1385\">Zarif ve Asi G\u00f6r\u00fcn\u00fcm:<\/strong><\/h4>\n<ul data-start=\"1386\" data-end=\"1549\">\n<li data-start=\"1386\" data-end=\"1549\"><strong data-start=\"1388\" data-end=\"1416\">Zincir ve metal halkalar<\/strong> ile tasarlanm\u0131\u015f detaylar, hem <strong data-start=\"1447\" data-end=\"1458\">feminen<\/strong> hem de <strong data-start=\"1466\" data-end=\"1484\">g\u00fc\u00e7l\u00fc bir tarz<\/strong> yarat\u0131r. \u015e\u0131kl\u0131\u011f\u0131 ve asi havay\u0131 m\u00fckemmel bir \u015fekilde birle\u015ftirir.<\/li>\n<\/ul>\n<hr data-start=\"1551\" data-end=\"1554\" \/>\n<h3 data-start=\"1556\" data-end=\"1576\"><strong data-start=\"1560\" data-end=\"1576\">\ud83d\udd39 Boyutlar:<\/strong><\/h3>\n<ul data-start=\"1577\" data-end=\"1732\">\n<li data-start=\"1577\" data-end=\"1732\"><strong data-start=\"1579\" data-end=\"1610\">Ayarlanabilir Toka Tasar\u0131m\u0131<\/strong> sayesinde, kemer <strong data-start=\"1628\" data-end=\"1648\">farkl\u0131 bedenlere<\/strong> rahat\u00e7a uyum sa\u011flar. Ki\u015fisel tercihlere g\u00f6re geni\u015flik ve s\u0131k\u0131l\u0131k ayar\u0131 yap\u0131labilir.<\/li>\n<\/ul>\n<hr data-start=\"1734\" data-end=\"1737\" \/>\n<h3 data-start=\"1739\" data-end=\"1768\"><strong data-start=\"1743\" data-end=\"1768\">\ud83d\udd39 Kullan\u0131m Alanlar\u0131:<\/strong><\/h3>\n<ul data-start=\"1770\" data-end=\"2182\">\n<li data-start=\"1770\" data-end=\"1872\"><strong data-start=\"1772\" data-end=\"1788\">G\u00fcnl\u00fck Stil:<\/strong> Hem rahat hem de \u015f\u0131k bir g\u00f6r\u00fcn\u00fcm i\u00e7in g\u00fcnl\u00fck k\u0131yafetlerinizle kombinleyebilirsiniz.<\/li>\n<li data-start=\"1873\" data-end=\"1995\"><strong data-start=\"1875\" data-end=\"1898\">Foto\u011fraf \u00c7ekimleri:<\/strong> <strong data-start=\"1899\" data-end=\"1945\">Gotik ve punk temal\u0131 foto\u011fraf \u00e7ekimlerinde<\/strong> dikkat \u00e7ekici bir aksesuar olarak kullan\u0131labilir.<\/li>\n<li data-start=\"1996\" data-end=\"2093\"><strong data-start=\"1998\" data-end=\"2022\">Festival Kombinleri:<\/strong> <strong data-start=\"2023\" data-end=\"2035\">Festival<\/strong> ve <strong data-start=\"2039\" data-end=\"2059\">parti kombinleri<\/strong> i\u00e7in m\u00fckemmel bir tamamlay\u0131c\u0131d\u0131r.<\/li>\n<li data-start=\"2094\" data-end=\"2182\"><strong data-start=\"2096\" data-end=\"2116\">Temal\u0131 Partiler:<\/strong> <strong data-start=\"2117\" data-end=\"2136\">Alternatif moda<\/strong> ve <strong data-start=\"2140\" data-end=\"2148\">punk<\/strong> temal\u0131 etkinlikler i\u00e7in idealdir.<\/li>\n<\/ul>\n<hr data-start=\"2184\" data-end=\"2187\" \/>\n<h3 data-start=\"2189\" data-end=\"2225\"><strong data-start=\"2193\" data-end=\"2225\">\ud83d\udd39 Neden Tercih Etmelisiniz?<\/strong><\/h3>\n<ul data-start=\"2227\" data-end=\"2741\">\n<li data-start=\"2227\" data-end=\"2334\"><strong data-start=\"2229\" data-end=\"2251\">Cesur ve Asi Tarz:<\/strong> <strong data-start=\"2252\" data-end=\"2272\">Siyah yapay deri<\/strong> ve <strong data-start=\"2276\" data-end=\"2302\">metal zincir detaylar\u0131<\/strong> ile tarz\u0131n\u0131z\u0131 cesurca yans\u0131t\u0131n.<\/li>\n<li data-start=\"2335\" data-end=\"2472\"><strong data-start=\"2337\" data-end=\"2360\">\u00c7ok Y\u00f6nl\u00fc Kullan\u0131m:<\/strong> <strong data-start=\"2361\" data-end=\"2370\">Gotik<\/strong>, <strong data-start=\"2372\" data-end=\"2380\">punk<\/strong> ve <strong data-start=\"2384\" data-end=\"2403\">alternatif moda<\/strong> severler i\u00e7in hem g\u00fcnl\u00fck stil hem de \u00f6zel etkinlikler i\u00e7in uygundur.<\/li>\n<li data-start=\"2473\" data-end=\"2623\"><strong data-start=\"2475\" data-end=\"2511\">Ayarlanabilir ve Rahat Kullan\u0131m:<\/strong> <strong data-start=\"2512\" data-end=\"2543\">Ayarlanabilir toka tasar\u0131m\u0131<\/strong> ile her beden tipine m\u00fckemmel uyum sa\u011flar, uzun s\u00fcreli kullan\u0131mda konfor sunar.<\/li>\n<li data-start=\"2624\" data-end=\"2741\"><strong data-start=\"2626\" data-end=\"2656\">Feminine ve G\u00fc\u00e7l\u00fc G\u00f6r\u00fcn\u00fcm:<\/strong> <strong data-start=\"2657\" data-end=\"2666\">Zarif<\/strong> ve <strong data-start=\"2670\" data-end=\"2688\">g\u00fc\u00e7l\u00fc bir tarz<\/strong> elde etmek isteyenler i\u00e7in m\u00fckemmel bir aksesuard\u0131r.<\/li>\n<\/ul>\n<hr data-start=\"2743\" data-end=\"2746\" \/>\n<p data-start=\"2748\" data-end=\"3141\" data-is-last-node=\"\" data-is-only-node=\"\"><strong data-start=\"2748\" data-end=\"2794\">Zarif ve Asi G\u00f6r\u00fcn\u00fcml\u00fc Siyah Harness Kemer<\/strong>, <strong data-start=\"2796\" data-end=\"2804\">punk<\/strong> ve <strong data-start=\"2808\" data-end=\"2823\">gotik tarz\u0131<\/strong> sevenler i\u00e7in tasarlanm\u0131\u015f, <strong data-start=\"2851\" data-end=\"2868\">ayarlanabilir<\/strong> ve <strong data-start=\"2872\" data-end=\"2879\">\u015f\u0131k<\/strong> bir aksesuard\u0131r. <strong data-start=\"2897\" data-end=\"2917\">Siyah yapay deri<\/strong> ve <strong data-start=\"2921\" data-end=\"2949\">paslanmaz metal halkalar<\/strong> ile zenginle\u015ftirilmi\u015f bu kemer, hem g\u00fcnl\u00fck k\u0131yafetlerinizle hem de \u00f6zel etkinliklerde tarz\u0131n\u0131z\u0131 \u00f6n plana \u00e7\u0131karacak. <strong data-start=\"3066\" data-end=\"3098\">G\u00fc\u00e7l\u00fc ve feminen bir g\u00f6r\u00fcn\u00fcm<\/strong> yaratmak i\u00e7in m\u00fckemmel bir tamamlay\u0131c\u0131d\u0131r.<\/p>\n","protected":false},"excerpt":{"rendered":"<p><strong data-start=\"75\" data-end=\"121\">Zarif ve Asi G\u00f6r\u00fcn\u00fcml\u00fc Siyah Harness Kemer<\/strong>, <strong data-start=\"123\" data-end=\"131\">punk<\/strong> ve <strong data-start=\"135\" data-end=\"152\">gotik estetik<\/strong> sevenler i\u00e7in tasarlanm\u0131\u015f \u015f\u0131k ve cesur bir aksesuard\u0131r. <strong data-start=\"209\" data-end=\"229\">Siyah yapay deri<\/strong> \u015feritleri, <strong data-start=\"241\" data-end=\"259\">metal halkalar<\/strong> ve <strong data-start=\"263\" data-end=\"283\">zincir detaylar\u0131<\/strong>yla birle\u015ferek tarz\u0131n\u0131za dikkat \u00e7ekici bir <strong data-start=\"326\" data-end=\"338\">asi hava<\/strong> katar. Hem g\u00fcnl\u00fck k\u0131yafetlerinizle hem de <strong data-start=\"381\" data-end=\"389\">\u015fort<\/strong>, <strong data-start=\"391\" data-end=\"399\">etek<\/strong> veya <strong data-start=\"405\" data-end=\"415\">elbise<\/strong> gibi farkl\u0131 par\u00e7alarla kombinlenebilir, b\u00f6ylece her an\u0131n\u0131za zarif ve g\u00fc\u00e7l\u00fc bir dokunu\u015f ekler.<\/p>\n","protected":false},"featured_media":20306,"comment_status":"open","ping_status":"closed","template":"","meta":[],"product_brand":[127],"product_cat":[99],"product_tag":[413],"class_list":{"0":"post-20240","1":"product","2":"type-product","3":"status-publish","4":"has-post-thumbnail","6":"product_brand-pembe-tilki","7":"product_cat-fantezi-fetis-urunu","8":"product_tag-metal-halkali-zincir-detayli-gotik-harness-kemer","10":"first","11":"instock","12":"taxable","13":"shipping-taxable","14":"purchasable","15":"product-type-simple"},"yoast_head":"<!-- This site is optimized with the Yoast SEO Premium plugin v24.4 (Yoast SEO v27.1.1) - https:\/\/yoast.com\/product\/yoast-seo-premium-wordpress\/ -->\n<title>Metal Halkal\u0131 Zincir Detayl\u0131 Gotik Harness Kemer - Bursa Erotik Shop<\/title>\n<meta name=\"robots\" content=\"index, follow, max-snippet:-1, max-image-preview:large, max-video-preview:-1\" \/>\n<link rel=\"canonical\" href=\"https:\/\/hobierotikshop.com.tr\/website1\/erotik-shop-urun\/metal-halkali-zincir-detayli-gotik-harness-kemer\/\" \/>\n<meta property=\"og:locale\" content=\"tr_TR\" \/>\n<meta property=\"og:type\" content=\"article\" \/>\n<meta property=\"og:title\" content=\"Metal Halkal\u0131 Zincir Detayl\u0131 Gotik Harness Kemer\" \/>\n<meta property=\"og:description\" content=\"Zarif ve Asi G\u00f6r\u00fcn\u00fcml\u00fc Siyah Harness Kemer, punk ve gotik estetik sevenler i\u00e7in tasarlanm\u0131\u015f \u015f\u0131k ve cesur bir aksesuard\u0131r. Siyah yapay deri \u015feritleri, metal halkalar ve zincir detaylar\u0131yla birle\u015ferek tarz\u0131n\u0131za dikkat \u00e7ekici bir asi hava katar. Hem g\u00fcnl\u00fck k\u0131yafetlerinizle hem de \u015fort, etek veya elbise gibi farkl\u0131 par\u00e7alarla kombinlenebilir, b\u00f6ylece her an\u0131n\u0131za zarif ve g\u00fc\u00e7l\u00fc bir dokunu\u015f ekler.\" \/>\n<meta property=\"og:url\" content=\"https:\/\/hobierotikshop.com.tr\/website1\/erotik-shop-urun\/metal-halkali-zincir-detayli-gotik-harness-kemer\/\" \/>\n<meta property=\"og:site_name\" content=\"Bursa Erotik Shop\" \/>\n<meta property=\"article:modified_time\" content=\"2026-01-26T12:17:05+00:00\" \/>\n<meta property=\"og:image\" content=\"https:\/\/hobierotikshop.com.tr\/website1\/wp-content\/uploads\/2025\/03\/metal-halkali-zincir-detayli-gotik-harness-kemer-2886.jpg\" \/>\n\t<meta property=\"og:image:width\" content=\"1500\" \/>\n\t<meta property=\"og:image:height\" content=\"1500\" \/>\n\t<meta property=\"og:image:type\" content=\"image\/jpeg\" \/>\n<meta name=\"twitter:card\" content=\"summary_large_image\" \/>\n<meta name=\"twitter:site\" content=\"@shopbursa\" \/>\n<meta name=\"twitter:label1\" content=\"Fiyat\" \/>\n\t<meta name=\"twitter:data1\" content=\"&#8378;1.000,00 KDV DAH\u0130L\" \/>\n\t<meta name=\"twitter:label2\" content=\"Availability\" \/>\n\t<meta name=\"twitter:data2\" content=\"In stock\" \/>\n<script type=\"application\/ld+json\" class=\"yoast-schema-graph\">{\"@context\":\"https:\/\/schema.org\",\"@graph\":[{\"@type\":\"WebPage\",\"@id\":\"https:\/\/hobierotikshop.com.tr\/website1\/erotik-shop-urun\/metal-halkali-zincir-detayli-gotik-harness-kemer\/\",\"url\":\"https:\/\/hobierotikshop.com.tr\/website1\/erotik-shop-urun\/metal-halkali-zincir-detayli-gotik-harness-kemer\/\",\"name\":\"Metal Halkal\u0131 Zincir Detayl\u0131 Gotik Harness Kemer - Bursa Erotik Shop\",\"isPartOf\":{\"@id\":\"https:\/\/hobierotikshop.com.tr\/website1\/#website\"},\"primaryImageOfPage\":{\"@id\":\"https:\/\/hobierotikshop.com.tr\/website1\/erotik-shop-urun\/metal-halkali-zincir-detayli-gotik-harness-kemer\/#primaryimage\"},\"image\":{\"@id\":\"https:\/\/hobierotikshop.com.tr\/website1\/erotik-shop-urun\/metal-halkali-zincir-detayli-gotik-harness-kemer\/#primaryimage\"},\"thumbnailUrl\":\"https:\/\/haremerotikshop.com\/site\/wp-content\/uploads\/2025\/03\/metal-halkali-zincir-detayli-gotik-harness-kemer-2886.jpg\",\"datePublished\":\"2025-03-17T09:51:22+00:00\",\"dateModified\":\"2026-01-26T12:17:05+00:00\",\"breadcrumb\":{\"@id\":\"https:\/\/hobierotikshop.com.tr\/website1\/erotik-shop-urun\/metal-halkali-zincir-detayli-gotik-harness-kemer\/#breadcrumb\"},\"inLanguage\":\"tr\",\"potentialAction\":[{\"@type\":\"ReadAction\",\"target\":[\"https:\/\/hobierotikshop.com.tr\/website1\/erotik-shop-urun\/metal-halkali-zincir-detayli-gotik-harness-kemer\/\"]}]},{\"@type\":\"ImageObject\",\"inLanguage\":\"tr\",\"@id\":\"https:\/\/hobierotikshop.com.tr\/website1\/erotik-shop-urun\/metal-halkali-zincir-detayli-gotik-harness-kemer\/#primaryimage\",\"url\":\"https:\/\/haremerotikshop.com\/site\/wp-content\/uploads\/2025\/03\/metal-halkali-zincir-detayli-gotik-harness-kemer-2886.jpg\",\"contentUrl\":\"https:\/\/haremerotikshop.com\/site\/wp-content\/uploads\/2025\/03\/metal-halkali-zincir-detayli-gotik-harness-kemer-2886.jpg\",\"width\":1500,\"height\":1500},{\"@type\":\"BreadcrumbList\",\"@id\":\"https:\/\/hobierotikshop.com.tr\/website1\/erotik-shop-urun\/metal-halkali-zincir-detayli-gotik-harness-kemer\/#breadcrumb\",\"itemListElement\":[{\"@type\":\"ListItem\",\"position\":1,\"name\":\"Anasayfa\",\"item\":\"https:\/\/hobierotikshop.com.tr\/website1\/\"},{\"@type\":\"ListItem\",\"position\":2,\"name\":\"Erotik Shop \u00dcr\u00fcnleri\",\"item\":\"https:\/\/hobierotikshop.com.tr\/website1\/shop\/\"},{\"@type\":\"ListItem\",\"position\":3,\"name\":\"Metal Halkal\u0131 Zincir Detayl\u0131 Gotik Harness Kemer\"}]},{\"@type\":\"WebSite\",\"@id\":\"https:\/\/hobierotikshop.com.tr\/website1\/#website\",\"url\":\"https:\/\/hobierotikshop.com.tr\/website1\/\",\"name\":\"Bursa Erotik Shop\",\"description\":\"Bursa Erotik Shop ile g\u00fcvenli, gizli ve kaliteli yeti\u015fkin \u00fcr\u00fcnleri al\u0131\u015fveri\u015fi! Geni\u015f \u00fcr\u00fcn yelpazemizi ke\u015ffedin, hemen sipari\u015f verin\",\"publisher\":{\"@id\":\"https:\/\/hobierotikshop.com.tr\/website1\/#organization\"},\"alternateName\":\"Erotik Shop\",\"potentialAction\":[{\"@type\":\"SearchAction\",\"target\":{\"@type\":\"EntryPoint\",\"urlTemplate\":\"https:\/\/hobierotikshop.com.tr\/website1\/?s={search_term_string}\"},\"query-input\":{\"@type\":\"PropertyValueSpecification\",\"valueRequired\":true,\"valueName\":\"search_term_string\"}}],\"inLanguage\":\"tr\"},{\"@type\":\"Organization\",\"@id\":\"https:\/\/hobierotikshop.com.tr\/website1\/#organization\",\"name\":\"Harem Bursa Erotik Shop\",\"url\":\"https:\/\/hobierotikshop.com.tr\/website1\/\",\"logo\":{\"@type\":\"ImageObject\",\"inLanguage\":\"tr\",\"@id\":\"https:\/\/hobierotikshop.com.tr\/website1\/#\/schema\/logo\/image\/\",\"url\":\"https:\/\/haremerotikshop.com\/site\/wp-content\/uploads\/2025\/03\/haremsexshop.png\",\"contentUrl\":\"https:\/\/haremerotikshop.com\/site\/wp-content\/uploads\/2025\/03\/haremsexshop.png\",\"width\":400,\"height\":100,\"caption\":\"Harem Bursa Erotik Shop\"},\"image\":{\"@id\":\"https:\/\/hobierotikshop.com.tr\/website1\/#\/schema\/logo\/image\/\"},\"sameAs\":[\"https:\/\/x.com\/shopbursa\"],\"publishingPrinciples\":\"https:\/\/hobierotikshop.com.tr\/website1\/mesafeli-satis-sozlesmesi\/\",\"ownershipFundingInfo\":\"https:\/\/hobierotikshop.com.tr\/website1\/contact-us\/\",\"actionableFeedbackPolicy\":\"https:\/\/hobierotikshop.com.tr\/website1\/contact-us\/\",\"correctionsPolicy\":\"https:\/\/hobierotikshop.com.tr\/website1\/mesafeli-satis-sozlesmesi\/\"}]}<\/script>\n<meta property=\"product:brand\" content=\"Pembe Tilki\" \/>\n<meta property=\"product:price:amount\" content=\"1000.00\" \/>\n<meta property=\"product:price:currency\" content=\"TRY\" \/>\n<meta property=\"og:availability\" content=\"instock\" \/>\n<meta property=\"product:availability\" content=\"instock\" \/>\n<meta property=\"product:retailer_item_id\" content=\"PT-FFXG912BL\" \/>\n<meta property=\"product:condition\" content=\"new\" \/>\n<!-- \/ Yoast SEO Premium plugin. -->","yoast_head_json":{"title":"Metal Halkal\u0131 Zincir Detayl\u0131 Gotik Harness Kemer - Bursa Erotik Shop","robots":{"index":"index","follow":"follow","max-snippet":"max-snippet:-1","max-image-preview":"max-image-preview:large","max-video-preview":"max-video-preview:-1"},"canonical":"https:\/\/hobierotikshop.com.tr\/website1\/erotik-shop-urun\/metal-halkali-zincir-detayli-gotik-harness-kemer\/","og_locale":"tr_TR","og_type":"article","og_title":"Metal Halkal\u0131 Zincir Detayl\u0131 Gotik Harness Kemer","og_description":"Zarif ve Asi G\u00f6r\u00fcn\u00fcml\u00fc Siyah Harness Kemer, punk ve gotik estetik sevenler i\u00e7in tasarlanm\u0131\u015f \u015f\u0131k ve cesur bir aksesuard\u0131r. Siyah yapay deri \u015feritleri, metal halkalar ve zincir detaylar\u0131yla birle\u015ferek tarz\u0131n\u0131za dikkat \u00e7ekici bir asi hava katar. Hem g\u00fcnl\u00fck k\u0131yafetlerinizle hem de \u015fort, etek veya elbise gibi farkl\u0131 par\u00e7alarla kombinlenebilir, b\u00f6ylece her an\u0131n\u0131za zarif ve g\u00fc\u00e7l\u00fc bir dokunu\u015f ekler.","og_url":"https:\/\/hobierotikshop.com.tr\/website1\/erotik-shop-urun\/metal-halkali-zincir-detayli-gotik-harness-kemer\/","og_site_name":"Bursa Erotik Shop","article_modified_time":"2026-01-26T12:17:05+00:00","og_image":[{"width":1500,"height":1500,"url":"https:\/\/hobierotikshop.com.tr\/website1\/wp-content\/uploads\/2025\/03\/metal-halkali-zincir-detayli-gotik-harness-kemer-2886.jpg","type":"image\/jpeg"}],"twitter_card":"summary_large_image","twitter_site":"@shopbursa","twitter_misc":{"Fiyat":"&#8378;1.000,00 KDV DAH\u0130L","Availability":"In stock"},"schema":{"@context":"https:\/\/schema.org","@graph":[{"@type":"WebPage","@id":"https:\/\/hobierotikshop.com.tr\/website1\/erotik-shop-urun\/metal-halkali-zincir-detayli-gotik-harness-kemer\/","url":"https:\/\/hobierotikshop.com.tr\/website1\/erotik-shop-urun\/metal-halkali-zincir-detayli-gotik-harness-kemer\/","name":"Metal Halkal\u0131 Zincir Detayl\u0131 Gotik Harness Kemer - Bursa Erotik Shop","isPartOf":{"@id":"https:\/\/hobierotikshop.com.tr\/website1\/#website"},"primaryImageOfPage":{"@id":"https:\/\/hobierotikshop.com.tr\/website1\/erotik-shop-urun\/metal-halkali-zincir-detayli-gotik-harness-kemer\/#primaryimage"},"image":{"@id":"https:\/\/hobierotikshop.com.tr\/website1\/erotik-shop-urun\/metal-halkali-zincir-detayli-gotik-harness-kemer\/#primaryimage"},"thumbnailUrl":"https:\/\/haremerotikshop.com\/site\/wp-content\/uploads\/2025\/03\/metal-halkali-zincir-detayli-gotik-harness-kemer-2886.jpg","datePublished":"2025-03-17T09:51:22+00:00","dateModified":"2026-01-26T12:17:05+00:00","breadcrumb":{"@id":"https:\/\/hobierotikshop.com.tr\/website1\/erotik-shop-urun\/metal-halkali-zincir-detayli-gotik-harness-kemer\/#breadcrumb"},"inLanguage":"tr","potentialAction":[{"@type":"ReadAction","target":["https:\/\/hobierotikshop.com.tr\/website1\/erotik-shop-urun\/metal-halkali-zincir-detayli-gotik-harness-kemer\/"]}]},{"@type":"ImageObject","inLanguage":"tr","@id":"https:\/\/hobierotikshop.com.tr\/website1\/erotik-shop-urun\/metal-halkali-zincir-detayli-gotik-harness-kemer\/#primaryimage","url":"https:\/\/haremerotikshop.com\/site\/wp-content\/uploads\/2025\/03\/metal-halkali-zincir-detayli-gotik-harness-kemer-2886.jpg","contentUrl":"https:\/\/haremerotikshop.com\/site\/wp-content\/uploads\/2025\/03\/metal-halkali-zincir-detayli-gotik-harness-kemer-2886.jpg","width":1500,"height":1500},{"@type":"BreadcrumbList","@id":"https:\/\/hobierotikshop.com.tr\/website1\/erotik-shop-urun\/metal-halkali-zincir-detayli-gotik-harness-kemer\/#breadcrumb","itemListElement":[{"@type":"ListItem","position":1,"name":"Anasayfa","item":"https:\/\/hobierotikshop.com.tr\/website1\/"},{"@type":"ListItem","position":2,"name":"Erotik Shop \u00dcr\u00fcnleri","item":"https:\/\/hobierotikshop.com.tr\/website1\/shop\/"},{"@type":"ListItem","position":3,"name":"Metal Halkal\u0131 Zincir Detayl\u0131 Gotik Harness Kemer"}]},{"@type":"WebSite","@id":"https:\/\/hobierotikshop.com.tr\/website1\/#website","url":"https:\/\/hobierotikshop.com.tr\/website1\/","name":"Bursa Erotik Shop","description":"Bursa Erotik Shop ile g\u00fcvenli, gizli ve kaliteli yeti\u015fkin \u00fcr\u00fcnleri al\u0131\u015fveri\u015fi! Geni\u015f \u00fcr\u00fcn yelpazemizi ke\u015ffedin, hemen sipari\u015f verin","publisher":{"@id":"https:\/\/hobierotikshop.com.tr\/website1\/#organization"},"alternateName":"Erotik Shop","potentialAction":[{"@type":"SearchAction","target":{"@type":"EntryPoint","urlTemplate":"https:\/\/hobierotikshop.com.tr\/website1\/?s={search_term_string}"},"query-input":{"@type":"PropertyValueSpecification","valueRequired":true,"valueName":"search_term_string"}}],"inLanguage":"tr"},{"@type":"Organization","@id":"https:\/\/hobierotikshop.com.tr\/website1\/#organization","name":"Harem Bursa Erotik Shop","url":"https:\/\/hobierotikshop.com.tr\/website1\/","logo":{"@type":"ImageObject","inLanguage":"tr","@id":"https:\/\/hobierotikshop.com.tr\/website1\/#\/schema\/logo\/image\/","url":"https:\/\/haremerotikshop.com\/site\/wp-content\/uploads\/2025\/03\/haremsexshop.png","contentUrl":"https:\/\/haremerotikshop.com\/site\/wp-content\/uploads\/2025\/03\/haremsexshop.png","width":400,"height":100,"caption":"Harem Bursa Erotik Shop"},"image":{"@id":"https:\/\/hobierotikshop.com.tr\/website1\/#\/schema\/logo\/image\/"},"sameAs":["https:\/\/x.com\/shopbursa"],"publishingPrinciples":"https:\/\/hobierotikshop.com.tr\/website1\/mesafeli-satis-sozlesmesi\/","ownershipFundingInfo":"https:\/\/hobierotikshop.com.tr\/website1\/contact-us\/","actionableFeedbackPolicy":"https:\/\/hobierotikshop.com.tr\/website1\/contact-us\/","correctionsPolicy":"https:\/\/hobierotikshop.com.tr\/website1\/mesafeli-satis-sozlesmesi\/"}]},"product_brand":"Pembe Tilki","product_price_amount":"1000.00","product_price_currency":"TRY","og_availability":"instock","product_availability":"instock","product_retailer_item_id":"PT-FFXG912BL","product_condition":"new"},"_links":{"self":[{"href":"https:\/\/haremerotikshop.com\/site\/wp-json\/wp\/v2\/product\/20240","targetHints":{"allow":["GET"]}}],"collection":[{"href":"https:\/\/haremerotikshop.com\/site\/wp-json\/wp\/v2\/product"}],"about":[{"href":"https:\/\/haremerotikshop.com\/site\/wp-json\/wp\/v2\/types\/product"}],"replies":[{"embeddable":true,"href":"https:\/\/haremerotikshop.com\/site\/wp-json\/wp\/v2\/comments?post=20240"}],"version-history":[{"count":0,"href":"https:\/\/haremerotikshop.com\/site\/wp-json\/wp\/v2\/product\/20240\/revisions"}],"wp:featuredmedia":[{"embeddable":true,"href":"https:\/\/haremerotikshop.com\/site\/wp-json\/wp\/v2\/media\/20306"}],"wp:attachment":[{"href":"https:\/\/haremerotikshop.com\/site\/wp-json\/wp\/v2\/media?parent=20240"}],"wp:term":[{"taxonomy":"product_brand","embeddable":true,"href":"https:\/\/haremerotikshop.com\/site\/wp-json\/wp\/v2\/product_brand?post=20240"},{"taxonomy":"product_cat","embeddable":true,"href":"https:\/\/haremerotikshop.com\/site\/wp-json\/wp\/v2\/product_cat?post=20240"},{"taxonomy":"product_tag","embeddable":true,"href":"https:\/\/haremerotikshop.com\/site\/wp-json\/wp\/v2\/product_tag?post=20240"}],"curies":[{"name":"wp","href":"https:\/\/api.w.org\/{rel}","templated":true}]}}