{"id":20257,"date":"2025-03-17T12:51:45","date_gmt":"2025-03-17T09:51:45","guid":{"rendered":"https:\/\/haremerotikshop.com\/site\/?post_type=product&#038;p=20257"},"modified":"2026-01-26T15:15:59","modified_gmt":"2026-01-26T12:15:59","slug":"cift-bileklikli-gogus-ve-bel-harness-seti","status":"publish","type":"product","link":"https:\/\/haremerotikshop.com\/site\/erotik-shop-urun\/cift-bileklikli-gogus-ve-bel-harness-seti\/","title":{"rendered":"\u00c7ift Bileklikli G\u00f6\u011f\u00fcs Ve Bel Harness Seti"},"content":{"rendered":"<p data-start=\"0\" data-end=\"82\"><strong data-start=\"0\" data-end=\"82\">Zarif ve Cesur Siyah Deri Harness Seti \u2013 \u015e\u0131kl\u0131k ve Esteti\u011fin Bulu\u015ftu\u011fu Tasar\u0131m<\/strong><\/p>\n<p data-start=\"84\" data-end=\"462\"><strong data-start=\"84\" data-end=\"126\">Zarif ve Cesur Siyah Deri Harness Seti<\/strong>, \u015f\u0131kl\u0131\u011f\u0131, zarafeti ve cesareti bir arada sunarak tarz\u0131n\u0131za g\u00fc\u00e7l\u00fc bir dokunu\u015f katar. <strong data-start=\"211\" data-end=\"224\">Suni deri<\/strong> ve <strong data-start=\"228\" data-end=\"246\">metal halkalar<\/strong> ile tasarlanm\u0131\u015f bu set, v\u00fccudu saran <strong data-start=\"284\" data-end=\"308\">estetik bir tasar\u0131ma<\/strong> sahip olup, \u015f\u0131kl\u0131\u011f\u0131 ve konforu bir araya getirir. <strong data-start=\"359\" data-end=\"376\">\u00c7ift bileklik<\/strong> ve <strong data-start=\"380\" data-end=\"407\">\u00e7\u0131kar\u0131labilir zincirler<\/strong> detaylar\u0131, size hem zarif hem de cesur bir stil sunar.<\/p>\n<hr data-start=\"464\" data-end=\"467\" \/>\n<h3 data-start=\"469\" data-end=\"501\"><strong data-start=\"473\" data-end=\"501\">\ud83d\udd39 \u00d6ne \u00c7\u0131kan \u00d6zellikler:<\/strong><\/h3>\n<h4 data-start=\"503\" data-end=\"536\"><strong data-start=\"508\" data-end=\"536\">Y\u00fcksek Kaliteli Malzeme:<\/strong><\/h4>\n<ul data-start=\"537\" data-end=\"703\">\n<li data-start=\"537\" data-end=\"703\"><strong data-start=\"539\" data-end=\"552\">Suni deri<\/strong> ve <strong data-start=\"556\" data-end=\"574\">metal halkalar<\/strong>, hem dayan\u0131kl\u0131 hem de \u015f\u0131k bir g\u00f6r\u00fcn\u00fcm sa\u011flar. Uzun \u00f6m\u00fcrl\u00fc ve g\u00fcvenli bir kullan\u0131m sunan bu malzemeler, setin kalitesini art\u0131r\u0131r.<\/li>\n<\/ul>\n<h4 data-start=\"705\" data-end=\"744\"><strong data-start=\"710\" data-end=\"744\">Ayarlanabilir Kemer Detaylar\u0131:<\/strong><\/h4>\n<ul data-start=\"745\" data-end=\"918\">\n<li data-start=\"745\" data-end=\"918\"><strong data-start=\"747\" data-end=\"773\">Ayarlanabilir kemerler<\/strong> sayesinde, <strong data-start=\"785\" data-end=\"800\">bel \u00e7evresi<\/strong> 79-103 cm aras\u0131nda kolayca \u00f6zelle\u015ftirilebilir. V\u00fccudunuzu tam saracak \u015fekilde ayar yaparak rahat\u00e7a kullanabilirsiniz.<\/li>\n<\/ul>\n<h4 data-start=\"920\" data-end=\"959\"><strong data-start=\"925\" data-end=\"959\">Esnek ve V\u00fccudu Saran Tasar\u0131m:<\/strong><\/h4>\n<ul data-start=\"960\" data-end=\"1114\">\n<li data-start=\"960\" data-end=\"1114\">Setin <strong data-start=\"968\" data-end=\"984\">esnek yap\u0131s\u0131<\/strong>, v\u00fccudunuza tam uyum sa\u011flar. <strong data-start=\"1014\" data-end=\"1053\">G\u00f6\u011f\u00fcs ve bel k\u0131sm\u0131na oturan tasar\u0131m<\/strong> ile zarif bir \u015fekilde v\u00fccudu sarar ve \u015f\u0131k bir g\u00f6r\u00fcn\u00fcm sunar.<\/li>\n<\/ul>\n<h4 data-start=\"1116\" data-end=\"1166\"><strong data-start=\"1121\" data-end=\"1166\">\u00c7ift Bileklik ve \u00c7\u0131kar\u0131labilir Zincirler:<\/strong><\/h4>\n<ul data-start=\"1167\" data-end=\"1309\">\n<li data-start=\"1167\" data-end=\"1309\"><strong data-start=\"1169\" data-end=\"1186\">\u00c7ift bileklik<\/strong> detaylar\u0131, setin stilini g\u00fc\u00e7lendirirken, \u00e7\u0131kar\u0131labilir zincirlerle <strong data-start=\"1254\" data-end=\"1271\">g\u00f6vdeye ba\u011fl\u0131<\/strong> olmas\u0131, \u00fcr\u00fcne dinamik bir hava katar.<\/li>\n<\/ul>\n<hr data-start=\"1311\" data-end=\"1314\" \/>\n<h3 data-start=\"1316\" data-end=\"1336\"><strong data-start=\"1320\" data-end=\"1336\">\ud83d\udd39 Boyutlar:<\/strong><\/h3>\n<ul data-start=\"1338\" data-end=\"1498\">\n<li data-start=\"1338\" data-end=\"1387\"><strong data-start=\"1340\" data-end=\"1358\">Boyun \u00c7evresi:<\/strong> 30-42 cm aras\u0131 ayarlanabilir<\/li>\n<li data-start=\"1388\" data-end=\"1436\"><strong data-start=\"1390\" data-end=\"1406\">Bel \u00c7evresi:<\/strong> 79-103 cm aras\u0131 ayarlanabilir<\/li>\n<li data-start=\"1437\" data-end=\"1498\"><strong data-start=\"1439\" data-end=\"1451\">Uzunluk:<\/strong> 29 cm (uyumlu ve konforlu kullan\u0131m i\u00e7in ideal)<\/li>\n<\/ul>\n<hr data-start=\"1500\" data-end=\"1503\" \/>\n<h3 data-start=\"1505\" data-end=\"1534\"><strong data-start=\"1509\" data-end=\"1534\">\ud83d\udd39 Kullan\u0131m Alanlar\u0131:<\/strong><\/h3>\n<ul data-start=\"1536\" data-end=\"2007\">\n<li data-start=\"1536\" data-end=\"1742\"><strong data-start=\"1538\" data-end=\"1575\">\u00d6zel Geceler ve Kost\u00fcm Partileri:<\/strong> Hem zarif hem cesur bir g\u00f6r\u00fcn\u00fcm yaratmak isteyenler i\u00e7in m\u00fckemmel bir aksesuar olan bu harness seti, \u00f6zel geceler ve kost\u00fcm partilerinde dikkat \u00e7ekici bir tarz sunar.<\/li>\n<li data-start=\"1743\" data-end=\"1882\"><strong data-start=\"1745\" data-end=\"1763\">Fantezi Giyim:<\/strong> Cesur kombinler yaratmak i\u00e7in idealdir. <strong data-start=\"1804\" data-end=\"1821\">Fantezi giyim<\/strong> koleksiyonlar\u0131na \u015f\u0131kl\u0131k katacak \u015fekilde rahat\u00e7a giyilebilir.<\/li>\n<li data-start=\"1883\" data-end=\"2007\"><strong data-start=\"1885\" data-end=\"1906\">\u00d6zel Etkinlikler:<\/strong> Sahne performanslar\u0131, cosplay etkinlikleri veya \u015f\u0131k davetlerde, tarz\u0131n\u0131za iddial\u0131 bir dokunu\u015f ekler.<\/li>\n<\/ul>\n<hr data-start=\"2009\" data-end=\"2012\" \/>\n<h3 data-start=\"2014\" data-end=\"2050\"><strong data-start=\"2018\" data-end=\"2050\">\ud83d\udd39 Neden Tercih Etmelisiniz?<\/strong><\/h3>\n<ul data-start=\"2052\" data-end=\"2648\">\n<li data-start=\"2052\" data-end=\"2213\"><strong data-start=\"2054\" data-end=\"2078\">Zarif ve Cesur Tarz:<\/strong> <strong data-start=\"2079\" data-end=\"2092\">Suni deri<\/strong> ve <strong data-start=\"2096\" data-end=\"2114\">metal halkalar<\/strong> kullan\u0131larak tasarlanm\u0131\u015f olan bu set, estetik ve \u015f\u0131kl\u0131\u011f\u0131 birle\u015ftirerek <strong data-start=\"2186\" data-end=\"2204\">cesur bir stil<\/strong> yarat\u0131r.<\/li>\n<li data-start=\"2214\" data-end=\"2366\"><strong data-start=\"2216\" data-end=\"2242\">Ayarlanabilir Tasar\u0131m:<\/strong> <strong data-start=\"2243\" data-end=\"2269\">Ayarlanabilir kemerler<\/strong> sayesinde her beden tipi i\u00e7in m\u00fckemmel uyum sa\u011flar ve ki\u015fisel tarz\u0131n\u0131z\u0131 en iyi \u015fekilde yans\u0131t\u0131r.<\/li>\n<li data-start=\"2367\" data-end=\"2512\"><strong data-start=\"2369\" data-end=\"2394\">\u00c7ift Bileklik Detay\u0131:<\/strong> <strong data-start=\"2395\" data-end=\"2412\">\u00c7ift bileklik<\/strong> ve <strong data-start=\"2416\" data-end=\"2443\">\u00e7\u0131kar\u0131labilir zincirler<\/strong>, \u00fcr\u00fcn\u00fcn dikkat \u00e7ekici detaylar\u0131n\u0131 olu\u015fturur ve v\u00fccudu zarif\u00e7e sarar.<\/li>\n<li data-start=\"2513\" data-end=\"2648\"><strong data-start=\"2515\" data-end=\"2544\">\u015e\u0131k ve Konforlu Kullan\u0131m:<\/strong> Hem \u00f6zel gecelerde hem de g\u00fcnl\u00fck tarzda kullan\u0131labilir, rahatl\u0131kla giyilebilen <strong data-start=\"2624\" data-end=\"2641\">esnek tasar\u0131m<\/strong> sunar.<\/li>\n<\/ul>\n<hr data-start=\"2650\" data-end=\"2653\" \/>\n<p data-start=\"2655\" data-end=\"3030\" data-is-last-node=\"\" data-is-only-node=\"\"><strong data-start=\"2655\" data-end=\"2697\">Zarif ve Cesur Siyah Deri Harness Seti<\/strong>, <strong data-start=\"2699\" data-end=\"2712\">suni deri<\/strong> malzeme ve <strong data-start=\"2724\" data-end=\"2742\">metal halkalar<\/strong> ile tarz\u0131n\u0131z\u0131 cesurca yans\u0131t\u0131r. <strong data-start=\"2775\" data-end=\"2801\">Ayarlanabilir tasar\u0131m\u0131<\/strong> ve <strong data-start=\"2805\" data-end=\"2822\">\u00e7ift bileklik<\/strong> detaylar\u0131 ile her v\u00fccuda uyum sa\u011flar. <strong data-start=\"2861\" data-end=\"2877\">\u00d6zel geceler<\/strong>, <strong data-start=\"2879\" data-end=\"2896\">fantezi giyim<\/strong> veya <strong data-start=\"2902\" data-end=\"2921\">cesur kombinler<\/strong> i\u00e7in m\u00fckemmel bir aksesuard\u0131r. Kendinizi g\u00fc\u00e7l\u00fc ve \u00f6zg\u00fcvenli hissetmek i\u00e7in bu \u015f\u0131k seti tercih edebilirsiniz.<\/p>\n","protected":false},"excerpt":{"rendered":"<p><strong data-start=\"84\" data-end=\"126\">Zarif ve Cesur Siyah Deri Harness Seti<\/strong>, \u015f\u0131kl\u0131\u011f\u0131, zarafeti ve cesareti bir arada sunarak tarz\u0131n\u0131za g\u00fc\u00e7l\u00fc bir dokunu\u015f katar. <strong data-start=\"211\" data-end=\"224\">Suni deri<\/strong> ve <strong data-start=\"228\" data-end=\"246\">metal halkalar<\/strong> ile tasarlanm\u0131\u015f bu set, v\u00fccudu saran <strong data-start=\"284\" data-end=\"308\">estetik bir tasar\u0131ma<\/strong> sahip olup, \u015f\u0131kl\u0131\u011f\u0131 ve konforu bir araya getirir. <strong data-start=\"359\" data-end=\"376\">\u00c7ift bileklik<\/strong> ve <strong data-start=\"380\" data-end=\"407\">\u00e7\u0131kar\u0131labilir zincirler<\/strong> detaylar\u0131, size hem zarif hem de cesur bir stil sunar.<\/p>\n","protected":false},"featured_media":20312,"comment_status":"open","ping_status":"closed","template":"","meta":[],"product_brand":[127],"product_cat":[100],"product_tag":[414],"class_list":{"0":"post-20257","1":"product","2":"type-product","3":"status-publish","4":"has-post-thumbnail","6":"product_brand-pembe-tilki","7":"product_cat-fantezi-fetis","8":"product_tag-cift-bileklikli-gogus-ve-bel-harness-seti","10":"first","11":"instock","12":"taxable","13":"shipping-taxable","14":"purchasable","15":"product-type-simple"},"yoast_head":"<!-- This site is optimized with the Yoast SEO Premium plugin v24.4 (Yoast SEO v27.1.1) - https:\/\/yoast.com\/product\/yoast-seo-premium-wordpress\/ -->\n<title>\u00c7ift Bileklikli G\u00f6\u011f\u00fcs Ve Bel Harness Seti - Bursa Erotik Shop<\/title>\n<meta name=\"robots\" content=\"index, follow, max-snippet:-1, max-image-preview:large, max-video-preview:-1\" \/>\n<link rel=\"canonical\" href=\"https:\/\/hobierotikshop.com.tr\/website1\/erotik-shop-urun\/cift-bileklikli-gogus-ve-bel-harness-seti\/\" \/>\n<meta property=\"og:locale\" content=\"tr_TR\" \/>\n<meta property=\"og:type\" content=\"article\" \/>\n<meta property=\"og:title\" content=\"\u00c7ift Bileklikli G\u00f6\u011f\u00fcs Ve Bel Harness Seti\" \/>\n<meta property=\"og:description\" content=\"Zarif ve Cesur Siyah Deri Harness Seti, \u015f\u0131kl\u0131\u011f\u0131, zarafeti ve cesareti bir arada sunarak tarz\u0131n\u0131za g\u00fc\u00e7l\u00fc bir dokunu\u015f katar. Suni deri ve metal halkalar ile tasarlanm\u0131\u015f bu set, v\u00fccudu saran estetik bir tasar\u0131ma sahip olup, \u015f\u0131kl\u0131\u011f\u0131 ve konforu bir araya getirir. \u00c7ift bileklik ve \u00e7\u0131kar\u0131labilir zincirler detaylar\u0131, size hem zarif hem de cesur bir stil sunar.\" \/>\n<meta property=\"og:url\" content=\"https:\/\/hobierotikshop.com.tr\/website1\/erotik-shop-urun\/cift-bileklikli-gogus-ve-bel-harness-seti\/\" \/>\n<meta property=\"og:site_name\" content=\"Bursa Erotik Shop\" \/>\n<meta property=\"article:modified_time\" content=\"2026-01-26T12:15:59+00:00\" \/>\n<meta property=\"og:image\" content=\"https:\/\/hobierotikshop.com.tr\/website1\/wp-content\/uploads\/2025\/03\/cift-bileklikli-gogus-ve-bel-harness-seti-2891.jpg\" \/>\n\t<meta property=\"og:image:width\" content=\"1500\" \/>\n\t<meta property=\"og:image:height\" content=\"1500\" \/>\n\t<meta property=\"og:image:type\" content=\"image\/jpeg\" \/>\n<meta name=\"twitter:card\" content=\"summary_large_image\" \/>\n<meta name=\"twitter:site\" content=\"@shopbursa\" \/>\n<meta name=\"twitter:label1\" content=\"Fiyat\" \/>\n\t<meta name=\"twitter:data1\" content=\"&#8378;1.000,00 KDV DAH\u0130L\" \/>\n\t<meta name=\"twitter:label2\" content=\"Availability\" \/>\n\t<meta name=\"twitter:data2\" content=\"In stock\" \/>\n<script type=\"application\/ld+json\" class=\"yoast-schema-graph\">{\"@context\":\"https:\/\/schema.org\",\"@graph\":[{\"@type\":\"WebPage\",\"@id\":\"https:\/\/hobierotikshop.com.tr\/website1\/erotik-shop-urun\/cift-bileklikli-gogus-ve-bel-harness-seti\/\",\"url\":\"https:\/\/hobierotikshop.com.tr\/website1\/erotik-shop-urun\/cift-bileklikli-gogus-ve-bel-harness-seti\/\",\"name\":\"\u00c7ift Bileklikli G\u00f6\u011f\u00fcs Ve Bel Harness Seti - Bursa Erotik Shop\",\"isPartOf\":{\"@id\":\"https:\/\/hobierotikshop.com.tr\/website1\/#website\"},\"primaryImageOfPage\":{\"@id\":\"https:\/\/hobierotikshop.com.tr\/website1\/erotik-shop-urun\/cift-bileklikli-gogus-ve-bel-harness-seti\/#primaryimage\"},\"image\":{\"@id\":\"https:\/\/hobierotikshop.com.tr\/website1\/erotik-shop-urun\/cift-bileklikli-gogus-ve-bel-harness-seti\/#primaryimage\"},\"thumbnailUrl\":\"https:\/\/haremerotikshop.com\/site\/wp-content\/uploads\/2025\/03\/cift-bileklikli-gogus-ve-bel-harness-seti-2891.jpg\",\"datePublished\":\"2025-03-17T09:51:45+00:00\",\"dateModified\":\"2026-01-26T12:15:59+00:00\",\"breadcrumb\":{\"@id\":\"https:\/\/hobierotikshop.com.tr\/website1\/erotik-shop-urun\/cift-bileklikli-gogus-ve-bel-harness-seti\/#breadcrumb\"},\"inLanguage\":\"tr\",\"potentialAction\":[{\"@type\":\"ReadAction\",\"target\":[\"https:\/\/hobierotikshop.com.tr\/website1\/erotik-shop-urun\/cift-bileklikli-gogus-ve-bel-harness-seti\/\"]}]},{\"@type\":\"ImageObject\",\"inLanguage\":\"tr\",\"@id\":\"https:\/\/hobierotikshop.com.tr\/website1\/erotik-shop-urun\/cift-bileklikli-gogus-ve-bel-harness-seti\/#primaryimage\",\"url\":\"https:\/\/haremerotikshop.com\/site\/wp-content\/uploads\/2025\/03\/cift-bileklikli-gogus-ve-bel-harness-seti-2891.jpg\",\"contentUrl\":\"https:\/\/haremerotikshop.com\/site\/wp-content\/uploads\/2025\/03\/cift-bileklikli-gogus-ve-bel-harness-seti-2891.jpg\",\"width\":1500,\"height\":1500},{\"@type\":\"BreadcrumbList\",\"@id\":\"https:\/\/hobierotikshop.com.tr\/website1\/erotik-shop-urun\/cift-bileklikli-gogus-ve-bel-harness-seti\/#breadcrumb\",\"itemListElement\":[{\"@type\":\"ListItem\",\"position\":1,\"name\":\"Anasayfa\",\"item\":\"https:\/\/hobierotikshop.com.tr\/website1\/\"},{\"@type\":\"ListItem\",\"position\":2,\"name\":\"Erotik Shop \u00dcr\u00fcnleri\",\"item\":\"https:\/\/hobierotikshop.com.tr\/website1\/shop\/\"},{\"@type\":\"ListItem\",\"position\":3,\"name\":\"\u00c7ift Bileklikli G\u00f6\u011f\u00fcs Ve Bel Harness Seti\"}]},{\"@type\":\"WebSite\",\"@id\":\"https:\/\/hobierotikshop.com.tr\/website1\/#website\",\"url\":\"https:\/\/hobierotikshop.com.tr\/website1\/\",\"name\":\"Bursa Erotik Shop\",\"description\":\"Bursa Erotik Shop ile g\u00fcvenli, gizli ve kaliteli yeti\u015fkin \u00fcr\u00fcnleri al\u0131\u015fveri\u015fi! Geni\u015f \u00fcr\u00fcn yelpazemizi ke\u015ffedin, hemen sipari\u015f verin\",\"publisher\":{\"@id\":\"https:\/\/hobierotikshop.com.tr\/website1\/#organization\"},\"alternateName\":\"Erotik Shop\",\"potentialAction\":[{\"@type\":\"SearchAction\",\"target\":{\"@type\":\"EntryPoint\",\"urlTemplate\":\"https:\/\/hobierotikshop.com.tr\/website1\/?s={search_term_string}\"},\"query-input\":{\"@type\":\"PropertyValueSpecification\",\"valueRequired\":true,\"valueName\":\"search_term_string\"}}],\"inLanguage\":\"tr\"},{\"@type\":\"Organization\",\"@id\":\"https:\/\/hobierotikshop.com.tr\/website1\/#organization\",\"name\":\"Harem Bursa Erotik Shop\",\"url\":\"https:\/\/hobierotikshop.com.tr\/website1\/\",\"logo\":{\"@type\":\"ImageObject\",\"inLanguage\":\"tr\",\"@id\":\"https:\/\/hobierotikshop.com.tr\/website1\/#\/schema\/logo\/image\/\",\"url\":\"https:\/\/haremerotikshop.com\/site\/wp-content\/uploads\/2025\/03\/haremsexshop.png\",\"contentUrl\":\"https:\/\/haremerotikshop.com\/site\/wp-content\/uploads\/2025\/03\/haremsexshop.png\",\"width\":400,\"height\":100,\"caption\":\"Harem Bursa Erotik Shop\"},\"image\":{\"@id\":\"https:\/\/hobierotikshop.com.tr\/website1\/#\/schema\/logo\/image\/\"},\"sameAs\":[\"https:\/\/x.com\/shopbursa\"],\"publishingPrinciples\":\"https:\/\/hobierotikshop.com.tr\/website1\/mesafeli-satis-sozlesmesi\/\",\"ownershipFundingInfo\":\"https:\/\/hobierotikshop.com.tr\/website1\/contact-us\/\",\"actionableFeedbackPolicy\":\"https:\/\/hobierotikshop.com.tr\/website1\/contact-us\/\",\"correctionsPolicy\":\"https:\/\/hobierotikshop.com.tr\/website1\/mesafeli-satis-sozlesmesi\/\"}]}<\/script>\n<meta property=\"product:brand\" content=\"Pembe Tilki\" \/>\n<meta property=\"product:price:amount\" content=\"1000.00\" \/>\n<meta property=\"product:price:currency\" content=\"TRY\" \/>\n<meta property=\"og:availability\" content=\"instock\" \/>\n<meta property=\"product:availability\" content=\"instock\" \/>\n<meta property=\"product:retailer_item_id\" content=\"PT-FFXG915BL\" \/>\n<meta property=\"product:condition\" content=\"new\" \/>\n<!-- \/ Yoast SEO Premium plugin. -->","yoast_head_json":{"title":"\u00c7ift Bileklikli G\u00f6\u011f\u00fcs Ve Bel Harness Seti - Bursa Erotik Shop","robots":{"index":"index","follow":"follow","max-snippet":"max-snippet:-1","max-image-preview":"max-image-preview:large","max-video-preview":"max-video-preview:-1"},"canonical":"https:\/\/hobierotikshop.com.tr\/website1\/erotik-shop-urun\/cift-bileklikli-gogus-ve-bel-harness-seti\/","og_locale":"tr_TR","og_type":"article","og_title":"\u00c7ift Bileklikli G\u00f6\u011f\u00fcs Ve Bel Harness Seti","og_description":"Zarif ve Cesur Siyah Deri Harness Seti, \u015f\u0131kl\u0131\u011f\u0131, zarafeti ve cesareti bir arada sunarak tarz\u0131n\u0131za g\u00fc\u00e7l\u00fc bir dokunu\u015f katar. Suni deri ve metal halkalar ile tasarlanm\u0131\u015f bu set, v\u00fccudu saran estetik bir tasar\u0131ma sahip olup, \u015f\u0131kl\u0131\u011f\u0131 ve konforu bir araya getirir. \u00c7ift bileklik ve \u00e7\u0131kar\u0131labilir zincirler detaylar\u0131, size hem zarif hem de cesur bir stil sunar.","og_url":"https:\/\/hobierotikshop.com.tr\/website1\/erotik-shop-urun\/cift-bileklikli-gogus-ve-bel-harness-seti\/","og_site_name":"Bursa Erotik Shop","article_modified_time":"2026-01-26T12:15:59+00:00","og_image":[{"width":1500,"height":1500,"url":"https:\/\/hobierotikshop.com.tr\/website1\/wp-content\/uploads\/2025\/03\/cift-bileklikli-gogus-ve-bel-harness-seti-2891.jpg","type":"image\/jpeg"}],"twitter_card":"summary_large_image","twitter_site":"@shopbursa","twitter_misc":{"Fiyat":"&#8378;1.000,00 KDV DAH\u0130L","Availability":"In stock"},"schema":{"@context":"https:\/\/schema.org","@graph":[{"@type":"WebPage","@id":"https:\/\/hobierotikshop.com.tr\/website1\/erotik-shop-urun\/cift-bileklikli-gogus-ve-bel-harness-seti\/","url":"https:\/\/hobierotikshop.com.tr\/website1\/erotik-shop-urun\/cift-bileklikli-gogus-ve-bel-harness-seti\/","name":"\u00c7ift Bileklikli G\u00f6\u011f\u00fcs Ve Bel Harness Seti - Bursa Erotik Shop","isPartOf":{"@id":"https:\/\/hobierotikshop.com.tr\/website1\/#website"},"primaryImageOfPage":{"@id":"https:\/\/hobierotikshop.com.tr\/website1\/erotik-shop-urun\/cift-bileklikli-gogus-ve-bel-harness-seti\/#primaryimage"},"image":{"@id":"https:\/\/hobierotikshop.com.tr\/website1\/erotik-shop-urun\/cift-bileklikli-gogus-ve-bel-harness-seti\/#primaryimage"},"thumbnailUrl":"https:\/\/haremerotikshop.com\/site\/wp-content\/uploads\/2025\/03\/cift-bileklikli-gogus-ve-bel-harness-seti-2891.jpg","datePublished":"2025-03-17T09:51:45+00:00","dateModified":"2026-01-26T12:15:59+00:00","breadcrumb":{"@id":"https:\/\/hobierotikshop.com.tr\/website1\/erotik-shop-urun\/cift-bileklikli-gogus-ve-bel-harness-seti\/#breadcrumb"},"inLanguage":"tr","potentialAction":[{"@type":"ReadAction","target":["https:\/\/hobierotikshop.com.tr\/website1\/erotik-shop-urun\/cift-bileklikli-gogus-ve-bel-harness-seti\/"]}]},{"@type":"ImageObject","inLanguage":"tr","@id":"https:\/\/hobierotikshop.com.tr\/website1\/erotik-shop-urun\/cift-bileklikli-gogus-ve-bel-harness-seti\/#primaryimage","url":"https:\/\/haremerotikshop.com\/site\/wp-content\/uploads\/2025\/03\/cift-bileklikli-gogus-ve-bel-harness-seti-2891.jpg","contentUrl":"https:\/\/haremerotikshop.com\/site\/wp-content\/uploads\/2025\/03\/cift-bileklikli-gogus-ve-bel-harness-seti-2891.jpg","width":1500,"height":1500},{"@type":"BreadcrumbList","@id":"https:\/\/hobierotikshop.com.tr\/website1\/erotik-shop-urun\/cift-bileklikli-gogus-ve-bel-harness-seti\/#breadcrumb","itemListElement":[{"@type":"ListItem","position":1,"name":"Anasayfa","item":"https:\/\/hobierotikshop.com.tr\/website1\/"},{"@type":"ListItem","position":2,"name":"Erotik Shop \u00dcr\u00fcnleri","item":"https:\/\/hobierotikshop.com.tr\/website1\/shop\/"},{"@type":"ListItem","position":3,"name":"\u00c7ift Bileklikli G\u00f6\u011f\u00fcs Ve Bel Harness Seti"}]},{"@type":"WebSite","@id":"https:\/\/hobierotikshop.com.tr\/website1\/#website","url":"https:\/\/hobierotikshop.com.tr\/website1\/","name":"Bursa Erotik Shop","description":"Bursa Erotik Shop ile g\u00fcvenli, gizli ve kaliteli yeti\u015fkin \u00fcr\u00fcnleri al\u0131\u015fveri\u015fi! Geni\u015f \u00fcr\u00fcn yelpazemizi ke\u015ffedin, hemen sipari\u015f verin","publisher":{"@id":"https:\/\/hobierotikshop.com.tr\/website1\/#organization"},"alternateName":"Erotik Shop","potentialAction":[{"@type":"SearchAction","target":{"@type":"EntryPoint","urlTemplate":"https:\/\/hobierotikshop.com.tr\/website1\/?s={search_term_string}"},"query-input":{"@type":"PropertyValueSpecification","valueRequired":true,"valueName":"search_term_string"}}],"inLanguage":"tr"},{"@type":"Organization","@id":"https:\/\/hobierotikshop.com.tr\/website1\/#organization","name":"Harem Bursa Erotik Shop","url":"https:\/\/hobierotikshop.com.tr\/website1\/","logo":{"@type":"ImageObject","inLanguage":"tr","@id":"https:\/\/hobierotikshop.com.tr\/website1\/#\/schema\/logo\/image\/","url":"https:\/\/haremerotikshop.com\/site\/wp-content\/uploads\/2025\/03\/haremsexshop.png","contentUrl":"https:\/\/haremerotikshop.com\/site\/wp-content\/uploads\/2025\/03\/haremsexshop.png","width":400,"height":100,"caption":"Harem Bursa Erotik Shop"},"image":{"@id":"https:\/\/hobierotikshop.com.tr\/website1\/#\/schema\/logo\/image\/"},"sameAs":["https:\/\/x.com\/shopbursa"],"publishingPrinciples":"https:\/\/hobierotikshop.com.tr\/website1\/mesafeli-satis-sozlesmesi\/","ownershipFundingInfo":"https:\/\/hobierotikshop.com.tr\/website1\/contact-us\/","actionableFeedbackPolicy":"https:\/\/hobierotikshop.com.tr\/website1\/contact-us\/","correctionsPolicy":"https:\/\/hobierotikshop.com.tr\/website1\/mesafeli-satis-sozlesmesi\/"}]},"product_brand":"Pembe Tilki","product_price_amount":"1000.00","product_price_currency":"TRY","og_availability":"instock","product_availability":"instock","product_retailer_item_id":"PT-FFXG915BL","product_condition":"new"},"_links":{"self":[{"href":"https:\/\/haremerotikshop.com\/site\/wp-json\/wp\/v2\/product\/20257","targetHints":{"allow":["GET"]}}],"collection":[{"href":"https:\/\/haremerotikshop.com\/site\/wp-json\/wp\/v2\/product"}],"about":[{"href":"https:\/\/haremerotikshop.com\/site\/wp-json\/wp\/v2\/types\/product"}],"replies":[{"embeddable":true,"href":"https:\/\/haremerotikshop.com\/site\/wp-json\/wp\/v2\/comments?post=20257"}],"version-history":[{"count":0,"href":"https:\/\/haremerotikshop.com\/site\/wp-json\/wp\/v2\/product\/20257\/revisions"}],"wp:featuredmedia":[{"embeddable":true,"href":"https:\/\/haremerotikshop.com\/site\/wp-json\/wp\/v2\/media\/20312"}],"wp:attachment":[{"href":"https:\/\/haremerotikshop.com\/site\/wp-json\/wp\/v2\/media?parent=20257"}],"wp:term":[{"taxonomy":"product_brand","embeddable":true,"href":"https:\/\/haremerotikshop.com\/site\/wp-json\/wp\/v2\/product_brand?post=20257"},{"taxonomy":"product_cat","embeddable":true,"href":"https:\/\/haremerotikshop.com\/site\/wp-json\/wp\/v2\/product_cat?post=20257"},{"taxonomy":"product_tag","embeddable":true,"href":"https:\/\/haremerotikshop.com\/site\/wp-json\/wp\/v2\/product_tag?post=20257"}],"curies":[{"name":"wp","href":"https:\/\/api.w.org\/{rel}","templated":true}]}}