{"id":20259,"date":"2025-03-17T12:51:45","date_gmt":"2025-03-17T09:51:45","guid":{"rendered":"https:\/\/haremerotikshop.com\/site\/?post_type=product&#038;p=20259"},"modified":"2026-01-26T15:16:40","modified_gmt":"2026-01-26T12:16:40","slug":"siyah-ayarlanabilir-bacak-ve-kalca-harness","status":"publish","type":"product","link":"https:\/\/haremerotikshop.com\/site\/erotik-shop-urun\/siyah-ayarlanabilir-bacak-ve-kalca-harness\/","title":{"rendered":"Siyah Ayarlanabilir Bacak Ve Kal\u00e7a Harness"},"content":{"rendered":"<p data-start=\"0\" data-end=\"45\"><strong data-start=\"0\" data-end=\"45\">Siyah Deri Harness \u2013 Cesur ve \u015e\u0131k Tasar\u0131m<\/strong><\/p>\n<p data-start=\"47\" data-end=\"528\"><strong data-start=\"47\" data-end=\"69\">Siyah Deri Harness<\/strong>, zarif ve cesur tasar\u0131m\u0131yla dikkat \u00e7eker, v\u00fccudu estetik bir \u015fekilde saran kay\u0131\u015flar ve ayarlanabilir tokalar sayesinde her bedene m\u00fckemmel uyum sa\u011flar. <strong data-start=\"222\" data-end=\"235\">Suni deri<\/strong> malzeme ile \u00fcretilmi\u015f olan bu harness, <strong data-start=\"275\" data-end=\"295\">metal detaylarla<\/strong> g\u00fc\u00e7lendirilmi\u015f olup, sadece \u015f\u0131kl\u0131\u011f\u0131yla de\u011fil, <strong data-start=\"342\" data-end=\"359\">dayan\u0131kl\u0131l\u0131\u011f\u0131<\/strong>yla da \u00f6ne \u00e7\u0131kar. Hem <strong data-start=\"381\" data-end=\"407\">g\u00fcnl\u00fck k\u0131yafetlerinize<\/strong> cesur bir dokunu\u015f katmak hem de <strong data-start=\"440\" data-end=\"460\">\u00f6zel anlar\u0131n\u0131zda<\/strong> dikkat \u00e7ekici bir g\u00f6r\u00fcn\u00fcm elde etmek i\u00e7in m\u00fckemmel bir aksesuard\u0131r.<\/p>\n<hr data-start=\"530\" data-end=\"533\" \/>\n<h3 data-start=\"535\" data-end=\"567\"><strong data-start=\"539\" data-end=\"567\">\ud83d\udd39 \u00d6ne \u00c7\u0131kan \u00d6zellikler:<\/strong><\/h3>\n<h4 data-start=\"569\" data-end=\"602\"><strong data-start=\"574\" data-end=\"602\">Y\u00fcksek Kaliteli Malzeme:<\/strong><\/h4>\n<ul data-start=\"603\" data-end=\"802\">\n<li data-start=\"603\" data-end=\"802\">Bu \u015f\u0131k harness, <strong data-start=\"621\" data-end=\"634\">suni deri<\/strong> malzeme ve <strong data-start=\"646\" data-end=\"664\">metal halkalar<\/strong> ile \u00fcretilmi\u015ftir. <strong data-start=\"683\" data-end=\"711\">Dayan\u0131kl\u0131 ve uzun \u00f6m\u00fcrl\u00fc<\/strong> malzemeler kullan\u0131larak tasarlanm\u0131\u015f olup, <strong data-start=\"754\" data-end=\"765\">g\u00fcvenli<\/strong> ve <strong data-start=\"769\" data-end=\"794\">konforlu bir kullan\u0131m<\/strong> sa\u011flar.<\/li>\n<\/ul>\n<h4 data-start=\"804\" data-end=\"835\"><strong data-start=\"809\" data-end=\"835\">Ayarlanabilir Tasar\u0131m:<\/strong><\/h4>\n<ul data-start=\"836\" data-end=\"1040\">\n<li data-start=\"836\" data-end=\"1040\"><strong data-start=\"838\" data-end=\"853\">Bel \u00e7evresi<\/strong> 75-100 cm ve <strong data-start=\"867\" data-end=\"884\">bacak \u00e7evresi<\/strong> 43-69 cm aras\u0131nda ayarlanabilir, b\u00f6ylece farkl\u0131 beden tiplerine <strong data-start=\"949\" data-end=\"966\">m\u00fckemmel uyum<\/strong> sa\u011flar. Bu tasar\u0131m, <strong data-start=\"987\" data-end=\"1011\">ki\u015fisel ihtiyac\u0131n\u0131za<\/strong> g\u00f6re <strong data-start=\"1017\" data-end=\"1039\">\u00f6zelle\u015ftirilebilir<\/strong>.<\/li>\n<\/ul>\n<h4 data-start=\"1042\" data-end=\"1076\"><strong data-start=\"1047\" data-end=\"1076\">Estetik ve G\u00fc\u00e7l\u00fc G\u00f6r\u00fcn\u00fcm:<\/strong><\/h4>\n<ul data-start=\"1077\" data-end=\"1305\">\n<li data-start=\"1077\" data-end=\"1305\">Kal\u00e7a ve bacak b\u00f6lgesini saran zarif kay\u0131\u015flar, <strong data-start=\"1126\" data-end=\"1153\">g\u00fc\u00e7l\u00fc ve cesur bir tarz<\/strong> yarat\u0131rken, <strong data-start=\"1166\" data-end=\"1184\">metal detaylar<\/strong> \u00fcr\u00fcne estetik bir dokunu\u015f kazand\u0131r\u0131r. <strong data-start=\"1223\" data-end=\"1232\">Gotik<\/strong>, <strong data-start=\"1234\" data-end=\"1242\">punk<\/strong> ve <strong data-start=\"1246\" data-end=\"1264\">fantezi temal\u0131<\/strong> kombinler i\u00e7in ideal bir tamamlay\u0131c\u0131d\u0131r.<\/li>\n<\/ul>\n<h4 data-start=\"1307\" data-end=\"1335\"><strong data-start=\"1312\" data-end=\"1335\">\u00c7ok Y\u00f6nl\u00fc Kullan\u0131m:<\/strong><\/h4>\n<ul data-start=\"1336\" data-end=\"1604\">\n<li data-start=\"1336\" data-end=\"1604\">Hem <strong data-start=\"1342\" data-end=\"1369\">g\u00fcnl\u00fck k\u0131yafetlerinizin<\/strong> \u00fczerine <strong data-start=\"1378\" data-end=\"1399\">cesur bir dokunu\u015f<\/strong> ekleyebilir, hem de <strong data-start=\"1420\" data-end=\"1448\">i\u00e7 giyimle kombinleyerek<\/strong> \u00f6zel anlar\u0131n\u0131zda <strong data-start=\"1466\" data-end=\"1483\">dikkat \u00e7ekici<\/strong> bir g\u00f6r\u00fcn\u00fcm elde edebilirsiniz. Bu tasar\u0131m, <strong data-start=\"1528\" data-end=\"1560\">farkl\u0131 stil ve etkinliklerde<\/strong> kullan\u0131labilecek \u00e7ok y\u00f6nl\u00fc bir aksesuard\u0131r.<\/li>\n<\/ul>\n<hr data-start=\"1606\" data-end=\"1609\" \/>\n<h3 data-start=\"1611\" data-end=\"1640\"><strong data-start=\"1615\" data-end=\"1640\">\ud83d\udd39 Kullan\u0131m Alanlar\u0131:<\/strong><\/h3>\n<ul data-start=\"1642\" data-end=\"2157\">\n<li data-start=\"1642\" data-end=\"1812\">\n<p data-start=\"1644\" data-end=\"1812\"><strong data-start=\"1644\" data-end=\"1688\">Gotik, Punk ve Fantezi Temal\u0131 Kombinler:<\/strong> Siyah deri harness, gotik ve punk tarzlar\u0131yla m\u00fckemmel uyum sa\u011flar. Ayr\u0131ca fantezi temal\u0131 etkinlikler i\u00e7in de <strong data-start=\"1799\" data-end=\"1811\">idialdir<\/strong>.<\/p>\n<\/li>\n<li data-start=\"1816\" data-end=\"1985\">\n<p data-start=\"1818\" data-end=\"1985\"><strong data-start=\"1818\" data-end=\"1863\">\u00d6zel Etkinlikler ve Sahne Performanslar\u0131:<\/strong> Bu tarz bir harness, sahne performanslar\u0131 veya \u00f6zel etkinliklerde <strong data-start=\"1930\" data-end=\"1949\">cesur bir ifade<\/strong> ve dikkat \u00e7ekici bir g\u00f6r\u00fcn\u00fcm sunar.<\/p>\n<\/li>\n<li data-start=\"1987\" data-end=\"2157\">\n<p data-start=\"1989\" data-end=\"2157\"><strong data-start=\"1989\" data-end=\"2014\">G\u00fcnl\u00fck Kullan\u0131m \u0130\u00e7in:<\/strong> Hem <strong data-start=\"2019\" data-end=\"2045\">g\u00fcnl\u00fck k\u0131yafetlerinize<\/strong> hem de <strong data-start=\"2053\" data-end=\"2072\">\u00f6zel anlar\u0131n\u0131za<\/strong> farkl\u0131 bir dokunu\u015f ekler. \u015e\u0131k ve cesur bir aksesuar olarak her durumda fark yarat\u0131r.<\/p>\n<\/li>\n<\/ul>\n<hr data-start=\"2159\" data-end=\"2162\" \/>\n<h3 data-start=\"2164\" data-end=\"2200\"><strong data-start=\"2168\" data-end=\"2200\">\ud83d\udd39 Neden Tercih Etmelisiniz?<\/strong><\/h3>\n<ul data-start=\"2202\" data-end=\"2834\">\n<li data-start=\"2202\" data-end=\"2361\"><strong data-start=\"2204\" data-end=\"2231\">G\u00fc\u00e7l\u00fc ve Zarif Tasar\u0131m:<\/strong> Siyah deri kay\u0131\u015flar ve metal detaylarla tasarlanm\u0131\u015f bu harness, hem <strong data-start=\"2300\" data-end=\"2309\">g\u00fc\u00e7l\u00fc<\/strong> hem de <strong data-start=\"2317\" data-end=\"2326\">zarif<\/strong> bir tarz yaratman\u0131za olanak tan\u0131r.<\/li>\n<li data-start=\"2362\" data-end=\"2511\"><strong data-start=\"2364\" data-end=\"2394\">Ayarlanabilir ve Konforlu:<\/strong> <strong data-start=\"2395\" data-end=\"2414\">Farkl\u0131 bedenler<\/strong> i\u00e7in uyum sa\u011flayabilen <strong data-start=\"2438\" data-end=\"2464\">ayarlanabilir kay\u0131\u015flar<\/strong> sayesinde rahat ve g\u00fcvenli bir kullan\u0131m sunar.<\/li>\n<li data-start=\"2512\" data-end=\"2651\"><strong data-start=\"2514\" data-end=\"2539\">Estetik ve Dayan\u0131kl\u0131:<\/strong> Y\u00fcksek kaliteli <strong data-start=\"2556\" data-end=\"2569\">suni deri<\/strong> ve <strong data-start=\"2573\" data-end=\"2591\">metal halkalar<\/strong>, hem estetik hem de <strong data-start=\"2612\" data-end=\"2625\">dayan\u0131kl\u0131<\/strong> bir \u00fcr\u00fcn olmas\u0131n\u0131 sa\u011flar.<\/li>\n<li data-start=\"2652\" data-end=\"2834\"><strong data-start=\"2654\" data-end=\"2677\">\u00c7ok Y\u00f6nl\u00fc Kullan\u0131m:<\/strong> Bu \u015f\u0131k harness, hem <strong data-start=\"2698\" data-end=\"2714\">g\u00fcnl\u00fck hayat<\/strong> hem de <strong data-start=\"2722\" data-end=\"2736\">\u00f6zel anlar<\/strong> i\u00e7in m\u00fckemmel bir aksesuard\u0131r. <strong data-start=\"2768\" data-end=\"2798\">Cesur, \u00f6zg\u00fcn ve etkileyici<\/strong> bir tarz yaratman\u0131za yard\u0131mc\u0131 olur.<\/li>\n<\/ul>\n<hr data-start=\"2836\" data-end=\"2839\" \/>\n<p data-start=\"2841\" data-end=\"3248\" data-is-last-node=\"\" data-is-only-node=\"\"><strong data-start=\"2841\" data-end=\"2863\">Siyah Deri Harness<\/strong>, g\u00fc\u00e7l\u00fc ve cesur tarz\u0131n\u0131z\u0131 <strong data-start=\"2890\" data-end=\"2904\">vurgulamak<\/strong> i\u00e7in tasarlanm\u0131\u015f, estetik bir <strong data-start=\"2935\" data-end=\"2947\">aksesuar<\/strong> olup her bedene uyum sa\u011flayan <strong data-start=\"2978\" data-end=\"2995\">ayarlanabilir<\/strong> yap\u0131s\u0131yla rahat kullan\u0131m sunar. Hem <strong data-start=\"3032\" data-end=\"3055\">g\u00fcnl\u00fck k\u0131yafetlerle<\/strong> hem de <strong data-start=\"3063\" data-end=\"3077\">\u00f6zel anlar<\/strong> i\u00e7in m\u00fckemmel bir tamamlay\u0131c\u0131d\u0131r. <strong data-start=\"3112\" data-end=\"3121\">Gotik<\/strong>, <strong data-start=\"3123\" data-end=\"3131\">punk<\/strong> ve <strong data-start=\"3135\" data-end=\"3153\">fantezi temal\u0131<\/strong> stiller i\u00e7in ideal bir se\u00e7enek olan bu set, tarz\u0131n\u0131z\u0131 <strong data-start=\"3208\" data-end=\"3219\">cesurca<\/strong> ifade etmenize olanak tan\u0131r.<\/p>\n","protected":false},"excerpt":{"rendered":"<p><strong data-start=\"47\" data-end=\"69\">Siyah Deri Harness<\/strong>, zarif ve cesur tasar\u0131m\u0131yla dikkat \u00e7eker, v\u00fccudu estetik bir \u015fekilde saran kay\u0131\u015flar ve ayarlanabilir tokalar sayesinde her bedene m\u00fckemmel uyum sa\u011flar. <strong data-start=\"222\" data-end=\"235\">Suni deri<\/strong> malzeme ile \u00fcretilmi\u015f olan bu harness, <strong data-start=\"275\" data-end=\"295\">metal detaylarla<\/strong> g\u00fc\u00e7lendirilmi\u015f olup, sadece \u015f\u0131kl\u0131\u011f\u0131yla de\u011fil, <strong data-start=\"342\" data-end=\"359\">dayan\u0131kl\u0131l\u0131\u011f\u0131<\/strong>yla da \u00f6ne \u00e7\u0131kar. Hem <strong data-start=\"381\" data-end=\"407\">g\u00fcnl\u00fck k\u0131yafetlerinize<\/strong> cesur bir dokunu\u015f katmak hem de <strong data-start=\"440\" data-end=\"460\">\u00f6zel anlar\u0131n\u0131zda<\/strong> dikkat \u00e7ekici bir g\u00f6r\u00fcn\u00fcm elde etmek i\u00e7in m\u00fckemmel bir aksesuard\u0131r.<\/p>\n","protected":false},"featured_media":20326,"comment_status":"open","ping_status":"closed","template":"","meta":[],"product_brand":[127],"product_cat":[99],"product_tag":[416],"class_list":{"0":"post-20259","1":"product","2":"type-product","3":"status-publish","4":"has-post-thumbnail","6":"product_brand-pembe-tilki","7":"product_cat-fantezi-fetis-urunu","8":"product_tag-siyah-ayarlanabilir-bacak-ve-kalca-harness","10":"first","11":"instock","12":"taxable","13":"shipping-taxable","14":"purchasable","15":"product-type-simple"},"yoast_head":"<!-- This site is optimized with the Yoast SEO Premium plugin v24.4 (Yoast SEO v27.1.1) - https:\/\/yoast.com\/product\/yoast-seo-premium-wordpress\/ -->\n<title>Siyah Ayarlanabilir Bacak Ve Kal\u00e7a Harness - Bursa Erotik Shop<\/title>\n<meta name=\"robots\" content=\"index, follow, max-snippet:-1, max-image-preview:large, max-video-preview:-1\" \/>\n<link rel=\"canonical\" href=\"https:\/\/hobierotikshop.com.tr\/website1\/erotik-shop-urun\/siyah-ayarlanabilir-bacak-ve-kalca-harness\/\" \/>\n<meta property=\"og:locale\" content=\"tr_TR\" \/>\n<meta property=\"og:type\" content=\"article\" \/>\n<meta property=\"og:title\" content=\"Siyah Ayarlanabilir Bacak Ve Kal\u00e7a Harness\" \/>\n<meta property=\"og:description\" content=\"Siyah Deri Harness, zarif ve cesur tasar\u0131m\u0131yla dikkat \u00e7eker, v\u00fccudu estetik bir \u015fekilde saran kay\u0131\u015flar ve ayarlanabilir tokalar sayesinde her bedene m\u00fckemmel uyum sa\u011flar. Suni deri malzeme ile \u00fcretilmi\u015f olan bu harness, metal detaylarla g\u00fc\u00e7lendirilmi\u015f olup, sadece \u015f\u0131kl\u0131\u011f\u0131yla de\u011fil, dayan\u0131kl\u0131l\u0131\u011f\u0131yla da \u00f6ne \u00e7\u0131kar. Hem g\u00fcnl\u00fck k\u0131yafetlerinize cesur bir dokunu\u015f katmak hem de \u00f6zel anlar\u0131n\u0131zda dikkat \u00e7ekici bir g\u00f6r\u00fcn\u00fcm elde etmek i\u00e7in m\u00fckemmel bir aksesuard\u0131r.\" \/>\n<meta property=\"og:url\" content=\"https:\/\/hobierotikshop.com.tr\/website1\/erotik-shop-urun\/siyah-ayarlanabilir-bacak-ve-kalca-harness\/\" \/>\n<meta property=\"og:site_name\" content=\"Bursa Erotik Shop\" \/>\n<meta property=\"article:modified_time\" content=\"2026-01-26T12:16:40+00:00\" \/>\n<meta property=\"og:image\" content=\"https:\/\/hobierotikshop.com.tr\/website1\/wp-content\/uploads\/2025\/03\/siyah-ayarlanabilir-bacak-ve-kalca-harness-2900.jpg\" \/>\n\t<meta property=\"og:image:width\" content=\"1500\" \/>\n\t<meta property=\"og:image:height\" content=\"1500\" \/>\n\t<meta property=\"og:image:type\" content=\"image\/jpeg\" \/>\n<meta name=\"twitter:card\" content=\"summary_large_image\" \/>\n<meta name=\"twitter:site\" content=\"@shopbursa\" \/>\n<meta name=\"twitter:label1\" content=\"Fiyat\" \/>\n\t<meta name=\"twitter:data1\" content=\"&#8378;800,00 KDV DAH\u0130L\" \/>\n\t<meta name=\"twitter:label2\" content=\"Availability\" \/>\n\t<meta name=\"twitter:data2\" content=\"In stock\" \/>\n<script type=\"application\/ld+json\" class=\"yoast-schema-graph\">{\"@context\":\"https:\/\/schema.org\",\"@graph\":[{\"@type\":\"WebPage\",\"@id\":\"https:\/\/hobierotikshop.com.tr\/website1\/erotik-shop-urun\/siyah-ayarlanabilir-bacak-ve-kalca-harness\/\",\"url\":\"https:\/\/hobierotikshop.com.tr\/website1\/erotik-shop-urun\/siyah-ayarlanabilir-bacak-ve-kalca-harness\/\",\"name\":\"Siyah Ayarlanabilir Bacak Ve Kal\u00e7a Harness - Bursa Erotik Shop\",\"isPartOf\":{\"@id\":\"https:\/\/hobierotikshop.com.tr\/website1\/#website\"},\"primaryImageOfPage\":{\"@id\":\"https:\/\/hobierotikshop.com.tr\/website1\/erotik-shop-urun\/siyah-ayarlanabilir-bacak-ve-kalca-harness\/#primaryimage\"},\"image\":{\"@id\":\"https:\/\/hobierotikshop.com.tr\/website1\/erotik-shop-urun\/siyah-ayarlanabilir-bacak-ve-kalca-harness\/#primaryimage\"},\"thumbnailUrl\":\"https:\/\/haremerotikshop.com\/site\/wp-content\/uploads\/2025\/03\/siyah-ayarlanabilir-bacak-ve-kalca-harness-2900.jpg\",\"datePublished\":\"2025-03-17T09:51:45+00:00\",\"dateModified\":\"2026-01-26T12:16:40+00:00\",\"breadcrumb\":{\"@id\":\"https:\/\/hobierotikshop.com.tr\/website1\/erotik-shop-urun\/siyah-ayarlanabilir-bacak-ve-kalca-harness\/#breadcrumb\"},\"inLanguage\":\"tr\",\"potentialAction\":[{\"@type\":\"ReadAction\",\"target\":[\"https:\/\/hobierotikshop.com.tr\/website1\/erotik-shop-urun\/siyah-ayarlanabilir-bacak-ve-kalca-harness\/\"]}]},{\"@type\":\"ImageObject\",\"inLanguage\":\"tr\",\"@id\":\"https:\/\/hobierotikshop.com.tr\/website1\/erotik-shop-urun\/siyah-ayarlanabilir-bacak-ve-kalca-harness\/#primaryimage\",\"url\":\"https:\/\/haremerotikshop.com\/site\/wp-content\/uploads\/2025\/03\/siyah-ayarlanabilir-bacak-ve-kalca-harness-2900.jpg\",\"contentUrl\":\"https:\/\/haremerotikshop.com\/site\/wp-content\/uploads\/2025\/03\/siyah-ayarlanabilir-bacak-ve-kalca-harness-2900.jpg\",\"width\":1500,\"height\":1500},{\"@type\":\"BreadcrumbList\",\"@id\":\"https:\/\/hobierotikshop.com.tr\/website1\/erotik-shop-urun\/siyah-ayarlanabilir-bacak-ve-kalca-harness\/#breadcrumb\",\"itemListElement\":[{\"@type\":\"ListItem\",\"position\":1,\"name\":\"Anasayfa\",\"item\":\"https:\/\/hobierotikshop.com.tr\/website1\/\"},{\"@type\":\"ListItem\",\"position\":2,\"name\":\"Erotik Shop \u00dcr\u00fcnleri\",\"item\":\"https:\/\/hobierotikshop.com.tr\/website1\/shop\/\"},{\"@type\":\"ListItem\",\"position\":3,\"name\":\"Siyah Ayarlanabilir Bacak Ve Kal\u00e7a Harness\"}]},{\"@type\":\"WebSite\",\"@id\":\"https:\/\/hobierotikshop.com.tr\/website1\/#website\",\"url\":\"https:\/\/hobierotikshop.com.tr\/website1\/\",\"name\":\"Bursa Erotik Shop\",\"description\":\"Bursa Erotik Shop ile g\u00fcvenli, gizli ve kaliteli yeti\u015fkin \u00fcr\u00fcnleri al\u0131\u015fveri\u015fi! Geni\u015f \u00fcr\u00fcn yelpazemizi ke\u015ffedin, hemen sipari\u015f verin\",\"publisher\":{\"@id\":\"https:\/\/hobierotikshop.com.tr\/website1\/#organization\"},\"alternateName\":\"Erotik Shop\",\"potentialAction\":[{\"@type\":\"SearchAction\",\"target\":{\"@type\":\"EntryPoint\",\"urlTemplate\":\"https:\/\/hobierotikshop.com.tr\/website1\/?s={search_term_string}\"},\"query-input\":{\"@type\":\"PropertyValueSpecification\",\"valueRequired\":true,\"valueName\":\"search_term_string\"}}],\"inLanguage\":\"tr\"},{\"@type\":\"Organization\",\"@id\":\"https:\/\/hobierotikshop.com.tr\/website1\/#organization\",\"name\":\"Harem Bursa Erotik Shop\",\"url\":\"https:\/\/hobierotikshop.com.tr\/website1\/\",\"logo\":{\"@type\":\"ImageObject\",\"inLanguage\":\"tr\",\"@id\":\"https:\/\/hobierotikshop.com.tr\/website1\/#\/schema\/logo\/image\/\",\"url\":\"https:\/\/haremerotikshop.com\/site\/wp-content\/uploads\/2025\/03\/haremsexshop.png\",\"contentUrl\":\"https:\/\/haremerotikshop.com\/site\/wp-content\/uploads\/2025\/03\/haremsexshop.png\",\"width\":400,\"height\":100,\"caption\":\"Harem Bursa Erotik Shop\"},\"image\":{\"@id\":\"https:\/\/hobierotikshop.com.tr\/website1\/#\/schema\/logo\/image\/\"},\"sameAs\":[\"https:\/\/x.com\/shopbursa\"],\"publishingPrinciples\":\"https:\/\/hobierotikshop.com.tr\/website1\/mesafeli-satis-sozlesmesi\/\",\"ownershipFundingInfo\":\"https:\/\/hobierotikshop.com.tr\/website1\/contact-us\/\",\"actionableFeedbackPolicy\":\"https:\/\/hobierotikshop.com.tr\/website1\/contact-us\/\",\"correctionsPolicy\":\"https:\/\/hobierotikshop.com.tr\/website1\/mesafeli-satis-sozlesmesi\/\"}]}<\/script>\n<meta property=\"product:brand\" content=\"Pembe Tilki\" \/>\n<meta property=\"product:price:amount\" content=\"800.00\" \/>\n<meta property=\"product:price:currency\" content=\"TRY\" \/>\n<meta property=\"og:availability\" content=\"instock\" \/>\n<meta property=\"product:availability\" content=\"instock\" \/>\n<meta property=\"product:retailer_item_id\" content=\"PT-FFXG924BL\" \/>\n<meta property=\"product:condition\" content=\"new\" \/>\n<!-- \/ Yoast SEO Premium plugin. -->","yoast_head_json":{"title":"Siyah Ayarlanabilir Bacak Ve Kal\u00e7a Harness - Bursa Erotik Shop","robots":{"index":"index","follow":"follow","max-snippet":"max-snippet:-1","max-image-preview":"max-image-preview:large","max-video-preview":"max-video-preview:-1"},"canonical":"https:\/\/hobierotikshop.com.tr\/website1\/erotik-shop-urun\/siyah-ayarlanabilir-bacak-ve-kalca-harness\/","og_locale":"tr_TR","og_type":"article","og_title":"Siyah Ayarlanabilir Bacak Ve Kal\u00e7a Harness","og_description":"Siyah Deri Harness, zarif ve cesur tasar\u0131m\u0131yla dikkat \u00e7eker, v\u00fccudu estetik bir \u015fekilde saran kay\u0131\u015flar ve ayarlanabilir tokalar sayesinde her bedene m\u00fckemmel uyum sa\u011flar. Suni deri malzeme ile \u00fcretilmi\u015f olan bu harness, metal detaylarla g\u00fc\u00e7lendirilmi\u015f olup, sadece \u015f\u0131kl\u0131\u011f\u0131yla de\u011fil, dayan\u0131kl\u0131l\u0131\u011f\u0131yla da \u00f6ne \u00e7\u0131kar. Hem g\u00fcnl\u00fck k\u0131yafetlerinize cesur bir dokunu\u015f katmak hem de \u00f6zel anlar\u0131n\u0131zda dikkat \u00e7ekici bir g\u00f6r\u00fcn\u00fcm elde etmek i\u00e7in m\u00fckemmel bir aksesuard\u0131r.","og_url":"https:\/\/hobierotikshop.com.tr\/website1\/erotik-shop-urun\/siyah-ayarlanabilir-bacak-ve-kalca-harness\/","og_site_name":"Bursa Erotik Shop","article_modified_time":"2026-01-26T12:16:40+00:00","og_image":[{"width":1500,"height":1500,"url":"https:\/\/hobierotikshop.com.tr\/website1\/wp-content\/uploads\/2025\/03\/siyah-ayarlanabilir-bacak-ve-kalca-harness-2900.jpg","type":"image\/jpeg"}],"twitter_card":"summary_large_image","twitter_site":"@shopbursa","twitter_misc":{"Fiyat":"&#8378;800,00 KDV DAH\u0130L","Availability":"In stock"},"schema":{"@context":"https:\/\/schema.org","@graph":[{"@type":"WebPage","@id":"https:\/\/hobierotikshop.com.tr\/website1\/erotik-shop-urun\/siyah-ayarlanabilir-bacak-ve-kalca-harness\/","url":"https:\/\/hobierotikshop.com.tr\/website1\/erotik-shop-urun\/siyah-ayarlanabilir-bacak-ve-kalca-harness\/","name":"Siyah Ayarlanabilir Bacak Ve Kal\u00e7a Harness - Bursa Erotik Shop","isPartOf":{"@id":"https:\/\/hobierotikshop.com.tr\/website1\/#website"},"primaryImageOfPage":{"@id":"https:\/\/hobierotikshop.com.tr\/website1\/erotik-shop-urun\/siyah-ayarlanabilir-bacak-ve-kalca-harness\/#primaryimage"},"image":{"@id":"https:\/\/hobierotikshop.com.tr\/website1\/erotik-shop-urun\/siyah-ayarlanabilir-bacak-ve-kalca-harness\/#primaryimage"},"thumbnailUrl":"https:\/\/haremerotikshop.com\/site\/wp-content\/uploads\/2025\/03\/siyah-ayarlanabilir-bacak-ve-kalca-harness-2900.jpg","datePublished":"2025-03-17T09:51:45+00:00","dateModified":"2026-01-26T12:16:40+00:00","breadcrumb":{"@id":"https:\/\/hobierotikshop.com.tr\/website1\/erotik-shop-urun\/siyah-ayarlanabilir-bacak-ve-kalca-harness\/#breadcrumb"},"inLanguage":"tr","potentialAction":[{"@type":"ReadAction","target":["https:\/\/hobierotikshop.com.tr\/website1\/erotik-shop-urun\/siyah-ayarlanabilir-bacak-ve-kalca-harness\/"]}]},{"@type":"ImageObject","inLanguage":"tr","@id":"https:\/\/hobierotikshop.com.tr\/website1\/erotik-shop-urun\/siyah-ayarlanabilir-bacak-ve-kalca-harness\/#primaryimage","url":"https:\/\/haremerotikshop.com\/site\/wp-content\/uploads\/2025\/03\/siyah-ayarlanabilir-bacak-ve-kalca-harness-2900.jpg","contentUrl":"https:\/\/haremerotikshop.com\/site\/wp-content\/uploads\/2025\/03\/siyah-ayarlanabilir-bacak-ve-kalca-harness-2900.jpg","width":1500,"height":1500},{"@type":"BreadcrumbList","@id":"https:\/\/hobierotikshop.com.tr\/website1\/erotik-shop-urun\/siyah-ayarlanabilir-bacak-ve-kalca-harness\/#breadcrumb","itemListElement":[{"@type":"ListItem","position":1,"name":"Anasayfa","item":"https:\/\/hobierotikshop.com.tr\/website1\/"},{"@type":"ListItem","position":2,"name":"Erotik Shop \u00dcr\u00fcnleri","item":"https:\/\/hobierotikshop.com.tr\/website1\/shop\/"},{"@type":"ListItem","position":3,"name":"Siyah Ayarlanabilir Bacak Ve Kal\u00e7a Harness"}]},{"@type":"WebSite","@id":"https:\/\/hobierotikshop.com.tr\/website1\/#website","url":"https:\/\/hobierotikshop.com.tr\/website1\/","name":"Bursa Erotik Shop","description":"Bursa Erotik Shop ile g\u00fcvenli, gizli ve kaliteli yeti\u015fkin \u00fcr\u00fcnleri al\u0131\u015fveri\u015fi! Geni\u015f \u00fcr\u00fcn yelpazemizi ke\u015ffedin, hemen sipari\u015f verin","publisher":{"@id":"https:\/\/hobierotikshop.com.tr\/website1\/#organization"},"alternateName":"Erotik Shop","potentialAction":[{"@type":"SearchAction","target":{"@type":"EntryPoint","urlTemplate":"https:\/\/hobierotikshop.com.tr\/website1\/?s={search_term_string}"},"query-input":{"@type":"PropertyValueSpecification","valueRequired":true,"valueName":"search_term_string"}}],"inLanguage":"tr"},{"@type":"Organization","@id":"https:\/\/hobierotikshop.com.tr\/website1\/#organization","name":"Harem Bursa Erotik Shop","url":"https:\/\/hobierotikshop.com.tr\/website1\/","logo":{"@type":"ImageObject","inLanguage":"tr","@id":"https:\/\/hobierotikshop.com.tr\/website1\/#\/schema\/logo\/image\/","url":"https:\/\/haremerotikshop.com\/site\/wp-content\/uploads\/2025\/03\/haremsexshop.png","contentUrl":"https:\/\/haremerotikshop.com\/site\/wp-content\/uploads\/2025\/03\/haremsexshop.png","width":400,"height":100,"caption":"Harem Bursa Erotik Shop"},"image":{"@id":"https:\/\/hobierotikshop.com.tr\/website1\/#\/schema\/logo\/image\/"},"sameAs":["https:\/\/x.com\/shopbursa"],"publishingPrinciples":"https:\/\/hobierotikshop.com.tr\/website1\/mesafeli-satis-sozlesmesi\/","ownershipFundingInfo":"https:\/\/hobierotikshop.com.tr\/website1\/contact-us\/","actionableFeedbackPolicy":"https:\/\/hobierotikshop.com.tr\/website1\/contact-us\/","correctionsPolicy":"https:\/\/hobierotikshop.com.tr\/website1\/mesafeli-satis-sozlesmesi\/"}]},"product_brand":"Pembe Tilki","product_price_amount":"800.00","product_price_currency":"TRY","og_availability":"instock","product_availability":"instock","product_retailer_item_id":"PT-FFXG924BL","product_condition":"new"},"_links":{"self":[{"href":"https:\/\/haremerotikshop.com\/site\/wp-json\/wp\/v2\/product\/20259","targetHints":{"allow":["GET"]}}],"collection":[{"href":"https:\/\/haremerotikshop.com\/site\/wp-json\/wp\/v2\/product"}],"about":[{"href":"https:\/\/haremerotikshop.com\/site\/wp-json\/wp\/v2\/types\/product"}],"replies":[{"embeddable":true,"href":"https:\/\/haremerotikshop.com\/site\/wp-json\/wp\/v2\/comments?post=20259"}],"version-history":[{"count":0,"href":"https:\/\/haremerotikshop.com\/site\/wp-json\/wp\/v2\/product\/20259\/revisions"}],"wp:featuredmedia":[{"embeddable":true,"href":"https:\/\/haremerotikshop.com\/site\/wp-json\/wp\/v2\/media\/20326"}],"wp:attachment":[{"href":"https:\/\/haremerotikshop.com\/site\/wp-json\/wp\/v2\/media?parent=20259"}],"wp:term":[{"taxonomy":"product_brand","embeddable":true,"href":"https:\/\/haremerotikshop.com\/site\/wp-json\/wp\/v2\/product_brand?post=20259"},{"taxonomy":"product_cat","embeddable":true,"href":"https:\/\/haremerotikshop.com\/site\/wp-json\/wp\/v2\/product_cat?post=20259"},{"taxonomy":"product_tag","embeddable":true,"href":"https:\/\/haremerotikshop.com\/site\/wp-json\/wp\/v2\/product_tag?post=20259"}],"curies":[{"name":"wp","href":"https:\/\/api.w.org\/{rel}","templated":true}]}}