{"id":20260,"date":"2025-03-17T12:51:45","date_gmt":"2025-03-17T09:51:45","guid":{"rendered":"https:\/\/haremerotikshop.com\/site\/?post_type=product&#038;p=20260"},"modified":"2026-01-09T03:08:54","modified_gmt":"2026-01-09T00:08:54","slug":"siyah-deri-kol-ve-el-baglama-harness-seti","status":"publish","type":"product","link":"https:\/\/haremerotikshop.com\/site\/erotik-shop-urun\/siyah-deri-kol-ve-el-baglama-harness-seti\/","title":{"rendered":"Siyah Deri Kol Ve El Ba\u011flama Harness Seti"},"content":{"rendered":"<p data-start=\"0\" data-end=\"71\"><strong data-start=\"0\" data-end=\"71\">Siyah Deri Kol ve El Ba\u011flama Harness Seti \u2013 Zarif ve Cesur Bir Stil<\/strong><\/p>\n<p data-start=\"73\" data-end=\"524\"><strong data-start=\"73\" data-end=\"118\">Siyah Deri Kol ve El Ba\u011flama Harness Seti<\/strong>, \u015f\u0131kl\u0131\u011f\u0131, zarafeti ve dayan\u0131kl\u0131l\u0131\u011f\u0131 bir araya getirerek estetik bir g\u00f6r\u00fcn\u00fcm sunar. <strong data-start=\"202\" data-end=\"231\">Y\u00fcksek kaliteli suni deri<\/strong> ve <strong data-start=\"235\" data-end=\"252\">metal tokalar<\/strong> ile tasarlanm\u0131\u015f bu set, hem estetik hem de i\u015flevsel a\u00e7\u0131dan m\u00fckemmel bir uyum sa\u011flar. Ayarlanabilir kay\u0131\u015flar\u0131 sayesinde v\u00fccudu sarar ve her bedene m\u00fckemmel \u015fekilde uyum sa\u011flar. Zarif tasar\u0131m\u0131, \u00f6zel g\u00fcnler, fantezi geceleri ve sahne performanslar\u0131 i\u00e7in ideal bir tercihtir.<\/p>\n<hr data-start=\"526\" data-end=\"529\" \/>\n<h3 data-start=\"531\" data-end=\"563\"><strong data-start=\"535\" data-end=\"563\">\ud83d\udd39 \u00d6ne \u00c7\u0131kan \u00d6zellikler:<\/strong><\/h3>\n<h4 data-start=\"565\" data-end=\"598\"><strong data-start=\"570\" data-end=\"598\">Y\u00fcksek Kaliteli Malzeme:<\/strong><\/h4>\n<ul data-start=\"599\" data-end=\"760\">\n<li data-start=\"599\" data-end=\"760\"><strong data-start=\"601\" data-end=\"614\">Suni deri<\/strong> ve <strong data-start=\"618\" data-end=\"635\">metal tokalar<\/strong> ile \u00fcretilen bu harness seti, dayan\u0131kl\u0131l\u0131\u011f\u0131 ve \u015f\u0131kl\u0131\u011f\u0131 bir araya getirir. Hem uzun \u00f6m\u00fcrl\u00fc hem de g\u00fcvenli bir kullan\u0131m sunar.<\/li>\n<\/ul>\n<h4 data-start=\"762\" data-end=\"794\"><strong data-start=\"767\" data-end=\"794\">Ayarlanabilir Boyutlar:<\/strong><\/h4>\n<ul data-start=\"795\" data-end=\"1008\">\n<li data-start=\"795\" data-end=\"1008\"><strong data-start=\"797\" data-end=\"823\">Kol ve bilek kay\u0131\u015flar\u0131<\/strong>, <strong data-start=\"825\" data-end=\"837\">18-30 cm<\/strong> aras\u0131nda ayarlanabilir, bu da farkl\u0131 v\u00fccut tiplerine uyum sa\u011flar. <strong data-start=\"904\" data-end=\"921\">G\u00f6\u011f\u00fcs \u00e7evresi<\/strong> de <strong data-start=\"925\" data-end=\"937\">42-54 cm<\/strong> aras\u0131nda ayarlanabilir, kullan\u0131c\u0131ya \u00f6zelle\u015ftirilebilir bir yap\u0131 sunar.<\/li>\n<\/ul>\n<h4 data-start=\"1010\" data-end=\"1040\"><strong data-start=\"1015\" data-end=\"1040\">Zarif Metal Detaylar:<\/strong><\/h4>\n<ul data-start=\"1041\" data-end=\"1209\">\n<li data-start=\"1041\" data-end=\"1209\">\u015e\u0131k <strong data-start=\"1047\" data-end=\"1061\">siyah deri<\/strong> yap\u0131s\u0131, zarif <strong data-start=\"1076\" data-end=\"1095\">metal tokalarla<\/strong> tamamlanarak, \u00fcr\u00fcne g\u00fc\u00e7l\u00fc ve sofistike bir g\u00f6r\u00fcn\u00fcm kazand\u0131r\u0131r. Metal detaylar, tarz\u0131n\u0131za cesur bir dokunu\u015f ekler.<\/li>\n<\/ul>\n<h4 data-start=\"1211\" data-end=\"1239\"><strong data-start=\"1216\" data-end=\"1239\">\u00c7ok Y\u00f6nl\u00fc Kullan\u0131m:<\/strong><\/h4>\n<ul data-start=\"1240\" data-end=\"1486\">\n<li data-start=\"1240\" data-end=\"1486\">Bu set, <strong data-start=\"1250\" data-end=\"1267\">fantezi giyim<\/strong> ve <strong data-start=\"1271\" data-end=\"1284\">rol yapma<\/strong> etkinliklerinde kullan\u0131labilece\u011fi gibi, <strong data-start=\"1325\" data-end=\"1345\">g\u00fcnl\u00fck kombinler<\/strong> veya <strong data-start=\"1351\" data-end=\"1365\">\u00f6zel anlar<\/strong> i\u00e7in de m\u00fckemmel bir aksesuard\u0131r. <strong data-start=\"1400\" data-end=\"1428\">\u015e\u0131k bir i\u00e7 giyim par\u00e7as\u0131<\/strong> olarak ya da k\u0131yafetlerin \u00fczerine de rahat\u00e7a giyilebilir.<\/li>\n<\/ul>\n<hr data-start=\"1488\" data-end=\"1491\" \/>\n<h3 data-start=\"1493\" data-end=\"1522\"><strong data-start=\"1497\" data-end=\"1522\">\ud83d\udd39 Kullan\u0131m Alanlar\u0131:<\/strong><\/h3>\n<ul data-start=\"1524\" data-end=\"2025\">\n<li data-start=\"1524\" data-end=\"1690\"><strong data-start=\"1526\" data-end=\"1555\">Fantezi Giyim ve Cosplay:<\/strong> <strong data-start=\"1556\" data-end=\"1573\">Fantezi giyim<\/strong> koleksiyonlar\u0131n\u0131za m\u00fckemmel bir aksesuar ekler. <strong data-start=\"1622\" data-end=\"1633\">Cosplay<\/strong> etkinlikleri ve \u00f6zel sahne performanslar\u0131 i\u00e7in idealdir.<\/li>\n<li data-start=\"1691\" data-end=\"1867\"><strong data-start=\"1693\" data-end=\"1714\">\u00d6zel Etkinlikler:<\/strong> <strong data-start=\"1715\" data-end=\"1740\">\u015e\u0131k ve cesur bir stil<\/strong> yaratmak isteyenler i\u00e7in m\u00fckemmel bir tercihtir. Hem seksi hem de zarif bir g\u00f6r\u00fcn\u00fcm elde etmek isteyenler i\u00e7in vazge\u00e7ilmezdir.<\/li>\n<li data-start=\"1868\" data-end=\"2025\"><strong data-start=\"1870\" data-end=\"1891\">G\u00fcnl\u00fck Kombinler:<\/strong> \u015e\u0131k bir <strong data-start=\"1900\" data-end=\"1912\">i\u00e7 giyim<\/strong> veya <strong data-start=\"1918\" data-end=\"1931\">d\u0131\u015f giyim<\/strong> par\u00e7as\u0131 olarak da rahat\u00e7a kullan\u0131labilir, g\u00fcnl\u00fck tarz\u0131n\u0131za <strong data-start=\"1991\" data-end=\"2013\">farkl\u0131 bir dokunu\u015f<\/strong> katacakt\u0131r.<\/li>\n<\/ul>\n<hr data-start=\"2027\" data-end=\"2030\" \/>\n<h3 data-start=\"2032\" data-end=\"2068\"><strong data-start=\"2036\" data-end=\"2068\">\ud83d\udd39 Neden Tercih Etmelisiniz?<\/strong><\/h3>\n<ul data-start=\"2070\" data-end=\"2700\">\n<li data-start=\"2070\" data-end=\"2210\"><strong data-start=\"2072\" data-end=\"2099\">Zarif ve G\u00fc\u00e7l\u00fc G\u00f6r\u00fcn\u00fcm:<\/strong> <strong data-start=\"2100\" data-end=\"2117\">Metal tokalar<\/strong> ve <strong data-start=\"2121\" data-end=\"2135\">siyah deri<\/strong> tasar\u0131m\u0131, v\u00fccuda zarif bir \u015fekilde oturur ve <strong data-start=\"2181\" data-end=\"2202\">cesur bir g\u00f6r\u00fcn\u00fcm<\/strong> sa\u011flar.<\/li>\n<li data-start=\"2211\" data-end=\"2375\"><strong data-start=\"2213\" data-end=\"2236\">Ayarlanabilir Yap\u0131:<\/strong> <strong data-start=\"2237\" data-end=\"2263\">Ayarlanabilir kay\u0131\u015flar<\/strong>, her bedene uyum sa\u011flayacak \u015fekilde tasarlanm\u0131\u015ft\u0131r. Hem rahat hem de <strong data-start=\"2333\" data-end=\"2368\">\u00f6zelle\u015ftirilebilir bir kullan\u0131m<\/strong> sunar.<\/li>\n<li data-start=\"2376\" data-end=\"2547\"><strong data-start=\"2378\" data-end=\"2401\">\u00c7ok Y\u00f6nl\u00fc Kullan\u0131m:<\/strong> <strong data-start=\"2402\" data-end=\"2452\">Fantezi giyim, \u00f6zel etkinlikler ve g\u00fcnl\u00fck stil<\/strong> i\u00e7in m\u00fckemmel bir aksesuard\u0131r. Hem \u015f\u0131k hem de dikkat \u00e7ekici bir tarz yaratman\u0131za olanak tan\u0131r.<\/li>\n<li data-start=\"2548\" data-end=\"2700\"><strong data-start=\"2550\" data-end=\"2579\">Dayan\u0131kl\u0131 ve Uzun \u00d6m\u00fcrl\u00fc:<\/strong> <strong data-start=\"2580\" data-end=\"2593\">Suni deri<\/strong> malzeme, uzun s\u00fcreli kullan\u0131m i\u00e7in uygundur ve dayan\u0131kl\u0131 yap\u0131s\u0131 sayesinde y\u0131llarca g\u00fcvenle kullan\u0131labilir.<\/li>\n<\/ul>\n<hr data-start=\"2702\" data-end=\"2705\" \/>\n<p data-start=\"2707\" data-end=\"3148\" data-is-last-node=\"\" data-is-only-node=\"\"><strong data-start=\"2707\" data-end=\"2752\">Siyah Deri Kol ve El Ba\u011flama Harness Seti<\/strong>, <strong data-start=\"2754\" data-end=\"2778\">zarif metal detaylar<\/strong> ve <strong data-start=\"2782\" data-end=\"2811\">y\u00fcksek kaliteli suni deri<\/strong> ile estetik bir g\u00f6r\u00fcn\u00fcm sunar. <strong data-start=\"2843\" data-end=\"2870\">Ayarlanabilir kay\u0131\u015flar\u0131<\/strong> sayesinde her bedene uyum sa\u011flar ve \u015f\u0131k tasar\u0131m\u0131 ile \u00f6zel anlar\u0131n\u0131zda cesur bir tarz olu\u015fturman\u0131za olanak tan\u0131r. <strong data-start=\"2984\" data-end=\"3001\">Fantezi giyim<\/strong>, <strong data-start=\"3003\" data-end=\"3027\">cosplay etkinlikleri<\/strong>, <strong data-start=\"3029\" data-end=\"3044\">g\u00fcnl\u00fck stil<\/strong> veya <strong data-start=\"3050\" data-end=\"3066\">\u00f6zel geceler<\/strong> i\u00e7in m\u00fckemmel bir aksesuar olan bu set, <strong data-start=\"3107\" data-end=\"3131\">zarafeti ve cesareti<\/strong> bir arada sunar.<\/p>\n","protected":false},"excerpt":{"rendered":"<p><strong data-start=\"73\" data-end=\"118\">Siyah Deri Kol ve El Ba\u011flama Harness Seti<\/strong>, \u015f\u0131kl\u0131\u011f\u0131, zarafeti ve dayan\u0131kl\u0131l\u0131\u011f\u0131 bir araya getirerek estetik bir g\u00f6r\u00fcn\u00fcm sunar. <strong data-start=\"202\" data-end=\"231\">Y\u00fcksek kaliteli suni deri<\/strong> ve <strong data-start=\"235\" data-end=\"252\">metal tokalar<\/strong> ile tasarlanm\u0131\u015f bu set, hem estetik hem de i\u015flevsel a\u00e7\u0131dan m\u00fckemmel bir uyum sa\u011flar. Ayarlanabilir kay\u0131\u015flar\u0131 sayesinde v\u00fccudu sarar ve her bedene m\u00fckemmel \u015fekilde uyum sa\u011flar. Zarif tasar\u0131m\u0131, \u00f6zel g\u00fcnler, fantezi geceleri ve sahne performanslar\u0131 i\u00e7in ideal bir tercihtir.<\/p>\n","protected":false},"featured_media":20332,"comment_status":"open","ping_status":"closed","template":"","meta":[],"product_brand":[127],"product_cat":[100],"product_tag":[417],"class_list":{"0":"post-20260","1":"product","2":"type-product","3":"status-publish","4":"has-post-thumbnail","6":"product_brand-pembe-tilki","7":"product_cat-fantezi-fetis","8":"product_tag-siyah-deri-kol-ve-el-baglama-harness-seti","10":"first","11":"instock","12":"taxable","13":"shipping-taxable","14":"purchasable","15":"product-type-simple"},"yoast_head":"<!-- This site is optimized with the Yoast SEO Premium plugin v24.4 (Yoast SEO v27.1.1) - https:\/\/yoast.com\/product\/yoast-seo-premium-wordpress\/ -->\n<title>Siyah Deri Kol Ve El Ba\u011flama Harness Seti - Bursa Erotik Shop<\/title>\n<meta name=\"robots\" content=\"index, follow, max-snippet:-1, max-image-preview:large, max-video-preview:-1\" \/>\n<link rel=\"canonical\" href=\"https:\/\/hobierotikshop.com.tr\/website1\/erotik-shop-urun\/siyah-deri-kol-ve-el-baglama-harness-seti\/\" \/>\n<meta property=\"og:locale\" content=\"tr_TR\" \/>\n<meta property=\"og:type\" content=\"article\" \/>\n<meta property=\"og:title\" content=\"Siyah Deri Kol Ve El Ba\u011flama Harness Seti\" \/>\n<meta property=\"og:description\" content=\"Siyah Deri Kol ve El Ba\u011flama Harness Seti, \u015f\u0131kl\u0131\u011f\u0131, zarafeti ve dayan\u0131kl\u0131l\u0131\u011f\u0131 bir araya getirerek estetik bir g\u00f6r\u00fcn\u00fcm sunar. Y\u00fcksek kaliteli suni deri ve metal tokalar ile tasarlanm\u0131\u015f bu set, hem estetik hem de i\u015flevsel a\u00e7\u0131dan m\u00fckemmel bir uyum sa\u011flar. Ayarlanabilir kay\u0131\u015flar\u0131 sayesinde v\u00fccudu sarar ve her bedene m\u00fckemmel \u015fekilde uyum sa\u011flar. Zarif tasar\u0131m\u0131, \u00f6zel g\u00fcnler, fantezi geceleri ve sahne performanslar\u0131 i\u00e7in ideal bir tercihtir.\" \/>\n<meta property=\"og:url\" content=\"https:\/\/hobierotikshop.com.tr\/website1\/erotik-shop-urun\/siyah-deri-kol-ve-el-baglama-harness-seti\/\" \/>\n<meta property=\"og:site_name\" content=\"Bursa Erotik Shop\" \/>\n<meta property=\"article:modified_time\" content=\"2026-01-09T00:08:54+00:00\" \/>\n<meta property=\"og:image\" content=\"https:\/\/hobierotikshop.com.tr\/website1\/wp-content\/uploads\/2025\/03\/siyah-deri-kol-ve-el-baglama-harness-seti-2915.jpg\" \/>\n\t<meta property=\"og:image:width\" content=\"1500\" \/>\n\t<meta property=\"og:image:height\" content=\"1500\" \/>\n\t<meta property=\"og:image:type\" content=\"image\/jpeg\" \/>\n<meta name=\"twitter:card\" content=\"summary_large_image\" \/>\n<meta name=\"twitter:site\" content=\"@shopbursa\" \/>\n<meta name=\"twitter:label1\" content=\"Fiyat\" \/>\n\t<meta name=\"twitter:data1\" content=\"&#8378;810,00 KDV DAH\u0130L\" \/>\n\t<meta name=\"twitter:label2\" content=\"Availability\" \/>\n\t<meta name=\"twitter:data2\" content=\"In stock\" \/>\n<script type=\"application\/ld+json\" class=\"yoast-schema-graph\">{\"@context\":\"https:\/\/schema.org\",\"@graph\":[{\"@type\":\"WebPage\",\"@id\":\"https:\/\/hobierotikshop.com.tr\/website1\/erotik-shop-urun\/siyah-deri-kol-ve-el-baglama-harness-seti\/\",\"url\":\"https:\/\/hobierotikshop.com.tr\/website1\/erotik-shop-urun\/siyah-deri-kol-ve-el-baglama-harness-seti\/\",\"name\":\"Siyah Deri Kol Ve El Ba\u011flama Harness Seti - Bursa Erotik Shop\",\"isPartOf\":{\"@id\":\"https:\/\/hobierotikshop.com.tr\/website1\/#website\"},\"primaryImageOfPage\":{\"@id\":\"https:\/\/hobierotikshop.com.tr\/website1\/erotik-shop-urun\/siyah-deri-kol-ve-el-baglama-harness-seti\/#primaryimage\"},\"image\":{\"@id\":\"https:\/\/hobierotikshop.com.tr\/website1\/erotik-shop-urun\/siyah-deri-kol-ve-el-baglama-harness-seti\/#primaryimage\"},\"thumbnailUrl\":\"https:\/\/haremerotikshop.com\/site\/wp-content\/uploads\/2025\/03\/siyah-deri-kol-ve-el-baglama-harness-seti-2915.jpg\",\"datePublished\":\"2025-03-17T09:51:45+00:00\",\"dateModified\":\"2026-01-09T00:08:54+00:00\",\"breadcrumb\":{\"@id\":\"https:\/\/hobierotikshop.com.tr\/website1\/erotik-shop-urun\/siyah-deri-kol-ve-el-baglama-harness-seti\/#breadcrumb\"},\"inLanguage\":\"tr\",\"potentialAction\":[{\"@type\":\"ReadAction\",\"target\":[\"https:\/\/hobierotikshop.com.tr\/website1\/erotik-shop-urun\/siyah-deri-kol-ve-el-baglama-harness-seti\/\"]}]},{\"@type\":\"ImageObject\",\"inLanguage\":\"tr\",\"@id\":\"https:\/\/hobierotikshop.com.tr\/website1\/erotik-shop-urun\/siyah-deri-kol-ve-el-baglama-harness-seti\/#primaryimage\",\"url\":\"https:\/\/haremerotikshop.com\/site\/wp-content\/uploads\/2025\/03\/siyah-deri-kol-ve-el-baglama-harness-seti-2915.jpg\",\"contentUrl\":\"https:\/\/haremerotikshop.com\/site\/wp-content\/uploads\/2025\/03\/siyah-deri-kol-ve-el-baglama-harness-seti-2915.jpg\",\"width\":1500,\"height\":1500},{\"@type\":\"BreadcrumbList\",\"@id\":\"https:\/\/hobierotikshop.com.tr\/website1\/erotik-shop-urun\/siyah-deri-kol-ve-el-baglama-harness-seti\/#breadcrumb\",\"itemListElement\":[{\"@type\":\"ListItem\",\"position\":1,\"name\":\"Anasayfa\",\"item\":\"https:\/\/hobierotikshop.com.tr\/website1\/\"},{\"@type\":\"ListItem\",\"position\":2,\"name\":\"Erotik Shop \u00dcr\u00fcnleri\",\"item\":\"https:\/\/hobierotikshop.com.tr\/website1\/shop\/\"},{\"@type\":\"ListItem\",\"position\":3,\"name\":\"Siyah Deri Kol Ve El Ba\u011flama Harness Seti\"}]},{\"@type\":\"WebSite\",\"@id\":\"https:\/\/hobierotikshop.com.tr\/website1\/#website\",\"url\":\"https:\/\/hobierotikshop.com.tr\/website1\/\",\"name\":\"Bursa Erotik Shop\",\"description\":\"Bursa Erotik Shop ile g\u00fcvenli, gizli ve kaliteli yeti\u015fkin \u00fcr\u00fcnleri al\u0131\u015fveri\u015fi! Geni\u015f \u00fcr\u00fcn yelpazemizi ke\u015ffedin, hemen sipari\u015f verin\",\"publisher\":{\"@id\":\"https:\/\/hobierotikshop.com.tr\/website1\/#organization\"},\"alternateName\":\"Erotik Shop\",\"potentialAction\":[{\"@type\":\"SearchAction\",\"target\":{\"@type\":\"EntryPoint\",\"urlTemplate\":\"https:\/\/hobierotikshop.com.tr\/website1\/?s={search_term_string}\"},\"query-input\":{\"@type\":\"PropertyValueSpecification\",\"valueRequired\":true,\"valueName\":\"search_term_string\"}}],\"inLanguage\":\"tr\"},{\"@type\":\"Organization\",\"@id\":\"https:\/\/hobierotikshop.com.tr\/website1\/#organization\",\"name\":\"Harem Bursa Erotik Shop\",\"url\":\"https:\/\/hobierotikshop.com.tr\/website1\/\",\"logo\":{\"@type\":\"ImageObject\",\"inLanguage\":\"tr\",\"@id\":\"https:\/\/hobierotikshop.com.tr\/website1\/#\/schema\/logo\/image\/\",\"url\":\"https:\/\/haremerotikshop.com\/site\/wp-content\/uploads\/2025\/03\/haremsexshop.png\",\"contentUrl\":\"https:\/\/haremerotikshop.com\/site\/wp-content\/uploads\/2025\/03\/haremsexshop.png\",\"width\":400,\"height\":100,\"caption\":\"Harem Bursa Erotik Shop\"},\"image\":{\"@id\":\"https:\/\/hobierotikshop.com.tr\/website1\/#\/schema\/logo\/image\/\"},\"sameAs\":[\"https:\/\/x.com\/shopbursa\"],\"publishingPrinciples\":\"https:\/\/hobierotikshop.com.tr\/website1\/mesafeli-satis-sozlesmesi\/\",\"ownershipFundingInfo\":\"https:\/\/hobierotikshop.com.tr\/website1\/contact-us\/\",\"actionableFeedbackPolicy\":\"https:\/\/hobierotikshop.com.tr\/website1\/contact-us\/\",\"correctionsPolicy\":\"https:\/\/hobierotikshop.com.tr\/website1\/mesafeli-satis-sozlesmesi\/\"}]}<\/script>\n<meta property=\"product:brand\" content=\"Pembe Tilki\" \/>\n<meta property=\"product:price:amount\" content=\"810.00\" \/>\n<meta property=\"product:price:currency\" content=\"TRY\" \/>\n<meta property=\"og:availability\" content=\"instock\" \/>\n<meta property=\"product:availability\" content=\"instock\" \/>\n<meta property=\"product:retailer_item_id\" content=\"PT-FFXG934BL\" \/>\n<meta property=\"product:condition\" content=\"new\" \/>\n<!-- \/ Yoast SEO Premium plugin. -->","yoast_head_json":{"title":"Siyah Deri Kol Ve El Ba\u011flama Harness Seti - Bursa Erotik Shop","robots":{"index":"index","follow":"follow","max-snippet":"max-snippet:-1","max-image-preview":"max-image-preview:large","max-video-preview":"max-video-preview:-1"},"canonical":"https:\/\/hobierotikshop.com.tr\/website1\/erotik-shop-urun\/siyah-deri-kol-ve-el-baglama-harness-seti\/","og_locale":"tr_TR","og_type":"article","og_title":"Siyah Deri Kol Ve El Ba\u011flama Harness Seti","og_description":"Siyah Deri Kol ve El Ba\u011flama Harness Seti, \u015f\u0131kl\u0131\u011f\u0131, zarafeti ve dayan\u0131kl\u0131l\u0131\u011f\u0131 bir araya getirerek estetik bir g\u00f6r\u00fcn\u00fcm sunar. Y\u00fcksek kaliteli suni deri ve metal tokalar ile tasarlanm\u0131\u015f bu set, hem estetik hem de i\u015flevsel a\u00e7\u0131dan m\u00fckemmel bir uyum sa\u011flar. Ayarlanabilir kay\u0131\u015flar\u0131 sayesinde v\u00fccudu sarar ve her bedene m\u00fckemmel \u015fekilde uyum sa\u011flar. Zarif tasar\u0131m\u0131, \u00f6zel g\u00fcnler, fantezi geceleri ve sahne performanslar\u0131 i\u00e7in ideal bir tercihtir.","og_url":"https:\/\/hobierotikshop.com.tr\/website1\/erotik-shop-urun\/siyah-deri-kol-ve-el-baglama-harness-seti\/","og_site_name":"Bursa Erotik Shop","article_modified_time":"2026-01-09T00:08:54+00:00","og_image":[{"width":1500,"height":1500,"url":"https:\/\/hobierotikshop.com.tr\/website1\/wp-content\/uploads\/2025\/03\/siyah-deri-kol-ve-el-baglama-harness-seti-2915.jpg","type":"image\/jpeg"}],"twitter_card":"summary_large_image","twitter_site":"@shopbursa","twitter_misc":{"Fiyat":"&#8378;810,00 KDV DAH\u0130L","Availability":"In stock"},"schema":{"@context":"https:\/\/schema.org","@graph":[{"@type":"WebPage","@id":"https:\/\/hobierotikshop.com.tr\/website1\/erotik-shop-urun\/siyah-deri-kol-ve-el-baglama-harness-seti\/","url":"https:\/\/hobierotikshop.com.tr\/website1\/erotik-shop-urun\/siyah-deri-kol-ve-el-baglama-harness-seti\/","name":"Siyah Deri Kol Ve El Ba\u011flama Harness Seti - Bursa Erotik Shop","isPartOf":{"@id":"https:\/\/hobierotikshop.com.tr\/website1\/#website"},"primaryImageOfPage":{"@id":"https:\/\/hobierotikshop.com.tr\/website1\/erotik-shop-urun\/siyah-deri-kol-ve-el-baglama-harness-seti\/#primaryimage"},"image":{"@id":"https:\/\/hobierotikshop.com.tr\/website1\/erotik-shop-urun\/siyah-deri-kol-ve-el-baglama-harness-seti\/#primaryimage"},"thumbnailUrl":"https:\/\/haremerotikshop.com\/site\/wp-content\/uploads\/2025\/03\/siyah-deri-kol-ve-el-baglama-harness-seti-2915.jpg","datePublished":"2025-03-17T09:51:45+00:00","dateModified":"2026-01-09T00:08:54+00:00","breadcrumb":{"@id":"https:\/\/hobierotikshop.com.tr\/website1\/erotik-shop-urun\/siyah-deri-kol-ve-el-baglama-harness-seti\/#breadcrumb"},"inLanguage":"tr","potentialAction":[{"@type":"ReadAction","target":["https:\/\/hobierotikshop.com.tr\/website1\/erotik-shop-urun\/siyah-deri-kol-ve-el-baglama-harness-seti\/"]}]},{"@type":"ImageObject","inLanguage":"tr","@id":"https:\/\/hobierotikshop.com.tr\/website1\/erotik-shop-urun\/siyah-deri-kol-ve-el-baglama-harness-seti\/#primaryimage","url":"https:\/\/haremerotikshop.com\/site\/wp-content\/uploads\/2025\/03\/siyah-deri-kol-ve-el-baglama-harness-seti-2915.jpg","contentUrl":"https:\/\/haremerotikshop.com\/site\/wp-content\/uploads\/2025\/03\/siyah-deri-kol-ve-el-baglama-harness-seti-2915.jpg","width":1500,"height":1500},{"@type":"BreadcrumbList","@id":"https:\/\/hobierotikshop.com.tr\/website1\/erotik-shop-urun\/siyah-deri-kol-ve-el-baglama-harness-seti\/#breadcrumb","itemListElement":[{"@type":"ListItem","position":1,"name":"Anasayfa","item":"https:\/\/hobierotikshop.com.tr\/website1\/"},{"@type":"ListItem","position":2,"name":"Erotik Shop \u00dcr\u00fcnleri","item":"https:\/\/hobierotikshop.com.tr\/website1\/shop\/"},{"@type":"ListItem","position":3,"name":"Siyah Deri Kol Ve El Ba\u011flama Harness Seti"}]},{"@type":"WebSite","@id":"https:\/\/hobierotikshop.com.tr\/website1\/#website","url":"https:\/\/hobierotikshop.com.tr\/website1\/","name":"Bursa Erotik Shop","description":"Bursa Erotik Shop ile g\u00fcvenli, gizli ve kaliteli yeti\u015fkin \u00fcr\u00fcnleri al\u0131\u015fveri\u015fi! Geni\u015f \u00fcr\u00fcn yelpazemizi ke\u015ffedin, hemen sipari\u015f verin","publisher":{"@id":"https:\/\/hobierotikshop.com.tr\/website1\/#organization"},"alternateName":"Erotik Shop","potentialAction":[{"@type":"SearchAction","target":{"@type":"EntryPoint","urlTemplate":"https:\/\/hobierotikshop.com.tr\/website1\/?s={search_term_string}"},"query-input":{"@type":"PropertyValueSpecification","valueRequired":true,"valueName":"search_term_string"}}],"inLanguage":"tr"},{"@type":"Organization","@id":"https:\/\/hobierotikshop.com.tr\/website1\/#organization","name":"Harem Bursa Erotik Shop","url":"https:\/\/hobierotikshop.com.tr\/website1\/","logo":{"@type":"ImageObject","inLanguage":"tr","@id":"https:\/\/hobierotikshop.com.tr\/website1\/#\/schema\/logo\/image\/","url":"https:\/\/haremerotikshop.com\/site\/wp-content\/uploads\/2025\/03\/haremsexshop.png","contentUrl":"https:\/\/haremerotikshop.com\/site\/wp-content\/uploads\/2025\/03\/haremsexshop.png","width":400,"height":100,"caption":"Harem Bursa Erotik Shop"},"image":{"@id":"https:\/\/hobierotikshop.com.tr\/website1\/#\/schema\/logo\/image\/"},"sameAs":["https:\/\/x.com\/shopbursa"],"publishingPrinciples":"https:\/\/hobierotikshop.com.tr\/website1\/mesafeli-satis-sozlesmesi\/","ownershipFundingInfo":"https:\/\/hobierotikshop.com.tr\/website1\/contact-us\/","actionableFeedbackPolicy":"https:\/\/hobierotikshop.com.tr\/website1\/contact-us\/","correctionsPolicy":"https:\/\/hobierotikshop.com.tr\/website1\/mesafeli-satis-sozlesmesi\/"}]},"product_brand":"Pembe Tilki","product_price_amount":"810.00","product_price_currency":"TRY","og_availability":"instock","product_availability":"instock","product_retailer_item_id":"PT-FFXG934BL","product_condition":"new"},"_links":{"self":[{"href":"https:\/\/haremerotikshop.com\/site\/wp-json\/wp\/v2\/product\/20260","targetHints":{"allow":["GET"]}}],"collection":[{"href":"https:\/\/haremerotikshop.com\/site\/wp-json\/wp\/v2\/product"}],"about":[{"href":"https:\/\/haremerotikshop.com\/site\/wp-json\/wp\/v2\/types\/product"}],"replies":[{"embeddable":true,"href":"https:\/\/haremerotikshop.com\/site\/wp-json\/wp\/v2\/comments?post=20260"}],"version-history":[{"count":0,"href":"https:\/\/haremerotikshop.com\/site\/wp-json\/wp\/v2\/product\/20260\/revisions"}],"wp:featuredmedia":[{"embeddable":true,"href":"https:\/\/haremerotikshop.com\/site\/wp-json\/wp\/v2\/media\/20332"}],"wp:attachment":[{"href":"https:\/\/haremerotikshop.com\/site\/wp-json\/wp\/v2\/media?parent=20260"}],"wp:term":[{"taxonomy":"product_brand","embeddable":true,"href":"https:\/\/haremerotikshop.com\/site\/wp-json\/wp\/v2\/product_brand?post=20260"},{"taxonomy":"product_cat","embeddable":true,"href":"https:\/\/haremerotikshop.com\/site\/wp-json\/wp\/v2\/product_cat?post=20260"},{"taxonomy":"product_tag","embeddable":true,"href":"https:\/\/haremerotikshop.com\/site\/wp-json\/wp\/v2\/product_tag?post=20260"}],"curies":[{"name":"wp","href":"https:\/\/api.w.org\/{rel}","templated":true}]}}