{"id":20275,"date":"2025-03-17T12:52:06","date_gmt":"2025-03-17T09:52:06","guid":{"rendered":"https:\/\/haremerotikshop.com\/site\/?post_type=product&#038;p=20275"},"modified":"2026-01-09T03:08:53","modified_gmt":"2026-01-09T00:08:53","slug":"dominant-touch-deri-bel-ve-bacak-harness-takimi","status":"publish","type":"product","link":"https:\/\/haremerotikshop.com\/site\/erotik-shop-urun\/dominant-touch-deri-bel-ve-bacak-harness-takimi\/","title":{"rendered":"Dominant Touch Deri Bel Ve Bacak Harness Tak\u0131m\u0131"},"content":{"rendered":"<p data-start=\"0\" data-end=\"76\"><strong data-start=\"0\" data-end=\"76\">Dominant Touch Deri Bel ve Bacak Harness Tak\u0131m\u0131 &#8211; Cesur ve Zarif Tasar\u0131m<\/strong><\/p>\n<p data-start=\"78\" data-end=\"571\"><strong data-start=\"78\" data-end=\"129\">Dominant Touch Deri Bel ve Bacak Harness Tak\u0131m\u0131<\/strong>, \u015f\u0131kl\u0131k ve cesaretin m\u00fckemmel birle\u015fimini sunar. <strong data-start=\"179\" data-end=\"208\">Y\u00fcksek kaliteli suni deri<\/strong> malzemeden \u00fcretilmi\u015f bu harness, cesur ve g\u00fc\u00e7l\u00fc bir g\u00f6r\u00fcn\u00fcm elde etmek isteyenler i\u00e7in tasarlanm\u0131\u015ft\u0131r. <strong data-start=\"312\" data-end=\"380\">Bel ve uyluk \u00e7evresine tam uyum sa\u011flayan ayarlanabilir kay\u0131\u015flar\u0131<\/strong> sayesinde her v\u00fccut tipine m\u00fckemmel \u015fekilde oturur. Metal halkalar ve tokalarla g\u00fc\u00e7lendirilmi\u015f tasar\u0131m\u0131, zarif bir duru\u015f yarat\u0131rken, ayn\u0131 zamanda <strong data-start=\"527\" data-end=\"544\">y\u00fcksek konfor<\/strong> ve <strong data-start=\"548\" data-end=\"564\">dayan\u0131kl\u0131l\u0131k<\/strong> sunar.<\/p>\n<hr data-start=\"573\" data-end=\"576\" \/>\n<h3 data-start=\"578\" data-end=\"610\"><strong data-start=\"582\" data-end=\"610\">\ud83d\udd39 \u00d6ne \u00c7\u0131kan \u00d6zellikler:<\/strong><\/h3>\n<h4 data-start=\"612\" data-end=\"644\"><strong data-start=\"617\" data-end=\"644\">Dayan\u0131kl\u0131 Deri Malzeme:<\/strong><\/h4>\n<ul data-start=\"645\" data-end=\"792\">\n<li data-start=\"645\" data-end=\"792\"><strong data-start=\"647\" data-end=\"676\">Y\u00fcksek kaliteli suni deri<\/strong> malzeme, uzun \u00f6m\u00fcrl\u00fc ve <strong data-start=\"701\" data-end=\"725\">konforlu bir deneyim<\/strong> sa\u011flar. \u015e\u0131k g\u00f6r\u00fcn\u00fcm\u00fcn\u00fc kaybetmeden uzun s\u00fcreli kullan\u0131ma uygundur.<\/li>\n<\/ul>\n<h4 data-start=\"794\" data-end=\"829\"><strong data-start=\"799\" data-end=\"829\">Tam Ayarlanabilir Tasar\u0131m:<\/strong><\/h4>\n<ul data-start=\"830\" data-end=\"1025\">\n<li data-start=\"830\" data-end=\"1025\"><strong data-start=\"832\" data-end=\"857\">Bel \u00e7evresi 69-100 cm<\/strong>, <strong data-start=\"859\" data-end=\"885\">uyluk \u00e7evresi 42-66 cm<\/strong> aras\u0131nda ayarlanabilir, bu sayede <strong data-start=\"920\" data-end=\"952\">her v\u00fccut tipine uyum sa\u011flar<\/strong>. Ayarlanabilir yap\u0131s\u0131, kullan\u0131c\u0131ya tam <strong data-start=\"992\" data-end=\"1002\">konfor<\/strong> ve <strong data-start=\"1006\" data-end=\"1018\">esneklik<\/strong> sunar.<\/li>\n<\/ul>\n<h4 data-start=\"1027\" data-end=\"1059\"><strong data-start=\"1032\" data-end=\"1059\">Estetik ve G\u00fc\u00e7l\u00fc Duru\u015f:<\/strong><\/h4>\n<ul data-start=\"1060\" data-end=\"1262\">\n<li data-start=\"1060\" data-end=\"1262\">Metal halkalar ve tokalarla g\u00fc\u00e7lendirilmi\u015f tasar\u0131m, <strong data-start=\"1114\" data-end=\"1146\">cesur ve etkileyici bir tarz<\/strong> yarat\u0131r. V\u00fccudu saran yap\u0131s\u0131 sayesinde <strong data-start=\"1186\" data-end=\"1209\">estetik bir g\u00f6r\u00fcn\u00fcm<\/strong> elde ederken, ayn\u0131 zamanda g\u00fc\u00e7l\u00fc bir duru\u015f sergiler.<\/li>\n<\/ul>\n<h4 data-start=\"1264\" data-end=\"1292\"><strong data-start=\"1269\" data-end=\"1292\">\u00c7ok Y\u00f6nl\u00fc Kullan\u0131m:<\/strong><\/h4>\n<ul data-start=\"1293\" data-end=\"1437\">\n<li data-start=\"1293\" data-end=\"1437\"><strong data-start=\"1295\" data-end=\"1325\">\u0130\u00e7 giyim veya k\u0131yafetlerin<\/strong> \u00fczerinde aksesuar olarak kullan\u0131labilir. Bu tasar\u0131m, \u015f\u0131kl\u0131\u011f\u0131n\u0131za <strong data-start=\"1391\" data-end=\"1412\">\u00f6zg\u00fcn bir dokunu\u015f<\/strong> katmak i\u00e7in m\u00fckemmeldir.<\/li>\n<\/ul>\n<h4 data-start=\"1439\" data-end=\"1464\"><strong data-start=\"1444\" data-end=\"1464\">V\u00fccuda Tam Uyum:<\/strong><\/h4>\n<ul data-start=\"1465\" data-end=\"1641\">\n<li data-start=\"1465\" data-end=\"1641\"><strong data-start=\"1467\" data-end=\"1481\">Esnek yap\u0131<\/strong> sayesinde farkl\u0131 v\u00fccut tiplerine tam uyum sa\u011flar. Bel ve uyluk kay\u0131\u015flar\u0131, v\u00fccudunuzla do\u011fal bir \u015fekilde b\u00fct\u00fcnle\u015fir ve rahatl\u0131kla hareket etmenize olanak tan\u0131r.<\/li>\n<\/ul>\n<hr data-start=\"1643\" data-end=\"1646\" \/>\n<h3 data-start=\"1648\" data-end=\"1674\"><strong data-start=\"1652\" data-end=\"1674\">\ud83d\udd39 Kombin \u00d6nerisi:<\/strong><\/h3>\n<ul data-start=\"1675\" data-end=\"2022\">\n<li data-start=\"1675\" data-end=\"1874\"><strong data-start=\"1677\" data-end=\"1704\">Transparan bir bodysuit<\/strong> veya <strong data-start=\"1710\" data-end=\"1725\">i\u00e7 \u00e7ama\u015f\u0131r\u0131<\/strong> ile kombinleyerek, cesur ve <strong data-start=\"1754\" data-end=\"1776\">\u00e7ekici bir g\u00f6r\u00fcn\u00fcm<\/strong> elde edebilirsiniz. Cesur ve etkileyici bir tarz yaratmak i\u00e7in \u015f\u0131k <strong data-start=\"1844\" data-end=\"1858\">topuklular<\/strong> ile tamamlay\u0131n.<\/li>\n<li data-start=\"1875\" data-end=\"2022\"><strong data-start=\"1877\" data-end=\"1897\">Fantezi geceleri<\/strong>, <strong data-start=\"1899\" data-end=\"1912\">rol yapma<\/strong> veya \u00f6zel etkinliklerde bu seti kullanarak kendinizi \u00f6zg\u00fcr hissedebilir, tarz\u0131n\u0131z\u0131 \u00f6n plana \u00e7\u0131karabilirsiniz.<\/li>\n<\/ul>\n<hr data-start=\"2024\" data-end=\"2027\" \/>\n<h3 data-start=\"2029\" data-end=\"2058\"><strong data-start=\"2033\" data-end=\"2058\">\ud83d\udd39 Bak\u0131m Talimatlar\u0131:<\/strong><\/h3>\n<ul data-start=\"2059\" data-end=\"2268\">\n<li data-start=\"2059\" data-end=\"2108\"><strong data-start=\"2061\" data-end=\"2079\">Nazik temizlik<\/strong> i\u00e7in nemli bir bezle silin.<\/li>\n<li data-start=\"2109\" data-end=\"2200\"><strong data-start=\"2111\" data-end=\"2150\">Do\u011frudan g\u00fcne\u015f \u0131\u015f\u0131\u011f\u0131ndan uzak tutun<\/strong>, b\u00f6ylece derinizin uzun \u00f6m\u00fcrl\u00fc olmas\u0131n\u0131 sa\u011flay\u0131n.<\/li>\n<li data-start=\"2201\" data-end=\"2268\">Deri y\u00fczeyine zarar verebilecek <strong data-start=\"2235\" data-end=\"2259\">kimyasal maddelerden<\/strong> ka\u00e7\u0131n\u0131n.<\/li>\n<\/ul>\n<hr data-start=\"2270\" data-end=\"2273\" \/>\n<p data-start=\"2275\" data-end=\"2657\" data-is-last-node=\"\" data-is-only-node=\"\"><strong data-start=\"2275\" data-end=\"2326\">Dominant Touch Deri Bel ve Bacak Harness Tak\u0131m\u0131<\/strong>, <strong data-start=\"2328\" data-end=\"2352\">Pembe Tilki fark\u0131yla<\/strong> sunulmaktad\u0131r. Cesur bir tarz arayan, \u015f\u0131kl\u0131\u011f\u0131n\u0131za \u00f6zg\u00fcn bir dokunu\u015f katmak isteyen kullan\u0131c\u0131lar i\u00e7in m\u00fckemmel bir tercihtir. Hem estetik hem de fonksiyonel a\u00e7\u0131dan beklentilerinizi kar\u015f\u0131layacak olan bu set, <strong data-start=\"2559\" data-end=\"2584\">g\u00fc\u00e7l\u00fc, zarif ve cesur<\/strong> bir duru\u015f sergilerken, ayn\u0131 zamanda rahatl\u0131k ve \u015f\u0131kl\u0131\u011f\u0131 bir arada sunar.<\/p>\n","protected":false},"excerpt":{"rendered":"<p><strong data-start=\"78\" data-end=\"129\">Dominant Touch Deri Bel ve Bacak Harness Tak\u0131m\u0131<\/strong>, \u015f\u0131kl\u0131k ve cesaretin m\u00fckemmel birle\u015fimini sunar. <strong data-start=\"179\" data-end=\"208\">Y\u00fcksek kaliteli suni deri<\/strong> malzemeden \u00fcretilmi\u015f bu harness, cesur ve g\u00fc\u00e7l\u00fc bir g\u00f6r\u00fcn\u00fcm elde etmek isteyenler i\u00e7in tasarlanm\u0131\u015ft\u0131r. <strong data-start=\"312\" data-end=\"380\">Bel ve uyluk \u00e7evresine tam uyum sa\u011flayan ayarlanabilir kay\u0131\u015flar\u0131<\/strong> sayesinde her v\u00fccut tipine m\u00fckemmel \u015fekilde oturur. Metal halkalar ve tokalarla g\u00fc\u00e7lendirilmi\u015f tasar\u0131m\u0131, zarif bir duru\u015f yarat\u0131rken, ayn\u0131 zamanda <strong data-start=\"527\" data-end=\"544\">y\u00fcksek konfor<\/strong> ve <strong data-start=\"548\" data-end=\"564\">dayan\u0131kl\u0131l\u0131k<\/strong> sunar.<\/p>\n","protected":false},"featured_media":20340,"comment_status":"open","ping_status":"closed","template":"","meta":[],"product_brand":[127],"product_cat":[100],"product_tag":[418],"class_list":{"0":"post-20275","1":"product","2":"type-product","3":"status-publish","4":"has-post-thumbnail","6":"product_brand-pembe-tilki","7":"product_cat-fantezi-fetis","8":"product_tag-dominant-touch-deri-bel-ve-bacak-harness-takimi","10":"first","11":"instock","12":"taxable","13":"shipping-taxable","14":"purchasable","15":"product-type-simple"},"yoast_head":"<!-- This site is optimized with the Yoast SEO Premium plugin v24.4 (Yoast SEO v27.1.1) - https:\/\/yoast.com\/product\/yoast-seo-premium-wordpress\/ -->\n<title>Dominant Touch Deri Bel Ve Bacak Harness Tak\u0131m\u0131 - Bursa Erotik Shop<\/title>\n<meta name=\"robots\" content=\"index, follow, max-snippet:-1, max-image-preview:large, max-video-preview:-1\" \/>\n<link rel=\"canonical\" href=\"https:\/\/hobierotikshop.com.tr\/website1\/erotik-shop-urun\/dominant-touch-deri-bel-ve-bacak-harness-takimi\/\" \/>\n<meta property=\"og:locale\" content=\"tr_TR\" \/>\n<meta property=\"og:type\" content=\"article\" \/>\n<meta property=\"og:title\" content=\"Dominant Touch Deri Bel Ve Bacak Harness Tak\u0131m\u0131\" \/>\n<meta property=\"og:description\" content=\"Dominant Touch Deri Bel ve Bacak Harness Tak\u0131m\u0131, \u015f\u0131kl\u0131k ve cesaretin m\u00fckemmel birle\u015fimini sunar. Y\u00fcksek kaliteli suni deri malzemeden \u00fcretilmi\u015f bu harness, cesur ve g\u00fc\u00e7l\u00fc bir g\u00f6r\u00fcn\u00fcm elde etmek isteyenler i\u00e7in tasarlanm\u0131\u015ft\u0131r. Bel ve uyluk \u00e7evresine tam uyum sa\u011flayan ayarlanabilir kay\u0131\u015flar\u0131 sayesinde her v\u00fccut tipine m\u00fckemmel \u015fekilde oturur. Metal halkalar ve tokalarla g\u00fc\u00e7lendirilmi\u015f tasar\u0131m\u0131, zarif bir duru\u015f yarat\u0131rken, ayn\u0131 zamanda y\u00fcksek konfor ve dayan\u0131kl\u0131l\u0131k sunar.\" \/>\n<meta property=\"og:url\" content=\"https:\/\/hobierotikshop.com.tr\/website1\/erotik-shop-urun\/dominant-touch-deri-bel-ve-bacak-harness-takimi\/\" \/>\n<meta property=\"og:site_name\" content=\"Bursa Erotik Shop\" \/>\n<meta property=\"article:modified_time\" content=\"2026-01-09T00:08:53+00:00\" \/>\n<meta property=\"og:image\" content=\"https:\/\/hobierotikshop.com.tr\/website1\/wp-content\/uploads\/2025\/03\/dominant-touch-deri-bel-ve-bacak-harness-takimi-2920.jpg\" \/>\n\t<meta property=\"og:image:width\" content=\"1500\" \/>\n\t<meta property=\"og:image:height\" content=\"1500\" \/>\n\t<meta property=\"og:image:type\" content=\"image\/jpeg\" \/>\n<meta name=\"twitter:card\" content=\"summary_large_image\" \/>\n<meta name=\"twitter:site\" content=\"@shopbursa\" \/>\n<meta name=\"twitter:label1\" content=\"Fiyat\" \/>\n\t<meta name=\"twitter:data1\" content=\"&#8378;1.080,00 KDV DAH\u0130L\" \/>\n\t<meta name=\"twitter:label2\" content=\"Availability\" \/>\n\t<meta name=\"twitter:data2\" content=\"In stock\" \/>\n<script type=\"application\/ld+json\" class=\"yoast-schema-graph\">{\"@context\":\"https:\/\/schema.org\",\"@graph\":[{\"@type\":\"WebPage\",\"@id\":\"https:\/\/hobierotikshop.com.tr\/website1\/erotik-shop-urun\/dominant-touch-deri-bel-ve-bacak-harness-takimi\/\",\"url\":\"https:\/\/hobierotikshop.com.tr\/website1\/erotik-shop-urun\/dominant-touch-deri-bel-ve-bacak-harness-takimi\/\",\"name\":\"Dominant Touch Deri Bel Ve Bacak Harness Tak\u0131m\u0131 - Bursa Erotik Shop\",\"isPartOf\":{\"@id\":\"https:\/\/hobierotikshop.com.tr\/website1\/#website\"},\"primaryImageOfPage\":{\"@id\":\"https:\/\/hobierotikshop.com.tr\/website1\/erotik-shop-urun\/dominant-touch-deri-bel-ve-bacak-harness-takimi\/#primaryimage\"},\"image\":{\"@id\":\"https:\/\/hobierotikshop.com.tr\/website1\/erotik-shop-urun\/dominant-touch-deri-bel-ve-bacak-harness-takimi\/#primaryimage\"},\"thumbnailUrl\":\"https:\/\/haremerotikshop.com\/site\/wp-content\/uploads\/2025\/03\/dominant-touch-deri-bel-ve-bacak-harness-takimi-2920.jpg\",\"datePublished\":\"2025-03-17T09:52:06+00:00\",\"dateModified\":\"2026-01-09T00:08:53+00:00\",\"breadcrumb\":{\"@id\":\"https:\/\/hobierotikshop.com.tr\/website1\/erotik-shop-urun\/dominant-touch-deri-bel-ve-bacak-harness-takimi\/#breadcrumb\"},\"inLanguage\":\"tr\",\"potentialAction\":[{\"@type\":\"ReadAction\",\"target\":[\"https:\/\/hobierotikshop.com.tr\/website1\/erotik-shop-urun\/dominant-touch-deri-bel-ve-bacak-harness-takimi\/\"]}]},{\"@type\":\"ImageObject\",\"inLanguage\":\"tr\",\"@id\":\"https:\/\/hobierotikshop.com.tr\/website1\/erotik-shop-urun\/dominant-touch-deri-bel-ve-bacak-harness-takimi\/#primaryimage\",\"url\":\"https:\/\/haremerotikshop.com\/site\/wp-content\/uploads\/2025\/03\/dominant-touch-deri-bel-ve-bacak-harness-takimi-2920.jpg\",\"contentUrl\":\"https:\/\/haremerotikshop.com\/site\/wp-content\/uploads\/2025\/03\/dominant-touch-deri-bel-ve-bacak-harness-takimi-2920.jpg\",\"width\":1500,\"height\":1500},{\"@type\":\"BreadcrumbList\",\"@id\":\"https:\/\/hobierotikshop.com.tr\/website1\/erotik-shop-urun\/dominant-touch-deri-bel-ve-bacak-harness-takimi\/#breadcrumb\",\"itemListElement\":[{\"@type\":\"ListItem\",\"position\":1,\"name\":\"Anasayfa\",\"item\":\"https:\/\/hobierotikshop.com.tr\/website1\/\"},{\"@type\":\"ListItem\",\"position\":2,\"name\":\"Erotik Shop \u00dcr\u00fcnleri\",\"item\":\"https:\/\/hobierotikshop.com.tr\/website1\/shop\/\"},{\"@type\":\"ListItem\",\"position\":3,\"name\":\"Dominant Touch Deri Bel Ve Bacak Harness Tak\u0131m\u0131\"}]},{\"@type\":\"WebSite\",\"@id\":\"https:\/\/hobierotikshop.com.tr\/website1\/#website\",\"url\":\"https:\/\/hobierotikshop.com.tr\/website1\/\",\"name\":\"Bursa Erotik Shop\",\"description\":\"Bursa Erotik Shop ile g\u00fcvenli, gizli ve kaliteli yeti\u015fkin \u00fcr\u00fcnleri al\u0131\u015fveri\u015fi! Geni\u015f \u00fcr\u00fcn yelpazemizi ke\u015ffedin, hemen sipari\u015f verin\",\"publisher\":{\"@id\":\"https:\/\/hobierotikshop.com.tr\/website1\/#organization\"},\"alternateName\":\"Erotik Shop\",\"potentialAction\":[{\"@type\":\"SearchAction\",\"target\":{\"@type\":\"EntryPoint\",\"urlTemplate\":\"https:\/\/hobierotikshop.com.tr\/website1\/?s={search_term_string}\"},\"query-input\":{\"@type\":\"PropertyValueSpecification\",\"valueRequired\":true,\"valueName\":\"search_term_string\"}}],\"inLanguage\":\"tr\"},{\"@type\":\"Organization\",\"@id\":\"https:\/\/hobierotikshop.com.tr\/website1\/#organization\",\"name\":\"Harem Bursa Erotik Shop\",\"url\":\"https:\/\/hobierotikshop.com.tr\/website1\/\",\"logo\":{\"@type\":\"ImageObject\",\"inLanguage\":\"tr\",\"@id\":\"https:\/\/hobierotikshop.com.tr\/website1\/#\/schema\/logo\/image\/\",\"url\":\"https:\/\/haremerotikshop.com\/site\/wp-content\/uploads\/2025\/03\/haremsexshop.png\",\"contentUrl\":\"https:\/\/haremerotikshop.com\/site\/wp-content\/uploads\/2025\/03\/haremsexshop.png\",\"width\":400,\"height\":100,\"caption\":\"Harem Bursa Erotik Shop\"},\"image\":{\"@id\":\"https:\/\/hobierotikshop.com.tr\/website1\/#\/schema\/logo\/image\/\"},\"sameAs\":[\"https:\/\/x.com\/shopbursa\"],\"publishingPrinciples\":\"https:\/\/hobierotikshop.com.tr\/website1\/mesafeli-satis-sozlesmesi\/\",\"ownershipFundingInfo\":\"https:\/\/hobierotikshop.com.tr\/website1\/contact-us\/\",\"actionableFeedbackPolicy\":\"https:\/\/hobierotikshop.com.tr\/website1\/contact-us\/\",\"correctionsPolicy\":\"https:\/\/hobierotikshop.com.tr\/website1\/mesafeli-satis-sozlesmesi\/\"}]}<\/script>\n<meta property=\"product:brand\" content=\"Pembe Tilki\" \/>\n<meta property=\"product:price:amount\" content=\"1080.00\" \/>\n<meta property=\"product:price:currency\" content=\"TRY\" \/>\n<meta property=\"og:availability\" content=\"instock\" \/>\n<meta property=\"product:availability\" content=\"instock\" \/>\n<meta property=\"product:retailer_item_id\" content=\"PT-FFXG935BBL\" \/>\n<meta property=\"product:condition\" content=\"new\" \/>\n<!-- \/ Yoast SEO Premium plugin. -->","yoast_head_json":{"title":"Dominant Touch Deri Bel Ve Bacak Harness Tak\u0131m\u0131 - Bursa Erotik Shop","robots":{"index":"index","follow":"follow","max-snippet":"max-snippet:-1","max-image-preview":"max-image-preview:large","max-video-preview":"max-video-preview:-1"},"canonical":"https:\/\/hobierotikshop.com.tr\/website1\/erotik-shop-urun\/dominant-touch-deri-bel-ve-bacak-harness-takimi\/","og_locale":"tr_TR","og_type":"article","og_title":"Dominant Touch Deri Bel Ve Bacak Harness Tak\u0131m\u0131","og_description":"Dominant Touch Deri Bel ve Bacak Harness Tak\u0131m\u0131, \u015f\u0131kl\u0131k ve cesaretin m\u00fckemmel birle\u015fimini sunar. Y\u00fcksek kaliteli suni deri malzemeden \u00fcretilmi\u015f bu harness, cesur ve g\u00fc\u00e7l\u00fc bir g\u00f6r\u00fcn\u00fcm elde etmek isteyenler i\u00e7in tasarlanm\u0131\u015ft\u0131r. Bel ve uyluk \u00e7evresine tam uyum sa\u011flayan ayarlanabilir kay\u0131\u015flar\u0131 sayesinde her v\u00fccut tipine m\u00fckemmel \u015fekilde oturur. Metal halkalar ve tokalarla g\u00fc\u00e7lendirilmi\u015f tasar\u0131m\u0131, zarif bir duru\u015f yarat\u0131rken, ayn\u0131 zamanda y\u00fcksek konfor ve dayan\u0131kl\u0131l\u0131k sunar.","og_url":"https:\/\/hobierotikshop.com.tr\/website1\/erotik-shop-urun\/dominant-touch-deri-bel-ve-bacak-harness-takimi\/","og_site_name":"Bursa Erotik Shop","article_modified_time":"2026-01-09T00:08:53+00:00","og_image":[{"width":1500,"height":1500,"url":"https:\/\/hobierotikshop.com.tr\/website1\/wp-content\/uploads\/2025\/03\/dominant-touch-deri-bel-ve-bacak-harness-takimi-2920.jpg","type":"image\/jpeg"}],"twitter_card":"summary_large_image","twitter_site":"@shopbursa","twitter_misc":{"Fiyat":"&#8378;1.080,00 KDV DAH\u0130L","Availability":"In stock"},"schema":{"@context":"https:\/\/schema.org","@graph":[{"@type":"WebPage","@id":"https:\/\/hobierotikshop.com.tr\/website1\/erotik-shop-urun\/dominant-touch-deri-bel-ve-bacak-harness-takimi\/","url":"https:\/\/hobierotikshop.com.tr\/website1\/erotik-shop-urun\/dominant-touch-deri-bel-ve-bacak-harness-takimi\/","name":"Dominant Touch Deri Bel Ve Bacak Harness Tak\u0131m\u0131 - Bursa Erotik Shop","isPartOf":{"@id":"https:\/\/hobierotikshop.com.tr\/website1\/#website"},"primaryImageOfPage":{"@id":"https:\/\/hobierotikshop.com.tr\/website1\/erotik-shop-urun\/dominant-touch-deri-bel-ve-bacak-harness-takimi\/#primaryimage"},"image":{"@id":"https:\/\/hobierotikshop.com.tr\/website1\/erotik-shop-urun\/dominant-touch-deri-bel-ve-bacak-harness-takimi\/#primaryimage"},"thumbnailUrl":"https:\/\/haremerotikshop.com\/site\/wp-content\/uploads\/2025\/03\/dominant-touch-deri-bel-ve-bacak-harness-takimi-2920.jpg","datePublished":"2025-03-17T09:52:06+00:00","dateModified":"2026-01-09T00:08:53+00:00","breadcrumb":{"@id":"https:\/\/hobierotikshop.com.tr\/website1\/erotik-shop-urun\/dominant-touch-deri-bel-ve-bacak-harness-takimi\/#breadcrumb"},"inLanguage":"tr","potentialAction":[{"@type":"ReadAction","target":["https:\/\/hobierotikshop.com.tr\/website1\/erotik-shop-urun\/dominant-touch-deri-bel-ve-bacak-harness-takimi\/"]}]},{"@type":"ImageObject","inLanguage":"tr","@id":"https:\/\/hobierotikshop.com.tr\/website1\/erotik-shop-urun\/dominant-touch-deri-bel-ve-bacak-harness-takimi\/#primaryimage","url":"https:\/\/haremerotikshop.com\/site\/wp-content\/uploads\/2025\/03\/dominant-touch-deri-bel-ve-bacak-harness-takimi-2920.jpg","contentUrl":"https:\/\/haremerotikshop.com\/site\/wp-content\/uploads\/2025\/03\/dominant-touch-deri-bel-ve-bacak-harness-takimi-2920.jpg","width":1500,"height":1500},{"@type":"BreadcrumbList","@id":"https:\/\/hobierotikshop.com.tr\/website1\/erotik-shop-urun\/dominant-touch-deri-bel-ve-bacak-harness-takimi\/#breadcrumb","itemListElement":[{"@type":"ListItem","position":1,"name":"Anasayfa","item":"https:\/\/hobierotikshop.com.tr\/website1\/"},{"@type":"ListItem","position":2,"name":"Erotik Shop \u00dcr\u00fcnleri","item":"https:\/\/hobierotikshop.com.tr\/website1\/shop\/"},{"@type":"ListItem","position":3,"name":"Dominant Touch Deri Bel Ve Bacak Harness Tak\u0131m\u0131"}]},{"@type":"WebSite","@id":"https:\/\/hobierotikshop.com.tr\/website1\/#website","url":"https:\/\/hobierotikshop.com.tr\/website1\/","name":"Bursa Erotik Shop","description":"Bursa Erotik Shop ile g\u00fcvenli, gizli ve kaliteli yeti\u015fkin \u00fcr\u00fcnleri al\u0131\u015fveri\u015fi! Geni\u015f \u00fcr\u00fcn yelpazemizi ke\u015ffedin, hemen sipari\u015f verin","publisher":{"@id":"https:\/\/hobierotikshop.com.tr\/website1\/#organization"},"alternateName":"Erotik Shop","potentialAction":[{"@type":"SearchAction","target":{"@type":"EntryPoint","urlTemplate":"https:\/\/hobierotikshop.com.tr\/website1\/?s={search_term_string}"},"query-input":{"@type":"PropertyValueSpecification","valueRequired":true,"valueName":"search_term_string"}}],"inLanguage":"tr"},{"@type":"Organization","@id":"https:\/\/hobierotikshop.com.tr\/website1\/#organization","name":"Harem Bursa Erotik Shop","url":"https:\/\/hobierotikshop.com.tr\/website1\/","logo":{"@type":"ImageObject","inLanguage":"tr","@id":"https:\/\/hobierotikshop.com.tr\/website1\/#\/schema\/logo\/image\/","url":"https:\/\/haremerotikshop.com\/site\/wp-content\/uploads\/2025\/03\/haremsexshop.png","contentUrl":"https:\/\/haremerotikshop.com\/site\/wp-content\/uploads\/2025\/03\/haremsexshop.png","width":400,"height":100,"caption":"Harem Bursa Erotik Shop"},"image":{"@id":"https:\/\/hobierotikshop.com.tr\/website1\/#\/schema\/logo\/image\/"},"sameAs":["https:\/\/x.com\/shopbursa"],"publishingPrinciples":"https:\/\/hobierotikshop.com.tr\/website1\/mesafeli-satis-sozlesmesi\/","ownershipFundingInfo":"https:\/\/hobierotikshop.com.tr\/website1\/contact-us\/","actionableFeedbackPolicy":"https:\/\/hobierotikshop.com.tr\/website1\/contact-us\/","correctionsPolicy":"https:\/\/hobierotikshop.com.tr\/website1\/mesafeli-satis-sozlesmesi\/"}]},"product_brand":"Pembe Tilki","product_price_amount":"1080.00","product_price_currency":"TRY","og_availability":"instock","product_availability":"instock","product_retailer_item_id":"PT-FFXG935BBL","product_condition":"new"},"_links":{"self":[{"href":"https:\/\/haremerotikshop.com\/site\/wp-json\/wp\/v2\/product\/20275","targetHints":{"allow":["GET"]}}],"collection":[{"href":"https:\/\/haremerotikshop.com\/site\/wp-json\/wp\/v2\/product"}],"about":[{"href":"https:\/\/haremerotikshop.com\/site\/wp-json\/wp\/v2\/types\/product"}],"replies":[{"embeddable":true,"href":"https:\/\/haremerotikshop.com\/site\/wp-json\/wp\/v2\/comments?post=20275"}],"version-history":[{"count":0,"href":"https:\/\/haremerotikshop.com\/site\/wp-json\/wp\/v2\/product\/20275\/revisions"}],"wp:featuredmedia":[{"embeddable":true,"href":"https:\/\/haremerotikshop.com\/site\/wp-json\/wp\/v2\/media\/20340"}],"wp:attachment":[{"href":"https:\/\/haremerotikshop.com\/site\/wp-json\/wp\/v2\/media?parent=20275"}],"wp:term":[{"taxonomy":"product_brand","embeddable":true,"href":"https:\/\/haremerotikshop.com\/site\/wp-json\/wp\/v2\/product_brand?post=20275"},{"taxonomy":"product_cat","embeddable":true,"href":"https:\/\/haremerotikshop.com\/site\/wp-json\/wp\/v2\/product_cat?post=20275"},{"taxonomy":"product_tag","embeddable":true,"href":"https:\/\/haremerotikshop.com\/site\/wp-json\/wp\/v2\/product_tag?post=20275"}],"curies":[{"name":"wp","href":"https:\/\/api.w.org\/{rel}","templated":true}]}}