{"id":20277,"date":"2025-03-17T12:52:06","date_gmt":"2025-03-17T09:52:06","guid":{"rendered":"https:\/\/haremerotikshop.com\/site\/?post_type=product&#038;p=20277"},"modified":"2026-01-26T15:14:57","modified_gmt":"2026-01-26T12:14:57","slug":"erkek-deri-gogus-harness-omuz-ve-gogus-aksesuari","status":"publish","type":"product","link":"https:\/\/haremerotikshop.com\/site\/erotik-shop-urun\/erkek-deri-gogus-harness-omuz-ve-gogus-aksesuari\/","title":{"rendered":"Erkek Deri G\u00f6\u011f\u00fcs Harness Omuz Ve G\u00f6\u011f\u00fcs Aksesuar\u0131"},"content":{"rendered":"<p data-start=\"0\" data-end=\"53\"><strong data-start=\"0\" data-end=\"53\">Erkekler i\u00e7in Deri Harness \u2013 \u015e\u0131k ve G\u00fc\u00e7l\u00fc Tasar\u0131m<\/strong><\/p>\n<p data-start=\"55\" data-end=\"634\"><strong data-start=\"55\" data-end=\"104\">Erkekler i\u00e7in tasarlanm\u0131\u015f bu \u015f\u0131k deri harness<\/strong>, g\u00fc\u00e7l\u00fc ve \u00e7ekici bir g\u00f6r\u00fcn\u00fcm sunmak isteyenler i\u00e7in m\u00fckemmel bir tercihtir. <strong data-start=\"181\" data-end=\"223\">Omuzlardan g\u00f6\u011f\u00fcse inen \u00e7apraz kay\u0131\u015flar<\/strong> ve <strong data-start=\"227\" data-end=\"245\">metal halkalar<\/strong>, mask\u00fclen bir tarz yarat\u0131rken, omuz detaylar\u0131ndaki tokalar \u00fcr\u00fcne <strong data-start=\"311\" data-end=\"328\">sert ve g\u00fc\u00e7l\u00fc<\/strong> bir hava katar. Bu tasar\u0131m, stilinizi cesur bir \u015fekilde yans\u0131tman\u0131z\u0131 sa\u011flar. Ayr\u0131ca, <strong data-start=\"414\" data-end=\"440\">ayarlanabilir kay\u0131\u015flar<\/strong> sayesinde v\u00fccudunuza tam uyum sa\u011flar ve rahat bir kullan\u0131m sunar. <strong data-start=\"507\" data-end=\"540\">Arka k\u0131sm\u0131ndaki ba\u011fc\u0131k detay\u0131<\/strong>, hem estetik bir dokunu\u015f hem de <strong data-start=\"573\" data-end=\"585\">esneklik<\/strong> sunarak, tasar\u0131m\u0131 daha fonksiyonel hale getirir.<\/p>\n<hr data-start=\"636\" data-end=\"639\" \/>\n<h3 data-start=\"641\" data-end=\"673\"><strong data-start=\"645\" data-end=\"673\">\ud83d\udd39 \u00d6ne \u00c7\u0131kan \u00d6zellikler:<\/strong><\/h3>\n<h4 data-start=\"675\" data-end=\"708\"><strong data-start=\"680\" data-end=\"708\">Y\u00fcksek Kaliteli Malzeme:<\/strong><\/h4>\n<ul data-start=\"709\" data-end=\"876\">\n<li data-start=\"709\" data-end=\"876\"><strong data-start=\"711\" data-end=\"724\">Suni deri<\/strong> malzeme, hem <strong data-start=\"738\" data-end=\"751\">dayan\u0131kl\u0131<\/strong> hem de <strong data-start=\"759\" data-end=\"766\">\u015f\u0131k<\/strong> bir g\u00f6r\u00fcn\u00fcm sunar. <strong data-start=\"786\" data-end=\"807\">Metal aksesuarlar<\/strong> ise \u00fcr\u00fcne <strong data-start=\"818\" data-end=\"837\">g\u00fc\u00e7l\u00fc bir duru\u015f<\/strong> katarken, uzun \u00f6m\u00fcrl\u00fc kullan\u0131m sa\u011flar.<\/li>\n<\/ul>\n<h4 data-start=\"878\" data-end=\"909\"><strong data-start=\"883\" data-end=\"909\">\u00c7apraz Kay\u0131\u015f Tasar\u0131m\u0131:<\/strong><\/h4>\n<ul data-start=\"910\" data-end=\"1066\">\n<li data-start=\"910\" data-end=\"1066\"><strong data-start=\"912\" data-end=\"953\">Omuzlardan g\u00f6\u011fse inen \u00e7apraz kay\u0131\u015flar<\/strong>, v\u00fccuda <strong data-start=\"962\" data-end=\"976\">tam oturur<\/strong> ve \u015f\u0131kl\u0131\u011f\u0131n\u0131z\u0131 \u00f6n plana \u00e7\u0131kar\u0131r. Bu tasar\u0131m, stilinize modern ve mask\u00fclen bir hava katar.<\/li>\n<\/ul>\n<h4 data-start=\"1068\" data-end=\"1103\"><strong data-start=\"1073\" data-end=\"1103\">Sert ve Mask\u00fclen Detaylar:<\/strong><\/h4>\n<ul data-start=\"1104\" data-end=\"1303\">\n<li data-start=\"1104\" data-end=\"1303\"><strong data-start=\"1106\" data-end=\"1129\">Omuzlardaki tokalar<\/strong>, deri harness\u2019a <strong data-start=\"1146\" data-end=\"1178\">sert ve mask\u00fclen bir g\u00f6r\u00fcn\u00fcm<\/strong> kazand\u0131r\u0131r. Metal halkalar ise, g\u00fc\u00e7l\u00fc bir estetik sa\u011flar ve <strong data-start=\"1239\" data-end=\"1256\">fantezi giyim<\/strong> koleksiyonunuzu m\u00fckemmel bir \u015fekilde tamamlar.<\/li>\n<\/ul>\n<h4 data-start=\"1305\" data-end=\"1336\"><strong data-start=\"1310\" data-end=\"1336\">Ayarlanabilir Tasar\u0131m:<\/strong><\/h4>\n<ul data-start=\"1337\" data-end=\"1485\">\n<li data-start=\"1337\" data-end=\"1485\"><strong data-start=\"1339\" data-end=\"1377\">Farkl\u0131 v\u00fccut tiplerine uyum sa\u011flar<\/strong> ve her kullan\u0131c\u0131n\u0131n bedenine m\u00fckemmel \u015fekilde oturur. Bu \u00f6zellik, hem <strong data-start=\"1448\" data-end=\"1458\">konfor<\/strong> hem de <strong data-start=\"1466\" data-end=\"1478\">\u00f6zg\u00fcrl\u00fck<\/strong> sunar.<\/li>\n<\/ul>\n<hr data-start=\"1487\" data-end=\"1490\" \/>\n<h3 data-start=\"1492\" data-end=\"1521\"><strong data-start=\"1496\" data-end=\"1521\">\ud83d\udd39 Kullan\u0131m Alanlar\u0131:<\/strong><\/h3>\n<ul data-start=\"1522\" data-end=\"1856\">\n<li data-start=\"1522\" data-end=\"1616\"><strong data-start=\"1524\" data-end=\"1541\">Fantezi giyim<\/strong>: \u00d6zel anlar\u0131n\u0131z\u0131 daha heyecan verici hale getirmek i\u00e7in ideal bir se\u00e7enek.<\/li>\n<li data-start=\"1617\" data-end=\"1737\"><strong data-start=\"1619\" data-end=\"1651\">Partiler ve \u00f6zel etkinlikler<\/strong>: Etkileyici ve dikkat \u00e7ekici bir tarz yaratmak isteyenler i\u00e7in m\u00fckemmel bir aksesuar.<\/li>\n<li data-start=\"1738\" data-end=\"1856\"><strong data-start=\"1740\" data-end=\"1764\">Rol yapma ve cosplay<\/strong>: Cesur ve mask\u00fclen bir g\u00f6r\u00fcn\u00fcm elde etmek isteyen erkekler i\u00e7in tasarlanm\u0131\u015f e\u015fsiz bir \u00fcr\u00fcn.<\/li>\n<\/ul>\n<hr data-start=\"1858\" data-end=\"1861\" \/>\n<h3 data-start=\"1863\" data-end=\"1899\"><strong data-start=\"1867\" data-end=\"1899\">\ud83d\udd39 Neden Tercih Etmelisiniz?<\/strong><\/h3>\n<p data-start=\"1900\" data-end=\"2246\">Bu <strong data-start=\"1903\" data-end=\"1919\">deri harness<\/strong>, g\u00fc\u00e7l\u00fc bir tarz yaratmak isteyen erkekler i\u00e7in tasarlanm\u0131\u015ft\u0131r. \u015e\u0131kl\u0131\u011f\u0131n\u0131z\u0131 vurgularken, <strong data-start=\"2008\" data-end=\"2040\">\u00f6zg\u00fcvenli ve cesur bir duru\u015f<\/strong> sergileyebilirsiniz. Hem estetik hem de fonksiyonel a\u00e7\u0131dan <strong data-start=\"2100\" data-end=\"2130\">y\u00fcksek kaliteli malzemeler<\/strong> ve <strong data-start=\"2134\" data-end=\"2149\">\u015f\u0131k tasar\u0131m<\/strong> bir araya gelir. <strong data-start=\"2167\" data-end=\"2184\">Fantezi giyim<\/strong> koleksiyonunuzda yer almas\u0131 gereken, dikkat \u00e7ekici bir par\u00e7a.<\/p>\n<hr data-start=\"2248\" data-end=\"2251\" \/>\n<p data-start=\"2253\" data-end=\"2609\" data-is-last-node=\"\" data-is-only-node=\"\"><strong data-start=\"2253\" data-end=\"2283\">Erkekler i\u00e7in Deri Harness<\/strong>, tarz\u0131n\u0131z\u0131 cesur bir \u015fekilde ifade etmenizi sa\u011flayacak g\u00fc\u00e7l\u00fc ve estetik bir tasar\u0131ma sahiptir. <strong data-start=\"2379\" data-end=\"2405\">Ayarlanabilir kay\u0131\u015flar<\/strong>, <strong data-start=\"2407\" data-end=\"2428\">metal aksesuarlar<\/strong> ve <strong data-start=\"2432\" data-end=\"2449\">ba\u011fc\u0131k detay\u0131<\/strong>, \u00fcr\u00fcn\u00fc hem \u015f\u0131k hem de fonksiyonel k\u0131lar. Bu tasar\u0131m, \u00f6zel etkinliklerde veya <strong data-start=\"2527\" data-end=\"2544\">fantezi giyim<\/strong> koleksiyonunda \u00f6ne \u00e7\u0131kmak isteyenler i\u00e7in m\u00fckemmel bir se\u00e7imdir.<\/p>\n","protected":false},"excerpt":{"rendered":"<p><strong data-start=\"55\" data-end=\"104\">Erkekler i\u00e7in tasarlanm\u0131\u015f bu \u015f\u0131k deri harness<\/strong>, g\u00fc\u00e7l\u00fc ve \u00e7ekici bir g\u00f6r\u00fcn\u00fcm sunmak isteyenler i\u00e7in m\u00fckemmel bir tercihtir. <strong data-start=\"181\" data-end=\"223\">Omuzlardan g\u00f6\u011f\u00fcse inen \u00e7apraz kay\u0131\u015flar<\/strong> ve <strong data-start=\"227\" data-end=\"245\">metal halkalar<\/strong>, mask\u00fclen bir tarz yarat\u0131rken, omuz detaylar\u0131ndaki tokalar \u00fcr\u00fcne <strong data-start=\"311\" data-end=\"328\">sert ve g\u00fc\u00e7l\u00fc<\/strong> bir hava katar. Bu tasar\u0131m, stilinizi cesur bir \u015fekilde yans\u0131tman\u0131z\u0131 sa\u011flar. Ayr\u0131ca, <strong data-start=\"414\" data-end=\"440\">ayarlanabilir kay\u0131\u015flar<\/strong> sayesinde v\u00fccudunuza tam uyum sa\u011flar ve rahat bir kullan\u0131m sunar. <strong data-start=\"507\" data-end=\"540\">Arka k\u0131sm\u0131ndaki ba\u011fc\u0131k detay\u0131<\/strong>, hem estetik bir dokunu\u015f hem de <strong data-start=\"573\" data-end=\"585\">esneklik<\/strong> sunarak, tasar\u0131m\u0131 daha fonksiyonel hale getirir.<\/p>\n","protected":false},"featured_media":20352,"comment_status":"open","ping_status":"closed","template":"","meta":[],"product_brand":[127],"product_cat":[100],"product_tag":[421],"class_list":{"0":"post-20277","1":"product","2":"type-product","3":"status-publish","4":"has-post-thumbnail","6":"product_brand-pembe-tilki","7":"product_cat-fantezi-fetis","8":"product_tag-erkek-deri-gogus-harness-omuz-ve-gogus-aksesuari","10":"first","11":"instock","12":"taxable","13":"shipping-taxable","14":"purchasable","15":"product-type-simple"},"yoast_head":"<!-- This site is optimized with the Yoast SEO Premium plugin v24.4 (Yoast SEO v27.1.1) - https:\/\/yoast.com\/product\/yoast-seo-premium-wordpress\/ -->\n<title>Erkek Deri G\u00f6\u011f\u00fcs Harness Omuz Ve G\u00f6\u011f\u00fcs Aksesuar\u0131 - Bursa Erotik Shop<\/title>\n<meta name=\"robots\" content=\"index, follow, max-snippet:-1, max-image-preview:large, max-video-preview:-1\" \/>\n<link rel=\"canonical\" href=\"https:\/\/hobierotikshop.com.tr\/website1\/erotik-shop-urun\/erkek-deri-gogus-harness-omuz-ve-gogus-aksesuari\/\" \/>\n<meta property=\"og:locale\" content=\"tr_TR\" \/>\n<meta property=\"og:type\" content=\"article\" \/>\n<meta property=\"og:title\" content=\"Erkek Deri G\u00f6\u011f\u00fcs Harness Omuz Ve G\u00f6\u011f\u00fcs Aksesuar\u0131\" \/>\n<meta property=\"og:description\" content=\"Erkekler i\u00e7in tasarlanm\u0131\u015f bu \u015f\u0131k deri harness, g\u00fc\u00e7l\u00fc ve \u00e7ekici bir g\u00f6r\u00fcn\u00fcm sunmak isteyenler i\u00e7in m\u00fckemmel bir tercihtir. Omuzlardan g\u00f6\u011f\u00fcse inen \u00e7apraz kay\u0131\u015flar ve metal halkalar, mask\u00fclen bir tarz yarat\u0131rken, omuz detaylar\u0131ndaki tokalar \u00fcr\u00fcne sert ve g\u00fc\u00e7l\u00fc bir hava katar. Bu tasar\u0131m, stilinizi cesur bir \u015fekilde yans\u0131tman\u0131z\u0131 sa\u011flar. Ayr\u0131ca, ayarlanabilir kay\u0131\u015flar sayesinde v\u00fccudunuza tam uyum sa\u011flar ve rahat bir kullan\u0131m sunar. Arka k\u0131sm\u0131ndaki ba\u011fc\u0131k detay\u0131, hem estetik bir dokunu\u015f hem de esneklik sunarak, tasar\u0131m\u0131 daha fonksiyonel hale getirir.\" \/>\n<meta property=\"og:url\" content=\"https:\/\/hobierotikshop.com.tr\/website1\/erotik-shop-urun\/erkek-deri-gogus-harness-omuz-ve-gogus-aksesuari\/\" \/>\n<meta property=\"og:site_name\" content=\"Bursa Erotik Shop\" \/>\n<meta property=\"article:modified_time\" content=\"2026-01-26T12:14:57+00:00\" \/>\n<meta property=\"og:image\" content=\"https:\/\/hobierotikshop.com.tr\/website1\/wp-content\/uploads\/2025\/03\/erkek-deri-gogus-harness-omuz-ve-gogus-aksesuari-2930.jpg\" \/>\n\t<meta property=\"og:image:width\" content=\"1500\" \/>\n\t<meta property=\"og:image:height\" content=\"1500\" \/>\n\t<meta property=\"og:image:type\" content=\"image\/jpeg\" \/>\n<meta name=\"twitter:card\" content=\"summary_large_image\" \/>\n<meta name=\"twitter:site\" content=\"@shopbursa\" \/>\n<meta name=\"twitter:label1\" content=\"Fiyat\" \/>\n\t<meta name=\"twitter:data1\" content=\"&#8378;1.800,00 KDV DAH\u0130L\" \/>\n\t<meta name=\"twitter:label2\" content=\"Availability\" \/>\n\t<meta name=\"twitter:data2\" content=\"In stock\" \/>\n<script type=\"application\/ld+json\" class=\"yoast-schema-graph\">{\"@context\":\"https:\/\/schema.org\",\"@graph\":[{\"@type\":\"WebPage\",\"@id\":\"https:\/\/hobierotikshop.com.tr\/website1\/erotik-shop-urun\/erkek-deri-gogus-harness-omuz-ve-gogus-aksesuari\/\",\"url\":\"https:\/\/hobierotikshop.com.tr\/website1\/erotik-shop-urun\/erkek-deri-gogus-harness-omuz-ve-gogus-aksesuari\/\",\"name\":\"Erkek Deri G\u00f6\u011f\u00fcs Harness Omuz Ve G\u00f6\u011f\u00fcs Aksesuar\u0131 - Bursa Erotik Shop\",\"isPartOf\":{\"@id\":\"https:\/\/hobierotikshop.com.tr\/website1\/#website\"},\"primaryImageOfPage\":{\"@id\":\"https:\/\/hobierotikshop.com.tr\/website1\/erotik-shop-urun\/erkek-deri-gogus-harness-omuz-ve-gogus-aksesuari\/#primaryimage\"},\"image\":{\"@id\":\"https:\/\/hobierotikshop.com.tr\/website1\/erotik-shop-urun\/erkek-deri-gogus-harness-omuz-ve-gogus-aksesuari\/#primaryimage\"},\"thumbnailUrl\":\"https:\/\/haremerotikshop.com\/site\/wp-content\/uploads\/2025\/03\/erkek-deri-gogus-harness-omuz-ve-gogus-aksesuari-2930.jpg\",\"datePublished\":\"2025-03-17T09:52:06+00:00\",\"dateModified\":\"2026-01-26T12:14:57+00:00\",\"breadcrumb\":{\"@id\":\"https:\/\/hobierotikshop.com.tr\/website1\/erotik-shop-urun\/erkek-deri-gogus-harness-omuz-ve-gogus-aksesuari\/#breadcrumb\"},\"inLanguage\":\"tr\",\"potentialAction\":[{\"@type\":\"ReadAction\",\"target\":[\"https:\/\/hobierotikshop.com.tr\/website1\/erotik-shop-urun\/erkek-deri-gogus-harness-omuz-ve-gogus-aksesuari\/\"]}]},{\"@type\":\"ImageObject\",\"inLanguage\":\"tr\",\"@id\":\"https:\/\/hobierotikshop.com.tr\/website1\/erotik-shop-urun\/erkek-deri-gogus-harness-omuz-ve-gogus-aksesuari\/#primaryimage\",\"url\":\"https:\/\/haremerotikshop.com\/site\/wp-content\/uploads\/2025\/03\/erkek-deri-gogus-harness-omuz-ve-gogus-aksesuari-2930.jpg\",\"contentUrl\":\"https:\/\/haremerotikshop.com\/site\/wp-content\/uploads\/2025\/03\/erkek-deri-gogus-harness-omuz-ve-gogus-aksesuari-2930.jpg\",\"width\":1500,\"height\":1500},{\"@type\":\"BreadcrumbList\",\"@id\":\"https:\/\/hobierotikshop.com.tr\/website1\/erotik-shop-urun\/erkek-deri-gogus-harness-omuz-ve-gogus-aksesuari\/#breadcrumb\",\"itemListElement\":[{\"@type\":\"ListItem\",\"position\":1,\"name\":\"Anasayfa\",\"item\":\"https:\/\/hobierotikshop.com.tr\/website1\/\"},{\"@type\":\"ListItem\",\"position\":2,\"name\":\"Erotik Shop \u00dcr\u00fcnleri\",\"item\":\"https:\/\/hobierotikshop.com.tr\/website1\/shop\/\"},{\"@type\":\"ListItem\",\"position\":3,\"name\":\"Erkek Deri G\u00f6\u011f\u00fcs Harness Omuz Ve G\u00f6\u011f\u00fcs Aksesuar\u0131\"}]},{\"@type\":\"WebSite\",\"@id\":\"https:\/\/hobierotikshop.com.tr\/website1\/#website\",\"url\":\"https:\/\/hobierotikshop.com.tr\/website1\/\",\"name\":\"Bursa Erotik Shop\",\"description\":\"Bursa Erotik Shop ile g\u00fcvenli, gizli ve kaliteli yeti\u015fkin \u00fcr\u00fcnleri al\u0131\u015fveri\u015fi! Geni\u015f \u00fcr\u00fcn yelpazemizi ke\u015ffedin, hemen sipari\u015f verin\",\"publisher\":{\"@id\":\"https:\/\/hobierotikshop.com.tr\/website1\/#organization\"},\"alternateName\":\"Erotik Shop\",\"potentialAction\":[{\"@type\":\"SearchAction\",\"target\":{\"@type\":\"EntryPoint\",\"urlTemplate\":\"https:\/\/hobierotikshop.com.tr\/website1\/?s={search_term_string}\"},\"query-input\":{\"@type\":\"PropertyValueSpecification\",\"valueRequired\":true,\"valueName\":\"search_term_string\"}}],\"inLanguage\":\"tr\"},{\"@type\":\"Organization\",\"@id\":\"https:\/\/hobierotikshop.com.tr\/website1\/#organization\",\"name\":\"Harem Bursa Erotik Shop\",\"url\":\"https:\/\/hobierotikshop.com.tr\/website1\/\",\"logo\":{\"@type\":\"ImageObject\",\"inLanguage\":\"tr\",\"@id\":\"https:\/\/hobierotikshop.com.tr\/website1\/#\/schema\/logo\/image\/\",\"url\":\"https:\/\/haremerotikshop.com\/site\/wp-content\/uploads\/2025\/03\/haremsexshop.png\",\"contentUrl\":\"https:\/\/haremerotikshop.com\/site\/wp-content\/uploads\/2025\/03\/haremsexshop.png\",\"width\":400,\"height\":100,\"caption\":\"Harem Bursa Erotik Shop\"},\"image\":{\"@id\":\"https:\/\/hobierotikshop.com.tr\/website1\/#\/schema\/logo\/image\/\"},\"sameAs\":[\"https:\/\/x.com\/shopbursa\"],\"publishingPrinciples\":\"https:\/\/hobierotikshop.com.tr\/website1\/mesafeli-satis-sozlesmesi\/\",\"ownershipFundingInfo\":\"https:\/\/hobierotikshop.com.tr\/website1\/contact-us\/\",\"actionableFeedbackPolicy\":\"https:\/\/hobierotikshop.com.tr\/website1\/contact-us\/\",\"correctionsPolicy\":\"https:\/\/hobierotikshop.com.tr\/website1\/mesafeli-satis-sozlesmesi\/\"}]}<\/script>\n<meta property=\"product:brand\" content=\"Pembe Tilki\" \/>\n<meta property=\"product:price:amount\" content=\"1800.00\" \/>\n<meta property=\"product:price:currency\" content=\"TRY\" \/>\n<meta property=\"og:availability\" content=\"instock\" \/>\n<meta property=\"product:availability\" content=\"instock\" \/>\n<meta property=\"product:retailer_item_id\" content=\"PT-FFXG952BL\" \/>\n<meta property=\"product:condition\" content=\"new\" \/>\n<!-- \/ Yoast SEO Premium plugin. -->","yoast_head_json":{"title":"Erkek Deri G\u00f6\u011f\u00fcs Harness Omuz Ve G\u00f6\u011f\u00fcs Aksesuar\u0131 - Bursa Erotik Shop","robots":{"index":"index","follow":"follow","max-snippet":"max-snippet:-1","max-image-preview":"max-image-preview:large","max-video-preview":"max-video-preview:-1"},"canonical":"https:\/\/hobierotikshop.com.tr\/website1\/erotik-shop-urun\/erkek-deri-gogus-harness-omuz-ve-gogus-aksesuari\/","og_locale":"tr_TR","og_type":"article","og_title":"Erkek Deri G\u00f6\u011f\u00fcs Harness Omuz Ve G\u00f6\u011f\u00fcs Aksesuar\u0131","og_description":"Erkekler i\u00e7in tasarlanm\u0131\u015f bu \u015f\u0131k deri harness, g\u00fc\u00e7l\u00fc ve \u00e7ekici bir g\u00f6r\u00fcn\u00fcm sunmak isteyenler i\u00e7in m\u00fckemmel bir tercihtir. Omuzlardan g\u00f6\u011f\u00fcse inen \u00e7apraz kay\u0131\u015flar ve metal halkalar, mask\u00fclen bir tarz yarat\u0131rken, omuz detaylar\u0131ndaki tokalar \u00fcr\u00fcne sert ve g\u00fc\u00e7l\u00fc bir hava katar. Bu tasar\u0131m, stilinizi cesur bir \u015fekilde yans\u0131tman\u0131z\u0131 sa\u011flar. Ayr\u0131ca, ayarlanabilir kay\u0131\u015flar sayesinde v\u00fccudunuza tam uyum sa\u011flar ve rahat bir kullan\u0131m sunar. Arka k\u0131sm\u0131ndaki ba\u011fc\u0131k detay\u0131, hem estetik bir dokunu\u015f hem de esneklik sunarak, tasar\u0131m\u0131 daha fonksiyonel hale getirir.","og_url":"https:\/\/hobierotikshop.com.tr\/website1\/erotik-shop-urun\/erkek-deri-gogus-harness-omuz-ve-gogus-aksesuari\/","og_site_name":"Bursa Erotik Shop","article_modified_time":"2026-01-26T12:14:57+00:00","og_image":[{"width":1500,"height":1500,"url":"https:\/\/hobierotikshop.com.tr\/website1\/wp-content\/uploads\/2025\/03\/erkek-deri-gogus-harness-omuz-ve-gogus-aksesuari-2930.jpg","type":"image\/jpeg"}],"twitter_card":"summary_large_image","twitter_site":"@shopbursa","twitter_misc":{"Fiyat":"&#8378;1.800,00 KDV DAH\u0130L","Availability":"In stock"},"schema":{"@context":"https:\/\/schema.org","@graph":[{"@type":"WebPage","@id":"https:\/\/hobierotikshop.com.tr\/website1\/erotik-shop-urun\/erkek-deri-gogus-harness-omuz-ve-gogus-aksesuari\/","url":"https:\/\/hobierotikshop.com.tr\/website1\/erotik-shop-urun\/erkek-deri-gogus-harness-omuz-ve-gogus-aksesuari\/","name":"Erkek Deri G\u00f6\u011f\u00fcs Harness Omuz Ve G\u00f6\u011f\u00fcs Aksesuar\u0131 - Bursa Erotik Shop","isPartOf":{"@id":"https:\/\/hobierotikshop.com.tr\/website1\/#website"},"primaryImageOfPage":{"@id":"https:\/\/hobierotikshop.com.tr\/website1\/erotik-shop-urun\/erkek-deri-gogus-harness-omuz-ve-gogus-aksesuari\/#primaryimage"},"image":{"@id":"https:\/\/hobierotikshop.com.tr\/website1\/erotik-shop-urun\/erkek-deri-gogus-harness-omuz-ve-gogus-aksesuari\/#primaryimage"},"thumbnailUrl":"https:\/\/haremerotikshop.com\/site\/wp-content\/uploads\/2025\/03\/erkek-deri-gogus-harness-omuz-ve-gogus-aksesuari-2930.jpg","datePublished":"2025-03-17T09:52:06+00:00","dateModified":"2026-01-26T12:14:57+00:00","breadcrumb":{"@id":"https:\/\/hobierotikshop.com.tr\/website1\/erotik-shop-urun\/erkek-deri-gogus-harness-omuz-ve-gogus-aksesuari\/#breadcrumb"},"inLanguage":"tr","potentialAction":[{"@type":"ReadAction","target":["https:\/\/hobierotikshop.com.tr\/website1\/erotik-shop-urun\/erkek-deri-gogus-harness-omuz-ve-gogus-aksesuari\/"]}]},{"@type":"ImageObject","inLanguage":"tr","@id":"https:\/\/hobierotikshop.com.tr\/website1\/erotik-shop-urun\/erkek-deri-gogus-harness-omuz-ve-gogus-aksesuari\/#primaryimage","url":"https:\/\/haremerotikshop.com\/site\/wp-content\/uploads\/2025\/03\/erkek-deri-gogus-harness-omuz-ve-gogus-aksesuari-2930.jpg","contentUrl":"https:\/\/haremerotikshop.com\/site\/wp-content\/uploads\/2025\/03\/erkek-deri-gogus-harness-omuz-ve-gogus-aksesuari-2930.jpg","width":1500,"height":1500},{"@type":"BreadcrumbList","@id":"https:\/\/hobierotikshop.com.tr\/website1\/erotik-shop-urun\/erkek-deri-gogus-harness-omuz-ve-gogus-aksesuari\/#breadcrumb","itemListElement":[{"@type":"ListItem","position":1,"name":"Anasayfa","item":"https:\/\/hobierotikshop.com.tr\/website1\/"},{"@type":"ListItem","position":2,"name":"Erotik Shop \u00dcr\u00fcnleri","item":"https:\/\/hobierotikshop.com.tr\/website1\/shop\/"},{"@type":"ListItem","position":3,"name":"Erkek Deri G\u00f6\u011f\u00fcs Harness Omuz Ve G\u00f6\u011f\u00fcs Aksesuar\u0131"}]},{"@type":"WebSite","@id":"https:\/\/hobierotikshop.com.tr\/website1\/#website","url":"https:\/\/hobierotikshop.com.tr\/website1\/","name":"Bursa Erotik Shop","description":"Bursa Erotik Shop ile g\u00fcvenli, gizli ve kaliteli yeti\u015fkin \u00fcr\u00fcnleri al\u0131\u015fveri\u015fi! Geni\u015f \u00fcr\u00fcn yelpazemizi ke\u015ffedin, hemen sipari\u015f verin","publisher":{"@id":"https:\/\/hobierotikshop.com.tr\/website1\/#organization"},"alternateName":"Erotik Shop","potentialAction":[{"@type":"SearchAction","target":{"@type":"EntryPoint","urlTemplate":"https:\/\/hobierotikshop.com.tr\/website1\/?s={search_term_string}"},"query-input":{"@type":"PropertyValueSpecification","valueRequired":true,"valueName":"search_term_string"}}],"inLanguage":"tr"},{"@type":"Organization","@id":"https:\/\/hobierotikshop.com.tr\/website1\/#organization","name":"Harem Bursa Erotik Shop","url":"https:\/\/hobierotikshop.com.tr\/website1\/","logo":{"@type":"ImageObject","inLanguage":"tr","@id":"https:\/\/hobierotikshop.com.tr\/website1\/#\/schema\/logo\/image\/","url":"https:\/\/haremerotikshop.com\/site\/wp-content\/uploads\/2025\/03\/haremsexshop.png","contentUrl":"https:\/\/haremerotikshop.com\/site\/wp-content\/uploads\/2025\/03\/haremsexshop.png","width":400,"height":100,"caption":"Harem Bursa Erotik Shop"},"image":{"@id":"https:\/\/hobierotikshop.com.tr\/website1\/#\/schema\/logo\/image\/"},"sameAs":["https:\/\/x.com\/shopbursa"],"publishingPrinciples":"https:\/\/hobierotikshop.com.tr\/website1\/mesafeli-satis-sozlesmesi\/","ownershipFundingInfo":"https:\/\/hobierotikshop.com.tr\/website1\/contact-us\/","actionableFeedbackPolicy":"https:\/\/hobierotikshop.com.tr\/website1\/contact-us\/","correctionsPolicy":"https:\/\/hobierotikshop.com.tr\/website1\/mesafeli-satis-sozlesmesi\/"}]},"product_brand":"Pembe Tilki","product_price_amount":"1800.00","product_price_currency":"TRY","og_availability":"instock","product_availability":"instock","product_retailer_item_id":"PT-FFXG952BL","product_condition":"new"},"_links":{"self":[{"href":"https:\/\/haremerotikshop.com\/site\/wp-json\/wp\/v2\/product\/20277","targetHints":{"allow":["GET"]}}],"collection":[{"href":"https:\/\/haremerotikshop.com\/site\/wp-json\/wp\/v2\/product"}],"about":[{"href":"https:\/\/haremerotikshop.com\/site\/wp-json\/wp\/v2\/types\/product"}],"replies":[{"embeddable":true,"href":"https:\/\/haremerotikshop.com\/site\/wp-json\/wp\/v2\/comments?post=20277"}],"version-history":[{"count":0,"href":"https:\/\/haremerotikshop.com\/site\/wp-json\/wp\/v2\/product\/20277\/revisions"}],"wp:featuredmedia":[{"embeddable":true,"href":"https:\/\/haremerotikshop.com\/site\/wp-json\/wp\/v2\/media\/20352"}],"wp:attachment":[{"href":"https:\/\/haremerotikshop.com\/site\/wp-json\/wp\/v2\/media?parent=20277"}],"wp:term":[{"taxonomy":"product_brand","embeddable":true,"href":"https:\/\/haremerotikshop.com\/site\/wp-json\/wp\/v2\/product_brand?post=20277"},{"taxonomy":"product_cat","embeddable":true,"href":"https:\/\/haremerotikshop.com\/site\/wp-json\/wp\/v2\/product_cat?post=20277"},{"taxonomy":"product_tag","embeddable":true,"href":"https:\/\/haremerotikshop.com\/site\/wp-json\/wp\/v2\/product_tag?post=20277"}],"curies":[{"name":"wp","href":"https:\/\/api.w.org\/{rel}","templated":true}]}}