{"id":20278,"date":"2025-03-17T12:52:06","date_gmt":"2025-03-17T09:52:06","guid":{"rendered":"https:\/\/haremerotikshop.com\/site\/?post_type=product&#038;p=20278"},"modified":"2026-01-26T15:15:32","modified_gmt":"2026-01-26T12:15:32","slug":"kucaklama-fantezi-kemeri-siyah","status":"publish","type":"product","link":"https:\/\/haremerotikshop.com\/site\/erotik-shop-urun\/kucaklama-fantezi-kemeri-siyah\/","title":{"rendered":"Kucaklama Fantezi Kemeri Siyah"},"content":{"rendered":"<p data-start=\"0\" data-end=\"87\"><strong data-start=\"0\" data-end=\"87\">Kucaklama Fantezi Kemeri \u2013 Siyah | Rahat, G\u00fcvenli ve Heyecan Verici Deneyimler \u0130\u00e7in<\/strong><\/p>\n<p data-start=\"89\" data-end=\"603\"><strong data-start=\"89\" data-end=\"125\">Kucaklama Fantezi Kemeri \u2013 Siyah<\/strong>, partnerinizle heyecan verici ve farkl\u0131 pozisyonlar deneyimlemenize yard\u0131mc\u0131 olacak m\u00fckemmel bir aksesuard\u0131r. <strong data-start=\"236\" data-end=\"260\">Omuz ve bel destekli<\/strong> tasar\u0131m\u0131 sayesinde partnerinizi kald\u0131rmak ve <strong data-start=\"306\" data-end=\"330\">konforlu bir deneyim<\/strong> ya\u015famak art\u0131k \u00e7ok daha kolay. Y\u00fcksek kaliteli kuma\u015f ve <strong data-start=\"386\" data-end=\"412\">metal destekli tokalar<\/strong> ile \u00fcretilmi\u015f olan bu kemer, <strong data-start=\"442\" data-end=\"455\">dayan\u0131kl\u0131<\/strong> yap\u0131s\u0131yla uzun \u00f6m\u00fcrl\u00fc kullan\u0131m sunar. <strong data-start=\"494\" data-end=\"517\">Ayarlanabilir kemer<\/strong> yap\u0131s\u0131, her v\u00fccut tipine uyum sa\u011flar ve istenilen s\u0131k\u0131l\u0131kta rahatl\u0131kla ayarlanabilir.<\/p>\n<hr data-start=\"605\" data-end=\"608\" \/>\n<h3 data-start=\"610\" data-end=\"638\"><strong data-start=\"614\" data-end=\"638\">\ud83d\udd39 \u00dcr\u00fcn \u00d6zellikleri:<\/strong><\/h3>\n<h4 data-start=\"640\" data-end=\"657\"><strong data-start=\"645\" data-end=\"657\">Malzeme:<\/strong><\/h4>\n<ul data-start=\"658\" data-end=\"864\">\n<li data-start=\"658\" data-end=\"764\"><strong data-start=\"660\" data-end=\"696\">Y\u00fcksek dayan\u0131kl\u0131l\u0131\u011fa sahip kuma\u015f<\/strong>: Dayan\u0131kl\u0131 ve uzun \u00f6m\u00fcrl\u00fc kullan\u0131m sunar, rahat bir deneyim sa\u011flar.<\/li>\n<li data-start=\"765\" data-end=\"864\"><strong data-start=\"767\" data-end=\"793\">Metal destekli tokalar<\/strong>: G\u00fc\u00e7l\u00fc ve g\u00fcvenli bir ba\u011flant\u0131 sa\u011flar, kolayca ba\u011flan\u0131p \u00e7\u0131kar\u0131labilir.<\/li>\n<\/ul>\n<h4 data-start=\"866\" data-end=\"880\"><strong data-start=\"871\" data-end=\"880\">Renk:<\/strong><\/h4>\n<ul data-start=\"881\" data-end=\"1034\">\n<li data-start=\"881\" data-end=\"1034\"><strong data-start=\"883\" data-end=\"892\">Siyah<\/strong>: Zarif ve \u015f\u0131k bir tasar\u0131ma sahip olan siyah renk, her fantezi setine uyum sa\u011flar ve kullan\u0131c\u0131s\u0131na \u00f6zg\u00fcven katarken estetik bir g\u00f6r\u00fcn\u00fcm sunar.<\/li>\n<\/ul>\n<h4 data-start=\"1036\" data-end=\"1056\"><strong data-start=\"1041\" data-end=\"1056\">\u00d6zellikler:<\/strong><\/h4>\n<ul data-start=\"1057\" data-end=\"1437\">\n<li data-start=\"1057\" data-end=\"1183\"><strong data-start=\"1059\" data-end=\"1082\">Ayarlanabilir Kemer<\/strong>: Kemer, <strong data-start=\"1091\" data-end=\"1117\">farkl\u0131 v\u00fccut tiplerine<\/strong> uyum sa\u011flar ve <strong data-start=\"1133\" data-end=\"1157\">isitenilen s\u0131k\u0131l\u0131kta<\/strong> rahatl\u0131kla ayarlanabilir.<\/li>\n<li data-start=\"1184\" data-end=\"1329\"><strong data-start=\"1186\" data-end=\"1206\">Destekli Ask\u0131lar<\/strong>: <strong data-start=\"1208\" data-end=\"1241\">Omuz, bel ve bacak b\u00f6lgesinde<\/strong> bulunan yumu\u015fak dolgu, <strong data-start=\"1265\" data-end=\"1284\">konforu art\u0131r\u0131r<\/strong> ve uzun s\u00fcreli kullan\u0131mlarda rahatl\u0131k sunar.<\/li>\n<li data-start=\"1330\" data-end=\"1437\"><strong data-start=\"1332\" data-end=\"1350\">Kolay Kullan\u0131m<\/strong>: Ayarlanabilir yap\u0131s\u0131 sayesinde <strong data-start=\"1383\" data-end=\"1405\">kullan\u0131c\u0131 dostudur<\/strong>, h\u0131zl\u0131ca tak\u0131l\u0131p \u00e7\u0131kar\u0131labilir.<\/li>\n<\/ul>\n<hr data-start=\"1439\" data-end=\"1442\" \/>\n<h3 data-start=\"1444\" data-end=\"1484\"><strong data-start=\"1448\" data-end=\"1484\">\ud83d\udd39 \u00d6l\u00e7\u00fcler ve Kullan\u0131m Alanlar\u0131:<\/strong><\/h3>\n<ul data-start=\"1486\" data-end=\"1676\">\n<li data-start=\"1486\" data-end=\"1568\"><strong data-start=\"1488\" data-end=\"1506\">Kemer Uzunlu\u011fu<\/strong>: Ayarlanabilir yap\u0131s\u0131 sayesinde her beden tipine uyum sa\u011flar.<\/li>\n<li data-start=\"1569\" data-end=\"1673\"><strong data-start=\"1571\" data-end=\"1595\">Zincir\/Ask\u0131 Uzunlu\u011fu<\/strong>: <strong data-start=\"1597\" data-end=\"1633\">V\u00fccut \u00f6l\u00e7\u00fcs\u00fcne g\u00f6re esnek yap\u0131da<\/strong> olup rahat hareket edebilmenizi sa\u011flar.<\/li>\n<\/ul>\n<h4 data-start=\"1677\" data-end=\"1704\"><strong data-start=\"1682\" data-end=\"1704\">Kullan\u0131m Alanlar\u0131:<\/strong><\/h4>\n<ul data-start=\"1705\" data-end=\"2065\">\n<li data-start=\"1705\" data-end=\"1832\"><strong data-start=\"1707\" data-end=\"1729\">Farkl\u0131 Pozisyonlar<\/strong>: <strong data-start=\"1731\" data-end=\"1757\">Kucaklama pozisyonlar\u0131<\/strong> gibi \u00f6zel durumlarda partnerinizi kald\u0131rmak i\u00e7in m\u00fckemmel bir yard\u0131mc\u0131d\u0131r.<\/li>\n<li data-start=\"1833\" data-end=\"1943\"><strong data-start=\"1835\" data-end=\"1853\">Kolay Kullan\u0131m<\/strong>: Ayarlanabilir yap\u0131s\u0131 sayesinde kolayca kullan\u0131l\u0131r, h\u0131zl\u0131ca tak\u0131labilir ve \u00e7\u0131kar\u0131labilir.<\/li>\n<li data-start=\"1944\" data-end=\"2065\"><strong data-start=\"1946\" data-end=\"1962\">Dayan\u0131kl\u0131l\u0131k<\/strong>: Uzun s\u00fcreli kullan\u0131ma uygun, <strong data-start=\"1993\" data-end=\"2016\">kaliteli malzemeler<\/strong> kullan\u0131larak \u00fcretilmi\u015ftir, g\u00fcvenli ve sa\u011flamd\u0131r.<\/li>\n<\/ul>\n<hr data-start=\"2067\" data-end=\"2070\" \/>\n<h3 data-start=\"2072\" data-end=\"2108\"><strong data-start=\"2076\" data-end=\"2108\">\ud83d\udd39 Neden Tercih Etmelisiniz?<\/strong><\/h3>\n<h4 data-start=\"2110\" data-end=\"2135\"><strong data-start=\"2115\" data-end=\"2135\">Yeni Deneyimler:<\/strong><\/h4>\n<p data-start=\"2136\" data-end=\"2321\"><strong data-start=\"2136\" data-end=\"2164\">Kucaklama Fantezi Kemeri<\/strong>, partnerinizle daha farkl\u0131 pozisyonlar ve heyecan verici anlar ya\u015faman\u0131za olanak tan\u0131r. Bu \u00f6zel tasar\u0131m, s\u0131radan\u0131n d\u0131\u015f\u0131na \u00e7\u0131karak tutkunuzu daha da art\u0131r\u0131r.<\/p>\n<h4 data-start=\"2323\" data-end=\"2349\"><strong data-start=\"2328\" data-end=\"2349\">Konfor ve Destek:<\/strong><\/h4>\n<p data-start=\"2350\" data-end=\"2507\">Omuz ve bel deste\u011fi sayesinde <strong data-start=\"2380\" data-end=\"2389\">rahat<\/strong> bir kullan\u0131m sunar. Uzun s\u00fcreli kullan\u0131mlarda bile konforu korur. <strong data-start=\"2456\" data-end=\"2473\">Yumu\u015fak dolgu<\/strong> ile her an\u0131 keyifli hale getirir.<\/p>\n<h4 data-start=\"2509\" data-end=\"2536\"><strong data-start=\"2514\" data-end=\"2536\">G\u00fcvenli ve Sa\u011flam:<\/strong><\/h4>\n<p data-start=\"2537\" data-end=\"2731\">Dayan\u0131kl\u0131 <strong data-start=\"2547\" data-end=\"2564\">metal tokalar<\/strong> ve sa\u011flam <strong data-start=\"2575\" data-end=\"2592\">kuma\u015f malzeme<\/strong> sayesinde, kemer g\u00fcvenle kullan\u0131labilir. Partnerinizle yeni deneyimler ya\u015farken, <strong data-start=\"2674\" data-end=\"2685\">g\u00fcvenli<\/strong> bir ortamda olaca\u011f\u0131n\u0131zdan emin olabilirsiniz.<\/p>\n<hr data-start=\"2733\" data-end=\"2736\" \/>\n<h3 data-start=\"2738\" data-end=\"2776\"><strong data-start=\"2742\" data-end=\"2776\">\ud83d\udd39 \u015e\u0131k ve Fonksiyonel Tasar\u0131m:<\/strong><\/h3>\n<p data-start=\"2777\" data-end=\"3053\">Kucaklama Fantezi Kemeri, sadece <strong data-start=\"2810\" data-end=\"2821\">estetik<\/strong> de\u011fil, ayn\u0131 zamanda <strong data-start=\"2842\" data-end=\"2860\">fonksiyonellik<\/strong> ve <strong data-start=\"2864\" data-end=\"2874\">konfor<\/strong> sunar. Hem yeni ba\u015flayanlar hem de deneyimli kullan\u0131c\u0131lar i\u00e7in m\u00fckemmel bir yard\u0131mc\u0131d\u0131r. Fantezi d\u00fcnyas\u0131nda s\u0131n\u0131rlar\u0131 zorlayarak, partnerinizle unutulmaz anlar ya\u015faman\u0131z\u0131 sa\u011flar.<\/p>\n<p data-start=\"3055\" data-end=\"3219\" data-is-last-node=\"\" data-is-only-node=\"\"><strong data-start=\"3055\" data-end=\"3091\">Kucaklama Fantezi Kemeri \u2013 Siyah<\/strong>, her detay\u0131nda g\u00fcvenlik, konfor ve \u015f\u0131kl\u0131\u011f\u0131 bir araya getirerek, partnerinizle \u00f6zel anlar\u0131n\u0131z\u0131 daha da heyecanl\u0131 hale getirecek.<\/p>\n","protected":false},"excerpt":{"rendered":"<p><strong data-start=\"89\" data-end=\"125\">Kucaklama Fantezi Kemeri \u2013 Siyah<\/strong>, partnerinizle heyecan verici ve farkl\u0131 pozisyonlar deneyimlemenize yard\u0131mc\u0131 olacak m\u00fckemmel bir aksesuard\u0131r. <strong data-start=\"236\" data-end=\"260\">Omuz ve bel destekli<\/strong> tasar\u0131m\u0131 sayesinde partnerinizi kald\u0131rmak ve <strong data-start=\"306\" data-end=\"330\">konforlu bir deneyim<\/strong> ya\u015famak art\u0131k \u00e7ok daha kolay. Y\u00fcksek kaliteli kuma\u015f ve <strong data-start=\"386\" data-end=\"412\">metal destekli tokalar<\/strong> ile \u00fcretilmi\u015f olan bu kemer, <strong data-start=\"442\" data-end=\"455\">dayan\u0131kl\u0131<\/strong> yap\u0131s\u0131yla uzun \u00f6m\u00fcrl\u00fc kullan\u0131m sunar. <strong data-start=\"494\" data-end=\"517\">Ayarlanabilir kemer<\/strong> yap\u0131s\u0131, her v\u00fccut tipine uyum sa\u011flar ve istenilen s\u0131k\u0131l\u0131kta rahatl\u0131kla ayarlanabilir.<\/p>\n","protected":false},"featured_media":20359,"comment_status":"open","ping_status":"closed","template":"","meta":[],"product_brand":[127],"product_cat":[100],"product_tag":[422],"class_list":{"0":"post-20278","1":"product","2":"type-product","3":"status-publish","4":"has-post-thumbnail","6":"product_brand-pembe-tilki","7":"product_cat-fantezi-fetis","8":"product_tag-kucaklama-fantezi-kemeri-siyah","10":"first","11":"instock","12":"taxable","13":"shipping-taxable","14":"purchasable","15":"product-type-simple"},"yoast_head":"<!-- This site is optimized with the Yoast SEO Premium plugin v24.4 (Yoast SEO v27.1.1) - https:\/\/yoast.com\/product\/yoast-seo-premium-wordpress\/ -->\n<title>Kucaklama Fantezi Kemeri Siyah - Bursa Erotik Shop<\/title>\n<meta name=\"robots\" content=\"index, follow, max-snippet:-1, max-image-preview:large, max-video-preview:-1\" \/>\n<link rel=\"canonical\" href=\"https:\/\/hobierotikshop.com.tr\/website1\/erotik-shop-urun\/kucaklama-fantezi-kemeri-siyah\/\" \/>\n<meta property=\"og:locale\" content=\"tr_TR\" \/>\n<meta property=\"og:type\" content=\"article\" \/>\n<meta property=\"og:title\" content=\"Kucaklama Fantezi Kemeri Siyah\" \/>\n<meta property=\"og:description\" content=\"Kucaklama Fantezi Kemeri \u2013 Siyah, partnerinizle heyecan verici ve farkl\u0131 pozisyonlar deneyimlemenize yard\u0131mc\u0131 olacak m\u00fckemmel bir aksesuard\u0131r. Omuz ve bel destekli tasar\u0131m\u0131 sayesinde partnerinizi kald\u0131rmak ve konforlu bir deneyim ya\u015famak art\u0131k \u00e7ok daha kolay. Y\u00fcksek kaliteli kuma\u015f ve metal destekli tokalar ile \u00fcretilmi\u015f olan bu kemer, dayan\u0131kl\u0131 yap\u0131s\u0131yla uzun \u00f6m\u00fcrl\u00fc kullan\u0131m sunar. Ayarlanabilir kemer yap\u0131s\u0131, her v\u00fccut tipine uyum sa\u011flar ve istenilen s\u0131k\u0131l\u0131kta rahatl\u0131kla ayarlanabilir.\" \/>\n<meta property=\"og:url\" content=\"https:\/\/hobierotikshop.com.tr\/website1\/erotik-shop-urun\/kucaklama-fantezi-kemeri-siyah\/\" \/>\n<meta property=\"og:site_name\" content=\"Bursa Erotik Shop\" \/>\n<meta property=\"article:modified_time\" content=\"2026-01-26T12:15:32+00:00\" \/>\n<meta property=\"og:image\" content=\"https:\/\/hobierotikshop.com.tr\/website1\/wp-content\/uploads\/2025\/03\/kucaklama-fantezi-kemeri-siyah-2756.jpg\" \/>\n\t<meta property=\"og:image:width\" content=\"1500\" \/>\n\t<meta property=\"og:image:height\" content=\"1500\" \/>\n\t<meta property=\"og:image:type\" content=\"image\/jpeg\" \/>\n<meta name=\"twitter:card\" content=\"summary_large_image\" \/>\n<meta name=\"twitter:site\" content=\"@shopbursa\" \/>\n<meta name=\"twitter:label1\" content=\"Fiyat\" \/>\n\t<meta name=\"twitter:data1\" content=\"&#8378;1.500,00 KDV DAH\u0130L\" \/>\n\t<meta name=\"twitter:label2\" content=\"Availability\" \/>\n\t<meta name=\"twitter:data2\" content=\"In stock\" \/>\n<script type=\"application\/ld+json\" class=\"yoast-schema-graph\">{\"@context\":\"https:\/\/schema.org\",\"@graph\":[{\"@type\":\"WebPage\",\"@id\":\"https:\/\/hobierotikshop.com.tr\/website1\/erotik-shop-urun\/kucaklama-fantezi-kemeri-siyah\/\",\"url\":\"https:\/\/hobierotikshop.com.tr\/website1\/erotik-shop-urun\/kucaklama-fantezi-kemeri-siyah\/\",\"name\":\"Kucaklama Fantezi Kemeri Siyah - Bursa Erotik Shop\",\"isPartOf\":{\"@id\":\"https:\/\/hobierotikshop.com.tr\/website1\/#website\"},\"primaryImageOfPage\":{\"@id\":\"https:\/\/hobierotikshop.com.tr\/website1\/erotik-shop-urun\/kucaklama-fantezi-kemeri-siyah\/#primaryimage\"},\"image\":{\"@id\":\"https:\/\/hobierotikshop.com.tr\/website1\/erotik-shop-urun\/kucaklama-fantezi-kemeri-siyah\/#primaryimage\"},\"thumbnailUrl\":\"https:\/\/haremerotikshop.com\/site\/wp-content\/uploads\/2025\/03\/kucaklama-fantezi-kemeri-siyah-2756.jpg\",\"datePublished\":\"2025-03-17T09:52:06+00:00\",\"dateModified\":\"2026-01-26T12:15:32+00:00\",\"breadcrumb\":{\"@id\":\"https:\/\/hobierotikshop.com.tr\/website1\/erotik-shop-urun\/kucaklama-fantezi-kemeri-siyah\/#breadcrumb\"},\"inLanguage\":\"tr\",\"potentialAction\":[{\"@type\":\"ReadAction\",\"target\":[\"https:\/\/hobierotikshop.com.tr\/website1\/erotik-shop-urun\/kucaklama-fantezi-kemeri-siyah\/\"]}]},{\"@type\":\"ImageObject\",\"inLanguage\":\"tr\",\"@id\":\"https:\/\/hobierotikshop.com.tr\/website1\/erotik-shop-urun\/kucaklama-fantezi-kemeri-siyah\/#primaryimage\",\"url\":\"https:\/\/haremerotikshop.com\/site\/wp-content\/uploads\/2025\/03\/kucaklama-fantezi-kemeri-siyah-2756.jpg\",\"contentUrl\":\"https:\/\/haremerotikshop.com\/site\/wp-content\/uploads\/2025\/03\/kucaklama-fantezi-kemeri-siyah-2756.jpg\",\"width\":1500,\"height\":1500},{\"@type\":\"BreadcrumbList\",\"@id\":\"https:\/\/hobierotikshop.com.tr\/website1\/erotik-shop-urun\/kucaklama-fantezi-kemeri-siyah\/#breadcrumb\",\"itemListElement\":[{\"@type\":\"ListItem\",\"position\":1,\"name\":\"Anasayfa\",\"item\":\"https:\/\/hobierotikshop.com.tr\/website1\/\"},{\"@type\":\"ListItem\",\"position\":2,\"name\":\"Erotik Shop \u00dcr\u00fcnleri\",\"item\":\"https:\/\/hobierotikshop.com.tr\/website1\/shop\/\"},{\"@type\":\"ListItem\",\"position\":3,\"name\":\"Kucaklama Fantezi Kemeri Siyah\"}]},{\"@type\":\"WebSite\",\"@id\":\"https:\/\/hobierotikshop.com.tr\/website1\/#website\",\"url\":\"https:\/\/hobierotikshop.com.tr\/website1\/\",\"name\":\"Bursa Erotik Shop\",\"description\":\"Bursa Erotik Shop ile g\u00fcvenli, gizli ve kaliteli yeti\u015fkin \u00fcr\u00fcnleri al\u0131\u015fveri\u015fi! Geni\u015f \u00fcr\u00fcn yelpazemizi ke\u015ffedin, hemen sipari\u015f verin\",\"publisher\":{\"@id\":\"https:\/\/hobierotikshop.com.tr\/website1\/#organization\"},\"alternateName\":\"Erotik Shop\",\"potentialAction\":[{\"@type\":\"SearchAction\",\"target\":{\"@type\":\"EntryPoint\",\"urlTemplate\":\"https:\/\/hobierotikshop.com.tr\/website1\/?s={search_term_string}\"},\"query-input\":{\"@type\":\"PropertyValueSpecification\",\"valueRequired\":true,\"valueName\":\"search_term_string\"}}],\"inLanguage\":\"tr\"},{\"@type\":\"Organization\",\"@id\":\"https:\/\/hobierotikshop.com.tr\/website1\/#organization\",\"name\":\"Harem Bursa Erotik Shop\",\"url\":\"https:\/\/hobierotikshop.com.tr\/website1\/\",\"logo\":{\"@type\":\"ImageObject\",\"inLanguage\":\"tr\",\"@id\":\"https:\/\/hobierotikshop.com.tr\/website1\/#\/schema\/logo\/image\/\",\"url\":\"https:\/\/haremerotikshop.com\/wp-content\/uploads\/2025\/03\/haremsexshop.png\",\"contentUrl\":\"https:\/\/haremerotikshop.com\/wp-content\/uploads\/2025\/03\/haremsexshop.png\",\"width\":400,\"height\":100,\"caption\":\"Harem Bursa Erotik Shop\"},\"image\":{\"@id\":\"https:\/\/hobierotikshop.com.tr\/website1\/#\/schema\/logo\/image\/\"},\"sameAs\":[\"https:\/\/x.com\/shopbursa\"],\"publishingPrinciples\":\"https:\/\/hobierotikshop.com.tr\/website1\/mesafeli-satis-sozlesmesi\/\",\"ownershipFundingInfo\":\"https:\/\/hobierotikshop.com.tr\/website1\/contact-us\/\",\"actionableFeedbackPolicy\":\"https:\/\/hobierotikshop.com.tr\/website1\/contact-us\/\",\"correctionsPolicy\":\"https:\/\/hobierotikshop.com.tr\/website1\/mesafeli-satis-sozlesmesi\/\"}]}<\/script>\n<meta property=\"product:brand\" content=\"Pembe Tilki\" \/>\n<meta property=\"product:price:amount\" content=\"1500.00\" \/>\n<meta property=\"product:price:currency\" content=\"TRY\" \/>\n<meta property=\"og:availability\" content=\"instock\" \/>\n<meta property=\"product:availability\" content=\"instock\" \/>\n<meta property=\"product:retailer_item_id\" content=\"PT-FFXG816BL\" \/>\n<meta property=\"product:condition\" content=\"new\" \/>\n<!-- \/ Yoast SEO Premium plugin. -->","yoast_head_json":{"title":"Kucaklama Fantezi Kemeri Siyah - Bursa Erotik Shop","robots":{"index":"index","follow":"follow","max-snippet":"max-snippet:-1","max-image-preview":"max-image-preview:large","max-video-preview":"max-video-preview:-1"},"canonical":"https:\/\/hobierotikshop.com.tr\/website1\/erotik-shop-urun\/kucaklama-fantezi-kemeri-siyah\/","og_locale":"tr_TR","og_type":"article","og_title":"Kucaklama Fantezi Kemeri Siyah","og_description":"Kucaklama Fantezi Kemeri \u2013 Siyah, partnerinizle heyecan verici ve farkl\u0131 pozisyonlar deneyimlemenize yard\u0131mc\u0131 olacak m\u00fckemmel bir aksesuard\u0131r. Omuz ve bel destekli tasar\u0131m\u0131 sayesinde partnerinizi kald\u0131rmak ve konforlu bir deneyim ya\u015famak art\u0131k \u00e7ok daha kolay. Y\u00fcksek kaliteli kuma\u015f ve metal destekli tokalar ile \u00fcretilmi\u015f olan bu kemer, dayan\u0131kl\u0131 yap\u0131s\u0131yla uzun \u00f6m\u00fcrl\u00fc kullan\u0131m sunar. Ayarlanabilir kemer yap\u0131s\u0131, her v\u00fccut tipine uyum sa\u011flar ve istenilen s\u0131k\u0131l\u0131kta rahatl\u0131kla ayarlanabilir.","og_url":"https:\/\/hobierotikshop.com.tr\/website1\/erotik-shop-urun\/kucaklama-fantezi-kemeri-siyah\/","og_site_name":"Bursa Erotik Shop","article_modified_time":"2026-01-26T12:15:32+00:00","og_image":[{"width":1500,"height":1500,"url":"https:\/\/hobierotikshop.com.tr\/website1\/wp-content\/uploads\/2025\/03\/kucaklama-fantezi-kemeri-siyah-2756.jpg","type":"image\/jpeg"}],"twitter_card":"summary_large_image","twitter_site":"@shopbursa","twitter_misc":{"Fiyat":"&#8378;1.500,00 KDV DAH\u0130L","Availability":"In stock"},"schema":{"@context":"https:\/\/schema.org","@graph":[{"@type":"WebPage","@id":"https:\/\/hobierotikshop.com.tr\/website1\/erotik-shop-urun\/kucaklama-fantezi-kemeri-siyah\/","url":"https:\/\/hobierotikshop.com.tr\/website1\/erotik-shop-urun\/kucaklama-fantezi-kemeri-siyah\/","name":"Kucaklama Fantezi Kemeri Siyah - Bursa Erotik Shop","isPartOf":{"@id":"https:\/\/hobierotikshop.com.tr\/website1\/#website"},"primaryImageOfPage":{"@id":"https:\/\/hobierotikshop.com.tr\/website1\/erotik-shop-urun\/kucaklama-fantezi-kemeri-siyah\/#primaryimage"},"image":{"@id":"https:\/\/hobierotikshop.com.tr\/website1\/erotik-shop-urun\/kucaklama-fantezi-kemeri-siyah\/#primaryimage"},"thumbnailUrl":"https:\/\/haremerotikshop.com\/site\/wp-content\/uploads\/2025\/03\/kucaklama-fantezi-kemeri-siyah-2756.jpg","datePublished":"2025-03-17T09:52:06+00:00","dateModified":"2026-01-26T12:15:32+00:00","breadcrumb":{"@id":"https:\/\/hobierotikshop.com.tr\/website1\/erotik-shop-urun\/kucaklama-fantezi-kemeri-siyah\/#breadcrumb"},"inLanguage":"tr","potentialAction":[{"@type":"ReadAction","target":["https:\/\/hobierotikshop.com.tr\/website1\/erotik-shop-urun\/kucaklama-fantezi-kemeri-siyah\/"]}]},{"@type":"ImageObject","inLanguage":"tr","@id":"https:\/\/hobierotikshop.com.tr\/website1\/erotik-shop-urun\/kucaklama-fantezi-kemeri-siyah\/#primaryimage","url":"https:\/\/haremerotikshop.com\/site\/wp-content\/uploads\/2025\/03\/kucaklama-fantezi-kemeri-siyah-2756.jpg","contentUrl":"https:\/\/haremerotikshop.com\/site\/wp-content\/uploads\/2025\/03\/kucaklama-fantezi-kemeri-siyah-2756.jpg","width":1500,"height":1500},{"@type":"BreadcrumbList","@id":"https:\/\/hobierotikshop.com.tr\/website1\/erotik-shop-urun\/kucaklama-fantezi-kemeri-siyah\/#breadcrumb","itemListElement":[{"@type":"ListItem","position":1,"name":"Anasayfa","item":"https:\/\/hobierotikshop.com.tr\/website1\/"},{"@type":"ListItem","position":2,"name":"Erotik Shop \u00dcr\u00fcnleri","item":"https:\/\/hobierotikshop.com.tr\/website1\/shop\/"},{"@type":"ListItem","position":3,"name":"Kucaklama Fantezi Kemeri Siyah"}]},{"@type":"WebSite","@id":"https:\/\/hobierotikshop.com.tr\/website1\/#website","url":"https:\/\/hobierotikshop.com.tr\/website1\/","name":"Bursa Erotik Shop","description":"Bursa Erotik Shop ile g\u00fcvenli, gizli ve kaliteli yeti\u015fkin \u00fcr\u00fcnleri al\u0131\u015fveri\u015fi! Geni\u015f \u00fcr\u00fcn yelpazemizi ke\u015ffedin, hemen sipari\u015f verin","publisher":{"@id":"https:\/\/hobierotikshop.com.tr\/website1\/#organization"},"alternateName":"Erotik Shop","potentialAction":[{"@type":"SearchAction","target":{"@type":"EntryPoint","urlTemplate":"https:\/\/hobierotikshop.com.tr\/website1\/?s={search_term_string}"},"query-input":{"@type":"PropertyValueSpecification","valueRequired":true,"valueName":"search_term_string"}}],"inLanguage":"tr"},{"@type":"Organization","@id":"https:\/\/hobierotikshop.com.tr\/website1\/#organization","name":"Harem Bursa Erotik Shop","url":"https:\/\/hobierotikshop.com.tr\/website1\/","logo":{"@type":"ImageObject","inLanguage":"tr","@id":"https:\/\/hobierotikshop.com.tr\/website1\/#\/schema\/logo\/image\/","url":"https:\/\/haremerotikshop.com\/wp-content\/uploads\/2025\/03\/haremsexshop.png","contentUrl":"https:\/\/haremerotikshop.com\/wp-content\/uploads\/2025\/03\/haremsexshop.png","width":400,"height":100,"caption":"Harem Bursa Erotik Shop"},"image":{"@id":"https:\/\/hobierotikshop.com.tr\/website1\/#\/schema\/logo\/image\/"},"sameAs":["https:\/\/x.com\/shopbursa"],"publishingPrinciples":"https:\/\/hobierotikshop.com.tr\/website1\/mesafeli-satis-sozlesmesi\/","ownershipFundingInfo":"https:\/\/hobierotikshop.com.tr\/website1\/contact-us\/","actionableFeedbackPolicy":"https:\/\/hobierotikshop.com.tr\/website1\/contact-us\/","correctionsPolicy":"https:\/\/hobierotikshop.com.tr\/website1\/mesafeli-satis-sozlesmesi\/"}]},"product_brand":"Pembe Tilki","product_price_amount":"1500.00","product_price_currency":"TRY","og_availability":"instock","product_availability":"instock","product_retailer_item_id":"PT-FFXG816BL","product_condition":"new"},"_links":{"self":[{"href":"https:\/\/haremerotikshop.com\/site\/wp-json\/wp\/v2\/product\/20278","targetHints":{"allow":["GET"]}}],"collection":[{"href":"https:\/\/haremerotikshop.com\/site\/wp-json\/wp\/v2\/product"}],"about":[{"href":"https:\/\/haremerotikshop.com\/site\/wp-json\/wp\/v2\/types\/product"}],"replies":[{"embeddable":true,"href":"https:\/\/haremerotikshop.com\/site\/wp-json\/wp\/v2\/comments?post=20278"}],"version-history":[{"count":0,"href":"https:\/\/haremerotikshop.com\/site\/wp-json\/wp\/v2\/product\/20278\/revisions"}],"wp:featuredmedia":[{"embeddable":true,"href":"https:\/\/haremerotikshop.com\/site\/wp-json\/wp\/v2\/media\/20359"}],"wp:attachment":[{"href":"https:\/\/haremerotikshop.com\/site\/wp-json\/wp\/v2\/media?parent=20278"}],"wp:term":[{"taxonomy":"product_brand","embeddable":true,"href":"https:\/\/haremerotikshop.com\/site\/wp-json\/wp\/v2\/product_brand?post=20278"},{"taxonomy":"product_cat","embeddable":true,"href":"https:\/\/haremerotikshop.com\/site\/wp-json\/wp\/v2\/product_cat?post=20278"},{"taxonomy":"product_tag","embeddable":true,"href":"https:\/\/haremerotikshop.com\/site\/wp-json\/wp\/v2\/product_tag?post=20278"}],"curies":[{"name":"wp","href":"https:\/\/api.w.org\/{rel}","templated":true}]}}