{"id":20303,"date":"2025-03-17T12:52:36","date_gmt":"2025-03-17T09:52:36","guid":{"rendered":"https:\/\/haremerotikshop.com\/site\/?post_type=product&#038;p=20303"},"modified":"2026-01-26T15:12:23","modified_gmt":"2026-01-26T12:12:23","slug":"kalca-ve-bilek-baglama-deri-harness-siyah","status":"publish","type":"product","link":"https:\/\/haremerotikshop.com\/site\/erotik-shop-urun\/kalca-ve-bilek-baglama-deri-harness-siyah\/","title":{"rendered":"Kal\u00e7a Ve Bilek Ba\u011flama Deri Harness &#8211; Siyah"},"content":{"rendered":"<h3 data-start=\"0\" data-end=\"86\"><strong data-start=\"4\" data-end=\"86\">Deri Harness Seti &#8211; Kal\u00e7a ve Bilek Ba\u011flama Detaylar\u0131yla Cesur ve \u015e\u0131k Bir Se\u00e7im<\/strong><\/h3>\n<p data-start=\"88\" data-end=\"570\"><strong data-start=\"88\" data-end=\"109\">Deri Harness Seti<\/strong>, cesur tasar\u0131m\u0131 ve \u015f\u0131k detaylar\u0131yla fantezi d\u00fcnyan\u0131z\u0131 canland\u0131rmak i\u00e7in ideal bir se\u00e7enektir. <strong data-start=\"204\" data-end=\"218\">PU deriden<\/strong> \u00fcretilen bu \u00f6zel set, rahatl\u0131k ve dayan\u0131kl\u0131l\u0131\u011f\u0131 bir arada sunar. <strong data-start=\"284\" data-end=\"300\">Kal\u00e7a, bilek<\/strong> ve <strong data-start=\"304\" data-end=\"331\">uyluk ba\u011flama detaylar\u0131<\/strong> ile ki\u015fisel tarz\u0131n\u0131za iddial\u0131 bir dokunu\u015f eklerken, \u00f6zel anlar\u0131n\u0131za heyecan katacakt\u0131r. <strong data-start=\"420\" data-end=\"448\">Ayarlanabilir bel kay\u0131\u015f\u0131<\/strong>, <strong data-start=\"450\" data-end=\"471\">bilek kelep\u00e7eleri<\/strong> ve <strong data-start=\"475\" data-end=\"495\">uyluk man\u015fetleri<\/strong> ile her v\u00fccut tipine uyum sa\u011flar ve konforlu bir kullan\u0131m deneyimi sunar.<\/p>\n<hr data-start=\"572\" data-end=\"575\" \/>\n<h3 data-start=\"577\" data-end=\"605\"><strong data-start=\"581\" data-end=\"605\">\ud83d\udd39 \u00dcr\u00fcn \u00d6zellikleri:<\/strong><\/h3>\n<h4 data-start=\"607\" data-end=\"632\"><strong data-start=\"612\" data-end=\"632\">Malzeme: PU Deri<\/strong><\/h4>\n<ul data-start=\"633\" data-end=\"849\">\n<li data-start=\"633\" data-end=\"849\"><strong data-start=\"635\" data-end=\"646\">PU deri<\/strong>, \u015f\u0131kl\u0131\u011f\u0131, dayan\u0131kl\u0131l\u0131\u011f\u0131 ve konforu bir arada sunan m\u00fckemmel bir malzemedir. Kolayca temizlenebilir ve uzun \u00f6m\u00fcrl\u00fc kullan\u0131m sa\u011flar. Yumu\u015fak dokusu, ciltle uyumlu olup, g\u00fcvenli ve rahat bir deneyim sunar.<\/li>\n<\/ul>\n<h4 data-start=\"851\" data-end=\"871\"><strong data-start=\"856\" data-end=\"871\">Renk: Siyah<\/strong><\/h4>\n<ul data-start=\"872\" data-end=\"1031\">\n<li data-start=\"872\" data-end=\"1031\"><strong data-start=\"874\" data-end=\"888\">Siyah renk<\/strong>, \u015f\u0131kl\u0131\u011f\u0131n ve zarafetin simgesidir. Hem g\u00fcnl\u00fck kullan\u0131mda hem de \u00f6zel anlarda cesur bir tarz sergilemek isteyenler i\u00e7in m\u00fckemmel bir tercihtir.<\/li>\n<\/ul>\n<hr data-start=\"1033\" data-end=\"1036\" \/>\n<h3 data-start=\"1038\" data-end=\"1084\"><strong data-start=\"1042\" data-end=\"1084\">\ud83d\udd39 Ayarlanabilir ve Ergonomik Tasar\u0131m:<\/strong><\/h3>\n<h4 data-start=\"1086\" data-end=\"1121\"><strong data-start=\"1091\" data-end=\"1121\">Bel Kay\u0131\u015f\u0131: 66 cm &#8211; 107 cm<\/strong><\/h4>\n<ul data-start=\"1122\" data-end=\"1304\">\n<li data-start=\"1122\" data-end=\"1304\"><strong data-start=\"1124\" data-end=\"1138\">Bel kay\u0131\u015f\u0131<\/strong>, <strong data-start=\"1140\" data-end=\"1169\">66 cm ile 107 cm aras\u0131nda<\/strong> ayarlanabilir, b\u00f6ylece farkl\u0131 v\u00fccut \u00f6l\u00e7\u00fclerine kolayca uyum sa\u011flar. Konforlu bir oturu\u015f ve g\u00fcvenli kullan\u0131m i\u00e7in ideal bir tasar\u0131md\u0131r.<\/li>\n<\/ul>\n<h4 data-start=\"1306\" data-end=\"1347\"><strong data-start=\"1311\" data-end=\"1347\">Bilek Kelep\u00e7eleri: 22 cm &#8211; 31 cm<\/strong><\/h4>\n<ul data-start=\"1348\" data-end=\"1543\">\n<li data-start=\"1348\" data-end=\"1543\"><strong data-start=\"1350\" data-end=\"1371\">Bilek kelep\u00e7eleri<\/strong>, <strong data-start=\"1373\" data-end=\"1401\">22 cm ile 31 cm aras\u0131nda<\/strong> ayarlanabilir, kullan\u0131c\u0131n\u0131n ihtiya\u00e7lar\u0131na g\u00f6re kolayca \u015fekil alabilir. Bu \u00f6zellik, kullan\u0131c\u0131ya ki\u015fisel tercihine g\u00f6re maksimum konfor sa\u011flar.<\/li>\n<\/ul>\n<h4 data-start=\"1545\" data-end=\"1586\"><strong data-start=\"1550\" data-end=\"1586\">Uyluk Kelep\u00e7eleri: 46 cm &#8211; 67 cm<\/strong><\/h4>\n<ul data-start=\"1587\" data-end=\"1747\">\n<li data-start=\"1587\" data-end=\"1747\"><strong data-start=\"1589\" data-end=\"1609\">Uyluk man\u015fetleri<\/strong>, <strong data-start=\"1611\" data-end=\"1639\">46 cm ile 67 cm aras\u0131nda<\/strong> esneklik sa\u011flar. Hem <strong data-start=\"1661\" data-end=\"1673\">konforlu<\/strong> hem de <strong data-start=\"1681\" data-end=\"1692\">g\u00fcvenli<\/strong> bir kullan\u0131m sunarak, v\u00fccudunuza m\u00fckemmel uyum sa\u011flar.<\/li>\n<\/ul>\n<hr data-start=\"1749\" data-end=\"1752\" \/>\n<h3 data-start=\"1754\" data-end=\"1777\"><strong data-start=\"1758\" data-end=\"1777\">\ud83d\udd39 Set \u0130\u00e7eri\u011fi:<\/strong><\/h3>\n<ul data-start=\"1778\" data-end=\"2059\">\n<li data-start=\"1778\" data-end=\"1860\"><strong data-start=\"1780\" data-end=\"1794\">Bel Kay\u0131\u015f\u0131<\/strong>: Ayarlanabilir uzunlu\u011fu ile rahat\u00e7a tak\u0131labilir ve \u00e7\u0131kar\u0131labilir.<\/li>\n<li data-start=\"1861\" data-end=\"1960\"><strong data-start=\"1863\" data-end=\"1884\">Bilek Kelep\u00e7eleri<\/strong>: \u00d6zel anlar\u0131n\u0131z\u0131 daha heyecanl\u0131 hale getirecek ve \u015f\u0131kl\u0131\u011f\u0131n\u0131z\u0131 tamamlayacak.<\/li>\n<li data-start=\"1961\" data-end=\"2059\"><strong data-start=\"1963\" data-end=\"1983\">Uyluk Man\u015fetleri<\/strong>: Hem rahatl\u0131k hem de g\u00f6rsel \u00e7ekicilik i\u00e7in tasarlanm\u0131\u015f, esnek ve dayan\u0131kl\u0131.<\/li>\n<\/ul>\n<hr data-start=\"2061\" data-end=\"2064\" \/>\n<h3 data-start=\"2066\" data-end=\"2101\"><strong data-start=\"2070\" data-end=\"2101\">\ud83d\udd39 Neden Deri Harness Seti?<\/strong><\/h3>\n<p data-start=\"2102\" data-end=\"2596\">Bu set, <strong data-start=\"2110\" data-end=\"2136\">\u00f6zg\u00fcveninizi art\u0131rarak<\/strong>, tarz\u0131n\u0131za cesur bir dokunu\u015f ekleyecek ve <strong data-start=\"2179\" data-end=\"2206\">fantezi deneyimlerinizi<\/strong> daha heyecan verici hale getirecektir. <strong data-start=\"2246\" data-end=\"2257\">PU deri<\/strong> malzemesi sayesinde \u015f\u0131kl\u0131\u011f\u0131 ve dayan\u0131kl\u0131l\u0131\u011f\u0131 birle\u015ftirirken, <strong data-start=\"2319\" data-end=\"2345\">ayarlanabilir kay\u0131\u015flar<\/strong> ile konforlu ve g\u00fcvenli bir kullan\u0131m sunar. <strong data-start=\"2390\" data-end=\"2404\">Siyah renk<\/strong>, zarif ve cesur bir g\u00f6r\u00fcn\u00fcm sa\u011flayarak, sizi her ortamda \u00f6ne \u00e7\u0131kar\u0131r. Bu \u00f6zel <strong data-start=\"2483\" data-end=\"2499\">harness seti<\/strong>, her detay\u0131yla v\u00fccut hatlar\u0131n\u0131za uyum sa\u011flar ve ki\u015fisel tercihlerinize g\u00f6re \u00f6zelle\u015ftirilebilir.<\/p>\n<hr data-start=\"2598\" data-end=\"2601\" \/>\n<h3 data-start=\"2603\" data-end=\"2635\"><strong data-start=\"2607\" data-end=\"2635\">\ud83d\udd39 Kullan\u0131m ve Temizlik:<\/strong><\/h3>\n<ul data-start=\"2636\" data-end=\"2788\">\n<li data-start=\"2636\" data-end=\"2788\"><strong data-start=\"2638\" data-end=\"2656\">Kolay Temizlik<\/strong>: PU deri malzeme, kolayca temizlenebilir. Sadece nemli bir bez ile silerek uzun s\u00fcre temiz ve hijyenik kalmas\u0131n\u0131 sa\u011flayabilirsiniz.<\/li>\n<\/ul>\n<hr data-start=\"2790\" data-end=\"2793\" \/>\n<h3 data-start=\"2795\" data-end=\"2820\"><strong data-start=\"2799\" data-end=\"2820\">\ud83d\udd39 Paket \u0130\u00e7eri\u011fi:<\/strong><\/h3>\n<ul data-start=\"2821\" data-end=\"3057\">\n<li data-start=\"2821\" data-end=\"3057\"><strong data-start=\"2823\" data-end=\"2839\">\u015e\u0131k ambalaj\u0131<\/strong> ile g\u00f6nderilen <strong data-start=\"2855\" data-end=\"2876\">Deri Harness Seti<\/strong>, \u00f6zel g\u00fcnlerinizde <strong data-start=\"2896\" data-end=\"2913\">hediye olarak<\/strong> ya da <strong data-start=\"2920\" data-end=\"2940\">ki\u015fisel kullan\u0131m<\/strong> i\u00e7in m\u00fckemmel bir se\u00e7enektir. Zarif ambalaj\u0131, \u00fcr\u00fcn\u00fcn kalitesini vurgular ve kullan\u0131m\u0131n\u0131za \u00f6zel bir atmosfer yarat\u0131r.<\/li>\n<\/ul>\n<hr data-start=\"3059\" data-end=\"3062\" \/>\n<p data-start=\"3064\" data-end=\"3401\" data-is-last-node=\"\" data-is-only-node=\"\"><strong data-start=\"3064\" data-end=\"3085\">Deri Harness Seti<\/strong>, fantezi d\u00fcnyan\u0131z\u0131 canland\u0131rmak, stilinizi ve cesaretinizi yans\u0131tmak i\u00e7in tasarlanm\u0131\u015ft\u0131r. <strong data-start=\"3176\" data-end=\"3188\">Konforlu<\/strong>, <strong data-start=\"3190\" data-end=\"3197\">\u015f\u0131k<\/strong> ve <strong data-start=\"3201\" data-end=\"3214\">dayan\u0131kl\u0131<\/strong> yap\u0131s\u0131 sayesinde uzun s\u00fcreli kullan\u0131mlar i\u00e7in idealdir. <strong data-start=\"3271\" data-end=\"3290\">\u00d6zel anlar\u0131n\u0131za<\/strong> iddial\u0131 ve \u015f\u0131k bir dokunu\u015f katacak olan bu set, hem g\u00f6rsel hem de duyusal anlamda unutulmaz bir deneyim sunar.<\/p>\n","protected":false},"excerpt":{"rendered":"<p><strong data-start=\"88\" data-end=\"109\">Deri Harness Seti<\/strong>, cesur tasar\u0131m\u0131 ve \u015f\u0131k detaylar\u0131yla fantezi d\u00fcnyan\u0131z\u0131 canland\u0131rmak i\u00e7in ideal bir se\u00e7enektir. <strong data-start=\"204\" data-end=\"218\">PU deriden<\/strong> \u00fcretilen bu \u00f6zel set, rahatl\u0131k ve dayan\u0131kl\u0131l\u0131\u011f\u0131 bir arada sunar. <strong data-start=\"284\" data-end=\"300\">Kal\u00e7a, bilek<\/strong> ve <strong data-start=\"304\" data-end=\"331\">uyluk ba\u011flama detaylar\u0131<\/strong> ile ki\u015fisel tarz\u0131n\u0131za iddial\u0131 bir dokunu\u015f eklerken, \u00f6zel anlar\u0131n\u0131za heyecan katacakt\u0131r. <strong data-start=\"420\" data-end=\"448\">Ayarlanabilir bel kay\u0131\u015f\u0131<\/strong>, <strong data-start=\"450\" data-end=\"471\">bilek kelep\u00e7eleri<\/strong> ve <strong data-start=\"475\" data-end=\"495\">uyluk man\u015fetleri<\/strong> ile her v\u00fccut tipine uyum sa\u011flar ve konforlu bir kullan\u0131m deneyimi sunar.<\/p>\n","protected":false},"featured_media":20383,"comment_status":"open","ping_status":"closed","template":"","meta":[],"product_brand":[127],"product_cat":[100],"product_tag":[426],"class_list":{"0":"post-20303","1":"product","2":"type-product","3":"status-publish","4":"has-post-thumbnail","6":"product_brand-pembe-tilki","7":"product_cat-fantezi-fetis","8":"product_tag-kalca-ve-bilek-baglama-deri-harness-siyah","10":"first","11":"instock","12":"taxable","13":"shipping-taxable","14":"purchasable","15":"product-type-simple"},"yoast_head":"<!-- This site is optimized with the Yoast SEO Premium plugin v24.4 (Yoast SEO v27.1.1) - https:\/\/yoast.com\/product\/yoast-seo-premium-wordpress\/ -->\n<title>Kal\u00e7a Ve Bilek Ba\u011flama Deri Harness - Siyah - Bursa Erotik Shop<\/title>\n<meta name=\"robots\" content=\"index, follow, max-snippet:-1, max-image-preview:large, max-video-preview:-1\" \/>\n<link rel=\"canonical\" href=\"https:\/\/hobierotikshop.com.tr\/website1\/erotik-shop-urun\/kalca-ve-bilek-baglama-deri-harness-siyah\/\" \/>\n<meta property=\"og:locale\" content=\"tr_TR\" \/>\n<meta property=\"og:type\" content=\"article\" \/>\n<meta property=\"og:title\" content=\"Kal\u00e7a Ve Bilek Ba\u011flama Deri Harness - Siyah\" \/>\n<meta property=\"og:description\" content=\"Deri Harness Seti, cesur tasar\u0131m\u0131 ve \u015f\u0131k detaylar\u0131yla fantezi d\u00fcnyan\u0131z\u0131 canland\u0131rmak i\u00e7in ideal bir se\u00e7enektir. PU deriden \u00fcretilen bu \u00f6zel set, rahatl\u0131k ve dayan\u0131kl\u0131l\u0131\u011f\u0131 bir arada sunar. Kal\u00e7a, bilek ve uyluk ba\u011flama detaylar\u0131 ile ki\u015fisel tarz\u0131n\u0131za iddial\u0131 bir dokunu\u015f eklerken, \u00f6zel anlar\u0131n\u0131za heyecan katacakt\u0131r. Ayarlanabilir bel kay\u0131\u015f\u0131, bilek kelep\u00e7eleri ve uyluk man\u015fetleri ile her v\u00fccut tipine uyum sa\u011flar ve konforlu bir kullan\u0131m deneyimi sunar.\" \/>\n<meta property=\"og:url\" content=\"https:\/\/hobierotikshop.com.tr\/website1\/erotik-shop-urun\/kalca-ve-bilek-baglama-deri-harness-siyah\/\" \/>\n<meta property=\"og:site_name\" content=\"Bursa Erotik Shop\" \/>\n<meta property=\"article:modified_time\" content=\"2026-01-26T12:12:23+00:00\" \/>\n<meta property=\"og:image\" content=\"https:\/\/hobierotikshop.com.tr\/website1\/wp-content\/uploads\/2025\/03\/kalca-ve-bilek-baglama-deri-harness-siyah-2951.jpg\" \/>\n\t<meta property=\"og:image:width\" content=\"1500\" \/>\n\t<meta property=\"og:image:height\" content=\"1500\" \/>\n\t<meta property=\"og:image:type\" content=\"image\/jpeg\" \/>\n<meta name=\"twitter:card\" content=\"summary_large_image\" \/>\n<meta name=\"twitter:site\" content=\"@shopbursa\" \/>\n<meta name=\"twitter:label1\" content=\"Fiyat\" \/>\n\t<meta name=\"twitter:data1\" content=\"&#8378;1.200,00 KDV DAH\u0130L\" \/>\n\t<meta name=\"twitter:label2\" content=\"Availability\" \/>\n\t<meta name=\"twitter:data2\" content=\"In stock\" \/>\n<script type=\"application\/ld+json\" class=\"yoast-schema-graph\">{\"@context\":\"https:\/\/schema.org\",\"@graph\":[{\"@type\":\"WebPage\",\"@id\":\"https:\/\/hobierotikshop.com.tr\/website1\/erotik-shop-urun\/kalca-ve-bilek-baglama-deri-harness-siyah\/\",\"url\":\"https:\/\/hobierotikshop.com.tr\/website1\/erotik-shop-urun\/kalca-ve-bilek-baglama-deri-harness-siyah\/\",\"name\":\"Kal\u00e7a Ve Bilek Ba\u011flama Deri Harness - Siyah - Bursa Erotik Shop\",\"isPartOf\":{\"@id\":\"https:\/\/hobierotikshop.com.tr\/website1\/#website\"},\"primaryImageOfPage\":{\"@id\":\"https:\/\/hobierotikshop.com.tr\/website1\/erotik-shop-urun\/kalca-ve-bilek-baglama-deri-harness-siyah\/#primaryimage\"},\"image\":{\"@id\":\"https:\/\/hobierotikshop.com.tr\/website1\/erotik-shop-urun\/kalca-ve-bilek-baglama-deri-harness-siyah\/#primaryimage\"},\"thumbnailUrl\":\"https:\/\/haremerotikshop.com\/site\/wp-content\/uploads\/2025\/03\/kalca-ve-bilek-baglama-deri-harness-siyah-2951.jpg\",\"datePublished\":\"2025-03-17T09:52:36+00:00\",\"dateModified\":\"2026-01-26T12:12:23+00:00\",\"breadcrumb\":{\"@id\":\"https:\/\/hobierotikshop.com.tr\/website1\/erotik-shop-urun\/kalca-ve-bilek-baglama-deri-harness-siyah\/#breadcrumb\"},\"inLanguage\":\"tr\",\"potentialAction\":[{\"@type\":\"ReadAction\",\"target\":[\"https:\/\/hobierotikshop.com.tr\/website1\/erotik-shop-urun\/kalca-ve-bilek-baglama-deri-harness-siyah\/\"]}]},{\"@type\":\"ImageObject\",\"inLanguage\":\"tr\",\"@id\":\"https:\/\/hobierotikshop.com.tr\/website1\/erotik-shop-urun\/kalca-ve-bilek-baglama-deri-harness-siyah\/#primaryimage\",\"url\":\"https:\/\/haremerotikshop.com\/site\/wp-content\/uploads\/2025\/03\/kalca-ve-bilek-baglama-deri-harness-siyah-2951.jpg\",\"contentUrl\":\"https:\/\/haremerotikshop.com\/site\/wp-content\/uploads\/2025\/03\/kalca-ve-bilek-baglama-deri-harness-siyah-2951.jpg\",\"width\":1500,\"height\":1500},{\"@type\":\"BreadcrumbList\",\"@id\":\"https:\/\/hobierotikshop.com.tr\/website1\/erotik-shop-urun\/kalca-ve-bilek-baglama-deri-harness-siyah\/#breadcrumb\",\"itemListElement\":[{\"@type\":\"ListItem\",\"position\":1,\"name\":\"Anasayfa\",\"item\":\"https:\/\/hobierotikshop.com.tr\/website1\/\"},{\"@type\":\"ListItem\",\"position\":2,\"name\":\"Erotik Shop \u00dcr\u00fcnleri\",\"item\":\"https:\/\/hobierotikshop.com.tr\/website1\/shop\/\"},{\"@type\":\"ListItem\",\"position\":3,\"name\":\"Kal\u00e7a Ve Bilek Ba\u011flama Deri Harness &#8211; Siyah\"}]},{\"@type\":\"WebSite\",\"@id\":\"https:\/\/hobierotikshop.com.tr\/website1\/#website\",\"url\":\"https:\/\/hobierotikshop.com.tr\/website1\/\",\"name\":\"Bursa Erotik Shop\",\"description\":\"Bursa Erotik Shop ile g\u00fcvenli, gizli ve kaliteli yeti\u015fkin \u00fcr\u00fcnleri al\u0131\u015fveri\u015fi! Geni\u015f \u00fcr\u00fcn yelpazemizi ke\u015ffedin, hemen sipari\u015f verin\",\"publisher\":{\"@id\":\"https:\/\/hobierotikshop.com.tr\/website1\/#organization\"},\"alternateName\":\"Erotik Shop\",\"potentialAction\":[{\"@type\":\"SearchAction\",\"target\":{\"@type\":\"EntryPoint\",\"urlTemplate\":\"https:\/\/hobierotikshop.com.tr\/website1\/?s={search_term_string}\"},\"query-input\":{\"@type\":\"PropertyValueSpecification\",\"valueRequired\":true,\"valueName\":\"search_term_string\"}}],\"inLanguage\":\"tr\"},{\"@type\":\"Organization\",\"@id\":\"https:\/\/hobierotikshop.com.tr\/website1\/#organization\",\"name\":\"Harem Bursa Erotik Shop\",\"url\":\"https:\/\/hobierotikshop.com.tr\/website1\/\",\"logo\":{\"@type\":\"ImageObject\",\"inLanguage\":\"tr\",\"@id\":\"https:\/\/hobierotikshop.com.tr\/website1\/#\/schema\/logo\/image\/\",\"url\":\"https:\/\/haremerotikshop.com\/wp-content\/uploads\/2025\/03\/haremsexshop.png\",\"contentUrl\":\"https:\/\/haremerotikshop.com\/wp-content\/uploads\/2025\/03\/haremsexshop.png\",\"width\":400,\"height\":100,\"caption\":\"Harem Bursa Erotik Shop\"},\"image\":{\"@id\":\"https:\/\/hobierotikshop.com.tr\/website1\/#\/schema\/logo\/image\/\"},\"sameAs\":[\"https:\/\/x.com\/shopbursa\"],\"publishingPrinciples\":\"https:\/\/hobierotikshop.com.tr\/website1\/mesafeli-satis-sozlesmesi\/\",\"ownershipFundingInfo\":\"https:\/\/hobierotikshop.com.tr\/website1\/contact-us\/\",\"actionableFeedbackPolicy\":\"https:\/\/hobierotikshop.com.tr\/website1\/contact-us\/\",\"correctionsPolicy\":\"https:\/\/hobierotikshop.com.tr\/website1\/mesafeli-satis-sozlesmesi\/\"}]}<\/script>\n<meta property=\"product:brand\" content=\"Pembe Tilki\" \/>\n<meta property=\"product:price:amount\" content=\"1200.00\" \/>\n<meta property=\"product:price:currency\" content=\"TRY\" \/>\n<meta property=\"og:availability\" content=\"instock\" \/>\n<meta property=\"product:availability\" content=\"instock\" \/>\n<meta property=\"product:retailer_item_id\" content=\"PT-FFXG926BL\" \/>\n<meta property=\"product:condition\" content=\"new\" \/>\n<!-- \/ Yoast SEO Premium plugin. -->","yoast_head_json":{"title":"Kal\u00e7a Ve Bilek Ba\u011flama Deri Harness - Siyah - Bursa Erotik Shop","robots":{"index":"index","follow":"follow","max-snippet":"max-snippet:-1","max-image-preview":"max-image-preview:large","max-video-preview":"max-video-preview:-1"},"canonical":"https:\/\/hobierotikshop.com.tr\/website1\/erotik-shop-urun\/kalca-ve-bilek-baglama-deri-harness-siyah\/","og_locale":"tr_TR","og_type":"article","og_title":"Kal\u00e7a Ve Bilek Ba\u011flama Deri Harness - Siyah","og_description":"Deri Harness Seti, cesur tasar\u0131m\u0131 ve \u015f\u0131k detaylar\u0131yla fantezi d\u00fcnyan\u0131z\u0131 canland\u0131rmak i\u00e7in ideal bir se\u00e7enektir. PU deriden \u00fcretilen bu \u00f6zel set, rahatl\u0131k ve dayan\u0131kl\u0131l\u0131\u011f\u0131 bir arada sunar. Kal\u00e7a, bilek ve uyluk ba\u011flama detaylar\u0131 ile ki\u015fisel tarz\u0131n\u0131za iddial\u0131 bir dokunu\u015f eklerken, \u00f6zel anlar\u0131n\u0131za heyecan katacakt\u0131r. Ayarlanabilir bel kay\u0131\u015f\u0131, bilek kelep\u00e7eleri ve uyluk man\u015fetleri ile her v\u00fccut tipine uyum sa\u011flar ve konforlu bir kullan\u0131m deneyimi sunar.","og_url":"https:\/\/hobierotikshop.com.tr\/website1\/erotik-shop-urun\/kalca-ve-bilek-baglama-deri-harness-siyah\/","og_site_name":"Bursa Erotik Shop","article_modified_time":"2026-01-26T12:12:23+00:00","og_image":[{"width":1500,"height":1500,"url":"https:\/\/hobierotikshop.com.tr\/website1\/wp-content\/uploads\/2025\/03\/kalca-ve-bilek-baglama-deri-harness-siyah-2951.jpg","type":"image\/jpeg"}],"twitter_card":"summary_large_image","twitter_site":"@shopbursa","twitter_misc":{"Fiyat":"&#8378;1.200,00 KDV DAH\u0130L","Availability":"In stock"},"schema":{"@context":"https:\/\/schema.org","@graph":[{"@type":"WebPage","@id":"https:\/\/hobierotikshop.com.tr\/website1\/erotik-shop-urun\/kalca-ve-bilek-baglama-deri-harness-siyah\/","url":"https:\/\/hobierotikshop.com.tr\/website1\/erotik-shop-urun\/kalca-ve-bilek-baglama-deri-harness-siyah\/","name":"Kal\u00e7a Ve Bilek Ba\u011flama Deri Harness - Siyah - Bursa Erotik Shop","isPartOf":{"@id":"https:\/\/hobierotikshop.com.tr\/website1\/#website"},"primaryImageOfPage":{"@id":"https:\/\/hobierotikshop.com.tr\/website1\/erotik-shop-urun\/kalca-ve-bilek-baglama-deri-harness-siyah\/#primaryimage"},"image":{"@id":"https:\/\/hobierotikshop.com.tr\/website1\/erotik-shop-urun\/kalca-ve-bilek-baglama-deri-harness-siyah\/#primaryimage"},"thumbnailUrl":"https:\/\/haremerotikshop.com\/site\/wp-content\/uploads\/2025\/03\/kalca-ve-bilek-baglama-deri-harness-siyah-2951.jpg","datePublished":"2025-03-17T09:52:36+00:00","dateModified":"2026-01-26T12:12:23+00:00","breadcrumb":{"@id":"https:\/\/hobierotikshop.com.tr\/website1\/erotik-shop-urun\/kalca-ve-bilek-baglama-deri-harness-siyah\/#breadcrumb"},"inLanguage":"tr","potentialAction":[{"@type":"ReadAction","target":["https:\/\/hobierotikshop.com.tr\/website1\/erotik-shop-urun\/kalca-ve-bilek-baglama-deri-harness-siyah\/"]}]},{"@type":"ImageObject","inLanguage":"tr","@id":"https:\/\/hobierotikshop.com.tr\/website1\/erotik-shop-urun\/kalca-ve-bilek-baglama-deri-harness-siyah\/#primaryimage","url":"https:\/\/haremerotikshop.com\/site\/wp-content\/uploads\/2025\/03\/kalca-ve-bilek-baglama-deri-harness-siyah-2951.jpg","contentUrl":"https:\/\/haremerotikshop.com\/site\/wp-content\/uploads\/2025\/03\/kalca-ve-bilek-baglama-deri-harness-siyah-2951.jpg","width":1500,"height":1500},{"@type":"BreadcrumbList","@id":"https:\/\/hobierotikshop.com.tr\/website1\/erotik-shop-urun\/kalca-ve-bilek-baglama-deri-harness-siyah\/#breadcrumb","itemListElement":[{"@type":"ListItem","position":1,"name":"Anasayfa","item":"https:\/\/hobierotikshop.com.tr\/website1\/"},{"@type":"ListItem","position":2,"name":"Erotik Shop \u00dcr\u00fcnleri","item":"https:\/\/hobierotikshop.com.tr\/website1\/shop\/"},{"@type":"ListItem","position":3,"name":"Kal\u00e7a Ve Bilek Ba\u011flama Deri Harness &#8211; Siyah"}]},{"@type":"WebSite","@id":"https:\/\/hobierotikshop.com.tr\/website1\/#website","url":"https:\/\/hobierotikshop.com.tr\/website1\/","name":"Bursa Erotik Shop","description":"Bursa Erotik Shop ile g\u00fcvenli, gizli ve kaliteli yeti\u015fkin \u00fcr\u00fcnleri al\u0131\u015fveri\u015fi! Geni\u015f \u00fcr\u00fcn yelpazemizi ke\u015ffedin, hemen sipari\u015f verin","publisher":{"@id":"https:\/\/hobierotikshop.com.tr\/website1\/#organization"},"alternateName":"Erotik Shop","potentialAction":[{"@type":"SearchAction","target":{"@type":"EntryPoint","urlTemplate":"https:\/\/hobierotikshop.com.tr\/website1\/?s={search_term_string}"},"query-input":{"@type":"PropertyValueSpecification","valueRequired":true,"valueName":"search_term_string"}}],"inLanguage":"tr"},{"@type":"Organization","@id":"https:\/\/hobierotikshop.com.tr\/website1\/#organization","name":"Harem Bursa Erotik Shop","url":"https:\/\/hobierotikshop.com.tr\/website1\/","logo":{"@type":"ImageObject","inLanguage":"tr","@id":"https:\/\/hobierotikshop.com.tr\/website1\/#\/schema\/logo\/image\/","url":"https:\/\/haremerotikshop.com\/wp-content\/uploads\/2025\/03\/haremsexshop.png","contentUrl":"https:\/\/haremerotikshop.com\/wp-content\/uploads\/2025\/03\/haremsexshop.png","width":400,"height":100,"caption":"Harem Bursa Erotik Shop"},"image":{"@id":"https:\/\/hobierotikshop.com.tr\/website1\/#\/schema\/logo\/image\/"},"sameAs":["https:\/\/x.com\/shopbursa"],"publishingPrinciples":"https:\/\/hobierotikshop.com.tr\/website1\/mesafeli-satis-sozlesmesi\/","ownershipFundingInfo":"https:\/\/hobierotikshop.com.tr\/website1\/contact-us\/","actionableFeedbackPolicy":"https:\/\/hobierotikshop.com.tr\/website1\/contact-us\/","correctionsPolicy":"https:\/\/hobierotikshop.com.tr\/website1\/mesafeli-satis-sozlesmesi\/"}]},"product_brand":"Pembe Tilki","product_price_amount":"1200.00","product_price_currency":"TRY","og_availability":"instock","product_availability":"instock","product_retailer_item_id":"PT-FFXG926BL","product_condition":"new"},"_links":{"self":[{"href":"https:\/\/haremerotikshop.com\/site\/wp-json\/wp\/v2\/product\/20303","targetHints":{"allow":["GET"]}}],"collection":[{"href":"https:\/\/haremerotikshop.com\/site\/wp-json\/wp\/v2\/product"}],"about":[{"href":"https:\/\/haremerotikshop.com\/site\/wp-json\/wp\/v2\/types\/product"}],"replies":[{"embeddable":true,"href":"https:\/\/haremerotikshop.com\/site\/wp-json\/wp\/v2\/comments?post=20303"}],"version-history":[{"count":0,"href":"https:\/\/haremerotikshop.com\/site\/wp-json\/wp\/v2\/product\/20303\/revisions"}],"wp:featuredmedia":[{"embeddable":true,"href":"https:\/\/haremerotikshop.com\/site\/wp-json\/wp\/v2\/media\/20383"}],"wp:attachment":[{"href":"https:\/\/haremerotikshop.com\/site\/wp-json\/wp\/v2\/media?parent=20303"}],"wp:term":[{"taxonomy":"product_brand","embeddable":true,"href":"https:\/\/haremerotikshop.com\/site\/wp-json\/wp\/v2\/product_brand?post=20303"},{"taxonomy":"product_cat","embeddable":true,"href":"https:\/\/haremerotikshop.com\/site\/wp-json\/wp\/v2\/product_cat?post=20303"},{"taxonomy":"product_tag","embeddable":true,"href":"https:\/\/haremerotikshop.com\/site\/wp-json\/wp\/v2\/product_tag?post=20303"}],"curies":[{"name":"wp","href":"https:\/\/api.w.org\/{rel}","templated":true}]}}