{"id":20357,"date":"2025-03-17T12:53:50","date_gmt":"2025-03-17T09:53:50","guid":{"rendered":"https:\/\/haremerotikshop.com\/site\/?post_type=product&#038;p=20357"},"modified":"2026-01-26T15:11:38","modified_gmt":"2026-01-26T12:11:38","slug":"gold-penis-kilidi-40mm","status":"publish","type":"product","link":"https:\/\/haremerotikshop.com\/site\/erotik-shop-urun\/gold-penis-kilidi-40mm\/","title":{"rendered":"Gold Penis Kilidi 40Mm"},"content":{"rendered":"<h3 data-start=\"0\" data-end=\"75\"><strong data-start=\"4\" data-end=\"75\">Gold Penis Kilidi 40mm: Estetik, G\u00fcvenlik ve Dayan\u0131kl\u0131l\u0131k Bir Arada<\/strong><\/h3>\n<p data-start=\"77\" data-end=\"494\"><strong data-start=\"77\" data-end=\"103\">Gold Penis Kilidi 40mm<\/strong>, zarif tasar\u0131m\u0131, sa\u011flam yap\u0131s\u0131 ve \u015f\u0131k alt\u0131n kaplamas\u0131yla dikkat \u00e7eker. Estetik g\u00f6r\u00fcn\u00fcme sahip olan bu \u00fcr\u00fcn, hem g\u00f6rsel hem de i\u015flevsel a\u00e7\u0131dan y\u00fcksek performans sunar. Alt\u0131n rengi kaplama, \u00fcr\u00fcne zarif ve l\u00fcks bir hava katarken, ayn\u0131 zamanda <strong data-start=\"344\" data-end=\"397\">ki\u015fisel deneyimlerinize yeni bir boyut kazand\u0131r\u0131r<\/strong>. Farkl\u0131 fantezi ve kontrol oyunlar\u0131na olanak tan\u0131r, ili\u015fkilerinize heyecan ve yenilik katabilir.<\/p>\n<hr data-start=\"496\" data-end=\"499\" \/>\n<h3 data-start=\"501\" data-end=\"533\"><strong data-start=\"505\" data-end=\"533\">\ud83d\udd39 \u00d6ne \u00c7\u0131kan \u00d6zellikler:<\/strong><\/h3>\n<h4 data-start=\"535\" data-end=\"578\"><strong data-start=\"540\" data-end=\"578\">40mm \u00c7ap: Konforlu ve G\u00fcvenli Uyum<\/strong><\/h4>\n<ul data-start=\"579\" data-end=\"848\">\n<li data-start=\"579\" data-end=\"848\"><strong data-start=\"581\" data-end=\"594\">40mm \u00e7ap\u0131<\/strong>, kullan\u0131c\u0131n\u0131n anatomik yap\u0131s\u0131na g\u00fcvenli ve rahat bir \u015fekilde uyum sa\u011flar. Bu \u00f6l\u00e7\u00fc, \u00fcr\u00fcn\u00fc <strong data-start=\"684\" data-end=\"733\">her kullan\u0131c\u0131n\u0131n rahat\u00e7a tak\u0131p \u00e7\u0131karabilece\u011fi<\/strong> ideal boyutta sunar. Ayn\u0131 zamanda g\u00fcvenli bir \u015fekilde yerle\u015fmesini sa\u011flar ve konforlu bir kullan\u0131m deneyimi sunar.<\/li>\n<\/ul>\n<h4 data-start=\"850\" data-end=\"901\"><strong data-start=\"855\" data-end=\"901\">Dayan\u0131kl\u0131 Metal Yap\u0131: Uzun S\u00fcreli Kullan\u0131m<\/strong><\/h4>\n<ul data-start=\"902\" data-end=\"1232\">\n<li data-start=\"902\" data-end=\"1232\"><strong data-start=\"904\" data-end=\"930\">Gold Penis Kilidi 40mm<\/strong>, dayan\u0131kl\u0131 ve sa\u011flam <strong data-start=\"952\" data-end=\"985\">metal malzemeden \u00fcretilmi\u015ftir<\/strong>. Bu, uzun s\u00fcreli kullan\u0131m imk\u00e2n\u0131 sunar ve y\u00fcksek kaliteli yap\u0131s\u0131 sayesinde <strong data-start=\"1061\" data-end=\"1112\">en zorlu \u015fartlarda bile performans\u0131n\u0131 kaybetmez<\/strong>. P\u00fcr\u00fczs\u00fcz metal y\u00fczey, <strong data-start=\"1136\" data-end=\"1148\">konforlu<\/strong> ve g\u00fcvenli bir kullan\u0131m sunar, ayr\u0131ca hijyen a\u00e7\u0131s\u0131ndan da <strong data-start=\"1207\" data-end=\"1231\">kolay temizlenebilir<\/strong>.<\/li>\n<\/ul>\n<h4 data-start=\"1234\" data-end=\"1283\"><strong data-start=\"1239\" data-end=\"1283\">G\u00fcvenilir Kilit Mekanizmas\u0131: Tam Kontrol<\/strong><\/h4>\n<ul data-start=\"1284\" data-end=\"1497\">\n<li data-start=\"1284\" data-end=\"1497\"><strong data-start=\"1286\" data-end=\"1314\">Sa\u011flam kilit mekanizmas\u0131<\/strong>, \u00fcr\u00fcn\u00fc g\u00fcvenli bir \u015fekilde tak\u0131l\u0131 tutar ve istenmeyen \u00e7\u0131karma giri\u015fimlerine engel olur. <strong data-start=\"1403\" data-end=\"1440\">Kontrol tamamen sizin elinizdedir<\/strong>, bu da kullan\u0131c\u0131ya g\u00fcvenlik ve \u00f6zg\u00fcrl\u00fck duygusunu verir.<\/li>\n<\/ul>\n<h4 data-start=\"1499\" data-end=\"1545\"><strong data-start=\"1504\" data-end=\"1545\">Estetik Alt\u0131n Kaplama: \u015e\u0131kl\u0131k ve L\u00fcks<\/strong><\/h4>\n<ul data-start=\"1546\" data-end=\"1773\">\n<li data-start=\"1546\" data-end=\"1773\"><strong data-start=\"1548\" data-end=\"1565\">Alt\u0131n kaplama<\/strong>, \u00fcr\u00fcne estetik a\u00e7\u0131dan zarif bir g\u00f6r\u00fcn\u00fcm kazand\u0131r\u0131rken, ayn\u0131 zamanda <strong data-start=\"1634\" data-end=\"1651\">l\u00fcks bir hava<\/strong> yarat\u0131r. Bu \u015f\u0131k tasar\u0131m, deneyiminizi sadece i\u015flevsellik a\u00e7\u0131s\u0131ndan de\u011fil, <strong data-start=\"1726\" data-end=\"1772\">g\u00f6rsel ve duyusal a\u00e7\u0131dan da zenginle\u015ftirir<\/strong>.<\/li>\n<\/ul>\n<hr data-start=\"1775\" data-end=\"1778\" \/>\n<h3 data-start=\"1780\" data-end=\"1832\"><strong data-start=\"1784\" data-end=\"1832\">\ud83d\udd39 Gold Penis Kilidi 40mm ile \u0130deal Deneyim:<\/strong><\/h3>\n<h4 data-start=\"1834\" data-end=\"1867\"><strong data-start=\"1839\" data-end=\"1867\">Konforlu ve G\u00fcvenli Uyum<\/strong><\/h4>\n<p data-start=\"1868\" data-end=\"2094\"><strong data-start=\"1868\" data-end=\"1894\">Gold Penis Kilidi 40mm<\/strong>, <strong data-start=\"1896\" data-end=\"1919\">konfor ve g\u00fcvenli\u011fi<\/strong> bir arada sunar. 40mm \u00e7ap\u0131, anatomik yap\u0131n\u0131za uygun \u015fekilde tasarlanm\u0131\u015f olup, <strong data-start=\"1998\" data-end=\"2029\">g\u00fcvenli bir yerle\u015fim sa\u011flar<\/strong>. Hem rahat hem de g\u00fcvenli bir deneyim i\u00e7in ideal boyutlar sunar.<\/p>\n<h4 data-start=\"2096\" data-end=\"2135\"><strong data-start=\"2101\" data-end=\"2135\">Dayan\u0131kl\u0131l\u0131k ve Kolay Temizlik<\/strong><\/h4>\n<p data-start=\"2136\" data-end=\"2350\">Sa\u011flam <strong data-start=\"2143\" data-end=\"2157\">metal yap\u0131<\/strong>, uzun \u00f6m\u00fcrl\u00fc ve dayan\u0131kl\u0131d\u0131r. \u00dcr\u00fcn\u00fcn <strong data-start=\"2195\" data-end=\"2214\">p\u00fcr\u00fczs\u00fcz y\u00fczeyi<\/strong>, temizli\u011fi kolayla\u015ft\u0131r\u0131r ve hijyen a\u00e7\u0131s\u0131ndan olduk\u00e7a pratiktir. <strong data-start=\"2279\" data-end=\"2294\">Kolay bak\u0131m<\/strong> ve temizlik, \u00fcr\u00fcn\u00fcn uzun s\u00fcre kullan\u0131m\u0131n\u0131 m\u00fcmk\u00fcn k\u0131lar.<\/p>\n<h4 data-start=\"2352\" data-end=\"2378\"><strong data-start=\"2357\" data-end=\"2378\">Estetik ve \u015e\u0131kl\u0131k<\/strong><\/h4>\n<p data-start=\"2379\" data-end=\"2543\"><strong data-start=\"2379\" data-end=\"2402\">Alt\u0131n rengi kaplama<\/strong>, \u00fcr\u00fcn\u00fcn estetik de\u011ferini art\u0131r\u0131rken, zarif g\u00f6r\u00fcn\u00fcm\u00fcyle g\u00f6rsel tatmin sa\u011flar. Hem <strong data-start=\"2484\" data-end=\"2509\">duyusal hem de g\u00f6rsel<\/strong> a\u00e7\u0131dan keyifli bir deneyim sunar.<\/p>\n<hr data-start=\"2545\" data-end=\"2548\" \/>\n<h3 data-start=\"2550\" data-end=\"2611\"><strong data-start=\"2554\" data-end=\"2611\">\ud83d\udd39 Neden Gold Penis Kilidi 40mm\u2019i Tercih Etmelisiniz?<\/strong><\/h3>\n<p data-start=\"2613\" data-end=\"2985\"><strong data-start=\"2613\" data-end=\"2639\">Gold Penis Kilidi 40mm<\/strong>, <strong data-start=\"2641\" data-end=\"2653\">g\u00fcvenlik<\/strong>, <strong data-start=\"2655\" data-end=\"2665\">konfor<\/strong>, <strong data-start=\"2667\" data-end=\"2678\">estetik<\/strong> ve <strong data-start=\"2682\" data-end=\"2699\">dayan\u0131kl\u0131l\u0131\u011f\u0131<\/strong> m\u00fckemmel bir \u015fekilde bir araya getirir. Bu \u00fcr\u00fcn, ki\u015fisel kontrol\u00fcn\u00fcz\u00fc art\u0131rmak isteyenler i\u00e7in <strong data-start=\"2795\" data-end=\"2818\">ideal bir tercihtir<\/strong>. Hem g\u00f6rsel a\u00e7\u0131dan zenginle\u015ftirici hem de kullan\u0131m a\u00e7\u0131s\u0131ndan rahatl\u0131k sa\u011flayan bu kilit, ki\u015fisel deneyimlerinizi g\u00fcvenli bir \u015fekilde ki\u015fiselle\u015ftirmenize olanak tan\u0131r.<\/p>\n<p data-start=\"2987\" data-end=\"3273\" data-is-last-node=\"\" data-is-only-node=\"\"><strong data-start=\"2987\" data-end=\"3013\">Gold Penis Kilidi 40mm<\/strong>, hem \u015f\u0131kl\u0131\u011f\u0131 hem de i\u015flevselli\u011fi ile <strong data-start=\"3051\" data-end=\"3091\">farkl\u0131 fantezi ve kontrol oyunlar\u0131na<\/strong> olanak tan\u0131r. Temizli\u011fi kolay, dayan\u0131kl\u0131 ve \u015f\u0131k tasar\u0131m\u0131yla uzun s\u00fcreli keyifli kullan\u0131mlar sunar. <strong data-start=\"3191\" data-end=\"3273\" data-is-last-node=\"\">G\u00fcvenli\u011fi elinizde tutarak, deneyimlerinizi bir \u00fcst seviyeye ta\u015f\u0131yabilirsiniz.<\/strong><\/p>\n","protected":false},"excerpt":{"rendered":"<p><strong data-start=\"77\" data-end=\"103\">Gold Penis Kilidi 40mm<\/strong>, zarif tasar\u0131m\u0131, sa\u011flam yap\u0131s\u0131 ve \u015f\u0131k alt\u0131n kaplamas\u0131yla dikkat \u00e7eker. Estetik g\u00f6r\u00fcn\u00fcme sahip olan bu \u00fcr\u00fcn, hem g\u00f6rsel hem de i\u015flevsel a\u00e7\u0131dan y\u00fcksek performans sunar. Alt\u0131n rengi kaplama, \u00fcr\u00fcne zarif ve l\u00fcks bir hava katarken, ayn\u0131 zamanda <strong data-start=\"344\" data-end=\"397\">ki\u015fisel deneyimlerinize yeni bir boyut kazand\u0131r\u0131r<\/strong>. Farkl\u0131 fantezi ve kontrol oyunlar\u0131na olanak tan\u0131r, ili\u015fkilerinize heyecan ve yenilik katabilir.<\/p>\n","protected":false},"featured_media":20423,"comment_status":"open","ping_status":"closed","template":"","meta":[],"product_brand":[127],"product_cat":[110],"product_tag":[432],"class_list":{"0":"post-20357","1":"product","2":"type-product","3":"status-publish","4":"has-post-thumbnail","6":"product_brand-pembe-tilki","7":"product_cat-penis-kiliflari","8":"product_tag-gold-penis-kilidi-40mm","10":"first","11":"instock","12":"taxable","13":"shipping-taxable","14":"purchasable","15":"product-type-simple"},"yoast_head":"<!-- This site is optimized with the Yoast SEO Premium plugin v24.4 (Yoast SEO v27.1.1) - https:\/\/yoast.com\/product\/yoast-seo-premium-wordpress\/ -->\n<title>Gold Penis Kilidi 40Mm - Bursa Erotik Shop<\/title>\n<meta name=\"robots\" content=\"index, follow, max-snippet:-1, max-image-preview:large, max-video-preview:-1\" \/>\n<link rel=\"canonical\" href=\"https:\/\/hobierotikshop.com.tr\/website1\/erotik-shop-urun\/gold-penis-kilidi-40mm\/\" \/>\n<meta property=\"og:locale\" content=\"tr_TR\" \/>\n<meta property=\"og:type\" content=\"article\" \/>\n<meta property=\"og:title\" content=\"Gold Penis Kilidi 40Mm\" \/>\n<meta property=\"og:description\" content=\"Gold Penis Kilidi 40mm, zarif tasar\u0131m\u0131, sa\u011flam yap\u0131s\u0131 ve \u015f\u0131k alt\u0131n kaplamas\u0131yla dikkat \u00e7eker. Estetik g\u00f6r\u00fcn\u00fcme sahip olan bu \u00fcr\u00fcn, hem g\u00f6rsel hem de i\u015flevsel a\u00e7\u0131dan y\u00fcksek performans sunar. Alt\u0131n rengi kaplama, \u00fcr\u00fcne zarif ve l\u00fcks bir hava katarken, ayn\u0131 zamanda ki\u015fisel deneyimlerinize yeni bir boyut kazand\u0131r\u0131r. Farkl\u0131 fantezi ve kontrol oyunlar\u0131na olanak tan\u0131r, ili\u015fkilerinize heyecan ve yenilik katabilir.\" \/>\n<meta property=\"og:url\" content=\"https:\/\/hobierotikshop.com.tr\/website1\/erotik-shop-urun\/gold-penis-kilidi-40mm\/\" \/>\n<meta property=\"og:site_name\" content=\"Bursa Erotik Shop\" \/>\n<meta property=\"article:modified_time\" content=\"2026-01-26T12:11:38+00:00\" \/>\n<meta property=\"og:image\" content=\"https:\/\/hobierotikshop.com.tr\/website1\/wp-content\/uploads\/2025\/03\/gold-penis-kilidi-40mm-2484.jpg\" \/>\n\t<meta property=\"og:image:width\" content=\"1500\" \/>\n\t<meta property=\"og:image:height\" content=\"1500\" \/>\n\t<meta property=\"og:image:type\" content=\"image\/jpeg\" \/>\n<meta name=\"twitter:card\" content=\"summary_large_image\" \/>\n<meta name=\"twitter:site\" content=\"@shopbursa\" \/>\n<meta name=\"twitter:label1\" content=\"Fiyat\" \/>\n\t<meta name=\"twitter:data1\" content=\"&#8378;2.000,00 KDV DAH\u0130L\" \/>\n\t<meta name=\"twitter:label2\" content=\"Availability\" \/>\n\t<meta name=\"twitter:data2\" content=\"In stock\" \/>\n<script type=\"application\/ld+json\" class=\"yoast-schema-graph\">{\"@context\":\"https:\/\/schema.org\",\"@graph\":[{\"@type\":\"WebPage\",\"@id\":\"https:\/\/hobierotikshop.com.tr\/website1\/erotik-shop-urun\/gold-penis-kilidi-40mm\/\",\"url\":\"https:\/\/hobierotikshop.com.tr\/website1\/erotik-shop-urun\/gold-penis-kilidi-40mm\/\",\"name\":\"Gold Penis Kilidi 40Mm - Bursa Erotik Shop\",\"isPartOf\":{\"@id\":\"https:\/\/hobierotikshop.com.tr\/website1\/#website\"},\"primaryImageOfPage\":{\"@id\":\"https:\/\/hobierotikshop.com.tr\/website1\/erotik-shop-urun\/gold-penis-kilidi-40mm\/#primaryimage\"},\"image\":{\"@id\":\"https:\/\/hobierotikshop.com.tr\/website1\/erotik-shop-urun\/gold-penis-kilidi-40mm\/#primaryimage\"},\"thumbnailUrl\":\"https:\/\/haremerotikshop.com\/site\/wp-content\/uploads\/2025\/03\/gold-penis-kilidi-40mm-2484.jpg\",\"datePublished\":\"2025-03-17T09:53:50+00:00\",\"dateModified\":\"2026-01-26T12:11:38+00:00\",\"breadcrumb\":{\"@id\":\"https:\/\/hobierotikshop.com.tr\/website1\/erotik-shop-urun\/gold-penis-kilidi-40mm\/#breadcrumb\"},\"inLanguage\":\"tr\",\"potentialAction\":[{\"@type\":\"ReadAction\",\"target\":[\"https:\/\/hobierotikshop.com.tr\/website1\/erotik-shop-urun\/gold-penis-kilidi-40mm\/\"]}]},{\"@type\":\"ImageObject\",\"inLanguage\":\"tr\",\"@id\":\"https:\/\/hobierotikshop.com.tr\/website1\/erotik-shop-urun\/gold-penis-kilidi-40mm\/#primaryimage\",\"url\":\"https:\/\/haremerotikshop.com\/site\/wp-content\/uploads\/2025\/03\/gold-penis-kilidi-40mm-2484.jpg\",\"contentUrl\":\"https:\/\/haremerotikshop.com\/site\/wp-content\/uploads\/2025\/03\/gold-penis-kilidi-40mm-2484.jpg\",\"width\":1500,\"height\":1500},{\"@type\":\"BreadcrumbList\",\"@id\":\"https:\/\/hobierotikshop.com.tr\/website1\/erotik-shop-urun\/gold-penis-kilidi-40mm\/#breadcrumb\",\"itemListElement\":[{\"@type\":\"ListItem\",\"position\":1,\"name\":\"Anasayfa\",\"item\":\"https:\/\/hobierotikshop.com.tr\/website1\/\"},{\"@type\":\"ListItem\",\"position\":2,\"name\":\"Erotik Shop \u00dcr\u00fcnleri\",\"item\":\"https:\/\/hobierotikshop.com.tr\/website1\/shop\/\"},{\"@type\":\"ListItem\",\"position\":3,\"name\":\"Gold Penis Kilidi 40Mm\"}]},{\"@type\":\"WebSite\",\"@id\":\"https:\/\/hobierotikshop.com.tr\/website1\/#website\",\"url\":\"https:\/\/hobierotikshop.com.tr\/website1\/\",\"name\":\"Bursa Erotik Shop\",\"description\":\"Bursa Erotik Shop ile g\u00fcvenli, gizli ve kaliteli yeti\u015fkin \u00fcr\u00fcnleri al\u0131\u015fveri\u015fi! Geni\u015f \u00fcr\u00fcn yelpazemizi ke\u015ffedin, hemen sipari\u015f verin\",\"publisher\":{\"@id\":\"https:\/\/hobierotikshop.com.tr\/website1\/#organization\"},\"alternateName\":\"Erotik Shop\",\"potentialAction\":[{\"@type\":\"SearchAction\",\"target\":{\"@type\":\"EntryPoint\",\"urlTemplate\":\"https:\/\/hobierotikshop.com.tr\/website1\/?s={search_term_string}\"},\"query-input\":{\"@type\":\"PropertyValueSpecification\",\"valueRequired\":true,\"valueName\":\"search_term_string\"}}],\"inLanguage\":\"tr\"},{\"@type\":\"Organization\",\"@id\":\"https:\/\/hobierotikshop.com.tr\/website1\/#organization\",\"name\":\"Harem Bursa Erotik Shop\",\"url\":\"https:\/\/hobierotikshop.com.tr\/website1\/\",\"logo\":{\"@type\":\"ImageObject\",\"inLanguage\":\"tr\",\"@id\":\"https:\/\/hobierotikshop.com.tr\/website1\/#\/schema\/logo\/image\/\",\"url\":\"https:\/\/haremerotikshop.com\/wp-content\/uploads\/2025\/03\/haremsexshop.png\",\"contentUrl\":\"https:\/\/haremerotikshop.com\/wp-content\/uploads\/2025\/03\/haremsexshop.png\",\"width\":400,\"height\":100,\"caption\":\"Harem Bursa Erotik Shop\"},\"image\":{\"@id\":\"https:\/\/hobierotikshop.com.tr\/website1\/#\/schema\/logo\/image\/\"},\"sameAs\":[\"https:\/\/x.com\/shopbursa\"],\"publishingPrinciples\":\"https:\/\/hobierotikshop.com.tr\/website1\/mesafeli-satis-sozlesmesi\/\",\"ownershipFundingInfo\":\"https:\/\/hobierotikshop.com.tr\/website1\/contact-us\/\",\"actionableFeedbackPolicy\":\"https:\/\/hobierotikshop.com.tr\/website1\/contact-us\/\",\"correctionsPolicy\":\"https:\/\/hobierotikshop.com.tr\/website1\/mesafeli-satis-sozlesmesi\/\"}]}<\/script>\n<meta property=\"product:brand\" content=\"Pembe Tilki\" \/>\n<meta property=\"product:price:amount\" content=\"2000.00\" \/>\n<meta property=\"product:price:currency\" content=\"TRY\" \/>\n<meta property=\"og:availability\" content=\"instock\" \/>\n<meta property=\"product:availability\" content=\"instock\" \/>\n<meta property=\"product:retailer_item_id\" content=\"PT-ECXF51040MM\" \/>\n<meta property=\"product:condition\" content=\"new\" \/>\n<!-- \/ Yoast SEO Premium plugin. -->","yoast_head_json":{"title":"Gold Penis Kilidi 40Mm - Bursa Erotik Shop","robots":{"index":"index","follow":"follow","max-snippet":"max-snippet:-1","max-image-preview":"max-image-preview:large","max-video-preview":"max-video-preview:-1"},"canonical":"https:\/\/hobierotikshop.com.tr\/website1\/erotik-shop-urun\/gold-penis-kilidi-40mm\/","og_locale":"tr_TR","og_type":"article","og_title":"Gold Penis Kilidi 40Mm","og_description":"Gold Penis Kilidi 40mm, zarif tasar\u0131m\u0131, sa\u011flam yap\u0131s\u0131 ve \u015f\u0131k alt\u0131n kaplamas\u0131yla dikkat \u00e7eker. Estetik g\u00f6r\u00fcn\u00fcme sahip olan bu \u00fcr\u00fcn, hem g\u00f6rsel hem de i\u015flevsel a\u00e7\u0131dan y\u00fcksek performans sunar. Alt\u0131n rengi kaplama, \u00fcr\u00fcne zarif ve l\u00fcks bir hava katarken, ayn\u0131 zamanda ki\u015fisel deneyimlerinize yeni bir boyut kazand\u0131r\u0131r. Farkl\u0131 fantezi ve kontrol oyunlar\u0131na olanak tan\u0131r, ili\u015fkilerinize heyecan ve yenilik katabilir.","og_url":"https:\/\/hobierotikshop.com.tr\/website1\/erotik-shop-urun\/gold-penis-kilidi-40mm\/","og_site_name":"Bursa Erotik Shop","article_modified_time":"2026-01-26T12:11:38+00:00","og_image":[{"width":1500,"height":1500,"url":"https:\/\/hobierotikshop.com.tr\/website1\/wp-content\/uploads\/2025\/03\/gold-penis-kilidi-40mm-2484.jpg","type":"image\/jpeg"}],"twitter_card":"summary_large_image","twitter_site":"@shopbursa","twitter_misc":{"Fiyat":"&#8378;2.000,00 KDV DAH\u0130L","Availability":"In stock"},"schema":{"@context":"https:\/\/schema.org","@graph":[{"@type":"WebPage","@id":"https:\/\/hobierotikshop.com.tr\/website1\/erotik-shop-urun\/gold-penis-kilidi-40mm\/","url":"https:\/\/hobierotikshop.com.tr\/website1\/erotik-shop-urun\/gold-penis-kilidi-40mm\/","name":"Gold Penis Kilidi 40Mm - Bursa Erotik Shop","isPartOf":{"@id":"https:\/\/hobierotikshop.com.tr\/website1\/#website"},"primaryImageOfPage":{"@id":"https:\/\/hobierotikshop.com.tr\/website1\/erotik-shop-urun\/gold-penis-kilidi-40mm\/#primaryimage"},"image":{"@id":"https:\/\/hobierotikshop.com.tr\/website1\/erotik-shop-urun\/gold-penis-kilidi-40mm\/#primaryimage"},"thumbnailUrl":"https:\/\/haremerotikshop.com\/site\/wp-content\/uploads\/2025\/03\/gold-penis-kilidi-40mm-2484.jpg","datePublished":"2025-03-17T09:53:50+00:00","dateModified":"2026-01-26T12:11:38+00:00","breadcrumb":{"@id":"https:\/\/hobierotikshop.com.tr\/website1\/erotik-shop-urun\/gold-penis-kilidi-40mm\/#breadcrumb"},"inLanguage":"tr","potentialAction":[{"@type":"ReadAction","target":["https:\/\/hobierotikshop.com.tr\/website1\/erotik-shop-urun\/gold-penis-kilidi-40mm\/"]}]},{"@type":"ImageObject","inLanguage":"tr","@id":"https:\/\/hobierotikshop.com.tr\/website1\/erotik-shop-urun\/gold-penis-kilidi-40mm\/#primaryimage","url":"https:\/\/haremerotikshop.com\/site\/wp-content\/uploads\/2025\/03\/gold-penis-kilidi-40mm-2484.jpg","contentUrl":"https:\/\/haremerotikshop.com\/site\/wp-content\/uploads\/2025\/03\/gold-penis-kilidi-40mm-2484.jpg","width":1500,"height":1500},{"@type":"BreadcrumbList","@id":"https:\/\/hobierotikshop.com.tr\/website1\/erotik-shop-urun\/gold-penis-kilidi-40mm\/#breadcrumb","itemListElement":[{"@type":"ListItem","position":1,"name":"Anasayfa","item":"https:\/\/hobierotikshop.com.tr\/website1\/"},{"@type":"ListItem","position":2,"name":"Erotik Shop \u00dcr\u00fcnleri","item":"https:\/\/hobierotikshop.com.tr\/website1\/shop\/"},{"@type":"ListItem","position":3,"name":"Gold Penis Kilidi 40Mm"}]},{"@type":"WebSite","@id":"https:\/\/hobierotikshop.com.tr\/website1\/#website","url":"https:\/\/hobierotikshop.com.tr\/website1\/","name":"Bursa Erotik Shop","description":"Bursa Erotik Shop ile g\u00fcvenli, gizli ve kaliteli yeti\u015fkin \u00fcr\u00fcnleri al\u0131\u015fveri\u015fi! Geni\u015f \u00fcr\u00fcn yelpazemizi ke\u015ffedin, hemen sipari\u015f verin","publisher":{"@id":"https:\/\/hobierotikshop.com.tr\/website1\/#organization"},"alternateName":"Erotik Shop","potentialAction":[{"@type":"SearchAction","target":{"@type":"EntryPoint","urlTemplate":"https:\/\/hobierotikshop.com.tr\/website1\/?s={search_term_string}"},"query-input":{"@type":"PropertyValueSpecification","valueRequired":true,"valueName":"search_term_string"}}],"inLanguage":"tr"},{"@type":"Organization","@id":"https:\/\/hobierotikshop.com.tr\/website1\/#organization","name":"Harem Bursa Erotik Shop","url":"https:\/\/hobierotikshop.com.tr\/website1\/","logo":{"@type":"ImageObject","inLanguage":"tr","@id":"https:\/\/hobierotikshop.com.tr\/website1\/#\/schema\/logo\/image\/","url":"https:\/\/haremerotikshop.com\/wp-content\/uploads\/2025\/03\/haremsexshop.png","contentUrl":"https:\/\/haremerotikshop.com\/wp-content\/uploads\/2025\/03\/haremsexshop.png","width":400,"height":100,"caption":"Harem Bursa Erotik Shop"},"image":{"@id":"https:\/\/hobierotikshop.com.tr\/website1\/#\/schema\/logo\/image\/"},"sameAs":["https:\/\/x.com\/shopbursa"],"publishingPrinciples":"https:\/\/hobierotikshop.com.tr\/website1\/mesafeli-satis-sozlesmesi\/","ownershipFundingInfo":"https:\/\/hobierotikshop.com.tr\/website1\/contact-us\/","actionableFeedbackPolicy":"https:\/\/hobierotikshop.com.tr\/website1\/contact-us\/","correctionsPolicy":"https:\/\/hobierotikshop.com.tr\/website1\/mesafeli-satis-sozlesmesi\/"}]},"product_brand":"Pembe Tilki","product_price_amount":"2000.00","product_price_currency":"TRY","og_availability":"instock","product_availability":"instock","product_retailer_item_id":"PT-ECXF51040MM","product_condition":"new"},"_links":{"self":[{"href":"https:\/\/haremerotikshop.com\/site\/wp-json\/wp\/v2\/product\/20357","targetHints":{"allow":["GET"]}}],"collection":[{"href":"https:\/\/haremerotikshop.com\/site\/wp-json\/wp\/v2\/product"}],"about":[{"href":"https:\/\/haremerotikshop.com\/site\/wp-json\/wp\/v2\/types\/product"}],"replies":[{"embeddable":true,"href":"https:\/\/haremerotikshop.com\/site\/wp-json\/wp\/v2\/comments?post=20357"}],"version-history":[{"count":0,"href":"https:\/\/haremerotikshop.com\/site\/wp-json\/wp\/v2\/product\/20357\/revisions"}],"wp:featuredmedia":[{"embeddable":true,"href":"https:\/\/haremerotikshop.com\/site\/wp-json\/wp\/v2\/media\/20423"}],"wp:attachment":[{"href":"https:\/\/haremerotikshop.com\/site\/wp-json\/wp\/v2\/media?parent=20357"}],"wp:term":[{"taxonomy":"product_brand","embeddable":true,"href":"https:\/\/haremerotikshop.com\/site\/wp-json\/wp\/v2\/product_brand?post=20357"},{"taxonomy":"product_cat","embeddable":true,"href":"https:\/\/haremerotikshop.com\/site\/wp-json\/wp\/v2\/product_cat?post=20357"},{"taxonomy":"product_tag","embeddable":true,"href":"https:\/\/haremerotikshop.com\/site\/wp-json\/wp\/v2\/product_tag?post=20357"}],"curies":[{"name":"wp","href":"https:\/\/api.w.org\/{rel}","templated":true}]}}