{"id":20397,"date":"2025-03-17T12:54:43","date_gmt":"2025-03-17T09:54:43","guid":{"rendered":"https:\/\/haremerotikshop.com\/site\/?post_type=product&#038;p=20397"},"modified":"2026-01-26T15:10:08","modified_gmt":"2026-01-26T12:10:08","slug":"siyah-anal-vibrator-10-kademeli","status":"publish","type":"product","link":"https:\/\/haremerotikshop.com\/site\/erotik-shop-urun\/siyah-anal-vibrator-10-kademeli\/","title":{"rendered":"Siyah Anal Vibrat\u00f6r 10 Kademeli"},"content":{"rendered":"<h3 data-start=\"0\" data-end=\"95\"><strong data-start=\"4\" data-end=\"95\">Siyah Anal Vibrat\u00f6r &#8211; 10 Kademeli: Ki\u015fisel Zevkinizi Ke\u015ffedin ve Deneyiminizi Y\u00fckseltin<\/strong><\/h3>\n<p data-start=\"97\" data-end=\"532\"><strong data-start=\"97\" data-end=\"134\">Siyah Anal Vibrat\u00f6r &#8211; 10 Kademeli<\/strong>, kullan\u0131\u015fl\u0131 ve <strong data-start=\"150\" data-end=\"166\">esnek yap\u0131s\u0131<\/strong> ile m\u00fckemmel bir anal zevk deneyimi sunar. <strong data-start=\"210\" data-end=\"230\">Bo\u011fumlu tasar\u0131m\u0131<\/strong>, her bir bo\u011fumda farkl\u0131 bir uyar\u0131m sa\u011flar ve kullan\u0131c\u0131ya benzersiz bir his sunar. <strong data-start=\"313\" data-end=\"346\">10 kademeli tek titre\u015fim modu<\/strong> sayesinde yo\u011funlu\u011fu ki\u015fisel zevkinize g\u00f6re ayarlayabilirsiniz. <strong data-start=\"410\" data-end=\"425\">Su ge\u00e7irmez<\/strong> tasar\u0131m\u0131, bu \u00fcr\u00fcn\u00fc <strong data-start=\"445\" data-end=\"467\">du\u015fta veya banyoda<\/strong> g\u00fcvenle kullanman\u0131z\u0131 sa\u011flar ve <strong data-start=\"499\" data-end=\"517\">kolay temizlik<\/strong> imk\u00e2n\u0131 sunar.<\/p>\n<hr data-start=\"534\" data-end=\"537\" \/>\n<h3 data-start=\"539\" data-end=\"567\"><strong data-start=\"543\" data-end=\"567\">\ud83d\udd39 \u00dcr\u00fcn \u00d6zellikleri:<\/strong><\/h3>\n<h4 data-start=\"569\" data-end=\"608\"><strong data-start=\"574\" data-end=\"608\">10 Kademeli Tek Titre\u015fim Modu:<\/strong><\/h4>\n<ul data-start=\"609\" data-end=\"892\">\n<li data-start=\"609\" data-end=\"892\"><strong data-start=\"611\" data-end=\"644\">10 farkl\u0131 yo\u011funluk seviyeleri<\/strong>, her kullan\u0131c\u0131ya \u00f6zelle\u015ftirilmi\u015f bir deneyim sunar. <strong data-start=\"697\" data-end=\"722\">D\u00fc\u015f\u00fck ses seviyesinde<\/strong> \u00e7al\u0131\u015farak rahatlat\u0131c\u0131 bir deneyim sa\u011flar. \u0130ster yo\u011fun ister hafif bir his aray\u0131n, bu <strong data-start=\"808\" data-end=\"831\">titre\u015fim kademeleri<\/strong> sayesinde ihtiyac\u0131n\u0131za g\u00f6re deneyiminizi ayarlayabilirsiniz.<\/li>\n<\/ul>\n<h4 data-start=\"894\" data-end=\"928\"><strong data-start=\"899\" data-end=\"928\">Esnek ve Bo\u011fumlu Tasar\u0131m:<\/strong><\/h4>\n<ul data-start=\"929\" data-end=\"1218\">\n<li data-start=\"929\" data-end=\"1218\"><strong data-start=\"931\" data-end=\"947\">Bo\u011fumlu yap\u0131<\/strong>, her bir bo\u011fumda <strong data-start=\"965\" data-end=\"982\">ekstra uyar\u0131m<\/strong> sa\u011flar, bu da daha tatmin edici bir anal zevk deneyimi yarat\u0131r. <strong data-start=\"1047\" data-end=\"1064\">Esnek tasar\u0131m<\/strong>, kullan\u0131c\u0131n\u0131n her pozisyonda rahat\u00e7a kullan\u0131m sa\u011flamas\u0131na olanak tan\u0131r. <strong data-start=\"1137\" data-end=\"1157\">Anatomik tasar\u0131m<\/strong>, v\u00fccudunuza uyum sa\u011flayarak daha konforlu bir deneyim sunar.<\/li>\n<\/ul>\n<h4 data-start=\"1220\" data-end=\"1249\"><strong data-start=\"1225\" data-end=\"1249\">Boyutlar ve A\u011f\u0131rl\u0131k:<\/strong><\/h4>\n<ul data-start=\"1250\" data-end=\"1521\">\n<li data-start=\"1250\" data-end=\"1274\"><strong data-start=\"1252\" data-end=\"1264\">Uzunluk:<\/strong> 13,5 cm<\/li>\n<li data-start=\"1275\" data-end=\"1297\"><strong data-start=\"1277\" data-end=\"1290\">Kal\u0131nl\u0131k:<\/strong> 3 cm<\/li>\n<li data-start=\"1298\" data-end=\"1333\"><strong data-start=\"1300\" data-end=\"1326\">Tutma K\u0131sm\u0131 Geni\u015fli\u011fi:<\/strong> 8 cm<\/li>\n<li data-start=\"1334\" data-end=\"1521\"><strong data-start=\"1336\" data-end=\"1348\">A\u011f\u0131rl\u0131k:<\/strong> 75 gr<br data-start=\"1354\" data-end=\"1357\" \/>Bu ideal boyutlar, kullan\u0131m\u0131 kolayla\u015ft\u0131r\u0131r ve <strong data-start=\"1405\" data-end=\"1424\">ergonomik tutu\u015f<\/strong> sa\u011flar. <strong data-start=\"1433\" data-end=\"1446\">Hafifli\u011fi<\/strong>, y\u00f6nlendirmeyi ve konforu art\u0131rarak \u00fcr\u00fcn\u00fc kolayca kontrol etmenizi sa\u011flar.<\/li>\n<\/ul>\n<h4 data-start=\"1523\" data-end=\"1552\"><strong data-start=\"1528\" data-end=\"1552\">Su Ge\u00e7irmez \u00d6zellik:<\/strong><\/h4>\n<ul data-start=\"1553\" data-end=\"1801\">\n<li data-start=\"1553\" data-end=\"1801\"><strong data-start=\"1555\" data-end=\"1578\">Su ge\u00e7irmez tasar\u0131m<\/strong>, bu \u00fcr\u00fcn\u00fc sadece <strong data-start=\"1596\" data-end=\"1615\">kara kullan\u0131mla<\/strong> s\u0131n\u0131rl\u0131 b\u0131rakmaz. <strong data-start=\"1634\" data-end=\"1652\">Du\u015fta, banyoda<\/strong> veya ba\u015fka suyla temasa ge\u00e7en ortamlarda da rahat\u00e7a kullanabilirsiniz. <strong data-start=\"1724\" data-end=\"1742\">Kolay temizlik<\/strong> sa\u011flayan bu \u00f6zellik, hijyenik ve pratik bir deneyim sunar.<\/li>\n<\/ul>\n<h4 data-start=\"1803\" data-end=\"1834\"><strong data-start=\"1808\" data-end=\"1834\">Pille \u00c7al\u0131\u015fan Tasar\u0131m:<\/strong><\/h4>\n<ul data-start=\"1835\" data-end=\"2085\">\n<li data-start=\"1835\" data-end=\"2085\"><strong data-start=\"1837\" data-end=\"1861\">Pille \u00e7al\u0131\u015fan yap\u0131s\u0131<\/strong>, \u015farj etme derdi olmadan <strong data-start=\"1887\" data-end=\"1913\">her an kullan\u0131ma haz\u0131r<\/strong> olmas\u0131n\u0131 sa\u011flar. <strong data-start=\"1931\" data-end=\"1955\">Kablolardan ba\u011f\u0131ms\u0131z<\/strong> olarak kullan\u0131m pratikli\u011fi sa\u011flar. Pil de\u011fi\u015ftirerek s\u00fcrekli kullanabilece\u011finiz bu \u00fcr\u00fcn, <strong data-start=\"2044\" data-end=\"2059\">anl\u0131k keyif<\/strong> i\u00e7in ideal bir tercihtir.<\/li>\n<\/ul>\n<hr data-start=\"2087\" data-end=\"2090\" \/>\n<h3 data-start=\"2092\" data-end=\"2165\"><strong data-start=\"2096\" data-end=\"2165\">\ud83d\udd39 Neden Siyah Anal Vibrat\u00f6r &#8211; 10 Kademeli&#8217;yi Tercih Etmelisiniz?<\/strong><\/h3>\n<p data-start=\"2167\" data-end=\"2373\"><strong data-start=\"2167\" data-end=\"2200\">Ki\u015fisel Zevkinizi \u00d6zel K\u0131l\u0131n:<\/strong><br data-start=\"2200\" data-end=\"2203\" \/><strong data-start=\"2203\" data-end=\"2227\">10 kademeli titre\u015fim<\/strong>, zevkinize g\u00f6re \u00f6zelle\u015ftirilebilen yo\u011funluk ayarlar\u0131 sunar. Farkl\u0131 hisler ve seviyeler ile deneyiminizi daha kontroll\u00fc bir hale getirebilirsiniz.<\/p>\n<p data-start=\"2375\" data-end=\"2570\"><strong data-start=\"2375\" data-end=\"2404\">Bo\u011fumlu ve Esnek Tasar\u0131m:<\/strong><br data-start=\"2404\" data-end=\"2407\" \/>Her bir <strong data-start=\"2415\" data-end=\"2424\">bo\u011fum<\/strong>, ekstra uyar\u0131m sa\u011flayarak anal deneyimi daha tatmin edici hale getirir. <strong data-start=\"2497\" data-end=\"2511\">Esnek yap\u0131<\/strong>, her a\u00e7\u0131ya uyum sa\u011flar ve v\u00fccudunuza do\u011fal bir uyum sunar.<\/p>\n<p data-start=\"2572\" data-end=\"2776\"><strong data-start=\"2572\" data-end=\"2596\">Su Ge\u00e7irmez \u00d6zellik:<\/strong><br data-start=\"2596\" data-end=\"2599\" \/><strong data-start=\"2599\" data-end=\"2621\">Du\u015fta veya banyoda<\/strong> kullanabilme \u00f6zelli\u011fi, \u00fcr\u00fcn\u00fc daha fazla yer ve ortamda kullanman\u0131za olanak tan\u0131r. Ayn\u0131 zamanda su ge\u00e7irmez tasar\u0131m, temizlik s\u0131ras\u0131nda da rahatl\u0131k sa\u011flar.<\/p>\n<p data-start=\"2778\" data-end=\"2972\"><strong data-start=\"2778\" data-end=\"2819\">Ergonomik Boyutlar ve Kolay Kullan\u0131m:<\/strong><br data-start=\"2819\" data-end=\"2822\" \/><strong data-start=\"2822\" data-end=\"2840\">75 gr a\u011f\u0131rl\u0131\u011f\u0131<\/strong> ve ergonomik boyutlar\u0131, kullan\u0131c\u0131n\u0131n \u00fcr\u00fcn\u00fc rahat\u00e7a kontrol etmesini sa\u011flar. Uzun s\u00fcreli kullan\u0131mlarda dahi rahat bir deneyim sunar.<\/p>\n<p data-start=\"2974\" data-end=\"3141\"><strong data-start=\"2974\" data-end=\"2999\">Pille \u00c7al\u0131\u015fan Sistem:<\/strong><br data-start=\"2999\" data-end=\"3002\" \/>\u015earj etme veya kablo derdini ortadan kald\u0131ran <strong data-start=\"3048\" data-end=\"3073\">pille \u00e7al\u0131\u015fan tasar\u0131m<\/strong>, istedi\u011finiz zaman, istedi\u011finiz yerde pratik kullan\u0131m imkan\u0131 sunar.<\/p>\n<hr data-start=\"3143\" data-end=\"3146\" \/>\n<h3 data-start=\"3148\" data-end=\"3172\"><strong data-start=\"3152\" data-end=\"3172\">\ud83d\udd39 Sonu\u00e7 Olarak:<\/strong><\/h3>\n<p data-start=\"3173\" data-end=\"3473\"><strong data-start=\"3173\" data-end=\"3210\">Siyah Anal Vibrat\u00f6r &#8211; 10 Kademeli<\/strong>, esnek yap\u0131s\u0131, <strong data-start=\"3226\" data-end=\"3246\">bo\u011fumlu tasar\u0131m\u0131<\/strong>, <strong data-start=\"3248\" data-end=\"3278\">farkl\u0131 titre\u015fim seviyeleri<\/strong> ve <strong data-start=\"3282\" data-end=\"3306\">su ge\u00e7irmez \u00f6zelli\u011fi<\/strong> ile anal zevk deneyiminizi bir \u00fcst seviyeye ta\u015f\u0131yacak m\u00fckemmel bir \u00fcr\u00fcnd\u00fcr. Hem rahat kullan\u0131m\u0131 hem de pratik \u00f6zellikleriyle, ki\u015fisel keyif i\u00e7in ideal bir se\u00e7enektir.<\/p>\n<p data-start=\"3475\" data-end=\"3635\" data-is-last-node=\"\" data-is-only-node=\"\">E\u011fer <strong data-start=\"3480\" data-end=\"3501\">ki\u015fisel zevkinizi<\/strong> ke\u015ffetmek, <strong data-start=\"3513\" data-end=\"3560\">kontroll\u00fc ve \u00f6zelle\u015ftirilebilir bir deneyim<\/strong> ya\u015famak istiyorsan\u0131z, <strong data-start=\"3583\" data-end=\"3620\">Siyah Anal Vibrat\u00f6r &#8211; 10 Kademeli<\/strong> tam size g\u00f6re!<\/p>\n","protected":false},"excerpt":{"rendered":"<p><strong data-start=\"97\" data-end=\"134\">Siyah Anal Vibrat\u00f6r &#8211; 10 Kademeli<\/strong>, kullan\u0131\u015fl\u0131 ve <strong data-start=\"150\" data-end=\"166\">esnek yap\u0131s\u0131<\/strong> ile m\u00fckemmel bir anal zevk deneyimi sunar. <strong data-start=\"210\" data-end=\"230\">Bo\u011fumlu tasar\u0131m\u0131<\/strong>, her bir bo\u011fumda farkl\u0131 bir uyar\u0131m sa\u011flar ve kullan\u0131c\u0131ya benzersiz bir his sunar. <strong data-start=\"313\" data-end=\"346\">10 kademeli tek titre\u015fim modu<\/strong> sayesinde yo\u011funlu\u011fu ki\u015fisel zevkinize g\u00f6re ayarlayabilirsiniz. <strong data-start=\"410\" data-end=\"425\">Su ge\u00e7irmez<\/strong> tasar\u0131m\u0131, bu \u00fcr\u00fcn\u00fc <strong data-start=\"445\" data-end=\"467\">du\u015fta veya banyoda<\/strong> g\u00fcvenle kullanman\u0131z\u0131 sa\u011flar ve <strong data-start=\"499\" data-end=\"517\">kolay temizlik<\/strong> imk\u00e2n\u0131 sunar.<\/p>\n","protected":false},"featured_media":20452,"comment_status":"open","ping_status":"closed","template":"","meta":[],"product_brand":[127],"product_cat":[85],"product_tag":[439],"class_list":{"0":"post-20397","1":"product","2":"type-product","3":"status-publish","4":"has-post-thumbnail","6":"product_brand-pembe-tilki","7":"product_cat-modern-vibrator","8":"product_tag-siyah-anal-vibrator-10-kademeli","10":"first","11":"outofstock","12":"taxable","13":"shipping-taxable","14":"purchasable","15":"product-type-simple"},"yoast_head":"<!-- This site is optimized with the Yoast SEO Premium plugin v24.4 (Yoast SEO v27.1.1) - https:\/\/yoast.com\/product\/yoast-seo-premium-wordpress\/ -->\n<title>Siyah Anal Vibrat\u00f6r 10 Kademeli - Bursa Erotik Shop<\/title>\n<meta name=\"robots\" content=\"index, follow, max-snippet:-1, max-image-preview:large, max-video-preview:-1\" \/>\n<link rel=\"canonical\" href=\"https:\/\/hobierotikshop.com.tr\/website1\/erotik-shop-urun\/siyah-anal-vibrator-10-kademeli\/\" \/>\n<meta property=\"og:locale\" content=\"tr_TR\" \/>\n<meta property=\"og:type\" content=\"article\" \/>\n<meta property=\"og:title\" content=\"Siyah Anal Vibrat\u00f6r 10 Kademeli\" \/>\n<meta property=\"og:description\" content=\"Siyah Anal Vibrat\u00f6r - 10 Kademeli, kullan\u0131\u015fl\u0131 ve esnek yap\u0131s\u0131 ile m\u00fckemmel bir anal zevk deneyimi sunar. Bo\u011fumlu tasar\u0131m\u0131, her bir bo\u011fumda farkl\u0131 bir uyar\u0131m sa\u011flar ve kullan\u0131c\u0131ya benzersiz bir his sunar. 10 kademeli tek titre\u015fim modu sayesinde yo\u011funlu\u011fu ki\u015fisel zevkinize g\u00f6re ayarlayabilirsiniz. Su ge\u00e7irmez tasar\u0131m\u0131, bu \u00fcr\u00fcn\u00fc du\u015fta veya banyoda g\u00fcvenle kullanman\u0131z\u0131 sa\u011flar ve kolay temizlik imk\u00e2n\u0131 sunar.\" \/>\n<meta property=\"og:url\" content=\"https:\/\/hobierotikshop.com.tr\/website1\/erotik-shop-urun\/siyah-anal-vibrator-10-kademeli\/\" \/>\n<meta property=\"og:site_name\" content=\"Bursa Erotik Shop\" \/>\n<meta property=\"article:modified_time\" content=\"2026-01-26T12:10:08+00:00\" \/>\n<meta property=\"og:image\" content=\"https:\/\/hobierotikshop.com.tr\/website1\/wp-content\/uploads\/2025\/03\/siyah-anal-vibrator-10-kademeli-2546.jpg\" \/>\n\t<meta property=\"og:image:width\" content=\"1500\" \/>\n\t<meta property=\"og:image:height\" content=\"1500\" \/>\n\t<meta property=\"og:image:type\" content=\"image\/jpeg\" \/>\n<meta name=\"twitter:card\" content=\"summary_large_image\" \/>\n<meta name=\"twitter:site\" content=\"@shopbursa\" \/>\n<meta name=\"twitter:label1\" content=\"Fiyat\" \/>\n\t<meta name=\"twitter:data1\" content=\"&#8378;670,00 KDV DAH\u0130L\" \/>\n\t<meta name=\"twitter:label2\" content=\"Availability\" \/>\n\t<meta name=\"twitter:data2\" content=\"Out of stock\" \/>\n<script type=\"application\/ld+json\" class=\"yoast-schema-graph\">{\"@context\":\"https:\/\/schema.org\",\"@graph\":[{\"@type\":\"WebPage\",\"@id\":\"https:\/\/hobierotikshop.com.tr\/website1\/erotik-shop-urun\/siyah-anal-vibrator-10-kademeli\/\",\"url\":\"https:\/\/hobierotikshop.com.tr\/website1\/erotik-shop-urun\/siyah-anal-vibrator-10-kademeli\/\",\"name\":\"Siyah Anal Vibrat\u00f6r 10 Kademeli - Bursa Erotik Shop\",\"isPartOf\":{\"@id\":\"https:\/\/hobierotikshop.com.tr\/website1\/#website\"},\"primaryImageOfPage\":{\"@id\":\"https:\/\/hobierotikshop.com.tr\/website1\/erotik-shop-urun\/siyah-anal-vibrator-10-kademeli\/#primaryimage\"},\"image\":{\"@id\":\"https:\/\/hobierotikshop.com.tr\/website1\/erotik-shop-urun\/siyah-anal-vibrator-10-kademeli\/#primaryimage\"},\"thumbnailUrl\":\"https:\/\/haremerotikshop.com\/site\/wp-content\/uploads\/2025\/03\/siyah-anal-vibrator-10-kademeli-2546.jpg\",\"datePublished\":\"2025-03-17T09:54:43+00:00\",\"dateModified\":\"2026-01-26T12:10:08+00:00\",\"breadcrumb\":{\"@id\":\"https:\/\/hobierotikshop.com.tr\/website1\/erotik-shop-urun\/siyah-anal-vibrator-10-kademeli\/#breadcrumb\"},\"inLanguage\":\"tr\",\"potentialAction\":[{\"@type\":\"ReadAction\",\"target\":[\"https:\/\/hobierotikshop.com.tr\/website1\/erotik-shop-urun\/siyah-anal-vibrator-10-kademeli\/\"]}]},{\"@type\":\"ImageObject\",\"inLanguage\":\"tr\",\"@id\":\"https:\/\/hobierotikshop.com.tr\/website1\/erotik-shop-urun\/siyah-anal-vibrator-10-kademeli\/#primaryimage\",\"url\":\"https:\/\/haremerotikshop.com\/site\/wp-content\/uploads\/2025\/03\/siyah-anal-vibrator-10-kademeli-2546.jpg\",\"contentUrl\":\"https:\/\/haremerotikshop.com\/site\/wp-content\/uploads\/2025\/03\/siyah-anal-vibrator-10-kademeli-2546.jpg\",\"width\":1500,\"height\":1500},{\"@type\":\"BreadcrumbList\",\"@id\":\"https:\/\/hobierotikshop.com.tr\/website1\/erotik-shop-urun\/siyah-anal-vibrator-10-kademeli\/#breadcrumb\",\"itemListElement\":[{\"@type\":\"ListItem\",\"position\":1,\"name\":\"Anasayfa\",\"item\":\"https:\/\/hobierotikshop.com.tr\/website1\/\"},{\"@type\":\"ListItem\",\"position\":2,\"name\":\"Erotik Shop \u00dcr\u00fcnleri\",\"item\":\"https:\/\/hobierotikshop.com.tr\/website1\/shop\/\"},{\"@type\":\"ListItem\",\"position\":3,\"name\":\"Siyah Anal Vibrat\u00f6r 10 Kademeli\"}]},{\"@type\":\"WebSite\",\"@id\":\"https:\/\/hobierotikshop.com.tr\/website1\/#website\",\"url\":\"https:\/\/hobierotikshop.com.tr\/website1\/\",\"name\":\"Bursa Erotik Shop\",\"description\":\"Bursa Erotik Shop ile g\u00fcvenli, gizli ve kaliteli yeti\u015fkin \u00fcr\u00fcnleri al\u0131\u015fveri\u015fi! Geni\u015f \u00fcr\u00fcn yelpazemizi ke\u015ffedin, hemen sipari\u015f verin\",\"publisher\":{\"@id\":\"https:\/\/hobierotikshop.com.tr\/website1\/#organization\"},\"alternateName\":\"Erotik Shop\",\"potentialAction\":[{\"@type\":\"SearchAction\",\"target\":{\"@type\":\"EntryPoint\",\"urlTemplate\":\"https:\/\/hobierotikshop.com.tr\/website1\/?s={search_term_string}\"},\"query-input\":{\"@type\":\"PropertyValueSpecification\",\"valueRequired\":true,\"valueName\":\"search_term_string\"}}],\"inLanguage\":\"tr\"},{\"@type\":\"Organization\",\"@id\":\"https:\/\/hobierotikshop.com.tr\/website1\/#organization\",\"name\":\"Harem Bursa Erotik Shop\",\"url\":\"https:\/\/hobierotikshop.com.tr\/website1\/\",\"logo\":{\"@type\":\"ImageObject\",\"inLanguage\":\"tr\",\"@id\":\"https:\/\/hobierotikshop.com.tr\/website1\/#\/schema\/logo\/image\/\",\"url\":\"https:\/\/haremerotikshop.com\/site\/wp-content\/uploads\/2025\/03\/haremsexshop.png\",\"contentUrl\":\"https:\/\/haremerotikshop.com\/site\/wp-content\/uploads\/2025\/03\/haremsexshop.png\",\"width\":400,\"height\":100,\"caption\":\"Harem Bursa Erotik Shop\"},\"image\":{\"@id\":\"https:\/\/hobierotikshop.com.tr\/website1\/#\/schema\/logo\/image\/\"},\"sameAs\":[\"https:\/\/x.com\/shopbursa\"],\"publishingPrinciples\":\"https:\/\/hobierotikshop.com.tr\/website1\/mesafeli-satis-sozlesmesi\/\",\"ownershipFundingInfo\":\"https:\/\/hobierotikshop.com.tr\/website1\/contact-us\/\",\"actionableFeedbackPolicy\":\"https:\/\/hobierotikshop.com.tr\/website1\/contact-us\/\",\"correctionsPolicy\":\"https:\/\/hobierotikshop.com.tr\/website1\/mesafeli-satis-sozlesmesi\/\"}]}<\/script>\n<meta property=\"product:brand\" content=\"Pembe Tilki\" \/>\n<meta property=\"product:price:amount\" content=\"670.00\" \/>\n<meta property=\"product:price:currency\" content=\"TRY\" \/>\n<meta property=\"og:availability\" content=\"out of stock\" \/>\n<meta property=\"product:availability\" content=\"out of stock\" \/>\n<meta property=\"product:retailer_item_id\" content=\"PT-ANXM206\" \/>\n<meta property=\"product:condition\" content=\"new\" \/>\n<!-- \/ Yoast SEO Premium plugin. -->","yoast_head_json":{"title":"Siyah Anal Vibrat\u00f6r 10 Kademeli - Bursa Erotik Shop","robots":{"index":"index","follow":"follow","max-snippet":"max-snippet:-1","max-image-preview":"max-image-preview:large","max-video-preview":"max-video-preview:-1"},"canonical":"https:\/\/hobierotikshop.com.tr\/website1\/erotik-shop-urun\/siyah-anal-vibrator-10-kademeli\/","og_locale":"tr_TR","og_type":"article","og_title":"Siyah Anal Vibrat\u00f6r 10 Kademeli","og_description":"Siyah Anal Vibrat\u00f6r - 10 Kademeli, kullan\u0131\u015fl\u0131 ve esnek yap\u0131s\u0131 ile m\u00fckemmel bir anal zevk deneyimi sunar. Bo\u011fumlu tasar\u0131m\u0131, her bir bo\u011fumda farkl\u0131 bir uyar\u0131m sa\u011flar ve kullan\u0131c\u0131ya benzersiz bir his sunar. 10 kademeli tek titre\u015fim modu sayesinde yo\u011funlu\u011fu ki\u015fisel zevkinize g\u00f6re ayarlayabilirsiniz. Su ge\u00e7irmez tasar\u0131m\u0131, bu \u00fcr\u00fcn\u00fc du\u015fta veya banyoda g\u00fcvenle kullanman\u0131z\u0131 sa\u011flar ve kolay temizlik imk\u00e2n\u0131 sunar.","og_url":"https:\/\/hobierotikshop.com.tr\/website1\/erotik-shop-urun\/siyah-anal-vibrator-10-kademeli\/","og_site_name":"Bursa Erotik Shop","article_modified_time":"2026-01-26T12:10:08+00:00","og_image":[{"width":1500,"height":1500,"url":"https:\/\/hobierotikshop.com.tr\/website1\/wp-content\/uploads\/2025\/03\/siyah-anal-vibrator-10-kademeli-2546.jpg","type":"image\/jpeg"}],"twitter_card":"summary_large_image","twitter_site":"@shopbursa","twitter_misc":{"Fiyat":"&#8378;670,00 KDV DAH\u0130L","Availability":"Out of stock"},"schema":{"@context":"https:\/\/schema.org","@graph":[{"@type":"WebPage","@id":"https:\/\/hobierotikshop.com.tr\/website1\/erotik-shop-urun\/siyah-anal-vibrator-10-kademeli\/","url":"https:\/\/hobierotikshop.com.tr\/website1\/erotik-shop-urun\/siyah-anal-vibrator-10-kademeli\/","name":"Siyah Anal Vibrat\u00f6r 10 Kademeli - Bursa Erotik Shop","isPartOf":{"@id":"https:\/\/hobierotikshop.com.tr\/website1\/#website"},"primaryImageOfPage":{"@id":"https:\/\/hobierotikshop.com.tr\/website1\/erotik-shop-urun\/siyah-anal-vibrator-10-kademeli\/#primaryimage"},"image":{"@id":"https:\/\/hobierotikshop.com.tr\/website1\/erotik-shop-urun\/siyah-anal-vibrator-10-kademeli\/#primaryimage"},"thumbnailUrl":"https:\/\/haremerotikshop.com\/site\/wp-content\/uploads\/2025\/03\/siyah-anal-vibrator-10-kademeli-2546.jpg","datePublished":"2025-03-17T09:54:43+00:00","dateModified":"2026-01-26T12:10:08+00:00","breadcrumb":{"@id":"https:\/\/hobierotikshop.com.tr\/website1\/erotik-shop-urun\/siyah-anal-vibrator-10-kademeli\/#breadcrumb"},"inLanguage":"tr","potentialAction":[{"@type":"ReadAction","target":["https:\/\/hobierotikshop.com.tr\/website1\/erotik-shop-urun\/siyah-anal-vibrator-10-kademeli\/"]}]},{"@type":"ImageObject","inLanguage":"tr","@id":"https:\/\/hobierotikshop.com.tr\/website1\/erotik-shop-urun\/siyah-anal-vibrator-10-kademeli\/#primaryimage","url":"https:\/\/haremerotikshop.com\/site\/wp-content\/uploads\/2025\/03\/siyah-anal-vibrator-10-kademeli-2546.jpg","contentUrl":"https:\/\/haremerotikshop.com\/site\/wp-content\/uploads\/2025\/03\/siyah-anal-vibrator-10-kademeli-2546.jpg","width":1500,"height":1500},{"@type":"BreadcrumbList","@id":"https:\/\/hobierotikshop.com.tr\/website1\/erotik-shop-urun\/siyah-anal-vibrator-10-kademeli\/#breadcrumb","itemListElement":[{"@type":"ListItem","position":1,"name":"Anasayfa","item":"https:\/\/hobierotikshop.com.tr\/website1\/"},{"@type":"ListItem","position":2,"name":"Erotik Shop \u00dcr\u00fcnleri","item":"https:\/\/hobierotikshop.com.tr\/website1\/shop\/"},{"@type":"ListItem","position":3,"name":"Siyah Anal Vibrat\u00f6r 10 Kademeli"}]},{"@type":"WebSite","@id":"https:\/\/hobierotikshop.com.tr\/website1\/#website","url":"https:\/\/hobierotikshop.com.tr\/website1\/","name":"Bursa Erotik Shop","description":"Bursa Erotik Shop ile g\u00fcvenli, gizli ve kaliteli yeti\u015fkin \u00fcr\u00fcnleri al\u0131\u015fveri\u015fi! Geni\u015f \u00fcr\u00fcn yelpazemizi ke\u015ffedin, hemen sipari\u015f verin","publisher":{"@id":"https:\/\/hobierotikshop.com.tr\/website1\/#organization"},"alternateName":"Erotik Shop","potentialAction":[{"@type":"SearchAction","target":{"@type":"EntryPoint","urlTemplate":"https:\/\/hobierotikshop.com.tr\/website1\/?s={search_term_string}"},"query-input":{"@type":"PropertyValueSpecification","valueRequired":true,"valueName":"search_term_string"}}],"inLanguage":"tr"},{"@type":"Organization","@id":"https:\/\/hobierotikshop.com.tr\/website1\/#organization","name":"Harem Bursa Erotik Shop","url":"https:\/\/hobierotikshop.com.tr\/website1\/","logo":{"@type":"ImageObject","inLanguage":"tr","@id":"https:\/\/hobierotikshop.com.tr\/website1\/#\/schema\/logo\/image\/","url":"https:\/\/haremerotikshop.com\/site\/wp-content\/uploads\/2025\/03\/haremsexshop.png","contentUrl":"https:\/\/haremerotikshop.com\/site\/wp-content\/uploads\/2025\/03\/haremsexshop.png","width":400,"height":100,"caption":"Harem Bursa Erotik Shop"},"image":{"@id":"https:\/\/hobierotikshop.com.tr\/website1\/#\/schema\/logo\/image\/"},"sameAs":["https:\/\/x.com\/shopbursa"],"publishingPrinciples":"https:\/\/hobierotikshop.com.tr\/website1\/mesafeli-satis-sozlesmesi\/","ownershipFundingInfo":"https:\/\/hobierotikshop.com.tr\/website1\/contact-us\/","actionableFeedbackPolicy":"https:\/\/hobierotikshop.com.tr\/website1\/contact-us\/","correctionsPolicy":"https:\/\/hobierotikshop.com.tr\/website1\/mesafeli-satis-sozlesmesi\/"}]},"product_brand":"Pembe Tilki","product_price_amount":"670.00","product_price_currency":"TRY","og_availability":"out of stock","product_availability":"out of stock","product_retailer_item_id":"PT-ANXM206","product_condition":"new"},"_links":{"self":[{"href":"https:\/\/haremerotikshop.com\/site\/wp-json\/wp\/v2\/product\/20397","targetHints":{"allow":["GET"]}}],"collection":[{"href":"https:\/\/haremerotikshop.com\/site\/wp-json\/wp\/v2\/product"}],"about":[{"href":"https:\/\/haremerotikshop.com\/site\/wp-json\/wp\/v2\/types\/product"}],"replies":[{"embeddable":true,"href":"https:\/\/haremerotikshop.com\/site\/wp-json\/wp\/v2\/comments?post=20397"}],"version-history":[{"count":0,"href":"https:\/\/haremerotikshop.com\/site\/wp-json\/wp\/v2\/product\/20397\/revisions"}],"wp:featuredmedia":[{"embeddable":true,"href":"https:\/\/haremerotikshop.com\/site\/wp-json\/wp\/v2\/media\/20452"}],"wp:attachment":[{"href":"https:\/\/haremerotikshop.com\/site\/wp-json\/wp\/v2\/media?parent=20397"}],"wp:term":[{"taxonomy":"product_brand","embeddable":true,"href":"https:\/\/haremerotikshop.com\/site\/wp-json\/wp\/v2\/product_brand?post=20397"},{"taxonomy":"product_cat","embeddable":true,"href":"https:\/\/haremerotikshop.com\/site\/wp-json\/wp\/v2\/product_cat?post=20397"},{"taxonomy":"product_tag","embeddable":true,"href":"https:\/\/haremerotikshop.com\/site\/wp-json\/wp\/v2\/product_tag?post=20397"}],"curies":[{"name":"wp","href":"https:\/\/api.w.org\/{rel}","templated":true}]}}