{"id":20435,"date":"2025-03-17T12:55:27","date_gmt":"2025-03-17T09:55:27","guid":{"rendered":"https:\/\/haremerotikshop.com\/site\/?post_type=product&#038;p=20435"},"modified":"2026-01-26T15:02:01","modified_gmt":"2026-01-26T12:02:01","slug":"rainbow-dildo-19-cm","status":"publish","type":"product","link":"https:\/\/haremerotikshop.com\/site\/erotik-shop-urun\/rainbow-dildo-19-cm\/","title":{"rendered":"Rainbow Dildo 19 Cm"},"content":{"rendered":"<h3 data-start=\"0\" data-end=\"61\"><strong data-start=\"4\" data-end=\"61\">Rainbow Dildo \u2013 Canl\u0131 Renklerle E\u011flenceli Bir Deneyim<\/strong><\/h3>\n<p data-start=\"63\" data-end=\"596\"><strong data-start=\"63\" data-end=\"80\">Rainbow Dildo<\/strong>, canl\u0131 g\u00f6kku\u015fa\u011f\u0131 renkleri ve esnek yap\u0131s\u0131yla g\u00f6z al\u0131c\u0131 bir tasar\u0131ma sahiptir. Hem <strong data-start=\"163\" data-end=\"194\">g\u00f6rsel olarak dikkat \u00e7ekici<\/strong> hem de <strong data-start=\"202\" data-end=\"223\">konforlu kullan\u0131m<\/strong> sa\u011flayan bu dildo, her an\u0131n\u0131za renk ve e\u011flence katmak i\u00e7in tasarlanm\u0131\u015ft\u0131r. <strong data-start=\"299\" data-end=\"323\">%100 g\u00fcvenli silikon<\/strong> malzemesiyle, cilt dostu ve dayan\u0131kl\u0131 bir kullan\u0131m sunarken, <strong data-start=\"385\" data-end=\"404\">ger\u00e7ek\u00e7i dokusu<\/strong> ve <strong data-start=\"408\" data-end=\"431\">\u00e7ok ama\u00e7l\u0131 kullan\u0131m<\/strong> \u00f6zellikleriyle de kullan\u0131c\u0131lar\u0131n beklentilerini fazlas\u0131yla kar\u015f\u0131lar. <strong data-start=\"501\" data-end=\"518\">Rainbow Dildo<\/strong>, <strong data-start=\"520\" data-end=\"531\">estetik<\/strong> ve <strong data-start=\"535\" data-end=\"548\">e\u011flenceli<\/strong> tasar\u0131m\u0131yla s\u0131radanl\u0131ktan uzakla\u015fman\u0131z\u0131 sa\u011flar.<\/p>\n<hr data-start=\"598\" data-end=\"601\" \/>\n<h3 data-start=\"603\" data-end=\"631\"><strong data-start=\"607\" data-end=\"631\">\ud83d\udd39 \u00dcr\u00fcn \u00d6zellikleri:<\/strong><\/h3>\n<p data-start=\"633\" data-end=\"648\">\u2714 <strong data-start=\"635\" data-end=\"648\">Boyutlar:<\/strong><\/p>\n<ul data-start=\"652\" data-end=\"876\">\n<li data-start=\"652\" data-end=\"679\"><strong data-start=\"654\" data-end=\"672\">Toplam Uzunluk<\/strong>: 19 cm<\/li>\n<li data-start=\"683\" data-end=\"720\"><strong data-start=\"685\" data-end=\"711\">Kullan\u0131labilir Uzunluk<\/strong>: 14.5 cm<\/li>\n<li data-start=\"724\" data-end=\"754\"><strong data-start=\"726\" data-end=\"738\">Kal\u0131nl\u0131k<\/strong>: 3.7 cm \u00e7ap\u0131nda<\/li>\n<li data-start=\"758\" data-end=\"778\"><strong data-start=\"760\" data-end=\"771\">A\u011f\u0131rl\u0131k<\/strong>: 292 g<\/li>\n<li data-start=\"782\" data-end=\"876\">Bu boyutlar, kullan\u0131c\u0131lara do\u011fal ve rahat bir deneyim sunarken, <strong data-start=\"848\" data-end=\"868\">ger\u00e7ek\u00e7i dokunu\u015f<\/strong> sa\u011flar.<\/li>\n<\/ul>\n<p data-start=\"878\" data-end=\"908\">\u2714 <strong data-start=\"880\" data-end=\"908\">Y\u00fcksek Kaliteli Malzeme:<\/strong><\/p>\n<ul data-start=\"912\" data-end=\"1111\">\n<li data-start=\"912\" data-end=\"1111\"><strong data-start=\"914\" data-end=\"936\">%100 esnek silikon<\/strong> malzeme, v\u00fccuda zarar vermeyen ve tamamen g\u00fcvenli bir kullan\u0131m sunar. Bu malzeme, <strong data-start=\"1019\" data-end=\"1030\">yumu\u015fak<\/strong> ve <strong data-start=\"1034\" data-end=\"1046\">konforlu<\/strong> bir his yarat\u0131rken ayn\u0131 zamanda <strong data-start=\"1079\" data-end=\"1092\">dayan\u0131kl\u0131<\/strong> ve uzun \u00f6m\u00fcrl\u00fcd\u00fcr.<\/li>\n<\/ul>\n<p data-start=\"1113\" data-end=\"1133\">\u2714 <strong data-start=\"1115\" data-end=\"1133\">Canl\u0131 Renkler:<\/strong><\/p>\n<ul data-start=\"1137\" data-end=\"1326\">\n<li data-start=\"1137\" data-end=\"1326\"><strong data-start=\"1139\" data-end=\"1161\">G\u00f6kku\u015fa\u011f\u0131 renkleri<\/strong>, s\u0131radanl\u0131ktan uzakla\u015fman\u0131za ve yatak odan\u0131za <strong data-start=\"1208\" data-end=\"1234\">e\u011flenceli bir atmosfer<\/strong> katman\u0131za yard\u0131mc\u0131 olur. Estetik ve renkli tasar\u0131m\u0131yla her kullan\u0131mda g\u00f6rsel bir \u015fov yapar.<\/li>\n<\/ul>\n<p data-start=\"1328\" data-end=\"1359\">\u2714 <strong data-start=\"1330\" data-end=\"1359\">G\u00fc\u00e7l\u00fc Vakum Tabana Sahip:<\/strong><\/p>\n<ul data-start=\"1363\" data-end=\"1511\">\n<li data-start=\"1363\" data-end=\"1511\"><strong data-start=\"1365\" data-end=\"1381\">Vakum taban\u0131<\/strong>, eller serbest kullan\u0131m sa\u011flar. Duvarda veya d\u00fcz bir y\u00fczeye sabitleyerek <strong data-start=\"1455\" data-end=\"1464\">\u00f6zerk<\/strong> bir kullan\u0131m deneyimi ya\u015faman\u0131za olanak tan\u0131r.<\/li>\n<\/ul>\n<p data-start=\"1513\" data-end=\"1528\">\u2714 <strong data-start=\"1515\" data-end=\"1528\">Esneklik:<\/strong><\/p>\n<ul data-start=\"1532\" data-end=\"1684\">\n<li data-start=\"1532\" data-end=\"1684\"><strong data-start=\"1534\" data-end=\"1561\">Yumu\u015fak ve esnek yap\u0131s\u0131<\/strong>, dildo&#8217;nun <strong data-start=\"1573\" data-end=\"1596\">kolayca b\u00fck\u00fclmesini<\/strong> sa\u011flar ve <strong data-start=\"1607\" data-end=\"1625\">her a\u00e7\u0131ya uyum<\/strong> g\u00f6sterir. Bu, farkl\u0131 pozisyonlarda rahat\u00e7a kullan\u0131m sunar.<\/li>\n<\/ul>\n<p data-start=\"1686\" data-end=\"1712\">\u2714 <strong data-start=\"1688\" data-end=\"1712\">Su Ge\u00e7irmez \u00d6zellik:<\/strong><\/p>\n<ul data-start=\"1716\" data-end=\"1866\">\n<li data-start=\"1716\" data-end=\"1866\"><strong data-start=\"1718\" data-end=\"1741\">Tamamen su ge\u00e7irmez<\/strong> olan bu dildo, <strong data-start=\"1757\" data-end=\"1783\">kolayca temizlenebilir<\/strong> ve hijyenik bir \u015fekilde kullan\u0131labilir. Il\u0131k su ve sabunla h\u0131zl\u0131ca temizlenebilir.<\/li>\n<\/ul>\n<hr data-start=\"1868\" data-end=\"1871\" \/>\n<h3 data-start=\"1873\" data-end=\"1920\"><strong data-start=\"1877\" data-end=\"1920\">\ud83d\udd39 Neden Rainbow Dildo\u2019yu Se\u00e7melisiniz?<\/strong><\/h3>\n<p data-start=\"1922\" data-end=\"1962\">\ud83d\udd38 <strong data-start=\"1925\" data-end=\"1962\">Ger\u00e7ek\u00e7i ve Tatmin Edici Dokunu\u015f:<\/strong><\/p>\n<ul data-start=\"1966\" data-end=\"2098\">\n<li data-start=\"1966\" data-end=\"2098\"><strong data-start=\"1968\" data-end=\"1992\">Detayl\u0131 damar yap\u0131s\u0131<\/strong> ve do\u011fal \u015fekli sayesinde <strong data-start=\"2018\" data-end=\"2037\">ger\u00e7ek hissiyat<\/strong> sunar. Her kullan\u0131mda do\u011fal bir dokunma deneyimi ya\u015fars\u0131n\u0131z.<\/li>\n<\/ul>\n<p data-start=\"2100\" data-end=\"2127\">\ud83d\udd38 <strong data-start=\"2103\" data-end=\"2127\">\u00c7ok Ama\u00e7l\u0131 Kullan\u0131m:<\/strong><\/p>\n<ul data-start=\"2131\" data-end=\"2306\">\n<li data-start=\"2131\" data-end=\"2306\"><strong data-start=\"2133\" data-end=\"2149\">Tek ba\u015f\u0131n\u0131za<\/strong> ya da <strong data-start=\"2156\" data-end=\"2173\">partnerinizle<\/strong> keyifli anlar ya\u015famak i\u00e7in ideal bir se\u00e7enektir. <strong data-start=\"2223\" data-end=\"2242\">Strap-on uyumlu<\/strong> yap\u0131s\u0131 sayesinde <strong data-start=\"2260\" data-end=\"2281\">farkl\u0131 deneyimler<\/strong> ya\u015faman\u0131za olanak tan\u0131r.<\/li>\n<\/ul>\n<p data-start=\"2308\" data-end=\"2336\">\ud83d\udd38 <strong data-start=\"2311\" data-end=\"2336\">E\u011flenceli ve Estetik:<\/strong><\/p>\n<ul data-start=\"2340\" data-end=\"2515\">\n<li data-start=\"2340\" data-end=\"2515\">Canl\u0131 <strong data-start=\"2348\" data-end=\"2370\">g\u00f6kku\u015fa\u011f\u0131 renkleri<\/strong>, yatak odan\u0131za <strong data-start=\"2386\" data-end=\"2406\">e\u011flence katarken<\/strong>, s\u0131radanl\u0131ktan uzakla\u015fman\u0131za yard\u0131mc\u0131 olur. Estetik tasar\u0131m\u0131yla hem g\u00f6z al\u0131c\u0131 hem de kullan\u0131\u015fl\u0131 bir \u00fcr\u00fcnd\u00fcr.<\/li>\n<\/ul>\n<p data-start=\"2517\" data-end=\"2548\">\ud83d\udd38 <strong data-start=\"2520\" data-end=\"2548\">H\u0131zl\u0131 ve Kolay Temizlik:<\/strong><\/p>\n<ul data-start=\"2552\" data-end=\"2701\">\n<li data-start=\"2552\" data-end=\"2701\"><strong data-start=\"2554\" data-end=\"2569\">Su ge\u00e7irmez<\/strong> \u00f6zelli\u011fi sayesinde, <strong data-start=\"2590\" data-end=\"2616\">kolayca temizlenebilir<\/strong>. Hijyenik bir kullan\u0131m i\u00e7in, suya dayan\u0131kl\u0131 yap\u0131s\u0131 ile temizlik i\u015flemi zahmetsizdir.<\/li>\n<\/ul>\n<hr data-start=\"2703\" data-end=\"2706\" \/>\n<h3 data-start=\"2708\" data-end=\"2763\"><strong data-start=\"2712\" data-end=\"2763\">\ud83d\udd39 Renkli ve E\u011flenceli Deneyim \u0130\u00e7in \u0130deal Se\u00e7im<\/strong><\/h3>\n<p data-start=\"2765\" data-end=\"3148\"><strong data-start=\"2765\" data-end=\"2782\">Rainbow Dildo<\/strong>, <strong data-start=\"2784\" data-end=\"2809\">g\u00f6kku\u015fa\u011f\u0131 renkleriyle<\/strong> yatak odan\u0131za e\u011flence ve renk katman\u0131n yan\u0131 s\u0131ra, <strong data-start=\"2860\" data-end=\"2879\">ger\u00e7ek\u00e7i dokusu<\/strong> ve <strong data-start=\"2883\" data-end=\"2899\">esnek yap\u0131s\u0131<\/strong> ile her kullan\u0131c\u0131ya farkl\u0131 deneyimler sunar. <strong data-start=\"2945\" data-end=\"2961\">Vakum taban\u0131<\/strong>, <strong data-start=\"2963\" data-end=\"2989\">eller serbest kullan\u0131m<\/strong> ve <strong data-start=\"2993\" data-end=\"3008\">su ge\u00e7irmez<\/strong> \u00f6zellikleriyle de pratik bir kullan\u0131m sa\u011flar. <strong data-start=\"3055\" data-end=\"3074\">Strap-on uyumlu<\/strong> yap\u0131s\u0131 sayesinde partnerinizle farkl\u0131 deneyimler ya\u015faman\u0131za olanak tan\u0131r.<\/p>\n<hr data-start=\"3150\" data-end=\"3153\" \/>\n<p data-start=\"3155\" data-end=\"3414\" data-is-last-node=\"\" data-is-only-node=\"\"><strong data-start=\"3155\" data-end=\"3172\">Rainbow Dildo<\/strong>, <strong data-start=\"3174\" data-end=\"3187\">e\u011flenceli<\/strong>, <strong data-start=\"3189\" data-end=\"3201\">ger\u00e7ek\u00e7i<\/strong> ve <strong data-start=\"3205\" data-end=\"3219\">\u00e7ok ama\u00e7l\u0131<\/strong> yap\u0131s\u0131yla her cinsel deneyimi daha renkli ve tatmin edici hale getirir. Yatak odan\u0131zda s\u0131radanl\u0131ktan uzakla\u015farak <strong data-start=\"3333\" data-end=\"3356\">yenilik\u00e7i ve renkli<\/strong> bir deneyim ke\u015ffetmek i\u00e7in bu \u00fcr\u00fcn\u00fc tercih edebilirsiniz.<\/p>\n","protected":false},"excerpt":{"rendered":"<p><strong data-start=\"63\" data-end=\"80\">Rainbow Dildo<\/strong>, canl\u0131 g\u00f6kku\u015fa\u011f\u0131 renkleri ve esnek yap\u0131s\u0131yla g\u00f6z al\u0131c\u0131 bir tasar\u0131ma sahiptir. Hem <strong data-start=\"163\" data-end=\"194\">g\u00f6rsel olarak dikkat \u00e7ekici<\/strong> hem de <strong data-start=\"202\" data-end=\"223\">konforlu kullan\u0131m<\/strong> sa\u011flayan bu dildo, her an\u0131n\u0131za renk ve e\u011flence katmak i\u00e7in tasarlanm\u0131\u015ft\u0131r. <strong data-start=\"299\" data-end=\"323\">%100 g\u00fcvenli silikon<\/strong> malzemesiyle, cilt dostu ve dayan\u0131kl\u0131 bir kullan\u0131m sunarken, <strong data-start=\"385\" data-end=\"404\">ger\u00e7ek\u00e7i dokusu<\/strong> ve <strong data-start=\"408\" data-end=\"431\">\u00e7ok ama\u00e7l\u0131 kullan\u0131m<\/strong> \u00f6zellikleriyle de kullan\u0131c\u0131lar\u0131n beklentilerini fazlas\u0131yla kar\u015f\u0131lar. <strong data-start=\"501\" data-end=\"518\">Rainbow Dildo<\/strong>, <strong data-start=\"520\" data-end=\"531\">estetik<\/strong> ve <strong data-start=\"535\" data-end=\"548\">e\u011flenceli<\/strong> tasar\u0131m\u0131yla s\u0131radanl\u0131ktan uzakla\u015fman\u0131z\u0131 sa\u011flar.<\/p>\n","protected":false},"featured_media":20498,"comment_status":"open","ping_status":"closed","template":"","meta":[],"product_brand":[127],"product_cat":[96],"product_tag":[445],"class_list":{"0":"post-20435","1":"product","2":"type-product","3":"status-publish","4":"has-post-thumbnail","6":"product_brand-pembe-tilki","7":"product_cat-realistik-dildo","8":"product_tag-rainbow-dildo-19-cm","10":"first","11":"instock","12":"taxable","13":"shipping-taxable","14":"purchasable","15":"product-type-simple"},"yoast_head":"<!-- This site is optimized with the Yoast SEO Premium plugin v24.4 (Yoast SEO v27.1.1) - https:\/\/yoast.com\/product\/yoast-seo-premium-wordpress\/ -->\n<title>Rainbow Dildo 19 Cm - Bursa Erotik Shop<\/title>\n<meta name=\"robots\" content=\"index, follow, max-snippet:-1, max-image-preview:large, max-video-preview:-1\" \/>\n<link rel=\"canonical\" href=\"https:\/\/hobierotikshop.com.tr\/website1\/erotik-shop-urun\/rainbow-dildo-19-cm\/\" \/>\n<meta property=\"og:locale\" content=\"tr_TR\" \/>\n<meta property=\"og:type\" content=\"article\" \/>\n<meta property=\"og:title\" content=\"Rainbow Dildo 19 Cm\" \/>\n<meta property=\"og:description\" content=\"Rainbow Dildo, canl\u0131 g\u00f6kku\u015fa\u011f\u0131 renkleri ve esnek yap\u0131s\u0131yla g\u00f6z al\u0131c\u0131 bir tasar\u0131ma sahiptir. Hem g\u00f6rsel olarak dikkat \u00e7ekici hem de konforlu kullan\u0131m sa\u011flayan bu dildo, her an\u0131n\u0131za renk ve e\u011flence katmak i\u00e7in tasarlanm\u0131\u015ft\u0131r. %100 g\u00fcvenli silikon malzemesiyle, cilt dostu ve dayan\u0131kl\u0131 bir kullan\u0131m sunarken, ger\u00e7ek\u00e7i dokusu ve \u00e7ok ama\u00e7l\u0131 kullan\u0131m \u00f6zellikleriyle de kullan\u0131c\u0131lar\u0131n beklentilerini fazlas\u0131yla kar\u015f\u0131lar. Rainbow Dildo, estetik ve e\u011flenceli tasar\u0131m\u0131yla s\u0131radanl\u0131ktan uzakla\u015fman\u0131z\u0131 sa\u011flar.\" \/>\n<meta property=\"og:url\" content=\"https:\/\/hobierotikshop.com.tr\/website1\/erotik-shop-urun\/rainbow-dildo-19-cm\/\" \/>\n<meta property=\"og:site_name\" content=\"Bursa Erotik Shop\" \/>\n<meta property=\"article:modified_time\" content=\"2026-01-26T12:02:01+00:00\" \/>\n<meta property=\"og:image\" content=\"https:\/\/hobierotikshop.com.tr\/website1\/wp-content\/uploads\/2025\/03\/rainbow-dildo-19-cm-2943.jpg\" \/>\n\t<meta property=\"og:image:width\" content=\"1500\" \/>\n\t<meta property=\"og:image:height\" content=\"1500\" \/>\n\t<meta property=\"og:image:type\" content=\"image\/jpeg\" \/>\n<meta name=\"twitter:card\" content=\"summary_large_image\" \/>\n<meta name=\"twitter:site\" content=\"@shopbursa\" \/>\n<meta name=\"twitter:label1\" content=\"Fiyat\" \/>\n\t<meta name=\"twitter:data1\" content=\"&#8378;2.500,00 KDV DAH\u0130L\" \/>\n\t<meta name=\"twitter:label2\" content=\"Availability\" \/>\n\t<meta name=\"twitter:data2\" content=\"In stock\" \/>\n<script type=\"application\/ld+json\" class=\"yoast-schema-graph\">{\"@context\":\"https:\/\/schema.org\",\"@graph\":[{\"@type\":\"WebPage\",\"@id\":\"https:\/\/hobierotikshop.com.tr\/website1\/erotik-shop-urun\/rainbow-dildo-19-cm\/\",\"url\":\"https:\/\/hobierotikshop.com.tr\/website1\/erotik-shop-urun\/rainbow-dildo-19-cm\/\",\"name\":\"Rainbow Dildo 19 Cm - Bursa Erotik Shop\",\"isPartOf\":{\"@id\":\"https:\/\/hobierotikshop.com.tr\/website1\/#website\"},\"primaryImageOfPage\":{\"@id\":\"https:\/\/hobierotikshop.com.tr\/website1\/erotik-shop-urun\/rainbow-dildo-19-cm\/#primaryimage\"},\"image\":{\"@id\":\"https:\/\/hobierotikshop.com.tr\/website1\/erotik-shop-urun\/rainbow-dildo-19-cm\/#primaryimage\"},\"thumbnailUrl\":\"https:\/\/haremerotikshop.com\/site\/wp-content\/uploads\/2025\/03\/rainbow-dildo-19-cm-2943.jpg\",\"datePublished\":\"2025-03-17T09:55:27+00:00\",\"dateModified\":\"2026-01-26T12:02:01+00:00\",\"breadcrumb\":{\"@id\":\"https:\/\/hobierotikshop.com.tr\/website1\/erotik-shop-urun\/rainbow-dildo-19-cm\/#breadcrumb\"},\"inLanguage\":\"tr\",\"potentialAction\":[{\"@type\":\"ReadAction\",\"target\":[\"https:\/\/hobierotikshop.com.tr\/website1\/erotik-shop-urun\/rainbow-dildo-19-cm\/\"]}]},{\"@type\":\"ImageObject\",\"inLanguage\":\"tr\",\"@id\":\"https:\/\/hobierotikshop.com.tr\/website1\/erotik-shop-urun\/rainbow-dildo-19-cm\/#primaryimage\",\"url\":\"https:\/\/haremerotikshop.com\/site\/wp-content\/uploads\/2025\/03\/rainbow-dildo-19-cm-2943.jpg\",\"contentUrl\":\"https:\/\/haremerotikshop.com\/site\/wp-content\/uploads\/2025\/03\/rainbow-dildo-19-cm-2943.jpg\",\"width\":1500,\"height\":1500},{\"@type\":\"BreadcrumbList\",\"@id\":\"https:\/\/hobierotikshop.com.tr\/website1\/erotik-shop-urun\/rainbow-dildo-19-cm\/#breadcrumb\",\"itemListElement\":[{\"@type\":\"ListItem\",\"position\":1,\"name\":\"Anasayfa\",\"item\":\"https:\/\/hobierotikshop.com.tr\/website1\/\"},{\"@type\":\"ListItem\",\"position\":2,\"name\":\"Erotik Shop \u00dcr\u00fcnleri\",\"item\":\"https:\/\/hobierotikshop.com.tr\/website1\/shop\/\"},{\"@type\":\"ListItem\",\"position\":3,\"name\":\"Rainbow Dildo 19 Cm\"}]},{\"@type\":\"WebSite\",\"@id\":\"https:\/\/hobierotikshop.com.tr\/website1\/#website\",\"url\":\"https:\/\/hobierotikshop.com.tr\/website1\/\",\"name\":\"Bursa Erotik Shop\",\"description\":\"Bursa Erotik Shop ile g\u00fcvenli, gizli ve kaliteli yeti\u015fkin \u00fcr\u00fcnleri al\u0131\u015fveri\u015fi! Geni\u015f \u00fcr\u00fcn yelpazemizi ke\u015ffedin, hemen sipari\u015f verin\",\"publisher\":{\"@id\":\"https:\/\/hobierotikshop.com.tr\/website1\/#organization\"},\"alternateName\":\"Erotik Shop\",\"potentialAction\":[{\"@type\":\"SearchAction\",\"target\":{\"@type\":\"EntryPoint\",\"urlTemplate\":\"https:\/\/hobierotikshop.com.tr\/website1\/?s={search_term_string}\"},\"query-input\":{\"@type\":\"PropertyValueSpecification\",\"valueRequired\":true,\"valueName\":\"search_term_string\"}}],\"inLanguage\":\"tr\"},{\"@type\":\"Organization\",\"@id\":\"https:\/\/hobierotikshop.com.tr\/website1\/#organization\",\"name\":\"Harem Bursa Erotik Shop\",\"url\":\"https:\/\/hobierotikshop.com.tr\/website1\/\",\"logo\":{\"@type\":\"ImageObject\",\"inLanguage\":\"tr\",\"@id\":\"https:\/\/hobierotikshop.com.tr\/website1\/#\/schema\/logo\/image\/\",\"url\":\"https:\/\/haremerotikshop.com\/wp-content\/uploads\/2025\/03\/haremsexshop.png\",\"contentUrl\":\"https:\/\/haremerotikshop.com\/wp-content\/uploads\/2025\/03\/haremsexshop.png\",\"width\":400,\"height\":100,\"caption\":\"Harem Bursa Erotik Shop\"},\"image\":{\"@id\":\"https:\/\/hobierotikshop.com.tr\/website1\/#\/schema\/logo\/image\/\"},\"sameAs\":[\"https:\/\/x.com\/shopbursa\"],\"publishingPrinciples\":\"https:\/\/hobierotikshop.com.tr\/website1\/mesafeli-satis-sozlesmesi\/\",\"ownershipFundingInfo\":\"https:\/\/hobierotikshop.com.tr\/website1\/contact-us\/\",\"actionableFeedbackPolicy\":\"https:\/\/hobierotikshop.com.tr\/website1\/contact-us\/\",\"correctionsPolicy\":\"https:\/\/hobierotikshop.com.tr\/website1\/mesafeli-satis-sozlesmesi\/\"}]}<\/script>\n<meta property=\"product:brand\" content=\"Pembe Tilki\" \/>\n<meta property=\"product:price:amount\" content=\"2500.00\" \/>\n<meta property=\"product:price:currency\" content=\"TRY\" \/>\n<meta property=\"og:availability\" content=\"instock\" \/>\n<meta property=\"product:availability\" content=\"instock\" \/>\n<meta property=\"product:retailer_item_id\" content=\"PT-DVXD303\" \/>\n<meta property=\"product:condition\" content=\"new\" \/>\n<!-- \/ Yoast SEO Premium plugin. -->","yoast_head_json":{"title":"Rainbow Dildo 19 Cm - Bursa Erotik Shop","robots":{"index":"index","follow":"follow","max-snippet":"max-snippet:-1","max-image-preview":"max-image-preview:large","max-video-preview":"max-video-preview:-1"},"canonical":"https:\/\/hobierotikshop.com.tr\/website1\/erotik-shop-urun\/rainbow-dildo-19-cm\/","og_locale":"tr_TR","og_type":"article","og_title":"Rainbow Dildo 19 Cm","og_description":"Rainbow Dildo, canl\u0131 g\u00f6kku\u015fa\u011f\u0131 renkleri ve esnek yap\u0131s\u0131yla g\u00f6z al\u0131c\u0131 bir tasar\u0131ma sahiptir. Hem g\u00f6rsel olarak dikkat \u00e7ekici hem de konforlu kullan\u0131m sa\u011flayan bu dildo, her an\u0131n\u0131za renk ve e\u011flence katmak i\u00e7in tasarlanm\u0131\u015ft\u0131r. %100 g\u00fcvenli silikon malzemesiyle, cilt dostu ve dayan\u0131kl\u0131 bir kullan\u0131m sunarken, ger\u00e7ek\u00e7i dokusu ve \u00e7ok ama\u00e7l\u0131 kullan\u0131m \u00f6zellikleriyle de kullan\u0131c\u0131lar\u0131n beklentilerini fazlas\u0131yla kar\u015f\u0131lar. Rainbow Dildo, estetik ve e\u011flenceli tasar\u0131m\u0131yla s\u0131radanl\u0131ktan uzakla\u015fman\u0131z\u0131 sa\u011flar.","og_url":"https:\/\/hobierotikshop.com.tr\/website1\/erotik-shop-urun\/rainbow-dildo-19-cm\/","og_site_name":"Bursa Erotik Shop","article_modified_time":"2026-01-26T12:02:01+00:00","og_image":[{"width":1500,"height":1500,"url":"https:\/\/hobierotikshop.com.tr\/website1\/wp-content\/uploads\/2025\/03\/rainbow-dildo-19-cm-2943.jpg","type":"image\/jpeg"}],"twitter_card":"summary_large_image","twitter_site":"@shopbursa","twitter_misc":{"Fiyat":"&#8378;2.500,00 KDV DAH\u0130L","Availability":"In stock"},"schema":{"@context":"https:\/\/schema.org","@graph":[{"@type":"WebPage","@id":"https:\/\/hobierotikshop.com.tr\/website1\/erotik-shop-urun\/rainbow-dildo-19-cm\/","url":"https:\/\/hobierotikshop.com.tr\/website1\/erotik-shop-urun\/rainbow-dildo-19-cm\/","name":"Rainbow Dildo 19 Cm - Bursa Erotik Shop","isPartOf":{"@id":"https:\/\/hobierotikshop.com.tr\/website1\/#website"},"primaryImageOfPage":{"@id":"https:\/\/hobierotikshop.com.tr\/website1\/erotik-shop-urun\/rainbow-dildo-19-cm\/#primaryimage"},"image":{"@id":"https:\/\/hobierotikshop.com.tr\/website1\/erotik-shop-urun\/rainbow-dildo-19-cm\/#primaryimage"},"thumbnailUrl":"https:\/\/haremerotikshop.com\/site\/wp-content\/uploads\/2025\/03\/rainbow-dildo-19-cm-2943.jpg","datePublished":"2025-03-17T09:55:27+00:00","dateModified":"2026-01-26T12:02:01+00:00","breadcrumb":{"@id":"https:\/\/hobierotikshop.com.tr\/website1\/erotik-shop-urun\/rainbow-dildo-19-cm\/#breadcrumb"},"inLanguage":"tr","potentialAction":[{"@type":"ReadAction","target":["https:\/\/hobierotikshop.com.tr\/website1\/erotik-shop-urun\/rainbow-dildo-19-cm\/"]}]},{"@type":"ImageObject","inLanguage":"tr","@id":"https:\/\/hobierotikshop.com.tr\/website1\/erotik-shop-urun\/rainbow-dildo-19-cm\/#primaryimage","url":"https:\/\/haremerotikshop.com\/site\/wp-content\/uploads\/2025\/03\/rainbow-dildo-19-cm-2943.jpg","contentUrl":"https:\/\/haremerotikshop.com\/site\/wp-content\/uploads\/2025\/03\/rainbow-dildo-19-cm-2943.jpg","width":1500,"height":1500},{"@type":"BreadcrumbList","@id":"https:\/\/hobierotikshop.com.tr\/website1\/erotik-shop-urun\/rainbow-dildo-19-cm\/#breadcrumb","itemListElement":[{"@type":"ListItem","position":1,"name":"Anasayfa","item":"https:\/\/hobierotikshop.com.tr\/website1\/"},{"@type":"ListItem","position":2,"name":"Erotik Shop \u00dcr\u00fcnleri","item":"https:\/\/hobierotikshop.com.tr\/website1\/shop\/"},{"@type":"ListItem","position":3,"name":"Rainbow Dildo 19 Cm"}]},{"@type":"WebSite","@id":"https:\/\/hobierotikshop.com.tr\/website1\/#website","url":"https:\/\/hobierotikshop.com.tr\/website1\/","name":"Bursa Erotik Shop","description":"Bursa Erotik Shop ile g\u00fcvenli, gizli ve kaliteli yeti\u015fkin \u00fcr\u00fcnleri al\u0131\u015fveri\u015fi! Geni\u015f \u00fcr\u00fcn yelpazemizi ke\u015ffedin, hemen sipari\u015f verin","publisher":{"@id":"https:\/\/hobierotikshop.com.tr\/website1\/#organization"},"alternateName":"Erotik Shop","potentialAction":[{"@type":"SearchAction","target":{"@type":"EntryPoint","urlTemplate":"https:\/\/hobierotikshop.com.tr\/website1\/?s={search_term_string}"},"query-input":{"@type":"PropertyValueSpecification","valueRequired":true,"valueName":"search_term_string"}}],"inLanguage":"tr"},{"@type":"Organization","@id":"https:\/\/hobierotikshop.com.tr\/website1\/#organization","name":"Harem Bursa Erotik Shop","url":"https:\/\/hobierotikshop.com.tr\/website1\/","logo":{"@type":"ImageObject","inLanguage":"tr","@id":"https:\/\/hobierotikshop.com.tr\/website1\/#\/schema\/logo\/image\/","url":"https:\/\/haremerotikshop.com\/wp-content\/uploads\/2025\/03\/haremsexshop.png","contentUrl":"https:\/\/haremerotikshop.com\/wp-content\/uploads\/2025\/03\/haremsexshop.png","width":400,"height":100,"caption":"Harem Bursa Erotik Shop"},"image":{"@id":"https:\/\/hobierotikshop.com.tr\/website1\/#\/schema\/logo\/image\/"},"sameAs":["https:\/\/x.com\/shopbursa"],"publishingPrinciples":"https:\/\/hobierotikshop.com.tr\/website1\/mesafeli-satis-sozlesmesi\/","ownershipFundingInfo":"https:\/\/hobierotikshop.com.tr\/website1\/contact-us\/","actionableFeedbackPolicy":"https:\/\/hobierotikshop.com.tr\/website1\/contact-us\/","correctionsPolicy":"https:\/\/hobierotikshop.com.tr\/website1\/mesafeli-satis-sozlesmesi\/"}]},"product_brand":"Pembe Tilki","product_price_amount":"2500.00","product_price_currency":"TRY","og_availability":"instock","product_availability":"instock","product_retailer_item_id":"PT-DVXD303","product_condition":"new"},"_links":{"self":[{"href":"https:\/\/haremerotikshop.com\/site\/wp-json\/wp\/v2\/product\/20435","targetHints":{"allow":["GET"]}}],"collection":[{"href":"https:\/\/haremerotikshop.com\/site\/wp-json\/wp\/v2\/product"}],"about":[{"href":"https:\/\/haremerotikshop.com\/site\/wp-json\/wp\/v2\/types\/product"}],"replies":[{"embeddable":true,"href":"https:\/\/haremerotikshop.com\/site\/wp-json\/wp\/v2\/comments?post=20435"}],"version-history":[{"count":0,"href":"https:\/\/haremerotikshop.com\/site\/wp-json\/wp\/v2\/product\/20435\/revisions"}],"wp:featuredmedia":[{"embeddable":true,"href":"https:\/\/haremerotikshop.com\/site\/wp-json\/wp\/v2\/media\/20498"}],"wp:attachment":[{"href":"https:\/\/haremerotikshop.com\/site\/wp-json\/wp\/v2\/media?parent=20435"}],"wp:term":[{"taxonomy":"product_brand","embeddable":true,"href":"https:\/\/haremerotikshop.com\/site\/wp-json\/wp\/v2\/product_brand?post=20435"},{"taxonomy":"product_cat","embeddable":true,"href":"https:\/\/haremerotikshop.com\/site\/wp-json\/wp\/v2\/product_cat?post=20435"},{"taxonomy":"product_tag","embeddable":true,"href":"https:\/\/haremerotikshop.com\/site\/wp-json\/wp\/v2\/product_tag?post=20435"}],"curies":[{"name":"wp","href":"https:\/\/api.w.org\/{rel}","templated":true}]}}