{"id":20457,"date":"2025-03-17T12:55:52","date_gmt":"2025-03-17T09:55:52","guid":{"rendered":"https:\/\/haremerotikshop.com\/site\/?post_type=product&#038;p=20457"},"modified":"2026-01-26T15:01:30","modified_gmt":"2026-01-26T12:01:30","slug":"deri-uclu-fantezi-paddle-siyah","status":"publish","type":"product","link":"https:\/\/haremerotikshop.com\/site\/erotik-shop-urun\/deri-uclu-fantezi-paddle-siyah\/","title":{"rendered":"Deri U\u00e7lu Fantezi Paddle Siyah"},"content":{"rendered":"<h3 data-start=\"0\" data-end=\"89\"><strong data-start=\"4\" data-end=\"89\">Deri U\u00e7lu Fantezi Paddle | Estetik ve \u015e\u0131kl\u0131\u011f\u0131yla Fantezi D\u00fcnyan\u0131z\u0131 Zenginle\u015ftirin<\/strong><\/h3>\n<p data-start=\"91\" data-end=\"583\"><strong data-start=\"91\" data-end=\"119\">Deri U\u00e7lu Fantezi Paddle<\/strong>, zarif ve \u015f\u0131k tasar\u0131m\u0131, kaliteli malzemeleri ve dayan\u0131kl\u0131 yap\u0131s\u0131yla fantezi d\u00fcnyan\u0131za heyecan ve tutku katmak i\u00e7in tasarland\u0131. <strong data-start=\"247\" data-end=\"265\">Al\u00fcminyum sap\u0131<\/strong> ve <strong data-start=\"269\" data-end=\"302\">y\u00fcksek kaliteli deri u\u00e7 k\u0131sm\u0131<\/strong> ile hem g\u00fc\u00e7l\u00fc hem de kontroll\u00fc bir kullan\u0131m sunar. \u00dczerindeki <strong data-start=\"365\" data-end=\"382\">ta\u015f detaylar\u0131<\/strong> ile g\u00f6z al\u0131c\u0131 bir g\u00f6r\u00fcn\u00fcm sunarak, her dokunu\u015fta g\u00f6rsel bir \u015f\u0131kl\u0131k yarat\u0131r. Hem <strong data-start=\"463\" data-end=\"496\">g\u00f6rsel hem de i\u015flevsel a\u00e7\u0131dan<\/strong> m\u00fckemmel bir \u00fcr\u00fcn olan bu paddle, farkl\u0131 zevklere hitap eden kullan\u0131c\u0131lara hitap eder.<\/p>\n<p data-start=\"585\" data-end=\"756\">Fantezi oyunlar\u0131n\u0131za <strong data-start=\"606\" data-end=\"623\">farkl\u0131 hisler<\/strong> ve <strong data-start=\"627\" data-end=\"639\">derinlik<\/strong> eklemek isteyenler i\u00e7in <strong data-start=\"664\" data-end=\"692\">Deri U\u00e7lu Fantezi Paddle<\/strong>, hem estetik hem de i\u015flevsel \u00f6zellikleriyle en do\u011fru tercihtir.<\/p>\n<hr data-start=\"758\" data-end=\"761\" \/>\n<h3 data-start=\"763\" data-end=\"795\"><strong data-start=\"767\" data-end=\"795\">\ud83d\udd39 \u00d6ne \u00c7\u0131kan \u00d6zellikler:<\/strong><\/h3>\n<p data-start=\"797\" data-end=\"820\">\u2714 <strong data-start=\"799\" data-end=\"820\">Malzeme Kalitesi:<\/strong><\/p>\n<ul data-start=\"824\" data-end=\"1398\">\n<li data-start=\"824\" data-end=\"1024\"><strong data-start=\"826\" data-end=\"833\">Sap<\/strong>: Dayan\u0131kl\u0131 ve <strong data-start=\"848\" data-end=\"867\">hafif al\u00fcminyum<\/strong> sap, uzun s\u00fcreli kullan\u0131mda konfor sa\u011flar. Kullan\u0131c\u0131ya ekstra <strong data-start=\"930\" data-end=\"939\">denge<\/strong> ve <strong data-start=\"943\" data-end=\"954\">kontrol<\/strong> sunarak, her hareketinizi hassasiyetle y\u00f6nlendirmenize yard\u0131mc\u0131 olur.<\/li>\n<li data-start=\"1028\" data-end=\"1235\"><strong data-start=\"1030\" data-end=\"1036\">U\u00e7<\/strong>: <strong data-start=\"1038\" data-end=\"1065\">Y\u00fcksek kaliteli deri u\u00e7<\/strong>, v\u00fccudunuzu uyand\u0131ran hem yumu\u015fak hem de etkili bir his yarat\u0131r. Hem nazik hem de sert dokunu\u015flar i\u00e7in uygundur, partnerinizle farkl\u0131 deneyimler ya\u015faman\u0131za olanak tan\u0131r.<\/li>\n<li data-start=\"1239\" data-end=\"1398\"><strong data-start=\"1241\" data-end=\"1255\">Tutma Yeri<\/strong>: Tamamen <strong data-start=\"1265\" data-end=\"1290\">deri kapl\u0131 tutma yeri<\/strong>, kaymaz bir kavrama sa\u011flar. Rahat ve g\u00fcvenli bir tutu\u015f, uzun s\u00fcreli kullan\u0131mlarda elinizin kaymas\u0131n\u0131 \u00f6nler.<\/li>\n<\/ul>\n<p data-start=\"1400\" data-end=\"1415\">\u2714 <strong data-start=\"1402\" data-end=\"1415\">Boyutlar:<\/strong><\/p>\n<ul data-start=\"1419\" data-end=\"1731\">\n<li data-start=\"1419\" data-end=\"1521\"><strong data-start=\"1421\" data-end=\"1439\">Toplam Uzunluk<\/strong>: 48,5 cm \u2013 Bu boyut, kontrol\u00fc kolayla\u015ft\u0131r\u0131r ve etkili bir \u015fekilde kullan\u0131labilir.<\/li>\n<li data-start=\"1525\" data-end=\"1605\"><strong data-start=\"1527\" data-end=\"1551\">Tutma K\u0131sm\u0131 Uzunlu\u011fu<\/strong>: 16 cm \u2013 <strong data-start=\"1561\" data-end=\"1580\">Ergonomik tutu\u015f<\/strong> i\u00e7in ideal uzunluktad\u0131r.<\/li>\n<li data-start=\"1609\" data-end=\"1731\"><strong data-start=\"1611\" data-end=\"1623\">U\u00e7 K\u0131sm\u0131<\/strong>: 13 cm uzunluk, 5 cm geni\u015flik \u2013 Etkili vuru\u015flar i\u00e7in ideal boyut, farkl\u0131 g\u00fc\u00e7 seviyelerinde hissiyat sa\u011flar.<\/li>\n<\/ul>\n<p data-start=\"1733\" data-end=\"1756\">\u2714 <strong data-start=\"1735\" data-end=\"1756\">Renk Se\u00e7enekleri:<\/strong><\/p>\n<ul data-start=\"1760\" data-end=\"1881\">\n<li data-start=\"1760\" data-end=\"1881\"><strong data-start=\"1762\" data-end=\"1780\">Siyah ve Pembe<\/strong> olmak \u00fczere iki farkl\u0131 <strong data-start=\"1804\" data-end=\"1825\">\u015f\u0131k renk se\u00e7ene\u011fi<\/strong> sunulmaktad\u0131r. Ki\u015fisel tercihinize g\u00f6re se\u00e7ebilirsiniz.<\/li>\n<\/ul>\n<hr data-start=\"1883\" data-end=\"1886\" \/>\n<h3 data-start=\"1888\" data-end=\"1951\"><strong data-start=\"1892\" data-end=\"1951\">\ud83d\udd39 Neden Deri U\u00e7lu Fantezi Paddle\u2019\u0131 Tercih Etmelisiniz?<\/strong><\/h3>\n<p data-start=\"1953\" data-end=\"1983\">\ud83d\udd38 <strong data-start=\"1956\" data-end=\"1983\">Estetik ve \u015e\u0131k Tasar\u0131m:<\/strong><\/p>\n<ul data-start=\"1987\" data-end=\"2194\">\n<li data-start=\"1987\" data-end=\"2194\"><strong data-start=\"1989\" data-end=\"1997\">Deri<\/strong> ve <strong data-start=\"2001\" data-end=\"2018\">ta\u015f detaylar\u0131<\/strong>, paddle\u2019\u0131 hem <strong data-start=\"2033\" data-end=\"2057\">g\u00f6rsel a\u00e7\u0131dan \u00e7ekici<\/strong> hem de i\u015flevsel olarak kullan\u0131\u015fl\u0131 hale getirir. <strong data-start=\"2106\" data-end=\"2123\">Zarif tasar\u0131m<\/strong> ve dikkatlice i\u015flenmi\u015f ta\u015flar, her vuru\u015fu g\u00f6rsel bir zevke d\u00f6n\u00fc\u015ft\u00fcr\u00fcr.<\/li>\n<\/ul>\n<p data-start=\"2196\" data-end=\"2227\">\ud83d\udd38 <strong data-start=\"2199\" data-end=\"2227\">Dayan\u0131kl\u0131 ve Hafif Yap\u0131:<\/strong><\/p>\n<ul data-start=\"2231\" data-end=\"2409\">\n<li data-start=\"2231\" data-end=\"2409\"><strong data-start=\"2233\" data-end=\"2250\">Al\u00fcminyum sap<\/strong>, paddle\u2019\u0131 <strong data-start=\"2261\" data-end=\"2283\">dayan\u0131kl\u0131 ve hafif<\/strong> yaparak uzun s\u00fcreli kullan\u0131ma uygun hale getirir. <strong data-start=\"2334\" data-end=\"2353\">Sert ve yumu\u015fak<\/strong> vuru\u015flar aras\u0131nda kolayca ge\u00e7i\u015f yapman\u0131za olanak tan\u0131r.<\/li>\n<\/ul>\n<p data-start=\"2411\" data-end=\"2453\">\ud83d\udd38 <strong data-start=\"2414\" data-end=\"2453\">Kolay Kavrama ve Konforlu Kullan\u0131m:<\/strong><\/p>\n<ul data-start=\"2457\" data-end=\"2624\">\n<li data-start=\"2457\" data-end=\"2624\"><strong data-start=\"2459\" data-end=\"2484\">Deri kapl\u0131 tutma yeri<\/strong>, elinize g\u00fcvenli bir <strong data-start=\"2506\" data-end=\"2517\">kavrama<\/strong> sa\u011flar, uzun s\u00fcreli kullan\u0131mlarda bile <strong data-start=\"2557\" data-end=\"2569\">rahatl\u0131k<\/strong> sunar. Kaymaz \u00f6zellik, kontrol\u00fc kaybetmenizi engeller.<\/li>\n<\/ul>\n<p data-start=\"2626\" data-end=\"2658\">\ud83d\udd38 <strong data-start=\"2629\" data-end=\"2658\">Farkl\u0131 Hisler ve Zevkler:<\/strong><\/p>\n<ul data-start=\"2662\" data-end=\"2866\">\n<li data-start=\"2662\" data-end=\"2866\"><strong data-start=\"2664\" data-end=\"2691\">Y\u00fcksek kaliteli deri u\u00e7<\/strong>, hem <strong data-start=\"2697\" data-end=\"2731\">yumu\u015fak hem de sert dokunu\u015flar<\/strong> i\u00e7in uygundur. Farkl\u0131 <strong data-start=\"2754\" data-end=\"2774\">vuru\u015f \u015fiddetleri<\/strong> ile partnerinizle istedi\u011finiz zevki yaratabilir, \u00e7e\u015fitli uyar\u0131c\u0131 etkiler ke\u015ffedebilirsiniz.<\/li>\n<\/ul>\n<hr data-start=\"2868\" data-end=\"2871\" \/>\n<h3 data-start=\"2873\" data-end=\"2917\"><strong data-start=\"2877\" data-end=\"2917\">\ud83d\udd39 Fantezi D\u00fcnyan\u0131z\u0131 Zenginle\u015ftirin:<\/strong><\/h3>\n<p data-start=\"2919\" data-end=\"3314\"><strong data-start=\"2919\" data-end=\"2947\">Deri U\u00e7lu Fantezi Paddle<\/strong>, fantezi oyunlar\u0131n\u0131z\u0131 daha heyecanl\u0131, tutkulu ve estetik hale getirecek bir aksesuard\u0131r. <strong data-start=\"3037\" data-end=\"3060\">Gizli ta\u015f detaylar\u0131<\/strong> ve <strong data-start=\"3064\" data-end=\"3085\">\u015f\u0131k deri tasar\u0131m\u0131<\/strong>, her dokunu\u015fu estetik bir deneyime d\u00f6n\u00fc\u015ft\u00fcr\u00fcrken, <strong data-start=\"3136\" data-end=\"3153\">al\u00fcminyum sap<\/strong> ile g\u00fc\u00e7l\u00fc ve kontroll\u00fc bir kullan\u0131m sunar. Partnerinizle yeni deneyimler ya\u015famak, farkl\u0131 dokunu\u015flarla heyecan\u0131n\u0131z\u0131 art\u0131rmak isterseniz, bu paddle tam size g\u00f6re!<\/p>\n<hr data-start=\"3316\" data-end=\"3319\" \/>\n<h3 data-start=\"3321\" data-end=\"3364\"><strong data-start=\"3325\" data-end=\"3364\">\ud83c\udf81 Gizli Ambalaj ve Kolay Teslimat:<\/strong><\/h3>\n<p data-start=\"3366\" data-end=\"3556\"><strong data-start=\"3366\" data-end=\"3394\">Deri U\u00e7lu Fantezi Paddle<\/strong>, <strong data-start=\"3396\" data-end=\"3413\">gizli ambalaj<\/strong> i\u00e7inde ve <strong data-start=\"3424\" data-end=\"3438\">gizlilikle<\/strong> g\u00f6nderilir. Hem \u015f\u0131kl\u0131k hem de i\u015flevsellik arayanlar i\u00e7in bu paddle, en kaliteli <strong data-start=\"3519\" data-end=\"3547\">fantezi aksesuarlar\u0131ndan<\/strong> biridir.<\/p>\n<hr data-start=\"3558\" data-end=\"3561\" \/>\n<p data-start=\"3563\" data-end=\"3833\" data-is-last-node=\"\" data-is-only-node=\"\"><strong data-start=\"3563\" data-end=\"3591\">Deri U\u00e7lu Fantezi Paddle<\/strong>, <strong data-start=\"3593\" data-end=\"3610\">farkl\u0131 hisler<\/strong> ke\u015ffetmek ve <strong data-start=\"3624\" data-end=\"3641\">g\u00f6rsel \u015f\u0131kl\u0131k<\/strong> arayanlar i\u00e7in m\u00fckemmel bir tercihtir. \u015e\u0131k tasar\u0131m\u0131, dayan\u0131kl\u0131 yap\u0131s\u0131 ve rahat kullan\u0131m\u0131 ile <strong data-start=\"3735\" data-end=\"3773\">fantezi d\u00fcnyan\u0131z\u0131 zenginle\u015ftirecek<\/strong> ve partnerinizle olan anlar\u0131n\u0131za yeni bir boyut katacakt\u0131r!<\/p>\n","protected":false},"excerpt":{"rendered":"<p><strong data-start=\"91\" data-end=\"119\">Deri U\u00e7lu Fantezi Paddle<\/strong>, zarif ve \u015f\u0131k tasar\u0131m\u0131, kaliteli malzemeleri ve dayan\u0131kl\u0131 yap\u0131s\u0131yla fantezi d\u00fcnyan\u0131za heyecan ve tutku katmak i\u00e7in tasarland\u0131. <strong data-start=\"247\" data-end=\"265\">Al\u00fcminyum sap\u0131<\/strong> ve <strong data-start=\"269\" data-end=\"302\">y\u00fcksek kaliteli deri u\u00e7 k\u0131sm\u0131<\/strong> ile hem g\u00fc\u00e7l\u00fc hem de kontroll\u00fc bir kullan\u0131m sunar. \u00dczerindeki <strong data-start=\"365\" data-end=\"382\">ta\u015f detaylar\u0131<\/strong> ile g\u00f6z al\u0131c\u0131 bir g\u00f6r\u00fcn\u00fcm sunarak, her dokunu\u015fta g\u00f6rsel bir \u015f\u0131kl\u0131k yarat\u0131r. Hem <strong data-start=\"463\" data-end=\"496\">g\u00f6rsel hem de i\u015flevsel a\u00e7\u0131dan<\/strong> m\u00fckemmel bir \u00fcr\u00fcn olan bu paddle, farkl\u0131 zevklere hitap eden kullan\u0131c\u0131lara hitap eder.<\/p>\n","protected":false},"featured_media":20525,"comment_status":"open","ping_status":"closed","template":"","meta":[],"product_brand":[127],"product_cat":[100],"product_tag":[450],"class_list":{"0":"post-20457","1":"product","2":"type-product","3":"status-publish","4":"has-post-thumbnail","6":"product_brand-pembe-tilki","7":"product_cat-fantezi-fetis","8":"product_tag-deri-uclu-fantezi-paddle-siyah","10":"first","11":"instock","12":"taxable","13":"shipping-taxable","14":"purchasable","15":"product-type-simple"},"yoast_head":"<!-- This site is optimized with the Yoast SEO Premium plugin v24.4 (Yoast SEO v27.1.1) - https:\/\/yoast.com\/product\/yoast-seo-premium-wordpress\/ -->\n<title>Deri U\u00e7lu Fantezi Paddle Siyah - Bursa Erotik Shop<\/title>\n<meta name=\"robots\" content=\"index, follow, max-snippet:-1, max-image-preview:large, max-video-preview:-1\" \/>\n<link rel=\"canonical\" href=\"https:\/\/hobierotikshop.com.tr\/website1\/erotik-shop-urun\/deri-uclu-fantezi-paddle-siyah\/\" \/>\n<meta property=\"og:locale\" content=\"tr_TR\" \/>\n<meta property=\"og:type\" content=\"article\" \/>\n<meta property=\"og:title\" content=\"Deri U\u00e7lu Fantezi Paddle Siyah\" \/>\n<meta property=\"og:description\" content=\"Deri U\u00e7lu Fantezi Paddle, zarif ve \u015f\u0131k tasar\u0131m\u0131, kaliteli malzemeleri ve dayan\u0131kl\u0131 yap\u0131s\u0131yla fantezi d\u00fcnyan\u0131za heyecan ve tutku katmak i\u00e7in tasarland\u0131. Al\u00fcminyum sap\u0131 ve y\u00fcksek kaliteli deri u\u00e7 k\u0131sm\u0131 ile hem g\u00fc\u00e7l\u00fc hem de kontroll\u00fc bir kullan\u0131m sunar. \u00dczerindeki ta\u015f detaylar\u0131 ile g\u00f6z al\u0131c\u0131 bir g\u00f6r\u00fcn\u00fcm sunarak, her dokunu\u015fta g\u00f6rsel bir \u015f\u0131kl\u0131k yarat\u0131r. Hem g\u00f6rsel hem de i\u015flevsel a\u00e7\u0131dan m\u00fckemmel bir \u00fcr\u00fcn olan bu paddle, farkl\u0131 zevklere hitap eden kullan\u0131c\u0131lara hitap eder.\" \/>\n<meta property=\"og:url\" content=\"https:\/\/hobierotikshop.com.tr\/website1\/erotik-shop-urun\/deri-uclu-fantezi-paddle-siyah\/\" \/>\n<meta property=\"og:site_name\" content=\"Bursa Erotik Shop\" \/>\n<meta property=\"article:modified_time\" content=\"2026-01-26T12:01:30+00:00\" \/>\n<meta property=\"og:image\" content=\"https:\/\/hobierotikshop.com.tr\/website1\/wp-content\/uploads\/2025\/03\/deri-uclu-fantezi-paddle-siyah-2730.jpg\" \/>\n\t<meta property=\"og:image:width\" content=\"1500\" \/>\n\t<meta property=\"og:image:height\" content=\"1500\" \/>\n\t<meta property=\"og:image:type\" content=\"image\/jpeg\" \/>\n<meta name=\"twitter:card\" content=\"summary_large_image\" \/>\n<meta name=\"twitter:site\" content=\"@shopbursa\" \/>\n<meta name=\"twitter:label1\" content=\"Fiyat\" \/>\n\t<meta name=\"twitter:data1\" content=\"&#8378;750,00 KDV DAH\u0130L\" \/>\n\t<meta name=\"twitter:label2\" content=\"Availability\" \/>\n\t<meta name=\"twitter:data2\" content=\"In stock\" \/>\n<script type=\"application\/ld+json\" class=\"yoast-schema-graph\">{\"@context\":\"https:\/\/schema.org\",\"@graph\":[{\"@type\":\"WebPage\",\"@id\":\"https:\/\/hobierotikshop.com.tr\/website1\/erotik-shop-urun\/deri-uclu-fantezi-paddle-siyah\/\",\"url\":\"https:\/\/hobierotikshop.com.tr\/website1\/erotik-shop-urun\/deri-uclu-fantezi-paddle-siyah\/\",\"name\":\"Deri U\u00e7lu Fantezi Paddle Siyah - Bursa Erotik Shop\",\"isPartOf\":{\"@id\":\"https:\/\/hobierotikshop.com.tr\/website1\/#website\"},\"primaryImageOfPage\":{\"@id\":\"https:\/\/hobierotikshop.com.tr\/website1\/erotik-shop-urun\/deri-uclu-fantezi-paddle-siyah\/#primaryimage\"},\"image\":{\"@id\":\"https:\/\/hobierotikshop.com.tr\/website1\/erotik-shop-urun\/deri-uclu-fantezi-paddle-siyah\/#primaryimage\"},\"thumbnailUrl\":\"https:\/\/haremerotikshop.com\/site\/wp-content\/uploads\/2025\/03\/deri-uclu-fantezi-paddle-siyah-2730.jpg\",\"datePublished\":\"2025-03-17T09:55:52+00:00\",\"dateModified\":\"2026-01-26T12:01:30+00:00\",\"breadcrumb\":{\"@id\":\"https:\/\/hobierotikshop.com.tr\/website1\/erotik-shop-urun\/deri-uclu-fantezi-paddle-siyah\/#breadcrumb\"},\"inLanguage\":\"tr\",\"potentialAction\":[{\"@type\":\"ReadAction\",\"target\":[\"https:\/\/hobierotikshop.com.tr\/website1\/erotik-shop-urun\/deri-uclu-fantezi-paddle-siyah\/\"]}]},{\"@type\":\"ImageObject\",\"inLanguage\":\"tr\",\"@id\":\"https:\/\/hobierotikshop.com.tr\/website1\/erotik-shop-urun\/deri-uclu-fantezi-paddle-siyah\/#primaryimage\",\"url\":\"https:\/\/haremerotikshop.com\/site\/wp-content\/uploads\/2025\/03\/deri-uclu-fantezi-paddle-siyah-2730.jpg\",\"contentUrl\":\"https:\/\/haremerotikshop.com\/site\/wp-content\/uploads\/2025\/03\/deri-uclu-fantezi-paddle-siyah-2730.jpg\",\"width\":1500,\"height\":1500},{\"@type\":\"BreadcrumbList\",\"@id\":\"https:\/\/hobierotikshop.com.tr\/website1\/erotik-shop-urun\/deri-uclu-fantezi-paddle-siyah\/#breadcrumb\",\"itemListElement\":[{\"@type\":\"ListItem\",\"position\":1,\"name\":\"Anasayfa\",\"item\":\"https:\/\/hobierotikshop.com.tr\/website1\/\"},{\"@type\":\"ListItem\",\"position\":2,\"name\":\"Erotik Shop \u00dcr\u00fcnleri\",\"item\":\"https:\/\/hobierotikshop.com.tr\/website1\/shop\/\"},{\"@type\":\"ListItem\",\"position\":3,\"name\":\"Deri U\u00e7lu Fantezi Paddle Siyah\"}]},{\"@type\":\"WebSite\",\"@id\":\"https:\/\/hobierotikshop.com.tr\/website1\/#website\",\"url\":\"https:\/\/hobierotikshop.com.tr\/website1\/\",\"name\":\"Bursa Erotik Shop\",\"description\":\"Bursa Erotik Shop ile g\u00fcvenli, gizli ve kaliteli yeti\u015fkin \u00fcr\u00fcnleri al\u0131\u015fveri\u015fi! Geni\u015f \u00fcr\u00fcn yelpazemizi ke\u015ffedin, hemen sipari\u015f verin\",\"publisher\":{\"@id\":\"https:\/\/hobierotikshop.com.tr\/website1\/#organization\"},\"alternateName\":\"Erotik Shop\",\"potentialAction\":[{\"@type\":\"SearchAction\",\"target\":{\"@type\":\"EntryPoint\",\"urlTemplate\":\"https:\/\/hobierotikshop.com.tr\/website1\/?s={search_term_string}\"},\"query-input\":{\"@type\":\"PropertyValueSpecification\",\"valueRequired\":true,\"valueName\":\"search_term_string\"}}],\"inLanguage\":\"tr\"},{\"@type\":\"Organization\",\"@id\":\"https:\/\/hobierotikshop.com.tr\/website1\/#organization\",\"name\":\"Harem Bursa Erotik Shop\",\"url\":\"https:\/\/hobierotikshop.com.tr\/website1\/\",\"logo\":{\"@type\":\"ImageObject\",\"inLanguage\":\"tr\",\"@id\":\"https:\/\/hobierotikshop.com.tr\/website1\/#\/schema\/logo\/image\/\",\"url\":\"https:\/\/haremerotikshop.com\/site\/wp-content\/uploads\/2025\/03\/haremsexshop.png\",\"contentUrl\":\"https:\/\/haremerotikshop.com\/site\/wp-content\/uploads\/2025\/03\/haremsexshop.png\",\"width\":400,\"height\":100,\"caption\":\"Harem Bursa Erotik Shop\"},\"image\":{\"@id\":\"https:\/\/hobierotikshop.com.tr\/website1\/#\/schema\/logo\/image\/\"},\"sameAs\":[\"https:\/\/x.com\/shopbursa\"],\"publishingPrinciples\":\"https:\/\/hobierotikshop.com.tr\/website1\/mesafeli-satis-sozlesmesi\/\",\"ownershipFundingInfo\":\"https:\/\/hobierotikshop.com.tr\/website1\/contact-us\/\",\"actionableFeedbackPolicy\":\"https:\/\/hobierotikshop.com.tr\/website1\/contact-us\/\",\"correctionsPolicy\":\"https:\/\/hobierotikshop.com.tr\/website1\/mesafeli-satis-sozlesmesi\/\"}]}<\/script>\n<meta property=\"product:brand\" content=\"Pembe Tilki\" \/>\n<meta property=\"product:price:amount\" content=\"750.00\" \/>\n<meta property=\"product:price:currency\" content=\"TRY\" \/>\n<meta property=\"og:availability\" content=\"instock\" \/>\n<meta property=\"product:availability\" content=\"instock\" \/>\n<meta property=\"product:retailer_item_id\" content=\"PT-FFXG104BL\" \/>\n<meta property=\"product:condition\" content=\"new\" \/>\n<!-- \/ Yoast SEO Premium plugin. -->","yoast_head_json":{"title":"Deri U\u00e7lu Fantezi Paddle Siyah - Bursa Erotik Shop","robots":{"index":"index","follow":"follow","max-snippet":"max-snippet:-1","max-image-preview":"max-image-preview:large","max-video-preview":"max-video-preview:-1"},"canonical":"https:\/\/hobierotikshop.com.tr\/website1\/erotik-shop-urun\/deri-uclu-fantezi-paddle-siyah\/","og_locale":"tr_TR","og_type":"article","og_title":"Deri U\u00e7lu Fantezi Paddle Siyah","og_description":"Deri U\u00e7lu Fantezi Paddle, zarif ve \u015f\u0131k tasar\u0131m\u0131, kaliteli malzemeleri ve dayan\u0131kl\u0131 yap\u0131s\u0131yla fantezi d\u00fcnyan\u0131za heyecan ve tutku katmak i\u00e7in tasarland\u0131. Al\u00fcminyum sap\u0131 ve y\u00fcksek kaliteli deri u\u00e7 k\u0131sm\u0131 ile hem g\u00fc\u00e7l\u00fc hem de kontroll\u00fc bir kullan\u0131m sunar. \u00dczerindeki ta\u015f detaylar\u0131 ile g\u00f6z al\u0131c\u0131 bir g\u00f6r\u00fcn\u00fcm sunarak, her dokunu\u015fta g\u00f6rsel bir \u015f\u0131kl\u0131k yarat\u0131r. Hem g\u00f6rsel hem de i\u015flevsel a\u00e7\u0131dan m\u00fckemmel bir \u00fcr\u00fcn olan bu paddle, farkl\u0131 zevklere hitap eden kullan\u0131c\u0131lara hitap eder.","og_url":"https:\/\/hobierotikshop.com.tr\/website1\/erotik-shop-urun\/deri-uclu-fantezi-paddle-siyah\/","og_site_name":"Bursa Erotik Shop","article_modified_time":"2026-01-26T12:01:30+00:00","og_image":[{"width":1500,"height":1500,"url":"https:\/\/hobierotikshop.com.tr\/website1\/wp-content\/uploads\/2025\/03\/deri-uclu-fantezi-paddle-siyah-2730.jpg","type":"image\/jpeg"}],"twitter_card":"summary_large_image","twitter_site":"@shopbursa","twitter_misc":{"Fiyat":"&#8378;750,00 KDV DAH\u0130L","Availability":"In stock"},"schema":{"@context":"https:\/\/schema.org","@graph":[{"@type":"WebPage","@id":"https:\/\/hobierotikshop.com.tr\/website1\/erotik-shop-urun\/deri-uclu-fantezi-paddle-siyah\/","url":"https:\/\/hobierotikshop.com.tr\/website1\/erotik-shop-urun\/deri-uclu-fantezi-paddle-siyah\/","name":"Deri U\u00e7lu Fantezi Paddle Siyah - Bursa Erotik Shop","isPartOf":{"@id":"https:\/\/hobierotikshop.com.tr\/website1\/#website"},"primaryImageOfPage":{"@id":"https:\/\/hobierotikshop.com.tr\/website1\/erotik-shop-urun\/deri-uclu-fantezi-paddle-siyah\/#primaryimage"},"image":{"@id":"https:\/\/hobierotikshop.com.tr\/website1\/erotik-shop-urun\/deri-uclu-fantezi-paddle-siyah\/#primaryimage"},"thumbnailUrl":"https:\/\/haremerotikshop.com\/site\/wp-content\/uploads\/2025\/03\/deri-uclu-fantezi-paddle-siyah-2730.jpg","datePublished":"2025-03-17T09:55:52+00:00","dateModified":"2026-01-26T12:01:30+00:00","breadcrumb":{"@id":"https:\/\/hobierotikshop.com.tr\/website1\/erotik-shop-urun\/deri-uclu-fantezi-paddle-siyah\/#breadcrumb"},"inLanguage":"tr","potentialAction":[{"@type":"ReadAction","target":["https:\/\/hobierotikshop.com.tr\/website1\/erotik-shop-urun\/deri-uclu-fantezi-paddle-siyah\/"]}]},{"@type":"ImageObject","inLanguage":"tr","@id":"https:\/\/hobierotikshop.com.tr\/website1\/erotik-shop-urun\/deri-uclu-fantezi-paddle-siyah\/#primaryimage","url":"https:\/\/haremerotikshop.com\/site\/wp-content\/uploads\/2025\/03\/deri-uclu-fantezi-paddle-siyah-2730.jpg","contentUrl":"https:\/\/haremerotikshop.com\/site\/wp-content\/uploads\/2025\/03\/deri-uclu-fantezi-paddle-siyah-2730.jpg","width":1500,"height":1500},{"@type":"BreadcrumbList","@id":"https:\/\/hobierotikshop.com.tr\/website1\/erotik-shop-urun\/deri-uclu-fantezi-paddle-siyah\/#breadcrumb","itemListElement":[{"@type":"ListItem","position":1,"name":"Anasayfa","item":"https:\/\/hobierotikshop.com.tr\/website1\/"},{"@type":"ListItem","position":2,"name":"Erotik Shop \u00dcr\u00fcnleri","item":"https:\/\/hobierotikshop.com.tr\/website1\/shop\/"},{"@type":"ListItem","position":3,"name":"Deri U\u00e7lu Fantezi Paddle Siyah"}]},{"@type":"WebSite","@id":"https:\/\/hobierotikshop.com.tr\/website1\/#website","url":"https:\/\/hobierotikshop.com.tr\/website1\/","name":"Bursa Erotik Shop","description":"Bursa Erotik Shop ile g\u00fcvenli, gizli ve kaliteli yeti\u015fkin \u00fcr\u00fcnleri al\u0131\u015fveri\u015fi! Geni\u015f \u00fcr\u00fcn yelpazemizi ke\u015ffedin, hemen sipari\u015f verin","publisher":{"@id":"https:\/\/hobierotikshop.com.tr\/website1\/#organization"},"alternateName":"Erotik Shop","potentialAction":[{"@type":"SearchAction","target":{"@type":"EntryPoint","urlTemplate":"https:\/\/hobierotikshop.com.tr\/website1\/?s={search_term_string}"},"query-input":{"@type":"PropertyValueSpecification","valueRequired":true,"valueName":"search_term_string"}}],"inLanguage":"tr"},{"@type":"Organization","@id":"https:\/\/hobierotikshop.com.tr\/website1\/#organization","name":"Harem Bursa Erotik Shop","url":"https:\/\/hobierotikshop.com.tr\/website1\/","logo":{"@type":"ImageObject","inLanguage":"tr","@id":"https:\/\/hobierotikshop.com.tr\/website1\/#\/schema\/logo\/image\/","url":"https:\/\/haremerotikshop.com\/site\/wp-content\/uploads\/2025\/03\/haremsexshop.png","contentUrl":"https:\/\/haremerotikshop.com\/site\/wp-content\/uploads\/2025\/03\/haremsexshop.png","width":400,"height":100,"caption":"Harem Bursa Erotik Shop"},"image":{"@id":"https:\/\/hobierotikshop.com.tr\/website1\/#\/schema\/logo\/image\/"},"sameAs":["https:\/\/x.com\/shopbursa"],"publishingPrinciples":"https:\/\/hobierotikshop.com.tr\/website1\/mesafeli-satis-sozlesmesi\/","ownershipFundingInfo":"https:\/\/hobierotikshop.com.tr\/website1\/contact-us\/","actionableFeedbackPolicy":"https:\/\/hobierotikshop.com.tr\/website1\/contact-us\/","correctionsPolicy":"https:\/\/hobierotikshop.com.tr\/website1\/mesafeli-satis-sozlesmesi\/"}]},"product_brand":"Pembe Tilki","product_price_amount":"750.00","product_price_currency":"TRY","og_availability":"instock","product_availability":"instock","product_retailer_item_id":"PT-FFXG104BL","product_condition":"new"},"_links":{"self":[{"href":"https:\/\/haremerotikshop.com\/site\/wp-json\/wp\/v2\/product\/20457","targetHints":{"allow":["GET"]}}],"collection":[{"href":"https:\/\/haremerotikshop.com\/site\/wp-json\/wp\/v2\/product"}],"about":[{"href":"https:\/\/haremerotikshop.com\/site\/wp-json\/wp\/v2\/types\/product"}],"replies":[{"embeddable":true,"href":"https:\/\/haremerotikshop.com\/site\/wp-json\/wp\/v2\/comments?post=20457"}],"version-history":[{"count":0,"href":"https:\/\/haremerotikshop.com\/site\/wp-json\/wp\/v2\/product\/20457\/revisions"}],"wp:featuredmedia":[{"embeddable":true,"href":"https:\/\/haremerotikshop.com\/site\/wp-json\/wp\/v2\/media\/20525"}],"wp:attachment":[{"href":"https:\/\/haremerotikshop.com\/site\/wp-json\/wp\/v2\/media?parent=20457"}],"wp:term":[{"taxonomy":"product_brand","embeddable":true,"href":"https:\/\/haremerotikshop.com\/site\/wp-json\/wp\/v2\/product_brand?post=20457"},{"taxonomy":"product_cat","embeddable":true,"href":"https:\/\/haremerotikshop.com\/site\/wp-json\/wp\/v2\/product_cat?post=20457"},{"taxonomy":"product_tag","embeddable":true,"href":"https:\/\/haremerotikshop.com\/site\/wp-json\/wp\/v2\/product_tag?post=20457"}],"curies":[{"name":"wp","href":"https:\/\/api.w.org\/{rel}","templated":true}]}}