{"id":21479,"date":"2025-03-25T14:47:54","date_gmt":"2025-03-25T11:47:54","guid":{"rendered":"https:\/\/haremerotikshop.com\/site\/?post_type=product&#038;p=21479"},"modified":"2026-01-26T14:41:28","modified_gmt":"2026-01-26T11:41:28","slug":"fetis-kirmizi-set","status":"publish","type":"product","link":"https:\/\/haremerotikshop.com\/site\/erotik-shop-urun\/fetis-kirmizi-set\/","title":{"rendered":"Feti\u015f K\u0131rm\u0131z\u0131 Set"},"content":{"rendered":"<p data-start=\"131\" data-end=\"176\"><strong data-start=\"131\" data-end=\"174\">\ud83d\udd17 \u00d6zel \u00c7antal\u0131 Siyah Deri Feti\u015f Set \ud83d\udd17<\/strong><\/p>\n<p data-start=\"178\" data-end=\"289\">\ud83d\udd25 <strong data-start=\"181\" data-end=\"210\">S\u0131n\u0131rlar\u0131 Siz Belirleyin!<\/strong> \u0130ster kontrol\u00fc ele al\u0131n, ister teslim olun\u2014bu set ile arzular\u0131n\u0131z\u0131 ke\u015ffedin.<\/p>\n<p data-start=\"291\" data-end=\"632\">\u2714 <strong data-start=\"293\" data-end=\"323\">4\u2019l\u00fc Zincirli Kelep\u00e7e Seti<\/strong> \u2013 G\u00fc\u00e7l\u00fc ve dayan\u0131kl\u0131 yap\u0131s\u0131 ile maksimum konfor sunar.<br data-start=\"378\" data-end=\"381\" \/>\u2714 <strong data-start=\"383\" data-end=\"398\">Deri K\u0131rba\u00e7<\/strong> \u2013 Kopma veya da\u011f\u0131lma yapmaz, uzun \u00f6m\u00fcrl\u00fc kullan\u0131m sa\u011flar.<br data-start=\"456\" data-end=\"459\" \/>\u2714 <strong data-start=\"461\" data-end=\"481\">Deri Feti\u015f Band\u0131<\/strong> \u2013 G\u00f6zlerin de\u011fil, hislerin konu\u015ftu\u011fu bir deneyim ya\u015fay\u0131n.<br data-start=\"539\" data-end=\"542\" \/>\u2714 <strong data-start=\"544\" data-end=\"565\">\u015e\u0131k ve \u00d6zel \u00c7anta<\/strong> \u2013 T\u00fcm ekipman\u0131n\u0131z\u0131 kolayca saklay\u0131n ve diledi\u011finiz yere ta\u015f\u0131y\u0131n.<\/p>\n<p data-start=\"634\" data-end=\"741\">\ud83d\udca5 <strong data-start=\"637\" data-end=\"687\">Cinsel hayat\u0131n\u0131za farkl\u0131 bir boyut kazand\u0131r\u0131n!<\/strong> Partnerinizle yepyeni ke\u015fiflere \u00e7\u0131kmaya haz\u0131r olun.<\/p>\n","protected":false},"excerpt":{"rendered":"<p>\u2714 <strong data-start=\"293\" data-end=\"323\">4\u2019l\u00fc Zincirli Kelep\u00e7e Seti<\/strong> \u2013 G\u00fc\u00e7l\u00fc ve dayan\u0131kl\u0131 yap\u0131s\u0131 ile maksimum konfor sunar.<br data-start=\"378\" data-end=\"381\" \/>\u2714 <strong data-start=\"383\" data-end=\"398\">Deri K\u0131rba\u00e7<\/strong> \u2013 Kopma veya da\u011f\u0131lma yapmaz, uzun \u00f6m\u00fcrl\u00fc kullan\u0131m sa\u011flar.<br data-start=\"456\" data-end=\"459\" \/>\u2714 <strong data-start=\"461\" data-end=\"481\">Deri Feti\u015f Band\u0131<\/strong> \u2013 G\u00f6zlerin de\u011fil, hislerin konu\u015ftu\u011fu bir deneyim ya\u015fay\u0131n.<br data-start=\"539\" data-end=\"542\" \/>\u2714 <strong data-start=\"544\" data-end=\"565\">\u015e\u0131k ve \u00d6zel \u00c7anta<\/strong> \u2013 T\u00fcm ekipman\u0131n\u0131z\u0131 kolayca saklay\u0131n ve diledi\u011finiz yere ta\u015f\u0131y\u0131n.<\/p>\n","protected":false},"featured_media":0,"comment_status":"open","ping_status":"closed","template":"","meta":[],"product_brand":[],"product_cat":[464,463],"product_tag":[],"class_list":{"0":"post-21479","1":"product","2":"type-product","3":"status-publish","5":"product_cat-fetis-setler","6":"product_cat-fetis-urunler","8":"first","9":"instock","10":"taxable","11":"shipping-taxable","12":"purchasable","13":"product-type-simple"},"yoast_head":"<!-- This site is optimized with the Yoast SEO Premium plugin v24.4 (Yoast SEO v27.1.1) - https:\/\/yoast.com\/product\/yoast-seo-premium-wordpress\/ -->\n<title>Feti\u015f K\u0131rm\u0131z\u0131 Set - Bursa Erotik Shop<\/title>\n<meta name=\"robots\" content=\"index, follow, max-snippet:-1, max-image-preview:large, max-video-preview:-1\" \/>\n<link rel=\"canonical\" href=\"https:\/\/hobierotikshop.com.tr\/website1\/erotik-shop-urun\/fetis-kirmizi-set\/\" \/>\n<meta property=\"og:locale\" content=\"tr_TR\" \/>\n<meta property=\"og:type\" content=\"article\" \/>\n<meta property=\"og:title\" content=\"Feti\u015f K\u0131rm\u0131z\u0131 Set\" \/>\n<meta property=\"og:description\" content=\"\u2714 4\u2019l\u00fc Zincirli Kelep\u00e7e Seti \u2013 G\u00fc\u00e7l\u00fc ve dayan\u0131kl\u0131 yap\u0131s\u0131 ile maksimum konfor sunar.\u2714 Deri K\u0131rba\u00e7 \u2013 Kopma veya da\u011f\u0131lma yapmaz, uzun \u00f6m\u00fcrl\u00fc kullan\u0131m sa\u011flar.\u2714 Deri Feti\u015f Band\u0131 \u2013 G\u00f6zlerin de\u011fil, hislerin konu\u015ftu\u011fu bir deneyim ya\u015fay\u0131n.\u2714 \u015e\u0131k ve \u00d6zel \u00c7anta \u2013 T\u00fcm ekipman\u0131n\u0131z\u0131 kolayca saklay\u0131n ve diledi\u011finiz yere ta\u015f\u0131y\u0131n.\" \/>\n<meta property=\"og:url\" content=\"https:\/\/hobierotikshop.com.tr\/website1\/erotik-shop-urun\/fetis-kirmizi-set\/\" \/>\n<meta property=\"og:site_name\" content=\"Bursa Erotik Shop\" \/>\n<meta property=\"article:modified_time\" content=\"2026-01-26T11:41:28+00:00\" \/>\n<meta name=\"twitter:card\" content=\"summary_large_image\" \/>\n<meta name=\"twitter:site\" content=\"@shopbursa\" \/>\n<meta name=\"twitter:label1\" content=\"Fiyat\" \/>\n\t<meta name=\"twitter:data1\" content=\"&#8378;1.500,00 KDV DAH\u0130L\" \/>\n\t<meta name=\"twitter:label2\" content=\"Availability\" \/>\n\t<meta name=\"twitter:data2\" content=\"In stock\" \/>\n<script type=\"application\/ld+json\" class=\"yoast-schema-graph\">{\"@context\":\"https:\/\/schema.org\",\"@graph\":[{\"@type\":\"WebPage\",\"@id\":\"https:\/\/hobierotikshop.com.tr\/website1\/erotik-shop-urun\/fetis-kirmizi-set\/\",\"url\":\"https:\/\/hobierotikshop.com.tr\/website1\/erotik-shop-urun\/fetis-kirmizi-set\/\",\"name\":\"Feti\u015f K\u0131rm\u0131z\u0131 Set - Bursa Erotik Shop\",\"isPartOf\":{\"@id\":\"https:\/\/hobierotikshop.com.tr\/website1\/#website\"},\"datePublished\":\"2025-03-25T11:47:54+00:00\",\"dateModified\":\"2026-01-26T11:41:28+00:00\",\"breadcrumb\":{\"@id\":\"https:\/\/hobierotikshop.com.tr\/website1\/erotik-shop-urun\/fetis-kirmizi-set\/#breadcrumb\"},\"inLanguage\":\"tr\",\"potentialAction\":[{\"@type\":\"ReadAction\",\"target\":[\"https:\/\/hobierotikshop.com.tr\/website1\/erotik-shop-urun\/fetis-kirmizi-set\/\"]}]},{\"@type\":\"BreadcrumbList\",\"@id\":\"https:\/\/hobierotikshop.com.tr\/website1\/erotik-shop-urun\/fetis-kirmizi-set\/#breadcrumb\",\"itemListElement\":[{\"@type\":\"ListItem\",\"position\":1,\"name\":\"Anasayfa\",\"item\":\"https:\/\/hobierotikshop.com.tr\/website1\/\"},{\"@type\":\"ListItem\",\"position\":2,\"name\":\"Erotik Shop \u00dcr\u00fcnleri\",\"item\":\"https:\/\/hobierotikshop.com.tr\/website1\/shop\/\"},{\"@type\":\"ListItem\",\"position\":3,\"name\":\"Feti\u015f K\u0131rm\u0131z\u0131 Set\"}]},{\"@type\":\"WebSite\",\"@id\":\"https:\/\/hobierotikshop.com.tr\/website1\/#website\",\"url\":\"https:\/\/hobierotikshop.com.tr\/website1\/\",\"name\":\"Bursa Erotik Shop\",\"description\":\"Bursa Erotik Shop ile g\u00fcvenli, gizli ve kaliteli yeti\u015fkin \u00fcr\u00fcnleri al\u0131\u015fveri\u015fi! Geni\u015f \u00fcr\u00fcn yelpazemizi ke\u015ffedin, hemen sipari\u015f verin\",\"publisher\":{\"@id\":\"https:\/\/hobierotikshop.com.tr\/website1\/#organization\"},\"alternateName\":\"Erotik Shop\",\"potentialAction\":[{\"@type\":\"SearchAction\",\"target\":{\"@type\":\"EntryPoint\",\"urlTemplate\":\"https:\/\/hobierotikshop.com.tr\/website1\/?s={search_term_string}\"},\"query-input\":{\"@type\":\"PropertyValueSpecification\",\"valueRequired\":true,\"valueName\":\"search_term_string\"}}],\"inLanguage\":\"tr\"},{\"@type\":\"Organization\",\"@id\":\"https:\/\/hobierotikshop.com.tr\/website1\/#organization\",\"name\":\"Harem Bursa Erotik Shop\",\"url\":\"https:\/\/hobierotikshop.com.tr\/website1\/\",\"logo\":{\"@type\":\"ImageObject\",\"inLanguage\":\"tr\",\"@id\":\"https:\/\/hobierotikshop.com.tr\/website1\/#\/schema\/logo\/image\/\",\"url\":\"https:\/\/haremerotikshop.com\/site\/wp-content\/uploads\/2025\/03\/haremsexshop.png\",\"contentUrl\":\"https:\/\/haremerotikshop.com\/site\/wp-content\/uploads\/2025\/03\/haremsexshop.png\",\"width\":400,\"height\":100,\"caption\":\"Harem Bursa Erotik Shop\"},\"image\":{\"@id\":\"https:\/\/hobierotikshop.com.tr\/website1\/#\/schema\/logo\/image\/\"},\"sameAs\":[\"https:\/\/x.com\/shopbursa\"],\"publishingPrinciples\":\"https:\/\/hobierotikshop.com.tr\/website1\/mesafeli-satis-sozlesmesi\/\",\"ownershipFundingInfo\":\"https:\/\/hobierotikshop.com.tr\/website1\/contact-us\/\",\"actionableFeedbackPolicy\":\"https:\/\/hobierotikshop.com.tr\/website1\/contact-us\/\",\"correctionsPolicy\":\"https:\/\/hobierotikshop.com.tr\/website1\/mesafeli-satis-sozlesmesi\/\"}]}<\/script>\n<meta property=\"product:price:amount\" content=\"1500.00\" \/>\n<meta property=\"product:price:currency\" content=\"TRY\" \/>\n<meta property=\"og:availability\" content=\"instock\" \/>\n<meta property=\"product:availability\" content=\"instock\" \/>\n<meta property=\"product:retailer_item_id\" content=\"3401\" \/>\n<meta property=\"product:condition\" content=\"new\" \/>\n<!-- \/ Yoast SEO Premium plugin. -->","yoast_head_json":{"title":"Feti\u015f K\u0131rm\u0131z\u0131 Set - Bursa Erotik Shop","robots":{"index":"index","follow":"follow","max-snippet":"max-snippet:-1","max-image-preview":"max-image-preview:large","max-video-preview":"max-video-preview:-1"},"canonical":"https:\/\/hobierotikshop.com.tr\/website1\/erotik-shop-urun\/fetis-kirmizi-set\/","og_locale":"tr_TR","og_type":"article","og_title":"Feti\u015f K\u0131rm\u0131z\u0131 Set","og_description":"\u2714 4\u2019l\u00fc Zincirli Kelep\u00e7e Seti \u2013 G\u00fc\u00e7l\u00fc ve dayan\u0131kl\u0131 yap\u0131s\u0131 ile maksimum konfor sunar.\u2714 Deri K\u0131rba\u00e7 \u2013 Kopma veya da\u011f\u0131lma yapmaz, uzun \u00f6m\u00fcrl\u00fc kullan\u0131m sa\u011flar.\u2714 Deri Feti\u015f Band\u0131 \u2013 G\u00f6zlerin de\u011fil, hislerin konu\u015ftu\u011fu bir deneyim ya\u015fay\u0131n.\u2714 \u015e\u0131k ve \u00d6zel \u00c7anta \u2013 T\u00fcm ekipman\u0131n\u0131z\u0131 kolayca saklay\u0131n ve diledi\u011finiz yere ta\u015f\u0131y\u0131n.","og_url":"https:\/\/hobierotikshop.com.tr\/website1\/erotik-shop-urun\/fetis-kirmizi-set\/","og_site_name":"Bursa Erotik Shop","article_modified_time":"2026-01-26T11:41:28+00:00","twitter_card":"summary_large_image","twitter_site":"@shopbursa","twitter_misc":{"Fiyat":"&#8378;1.500,00 KDV DAH\u0130L","Availability":"In stock"},"schema":{"@context":"https:\/\/schema.org","@graph":[{"@type":"WebPage","@id":"https:\/\/hobierotikshop.com.tr\/website1\/erotik-shop-urun\/fetis-kirmizi-set\/","url":"https:\/\/hobierotikshop.com.tr\/website1\/erotik-shop-urun\/fetis-kirmizi-set\/","name":"Feti\u015f K\u0131rm\u0131z\u0131 Set - Bursa Erotik Shop","isPartOf":{"@id":"https:\/\/hobierotikshop.com.tr\/website1\/#website"},"datePublished":"2025-03-25T11:47:54+00:00","dateModified":"2026-01-26T11:41:28+00:00","breadcrumb":{"@id":"https:\/\/hobierotikshop.com.tr\/website1\/erotik-shop-urun\/fetis-kirmizi-set\/#breadcrumb"},"inLanguage":"tr","potentialAction":[{"@type":"ReadAction","target":["https:\/\/hobierotikshop.com.tr\/website1\/erotik-shop-urun\/fetis-kirmizi-set\/"]}]},{"@type":"BreadcrumbList","@id":"https:\/\/hobierotikshop.com.tr\/website1\/erotik-shop-urun\/fetis-kirmizi-set\/#breadcrumb","itemListElement":[{"@type":"ListItem","position":1,"name":"Anasayfa","item":"https:\/\/hobierotikshop.com.tr\/website1\/"},{"@type":"ListItem","position":2,"name":"Erotik Shop \u00dcr\u00fcnleri","item":"https:\/\/hobierotikshop.com.tr\/website1\/shop\/"},{"@type":"ListItem","position":3,"name":"Feti\u015f K\u0131rm\u0131z\u0131 Set"}]},{"@type":"WebSite","@id":"https:\/\/hobierotikshop.com.tr\/website1\/#website","url":"https:\/\/hobierotikshop.com.tr\/website1\/","name":"Bursa Erotik Shop","description":"Bursa Erotik Shop ile g\u00fcvenli, gizli ve kaliteli yeti\u015fkin \u00fcr\u00fcnleri al\u0131\u015fveri\u015fi! Geni\u015f \u00fcr\u00fcn yelpazemizi ke\u015ffedin, hemen sipari\u015f verin","publisher":{"@id":"https:\/\/hobierotikshop.com.tr\/website1\/#organization"},"alternateName":"Erotik Shop","potentialAction":[{"@type":"SearchAction","target":{"@type":"EntryPoint","urlTemplate":"https:\/\/hobierotikshop.com.tr\/website1\/?s={search_term_string}"},"query-input":{"@type":"PropertyValueSpecification","valueRequired":true,"valueName":"search_term_string"}}],"inLanguage":"tr"},{"@type":"Organization","@id":"https:\/\/hobierotikshop.com.tr\/website1\/#organization","name":"Harem Bursa Erotik Shop","url":"https:\/\/hobierotikshop.com.tr\/website1\/","logo":{"@type":"ImageObject","inLanguage":"tr","@id":"https:\/\/hobierotikshop.com.tr\/website1\/#\/schema\/logo\/image\/","url":"https:\/\/haremerotikshop.com\/site\/wp-content\/uploads\/2025\/03\/haremsexshop.png","contentUrl":"https:\/\/haremerotikshop.com\/site\/wp-content\/uploads\/2025\/03\/haremsexshop.png","width":400,"height":100,"caption":"Harem Bursa Erotik Shop"},"image":{"@id":"https:\/\/hobierotikshop.com.tr\/website1\/#\/schema\/logo\/image\/"},"sameAs":["https:\/\/x.com\/shopbursa"],"publishingPrinciples":"https:\/\/hobierotikshop.com.tr\/website1\/mesafeli-satis-sozlesmesi\/","ownershipFundingInfo":"https:\/\/hobierotikshop.com.tr\/website1\/contact-us\/","actionableFeedbackPolicy":"https:\/\/hobierotikshop.com.tr\/website1\/contact-us\/","correctionsPolicy":"https:\/\/hobierotikshop.com.tr\/website1\/mesafeli-satis-sozlesmesi\/"}]},"product_price_amount":"1500.00","product_price_currency":"TRY","og_availability":"instock","product_availability":"instock","product_retailer_item_id":"3401","product_condition":"new"},"_links":{"self":[{"href":"https:\/\/haremerotikshop.com\/site\/wp-json\/wp\/v2\/product\/21479","targetHints":{"allow":["GET"]}}],"collection":[{"href":"https:\/\/haremerotikshop.com\/site\/wp-json\/wp\/v2\/product"}],"about":[{"href":"https:\/\/haremerotikshop.com\/site\/wp-json\/wp\/v2\/types\/product"}],"replies":[{"embeddable":true,"href":"https:\/\/haremerotikshop.com\/site\/wp-json\/wp\/v2\/comments?post=21479"}],"version-history":[{"count":0,"href":"https:\/\/haremerotikshop.com\/site\/wp-json\/wp\/v2\/product\/21479\/revisions"}],"wp:attachment":[{"href":"https:\/\/haremerotikshop.com\/site\/wp-json\/wp\/v2\/media?parent=21479"}],"wp:term":[{"taxonomy":"product_brand","embeddable":true,"href":"https:\/\/haremerotikshop.com\/site\/wp-json\/wp\/v2\/product_brand?post=21479"},{"taxonomy":"product_cat","embeddable":true,"href":"https:\/\/haremerotikshop.com\/site\/wp-json\/wp\/v2\/product_cat?post=21479"},{"taxonomy":"product_tag","embeddable":true,"href":"https:\/\/haremerotikshop.com\/site\/wp-json\/wp\/v2\/product_tag?post=21479"}],"curies":[{"name":"wp","href":"https:\/\/api.w.org\/{rel}","templated":true}]}}