{"id":21481,"date":"2025-03-25T14:47:55","date_gmt":"2025-03-25T11:47:55","guid":{"rendered":"https:\/\/haremerotikshop.com\/site\/?post_type=product&#038;p=21481"},"modified":"2026-01-03T19:34:54","modified_gmt":"2026-01-03T16:34:54","slug":"fetis-bondage-set","status":"publish","type":"product","link":"https:\/\/haremerotikshop.com\/site\/erotik-shop-urun\/fetis-bondage-set\/","title":{"rendered":"Feti\u015f Bondage Set"},"content":{"rendered":"<p data-start=\"0\" data-end=\"60\"><strong data-start=\"0\" data-end=\"58\">\u00a0<\/strong><\/p>\n<h3 class=\"\" data-start=\"0\" data-end=\"68\"><strong data-start=\"4\" data-end=\"68\">\ud83d\udd25 Feti\u015f Bondage Set \u2013 S\u0131n\u0131rlar\u0131 Zorlamaya Haz\u0131r m\u0131s\u0131n\u0131z? \ud83d\udd25<\/strong><\/h3>\n<p class=\"\" data-start=\"70\" data-end=\"459\">Ba\u011fl\u0131l\u0131k, teslimiyet ve tutkuyu bir araya getiren <strong data-start=\"120\" data-end=\"141\">Feti\u015f Bondage Set<\/strong>, <strong data-start=\"143\" data-end=\"151\">BDSM<\/strong> oyunlar\u0131n\u0131n zirveye ta\u015f\u0131nmas\u0131n\u0131 sa\u011flar! <strong data-start=\"192\" data-end=\"223\">Feti\u015f ve bondage tutkunlar\u0131<\/strong> i\u00e7in <strong data-start=\"229\" data-end=\"250\">e\u015fsiz bir deneyim<\/strong> sunan bu set, <strong data-start=\"265\" data-end=\"307\">partnerinizle yeni s\u0131n\u0131rlar\u0131 ke\u015ffetmek<\/strong> isteyenler i\u00e7in tasarland\u0131. <strong data-start=\"336\" data-end=\"363\">Kontrol ve teslimiyetin<\/strong> m\u00fckemmel uyumunu ya\u015fayarak, <strong data-start=\"392\" data-end=\"420\">heyecan\u0131 zirveye ta\u015f\u0131y\u0131n<\/strong> ve <strong data-start=\"424\" data-end=\"456\">duyular\u0131n\u0131z\u0131 serbest b\u0131rak\u0131n<\/strong>!<\/p>\n<hr class=\"\" data-start=\"461\" data-end=\"464\" \/>\n<h3 class=\"\" data-start=\"466\" data-end=\"506\"><strong data-start=\"470\" data-end=\"506\">\ud83d\udca5 Set \u0130\u00e7eri\u011fi ve \u00d6zellikleri \ud83d\udca5<\/strong><\/h3>\n<p class=\"\" data-start=\"508\" data-end=\"1112\">\u2714 <strong data-start=\"510\" data-end=\"536\">El ve Ayak Kelep\u00e7eleri<\/strong> \u2013 <strong data-start=\"539\" data-end=\"584\">Ayarlanabilir, konforlu ve sa\u011flam tasar\u0131m<\/strong> ile her bedene uyum sa\u011flar. <strong data-start=\"613\" data-end=\"633\">Ba\u011fl\u0131l\u0131k hissini<\/strong> g\u00fcvenli ve rahat bir \u015fekilde ya\u015fat\u0131r.<br data-start=\"671\" data-end=\"674\" \/>\u2714 <strong data-start=\"676\" data-end=\"691\">A\u011f\u0131zl\u0131k Top<\/strong> \u2013 <strong data-start=\"694\" data-end=\"733\">Nefes almay\u0131 engellemeyen \u00f6zel yap\u0131<\/strong> ile <strong data-start=\"738\" data-end=\"757\">a\u011f\u0131zda rahatl\u0131k<\/strong> sa\u011flar ve <strong data-start=\"768\" data-end=\"786\">gizemi art\u0131r\u0131r<\/strong>. Kontroll\u00fc teslimiyetin keyfini \u00e7\u0131kar\u0131n!<br data-start=\"827\" data-end=\"830\" \/>\u2714 <strong data-start=\"832\" data-end=\"847\">G\u00f6z Maskesi<\/strong> \u2013 <strong data-start=\"850\" data-end=\"876\">Yumu\u015fak dokulu tasar\u0131m<\/strong>, <strong data-start=\"878\" data-end=\"907\">gizem ve heyecan\u0131 art\u0131r\u0131r<\/strong>, duyular\u0131n\u0131z\u0131 keskinle\u015ftirir ve <strong data-start=\"940\" data-end=\"962\">feti\u015f oyunlar\u0131n\u0131z\u0131<\/strong> daha da \u00e7ekici hale getirir.<br data-start=\"991\" data-end=\"994\" \/>\u2714 <strong data-start=\"996\" data-end=\"1006\">K\u0131rba\u00e7<\/strong> \u2013 <strong data-start=\"1009\" data-end=\"1039\">Esnek ve dayan\u0131kl\u0131 malzeme<\/strong> ile <strong data-start=\"1044\" data-end=\"1070\">hafif uyar\u0131c\u0131 darbeler<\/strong> yarat\u0131r, <strong data-start=\"1080\" data-end=\"1109\">tutkunuzu doruklara ta\u015f\u0131r<\/strong>.<\/p>\n<hr class=\"\" data-start=\"1114\" data-end=\"1117\" \/>\n<h3 class=\"\" data-start=\"1119\" data-end=\"1151\"><strong data-start=\"1123\" data-end=\"1151\">\ud83d\udd25 Kimler \u0130\u00e7in Uygun? \ud83d\udd25<\/strong><\/h3>\n<p class=\"\" data-start=\"1153\" data-end=\"1372\">\u2705 <strong data-start=\"1155\" data-end=\"1200\">BDSM ve feti\u015f oyunlar\u0131na yeni ba\u015flayanlar<\/strong><br data-start=\"1200\" data-end=\"1203\" \/>\u2705 <strong data-start=\"1205\" data-end=\"1255\">Kontrol ve teslimiyet oyunlar\u0131na ilgi duyanlar<\/strong><br data-start=\"1255\" data-end=\"1258\" \/>\u2705 <strong data-start=\"1260\" data-end=\"1314\">Duyusal ke\u015fifler ve yeni deneyimler arayan \u00e7iftler<\/strong><br data-start=\"1314\" data-end=\"1317\" \/>\u2705 <strong data-start=\"1319\" data-end=\"1370\">Kaliteli ve g\u00fcvenli BDSM aksesuarlar\u0131 arayanlar<\/strong><\/p>\n<hr class=\"\" data-start=\"1374\" data-end=\"1377\" \/>\n<h3 class=\"\" data-start=\"1379\" data-end=\"1423\"><strong data-start=\"1383\" data-end=\"1423\">\ud83d\udc8b Feti\u015f Bondage Seti Neden \u00d6zel? \ud83d\udc8b<\/strong><\/h3>\n<p class=\"\" data-start=\"1425\" data-end=\"1830\">Bu set, <strong data-start=\"1433\" data-end=\"1455\">s\u0131n\u0131rlar\u0131 zorlamak<\/strong> isteyenlerin ihtiyac\u0131 olan her \u015feye sahiptir. <strong data-start=\"1502\" data-end=\"1530\">Ayarlanabilir kelep\u00e7eler<\/strong>, <strong data-start=\"1532\" data-end=\"1562\">gizemi art\u0131ran g\u00f6z maskesi<\/strong>, <strong data-start=\"1564\" data-end=\"1603\">rahat\u00e7a kullan\u0131labilen a\u011f\u0131zl\u0131k topu<\/strong> ve <strong data-start=\"1607\" data-end=\"1624\">etkili k\u0131rba\u00e7<\/strong> ile <strong data-start=\"1629\" data-end=\"1677\">partnerinizle ke\u015ffedece\u011finiz yeni fanteziler<\/strong> i\u00e7in m\u00fckemmel bir se\u00e7enektir. <strong data-start=\"1708\" data-end=\"1731\">Siz ve partneriniz,<\/strong> ba\u011flanma, teslimiyet ve dominasyonun <strong data-start=\"1769\" data-end=\"1798\">heyecan verici d\u00fcnyas\u0131nda<\/strong> keyifli anlar ya\u015fayacaks\u0131n\u0131z.<\/p>\n<hr class=\"\" data-start=\"1832\" data-end=\"1835\" \/>\n<p class=\"\" data-start=\"1911\" data-end=\"2187\">Bu \u00fcr\u00fcn tan\u0131t\u0131m\u0131, <strong data-start=\"1929\" data-end=\"1951\">Feti\u015f bondage seti<\/strong>, <strong data-start=\"1953\" data-end=\"1966\">BDSM seti<\/strong>, <strong data-start=\"1968\" data-end=\"1984\">a\u011f\u0131zl\u0131k topu<\/strong>, <strong data-start=\"1986\" data-end=\"2015\">el ve ayak kelep\u00e7esi seti<\/strong>, <strong data-start=\"2017\" data-end=\"2047\">g\u00f6z maskesi ve k\u0131rba\u00e7 seti<\/strong>, <strong data-start=\"2049\" data-end=\"2070\">feti\u015f kelep\u00e7eleri<\/strong>, <strong data-start=\"2072\" data-end=\"2106\">kontrol ve teslimiyet deneyimi<\/strong>, <strong data-start=\"2108\" data-end=\"2125\">BDSM oyunlar\u0131<\/strong> .<\/p>\n<p class=\"\" data-start=\"2189\" data-end=\"2271\">\ud83d\udd25 <strong data-start=\"2192\" data-end=\"2268\">Yeni s\u0131n\u0131rlar\u0131 ke\u015ffedin, tutkuyu serbest b\u0131rak\u0131n ve hemen sipari\u015f verin!<\/strong> \ud83d\udd25<\/p>\n","protected":false},"excerpt":{"rendered":"<p>Ba\u011fl\u0131l\u0131k, teslimiyet ve tutkuyu bir araya getiren <strong data-start=\"120\" data-end=\"141\">Feti\u015f Bondage Set<\/strong>, <strong data-start=\"143\" data-end=\"151\">BDSM<\/strong> oyunlar\u0131n\u0131n zirveye ta\u015f\u0131nmas\u0131n\u0131 sa\u011flar! <strong data-start=\"192\" data-end=\"223\">Feti\u015f ve bondage tutkunlar\u0131<\/strong> i\u00e7in <strong data-start=\"229\" data-end=\"250\">e\u015fsiz bir deneyim<\/strong> sunan bu set, <strong data-start=\"265\" data-end=\"307\">partnerinizle yeni s\u0131n\u0131rlar\u0131 ke\u015ffetmek<\/strong> isteyenler i\u00e7in tasarland\u0131. <strong data-start=\"336\" data-end=\"363\">Kontrol ve teslimiyetin<\/strong> m\u00fckemmel uyumunu ya\u015fayarak, <strong data-start=\"392\" data-end=\"420\">heyecan\u0131 zirveye ta\u015f\u0131y\u0131n<\/strong> ve <strong data-start=\"424\" data-end=\"456\">duyular\u0131n\u0131z\u0131 serbest b\u0131rak\u0131n<\/strong>!<\/p>\n","protected":false},"featured_media":21573,"comment_status":"open","ping_status":"closed","template":"","meta":[],"product_brand":[466],"product_cat":[464,463],"product_tag":[],"class_list":{"0":"post-21481","1":"product","2":"type-product","3":"status-publish","4":"has-post-thumbnail","6":"product_brand-borassa","7":"product_cat-fetis-setler","8":"product_cat-fetis-urunler","10":"first","11":"instock","12":"taxable","13":"shipping-taxable","14":"purchasable","15":"product-type-simple"},"yoast_head":"<!-- This site is optimized with the Yoast SEO Premium plugin v24.4 (Yoast SEO v27.1.1) - https:\/\/yoast.com\/product\/yoast-seo-premium-wordpress\/ -->\n<title>Feti\u015f Bondage Set - Bursa Erotik Shop<\/title>\n<meta name=\"robots\" content=\"index, follow, max-snippet:-1, max-image-preview:large, max-video-preview:-1\" \/>\n<link rel=\"canonical\" href=\"https:\/\/hobierotikshop.com.tr\/website1\/erotik-shop-urun\/fetis-bondage-set\/\" \/>\n<meta property=\"og:locale\" content=\"tr_TR\" \/>\n<meta property=\"og:type\" content=\"article\" \/>\n<meta property=\"og:title\" content=\"Feti\u015f Bondage Set\" \/>\n<meta property=\"og:description\" content=\"Ba\u011fl\u0131l\u0131k, teslimiyet ve tutkuyu bir araya getiren Feti\u015f Bondage Set, BDSM oyunlar\u0131n\u0131n zirveye ta\u015f\u0131nmas\u0131n\u0131 sa\u011flar! Feti\u015f ve bondage tutkunlar\u0131 i\u00e7in e\u015fsiz bir deneyim sunan bu set, partnerinizle yeni s\u0131n\u0131rlar\u0131 ke\u015ffetmek isteyenler i\u00e7in tasarland\u0131. Kontrol ve teslimiyetin m\u00fckemmel uyumunu ya\u015fayarak, heyecan\u0131 zirveye ta\u015f\u0131y\u0131n ve duyular\u0131n\u0131z\u0131 serbest b\u0131rak\u0131n!\" \/>\n<meta property=\"og:url\" content=\"https:\/\/hobierotikshop.com.tr\/website1\/erotik-shop-urun\/fetis-bondage-set\/\" \/>\n<meta property=\"og:site_name\" content=\"Bursa Erotik Shop\" \/>\n<meta property=\"article:modified_time\" content=\"2026-01-03T16:34:54+00:00\" \/>\n<meta property=\"og:image\" content=\"https:\/\/hobierotikshop.com.tr\/website1\/wp-content\/uploads\/2025\/03\/MODEL-10-1.jpeg\" \/>\n\t<meta property=\"og:image:width\" content=\"500\" \/>\n\t<meta property=\"og:image:height\" content=\"500\" \/>\n\t<meta property=\"og:image:type\" content=\"image\/jpeg\" \/>\n<meta name=\"twitter:card\" content=\"summary_large_image\" \/>\n<meta name=\"twitter:site\" content=\"@shopbursa\" \/>\n<meta name=\"twitter:label1\" content=\"Fiyat\" \/>\n\t<meta name=\"twitter:data1\" content=\"&#8378;1.320,00 KDV DAH\u0130L\" \/>\n\t<meta name=\"twitter:label2\" content=\"Availability\" \/>\n\t<meta name=\"twitter:data2\" content=\"In stock\" \/>\n<script type=\"application\/ld+json\" class=\"yoast-schema-graph\">{\"@context\":\"https:\/\/schema.org\",\"@graph\":[{\"@type\":\"WebPage\",\"@id\":\"https:\/\/hobierotikshop.com.tr\/website1\/erotik-shop-urun\/fetis-bondage-set\/\",\"url\":\"https:\/\/hobierotikshop.com.tr\/website1\/erotik-shop-urun\/fetis-bondage-set\/\",\"name\":\"Feti\u015f Bondage Set - Bursa Erotik Shop\",\"isPartOf\":{\"@id\":\"https:\/\/hobierotikshop.com.tr\/website1\/#website\"},\"primaryImageOfPage\":{\"@id\":\"https:\/\/hobierotikshop.com.tr\/website1\/erotik-shop-urun\/fetis-bondage-set\/#primaryimage\"},\"image\":{\"@id\":\"https:\/\/hobierotikshop.com.tr\/website1\/erotik-shop-urun\/fetis-bondage-set\/#primaryimage\"},\"thumbnailUrl\":\"https:\/\/haremerotikshop.com\/site\/wp-content\/uploads\/2025\/03\/MODEL-10-1.jpeg\",\"datePublished\":\"2025-03-25T11:47:55+00:00\",\"dateModified\":\"2026-01-03T16:34:54+00:00\",\"breadcrumb\":{\"@id\":\"https:\/\/hobierotikshop.com.tr\/website1\/erotik-shop-urun\/fetis-bondage-set\/#breadcrumb\"},\"inLanguage\":\"tr\",\"potentialAction\":[{\"@type\":\"ReadAction\",\"target\":[\"https:\/\/hobierotikshop.com.tr\/website1\/erotik-shop-urun\/fetis-bondage-set\/\"]}]},{\"@type\":\"ImageObject\",\"inLanguage\":\"tr\",\"@id\":\"https:\/\/hobierotikshop.com.tr\/website1\/erotik-shop-urun\/fetis-bondage-set\/#primaryimage\",\"url\":\"https:\/\/haremerotikshop.com\/site\/wp-content\/uploads\/2025\/03\/MODEL-10-1.jpeg\",\"contentUrl\":\"https:\/\/haremerotikshop.com\/site\/wp-content\/uploads\/2025\/03\/MODEL-10-1.jpeg\",\"width\":500,\"height\":500,\"caption\":\"Bursa Sex Shop Feti\u015fh Bondage Set\"},{\"@type\":\"BreadcrumbList\",\"@id\":\"https:\/\/hobierotikshop.com.tr\/website1\/erotik-shop-urun\/fetis-bondage-set\/#breadcrumb\",\"itemListElement\":[{\"@type\":\"ListItem\",\"position\":1,\"name\":\"Anasayfa\",\"item\":\"https:\/\/hobierotikshop.com.tr\/website1\/\"},{\"@type\":\"ListItem\",\"position\":2,\"name\":\"Erotik Shop \u00dcr\u00fcnleri\",\"item\":\"https:\/\/hobierotikshop.com.tr\/website1\/shop\/\"},{\"@type\":\"ListItem\",\"position\":3,\"name\":\"Feti\u015f Bondage Set\"}]},{\"@type\":\"WebSite\",\"@id\":\"https:\/\/hobierotikshop.com.tr\/website1\/#website\",\"url\":\"https:\/\/hobierotikshop.com.tr\/website1\/\",\"name\":\"Bursa Erotik Shop\",\"description\":\"Bursa Erotik Shop ile g\u00fcvenli, gizli ve kaliteli yeti\u015fkin \u00fcr\u00fcnleri al\u0131\u015fveri\u015fi! Geni\u015f \u00fcr\u00fcn yelpazemizi ke\u015ffedin, hemen sipari\u015f verin\",\"publisher\":{\"@id\":\"https:\/\/hobierotikshop.com.tr\/website1\/#organization\"},\"alternateName\":\"Erotik Shop\",\"potentialAction\":[{\"@type\":\"SearchAction\",\"target\":{\"@type\":\"EntryPoint\",\"urlTemplate\":\"https:\/\/hobierotikshop.com.tr\/website1\/?s={search_term_string}\"},\"query-input\":{\"@type\":\"PropertyValueSpecification\",\"valueRequired\":true,\"valueName\":\"search_term_string\"}}],\"inLanguage\":\"tr\"},{\"@type\":\"Organization\",\"@id\":\"https:\/\/hobierotikshop.com.tr\/website1\/#organization\",\"name\":\"Harem Bursa Erotik Shop\",\"url\":\"https:\/\/hobierotikshop.com.tr\/website1\/\",\"logo\":{\"@type\":\"ImageObject\",\"inLanguage\":\"tr\",\"@id\":\"https:\/\/hobierotikshop.com.tr\/website1\/#\/schema\/logo\/image\/\",\"url\":\"https:\/\/haremerotikshop.com\/site\/wp-content\/uploads\/2025\/03\/haremsexshop.png\",\"contentUrl\":\"https:\/\/haremerotikshop.com\/site\/wp-content\/uploads\/2025\/03\/haremsexshop.png\",\"width\":400,\"height\":100,\"caption\":\"Harem Bursa Erotik Shop\"},\"image\":{\"@id\":\"https:\/\/hobierotikshop.com.tr\/website1\/#\/schema\/logo\/image\/\"},\"sameAs\":[\"https:\/\/x.com\/shopbursa\"],\"publishingPrinciples\":\"https:\/\/hobierotikshop.com.tr\/website1\/mesafeli-satis-sozlesmesi\/\",\"ownershipFundingInfo\":\"https:\/\/hobierotikshop.com.tr\/website1\/contact-us\/\",\"actionableFeedbackPolicy\":\"https:\/\/hobierotikshop.com.tr\/website1\/contact-us\/\",\"correctionsPolicy\":\"https:\/\/hobierotikshop.com.tr\/website1\/mesafeli-satis-sozlesmesi\/\"}]}<\/script>\n<meta property=\"product:brand\" content=\"Borassa\" \/>\n<meta property=\"product:price:amount\" content=\"1320.00\" \/>\n<meta property=\"product:price:currency\" content=\"TRY\" \/>\n<meta property=\"og:availability\" content=\"instock\" \/>\n<meta property=\"product:availability\" content=\"instock\" \/>\n<meta property=\"product:retailer_item_id\" content=\"HS3403\" \/>\n<meta property=\"product:condition\" content=\"new\" \/>\n<!-- \/ Yoast SEO Premium plugin. -->","yoast_head_json":{"title":"Feti\u015f Bondage Set - Bursa Erotik Shop","robots":{"index":"index","follow":"follow","max-snippet":"max-snippet:-1","max-image-preview":"max-image-preview:large","max-video-preview":"max-video-preview:-1"},"canonical":"https:\/\/hobierotikshop.com.tr\/website1\/erotik-shop-urun\/fetis-bondage-set\/","og_locale":"tr_TR","og_type":"article","og_title":"Feti\u015f Bondage Set","og_description":"Ba\u011fl\u0131l\u0131k, teslimiyet ve tutkuyu bir araya getiren Feti\u015f Bondage Set, BDSM oyunlar\u0131n\u0131n zirveye ta\u015f\u0131nmas\u0131n\u0131 sa\u011flar! Feti\u015f ve bondage tutkunlar\u0131 i\u00e7in e\u015fsiz bir deneyim sunan bu set, partnerinizle yeni s\u0131n\u0131rlar\u0131 ke\u015ffetmek isteyenler i\u00e7in tasarland\u0131. Kontrol ve teslimiyetin m\u00fckemmel uyumunu ya\u015fayarak, heyecan\u0131 zirveye ta\u015f\u0131y\u0131n ve duyular\u0131n\u0131z\u0131 serbest b\u0131rak\u0131n!","og_url":"https:\/\/hobierotikshop.com.tr\/website1\/erotik-shop-urun\/fetis-bondage-set\/","og_site_name":"Bursa Erotik Shop","article_modified_time":"2026-01-03T16:34:54+00:00","og_image":[{"width":500,"height":500,"url":"https:\/\/hobierotikshop.com.tr\/website1\/wp-content\/uploads\/2025\/03\/MODEL-10-1.jpeg","type":"image\/jpeg"}],"twitter_card":"summary_large_image","twitter_site":"@shopbursa","twitter_misc":{"Fiyat":"&#8378;1.320,00 KDV DAH\u0130L","Availability":"In stock"},"schema":{"@context":"https:\/\/schema.org","@graph":[{"@type":"WebPage","@id":"https:\/\/hobierotikshop.com.tr\/website1\/erotik-shop-urun\/fetis-bondage-set\/","url":"https:\/\/hobierotikshop.com.tr\/website1\/erotik-shop-urun\/fetis-bondage-set\/","name":"Feti\u015f Bondage Set - Bursa Erotik Shop","isPartOf":{"@id":"https:\/\/hobierotikshop.com.tr\/website1\/#website"},"primaryImageOfPage":{"@id":"https:\/\/hobierotikshop.com.tr\/website1\/erotik-shop-urun\/fetis-bondage-set\/#primaryimage"},"image":{"@id":"https:\/\/hobierotikshop.com.tr\/website1\/erotik-shop-urun\/fetis-bondage-set\/#primaryimage"},"thumbnailUrl":"https:\/\/haremerotikshop.com\/site\/wp-content\/uploads\/2025\/03\/MODEL-10-1.jpeg","datePublished":"2025-03-25T11:47:55+00:00","dateModified":"2026-01-03T16:34:54+00:00","breadcrumb":{"@id":"https:\/\/hobierotikshop.com.tr\/website1\/erotik-shop-urun\/fetis-bondage-set\/#breadcrumb"},"inLanguage":"tr","potentialAction":[{"@type":"ReadAction","target":["https:\/\/hobierotikshop.com.tr\/website1\/erotik-shop-urun\/fetis-bondage-set\/"]}]},{"@type":"ImageObject","inLanguage":"tr","@id":"https:\/\/hobierotikshop.com.tr\/website1\/erotik-shop-urun\/fetis-bondage-set\/#primaryimage","url":"https:\/\/haremerotikshop.com\/site\/wp-content\/uploads\/2025\/03\/MODEL-10-1.jpeg","contentUrl":"https:\/\/haremerotikshop.com\/site\/wp-content\/uploads\/2025\/03\/MODEL-10-1.jpeg","width":500,"height":500,"caption":"Bursa Sex Shop Feti\u015fh Bondage Set"},{"@type":"BreadcrumbList","@id":"https:\/\/hobierotikshop.com.tr\/website1\/erotik-shop-urun\/fetis-bondage-set\/#breadcrumb","itemListElement":[{"@type":"ListItem","position":1,"name":"Anasayfa","item":"https:\/\/hobierotikshop.com.tr\/website1\/"},{"@type":"ListItem","position":2,"name":"Erotik Shop \u00dcr\u00fcnleri","item":"https:\/\/hobierotikshop.com.tr\/website1\/shop\/"},{"@type":"ListItem","position":3,"name":"Feti\u015f Bondage Set"}]},{"@type":"WebSite","@id":"https:\/\/hobierotikshop.com.tr\/website1\/#website","url":"https:\/\/hobierotikshop.com.tr\/website1\/","name":"Bursa Erotik Shop","description":"Bursa Erotik Shop ile g\u00fcvenli, gizli ve kaliteli yeti\u015fkin \u00fcr\u00fcnleri al\u0131\u015fveri\u015fi! Geni\u015f \u00fcr\u00fcn yelpazemizi ke\u015ffedin, hemen sipari\u015f verin","publisher":{"@id":"https:\/\/hobierotikshop.com.tr\/website1\/#organization"},"alternateName":"Erotik Shop","potentialAction":[{"@type":"SearchAction","target":{"@type":"EntryPoint","urlTemplate":"https:\/\/hobierotikshop.com.tr\/website1\/?s={search_term_string}"},"query-input":{"@type":"PropertyValueSpecification","valueRequired":true,"valueName":"search_term_string"}}],"inLanguage":"tr"},{"@type":"Organization","@id":"https:\/\/hobierotikshop.com.tr\/website1\/#organization","name":"Harem Bursa Erotik Shop","url":"https:\/\/hobierotikshop.com.tr\/website1\/","logo":{"@type":"ImageObject","inLanguage":"tr","@id":"https:\/\/hobierotikshop.com.tr\/website1\/#\/schema\/logo\/image\/","url":"https:\/\/haremerotikshop.com\/site\/wp-content\/uploads\/2025\/03\/haremsexshop.png","contentUrl":"https:\/\/haremerotikshop.com\/site\/wp-content\/uploads\/2025\/03\/haremsexshop.png","width":400,"height":100,"caption":"Harem Bursa Erotik Shop"},"image":{"@id":"https:\/\/hobierotikshop.com.tr\/website1\/#\/schema\/logo\/image\/"},"sameAs":["https:\/\/x.com\/shopbursa"],"publishingPrinciples":"https:\/\/hobierotikshop.com.tr\/website1\/mesafeli-satis-sozlesmesi\/","ownershipFundingInfo":"https:\/\/hobierotikshop.com.tr\/website1\/contact-us\/","actionableFeedbackPolicy":"https:\/\/hobierotikshop.com.tr\/website1\/contact-us\/","correctionsPolicy":"https:\/\/hobierotikshop.com.tr\/website1\/mesafeli-satis-sozlesmesi\/"}]},"product_brand":"Borassa","product_price_amount":"1320.00","product_price_currency":"TRY","og_availability":"instock","product_availability":"instock","product_retailer_item_id":"HS3403","product_condition":"new"},"_links":{"self":[{"href":"https:\/\/haremerotikshop.com\/site\/wp-json\/wp\/v2\/product\/21481","targetHints":{"allow":["GET"]}}],"collection":[{"href":"https:\/\/haremerotikshop.com\/site\/wp-json\/wp\/v2\/product"}],"about":[{"href":"https:\/\/haremerotikshop.com\/site\/wp-json\/wp\/v2\/types\/product"}],"replies":[{"embeddable":true,"href":"https:\/\/haremerotikshop.com\/site\/wp-json\/wp\/v2\/comments?post=21481"}],"version-history":[{"count":0,"href":"https:\/\/haremerotikshop.com\/site\/wp-json\/wp\/v2\/product\/21481\/revisions"}],"wp:featuredmedia":[{"embeddable":true,"href":"https:\/\/haremerotikshop.com\/site\/wp-json\/wp\/v2\/media\/21573"}],"wp:attachment":[{"href":"https:\/\/haremerotikshop.com\/site\/wp-json\/wp\/v2\/media?parent=21481"}],"wp:term":[{"taxonomy":"product_brand","embeddable":true,"href":"https:\/\/haremerotikshop.com\/site\/wp-json\/wp\/v2\/product_brand?post=21481"},{"taxonomy":"product_cat","embeddable":true,"href":"https:\/\/haremerotikshop.com\/site\/wp-json\/wp\/v2\/product_cat?post=21481"},{"taxonomy":"product_tag","embeddable":true,"href":"https:\/\/haremerotikshop.com\/site\/wp-json\/wp\/v2\/product_tag?post=21481"}],"curies":[{"name":"wp","href":"https:\/\/api.w.org\/{rel}","templated":true}]}}