{"id":21482,"date":"2025-03-25T14:47:55","date_gmt":"2025-03-25T11:47:55","guid":{"rendered":"https:\/\/haremerotikshop.com\/site\/?post_type=product&#038;p=21482"},"modified":"2026-01-26T14:40:08","modified_gmt":"2026-01-26T11:40:08","slug":"maske-kelepce-set","status":"publish","type":"product","link":"https:\/\/haremerotikshop.com\/site\/erotik-shop-urun\/maske-kelepce-set\/","title":{"rendered":"Maske Kelep\u00e7e Set"},"content":{"rendered":"<h3 class=\"\" data-start=\"0\" data-end=\"83\"><strong data-start=\"4\" data-end=\"83\">\ud83d\udd25 Feti\u015f \u0130kili Maske ve Kelep\u00e7e Set \u2013 S\u0131n\u0131rlar\u0131 Zorlamaya Haz\u0131r m\u0131s\u0131n\u0131z? \ud83d\udd25<\/strong><\/h3>\n<p class=\"\" data-start=\"85\" data-end=\"446\"><strong data-start=\"85\" data-end=\"122\">Feti\u015f \u0130kili Maske ve Kelep\u00e7e Seti<\/strong>, <strong data-start=\"124\" data-end=\"133\">tutku<\/strong> ve <strong data-start=\"137\" data-end=\"149\">ba\u011fl\u0131l\u0131k<\/strong> arayan \u00e7iftler i\u00e7in \u00f6zel olarak tasarlanm\u0131\u015f m\u00fckemmel bir <strong data-start=\"207\" data-end=\"226\">BDSM feti\u015f seti<\/strong> sunar. <strong data-start=\"234\" data-end=\"251\">Gizemli maske<\/strong> ve <strong data-start=\"255\" data-end=\"283\">ayarlanabilir kelep\u00e7eler<\/strong> ile yeni <strong data-start=\"293\" data-end=\"307\">fanteziler<\/strong> ke\u015ffedin ve <strong data-start=\"320\" data-end=\"349\">tutkunuzu zirveye ta\u015f\u0131y\u0131n<\/strong>. Bu set, <strong data-start=\"359\" data-end=\"367\">BDSM<\/strong> d\u00fcnyas\u0131nda ba\u015flang\u0131\u00e7 yapacaklar ve deneyimli \u00e7iftler i\u00e7in ideal bir tercihtir.<\/p>\n<hr class=\"\" data-start=\"448\" data-end=\"451\" \/>\n<h3 class=\"\" data-start=\"453\" data-end=\"493\"><strong data-start=\"457\" data-end=\"493\">\ud83d\udca5 Set \u0130\u00e7eri\u011fi ve \u00d6zellikleri \ud83d\udca5<\/strong><\/h3>\n<p class=\"\" data-start=\"495\" data-end=\"1362\">\u2714 <strong data-start=\"497\" data-end=\"512\">\u0130kili Maske<\/strong> \u2013 <strong data-start=\"515\" data-end=\"526\">Gizemli<\/strong> ve <strong data-start=\"530\" data-end=\"556\">etkileyici bir deneyim<\/strong> i\u00e7in tasarlanm\u0131\u015f, <strong data-start=\"575\" data-end=\"602\">rahat ve yumu\u015fak dokulu<\/strong> maske. <strong data-start=\"610\" data-end=\"637\">Duyular\u0131 keskinle\u015ftirir<\/strong> ve <strong data-start=\"641\" data-end=\"663\">fiziksel duyumlar\u0131<\/strong> \u00f6n plana \u00e7\u0131kar\u0131r, <strong data-start=\"682\" data-end=\"702\">gizemi art\u0131rarak<\/strong> her dokunu\u015fun daha anlaml\u0131 olmas\u0131n\u0131 sa\u011flar.<br data-start=\"746\" data-end=\"749\" \/>\u2714 <strong data-start=\"751\" data-end=\"779\">Ayarlanabilir Kelep\u00e7eler<\/strong> \u2013 <strong data-start=\"782\" data-end=\"813\">Konforlu, sa\u011flam ve g\u00fcvenli<\/strong> kullan\u0131m sunan <strong data-start=\"829\" data-end=\"857\">ayarlanabilir kelep\u00e7eler<\/strong> ile partnerinizle <strong data-start=\"876\" data-end=\"888\">ba\u011fl\u0131l\u0131k<\/strong> ve <strong data-start=\"892\" data-end=\"903\">denetim<\/strong> oyunlar\u0131n\u0131 ke\u015ffedin. Uzun s\u00fcreli kullan\u0131m i\u00e7in uygun, <strong data-start=\"958\" data-end=\"991\" data-is-only-node=\"\">dayan\u0131kl\u0131 ve kaliteli malzeme<\/strong>.<br data-start=\"992\" data-end=\"995\" \/>\u2714 <strong data-start=\"997\" data-end=\"1035\">Fetish ve BDSM Oyunlar\u0131 \u0130\u00e7in \u0130deal<\/strong> \u2013 Hem <strong data-start=\"1042\" data-end=\"1062\">yeni ba\u015flayanlar<\/strong> hem de <strong data-start=\"1070\" data-end=\"1098\">deneyimli feti\u015f severler<\/strong> i\u00e7in m\u00fckemmel bir set. Yeni <strong data-start=\"1127\" data-end=\"1149\">seksual fanteziler<\/strong> ke\u015ffedin, <strong data-start=\"1160\" data-end=\"1172\">ba\u011fl\u0131l\u0131k<\/strong> ve <strong data-start=\"1176\" data-end=\"1187\">kontrol<\/strong> dinamiklerini ke\u015ffetmeye haz\u0131r olun.<br data-start=\"1224\" data-end=\"1227\" \/>\u2714 <strong data-start=\"1229\" data-end=\"1268\">Gizemin ve Heyecan\u0131n Tad\u0131n\u0131 \u00c7\u0131kar\u0131n<\/strong> \u2013 <strong data-start=\"1271\" data-end=\"1288\">Feti\u015f ve BDSM<\/strong> d\u00fcnyas\u0131nda s\u0131n\u0131rlar\u0131 zorlayarak, <strong data-start=\"1322\" data-end=\"1343\">gizemi ve tutkuyu<\/strong> zirveye ta\u015f\u0131y\u0131n.<\/p>\n<hr class=\"\" data-start=\"1364\" data-end=\"1367\" \/>\n<h3 class=\"\" data-start=\"1369\" data-end=\"1401\"><strong data-start=\"1373\" data-end=\"1401\">\ud83d\udd25 Kimler \u0130\u00e7in Uygun? \ud83d\udd25<\/strong><\/h3>\n<p class=\"\" data-start=\"1403\" data-end=\"1695\">\u2705 <strong data-start=\"1405\" data-end=\"1413\">BDSM<\/strong> ve <strong data-start=\"1417\" data-end=\"1437\">feti\u015f oyunlar\u0131na<\/strong> ilgi duyan \u00e7iftler i\u00e7in.<br data-start=\"1462\" data-end=\"1465\" \/>\u2705 <strong data-start=\"1467\" data-end=\"1487\">Yeni ba\u015flayanlar<\/strong> ve <strong data-start=\"1491\" data-end=\"1533\">fantezi d\u00fcnyas\u0131n\u0131 ke\u015ffetmek isteyenler<\/strong> i\u00e7in m\u00fckemmel bir se\u00e7enek.<br data-start=\"1560\" data-end=\"1563\" \/>\u2705 <strong data-start=\"1565\" data-end=\"1591\">Ba\u011fl\u0131l\u0131k ve teslimiyet<\/strong> oyunlar\u0131n\u0131 ke\u015ffetmek isteyenler.<br data-start=\"1624\" data-end=\"1627\" \/>\u2705 <strong data-start=\"1629\" data-end=\"1657\">Gizemli ve tutkulu anlar<\/strong> ya\u015famak isteyen \u00e7iftler i\u00e7in ideal.<\/p>\n<hr class=\"\" data-start=\"1697\" data-end=\"1700\" \/>\n<h3 class=\"\" data-start=\"1702\" data-end=\"1756\"><strong data-start=\"1706\" data-end=\"1756\">\ud83d\udc8b Neden Feti\u015f \u0130kili Maske ve Kelep\u00e7e Seti? \ud83d\udc8b<\/strong><\/h3>\n<p class=\"\" data-start=\"1758\" data-end=\"2138\"><strong data-start=\"1758\" data-end=\"1795\">Feti\u015f \u0130kili Maske ve Kelep\u00e7e Seti<\/strong>, <strong data-start=\"1797\" data-end=\"1807\">gizemi<\/strong> ve <strong data-start=\"1811\" data-end=\"1822\">tutkuyu<\/strong> zirveye ta\u015f\u0131r. <strong data-start=\"1838\" data-end=\"1866\">Ayarlanabilir kelep\u00e7eler<\/strong> ve <strong data-start=\"1870\" data-end=\"1885\">rahat maske<\/strong> ile partnerinizle <strong data-start=\"1904\" data-end=\"1931\">duyusal deneyimlerinizi<\/strong> ke\u015ffederken <strong data-start=\"1944\" data-end=\"1956\">ba\u011fl\u0131l\u0131k<\/strong> ve <strong data-start=\"1960\" data-end=\"1971\">kontrol<\/strong> oyunlar\u0131 oynayabilirsiniz. <strong data-start=\"1999\" data-end=\"2008\">Feti\u015f<\/strong> d\u00fcnyas\u0131na yeni bir dokunu\u015f katmak ve <strong data-start=\"2046\" data-end=\"2063\">partnerinizle<\/strong> heyecan verici deneyimler ya\u015famak i\u00e7in bu set tam da ihtiyac\u0131n\u0131z olan \u015fey!<\/p>\n<p class=\"\" data-start=\"2183\" data-end=\"2469\">Bu \u00fcr\u00fcn tan\u0131t\u0131m\u0131, <strong data-start=\"2201\" data-end=\"2221\">Feti\u015f maske seti<\/strong>, <strong data-start=\"2223\" data-end=\"2243\">BDSM kelep\u00e7eleri<\/strong>, <strong data-start=\"2245\" data-end=\"2262\">gizli deneyim<\/strong>, <strong data-start=\"2264\" data-end=\"2295\">feti\u015f kelep\u00e7e ve maske seti<\/strong>, <strong data-start=\"2297\" data-end=\"2325\">ayarlanabilir kelep\u00e7eler<\/strong>, <strong data-start=\"2327\" data-end=\"2346\">BDSM feti\u015f seti<\/strong>, <strong data-start=\"2348\" data-end=\"2383\">ba\u011fl\u0131l\u0131k ve teslimiyet oyunlar\u0131<\/strong>, <strong data-start=\"2385\" data-end=\"2407\">tutkulu deneyimler.<\/strong><\/p>\n<p class=\"\" data-start=\"2471\" data-end=\"2561\">\ud83d\udd25 <strong data-start=\"2474\" data-end=\"2558\">Tutkuyu ke\u015ffedin, yeni fantezilerle s\u0131n\u0131rlar\u0131n\u0131z\u0131 zorlay\u0131n, hemen sipari\u015f verin!<\/strong> \ud83d\udd25<\/p>\n","protected":false},"excerpt":{"rendered":"<p><strong data-start=\"85\" data-end=\"122\">Feti\u015f \u0130kili Maske ve Kelep\u00e7e Seti<\/strong>, <strong data-start=\"124\" data-end=\"133\">tutku<\/strong> ve <strong data-start=\"137\" data-end=\"149\">ba\u011fl\u0131l\u0131k<\/strong> arayan \u00e7iftler i\u00e7in \u00f6zel olarak tasarlanm\u0131\u015f m\u00fckemmel bir <strong data-start=\"207\" data-end=\"226\">BDSM feti\u015f seti<\/strong> sunar. <strong data-start=\"234\" data-end=\"251\">Gizemli maske<\/strong> ve <strong data-start=\"255\" data-end=\"283\">ayarlanabilir kelep\u00e7eler<\/strong> ile yeni <strong data-start=\"293\" data-end=\"307\">fanteziler<\/strong> ke\u015ffedin ve <strong data-start=\"320\" data-end=\"349\">tutkunuzu zirveye ta\u015f\u0131y\u0131n<\/strong>. Bu set, <strong data-start=\"359\" data-end=\"367\">BDSM<\/strong> d\u00fcnyas\u0131nda ba\u015flang\u0131\u00e7 yapacaklar ve deneyimli \u00e7iftler i\u00e7in ideal bir tercihtir.<\/p>\n","protected":false},"featured_media":0,"comment_status":"open","ping_status":"closed","template":"","meta":[],"product_brand":[466],"product_cat":[464,463],"product_tag":[],"class_list":{"0":"post-21482","1":"product","2":"type-product","3":"status-publish","5":"product_brand-borassa","6":"product_cat-fetis-setler","7":"product_cat-fetis-urunler","9":"first","10":"instock","11":"taxable","12":"shipping-taxable","13":"purchasable","14":"product-type-simple"},"yoast_head":"<!-- This site is optimized with the Yoast SEO Premium plugin v24.4 (Yoast SEO v27.1.1) - https:\/\/yoast.com\/product\/yoast-seo-premium-wordpress\/ -->\n<title>Maske Kelep\u00e7e Set - Bursa Erotik Shop<\/title>\n<meta name=\"robots\" content=\"index, follow, max-snippet:-1, max-image-preview:large, max-video-preview:-1\" \/>\n<link rel=\"canonical\" href=\"https:\/\/hobierotikshop.com.tr\/website1\/erotik-shop-urun\/maske-kelepce-set\/\" \/>\n<meta property=\"og:locale\" content=\"tr_TR\" \/>\n<meta property=\"og:type\" content=\"article\" \/>\n<meta property=\"og:title\" content=\"Maske Kelep\u00e7e Set\" \/>\n<meta property=\"og:description\" content=\"Feti\u015f \u0130kili Maske ve Kelep\u00e7e Seti, tutku ve ba\u011fl\u0131l\u0131k arayan \u00e7iftler i\u00e7in \u00f6zel olarak tasarlanm\u0131\u015f m\u00fckemmel bir BDSM feti\u015f seti sunar. Gizemli maske ve ayarlanabilir kelep\u00e7eler ile yeni fanteziler ke\u015ffedin ve tutkunuzu zirveye ta\u015f\u0131y\u0131n. Bu set, BDSM d\u00fcnyas\u0131nda ba\u015flang\u0131\u00e7 yapacaklar ve deneyimli \u00e7iftler i\u00e7in ideal bir tercihtir.\" \/>\n<meta property=\"og:url\" content=\"https:\/\/hobierotikshop.com.tr\/website1\/erotik-shop-urun\/maske-kelepce-set\/\" \/>\n<meta property=\"og:site_name\" content=\"Bursa Erotik Shop\" \/>\n<meta property=\"article:modified_time\" content=\"2026-01-26T11:40:08+00:00\" \/>\n<meta name=\"twitter:card\" content=\"summary_large_image\" \/>\n<meta name=\"twitter:site\" content=\"@shopbursa\" \/>\n<meta name=\"twitter:label1\" content=\"Fiyat\" \/>\n\t<meta name=\"twitter:data1\" content=\"&#8378;800,00 KDV DAH\u0130L\" \/>\n\t<meta name=\"twitter:label2\" content=\"Availability\" \/>\n\t<meta name=\"twitter:data2\" content=\"In stock\" \/>\n<script type=\"application\/ld+json\" class=\"yoast-schema-graph\">{\"@context\":\"https:\/\/schema.org\",\"@graph\":[{\"@type\":\"WebPage\",\"@id\":\"https:\/\/hobierotikshop.com.tr\/website1\/erotik-shop-urun\/maske-kelepce-set\/\",\"url\":\"https:\/\/hobierotikshop.com.tr\/website1\/erotik-shop-urun\/maske-kelepce-set\/\",\"name\":\"Maske Kelep\u00e7e Set - Bursa Erotik Shop\",\"isPartOf\":{\"@id\":\"https:\/\/hobierotikshop.com.tr\/website1\/#website\"},\"datePublished\":\"2025-03-25T11:47:55+00:00\",\"dateModified\":\"2026-01-26T11:40:08+00:00\",\"breadcrumb\":{\"@id\":\"https:\/\/hobierotikshop.com.tr\/website1\/erotik-shop-urun\/maske-kelepce-set\/#breadcrumb\"},\"inLanguage\":\"tr\",\"potentialAction\":[{\"@type\":\"ReadAction\",\"target\":[\"https:\/\/hobierotikshop.com.tr\/website1\/erotik-shop-urun\/maske-kelepce-set\/\"]}]},{\"@type\":\"BreadcrumbList\",\"@id\":\"https:\/\/hobierotikshop.com.tr\/website1\/erotik-shop-urun\/maske-kelepce-set\/#breadcrumb\",\"itemListElement\":[{\"@type\":\"ListItem\",\"position\":1,\"name\":\"Anasayfa\",\"item\":\"https:\/\/hobierotikshop.com.tr\/website1\/\"},{\"@type\":\"ListItem\",\"position\":2,\"name\":\"Erotik Shop \u00dcr\u00fcnleri\",\"item\":\"https:\/\/hobierotikshop.com.tr\/website1\/shop\/\"},{\"@type\":\"ListItem\",\"position\":3,\"name\":\"Maske Kelep\u00e7e Set\"}]},{\"@type\":\"WebSite\",\"@id\":\"https:\/\/hobierotikshop.com.tr\/website1\/#website\",\"url\":\"https:\/\/hobierotikshop.com.tr\/website1\/\",\"name\":\"Bursa Erotik Shop\",\"description\":\"Bursa Erotik Shop ile g\u00fcvenli, gizli ve kaliteli yeti\u015fkin \u00fcr\u00fcnleri al\u0131\u015fveri\u015fi! Geni\u015f \u00fcr\u00fcn yelpazemizi ke\u015ffedin, hemen sipari\u015f verin\",\"publisher\":{\"@id\":\"https:\/\/hobierotikshop.com.tr\/website1\/#organization\"},\"alternateName\":\"Erotik Shop\",\"potentialAction\":[{\"@type\":\"SearchAction\",\"target\":{\"@type\":\"EntryPoint\",\"urlTemplate\":\"https:\/\/hobierotikshop.com.tr\/website1\/?s={search_term_string}\"},\"query-input\":{\"@type\":\"PropertyValueSpecification\",\"valueRequired\":true,\"valueName\":\"search_term_string\"}}],\"inLanguage\":\"tr\"},{\"@type\":\"Organization\",\"@id\":\"https:\/\/hobierotikshop.com.tr\/website1\/#organization\",\"name\":\"Harem Bursa Erotik Shop\",\"url\":\"https:\/\/hobierotikshop.com.tr\/website1\/\",\"logo\":{\"@type\":\"ImageObject\",\"inLanguage\":\"tr\",\"@id\":\"https:\/\/hobierotikshop.com.tr\/website1\/#\/schema\/logo\/image\/\",\"url\":\"https:\/\/haremerotikshop.com\/wp-content\/uploads\/2025\/03\/haremsexshop.png\",\"contentUrl\":\"https:\/\/haremerotikshop.com\/wp-content\/uploads\/2025\/03\/haremsexshop.png\",\"width\":400,\"height\":100,\"caption\":\"Harem Bursa Erotik Shop\"},\"image\":{\"@id\":\"https:\/\/hobierotikshop.com.tr\/website1\/#\/schema\/logo\/image\/\"},\"sameAs\":[\"https:\/\/x.com\/shopbursa\"],\"publishingPrinciples\":\"https:\/\/hobierotikshop.com.tr\/website1\/mesafeli-satis-sozlesmesi\/\",\"ownershipFundingInfo\":\"https:\/\/hobierotikshop.com.tr\/website1\/contact-us\/\",\"actionableFeedbackPolicy\":\"https:\/\/hobierotikshop.com.tr\/website1\/contact-us\/\",\"correctionsPolicy\":\"https:\/\/hobierotikshop.com.tr\/website1\/mesafeli-satis-sozlesmesi\/\"}]}<\/script>\n<meta property=\"product:brand\" content=\"Borassa\" \/>\n<meta property=\"product:price:amount\" content=\"800.00\" \/>\n<meta property=\"product:price:currency\" content=\"TRY\" \/>\n<meta property=\"og:availability\" content=\"instock\" \/>\n<meta property=\"product:availability\" content=\"instock\" \/>\n<meta property=\"product:retailer_item_id\" content=\"HS3404\" \/>\n<meta property=\"product:condition\" content=\"new\" \/>\n<!-- \/ Yoast SEO Premium plugin. -->","yoast_head_json":{"title":"Maske Kelep\u00e7e Set - Bursa Erotik Shop","robots":{"index":"index","follow":"follow","max-snippet":"max-snippet:-1","max-image-preview":"max-image-preview:large","max-video-preview":"max-video-preview:-1"},"canonical":"https:\/\/hobierotikshop.com.tr\/website1\/erotik-shop-urun\/maske-kelepce-set\/","og_locale":"tr_TR","og_type":"article","og_title":"Maske Kelep\u00e7e Set","og_description":"Feti\u015f \u0130kili Maske ve Kelep\u00e7e Seti, tutku ve ba\u011fl\u0131l\u0131k arayan \u00e7iftler i\u00e7in \u00f6zel olarak tasarlanm\u0131\u015f m\u00fckemmel bir BDSM feti\u015f seti sunar. Gizemli maske ve ayarlanabilir kelep\u00e7eler ile yeni fanteziler ke\u015ffedin ve tutkunuzu zirveye ta\u015f\u0131y\u0131n. Bu set, BDSM d\u00fcnyas\u0131nda ba\u015flang\u0131\u00e7 yapacaklar ve deneyimli \u00e7iftler i\u00e7in ideal bir tercihtir.","og_url":"https:\/\/hobierotikshop.com.tr\/website1\/erotik-shop-urun\/maske-kelepce-set\/","og_site_name":"Bursa Erotik Shop","article_modified_time":"2026-01-26T11:40:08+00:00","twitter_card":"summary_large_image","twitter_site":"@shopbursa","twitter_misc":{"Fiyat":"&#8378;800,00 KDV DAH\u0130L","Availability":"In stock"},"schema":{"@context":"https:\/\/schema.org","@graph":[{"@type":"WebPage","@id":"https:\/\/hobierotikshop.com.tr\/website1\/erotik-shop-urun\/maske-kelepce-set\/","url":"https:\/\/hobierotikshop.com.tr\/website1\/erotik-shop-urun\/maske-kelepce-set\/","name":"Maske Kelep\u00e7e Set - Bursa Erotik Shop","isPartOf":{"@id":"https:\/\/hobierotikshop.com.tr\/website1\/#website"},"datePublished":"2025-03-25T11:47:55+00:00","dateModified":"2026-01-26T11:40:08+00:00","breadcrumb":{"@id":"https:\/\/hobierotikshop.com.tr\/website1\/erotik-shop-urun\/maske-kelepce-set\/#breadcrumb"},"inLanguage":"tr","potentialAction":[{"@type":"ReadAction","target":["https:\/\/hobierotikshop.com.tr\/website1\/erotik-shop-urun\/maske-kelepce-set\/"]}]},{"@type":"BreadcrumbList","@id":"https:\/\/hobierotikshop.com.tr\/website1\/erotik-shop-urun\/maske-kelepce-set\/#breadcrumb","itemListElement":[{"@type":"ListItem","position":1,"name":"Anasayfa","item":"https:\/\/hobierotikshop.com.tr\/website1\/"},{"@type":"ListItem","position":2,"name":"Erotik Shop \u00dcr\u00fcnleri","item":"https:\/\/hobierotikshop.com.tr\/website1\/shop\/"},{"@type":"ListItem","position":3,"name":"Maske Kelep\u00e7e Set"}]},{"@type":"WebSite","@id":"https:\/\/hobierotikshop.com.tr\/website1\/#website","url":"https:\/\/hobierotikshop.com.tr\/website1\/","name":"Bursa Erotik Shop","description":"Bursa Erotik Shop ile g\u00fcvenli, gizli ve kaliteli yeti\u015fkin \u00fcr\u00fcnleri al\u0131\u015fveri\u015fi! Geni\u015f \u00fcr\u00fcn yelpazemizi ke\u015ffedin, hemen sipari\u015f verin","publisher":{"@id":"https:\/\/hobierotikshop.com.tr\/website1\/#organization"},"alternateName":"Erotik Shop","potentialAction":[{"@type":"SearchAction","target":{"@type":"EntryPoint","urlTemplate":"https:\/\/hobierotikshop.com.tr\/website1\/?s={search_term_string}"},"query-input":{"@type":"PropertyValueSpecification","valueRequired":true,"valueName":"search_term_string"}}],"inLanguage":"tr"},{"@type":"Organization","@id":"https:\/\/hobierotikshop.com.tr\/website1\/#organization","name":"Harem Bursa Erotik Shop","url":"https:\/\/hobierotikshop.com.tr\/website1\/","logo":{"@type":"ImageObject","inLanguage":"tr","@id":"https:\/\/hobierotikshop.com.tr\/website1\/#\/schema\/logo\/image\/","url":"https:\/\/haremerotikshop.com\/wp-content\/uploads\/2025\/03\/haremsexshop.png","contentUrl":"https:\/\/haremerotikshop.com\/wp-content\/uploads\/2025\/03\/haremsexshop.png","width":400,"height":100,"caption":"Harem Bursa Erotik Shop"},"image":{"@id":"https:\/\/hobierotikshop.com.tr\/website1\/#\/schema\/logo\/image\/"},"sameAs":["https:\/\/x.com\/shopbursa"],"publishingPrinciples":"https:\/\/hobierotikshop.com.tr\/website1\/mesafeli-satis-sozlesmesi\/","ownershipFundingInfo":"https:\/\/hobierotikshop.com.tr\/website1\/contact-us\/","actionableFeedbackPolicy":"https:\/\/hobierotikshop.com.tr\/website1\/contact-us\/","correctionsPolicy":"https:\/\/hobierotikshop.com.tr\/website1\/mesafeli-satis-sozlesmesi\/"}]},"product_brand":"Borassa","product_price_amount":"800.00","product_price_currency":"TRY","og_availability":"instock","product_availability":"instock","product_retailer_item_id":"HS3404","product_condition":"new"},"_links":{"self":[{"href":"https:\/\/haremerotikshop.com\/site\/wp-json\/wp\/v2\/product\/21482","targetHints":{"allow":["GET"]}}],"collection":[{"href":"https:\/\/haremerotikshop.com\/site\/wp-json\/wp\/v2\/product"}],"about":[{"href":"https:\/\/haremerotikshop.com\/site\/wp-json\/wp\/v2\/types\/product"}],"replies":[{"embeddable":true,"href":"https:\/\/haremerotikshop.com\/site\/wp-json\/wp\/v2\/comments?post=21482"}],"version-history":[{"count":0,"href":"https:\/\/haremerotikshop.com\/site\/wp-json\/wp\/v2\/product\/21482\/revisions"}],"wp:attachment":[{"href":"https:\/\/haremerotikshop.com\/site\/wp-json\/wp\/v2\/media?parent=21482"}],"wp:term":[{"taxonomy":"product_brand","embeddable":true,"href":"https:\/\/haremerotikshop.com\/site\/wp-json\/wp\/v2\/product_brand?post=21482"},{"taxonomy":"product_cat","embeddable":true,"href":"https:\/\/haremerotikshop.com\/site\/wp-json\/wp\/v2\/product_cat?post=21482"},{"taxonomy":"product_tag","embeddable":true,"href":"https:\/\/haremerotikshop.com\/site\/wp-json\/wp\/v2\/product_tag?post=21482"}],"curies":[{"name":"wp","href":"https:\/\/api.w.org\/{rel}","templated":true}]}}