{"id":21483,"date":"2025-03-25T14:47:55","date_gmt":"2025-03-25T11:47:55","guid":{"rendered":"https:\/\/haremerotikshop.com\/site\/?post_type=product&#038;p=21483"},"modified":"2026-01-26T14:40:35","modified_gmt":"2026-01-26T11:40:35","slug":"fetis-5-li-set","status":"publish","type":"product","link":"https:\/\/haremerotikshop.com\/site\/erotik-shop-urun\/fetis-5-li-set\/","title":{"rendered":"Yatak Fantezi Kelep\u00e7e Seti"},"content":{"rendered":"<h3 class=\"\" data-start=\"0\" data-end=\"80\"><strong data-start=\"4\" data-end=\"80\">\ud83d\udd25 Yatak Fantezi Kelep\u00e7e Seti \u2013 S\u0131n\u0131rlar\u0131 Zorlay\u0131n, Tutkuyu Ke\u015ffedin! \ud83d\udd25<\/strong><\/h3>\n<p class=\"\" data-start=\"82\" data-end=\"525\"><strong data-start=\"82\" data-end=\"112\">Yatak Fantezi Kelep\u00e7e Seti<\/strong>, <strong data-start=\"114\" data-end=\"122\">BDSM<\/strong> d\u00fcnyas\u0131na ad\u0131m atmak isteyenler ve <strong data-start=\"158\" data-end=\"197\">fantezilerinde s\u0131n\u0131rlar\u0131n\u0131 zorlamak<\/strong> isteyen \u00e7iftler i\u00e7in m\u00fckemmel bir se\u00e7enektir. <strong data-start=\"244\" data-end=\"270\">El ve ayak kelep\u00e7eleri<\/strong>, <strong data-start=\"272\" data-end=\"297\">yatak ba\u011flama sistemi<\/strong>, <strong data-start=\"299\" data-end=\"315\">a\u011f\u0131zl\u0131k topu<\/strong>, <strong data-start=\"317\" data-end=\"332\">g\u00f6z maskesi<\/strong> ve <strong data-start=\"336\" data-end=\"346\">k\u0131rba\u00e7<\/strong> ile birlikte gelen bu set, <strong data-start=\"374\" data-end=\"424\">gizemli, heyecan verici ve tutkulu bir deneyim<\/strong> ya\u015faman\u0131z\u0131 sa\u011flar. <strong data-start=\"444\" data-end=\"475\">Benzersiz bir BDSM deneyimi<\/strong> i\u00e7in ihtiyac\u0131n\u0131z olan her \u015fey bu sette bir arada!<\/p>\n<hr class=\"\" data-start=\"527\" data-end=\"530\" \/>\n<h3 class=\"\" data-start=\"532\" data-end=\"572\"><strong data-start=\"536\" data-end=\"572\">\ud83d\udca5 Set \u0130\u00e7eri\u011fi ve \u00d6zellikleri \ud83d\udca5<\/strong><\/h3>\n<p class=\"\" data-start=\"574\" data-end=\"1557\">\u2714 <strong data-start=\"576\" data-end=\"626\">El ve Ayak Kelep\u00e7eleri + Yatak Ba\u011flama Sistemi<\/strong> \u2013 <strong data-start=\"629\" data-end=\"640\">G\u00fcvenli<\/strong> ve <strong data-start=\"644\" data-end=\"665\">konforlu kullan\u0131m<\/strong> sa\u011flayan ayarlanabilir kelep\u00e7eler ile <strong data-start=\"704\" data-end=\"726\">farkl\u0131 pozisyonlar<\/strong> ve <strong data-start=\"730\" data-end=\"755\">yatak ba\u011flama sistemi<\/strong> sayesinde partnerinizle keyifli oyunlar i\u00e7in ideal bir ba\u015flang\u0131\u00e7 sunar.<br data-start=\"827\" data-end=\"830\" \/>\u2714 <strong data-start=\"832\" data-end=\"847\">A\u011f\u0131zl\u0131k Top<\/strong> \u2013 <strong data-start=\"850\" data-end=\"870\">Sesleri k\u0131sarken<\/strong>, duyusal uyar\u0131m\u0131 art\u0131ran <strong data-start=\"896\" data-end=\"915\">delikli tasar\u0131m<\/strong> ile <strong data-start=\"920\" data-end=\"947\">hislerinizi g\u00fc\u00e7lendirir<\/strong>. <strong data-start=\"949\" data-end=\"960\">A\u011f\u0131zl\u0131k<\/strong>, BDSM oyunlar\u0131nda <strong data-start=\"979\" data-end=\"1006\">kontrol\u00fc ve teslimiyeti<\/strong> art\u0131ran temel bir aksesuard\u0131r.<br data-start=\"1037\" data-end=\"1040\" \/>\u2714 <strong data-start=\"1042\" data-end=\"1057\">G\u00f6z Maskesi<\/strong> \u2013 <strong data-start=\"1060\" data-end=\"1082\">Gizemli dokunu\u015flar<\/strong> ile duyular\u0131 keskinle\u015ftirir, g\u00f6rsel uyar\u0131c\u0131lardan uzakla\u015farak odaklanman\u0131z\u0131 sa\u011flar. Bu sayede <strong data-start=\"1177\" data-end=\"1201\">tutkunuzu daha yo\u011fun<\/strong> hissedersiniz.<br data-start=\"1216\" data-end=\"1219\" \/>\u2714 <strong data-start=\"1221\" data-end=\"1231\">K\u0131rba\u00e7<\/strong> \u2013 <strong data-start=\"1234\" data-end=\"1255\">\u015eehvet dolu anlar<\/strong> i\u00e7in ideal bir aksesuard\u0131r. <strong data-start=\"1284\" data-end=\"1307\">Hafif dokunu\u015flardan<\/strong> daha <strong data-start=\"1313\" data-end=\"1330\">sert darbeler<\/strong> ile partnerinizin <strong data-start=\"1349\" data-end=\"1398\">duygusal ve fiziksel s\u0131n\u0131rlar\u0131n\u0131 ke\u015ffetmenize<\/strong> yard\u0131mc\u0131 olur.<br data-start=\"1413\" data-end=\"1416\" \/>\u2714 <strong data-start=\"1418\" data-end=\"1445\">Benzersiz BDSM Deneyimi<\/strong> \u2013 <strong data-start=\"1448\" data-end=\"1469\">Farkl\u0131 fanteziler<\/strong> i\u00e7in t\u00fcm gerekli ara\u00e7lar\u0131 sunar, hayal g\u00fcc\u00fcn\u00fcz\u00fc \u00f6zg\u00fcr b\u0131rakmak i\u00e7in m\u00fckemmel bir set.<\/p>\n<hr class=\"\" data-start=\"1559\" data-end=\"1562\" \/>\n<h3 class=\"\" data-start=\"1564\" data-end=\"1596\"><strong data-start=\"1568\" data-end=\"1596\">\ud83d\udd25 Kimler \u0130\u00e7in Uygun? \ud83d\udd25<\/strong><\/h3>\n<p class=\"\" data-start=\"1598\" data-end=\"1834\">\u2705 <strong data-start=\"1600\" data-end=\"1620\">Yeni ba\u015flayanlar<\/strong> ve <strong data-start=\"1624\" data-end=\"1644\">fantezi severler<\/strong> i\u00e7in m\u00fckemmel bir se\u00e7enek.<br data-start=\"1671\" data-end=\"1674\" \/>\u2705 <strong data-start=\"1676\" data-end=\"1695\">BDSM oyunlar\u0131na<\/strong> ilgi duyan \u00e7iftler.<br data-start=\"1715\" data-end=\"1718\" \/>\u2705 <strong data-start=\"1720\" data-end=\"1745\">Kontrol ve teslimiyet<\/strong> oyunlar\u0131n\u0131 ke\u015ffetmek isteyenler.<br data-start=\"1778\" data-end=\"1781\" \/>\u2705 <strong data-start=\"1783\" data-end=\"1802\">Gizemi ve tutku<\/strong>yu zirveye ta\u015f\u0131mak isteyenler.<\/p>\n<hr class=\"\" data-start=\"1836\" data-end=\"1839\" \/>\n<h3 class=\"\" data-start=\"1841\" data-end=\"1888\"><strong data-start=\"1845\" data-end=\"1888\">\ud83d\udc8b Neden Yatak Fantezi Kelep\u00e7e Seti? \ud83d\udc8b<\/strong><\/h3>\n<p class=\"\" data-start=\"1890\" data-end=\"2364\"><strong data-start=\"1890\" data-end=\"1920\">Yatak Fantezi Kelep\u00e7e Seti<\/strong>, <strong data-start=\"1922\" data-end=\"1963\">gizemli ve heyecan verici bir deneyim<\/strong> i\u00e7in t\u00fcm gerekli unsurlar\u0131 bir araya getirir. <strong data-start=\"2010\" data-end=\"2038\">Ayarlanabilir kelep\u00e7eler<\/strong>, <strong data-start=\"2040\" data-end=\"2055\">g\u00f6z maskesi<\/strong> ve <strong data-start=\"2059\" data-end=\"2075\">a\u011f\u0131zl\u0131k topu<\/strong> gibi <strong data-start=\"2081\" data-end=\"2103\">feti\u015f aksesuarlar\u0131<\/strong>, <strong data-start=\"2105\" data-end=\"2138\">duyusal ve fiziksel s\u0131n\u0131rlar\u0131<\/strong> ke\u015ffetmek isteyenler i\u00e7in idealdir. <strong data-start=\"2175\" data-end=\"2185\">K\u0131rba\u00e7<\/strong> ise <strong data-start=\"2190\" data-end=\"2219\">\u015fehvetli ve uyar\u0131c\u0131 anlar<\/strong> ya\u015faman\u0131z\u0131 sa\u011flar. Bu set, <strong data-start=\"2247\" data-end=\"2255\">BDSM<\/strong> d\u00fcnyas\u0131nda yeni bir seviyeye ula\u015fmak ve <strong data-start=\"2296\" data-end=\"2324\">tutkunuzu \u00f6zg\u00fcr b\u0131rakmak<\/strong> isteyenler i\u00e7in m\u00fckemmel bir tercihtir.<\/p>\n<p class=\"\" data-start=\"2409\" data-end=\"2665\">Bu \u00fcr\u00fcn tan\u0131t\u0131m\u0131, <strong data-start=\"2427\" data-end=\"2447\">BDSM kelep\u00e7eleri<\/strong>, <strong data-start=\"2449\" data-end=\"2474\">yatak ba\u011flama sistemi<\/strong>, <strong data-start=\"2476\" data-end=\"2491\">a\u011f\u0131zl\u0131k top<\/strong>, <strong data-start=\"2493\" data-end=\"2508\">g\u00f6z maskesi<\/strong>, <strong data-start=\"2510\" data-end=\"2531\">feti\u015f kelep\u00e7eleri<\/strong>, <strong data-start=\"2533\" data-end=\"2552\">\u015fehvetli k\u0131rba\u00e7<\/strong>, <strong data-start=\"2554\" data-end=\"2576\">feti\u015f fantezi seti<\/strong>, <strong data-start=\"2578\" data-end=\"2603\">gizemli BDSM deneyimi.<\/strong><\/p>\n<p class=\"\" data-start=\"2667\" data-end=\"2755\">\ud83d\udd25 <strong data-start=\"2670\" data-end=\"2752\">Hayal g\u00fcc\u00fcn\u00fcz\u00fc serbest b\u0131rak\u0131n, tutkular\u0131n\u0131z\u0131 ke\u015ffedin ve hemen sipari\u015f verin!<\/strong> \ud83d\udd25<\/p>\n","protected":false},"excerpt":{"rendered":"<p><strong data-start=\"82\" data-end=\"112\">Yatak Fantezi Kelep\u00e7e Seti<\/strong>, <strong data-start=\"114\" data-end=\"122\">BDSM<\/strong> d\u00fcnyas\u0131na ad\u0131m atmak isteyenler ve <strong data-start=\"158\" data-end=\"197\">fantezilerinde s\u0131n\u0131rlar\u0131n\u0131 zorlamak<\/strong> isteyen \u00e7iftler i\u00e7in m\u00fckemmel bir se\u00e7enektir. <strong data-start=\"244\" data-end=\"270\">El ve ayak kelep\u00e7eleri<\/strong>, <strong data-start=\"272\" data-end=\"297\">yatak ba\u011flama sistemi<\/strong>, <strong data-start=\"299\" data-end=\"315\">a\u011f\u0131zl\u0131k topu<\/strong>, <strong data-start=\"317\" data-end=\"332\">g\u00f6z maskesi<\/strong> ve <strong data-start=\"336\" data-end=\"346\">k\u0131rba\u00e7<\/strong> ile birlikte gelen bu set, <strong data-start=\"374\" data-end=\"424\">gizemli, heyecan verici ve tutkulu bir deneyim<\/strong> ya\u015faman\u0131z\u0131 sa\u011flar. <strong data-start=\"444\" data-end=\"475\">Benzersiz bir BDSM deneyimi<\/strong> i\u00e7in ihtiyac\u0131n\u0131z olan her \u015fey bu sette bir arada!<\/p>\n","protected":false},"featured_media":21602,"comment_status":"open","ping_status":"closed","template":"","meta":[],"product_brand":[466],"product_cat":[464,463],"product_tag":[],"class_list":{"0":"post-21483","1":"product","2":"type-product","3":"status-publish","4":"has-post-thumbnail","6":"product_brand-borassa","7":"product_cat-fetis-setler","8":"product_cat-fetis-urunler","10":"first","11":"instock","12":"taxable","13":"shipping-taxable","14":"purchasable","15":"product-type-simple"},"yoast_head":"<!-- This site is optimized with the Yoast SEO Premium plugin v24.4 (Yoast SEO v27.1.1) - https:\/\/yoast.com\/product\/yoast-seo-premium-wordpress\/ -->\n<title>Yatak Fantezi Kelep\u00e7e Seti - Bursa Erotik Shop<\/title>\n<meta name=\"robots\" content=\"index, follow, max-snippet:-1, max-image-preview:large, max-video-preview:-1\" \/>\n<link rel=\"canonical\" href=\"https:\/\/hobierotikshop.com.tr\/website1\/erotik-shop-urun\/fetis-5-li-set\/\" \/>\n<meta property=\"og:locale\" content=\"tr_TR\" \/>\n<meta property=\"og:type\" content=\"article\" \/>\n<meta property=\"og:title\" content=\"Yatak Fantezi Kelep\u00e7e Seti\" \/>\n<meta property=\"og:description\" content=\"Yatak Fantezi Kelep\u00e7e Seti, BDSM d\u00fcnyas\u0131na ad\u0131m atmak isteyenler ve fantezilerinde s\u0131n\u0131rlar\u0131n\u0131 zorlamak isteyen \u00e7iftler i\u00e7in m\u00fckemmel bir se\u00e7enektir. El ve ayak kelep\u00e7eleri, yatak ba\u011flama sistemi, a\u011f\u0131zl\u0131k topu, g\u00f6z maskesi ve k\u0131rba\u00e7 ile birlikte gelen bu set, gizemli, heyecan verici ve tutkulu bir deneyim ya\u015faman\u0131z\u0131 sa\u011flar. Benzersiz bir BDSM deneyimi i\u00e7in ihtiyac\u0131n\u0131z olan her \u015fey bu sette bir arada!\" \/>\n<meta property=\"og:url\" content=\"https:\/\/hobierotikshop.com.tr\/website1\/erotik-shop-urun\/fetis-5-li-set\/\" \/>\n<meta property=\"og:site_name\" content=\"Bursa Erotik Shop\" \/>\n<meta property=\"article:modified_time\" content=\"2026-01-26T11:40:35+00:00\" \/>\n<meta property=\"og:image\" content=\"https:\/\/hobierotikshop.com.tr\/website1\/wp-content\/uploads\/2025\/03\/MODEL-04-YENI.jpg\" \/>\n\t<meta property=\"og:image:width\" content=\"500\" \/>\n\t<meta property=\"og:image:height\" content=\"500\" \/>\n\t<meta property=\"og:image:type\" content=\"image\/jpeg\" \/>\n<meta name=\"twitter:card\" content=\"summary_large_image\" \/>\n<meta name=\"twitter:site\" content=\"@shopbursa\" \/>\n<meta name=\"twitter:label1\" content=\"Fiyat\" \/>\n\t<meta name=\"twitter:data1\" content=\"&#8378;1.600,00 KDV DAH\u0130L\" \/>\n\t<meta name=\"twitter:label2\" content=\"Availability\" \/>\n\t<meta name=\"twitter:data2\" content=\"In stock\" \/>\n<script type=\"application\/ld+json\" class=\"yoast-schema-graph\">{\"@context\":\"https:\/\/schema.org\",\"@graph\":[{\"@type\":\"WebPage\",\"@id\":\"https:\/\/hobierotikshop.com.tr\/website1\/erotik-shop-urun\/fetis-5-li-set\/\",\"url\":\"https:\/\/hobierotikshop.com.tr\/website1\/erotik-shop-urun\/fetis-5-li-set\/\",\"name\":\"Yatak Fantezi Kelep\u00e7e Seti - Bursa Erotik Shop\",\"isPartOf\":{\"@id\":\"https:\/\/hobierotikshop.com.tr\/website1\/#website\"},\"primaryImageOfPage\":{\"@id\":\"https:\/\/hobierotikshop.com.tr\/website1\/erotik-shop-urun\/fetis-5-li-set\/#primaryimage\"},\"image\":{\"@id\":\"https:\/\/hobierotikshop.com.tr\/website1\/erotik-shop-urun\/fetis-5-li-set\/#primaryimage\"},\"thumbnailUrl\":\"https:\/\/haremerotikshop.com\/site\/wp-content\/uploads\/2025\/03\/MODEL-04-YENI.jpg\",\"datePublished\":\"2025-03-25T11:47:55+00:00\",\"dateModified\":\"2026-01-26T11:40:35+00:00\",\"breadcrumb\":{\"@id\":\"https:\/\/hobierotikshop.com.tr\/website1\/erotik-shop-urun\/fetis-5-li-set\/#breadcrumb\"},\"inLanguage\":\"tr\",\"potentialAction\":[{\"@type\":\"ReadAction\",\"target\":[\"https:\/\/hobierotikshop.com.tr\/website1\/erotik-shop-urun\/fetis-5-li-set\/\"]}]},{\"@type\":\"ImageObject\",\"inLanguage\":\"tr\",\"@id\":\"https:\/\/hobierotikshop.com.tr\/website1\/erotik-shop-urun\/fetis-5-li-set\/#primaryimage\",\"url\":\"https:\/\/haremerotikshop.com\/site\/wp-content\/uploads\/2025\/03\/MODEL-04-YENI.jpg\",\"contentUrl\":\"https:\/\/haremerotikshop.com\/site\/wp-content\/uploads\/2025\/03\/MODEL-04-YENI.jpg\",\"width\":500,\"height\":500},{\"@type\":\"BreadcrumbList\",\"@id\":\"https:\/\/hobierotikshop.com.tr\/website1\/erotik-shop-urun\/fetis-5-li-set\/#breadcrumb\",\"itemListElement\":[{\"@type\":\"ListItem\",\"position\":1,\"name\":\"Anasayfa\",\"item\":\"https:\/\/hobierotikshop.com.tr\/website1\/\"},{\"@type\":\"ListItem\",\"position\":2,\"name\":\"Erotik Shop \u00dcr\u00fcnleri\",\"item\":\"https:\/\/hobierotikshop.com.tr\/website1\/shop\/\"},{\"@type\":\"ListItem\",\"position\":3,\"name\":\"Yatak Fantezi Kelep\u00e7e Seti\"}]},{\"@type\":\"WebSite\",\"@id\":\"https:\/\/hobierotikshop.com.tr\/website1\/#website\",\"url\":\"https:\/\/hobierotikshop.com.tr\/website1\/\",\"name\":\"Bursa Erotik Shop\",\"description\":\"Bursa Erotik Shop ile g\u00fcvenli, gizli ve kaliteli yeti\u015fkin \u00fcr\u00fcnleri al\u0131\u015fveri\u015fi! Geni\u015f \u00fcr\u00fcn yelpazemizi ke\u015ffedin, hemen sipari\u015f verin\",\"publisher\":{\"@id\":\"https:\/\/hobierotikshop.com.tr\/website1\/#organization\"},\"alternateName\":\"Erotik Shop\",\"potentialAction\":[{\"@type\":\"SearchAction\",\"target\":{\"@type\":\"EntryPoint\",\"urlTemplate\":\"https:\/\/hobierotikshop.com.tr\/website1\/?s={search_term_string}\"},\"query-input\":{\"@type\":\"PropertyValueSpecification\",\"valueRequired\":true,\"valueName\":\"search_term_string\"}}],\"inLanguage\":\"tr\"},{\"@type\":\"Organization\",\"@id\":\"https:\/\/hobierotikshop.com.tr\/website1\/#organization\",\"name\":\"Harem Bursa Erotik Shop\",\"url\":\"https:\/\/hobierotikshop.com.tr\/website1\/\",\"logo\":{\"@type\":\"ImageObject\",\"inLanguage\":\"tr\",\"@id\":\"https:\/\/hobierotikshop.com.tr\/website1\/#\/schema\/logo\/image\/\",\"url\":\"https:\/\/haremerotikshop.com\/site\/wp-content\/uploads\/2025\/03\/haremsexshop.png\",\"contentUrl\":\"https:\/\/haremerotikshop.com\/site\/wp-content\/uploads\/2025\/03\/haremsexshop.png\",\"width\":400,\"height\":100,\"caption\":\"Harem Bursa Erotik Shop\"},\"image\":{\"@id\":\"https:\/\/hobierotikshop.com.tr\/website1\/#\/schema\/logo\/image\/\"},\"sameAs\":[\"https:\/\/x.com\/shopbursa\"],\"publishingPrinciples\":\"https:\/\/hobierotikshop.com.tr\/website1\/mesafeli-satis-sozlesmesi\/\",\"ownershipFundingInfo\":\"https:\/\/hobierotikshop.com.tr\/website1\/contact-us\/\",\"actionableFeedbackPolicy\":\"https:\/\/hobierotikshop.com.tr\/website1\/contact-us\/\",\"correctionsPolicy\":\"https:\/\/hobierotikshop.com.tr\/website1\/mesafeli-satis-sozlesmesi\/\"}]}<\/script>\n<meta property=\"product:brand\" content=\"Borassa\" \/>\n<meta property=\"product:price:amount\" content=\"1600.00\" \/>\n<meta property=\"product:price:currency\" content=\"TRY\" \/>\n<meta property=\"og:availability\" content=\"instock\" \/>\n<meta property=\"product:availability\" content=\"instock\" \/>\n<meta property=\"product:retailer_item_id\" content=\"HS3405\" \/>\n<meta property=\"product:condition\" content=\"new\" \/>\n<!-- \/ Yoast SEO Premium plugin. -->","yoast_head_json":{"title":"Yatak Fantezi Kelep\u00e7e Seti - Bursa Erotik Shop","robots":{"index":"index","follow":"follow","max-snippet":"max-snippet:-1","max-image-preview":"max-image-preview:large","max-video-preview":"max-video-preview:-1"},"canonical":"https:\/\/hobierotikshop.com.tr\/website1\/erotik-shop-urun\/fetis-5-li-set\/","og_locale":"tr_TR","og_type":"article","og_title":"Yatak Fantezi Kelep\u00e7e Seti","og_description":"Yatak Fantezi Kelep\u00e7e Seti, BDSM d\u00fcnyas\u0131na ad\u0131m atmak isteyenler ve fantezilerinde s\u0131n\u0131rlar\u0131n\u0131 zorlamak isteyen \u00e7iftler i\u00e7in m\u00fckemmel bir se\u00e7enektir. El ve ayak kelep\u00e7eleri, yatak ba\u011flama sistemi, a\u011f\u0131zl\u0131k topu, g\u00f6z maskesi ve k\u0131rba\u00e7 ile birlikte gelen bu set, gizemli, heyecan verici ve tutkulu bir deneyim ya\u015faman\u0131z\u0131 sa\u011flar. Benzersiz bir BDSM deneyimi i\u00e7in ihtiyac\u0131n\u0131z olan her \u015fey bu sette bir arada!","og_url":"https:\/\/hobierotikshop.com.tr\/website1\/erotik-shop-urun\/fetis-5-li-set\/","og_site_name":"Bursa Erotik Shop","article_modified_time":"2026-01-26T11:40:35+00:00","og_image":[{"width":500,"height":500,"url":"https:\/\/hobierotikshop.com.tr\/website1\/wp-content\/uploads\/2025\/03\/MODEL-04-YENI.jpg","type":"image\/jpeg"}],"twitter_card":"summary_large_image","twitter_site":"@shopbursa","twitter_misc":{"Fiyat":"&#8378;1.600,00 KDV DAH\u0130L","Availability":"In stock"},"schema":{"@context":"https:\/\/schema.org","@graph":[{"@type":"WebPage","@id":"https:\/\/hobierotikshop.com.tr\/website1\/erotik-shop-urun\/fetis-5-li-set\/","url":"https:\/\/hobierotikshop.com.tr\/website1\/erotik-shop-urun\/fetis-5-li-set\/","name":"Yatak Fantezi Kelep\u00e7e Seti - Bursa Erotik Shop","isPartOf":{"@id":"https:\/\/hobierotikshop.com.tr\/website1\/#website"},"primaryImageOfPage":{"@id":"https:\/\/hobierotikshop.com.tr\/website1\/erotik-shop-urun\/fetis-5-li-set\/#primaryimage"},"image":{"@id":"https:\/\/hobierotikshop.com.tr\/website1\/erotik-shop-urun\/fetis-5-li-set\/#primaryimage"},"thumbnailUrl":"https:\/\/haremerotikshop.com\/site\/wp-content\/uploads\/2025\/03\/MODEL-04-YENI.jpg","datePublished":"2025-03-25T11:47:55+00:00","dateModified":"2026-01-26T11:40:35+00:00","breadcrumb":{"@id":"https:\/\/hobierotikshop.com.tr\/website1\/erotik-shop-urun\/fetis-5-li-set\/#breadcrumb"},"inLanguage":"tr","potentialAction":[{"@type":"ReadAction","target":["https:\/\/hobierotikshop.com.tr\/website1\/erotik-shop-urun\/fetis-5-li-set\/"]}]},{"@type":"ImageObject","inLanguage":"tr","@id":"https:\/\/hobierotikshop.com.tr\/website1\/erotik-shop-urun\/fetis-5-li-set\/#primaryimage","url":"https:\/\/haremerotikshop.com\/site\/wp-content\/uploads\/2025\/03\/MODEL-04-YENI.jpg","contentUrl":"https:\/\/haremerotikshop.com\/site\/wp-content\/uploads\/2025\/03\/MODEL-04-YENI.jpg","width":500,"height":500},{"@type":"BreadcrumbList","@id":"https:\/\/hobierotikshop.com.tr\/website1\/erotik-shop-urun\/fetis-5-li-set\/#breadcrumb","itemListElement":[{"@type":"ListItem","position":1,"name":"Anasayfa","item":"https:\/\/hobierotikshop.com.tr\/website1\/"},{"@type":"ListItem","position":2,"name":"Erotik Shop \u00dcr\u00fcnleri","item":"https:\/\/hobierotikshop.com.tr\/website1\/shop\/"},{"@type":"ListItem","position":3,"name":"Yatak Fantezi Kelep\u00e7e Seti"}]},{"@type":"WebSite","@id":"https:\/\/hobierotikshop.com.tr\/website1\/#website","url":"https:\/\/hobierotikshop.com.tr\/website1\/","name":"Bursa Erotik Shop","description":"Bursa Erotik Shop ile g\u00fcvenli, gizli ve kaliteli yeti\u015fkin \u00fcr\u00fcnleri al\u0131\u015fveri\u015fi! Geni\u015f \u00fcr\u00fcn yelpazemizi ke\u015ffedin, hemen sipari\u015f verin","publisher":{"@id":"https:\/\/hobierotikshop.com.tr\/website1\/#organization"},"alternateName":"Erotik Shop","potentialAction":[{"@type":"SearchAction","target":{"@type":"EntryPoint","urlTemplate":"https:\/\/hobierotikshop.com.tr\/website1\/?s={search_term_string}"},"query-input":{"@type":"PropertyValueSpecification","valueRequired":true,"valueName":"search_term_string"}}],"inLanguage":"tr"},{"@type":"Organization","@id":"https:\/\/hobierotikshop.com.tr\/website1\/#organization","name":"Harem Bursa Erotik Shop","url":"https:\/\/hobierotikshop.com.tr\/website1\/","logo":{"@type":"ImageObject","inLanguage":"tr","@id":"https:\/\/hobierotikshop.com.tr\/website1\/#\/schema\/logo\/image\/","url":"https:\/\/haremerotikshop.com\/site\/wp-content\/uploads\/2025\/03\/haremsexshop.png","contentUrl":"https:\/\/haremerotikshop.com\/site\/wp-content\/uploads\/2025\/03\/haremsexshop.png","width":400,"height":100,"caption":"Harem Bursa Erotik Shop"},"image":{"@id":"https:\/\/hobierotikshop.com.tr\/website1\/#\/schema\/logo\/image\/"},"sameAs":["https:\/\/x.com\/shopbursa"],"publishingPrinciples":"https:\/\/hobierotikshop.com.tr\/website1\/mesafeli-satis-sozlesmesi\/","ownershipFundingInfo":"https:\/\/hobierotikshop.com.tr\/website1\/contact-us\/","actionableFeedbackPolicy":"https:\/\/hobierotikshop.com.tr\/website1\/contact-us\/","correctionsPolicy":"https:\/\/hobierotikshop.com.tr\/website1\/mesafeli-satis-sozlesmesi\/"}]},"product_brand":"Borassa","product_price_amount":"1600.00","product_price_currency":"TRY","og_availability":"instock","product_availability":"instock","product_retailer_item_id":"HS3405","product_condition":"new"},"_links":{"self":[{"href":"https:\/\/haremerotikshop.com\/site\/wp-json\/wp\/v2\/product\/21483","targetHints":{"allow":["GET"]}}],"collection":[{"href":"https:\/\/haremerotikshop.com\/site\/wp-json\/wp\/v2\/product"}],"about":[{"href":"https:\/\/haremerotikshop.com\/site\/wp-json\/wp\/v2\/types\/product"}],"replies":[{"embeddable":true,"href":"https:\/\/haremerotikshop.com\/site\/wp-json\/wp\/v2\/comments?post=21483"}],"version-history":[{"count":0,"href":"https:\/\/haremerotikshop.com\/site\/wp-json\/wp\/v2\/product\/21483\/revisions"}],"wp:featuredmedia":[{"embeddable":true,"href":"https:\/\/haremerotikshop.com\/site\/wp-json\/wp\/v2\/media\/21602"}],"wp:attachment":[{"href":"https:\/\/haremerotikshop.com\/site\/wp-json\/wp\/v2\/media?parent=21483"}],"wp:term":[{"taxonomy":"product_brand","embeddable":true,"href":"https:\/\/haremerotikshop.com\/site\/wp-json\/wp\/v2\/product_brand?post=21483"},{"taxonomy":"product_cat","embeddable":true,"href":"https:\/\/haremerotikshop.com\/site\/wp-json\/wp\/v2\/product_cat?post=21483"},{"taxonomy":"product_tag","embeddable":true,"href":"https:\/\/haremerotikshop.com\/site\/wp-json\/wp\/v2\/product_tag?post=21483"}],"curies":[{"name":"wp","href":"https:\/\/api.w.org\/{rel}","templated":true}]}}