{"id":21484,"date":"2025-03-25T14:47:55","date_gmt":"2025-03-25T11:47:55","guid":{"rendered":"https:\/\/haremerotikshop.com\/site\/?post_type=product&#038;p=21484"},"modified":"2026-01-26T14:40:45","modified_gmt":"2026-01-26T11:40:45","slug":"maske-kelepce-set-kirmizi","status":"publish","type":"product","link":"https:\/\/haremerotikshop.com\/site\/erotik-shop-urun\/maske-kelepce-set-kirmizi\/","title":{"rendered":"Maske Kelep\u00e7e Set K\u0131rm\u0131z\u0131"},"content":{"rendered":"<h3 class=\"\" data-start=\"0\" data-end=\"93\"><strong data-start=\"4\" data-end=\"93\">\ud83d\udd25 K\u0131rm\u0131z\u0131 Feti\u015f \u0130kili Maske ve Kelep\u00e7e Set \u2013 Gizem ve Tutkunun Bulu\u015fma Noktas\u0131! \ud83d\udc83\ud83d\udd25<\/strong><\/h3>\n<p class=\"\" data-start=\"95\" data-end=\"459\"><strong data-start=\"95\" data-end=\"139\">K\u0131rm\u0131z\u0131 Feti\u015f \u0130kili Maske ve Kelep\u00e7e Set<\/strong>, <strong data-start=\"141\" data-end=\"149\">BDSM<\/strong> ve <strong data-start=\"153\" data-end=\"162\">feti\u015f<\/strong> d\u00fcnyas\u0131nda <strong data-start=\"174\" data-end=\"203\">gizem, kontrol ve tutkuyu<\/strong> bir araya getiren <strong data-start=\"222\" data-end=\"250\">\u00f6zel tasarlanm\u0131\u015f bir set<\/strong>. <strong data-start=\"252\" data-end=\"280\">\u015eehvetli k\u0131rm\u0131z\u0131 tasar\u0131m<\/strong>, <strong data-start=\"282\" data-end=\"306\">gizemi art\u0131ran maske<\/strong> ve <strong data-start=\"310\" data-end=\"333\">konforlu kelep\u00e7eler<\/strong> ile <strong data-start=\"338\" data-end=\"357\">fantezilerinizi<\/strong> zirveye ta\u015f\u0131y\u0131n. <strong data-start=\"375\" data-end=\"394\">Yeni deneyimler<\/strong> ve <strong data-start=\"398\" data-end=\"421\">s\u0131n\u0131rlar\u0131 ke\u015ffetmek<\/strong> isteyenler i\u00e7in m\u00fckemmel bir se\u00e7enek!<\/p>\n<hr class=\"\" data-start=\"461\" data-end=\"464\" \/>\n<h3 class=\"\" data-start=\"466\" data-end=\"506\"><strong data-start=\"470\" data-end=\"506\">\ud83d\udca5 Set \u0130\u00e7eri\u011fi ve \u00d6zellikleri \ud83d\udca5<\/strong><\/h3>\n<p class=\"\" data-start=\"508\" data-end=\"1167\">\u2714 <strong data-start=\"510\" data-end=\"538\">K\u0131rm\u0131z\u0131 \u015eehvetli Tasar\u0131m<\/strong> \u2013 <strong data-start=\"541\" data-end=\"571\">Ba\u015ftan \u00e7\u0131kar\u0131c\u0131 ve estetik<\/strong> bir g\u00f6r\u00fcn\u00fcm, <strong data-start=\"585\" data-end=\"604\">Feti\u015f \u0130kili Set<\/strong>\u2019in her par\u00e7as\u0131n\u0131 zarif ve etkileyici hale getiriyor. Bu <strong data-start=\"661\" data-end=\"676\">k\u0131rm\u0131z\u0131 set<\/strong>, <strong data-start=\"678\" data-end=\"703\">gizeminizi art\u0131r\u0131rken<\/strong>, <strong data-start=\"705\" data-end=\"726\">daha yo\u011fun hisler<\/strong> ya\u015faman\u0131z\u0131 sa\u011flar.<br data-start=\"745\" data-end=\"748\" \/>\u2714 <strong data-start=\"750\" data-end=\"759\">Maske<\/strong> \u2013 <strong data-start=\"762\" data-end=\"802\">Duyular\u0131 keskinle\u015ftiren \u00f6zel tasar\u0131m<\/strong> ile <strong data-start=\"807\" data-end=\"838\">g\u00f6zlerinizin kapal\u0131 kalmas\u0131<\/strong>, di\u011fer duyular\u0131n\u0131z\u0131n daha fazla odaklanmas\u0131n\u0131 sa\u011flar. <strong data-start=\"893\" data-end=\"913\">Gizemi art\u0131rarak<\/strong> daha derin bir <strong data-start=\"929\" data-end=\"947\">feti\u015f deneyimi<\/strong> sunar.<br data-start=\"954\" data-end=\"957\" \/>\u2714 <strong data-start=\"959\" data-end=\"970\">Kelep\u00e7e<\/strong> \u2013 <strong data-start=\"973\" data-end=\"1011\">Ayarlanabilir ve konforlu kullan\u0131m<\/strong> sa\u011flayan kelep\u00e7eler, <strong data-start=\"1033\" data-end=\"1053\">g\u00fcvenli ve rahat<\/strong> bir \u015fekilde <strong data-start=\"1066\" data-end=\"1087\">ba\u011fl\u0131l\u0131k oyunlar\u0131<\/strong> oynaman\u0131z\u0131 sa\u011flar. <strong data-start=\"1107\" data-end=\"1118\">Kontrol<\/strong> ve <strong data-start=\"1122\" data-end=\"1138\">teslimiyetin<\/strong> m\u00fckemmel uyumunu ke\u015ffedin.<\/p>\n<hr class=\"\" data-start=\"1169\" data-end=\"1172\" \/>\n<h3 class=\"\" data-start=\"1174\" data-end=\"1206\"><strong data-start=\"1178\" data-end=\"1206\">\ud83d\udd25 Kimler \u0130\u00e7in Uygun? \ud83d\udd25<\/strong><\/h3>\n<p class=\"\" data-start=\"1208\" data-end=\"1428\">\u2705 <strong data-start=\"1210\" data-end=\"1252\">Feti\u015f ve BDSM oyunlar\u0131na ilgi duyanlar<\/strong><br data-start=\"1252\" data-end=\"1255\" \/>\u2705 <strong data-start=\"1257\" data-end=\"1300\">Yeni s\u0131n\u0131rlar ke\u015ffetmek isteyen \u00e7iftler<\/strong><br data-start=\"1300\" data-end=\"1303\" \/>\u2705 <strong data-start=\"1305\" data-end=\"1365\">Kontrol ve teslimiyet oyunlar\u0131n\u0131 deneyimlemek isteyenler<\/strong><br data-start=\"1365\" data-end=\"1368\" \/>\u2705 <strong data-start=\"1370\" data-end=\"1426\">\u015e\u0131k, etkileyici ve rahat BDSM aksesuarlar\u0131 arayanlar<\/strong><\/p>\n<hr class=\"\" data-start=\"1430\" data-end=\"1433\" \/>\n<h3 class=\"\" data-start=\"1435\" data-end=\"1503\"><strong data-start=\"1439\" data-end=\"1503\">\ud83d\udc8b K\u0131rm\u0131z\u0131 Feti\u015f \u0130kili Maske ve Kelep\u00e7e Seti Neden \u0130deal? \ud83d\udc8b<\/strong><\/h3>\n<p class=\"\" data-start=\"1505\" data-end=\"1915\">Bu set, <strong data-start=\"1513\" data-end=\"1533\">feti\u015f tutkunlar\u0131<\/strong> i\u00e7in tasarlanm\u0131\u015f <strong data-start=\"1551\" data-end=\"1581\">gizemli ve ba\u015ftan \u00e7\u0131kar\u0131c\u0131<\/strong> bir deneyim sunar. <strong data-start=\"1601\" data-end=\"1610\">Maske<\/strong>, <strong data-start=\"1612\" data-end=\"1629\">duyusal ke\u015fif<\/strong> yaparken <strong data-start=\"1639\" data-end=\"1660\">gizemi art\u0131r\u0131rken<\/strong> <strong data-start=\"1661\" data-end=\"1675\">kelep\u00e7eler<\/strong> ile <strong data-start=\"1680\" data-end=\"1703\">g\u00fcvenli bir \u015fekilde<\/strong> <strong data-start=\"1704\" data-end=\"1724\">ba\u011flanma hissini<\/strong> ya\u015fars\u0131n\u0131z. <strong data-start=\"1737\" data-end=\"1765\">Ayarlanabilir kelep\u00e7eler<\/strong> ile her pozisyonda <strong data-start=\"1785\" data-end=\"1809\">rahatl\u0131k ve g\u00fcvenlik<\/strong> \u00f6n planda tutulur. Bu set ile <strong data-start=\"1840\" data-end=\"1860\">feti\u015f d\u00fcnyas\u0131nda<\/strong> yeni s\u0131n\u0131rlar ke\u015ffedin ve <strong data-start=\"1887\" data-end=\"1914\">tutkunuzu \u00f6zg\u00fcr b\u0131rak\u0131n<\/strong>!<\/p>\n<hr class=\"\" data-start=\"1917\" data-end=\"1920\" \/>\n<p class=\"\" data-start=\"1996\" data-end=\"2282\">Bu \u00fcr\u00fcn tan\u0131t\u0131m\u0131, <strong data-start=\"2014\" data-end=\"2036\">k\u0131rm\u0131z\u0131 feti\u015f seti<\/strong>, <strong data-start=\"2038\" data-end=\"2058\">BDSM g\u00f6z maskesi<\/strong>, <strong data-start=\"2060\" data-end=\"2081\">Feti\u015f kelep\u00e7eleri<\/strong>, <strong data-start=\"2083\" data-end=\"2104\">gizemli g\u00f6z band\u0131<\/strong>, <strong data-start=\"2106\" data-end=\"2126\">feti\u015f ikili seti<\/strong>, <strong data-start=\"2128\" data-end=\"2158\">konforlu BDSM aksesuarlar\u0131<\/strong>, <strong data-start=\"2160\" data-end=\"2184\">gizemi art\u0131ran maske<\/strong>, <strong data-start=\"2186\" data-end=\"2220\">kontrol ve teslimiyet oyunlar\u0131.<\/strong><\/p>\n<p class=\"\" data-start=\"2284\" data-end=\"2358\">\ud83d\udd25 <strong data-start=\"2287\" data-end=\"2355\">Hayal g\u00fcc\u00fcn\u00fcz\u00fc serbest b\u0131rak\u0131n, hemen ke\u015ffedin ve sipari\u015f verin!<\/strong> \ud83d\udd25<\/p>\n","protected":false},"excerpt":{"rendered":"<p><strong data-start=\"95\" data-end=\"139\">K\u0131rm\u0131z\u0131 Feti\u015f \u0130kili Maske ve Kelep\u00e7e Set<\/strong>, <strong data-start=\"141\" data-end=\"149\">BDSM<\/strong> ve <strong data-start=\"153\" data-end=\"162\">feti\u015f<\/strong> d\u00fcnyas\u0131nda <strong data-start=\"174\" data-end=\"203\">gizem, kontrol ve tutkuyu<\/strong> bir araya getiren <strong data-start=\"222\" data-end=\"250\">\u00f6zel tasarlanm\u0131\u015f bir set<\/strong>. <strong data-start=\"252\" data-end=\"280\">\u015eehvetli k\u0131rm\u0131z\u0131 tasar\u0131m<\/strong>, <strong data-start=\"282\" data-end=\"306\">gizemi art\u0131ran maske<\/strong> ve <strong data-start=\"310\" data-end=\"333\">konforlu kelep\u00e7eler<\/strong> ile <strong data-start=\"338\" data-end=\"357\">fantezilerinizi<\/strong> zirveye ta\u015f\u0131y\u0131n. <strong data-start=\"375\" data-end=\"394\">Yeni deneyimler<\/strong> ve <strong data-start=\"398\" data-end=\"421\">s\u0131n\u0131rlar\u0131 ke\u015ffetmek<\/strong> isteyenler i\u00e7in m\u00fckemmel bir se\u00e7enek!<\/p>\n","protected":false},"featured_media":21589,"comment_status":"open","ping_status":"closed","template":"","meta":[],"product_brand":[466],"product_cat":[464,463],"product_tag":[],"class_list":{"0":"post-21484","1":"product","2":"type-product","3":"status-publish","4":"has-post-thumbnail","6":"product_brand-borassa","7":"product_cat-fetis-setler","8":"product_cat-fetis-urunler","10":"first","11":"instock","12":"taxable","13":"shipping-taxable","14":"purchasable","15":"product-type-simple"},"yoast_head":"<!-- This site is optimized with the Yoast SEO Premium plugin v24.4 (Yoast SEO v27.1.1) - https:\/\/yoast.com\/product\/yoast-seo-premium-wordpress\/ -->\n<title>Maske Kelep\u00e7e Set K\u0131rm\u0131z\u0131 - Bursa Erotik Shop<\/title>\n<meta name=\"robots\" content=\"index, follow, max-snippet:-1, max-image-preview:large, max-video-preview:-1\" \/>\n<link rel=\"canonical\" href=\"https:\/\/hobierotikshop.com.tr\/website1\/erotik-shop-urun\/maske-kelepce-set-kirmizi\/\" \/>\n<meta property=\"og:locale\" content=\"tr_TR\" \/>\n<meta property=\"og:type\" content=\"article\" \/>\n<meta property=\"og:title\" content=\"Maske Kelep\u00e7e Set K\u0131rm\u0131z\u0131\" \/>\n<meta property=\"og:description\" content=\"K\u0131rm\u0131z\u0131 Feti\u015f \u0130kili Maske ve Kelep\u00e7e Set, BDSM ve feti\u015f d\u00fcnyas\u0131nda gizem, kontrol ve tutkuyu bir araya getiren \u00f6zel tasarlanm\u0131\u015f bir set. \u015eehvetli k\u0131rm\u0131z\u0131 tasar\u0131m, gizemi art\u0131ran maske ve konforlu kelep\u00e7eler ile fantezilerinizi zirveye ta\u015f\u0131y\u0131n. Yeni deneyimler ve s\u0131n\u0131rlar\u0131 ke\u015ffetmek isteyenler i\u00e7in m\u00fckemmel bir se\u00e7enek!\" \/>\n<meta property=\"og:url\" content=\"https:\/\/hobierotikshop.com.tr\/website1\/erotik-shop-urun\/maske-kelepce-set-kirmizi\/\" \/>\n<meta property=\"og:site_name\" content=\"Bursa Erotik Shop\" \/>\n<meta property=\"article:modified_time\" content=\"2026-01-26T11:40:45+00:00\" \/>\n<meta property=\"og:image\" content=\"https:\/\/hobierotikshop.com.tr\/website1\/wp-content\/uploads\/2025\/03\/MODEL3.jpg\" \/>\n\t<meta property=\"og:image:width\" content=\"500\" \/>\n\t<meta property=\"og:image:height\" content=\"500\" \/>\n\t<meta property=\"og:image:type\" content=\"image\/jpeg\" \/>\n<meta name=\"twitter:card\" content=\"summary_large_image\" \/>\n<meta name=\"twitter:site\" content=\"@shopbursa\" \/>\n<meta name=\"twitter:label1\" content=\"Fiyat\" \/>\n\t<meta name=\"twitter:data1\" content=\"&#8378;1.000,00 KDV DAH\u0130L\" \/>\n\t<meta name=\"twitter:label2\" content=\"Availability\" \/>\n\t<meta name=\"twitter:data2\" content=\"In stock\" \/>\n<script type=\"application\/ld+json\" class=\"yoast-schema-graph\">{\"@context\":\"https:\/\/schema.org\",\"@graph\":[{\"@type\":\"WebPage\",\"@id\":\"https:\/\/hobierotikshop.com.tr\/website1\/erotik-shop-urun\/maske-kelepce-set-kirmizi\/\",\"url\":\"https:\/\/hobierotikshop.com.tr\/website1\/erotik-shop-urun\/maske-kelepce-set-kirmizi\/\",\"name\":\"Maske Kelep\u00e7e Set K\u0131rm\u0131z\u0131 - Bursa Erotik Shop\",\"isPartOf\":{\"@id\":\"https:\/\/hobierotikshop.com.tr\/website1\/#website\"},\"primaryImageOfPage\":{\"@id\":\"https:\/\/hobierotikshop.com.tr\/website1\/erotik-shop-urun\/maske-kelepce-set-kirmizi\/#primaryimage\"},\"image\":{\"@id\":\"https:\/\/hobierotikshop.com.tr\/website1\/erotik-shop-urun\/maske-kelepce-set-kirmizi\/#primaryimage\"},\"thumbnailUrl\":\"https:\/\/haremerotikshop.com\/site\/wp-content\/uploads\/2025\/03\/MODEL3.jpg\",\"datePublished\":\"2025-03-25T11:47:55+00:00\",\"dateModified\":\"2026-01-26T11:40:45+00:00\",\"breadcrumb\":{\"@id\":\"https:\/\/hobierotikshop.com.tr\/website1\/erotik-shop-urun\/maske-kelepce-set-kirmizi\/#breadcrumb\"},\"inLanguage\":\"tr\",\"potentialAction\":[{\"@type\":\"ReadAction\",\"target\":[\"https:\/\/hobierotikshop.com.tr\/website1\/erotik-shop-urun\/maske-kelepce-set-kirmizi\/\"]}]},{\"@type\":\"ImageObject\",\"inLanguage\":\"tr\",\"@id\":\"https:\/\/hobierotikshop.com.tr\/website1\/erotik-shop-urun\/maske-kelepce-set-kirmizi\/#primaryimage\",\"url\":\"https:\/\/haremerotikshop.com\/site\/wp-content\/uploads\/2025\/03\/MODEL3.jpg\",\"contentUrl\":\"https:\/\/haremerotikshop.com\/site\/wp-content\/uploads\/2025\/03\/MODEL3.jpg\",\"width\":500,\"height\":500,\"caption\":\"SADASD\"},{\"@type\":\"BreadcrumbList\",\"@id\":\"https:\/\/hobierotikshop.com.tr\/website1\/erotik-shop-urun\/maske-kelepce-set-kirmizi\/#breadcrumb\",\"itemListElement\":[{\"@type\":\"ListItem\",\"position\":1,\"name\":\"Anasayfa\",\"item\":\"https:\/\/hobierotikshop.com.tr\/website1\/\"},{\"@type\":\"ListItem\",\"position\":2,\"name\":\"Erotik Shop \u00dcr\u00fcnleri\",\"item\":\"https:\/\/hobierotikshop.com.tr\/website1\/shop\/\"},{\"@type\":\"ListItem\",\"position\":3,\"name\":\"Maske Kelep\u00e7e Set K\u0131rm\u0131z\u0131\"}]},{\"@type\":\"WebSite\",\"@id\":\"https:\/\/hobierotikshop.com.tr\/website1\/#website\",\"url\":\"https:\/\/hobierotikshop.com.tr\/website1\/\",\"name\":\"Bursa Erotik Shop\",\"description\":\"Bursa Erotik Shop ile g\u00fcvenli, gizli ve kaliteli yeti\u015fkin \u00fcr\u00fcnleri al\u0131\u015fveri\u015fi! Geni\u015f \u00fcr\u00fcn yelpazemizi ke\u015ffedin, hemen sipari\u015f verin\",\"publisher\":{\"@id\":\"https:\/\/hobierotikshop.com.tr\/website1\/#organization\"},\"alternateName\":\"Erotik Shop\",\"potentialAction\":[{\"@type\":\"SearchAction\",\"target\":{\"@type\":\"EntryPoint\",\"urlTemplate\":\"https:\/\/hobierotikshop.com.tr\/website1\/?s={search_term_string}\"},\"query-input\":{\"@type\":\"PropertyValueSpecification\",\"valueRequired\":true,\"valueName\":\"search_term_string\"}}],\"inLanguage\":\"tr\"},{\"@type\":\"Organization\",\"@id\":\"https:\/\/hobierotikshop.com.tr\/website1\/#organization\",\"name\":\"Harem Bursa Erotik Shop\",\"url\":\"https:\/\/hobierotikshop.com.tr\/website1\/\",\"logo\":{\"@type\":\"ImageObject\",\"inLanguage\":\"tr\",\"@id\":\"https:\/\/hobierotikshop.com.tr\/website1\/#\/schema\/logo\/image\/\",\"url\":\"https:\/\/haremerotikshop.com\/wp-content\/uploads\/2025\/03\/haremsexshop.png\",\"contentUrl\":\"https:\/\/haremerotikshop.com\/wp-content\/uploads\/2025\/03\/haremsexshop.png\",\"width\":400,\"height\":100,\"caption\":\"Harem Bursa Erotik Shop\"},\"image\":{\"@id\":\"https:\/\/hobierotikshop.com.tr\/website1\/#\/schema\/logo\/image\/\"},\"sameAs\":[\"https:\/\/x.com\/shopbursa\"],\"publishingPrinciples\":\"https:\/\/hobierotikshop.com.tr\/website1\/mesafeli-satis-sozlesmesi\/\",\"ownershipFundingInfo\":\"https:\/\/hobierotikshop.com.tr\/website1\/contact-us\/\",\"actionableFeedbackPolicy\":\"https:\/\/hobierotikshop.com.tr\/website1\/contact-us\/\",\"correctionsPolicy\":\"https:\/\/hobierotikshop.com.tr\/website1\/mesafeli-satis-sozlesmesi\/\"}]}<\/script>\n<meta property=\"product:brand\" content=\"Borassa\" \/>\n<meta property=\"product:price:amount\" content=\"1000.00\" \/>\n<meta property=\"product:price:currency\" content=\"TRY\" \/>\n<meta property=\"og:availability\" content=\"instock\" \/>\n<meta property=\"product:availability\" content=\"instock\" \/>\n<meta property=\"product:retailer_item_id\" content=\"HS3406\" \/>\n<meta property=\"product:condition\" content=\"new\" \/>\n<!-- \/ Yoast SEO Premium plugin. -->","yoast_head_json":{"title":"Maske Kelep\u00e7e Set K\u0131rm\u0131z\u0131 - Bursa Erotik Shop","robots":{"index":"index","follow":"follow","max-snippet":"max-snippet:-1","max-image-preview":"max-image-preview:large","max-video-preview":"max-video-preview:-1"},"canonical":"https:\/\/hobierotikshop.com.tr\/website1\/erotik-shop-urun\/maske-kelepce-set-kirmizi\/","og_locale":"tr_TR","og_type":"article","og_title":"Maske Kelep\u00e7e Set K\u0131rm\u0131z\u0131","og_description":"K\u0131rm\u0131z\u0131 Feti\u015f \u0130kili Maske ve Kelep\u00e7e Set, BDSM ve feti\u015f d\u00fcnyas\u0131nda gizem, kontrol ve tutkuyu bir araya getiren \u00f6zel tasarlanm\u0131\u015f bir set. \u015eehvetli k\u0131rm\u0131z\u0131 tasar\u0131m, gizemi art\u0131ran maske ve konforlu kelep\u00e7eler ile fantezilerinizi zirveye ta\u015f\u0131y\u0131n. Yeni deneyimler ve s\u0131n\u0131rlar\u0131 ke\u015ffetmek isteyenler i\u00e7in m\u00fckemmel bir se\u00e7enek!","og_url":"https:\/\/hobierotikshop.com.tr\/website1\/erotik-shop-urun\/maske-kelepce-set-kirmizi\/","og_site_name":"Bursa Erotik Shop","article_modified_time":"2026-01-26T11:40:45+00:00","og_image":[{"width":500,"height":500,"url":"https:\/\/hobierotikshop.com.tr\/website1\/wp-content\/uploads\/2025\/03\/MODEL3.jpg","type":"image\/jpeg"}],"twitter_card":"summary_large_image","twitter_site":"@shopbursa","twitter_misc":{"Fiyat":"&#8378;1.000,00 KDV DAH\u0130L","Availability":"In stock"},"schema":{"@context":"https:\/\/schema.org","@graph":[{"@type":"WebPage","@id":"https:\/\/hobierotikshop.com.tr\/website1\/erotik-shop-urun\/maske-kelepce-set-kirmizi\/","url":"https:\/\/hobierotikshop.com.tr\/website1\/erotik-shop-urun\/maske-kelepce-set-kirmizi\/","name":"Maske Kelep\u00e7e Set K\u0131rm\u0131z\u0131 - Bursa Erotik Shop","isPartOf":{"@id":"https:\/\/hobierotikshop.com.tr\/website1\/#website"},"primaryImageOfPage":{"@id":"https:\/\/hobierotikshop.com.tr\/website1\/erotik-shop-urun\/maske-kelepce-set-kirmizi\/#primaryimage"},"image":{"@id":"https:\/\/hobierotikshop.com.tr\/website1\/erotik-shop-urun\/maske-kelepce-set-kirmizi\/#primaryimage"},"thumbnailUrl":"https:\/\/haremerotikshop.com\/site\/wp-content\/uploads\/2025\/03\/MODEL3.jpg","datePublished":"2025-03-25T11:47:55+00:00","dateModified":"2026-01-26T11:40:45+00:00","breadcrumb":{"@id":"https:\/\/hobierotikshop.com.tr\/website1\/erotik-shop-urun\/maske-kelepce-set-kirmizi\/#breadcrumb"},"inLanguage":"tr","potentialAction":[{"@type":"ReadAction","target":["https:\/\/hobierotikshop.com.tr\/website1\/erotik-shop-urun\/maske-kelepce-set-kirmizi\/"]}]},{"@type":"ImageObject","inLanguage":"tr","@id":"https:\/\/hobierotikshop.com.tr\/website1\/erotik-shop-urun\/maske-kelepce-set-kirmizi\/#primaryimage","url":"https:\/\/haremerotikshop.com\/site\/wp-content\/uploads\/2025\/03\/MODEL3.jpg","contentUrl":"https:\/\/haremerotikshop.com\/site\/wp-content\/uploads\/2025\/03\/MODEL3.jpg","width":500,"height":500,"caption":"SADASD"},{"@type":"BreadcrumbList","@id":"https:\/\/hobierotikshop.com.tr\/website1\/erotik-shop-urun\/maske-kelepce-set-kirmizi\/#breadcrumb","itemListElement":[{"@type":"ListItem","position":1,"name":"Anasayfa","item":"https:\/\/hobierotikshop.com.tr\/website1\/"},{"@type":"ListItem","position":2,"name":"Erotik Shop \u00dcr\u00fcnleri","item":"https:\/\/hobierotikshop.com.tr\/website1\/shop\/"},{"@type":"ListItem","position":3,"name":"Maske Kelep\u00e7e Set K\u0131rm\u0131z\u0131"}]},{"@type":"WebSite","@id":"https:\/\/hobierotikshop.com.tr\/website1\/#website","url":"https:\/\/hobierotikshop.com.tr\/website1\/","name":"Bursa Erotik Shop","description":"Bursa Erotik Shop ile g\u00fcvenli, gizli ve kaliteli yeti\u015fkin \u00fcr\u00fcnleri al\u0131\u015fveri\u015fi! Geni\u015f \u00fcr\u00fcn yelpazemizi ke\u015ffedin, hemen sipari\u015f verin","publisher":{"@id":"https:\/\/hobierotikshop.com.tr\/website1\/#organization"},"alternateName":"Erotik Shop","potentialAction":[{"@type":"SearchAction","target":{"@type":"EntryPoint","urlTemplate":"https:\/\/hobierotikshop.com.tr\/website1\/?s={search_term_string}"},"query-input":{"@type":"PropertyValueSpecification","valueRequired":true,"valueName":"search_term_string"}}],"inLanguage":"tr"},{"@type":"Organization","@id":"https:\/\/hobierotikshop.com.tr\/website1\/#organization","name":"Harem Bursa Erotik Shop","url":"https:\/\/hobierotikshop.com.tr\/website1\/","logo":{"@type":"ImageObject","inLanguage":"tr","@id":"https:\/\/hobierotikshop.com.tr\/website1\/#\/schema\/logo\/image\/","url":"https:\/\/haremerotikshop.com\/wp-content\/uploads\/2025\/03\/haremsexshop.png","contentUrl":"https:\/\/haremerotikshop.com\/wp-content\/uploads\/2025\/03\/haremsexshop.png","width":400,"height":100,"caption":"Harem Bursa Erotik Shop"},"image":{"@id":"https:\/\/hobierotikshop.com.tr\/website1\/#\/schema\/logo\/image\/"},"sameAs":["https:\/\/x.com\/shopbursa"],"publishingPrinciples":"https:\/\/hobierotikshop.com.tr\/website1\/mesafeli-satis-sozlesmesi\/","ownershipFundingInfo":"https:\/\/hobierotikshop.com.tr\/website1\/contact-us\/","actionableFeedbackPolicy":"https:\/\/hobierotikshop.com.tr\/website1\/contact-us\/","correctionsPolicy":"https:\/\/hobierotikshop.com.tr\/website1\/mesafeli-satis-sozlesmesi\/"}]},"product_brand":"Borassa","product_price_amount":"1000.00","product_price_currency":"TRY","og_availability":"instock","product_availability":"instock","product_retailer_item_id":"HS3406","product_condition":"new"},"_links":{"self":[{"href":"https:\/\/haremerotikshop.com\/site\/wp-json\/wp\/v2\/product\/21484","targetHints":{"allow":["GET"]}}],"collection":[{"href":"https:\/\/haremerotikshop.com\/site\/wp-json\/wp\/v2\/product"}],"about":[{"href":"https:\/\/haremerotikshop.com\/site\/wp-json\/wp\/v2\/types\/product"}],"replies":[{"embeddable":true,"href":"https:\/\/haremerotikshop.com\/site\/wp-json\/wp\/v2\/comments?post=21484"}],"version-history":[{"count":0,"href":"https:\/\/haremerotikshop.com\/site\/wp-json\/wp\/v2\/product\/21484\/revisions"}],"wp:featuredmedia":[{"embeddable":true,"href":"https:\/\/haremerotikshop.com\/site\/wp-json\/wp\/v2\/media\/21589"}],"wp:attachment":[{"href":"https:\/\/haremerotikshop.com\/site\/wp-json\/wp\/v2\/media?parent=21484"}],"wp:term":[{"taxonomy":"product_brand","embeddable":true,"href":"https:\/\/haremerotikshop.com\/site\/wp-json\/wp\/v2\/product_brand?post=21484"},{"taxonomy":"product_cat","embeddable":true,"href":"https:\/\/haremerotikshop.com\/site\/wp-json\/wp\/v2\/product_cat?post=21484"},{"taxonomy":"product_tag","embeddable":true,"href":"https:\/\/haremerotikshop.com\/site\/wp-json\/wp\/v2\/product_tag?post=21484"}],"curies":[{"name":"wp","href":"https:\/\/api.w.org\/{rel}","templated":true}]}}