{"id":21485,"date":"2025-03-25T14:47:55","date_gmt":"2025-03-25T11:47:55","guid":{"rendered":"https:\/\/haremerotikshop.com\/site\/?post_type=product&#038;p=21485"},"modified":"2026-01-26T14:40:58","modified_gmt":"2026-01-26T11:40:58","slug":"fetis-pozisyon-seti","status":"publish","type":"product","link":"https:\/\/haremerotikshop.com\/site\/erotik-shop-urun\/fetis-pozisyon-seti\/","title":{"rendered":"Fantazi\u0307 Kelep\u00e7e Seti\u0307"},"content":{"rendered":"<h3 class=\"\" data-start=\"0\" data-end=\"93\"><strong data-start=\"4\" data-end=\"93\">\ud83d\udd25 Yast\u0131kl\u0131 Fantezi El &amp; Ayak Ba\u011flama Seti \u2013 Kontrol\u00fc Ele Al\u0131n veya Teslim Olun! \ud83d\udda4\ud83d\udd25<\/strong><\/h3>\n<p class=\"\" data-start=\"95\" data-end=\"446\"><strong data-start=\"95\" data-end=\"138\">Yast\u0131kl\u0131 Fantezi El &amp; Ayak Ba\u011flama Seti<\/strong>, cinsel hayat\u0131n\u0131za <strong data-start=\"158\" data-end=\"178\">heyecan ve tutku<\/strong> katmak i\u00e7in tasarlanm\u0131\u015f, <strong data-start=\"204\" data-end=\"216\">konforlu<\/strong> ve <strong data-start=\"220\" data-end=\"233\">dayan\u0131kl\u0131<\/strong> bir BDSM aksesuar\u0131d\u0131r. <strong data-start=\"257\" data-end=\"279\">Kontrol\u00fc ele almak<\/strong> veya <strong data-start=\"285\" data-end=\"318\">teslimiyetin keyfini \u00e7\u0131karmak<\/strong> isteyen \u00e7iftler i\u00e7in m\u00fckemmel bir se\u00e7enektir. Her an\u0131 ke\u015ffedece\u011finiz ve s\u0131n\u0131rlar\u0131n\u0131z\u0131 zorlayaca\u011f\u0131n\u0131z bir fantezi d\u00fcnyas\u0131 sunar.<\/p>\n<hr class=\"\" data-start=\"448\" data-end=\"451\" \/>\n<h3 class=\"\" data-start=\"453\" data-end=\"493\"><strong data-start=\"457\" data-end=\"493\">\ud83d\udca5 Set \u0130\u00e7eri\u011fi ve \u00d6zellikleri \ud83d\udca5<\/strong><\/h3>\n<p class=\"\" data-start=\"495\" data-end=\"1322\">\u2714 <strong data-start=\"497\" data-end=\"526\">Konforlu Yast\u0131kl\u0131 Tasar\u0131m<\/strong> \u2013 <strong data-start=\"529\" data-end=\"553\">Uzun s\u00fcreli kullan\u0131m<\/strong> s\u0131ras\u0131nda dahi <strong data-start=\"569\" data-end=\"581\">rahatl\u0131k<\/strong> sa\u011flayan yast\u0131kl\u0131 i\u00e7 y\u00fczey, her t\u00fcrl\u00fc pozisyonu <strong data-start=\"630\" data-end=\"650\">g\u00fcvenli ve rahat<\/strong> bir \u015fekilde deneyimlemenizi sa\u011flar.<br data-start=\"686\" data-end=\"689\" \/>\u2714 <strong data-start=\"691\" data-end=\"731\">Ayarlanabilir El ve Ayak Kelep\u00e7eleri<\/strong> \u2013 <strong data-start=\"734\" data-end=\"759\">Ayarlanabilir tasar\u0131m<\/strong>, t\u00fcm v\u00fccut tiplerine uyum sa\u011flar ve her iki partner i\u00e7in <strong data-start=\"817\" data-end=\"837\">g\u00fcvenli kullan\u0131m<\/strong> sunar. Hem <strong data-start=\"849\" data-end=\"858\">g\u00fc\u00e7l\u00fc<\/strong> hem de <strong data-start=\"866\" data-end=\"878\">konforlu<\/strong> ba\u011flama deneyimi sa\u011flar.<br data-start=\"903\" data-end=\"906\" \/>\u2714 <strong data-start=\"908\" data-end=\"929\">Dayan\u0131kl\u0131 Malzeme<\/strong> \u2013 <strong data-start=\"932\" data-end=\"949\">Sa\u011flam yap\u0131s\u0131<\/strong> ile uzun s\u00fcreli kullan\u0131m i\u00e7in idealdir. Set, <strong data-start=\"995\" data-end=\"1017\">s\u0131n\u0131rlar\u0131 zorlamak<\/strong> ve <strong data-start=\"1021\" data-end=\"1056\">fantezilerinizi ger\u00e7ekle\u015ftirmek<\/strong> i\u00e7in m\u00fckemmel \u015fekilde tasarlanm\u0131\u015ft\u0131r.<br data-start=\"1094\" data-end=\"1097\" \/>\u2714 <strong data-start=\"1099\" data-end=\"1117\">Kolay Kullan\u0131m<\/strong> \u2013 <strong data-start=\"1120\" data-end=\"1151\">H\u0131zl\u0131 tak\u0131l\u0131p \u00e7\u0131kar\u0131labilir<\/strong> tasar\u0131m\u0131 sayesinde her an <strong data-start=\"1178\" data-end=\"1203\">yenilik\u00e7i pozisyonlar<\/strong> denemek i\u00e7in ideal bir ara\u00e7t\u0131r. Kullan\u0131m s\u0131ras\u0131nda <strong data-start=\"1255\" data-end=\"1276\">zaman kaybetmeden<\/strong> rahat\u00e7a ba\u011flanabilir ve ke\u015ffe \u00e7\u0131kabilirsiniz.<\/p>\n<hr class=\"\" data-start=\"1324\" data-end=\"1327\" \/>\n<h3 class=\"\" data-start=\"1329\" data-end=\"1361\"><strong data-start=\"1333\" data-end=\"1361\">\ud83d\udd25 Kimler \u0130\u00e7in Uygun? \ud83d\udd25<\/strong><\/h3>\n<p class=\"\" data-start=\"1363\" data-end=\"1616\">\u2705 <strong data-start=\"1365\" data-end=\"1391\">Feti\u015f ve BDSM deneyimi<\/strong> ya\u015famak isteyen \u00e7iftler.<br data-start=\"1416\" data-end=\"1419\" \/>\u2705 <strong data-start=\"1421\" data-end=\"1446\">Kontrol\u00fc elinde tutma<\/strong> veya <strong data-start=\"1452\" data-end=\"1476\">teslimiyetin zevkini<\/strong> ke\u015ffetmek isteyenler.<br data-start=\"1498\" data-end=\"1501\" \/>\u2705 <strong data-start=\"1503\" data-end=\"1529\">Yeni seks pozisyonlar\u0131<\/strong> denemek isteyenler.<br data-start=\"1549\" data-end=\"1552\" \/>\u2705 <strong data-start=\"1554\" data-end=\"1582\">Farkl\u0131 cinsel deneyimler<\/strong> ve heyecan arayan \u00e7iftler i\u00e7in.<\/p>\n<hr class=\"\" data-start=\"1618\" data-end=\"1621\" \/>\n<h3 class=\"\" data-start=\"1623\" data-end=\"1683\"><strong data-start=\"1627\" data-end=\"1683\">\ud83d\udc8b Neden Yast\u0131kl\u0131 Fantezi El &amp; Ayak Ba\u011flama Seti? \ud83d\udc8b<\/strong><\/h3>\n<p class=\"\" data-start=\"1685\" data-end=\"2118\"><strong data-start=\"1685\" data-end=\"1728\">Yast\u0131kl\u0131 Fantezi El &amp; Ayak Ba\u011flama Seti<\/strong>, cinsel hayat\u0131n\u0131zda yeni <strong data-start=\"1754\" data-end=\"1783\">fanteziler ve pozisyonlar<\/strong> ke\u015ffetmenize olanak tan\u0131r. <strong data-start=\"1811\" data-end=\"1841\">Dayan\u0131kl\u0131 ve rahat malzeme<\/strong> kullan\u0131m\u0131 ile uzun s\u00fcreli ba\u011flama oyunlar\u0131n\u0131za <strong data-start=\"1889\" data-end=\"1899\">konfor<\/strong> ve <strong data-start=\"1903\" data-end=\"1915\">g\u00fcvenlik<\/strong> sa\u011flar. <strong data-start=\"1924\" data-end=\"1953\">Kontrol\u00fc elinize alabilir<\/strong> veya <strong data-start=\"1959\" data-end=\"1975\">teslimiyetin<\/strong> heyecan\u0131n\u0131 ke\u015ffederek farkl\u0131 bir deneyim ya\u015fayabilirsiniz. Bu set, her seviyeden feti\u015f ve BDSM tutkunlar\u0131 i\u00e7in ideal bir <strong data-start=\"2097\" data-end=\"2106\">giri\u015f<\/strong> noktas\u0131d\u0131r.<\/p>\n<hr class=\"\" data-start=\"2120\" data-end=\"2123\" \/>\n<p class=\"\" data-start=\"2163\" data-end=\"2434\">Bu \u00fcr\u00fcn tan\u0131t\u0131m\u0131, <strong data-start=\"2181\" data-end=\"2217\">Yast\u0131kl\u0131 el ve ayak ba\u011flama seti<\/strong>, <strong data-start=\"2219\" data-end=\"2240\">BDSM ba\u011flama seti<\/strong>, <strong data-start=\"2242\" data-end=\"2266\">fantezi ba\u011flama seti<\/strong>, <strong data-start=\"2268\" data-end=\"2292\">el ve ayak kelep\u00e7esi<\/strong>, <strong data-start=\"2294\" data-end=\"2321\">yast\u0131kl\u0131 BDSM aksesuar\u0131<\/strong>, <strong data-start=\"2323\" data-end=\"2348\">konforlu ba\u011flama seti<\/strong>, <strong data-start=\"2350\" data-end=\"2372\">feti\u015f ba\u011flama seti.<\/strong><\/p>\n<p class=\"\" data-start=\"2436\" data-end=\"2539\">\ud83d\udca5 <strong data-start=\"2439\" data-end=\"2536\">Yast\u0131kl\u0131 Fantezi El &amp; Ayak Ba\u011flama Seti ile heyecan dolu bir deneyim i\u00e7in s\u0131n\u0131rlar\u0131 zorlay\u0131n!<\/strong> \ud83d\udca5<\/p>\n","protected":false},"excerpt":{"rendered":"<p><strong data-start=\"95\" data-end=\"138\">Yast\u0131kl\u0131 Fantezi El &amp; Ayak Ba\u011flama Seti<\/strong>, cinsel hayat\u0131n\u0131za <strong data-start=\"158\" data-end=\"178\">heyecan ve tutku<\/strong> katmak i\u00e7in tasarlanm\u0131\u015f, <strong data-start=\"204\" data-end=\"216\">konforlu<\/strong> ve <strong data-start=\"220\" data-end=\"233\">dayan\u0131kl\u0131<\/strong> bir BDSM aksesuar\u0131d\u0131r. <strong data-start=\"257\" data-end=\"279\">Kontrol\u00fc ele almak<\/strong> veya <strong data-start=\"285\" data-end=\"318\">teslimiyetin keyfini \u00e7\u0131karmak<\/strong> isteyen \u00e7iftler i\u00e7in m\u00fckemmel bir se\u00e7enektir. Her an\u0131 ke\u015ffedece\u011finiz ve s\u0131n\u0131rlar\u0131n\u0131z\u0131 zorlayaca\u011f\u0131n\u0131z bir fantezi d\u00fcnyas\u0131 sunar.<\/p>\n","protected":false},"featured_media":21616,"comment_status":"open","ping_status":"closed","template":"","meta":[],"product_brand":[466],"product_cat":[464,463],"product_tag":[],"class_list":{"0":"post-21485","1":"product","2":"type-product","3":"status-publish","4":"has-post-thumbnail","6":"product_brand-borassa","7":"product_cat-fetis-setler","8":"product_cat-fetis-urunler","10":"first","11":"instock","12":"taxable","13":"shipping-taxable","14":"purchasable","15":"product-type-simple"},"yoast_head":"<!-- This site is optimized with the Yoast SEO Premium plugin v24.4 (Yoast SEO v27.1.1) - https:\/\/yoast.com\/product\/yoast-seo-premium-wordpress\/ -->\n<title>Fantazi\u0307 Kelep\u00e7e Seti\u0307 - Bursa Erotik Shop<\/title>\n<meta name=\"robots\" content=\"index, follow, max-snippet:-1, max-image-preview:large, max-video-preview:-1\" \/>\n<link rel=\"canonical\" href=\"https:\/\/hobierotikshop.com.tr\/website1\/erotik-shop-urun\/fetis-pozisyon-seti\/\" \/>\n<meta property=\"og:locale\" content=\"tr_TR\" \/>\n<meta property=\"og:type\" content=\"article\" \/>\n<meta property=\"og:title\" content=\"Fantazi\u0307 Kelep\u00e7e Seti\u0307\" \/>\n<meta property=\"og:description\" content=\"Yast\u0131kl\u0131 Fantezi El &amp; Ayak Ba\u011flama Seti, cinsel hayat\u0131n\u0131za heyecan ve tutku katmak i\u00e7in tasarlanm\u0131\u015f, konforlu ve dayan\u0131kl\u0131 bir BDSM aksesuar\u0131d\u0131r. Kontrol\u00fc ele almak veya teslimiyetin keyfini \u00e7\u0131karmak isteyen \u00e7iftler i\u00e7in m\u00fckemmel bir se\u00e7enektir. Her an\u0131 ke\u015ffedece\u011finiz ve s\u0131n\u0131rlar\u0131n\u0131z\u0131 zorlayaca\u011f\u0131n\u0131z bir fantezi d\u00fcnyas\u0131 sunar.\" \/>\n<meta property=\"og:url\" content=\"https:\/\/hobierotikshop.com.tr\/website1\/erotik-shop-urun\/fetis-pozisyon-seti\/\" \/>\n<meta property=\"og:site_name\" content=\"Bursa Erotik Shop\" \/>\n<meta property=\"article:modified_time\" content=\"2026-01-26T11:40:58+00:00\" \/>\n<meta property=\"og:image\" content=\"https:\/\/hobierotikshop.com.tr\/website1\/wp-content\/uploads\/2025\/03\/MODEL-30-1.jpeg\" \/>\n\t<meta property=\"og:image:width\" content=\"500\" \/>\n\t<meta property=\"og:image:height\" content=\"500\" \/>\n\t<meta property=\"og:image:type\" content=\"image\/jpeg\" \/>\n<meta name=\"twitter:card\" content=\"summary_large_image\" \/>\n<meta name=\"twitter:site\" content=\"@shopbursa\" \/>\n<meta name=\"twitter:label1\" content=\"Fiyat\" \/>\n\t<meta name=\"twitter:data1\" content=\"&#8378;1.800,00 KDV DAH\u0130L\" \/>\n\t<meta name=\"twitter:label2\" content=\"Availability\" \/>\n\t<meta name=\"twitter:data2\" content=\"In stock\" \/>\n<script type=\"application\/ld+json\" class=\"yoast-schema-graph\">{\"@context\":\"https:\/\/schema.org\",\"@graph\":[{\"@type\":\"WebPage\",\"@id\":\"https:\/\/hobierotikshop.com.tr\/website1\/erotik-shop-urun\/fetis-pozisyon-seti\/\",\"url\":\"https:\/\/hobierotikshop.com.tr\/website1\/erotik-shop-urun\/fetis-pozisyon-seti\/\",\"name\":\"Fantazi\u0307 Kelep\u00e7e Seti\u0307 - Bursa Erotik Shop\",\"isPartOf\":{\"@id\":\"https:\/\/hobierotikshop.com.tr\/website1\/#website\"},\"primaryImageOfPage\":{\"@id\":\"https:\/\/hobierotikshop.com.tr\/website1\/erotik-shop-urun\/fetis-pozisyon-seti\/#primaryimage\"},\"image\":{\"@id\":\"https:\/\/hobierotikshop.com.tr\/website1\/erotik-shop-urun\/fetis-pozisyon-seti\/#primaryimage\"},\"thumbnailUrl\":\"https:\/\/haremerotikshop.com\/site\/wp-content\/uploads\/2025\/03\/MODEL-30-1.jpeg\",\"datePublished\":\"2025-03-25T11:47:55+00:00\",\"dateModified\":\"2026-01-26T11:40:58+00:00\",\"breadcrumb\":{\"@id\":\"https:\/\/hobierotikshop.com.tr\/website1\/erotik-shop-urun\/fetis-pozisyon-seti\/#breadcrumb\"},\"inLanguage\":\"tr\",\"potentialAction\":[{\"@type\":\"ReadAction\",\"target\":[\"https:\/\/hobierotikshop.com.tr\/website1\/erotik-shop-urun\/fetis-pozisyon-seti\/\"]}]},{\"@type\":\"ImageObject\",\"inLanguage\":\"tr\",\"@id\":\"https:\/\/hobierotikshop.com.tr\/website1\/erotik-shop-urun\/fetis-pozisyon-seti\/#primaryimage\",\"url\":\"https:\/\/haremerotikshop.com\/site\/wp-content\/uploads\/2025\/03\/MODEL-30-1.jpeg\",\"contentUrl\":\"https:\/\/haremerotikshop.com\/site\/wp-content\/uploads\/2025\/03\/MODEL-30-1.jpeg\",\"width\":500,\"height\":500,\"caption\":\"Bursa Sex Shop Fantezi Kelep\u00e7e Seti\"},{\"@type\":\"BreadcrumbList\",\"@id\":\"https:\/\/hobierotikshop.com.tr\/website1\/erotik-shop-urun\/fetis-pozisyon-seti\/#breadcrumb\",\"itemListElement\":[{\"@type\":\"ListItem\",\"position\":1,\"name\":\"Anasayfa\",\"item\":\"https:\/\/hobierotikshop.com.tr\/website1\/\"},{\"@type\":\"ListItem\",\"position\":2,\"name\":\"Erotik Shop \u00dcr\u00fcnleri\",\"item\":\"https:\/\/hobierotikshop.com.tr\/website1\/shop\/\"},{\"@type\":\"ListItem\",\"position\":3,\"name\":\"Fantazi\u0307 Kelep\u00e7e Seti\u0307\"}]},{\"@type\":\"WebSite\",\"@id\":\"https:\/\/hobierotikshop.com.tr\/website1\/#website\",\"url\":\"https:\/\/hobierotikshop.com.tr\/website1\/\",\"name\":\"Bursa Erotik Shop\",\"description\":\"Bursa Erotik Shop ile g\u00fcvenli, gizli ve kaliteli yeti\u015fkin \u00fcr\u00fcnleri al\u0131\u015fveri\u015fi! Geni\u015f \u00fcr\u00fcn yelpazemizi ke\u015ffedin, hemen sipari\u015f verin\",\"publisher\":{\"@id\":\"https:\/\/hobierotikshop.com.tr\/website1\/#organization\"},\"alternateName\":\"Erotik Shop\",\"potentialAction\":[{\"@type\":\"SearchAction\",\"target\":{\"@type\":\"EntryPoint\",\"urlTemplate\":\"https:\/\/hobierotikshop.com.tr\/website1\/?s={search_term_string}\"},\"query-input\":{\"@type\":\"PropertyValueSpecification\",\"valueRequired\":true,\"valueName\":\"search_term_string\"}}],\"inLanguage\":\"tr\"},{\"@type\":\"Organization\",\"@id\":\"https:\/\/hobierotikshop.com.tr\/website1\/#organization\",\"name\":\"Harem Bursa Erotik Shop\",\"url\":\"https:\/\/hobierotikshop.com.tr\/website1\/\",\"logo\":{\"@type\":\"ImageObject\",\"inLanguage\":\"tr\",\"@id\":\"https:\/\/hobierotikshop.com.tr\/website1\/#\/schema\/logo\/image\/\",\"url\":\"https:\/\/haremerotikshop.com\/site\/wp-content\/uploads\/2025\/03\/haremsexshop.png\",\"contentUrl\":\"https:\/\/haremerotikshop.com\/site\/wp-content\/uploads\/2025\/03\/haremsexshop.png\",\"width\":400,\"height\":100,\"caption\":\"Harem Bursa Erotik Shop\"},\"image\":{\"@id\":\"https:\/\/hobierotikshop.com.tr\/website1\/#\/schema\/logo\/image\/\"},\"sameAs\":[\"https:\/\/x.com\/shopbursa\"],\"publishingPrinciples\":\"https:\/\/hobierotikshop.com.tr\/website1\/mesafeli-satis-sozlesmesi\/\",\"ownershipFundingInfo\":\"https:\/\/hobierotikshop.com.tr\/website1\/contact-us\/\",\"actionableFeedbackPolicy\":\"https:\/\/hobierotikshop.com.tr\/website1\/contact-us\/\",\"correctionsPolicy\":\"https:\/\/hobierotikshop.com.tr\/website1\/mesafeli-satis-sozlesmesi\/\"}]}<\/script>\n<meta property=\"product:brand\" content=\"Borassa\" \/>\n<meta property=\"product:price:amount\" content=\"1800.00\" \/>\n<meta property=\"product:price:currency\" content=\"TRY\" \/>\n<meta property=\"og:availability\" content=\"instock\" \/>\n<meta property=\"product:availability\" content=\"instock\" \/>\n<meta property=\"product:retailer_item_id\" content=\"HS3407\" \/>\n<meta property=\"product:condition\" content=\"new\" \/>\n<!-- \/ Yoast SEO Premium plugin. -->","yoast_head_json":{"title":"Fantazi\u0307 Kelep\u00e7e Seti\u0307 - Bursa Erotik Shop","robots":{"index":"index","follow":"follow","max-snippet":"max-snippet:-1","max-image-preview":"max-image-preview:large","max-video-preview":"max-video-preview:-1"},"canonical":"https:\/\/hobierotikshop.com.tr\/website1\/erotik-shop-urun\/fetis-pozisyon-seti\/","og_locale":"tr_TR","og_type":"article","og_title":"Fantazi\u0307 Kelep\u00e7e Seti\u0307","og_description":"Yast\u0131kl\u0131 Fantezi El &amp; Ayak Ba\u011flama Seti, cinsel hayat\u0131n\u0131za heyecan ve tutku katmak i\u00e7in tasarlanm\u0131\u015f, konforlu ve dayan\u0131kl\u0131 bir BDSM aksesuar\u0131d\u0131r. Kontrol\u00fc ele almak veya teslimiyetin keyfini \u00e7\u0131karmak isteyen \u00e7iftler i\u00e7in m\u00fckemmel bir se\u00e7enektir. Her an\u0131 ke\u015ffedece\u011finiz ve s\u0131n\u0131rlar\u0131n\u0131z\u0131 zorlayaca\u011f\u0131n\u0131z bir fantezi d\u00fcnyas\u0131 sunar.","og_url":"https:\/\/hobierotikshop.com.tr\/website1\/erotik-shop-urun\/fetis-pozisyon-seti\/","og_site_name":"Bursa Erotik Shop","article_modified_time":"2026-01-26T11:40:58+00:00","og_image":[{"width":500,"height":500,"url":"https:\/\/hobierotikshop.com.tr\/website1\/wp-content\/uploads\/2025\/03\/MODEL-30-1.jpeg","type":"image\/jpeg"}],"twitter_card":"summary_large_image","twitter_site":"@shopbursa","twitter_misc":{"Fiyat":"&#8378;1.800,00 KDV DAH\u0130L","Availability":"In stock"},"schema":{"@context":"https:\/\/schema.org","@graph":[{"@type":"WebPage","@id":"https:\/\/hobierotikshop.com.tr\/website1\/erotik-shop-urun\/fetis-pozisyon-seti\/","url":"https:\/\/hobierotikshop.com.tr\/website1\/erotik-shop-urun\/fetis-pozisyon-seti\/","name":"Fantazi\u0307 Kelep\u00e7e Seti\u0307 - Bursa Erotik Shop","isPartOf":{"@id":"https:\/\/hobierotikshop.com.tr\/website1\/#website"},"primaryImageOfPage":{"@id":"https:\/\/hobierotikshop.com.tr\/website1\/erotik-shop-urun\/fetis-pozisyon-seti\/#primaryimage"},"image":{"@id":"https:\/\/hobierotikshop.com.tr\/website1\/erotik-shop-urun\/fetis-pozisyon-seti\/#primaryimage"},"thumbnailUrl":"https:\/\/haremerotikshop.com\/site\/wp-content\/uploads\/2025\/03\/MODEL-30-1.jpeg","datePublished":"2025-03-25T11:47:55+00:00","dateModified":"2026-01-26T11:40:58+00:00","breadcrumb":{"@id":"https:\/\/hobierotikshop.com.tr\/website1\/erotik-shop-urun\/fetis-pozisyon-seti\/#breadcrumb"},"inLanguage":"tr","potentialAction":[{"@type":"ReadAction","target":["https:\/\/hobierotikshop.com.tr\/website1\/erotik-shop-urun\/fetis-pozisyon-seti\/"]}]},{"@type":"ImageObject","inLanguage":"tr","@id":"https:\/\/hobierotikshop.com.tr\/website1\/erotik-shop-urun\/fetis-pozisyon-seti\/#primaryimage","url":"https:\/\/haremerotikshop.com\/site\/wp-content\/uploads\/2025\/03\/MODEL-30-1.jpeg","contentUrl":"https:\/\/haremerotikshop.com\/site\/wp-content\/uploads\/2025\/03\/MODEL-30-1.jpeg","width":500,"height":500,"caption":"Bursa Sex Shop Fantezi Kelep\u00e7e Seti"},{"@type":"BreadcrumbList","@id":"https:\/\/hobierotikshop.com.tr\/website1\/erotik-shop-urun\/fetis-pozisyon-seti\/#breadcrumb","itemListElement":[{"@type":"ListItem","position":1,"name":"Anasayfa","item":"https:\/\/hobierotikshop.com.tr\/website1\/"},{"@type":"ListItem","position":2,"name":"Erotik Shop \u00dcr\u00fcnleri","item":"https:\/\/hobierotikshop.com.tr\/website1\/shop\/"},{"@type":"ListItem","position":3,"name":"Fantazi\u0307 Kelep\u00e7e Seti\u0307"}]},{"@type":"WebSite","@id":"https:\/\/hobierotikshop.com.tr\/website1\/#website","url":"https:\/\/hobierotikshop.com.tr\/website1\/","name":"Bursa Erotik Shop","description":"Bursa Erotik Shop ile g\u00fcvenli, gizli ve kaliteli yeti\u015fkin \u00fcr\u00fcnleri al\u0131\u015fveri\u015fi! Geni\u015f \u00fcr\u00fcn yelpazemizi ke\u015ffedin, hemen sipari\u015f verin","publisher":{"@id":"https:\/\/hobierotikshop.com.tr\/website1\/#organization"},"alternateName":"Erotik Shop","potentialAction":[{"@type":"SearchAction","target":{"@type":"EntryPoint","urlTemplate":"https:\/\/hobierotikshop.com.tr\/website1\/?s={search_term_string}"},"query-input":{"@type":"PropertyValueSpecification","valueRequired":true,"valueName":"search_term_string"}}],"inLanguage":"tr"},{"@type":"Organization","@id":"https:\/\/hobierotikshop.com.tr\/website1\/#organization","name":"Harem Bursa Erotik Shop","url":"https:\/\/hobierotikshop.com.tr\/website1\/","logo":{"@type":"ImageObject","inLanguage":"tr","@id":"https:\/\/hobierotikshop.com.tr\/website1\/#\/schema\/logo\/image\/","url":"https:\/\/haremerotikshop.com\/site\/wp-content\/uploads\/2025\/03\/haremsexshop.png","contentUrl":"https:\/\/haremerotikshop.com\/site\/wp-content\/uploads\/2025\/03\/haremsexshop.png","width":400,"height":100,"caption":"Harem Bursa Erotik Shop"},"image":{"@id":"https:\/\/hobierotikshop.com.tr\/website1\/#\/schema\/logo\/image\/"},"sameAs":["https:\/\/x.com\/shopbursa"],"publishingPrinciples":"https:\/\/hobierotikshop.com.tr\/website1\/mesafeli-satis-sozlesmesi\/","ownershipFundingInfo":"https:\/\/hobierotikshop.com.tr\/website1\/contact-us\/","actionableFeedbackPolicy":"https:\/\/hobierotikshop.com.tr\/website1\/contact-us\/","correctionsPolicy":"https:\/\/hobierotikshop.com.tr\/website1\/mesafeli-satis-sozlesmesi\/"}]},"product_brand":"Borassa","product_price_amount":"1800.00","product_price_currency":"TRY","og_availability":"instock","product_availability":"instock","product_retailer_item_id":"HS3407","product_condition":"new"},"_links":{"self":[{"href":"https:\/\/haremerotikshop.com\/site\/wp-json\/wp\/v2\/product\/21485","targetHints":{"allow":["GET"]}}],"collection":[{"href":"https:\/\/haremerotikshop.com\/site\/wp-json\/wp\/v2\/product"}],"about":[{"href":"https:\/\/haremerotikshop.com\/site\/wp-json\/wp\/v2\/types\/product"}],"replies":[{"embeddable":true,"href":"https:\/\/haremerotikshop.com\/site\/wp-json\/wp\/v2\/comments?post=21485"}],"version-history":[{"count":0,"href":"https:\/\/haremerotikshop.com\/site\/wp-json\/wp\/v2\/product\/21485\/revisions"}],"wp:featuredmedia":[{"embeddable":true,"href":"https:\/\/haremerotikshop.com\/site\/wp-json\/wp\/v2\/media\/21616"}],"wp:attachment":[{"href":"https:\/\/haremerotikshop.com\/site\/wp-json\/wp\/v2\/media?parent=21485"}],"wp:term":[{"taxonomy":"product_brand","embeddable":true,"href":"https:\/\/haremerotikshop.com\/site\/wp-json\/wp\/v2\/product_brand?post=21485"},{"taxonomy":"product_cat","embeddable":true,"href":"https:\/\/haremerotikshop.com\/site\/wp-json\/wp\/v2\/product_cat?post=21485"},{"taxonomy":"product_tag","embeddable":true,"href":"https:\/\/haremerotikshop.com\/site\/wp-json\/wp\/v2\/product_tag?post=21485"}],"curies":[{"name":"wp","href":"https:\/\/api.w.org\/{rel}","templated":true}]}}