{"id":21488,"date":"2025-03-25T14:47:56","date_gmt":"2025-03-25T11:47:56","guid":{"rendered":"https:\/\/haremerotikshop.com\/site\/?post_type=product&#038;p=21488"},"modified":"2026-01-26T14:38:46","modified_gmt":"2026-01-26T11:38:46","slug":"21488","status":"publish","type":"product","link":"https:\/\/haremerotikshop.com\/site\/erotik-shop-urun\/21488\/","title":{"rendered":"Siyah 3 L\u00fc Feti\u015fh Set"},"content":{"rendered":"<h3 class=\"\" data-start=\"0\" data-end=\"75\"><strong data-start=\"4\" data-end=\"73\">Siyah 3&#8217;l\u00fc Feti\u015f Set \ud83d\udda4\ud83d\udd25 \u2013 Ba\u015ftan \u00c7\u0131kar\u0131c\u0131 ve Gizemli Deneyimler<\/strong><\/h3>\n<p class=\"\" data-start=\"77\" data-end=\"433\">Cinsel hayat\u0131n\u0131za <strong data-start=\"95\" data-end=\"122\">tutku, heyecan ve gizem<\/strong> katmak i\u00e7in \u00f6zel olarak tasarlanan <strong data-start=\"158\" data-end=\"182\">Siyah 3&#8217;l\u00fc Feti\u015f Set<\/strong>, sizi yepyeni bir ke\u015fif yolculu\u011funa \u00e7\u0131kar\u0131yor. <strong data-start=\"230\" data-end=\"277\">El ve ayak kelep\u00e7eleri, g\u00f6z band\u0131 ve k\u0131rba\u00e7<\/strong> ile fantezilerinizi \u00f6zg\u00fcrce ya\u015faman\u0131z i\u00e7in m\u00fckemmel bir set sunuyor. <strong data-start=\"347\" data-end=\"382\">Dayan\u0131kl\u0131 ve konforlu malzemesi<\/strong>, uzun s\u00fcreli kullan\u0131mlarda bile rahatl\u0131k sa\u011flar.<\/p>\n<hr class=\"\" data-start=\"435\" data-end=\"440\" \/>\n<h3 class=\"\" data-start=\"442\" data-end=\"478\"><strong data-start=\"446\" data-end=\"476\">Set \u0130\u00e7eri\u011fi ve \u00d6zellikleri<\/strong><\/h3>\n<p class=\"\" data-start=\"480\" data-end=\"1092\">\u2714 <strong data-start=\"482\" data-end=\"514\">\u015e\u0131k ve Gizemli Siyah Tasar\u0131m<\/strong> \u2013 Ba\u015ftan \u00e7\u0131kar\u0131c\u0131 ve etkileyici g\u00f6r\u00fcn\u00fcm\u00fcyle tutkulu anlar\u0131n\u0131za e\u015flik eder.<br data-start=\"589\" data-end=\"592\" \/>\u2714 <strong data-start=\"594\" data-end=\"617\">El &amp; Ayak Kelep\u00e7esi<\/strong> \u2013 Ayarlanabilir, konforlu ve g\u00fcvenli tasar\u0131m\u0131 sayesinde her bile\u011fe ve ayak bile\u011fine rahat\u00e7a uyum sa\u011flar.<br data-start=\"722\" data-end=\"725\" \/>\u2714 <strong data-start=\"727\" data-end=\"740\">G\u00f6z Band\u0131<\/strong> \u2013 G\u00f6rme duyusunu devre d\u0131\u015f\u0131 b\u0131rakarak di\u011fer duyular\u0131 keskinle\u015ftirir, dokunu\u015flar\u0131 daha yo\u011fun ve etkileyici hale getirir.<br data-start=\"860\" data-end=\"863\" \/>\u2714 <strong data-start=\"865\" data-end=\"875\">K\u0131rba\u00e7<\/strong> \u2013 Hafif uyar\u0131c\u0131 dokunu\u015flardan sert etkilere kadar farkl\u0131 hisler yaratmaya uygun esnek yap\u0131dad\u0131r.<br data-start=\"972\" data-end=\"975\" \/>\u2714 <strong data-start=\"977\" data-end=\"1010\">Dayan\u0131kl\u0131 ve Konforlu Malzeme<\/strong> \u2013 Cildi tahri\u015f etmeyen kaliteli malzeme ile uzun s\u00fcreli kullan\u0131m i\u00e7in idealdir.<\/p>\n<hr class=\"\" data-start=\"1094\" data-end=\"1099\" \/>\n<h3 class=\"\" data-start=\"1101\" data-end=\"1139\"><strong data-start=\"1105\" data-end=\"1137\">Feti\u015f D\u00fcnyas\u0131na Giri\u015f Yap\u0131n!<\/strong><\/h3>\n<p class=\"\" data-start=\"1141\" data-end=\"1390\">Bu <strong data-start=\"1144\" data-end=\"1163\">3\u2019l\u00fc feti\u015f seti<\/strong>, yeni deneyimlere a\u00e7\u0131k olanlar ve cinsel hayat\u0131na farkl\u0131l\u0131k katmak isteyenler i\u00e7in \u00f6zel olarak haz\u0131rlanm\u0131\u015ft\u0131r. <strong data-start=\"1275\" data-end=\"1358\">Partnerinizle s\u0131n\u0131rlar\u0131 ke\u015ffetmek, kontrol\u00fc payla\u015fmak veya tamamen teslim olmak<\/strong> i\u00e7in m\u00fckemmel bir se\u00e7enektir.<\/p>\n<hr class=\"\" data-start=\"1392\" data-end=\"1397\" \/>\n<h3 class=\"\" data-start=\"1399\" data-end=\"1427\"><strong data-start=\"1403\" data-end=\"1425\">Kimler \u0130\u00e7in Uygun?<\/strong><\/h3>\n<p class=\"\" data-start=\"1429\" data-end=\"1666\">\u2705 <strong data-start=\"1431\" data-end=\"1470\">Fantezi d\u00fcnyas\u0131na yeni ad\u0131m atanlar<\/strong><br data-start=\"1470\" data-end=\"1473\" \/>\u2705 <strong data-start=\"1475\" data-end=\"1532\">Duyusal ke\u015fif ve g\u00fc\u00e7 dengesi oyunlar\u0131na ilgi duyanlar<\/strong><br data-start=\"1532\" data-end=\"1535\" \/>\u2705 <strong data-start=\"1537\" data-end=\"1600\">Ba\u011flanma ve kontrol oyunlar\u0131n\u0131 deneyimlemek isteyen \u00e7iftler<\/strong><br data-start=\"1600\" data-end=\"1603\" \/>\u2705 <strong data-start=\"1605\" data-end=\"1664\">Dayan\u0131kl\u0131, konforlu ve estetik bir feti\u015f seti arayanlar<\/strong><\/p>\n","protected":false},"excerpt":{"rendered":"<p>Cinsel hayat\u0131n\u0131za <strong data-start=\"95\" data-end=\"122\">tutku, heyecan ve gizem<\/strong> katmak i\u00e7in \u00f6zel olarak tasarlanan <strong data-start=\"158\" data-end=\"182\">Siyah 3&#8217;l\u00fc Feti\u015f Set<\/strong>, sizi yepyeni bir ke\u015fif yolculu\u011funa \u00e7\u0131kar\u0131yor. <strong data-start=\"230\" data-end=\"277\">El ve ayak kelep\u00e7eleri, g\u00f6z band\u0131 ve k\u0131rba\u00e7<\/strong> ile fantezilerinizi \u00f6zg\u00fcrce ya\u015faman\u0131z i\u00e7in m\u00fckemmel bir set sunuyor. <strong data-start=\"347\" data-end=\"382\">Dayan\u0131kl\u0131 ve konforlu malzemesi<\/strong>, uzun s\u00fcreli kullan\u0131mlarda bile rahatl\u0131k sa\u011flar.<\/p>\n","protected":false},"featured_media":21662,"comment_status":"open","ping_status":"closed","template":"","meta":[],"product_brand":[466],"product_cat":[464,463],"product_tag":[],"class_list":{"0":"post-21488","1":"product","2":"type-product","3":"status-publish","4":"has-post-thumbnail","6":"product_brand-borassa","7":"product_cat-fetis-setler","8":"product_cat-fetis-urunler","10":"first","11":"instock","12":"taxable","13":"shipping-taxable","14":"purchasable","15":"product-type-simple"},"yoast_head":"<!-- This site is optimized with the Yoast SEO Premium plugin v24.4 (Yoast SEO v27.1.1) - https:\/\/yoast.com\/product\/yoast-seo-premium-wordpress\/ -->\n<title>Siyah 3 L\u00fc Feti\u015fh Set - Bursa Erotik Shop<\/title>\n<meta name=\"robots\" content=\"index, follow, max-snippet:-1, max-image-preview:large, max-video-preview:-1\" \/>\n<link rel=\"canonical\" href=\"https:\/\/hobierotikshop.com.tr\/website1\/erotik-shop-urun\/21488\/\" \/>\n<meta property=\"og:locale\" content=\"tr_TR\" \/>\n<meta property=\"og:type\" content=\"article\" \/>\n<meta property=\"og:title\" content=\"Siyah 3 L\u00fc Feti\u015fh Set\" \/>\n<meta property=\"og:description\" content=\"Cinsel hayat\u0131n\u0131za tutku, heyecan ve gizem katmak i\u00e7in \u00f6zel olarak tasarlanan Siyah 3&#039;l\u00fc Feti\u015f Set, sizi yepyeni bir ke\u015fif yolculu\u011funa \u00e7\u0131kar\u0131yor. El ve ayak kelep\u00e7eleri, g\u00f6z band\u0131 ve k\u0131rba\u00e7 ile fantezilerinizi \u00f6zg\u00fcrce ya\u015faman\u0131z i\u00e7in m\u00fckemmel bir set sunuyor. Dayan\u0131kl\u0131 ve konforlu malzemesi, uzun s\u00fcreli kullan\u0131mlarda bile rahatl\u0131k sa\u011flar.\" \/>\n<meta property=\"og:url\" content=\"https:\/\/hobierotikshop.com.tr\/website1\/erotik-shop-urun\/21488\/\" \/>\n<meta property=\"og:site_name\" content=\"Bursa Erotik Shop\" \/>\n<meta property=\"article:modified_time\" content=\"2026-01-26T11:38:46+00:00\" \/>\n<meta property=\"og:image\" content=\"https:\/\/hobierotikshop.com.tr\/website1\/wp-content\/uploads\/2025\/03\/MODEL-03-YENI.jpg\" \/>\n\t<meta property=\"og:image:width\" content=\"500\" \/>\n\t<meta property=\"og:image:height\" content=\"500\" \/>\n\t<meta property=\"og:image:type\" content=\"image\/jpeg\" \/>\n<meta name=\"twitter:card\" content=\"summary_large_image\" \/>\n<meta name=\"twitter:site\" content=\"@shopbursa\" \/>\n<meta name=\"twitter:label1\" content=\"Fiyat\" \/>\n\t<meta name=\"twitter:data1\" content=\"&#8378;1.100,00 KDV DAH\u0130L\" \/>\n\t<meta name=\"twitter:label2\" content=\"Availability\" \/>\n\t<meta name=\"twitter:data2\" content=\"In stock\" \/>\n<script type=\"application\/ld+json\" class=\"yoast-schema-graph\">{\"@context\":\"https:\/\/schema.org\",\"@graph\":[{\"@type\":\"WebPage\",\"@id\":\"https:\/\/hobierotikshop.com.tr\/website1\/erotik-shop-urun\/21488\/\",\"url\":\"https:\/\/hobierotikshop.com.tr\/website1\/erotik-shop-urun\/21488\/\",\"name\":\"Siyah 3 L\u00fc Feti\u015fh Set - Bursa Erotik Shop\",\"isPartOf\":{\"@id\":\"https:\/\/hobierotikshop.com.tr\/website1\/#website\"},\"primaryImageOfPage\":{\"@id\":\"https:\/\/hobierotikshop.com.tr\/website1\/erotik-shop-urun\/21488\/#primaryimage\"},\"image\":{\"@id\":\"https:\/\/hobierotikshop.com.tr\/website1\/erotik-shop-urun\/21488\/#primaryimage\"},\"thumbnailUrl\":\"https:\/\/haremerotikshop.com\/site\/wp-content\/uploads\/2025\/03\/MODEL-03-YENI.jpg\",\"datePublished\":\"2025-03-25T11:47:56+00:00\",\"dateModified\":\"2026-01-26T11:38:46+00:00\",\"breadcrumb\":{\"@id\":\"https:\/\/hobierotikshop.com.tr\/website1\/erotik-shop-urun\/21488\/#breadcrumb\"},\"inLanguage\":\"tr\",\"potentialAction\":[{\"@type\":\"ReadAction\",\"target\":[\"https:\/\/hobierotikshop.com.tr\/website1\/erotik-shop-urun\/21488\/\"]}]},{\"@type\":\"ImageObject\",\"inLanguage\":\"tr\",\"@id\":\"https:\/\/hobierotikshop.com.tr\/website1\/erotik-shop-urun\/21488\/#primaryimage\",\"url\":\"https:\/\/haremerotikshop.com\/site\/wp-content\/uploads\/2025\/03\/MODEL-03-YENI.jpg\",\"contentUrl\":\"https:\/\/haremerotikshop.com\/site\/wp-content\/uploads\/2025\/03\/MODEL-03-YENI.jpg\",\"width\":500,\"height\":500,\"caption\":\"Bursa Sex Shop Siyah Feti\u015fh 3 l\u00fc Set\"},{\"@type\":\"BreadcrumbList\",\"@id\":\"https:\/\/hobierotikshop.com.tr\/website1\/erotik-shop-urun\/21488\/#breadcrumb\",\"itemListElement\":[{\"@type\":\"ListItem\",\"position\":1,\"name\":\"Anasayfa\",\"item\":\"https:\/\/hobierotikshop.com.tr\/website1\/\"},{\"@type\":\"ListItem\",\"position\":2,\"name\":\"Erotik Shop \u00dcr\u00fcnleri\",\"item\":\"https:\/\/hobierotikshop.com.tr\/website1\/shop\/\"},{\"@type\":\"ListItem\",\"position\":3,\"name\":\"Siyah 3 L\u00fc Feti\u015fh Set\"}]},{\"@type\":\"WebSite\",\"@id\":\"https:\/\/hobierotikshop.com.tr\/website1\/#website\",\"url\":\"https:\/\/hobierotikshop.com.tr\/website1\/\",\"name\":\"Bursa Erotik Shop\",\"description\":\"Bursa Erotik Shop ile g\u00fcvenli, gizli ve kaliteli yeti\u015fkin \u00fcr\u00fcnleri al\u0131\u015fveri\u015fi! Geni\u015f \u00fcr\u00fcn yelpazemizi ke\u015ffedin, hemen sipari\u015f verin\",\"publisher\":{\"@id\":\"https:\/\/hobierotikshop.com.tr\/website1\/#organization\"},\"alternateName\":\"Erotik Shop\",\"potentialAction\":[{\"@type\":\"SearchAction\",\"target\":{\"@type\":\"EntryPoint\",\"urlTemplate\":\"https:\/\/hobierotikshop.com.tr\/website1\/?s={search_term_string}\"},\"query-input\":{\"@type\":\"PropertyValueSpecification\",\"valueRequired\":true,\"valueName\":\"search_term_string\"}}],\"inLanguage\":\"tr\"},{\"@type\":\"Organization\",\"@id\":\"https:\/\/hobierotikshop.com.tr\/website1\/#organization\",\"name\":\"Harem Bursa Erotik Shop\",\"url\":\"https:\/\/hobierotikshop.com.tr\/website1\/\",\"logo\":{\"@type\":\"ImageObject\",\"inLanguage\":\"tr\",\"@id\":\"https:\/\/hobierotikshop.com.tr\/website1\/#\/schema\/logo\/image\/\",\"url\":\"https:\/\/haremerotikshop.com\/site\/wp-content\/uploads\/2025\/03\/haremsexshop.png\",\"contentUrl\":\"https:\/\/haremerotikshop.com\/site\/wp-content\/uploads\/2025\/03\/haremsexshop.png\",\"width\":400,\"height\":100,\"caption\":\"Harem Bursa Erotik Shop\"},\"image\":{\"@id\":\"https:\/\/hobierotikshop.com.tr\/website1\/#\/schema\/logo\/image\/\"},\"sameAs\":[\"https:\/\/x.com\/shopbursa\"],\"publishingPrinciples\":\"https:\/\/hobierotikshop.com.tr\/website1\/mesafeli-satis-sozlesmesi\/\",\"ownershipFundingInfo\":\"https:\/\/hobierotikshop.com.tr\/website1\/contact-us\/\",\"actionableFeedbackPolicy\":\"https:\/\/hobierotikshop.com.tr\/website1\/contact-us\/\",\"correctionsPolicy\":\"https:\/\/hobierotikshop.com.tr\/website1\/mesafeli-satis-sozlesmesi\/\"}]}<\/script>\n<meta property=\"product:brand\" content=\"Borassa\" \/>\n<meta property=\"product:price:amount\" content=\"1100.00\" \/>\n<meta property=\"product:price:currency\" content=\"TRY\" \/>\n<meta property=\"og:availability\" content=\"instock\" \/>\n<meta property=\"product:availability\" content=\"instock\" \/>\n<meta property=\"product:retailer_item_id\" content=\"HS3410\" \/>\n<meta property=\"product:condition\" content=\"new\" \/>\n<!-- \/ Yoast SEO Premium plugin. -->","yoast_head_json":{"title":"Siyah 3 L\u00fc Feti\u015fh Set - Bursa Erotik Shop","robots":{"index":"index","follow":"follow","max-snippet":"max-snippet:-1","max-image-preview":"max-image-preview:large","max-video-preview":"max-video-preview:-1"},"canonical":"https:\/\/hobierotikshop.com.tr\/website1\/erotik-shop-urun\/21488\/","og_locale":"tr_TR","og_type":"article","og_title":"Siyah 3 L\u00fc Feti\u015fh Set","og_description":"Cinsel hayat\u0131n\u0131za tutku, heyecan ve gizem katmak i\u00e7in \u00f6zel olarak tasarlanan Siyah 3'l\u00fc Feti\u015f Set, sizi yepyeni bir ke\u015fif yolculu\u011funa \u00e7\u0131kar\u0131yor. El ve ayak kelep\u00e7eleri, g\u00f6z band\u0131 ve k\u0131rba\u00e7 ile fantezilerinizi \u00f6zg\u00fcrce ya\u015faman\u0131z i\u00e7in m\u00fckemmel bir set sunuyor. Dayan\u0131kl\u0131 ve konforlu malzemesi, uzun s\u00fcreli kullan\u0131mlarda bile rahatl\u0131k sa\u011flar.","og_url":"https:\/\/hobierotikshop.com.tr\/website1\/erotik-shop-urun\/21488\/","og_site_name":"Bursa Erotik Shop","article_modified_time":"2026-01-26T11:38:46+00:00","og_image":[{"width":500,"height":500,"url":"https:\/\/hobierotikshop.com.tr\/website1\/wp-content\/uploads\/2025\/03\/MODEL-03-YENI.jpg","type":"image\/jpeg"}],"twitter_card":"summary_large_image","twitter_site":"@shopbursa","twitter_misc":{"Fiyat":"&#8378;1.100,00 KDV DAH\u0130L","Availability":"In stock"},"schema":{"@context":"https:\/\/schema.org","@graph":[{"@type":"WebPage","@id":"https:\/\/hobierotikshop.com.tr\/website1\/erotik-shop-urun\/21488\/","url":"https:\/\/hobierotikshop.com.tr\/website1\/erotik-shop-urun\/21488\/","name":"Siyah 3 L\u00fc Feti\u015fh Set - Bursa Erotik Shop","isPartOf":{"@id":"https:\/\/hobierotikshop.com.tr\/website1\/#website"},"primaryImageOfPage":{"@id":"https:\/\/hobierotikshop.com.tr\/website1\/erotik-shop-urun\/21488\/#primaryimage"},"image":{"@id":"https:\/\/hobierotikshop.com.tr\/website1\/erotik-shop-urun\/21488\/#primaryimage"},"thumbnailUrl":"https:\/\/haremerotikshop.com\/site\/wp-content\/uploads\/2025\/03\/MODEL-03-YENI.jpg","datePublished":"2025-03-25T11:47:56+00:00","dateModified":"2026-01-26T11:38:46+00:00","breadcrumb":{"@id":"https:\/\/hobierotikshop.com.tr\/website1\/erotik-shop-urun\/21488\/#breadcrumb"},"inLanguage":"tr","potentialAction":[{"@type":"ReadAction","target":["https:\/\/hobierotikshop.com.tr\/website1\/erotik-shop-urun\/21488\/"]}]},{"@type":"ImageObject","inLanguage":"tr","@id":"https:\/\/hobierotikshop.com.tr\/website1\/erotik-shop-urun\/21488\/#primaryimage","url":"https:\/\/haremerotikshop.com\/site\/wp-content\/uploads\/2025\/03\/MODEL-03-YENI.jpg","contentUrl":"https:\/\/haremerotikshop.com\/site\/wp-content\/uploads\/2025\/03\/MODEL-03-YENI.jpg","width":500,"height":500,"caption":"Bursa Sex Shop Siyah Feti\u015fh 3 l\u00fc Set"},{"@type":"BreadcrumbList","@id":"https:\/\/hobierotikshop.com.tr\/website1\/erotik-shop-urun\/21488\/#breadcrumb","itemListElement":[{"@type":"ListItem","position":1,"name":"Anasayfa","item":"https:\/\/hobierotikshop.com.tr\/website1\/"},{"@type":"ListItem","position":2,"name":"Erotik Shop \u00dcr\u00fcnleri","item":"https:\/\/hobierotikshop.com.tr\/website1\/shop\/"},{"@type":"ListItem","position":3,"name":"Siyah 3 L\u00fc Feti\u015fh Set"}]},{"@type":"WebSite","@id":"https:\/\/hobierotikshop.com.tr\/website1\/#website","url":"https:\/\/hobierotikshop.com.tr\/website1\/","name":"Bursa Erotik Shop","description":"Bursa Erotik Shop ile g\u00fcvenli, gizli ve kaliteli yeti\u015fkin \u00fcr\u00fcnleri al\u0131\u015fveri\u015fi! Geni\u015f \u00fcr\u00fcn yelpazemizi ke\u015ffedin, hemen sipari\u015f verin","publisher":{"@id":"https:\/\/hobierotikshop.com.tr\/website1\/#organization"},"alternateName":"Erotik Shop","potentialAction":[{"@type":"SearchAction","target":{"@type":"EntryPoint","urlTemplate":"https:\/\/hobierotikshop.com.tr\/website1\/?s={search_term_string}"},"query-input":{"@type":"PropertyValueSpecification","valueRequired":true,"valueName":"search_term_string"}}],"inLanguage":"tr"},{"@type":"Organization","@id":"https:\/\/hobierotikshop.com.tr\/website1\/#organization","name":"Harem Bursa Erotik Shop","url":"https:\/\/hobierotikshop.com.tr\/website1\/","logo":{"@type":"ImageObject","inLanguage":"tr","@id":"https:\/\/hobierotikshop.com.tr\/website1\/#\/schema\/logo\/image\/","url":"https:\/\/haremerotikshop.com\/site\/wp-content\/uploads\/2025\/03\/haremsexshop.png","contentUrl":"https:\/\/haremerotikshop.com\/site\/wp-content\/uploads\/2025\/03\/haremsexshop.png","width":400,"height":100,"caption":"Harem Bursa Erotik Shop"},"image":{"@id":"https:\/\/hobierotikshop.com.tr\/website1\/#\/schema\/logo\/image\/"},"sameAs":["https:\/\/x.com\/shopbursa"],"publishingPrinciples":"https:\/\/hobierotikshop.com.tr\/website1\/mesafeli-satis-sozlesmesi\/","ownershipFundingInfo":"https:\/\/hobierotikshop.com.tr\/website1\/contact-us\/","actionableFeedbackPolicy":"https:\/\/hobierotikshop.com.tr\/website1\/contact-us\/","correctionsPolicy":"https:\/\/hobierotikshop.com.tr\/website1\/mesafeli-satis-sozlesmesi\/"}]},"product_brand":"Borassa","product_price_amount":"1100.00","product_price_currency":"TRY","og_availability":"instock","product_availability":"instock","product_retailer_item_id":"HS3410","product_condition":"new"},"_links":{"self":[{"href":"https:\/\/haremerotikshop.com\/site\/wp-json\/wp\/v2\/product\/21488","targetHints":{"allow":["GET"]}}],"collection":[{"href":"https:\/\/haremerotikshop.com\/site\/wp-json\/wp\/v2\/product"}],"about":[{"href":"https:\/\/haremerotikshop.com\/site\/wp-json\/wp\/v2\/types\/product"}],"replies":[{"embeddable":true,"href":"https:\/\/haremerotikshop.com\/site\/wp-json\/wp\/v2\/comments?post=21488"}],"version-history":[{"count":0,"href":"https:\/\/haremerotikshop.com\/site\/wp-json\/wp\/v2\/product\/21488\/revisions"}],"wp:featuredmedia":[{"embeddable":true,"href":"https:\/\/haremerotikshop.com\/site\/wp-json\/wp\/v2\/media\/21662"}],"wp:attachment":[{"href":"https:\/\/haremerotikshop.com\/site\/wp-json\/wp\/v2\/media?parent=21488"}],"wp:term":[{"taxonomy":"product_brand","embeddable":true,"href":"https:\/\/haremerotikshop.com\/site\/wp-json\/wp\/v2\/product_brand?post=21488"},{"taxonomy":"product_cat","embeddable":true,"href":"https:\/\/haremerotikshop.com\/site\/wp-json\/wp\/v2\/product_cat?post=21488"},{"taxonomy":"product_tag","embeddable":true,"href":"https:\/\/haremerotikshop.com\/site\/wp-json\/wp\/v2\/product_tag?post=21488"}],"curies":[{"name":"wp","href":"https:\/\/api.w.org\/{rel}","templated":true}]}}