{"id":21490,"date":"2025-03-25T14:47:56","date_gmt":"2025-03-25T11:47:56","guid":{"rendered":"https:\/\/haremerotikshop.com\/site\/?post_type=product&#038;p=21490"},"modified":"2026-01-08T19:54:59","modified_gmt":"2026-01-08T16:54:59","slug":"fetis-tasma-kelepce-set","status":"publish","type":"product","link":"https:\/\/haremerotikshop.com\/site\/erotik-shop-urun\/fetis-tasma-kelepce-set\/","title":{"rendered":"Feti\u015f Tasma Kelep\u00e7e Set"},"content":{"rendered":"<h3 class=\"\" data-start=\"0\" data-end=\"68\"><strong data-start=\"4\" data-end=\"66\">\ud83d\udd25\ud83d\udda4 Deri Esaret Kelep\u00e7e Tak\u0131m\u0131 \u2013 S\u0131n\u0131rlar\u0131 Zorlay\u0131n! \ud83d\udda4\ud83d\udd25<\/strong><\/h3>\n<p class=\"\" data-start=\"70\" data-end=\"380\">Cinsel hayat\u0131n\u0131za <strong data-start=\"88\" data-end=\"118\">g\u00fc\u00e7, kontrol ve teslimiyet<\/strong> katan <strong data-start=\"125\" data-end=\"155\">Deri Esaret Kelep\u00e7e Tak\u0131m\u0131<\/strong>, tutkulu anlar\u0131n\u0131z\u0131 unutulmaz bir deneyime d\u00f6n\u00fc\u015ft\u00fcrmek i\u00e7in tasarland\u0131! <strong data-start=\"228\" data-end=\"270\">El i\u015f\u00e7ili\u011fiyle \u00fcretilmi\u015f \u00f6zel tasar\u0131m\u0131<\/strong>, <strong data-start=\"272\" data-end=\"297\">dayan\u0131kl\u0131 deri y\u00fczeyi<\/strong> ve <strong data-start=\"301\" data-end=\"327\">konforlu kilit sistemi<\/strong> ile hem \u015f\u0131k hem de fonksiyonel bir kullan\u0131m sunar.<\/p>\n<hr class=\"\" data-start=\"382\" data-end=\"387\" \/>\n<h3 class=\"\" data-start=\"389\" data-end=\"421\"><strong data-start=\"393\" data-end=\"419\">\ud83d\udca5 \u00dcr\u00fcn \u00d6zellikleri \ud83d\udca5<\/strong><\/h3>\n<p class=\"\" data-start=\"423\" data-end=\"893\">\u2714 <strong data-start=\"425\" data-end=\"466\">El \u0130\u015f\u00e7ili\u011fiyle \u00dcretilmi\u015f \u00d6zel Tasar\u0131m<\/strong> \u2013 \u015e\u0131k ve kaliteli g\u00f6r\u00fcn\u00fcm\u00fcyle dikkat \u00e7eker.<br data-start=\"510\" data-end=\"513\" \/>\u2714 <strong data-start=\"515\" data-end=\"545\">Y\u00fcksek Kaliteli Deri Y\u00fczey<\/strong> \u2013 <strong data-start=\"548\" data-end=\"561\">Dayan\u0131kl\u0131<\/strong> ve <strong data-start=\"565\" data-end=\"589\">uzun \u00f6m\u00fcrl\u00fc kullan\u0131m<\/strong> i\u00e7in \u00fcretilmi\u015ftir.<br data-start=\"608\" data-end=\"611\" \/>\u2714 <strong data-start=\"613\" data-end=\"650\">Konforlu ve G\u00fcvenli Kilit Sistemi<\/strong> \u2013 Bileklerinize rahat\u00e7a oturur ve g\u00fcvenli\u011fi garanti eder.<br data-start=\"708\" data-end=\"711\" \/>\u2714 <strong data-start=\"713\" data-end=\"732\">\u0130deal Uyumluluk<\/strong> \u2013 Her bilek \u00f6l\u00e7\u00fcs\u00fcne uygun <strong data-start=\"760\" data-end=\"791\">ayarlanabilir kay\u0131\u015f sistemi<\/strong>.<br data-start=\"792\" data-end=\"795\" \/>\u2714 <strong data-start=\"797\" data-end=\"819\">\u015e\u0131k Metal Detaylar<\/strong> \u2013 Estetik ve g\u00fc\u00e7l\u00fc duru\u015fuyla fantezilerinize e\u015flik edecek bir aksesuar.<\/p>\n<hr class=\"\" data-start=\"895\" data-end=\"900\" \/>\n<h3 class=\"\" data-start=\"902\" data-end=\"944\"><strong data-start=\"906\" data-end=\"942\">\ud83d\udd25 Fantezi D\u00fcnyan\u0131z\u0131 Geni\u015fletin!<\/strong><\/h3>\n<p class=\"\" data-start=\"946\" data-end=\"1227\">Deri Esaret Kelep\u00e7e Tak\u0131m\u0131, <strong data-start=\"974\" data-end=\"1058\">s\u0131n\u0131rlar\u0131 ke\u015ffetmek, kontrol\u00fc payla\u015fmak ve partnerinizle yeni deneyimler ya\u015famak<\/strong> i\u00e7in m\u00fckemmel bir tercihtir. <strong data-start=\"1088\" data-end=\"1109\">Yumu\u015fak i\u00e7 y\u00fczeyi<\/strong>, bileklerinizi s\u0131kmadan rahat bir kullan\u0131m sunarken, <strong data-start=\"1163\" data-end=\"1187\">sa\u011flam kilit sistemi<\/strong> sayesinde g\u00fcvenli bir deneyim sa\u011flar.<\/p>\n<hr class=\"\" data-start=\"1229\" data-end=\"1234\" \/>\n<h3 class=\"\" data-start=\"1236\" data-end=\"1267\"><strong data-start=\"1240\" data-end=\"1265\">\ud83d\udda4 Kimler \u0130\u00e7in Uygun?<\/strong><\/h3>\n<p class=\"\" data-start=\"1269\" data-end=\"1504\">\u2705 <strong data-start=\"1271\" data-end=\"1318\">Ba\u011flanma ve esaret oyunlar\u0131na ilgi duyanlar<\/strong><br data-start=\"1318\" data-end=\"1321\" \/>\u2705 <strong data-start=\"1323\" data-end=\"1381\">G\u00fc\u00e7 ve teslimiyet deneyimini ke\u015ffetmek isteyen \u00e7iftler<\/strong><br data-start=\"1381\" data-end=\"1384\" \/>\u2705 <strong data-start=\"1386\" data-end=\"1433\">\u015e\u0131k ve dayan\u0131kl\u0131 bir kelep\u00e7e seti arayanlar<\/strong><br data-start=\"1433\" data-end=\"1436\" \/>\u2705 <strong data-start=\"1438\" data-end=\"1502\">Fantezi d\u00fcnyas\u0131n\u0131 daha da heyecanl\u0131 hale getirmek isteyenler<\/strong><\/p>\n<hr class=\"\" data-start=\"1506\" data-end=\"1511\" \/>\n<p class=\"\" data-start=\"1587\" data-end=\"1849\">Bu \u00fcr\u00fcn tan\u0131t\u0131m\u0131, <strong data-start=\"1605\" data-end=\"1628\">deri kelep\u00e7e tak\u0131m\u0131<\/strong>, <strong data-start=\"1630\" data-end=\"1650\">esaret kelep\u00e7esi<\/strong>, <strong data-start=\"1652\" data-end=\"1676\">ba\u011flama aksesuarlar\u0131<\/strong>, <strong data-start=\"1678\" data-end=\"1702\">fantezi kelep\u00e7e seti<\/strong>, <strong data-start=\"1704\" data-end=\"1728\">BDSM bilek kelep\u00e7esi<\/strong>, <strong data-start=\"1730\" data-end=\"1751\">deri kelep\u00e7e seti<\/strong>, <strong data-start=\"1753\" data-end=\"1788\">kontrol ve teslimiyet kelep\u00e7esi<\/strong><\/p>\n<p class=\"\" data-start=\"1851\" data-end=\"1937\">\ud83d\udd25 <strong data-start=\"1854\" data-end=\"1931\">Tutkunuzu serbest b\u0131rak\u0131n, esaretin keyfini \u00e7\u0131kar\u0131n! Hemen sipari\u015f verin!<\/strong> \ud83d\udd25 \ud83d\ude80<\/p>\n","protected":false},"excerpt":{"rendered":"<p data-start=\"61\" data-end=\"276\">Cinsel hayat\u0131n\u0131za <strong data-start=\"88\" data-end=\"118\">g\u00fc\u00e7, kontrol ve teslimiyet<\/strong> katan <strong data-start=\"125\" data-end=\"155\">Deri Esaret Kelep\u00e7e Tak\u0131m\u0131<\/strong>, tutkulu anlar\u0131n\u0131z\u0131 unutulmaz bir deneyime d\u00f6n\u00fc\u015ft\u00fcrmek i\u00e7in tasarland\u0131! <strong data-start=\"228\" data-end=\"270\">El i\u015f\u00e7ili\u011fiyle \u00fcretilmi\u015f \u00f6zel tasar\u0131m\u0131<\/strong>, <strong data-start=\"272\" data-end=\"297\">dayan\u0131kl\u0131 deri y\u00fczeyi<\/strong> ve <strong data-start=\"301\" data-end=\"327\">konforlu kilit sistemi<\/strong> ile hem \u015f\u0131k hem de fonksiyonel bir kullan\u0131m sunar.<\/p>\n","protected":false},"featured_media":21668,"comment_status":"open","ping_status":"closed","template":"","meta":[],"product_brand":[466],"product_cat":[464,463],"product_tag":[],"class_list":{"0":"post-21490","1":"product","2":"type-product","3":"status-publish","4":"has-post-thumbnail","6":"product_brand-borassa","7":"product_cat-fetis-setler","8":"product_cat-fetis-urunler","10":"first","11":"instock","12":"taxable","13":"shipping-taxable","14":"purchasable","15":"product-type-simple"},"yoast_head":"<!-- This site is optimized with the Yoast SEO Premium plugin v24.4 (Yoast SEO v27.1.1) - https:\/\/yoast.com\/product\/yoast-seo-premium-wordpress\/ -->\n<title>Feti\u015f Tasma Kelep\u00e7e Set - Bursa Erotik Shop<\/title>\n<meta name=\"robots\" content=\"index, follow, max-snippet:-1, max-image-preview:large, max-video-preview:-1\" \/>\n<link rel=\"canonical\" href=\"https:\/\/hobierotikshop.com.tr\/website1\/erotik-shop-urun\/fetis-tasma-kelepce-set\/\" \/>\n<meta property=\"og:locale\" content=\"tr_TR\" \/>\n<meta property=\"og:type\" content=\"article\" \/>\n<meta property=\"og:title\" content=\"Feti\u015f Tasma Kelep\u00e7e Set\" \/>\n<meta property=\"og:description\" content=\"Cinsel hayat\u0131n\u0131za g\u00fc\u00e7, kontrol ve teslimiyet katan Deri Esaret Kelep\u00e7e Tak\u0131m\u0131, tutkulu anlar\u0131n\u0131z\u0131 unutulmaz bir deneyime d\u00f6n\u00fc\u015ft\u00fcrmek i\u00e7in tasarland\u0131! El i\u015f\u00e7ili\u011fiyle \u00fcretilmi\u015f \u00f6zel tasar\u0131m\u0131, dayan\u0131kl\u0131 deri y\u00fczeyi ve konforlu kilit sistemi ile hem \u015f\u0131k hem de fonksiyonel bir kullan\u0131m sunar.\" \/>\n<meta property=\"og:url\" content=\"https:\/\/hobierotikshop.com.tr\/website1\/erotik-shop-urun\/fetis-tasma-kelepce-set\/\" \/>\n<meta property=\"og:site_name\" content=\"Bursa Erotik Shop\" \/>\n<meta property=\"article:modified_time\" content=\"2026-01-08T16:54:59+00:00\" \/>\n<meta property=\"og:image\" content=\"https:\/\/hobierotikshop.com.tr\/website1\/wp-content\/uploads\/2025\/03\/MODEL-05-PLATIN.jpg\" \/>\n\t<meta property=\"og:image:width\" content=\"500\" \/>\n\t<meta property=\"og:image:height\" content=\"500\" \/>\n\t<meta property=\"og:image:type\" content=\"image\/jpeg\" \/>\n<meta name=\"twitter:card\" content=\"summary_large_image\" \/>\n<meta name=\"twitter:site\" content=\"@shopbursa\" \/>\n<meta name=\"twitter:label1\" content=\"Fiyat\" \/>\n\t<meta name=\"twitter:data1\" content=\"&#8378;1.600,00 KDV DAH\u0130L\" \/>\n\t<meta name=\"twitter:label2\" content=\"Availability\" \/>\n\t<meta name=\"twitter:data2\" content=\"In stock\" \/>\n<script type=\"application\/ld+json\" class=\"yoast-schema-graph\">{\"@context\":\"https:\/\/schema.org\",\"@graph\":[{\"@type\":\"WebPage\",\"@id\":\"https:\/\/hobierotikshop.com.tr\/website1\/erotik-shop-urun\/fetis-tasma-kelepce-set\/\",\"url\":\"https:\/\/hobierotikshop.com.tr\/website1\/erotik-shop-urun\/fetis-tasma-kelepce-set\/\",\"name\":\"Feti\u015f Tasma Kelep\u00e7e Set - Bursa Erotik Shop\",\"isPartOf\":{\"@id\":\"https:\/\/hobierotikshop.com.tr\/website1\/#website\"},\"primaryImageOfPage\":{\"@id\":\"https:\/\/hobierotikshop.com.tr\/website1\/erotik-shop-urun\/fetis-tasma-kelepce-set\/#primaryimage\"},\"image\":{\"@id\":\"https:\/\/hobierotikshop.com.tr\/website1\/erotik-shop-urun\/fetis-tasma-kelepce-set\/#primaryimage\"},\"thumbnailUrl\":\"https:\/\/haremerotikshop.com\/site\/wp-content\/uploads\/2025\/03\/MODEL-05-PLATIN.jpg\",\"datePublished\":\"2025-03-25T11:47:56+00:00\",\"dateModified\":\"2026-01-08T16:54:59+00:00\",\"breadcrumb\":{\"@id\":\"https:\/\/hobierotikshop.com.tr\/website1\/erotik-shop-urun\/fetis-tasma-kelepce-set\/#breadcrumb\"},\"inLanguage\":\"tr\",\"potentialAction\":[{\"@type\":\"ReadAction\",\"target\":[\"https:\/\/hobierotikshop.com.tr\/website1\/erotik-shop-urun\/fetis-tasma-kelepce-set\/\"]}]},{\"@type\":\"ImageObject\",\"inLanguage\":\"tr\",\"@id\":\"https:\/\/hobierotikshop.com.tr\/website1\/erotik-shop-urun\/fetis-tasma-kelepce-set\/#primaryimage\",\"url\":\"https:\/\/haremerotikshop.com\/site\/wp-content\/uploads\/2025\/03\/MODEL-05-PLATIN.jpg\",\"contentUrl\":\"https:\/\/haremerotikshop.com\/site\/wp-content\/uploads\/2025\/03\/MODEL-05-PLATIN.jpg\",\"width\":500,\"height\":500,\"caption\":\"Bursa Seks Shop Feti\u015fh Tasma Kelep\u00e7e Set\"},{\"@type\":\"BreadcrumbList\",\"@id\":\"https:\/\/hobierotikshop.com.tr\/website1\/erotik-shop-urun\/fetis-tasma-kelepce-set\/#breadcrumb\",\"itemListElement\":[{\"@type\":\"ListItem\",\"position\":1,\"name\":\"Anasayfa\",\"item\":\"https:\/\/hobierotikshop.com.tr\/website1\/\"},{\"@type\":\"ListItem\",\"position\":2,\"name\":\"Erotik Shop \u00dcr\u00fcnleri\",\"item\":\"https:\/\/hobierotikshop.com.tr\/website1\/shop\/\"},{\"@type\":\"ListItem\",\"position\":3,\"name\":\"Feti\u015f Tasma Kelep\u00e7e Set\"}]},{\"@type\":\"WebSite\",\"@id\":\"https:\/\/hobierotikshop.com.tr\/website1\/#website\",\"url\":\"https:\/\/hobierotikshop.com.tr\/website1\/\",\"name\":\"Bursa Erotik Shop\",\"description\":\"Bursa Erotik Shop ile g\u00fcvenli, gizli ve kaliteli yeti\u015fkin \u00fcr\u00fcnleri al\u0131\u015fveri\u015fi! Geni\u015f \u00fcr\u00fcn yelpazemizi ke\u015ffedin, hemen sipari\u015f verin\",\"publisher\":{\"@id\":\"https:\/\/hobierotikshop.com.tr\/website1\/#organization\"},\"alternateName\":\"Erotik Shop\",\"potentialAction\":[{\"@type\":\"SearchAction\",\"target\":{\"@type\":\"EntryPoint\",\"urlTemplate\":\"https:\/\/hobierotikshop.com.tr\/website1\/?s={search_term_string}\"},\"query-input\":{\"@type\":\"PropertyValueSpecification\",\"valueRequired\":true,\"valueName\":\"search_term_string\"}}],\"inLanguage\":\"tr\"},{\"@type\":\"Organization\",\"@id\":\"https:\/\/hobierotikshop.com.tr\/website1\/#organization\",\"name\":\"Harem Bursa Erotik Shop\",\"url\":\"https:\/\/hobierotikshop.com.tr\/website1\/\",\"logo\":{\"@type\":\"ImageObject\",\"inLanguage\":\"tr\",\"@id\":\"https:\/\/hobierotikshop.com.tr\/website1\/#\/schema\/logo\/image\/\",\"url\":\"https:\/\/haremerotikshop.com\/wp-content\/uploads\/2025\/03\/haremsexshop.png\",\"contentUrl\":\"https:\/\/haremerotikshop.com\/wp-content\/uploads\/2025\/03\/haremsexshop.png\",\"width\":400,\"height\":100,\"caption\":\"Harem Bursa Erotik Shop\"},\"image\":{\"@id\":\"https:\/\/hobierotikshop.com.tr\/website1\/#\/schema\/logo\/image\/\"},\"sameAs\":[\"https:\/\/x.com\/shopbursa\"],\"publishingPrinciples\":\"https:\/\/hobierotikshop.com.tr\/website1\/mesafeli-satis-sozlesmesi\/\",\"ownershipFundingInfo\":\"https:\/\/hobierotikshop.com.tr\/website1\/contact-us\/\",\"actionableFeedbackPolicy\":\"https:\/\/hobierotikshop.com.tr\/website1\/contact-us\/\",\"correctionsPolicy\":\"https:\/\/hobierotikshop.com.tr\/website1\/mesafeli-satis-sozlesmesi\/\"}]}<\/script>\n<meta property=\"product:brand\" content=\"Borassa\" \/>\n<meta property=\"product:price:amount\" content=\"1600.00\" \/>\n<meta property=\"product:price:currency\" content=\"TRY\" \/>\n<meta property=\"og:availability\" content=\"instock\" \/>\n<meta property=\"product:availability\" content=\"instock\" \/>\n<meta property=\"product:retailer_item_id\" content=\"HS3412\" \/>\n<meta property=\"product:condition\" content=\"new\" \/>\n<!-- \/ Yoast SEO Premium plugin. -->","yoast_head_json":{"title":"Feti\u015f Tasma Kelep\u00e7e Set - Bursa Erotik Shop","robots":{"index":"index","follow":"follow","max-snippet":"max-snippet:-1","max-image-preview":"max-image-preview:large","max-video-preview":"max-video-preview:-1"},"canonical":"https:\/\/hobierotikshop.com.tr\/website1\/erotik-shop-urun\/fetis-tasma-kelepce-set\/","og_locale":"tr_TR","og_type":"article","og_title":"Feti\u015f Tasma Kelep\u00e7e Set","og_description":"Cinsel hayat\u0131n\u0131za g\u00fc\u00e7, kontrol ve teslimiyet katan Deri Esaret Kelep\u00e7e Tak\u0131m\u0131, tutkulu anlar\u0131n\u0131z\u0131 unutulmaz bir deneyime d\u00f6n\u00fc\u015ft\u00fcrmek i\u00e7in tasarland\u0131! El i\u015f\u00e7ili\u011fiyle \u00fcretilmi\u015f \u00f6zel tasar\u0131m\u0131, dayan\u0131kl\u0131 deri y\u00fczeyi ve konforlu kilit sistemi ile hem \u015f\u0131k hem de fonksiyonel bir kullan\u0131m sunar.","og_url":"https:\/\/hobierotikshop.com.tr\/website1\/erotik-shop-urun\/fetis-tasma-kelepce-set\/","og_site_name":"Bursa Erotik Shop","article_modified_time":"2026-01-08T16:54:59+00:00","og_image":[{"width":500,"height":500,"url":"https:\/\/hobierotikshop.com.tr\/website1\/wp-content\/uploads\/2025\/03\/MODEL-05-PLATIN.jpg","type":"image\/jpeg"}],"twitter_card":"summary_large_image","twitter_site":"@shopbursa","twitter_misc":{"Fiyat":"&#8378;1.600,00 KDV DAH\u0130L","Availability":"In stock"},"schema":{"@context":"https:\/\/schema.org","@graph":[{"@type":"WebPage","@id":"https:\/\/hobierotikshop.com.tr\/website1\/erotik-shop-urun\/fetis-tasma-kelepce-set\/","url":"https:\/\/hobierotikshop.com.tr\/website1\/erotik-shop-urun\/fetis-tasma-kelepce-set\/","name":"Feti\u015f Tasma Kelep\u00e7e Set - Bursa Erotik Shop","isPartOf":{"@id":"https:\/\/hobierotikshop.com.tr\/website1\/#website"},"primaryImageOfPage":{"@id":"https:\/\/hobierotikshop.com.tr\/website1\/erotik-shop-urun\/fetis-tasma-kelepce-set\/#primaryimage"},"image":{"@id":"https:\/\/hobierotikshop.com.tr\/website1\/erotik-shop-urun\/fetis-tasma-kelepce-set\/#primaryimage"},"thumbnailUrl":"https:\/\/haremerotikshop.com\/site\/wp-content\/uploads\/2025\/03\/MODEL-05-PLATIN.jpg","datePublished":"2025-03-25T11:47:56+00:00","dateModified":"2026-01-08T16:54:59+00:00","breadcrumb":{"@id":"https:\/\/hobierotikshop.com.tr\/website1\/erotik-shop-urun\/fetis-tasma-kelepce-set\/#breadcrumb"},"inLanguage":"tr","potentialAction":[{"@type":"ReadAction","target":["https:\/\/hobierotikshop.com.tr\/website1\/erotik-shop-urun\/fetis-tasma-kelepce-set\/"]}]},{"@type":"ImageObject","inLanguage":"tr","@id":"https:\/\/hobierotikshop.com.tr\/website1\/erotik-shop-urun\/fetis-tasma-kelepce-set\/#primaryimage","url":"https:\/\/haremerotikshop.com\/site\/wp-content\/uploads\/2025\/03\/MODEL-05-PLATIN.jpg","contentUrl":"https:\/\/haremerotikshop.com\/site\/wp-content\/uploads\/2025\/03\/MODEL-05-PLATIN.jpg","width":500,"height":500,"caption":"Bursa Seks Shop Feti\u015fh Tasma Kelep\u00e7e Set"},{"@type":"BreadcrumbList","@id":"https:\/\/hobierotikshop.com.tr\/website1\/erotik-shop-urun\/fetis-tasma-kelepce-set\/#breadcrumb","itemListElement":[{"@type":"ListItem","position":1,"name":"Anasayfa","item":"https:\/\/hobierotikshop.com.tr\/website1\/"},{"@type":"ListItem","position":2,"name":"Erotik Shop \u00dcr\u00fcnleri","item":"https:\/\/hobierotikshop.com.tr\/website1\/shop\/"},{"@type":"ListItem","position":3,"name":"Feti\u015f Tasma Kelep\u00e7e Set"}]},{"@type":"WebSite","@id":"https:\/\/hobierotikshop.com.tr\/website1\/#website","url":"https:\/\/hobierotikshop.com.tr\/website1\/","name":"Bursa Erotik Shop","description":"Bursa Erotik Shop ile g\u00fcvenli, gizli ve kaliteli yeti\u015fkin \u00fcr\u00fcnleri al\u0131\u015fveri\u015fi! Geni\u015f \u00fcr\u00fcn yelpazemizi ke\u015ffedin, hemen sipari\u015f verin","publisher":{"@id":"https:\/\/hobierotikshop.com.tr\/website1\/#organization"},"alternateName":"Erotik Shop","potentialAction":[{"@type":"SearchAction","target":{"@type":"EntryPoint","urlTemplate":"https:\/\/hobierotikshop.com.tr\/website1\/?s={search_term_string}"},"query-input":{"@type":"PropertyValueSpecification","valueRequired":true,"valueName":"search_term_string"}}],"inLanguage":"tr"},{"@type":"Organization","@id":"https:\/\/hobierotikshop.com.tr\/website1\/#organization","name":"Harem Bursa Erotik Shop","url":"https:\/\/hobierotikshop.com.tr\/website1\/","logo":{"@type":"ImageObject","inLanguage":"tr","@id":"https:\/\/hobierotikshop.com.tr\/website1\/#\/schema\/logo\/image\/","url":"https:\/\/haremerotikshop.com\/wp-content\/uploads\/2025\/03\/haremsexshop.png","contentUrl":"https:\/\/haremerotikshop.com\/wp-content\/uploads\/2025\/03\/haremsexshop.png","width":400,"height":100,"caption":"Harem Bursa Erotik Shop"},"image":{"@id":"https:\/\/hobierotikshop.com.tr\/website1\/#\/schema\/logo\/image\/"},"sameAs":["https:\/\/x.com\/shopbursa"],"publishingPrinciples":"https:\/\/hobierotikshop.com.tr\/website1\/mesafeli-satis-sozlesmesi\/","ownershipFundingInfo":"https:\/\/hobierotikshop.com.tr\/website1\/contact-us\/","actionableFeedbackPolicy":"https:\/\/hobierotikshop.com.tr\/website1\/contact-us\/","correctionsPolicy":"https:\/\/hobierotikshop.com.tr\/website1\/mesafeli-satis-sozlesmesi\/"}]},"product_brand":"Borassa","product_price_amount":"1600.00","product_price_currency":"TRY","og_availability":"instock","product_availability":"instock","product_retailer_item_id":"HS3412","product_condition":"new"},"_links":{"self":[{"href":"https:\/\/haremerotikshop.com\/site\/wp-json\/wp\/v2\/product\/21490","targetHints":{"allow":["GET"]}}],"collection":[{"href":"https:\/\/haremerotikshop.com\/site\/wp-json\/wp\/v2\/product"}],"about":[{"href":"https:\/\/haremerotikshop.com\/site\/wp-json\/wp\/v2\/types\/product"}],"replies":[{"embeddable":true,"href":"https:\/\/haremerotikshop.com\/site\/wp-json\/wp\/v2\/comments?post=21490"}],"version-history":[{"count":0,"href":"https:\/\/haremerotikshop.com\/site\/wp-json\/wp\/v2\/product\/21490\/revisions"}],"wp:featuredmedia":[{"embeddable":true,"href":"https:\/\/haremerotikshop.com\/site\/wp-json\/wp\/v2\/media\/21668"}],"wp:attachment":[{"href":"https:\/\/haremerotikshop.com\/site\/wp-json\/wp\/v2\/media?parent=21490"}],"wp:term":[{"taxonomy":"product_brand","embeddable":true,"href":"https:\/\/haremerotikshop.com\/site\/wp-json\/wp\/v2\/product_brand?post=21490"},{"taxonomy":"product_cat","embeddable":true,"href":"https:\/\/haremerotikshop.com\/site\/wp-json\/wp\/v2\/product_cat?post=21490"},{"taxonomy":"product_tag","embeddable":true,"href":"https:\/\/haremerotikshop.com\/site\/wp-json\/wp\/v2\/product_tag?post=21490"}],"curies":[{"name":"wp","href":"https:\/\/api.w.org\/{rel}","templated":true}]}}