{"id":21491,"date":"2025-03-25T14:47:56","date_gmt":"2025-03-25T11:47:56","guid":{"rendered":"https:\/\/haremerotikshop.com\/site\/?post_type=product&#038;p=21491"},"modified":"2026-01-08T19:53:37","modified_gmt":"2026-01-08T16:53:37","slug":"fantezi-kapi-salincagi","status":"publish","type":"product","link":"https:\/\/haremerotikshop.com\/site\/erotik-shop-urun\/fantezi-kapi-salincagi\/","title":{"rendered":"Fantezi Kap\u0131 Sal\u0131nca\u011f\u0131"},"content":{"rendered":"<h3 class=\"\" data-start=\"0\" data-end=\"76\"><strong data-start=\"4\" data-end=\"74\">\ud83d\udd25\ud83d\udda4 Fetish \u00d6zel Fantezi Kap\u0131 Sal\u0131nca\u011f\u0131 \u2013 S\u0131n\u0131rlar\u0131 Zorlay\u0131n! \ud83d\udda4\ud83d\udd25<\/strong><\/h3>\n<p class=\"\" data-start=\"78\" data-end=\"399\">Cinsel hayat\u0131n\u0131za <strong data-start=\"96\" data-end=\"137\">yenilik, heyecan ve s\u0131n\u0131rs\u0131z \u00f6zg\u00fcrl\u00fck<\/strong> katmak i\u00e7in tasarlanan <strong data-start=\"161\" data-end=\"199\">Fetish \u00d6zel Fantezi Kap\u0131 Sal\u0131nca\u011f\u0131<\/strong>, fantezilerinizi ger\u00e7e\u011fe d\u00f6n\u00fc\u015ft\u00fcrmek i\u00e7in m\u00fckemmel bir tercihtir! <strong data-start=\"266\" data-end=\"286\">Dayan\u0131kl\u0131 yap\u0131s\u0131<\/strong>, <strong data-start=\"288\" data-end=\"306\">pratik montaj\u0131<\/strong> ve <strong data-start=\"310\" data-end=\"352\">farkl\u0131 pozisyonlar i\u00e7in ideal tasar\u0131m\u0131<\/strong> ile <strong data-start=\"357\" data-end=\"385\">tutkuyu zirveye ta\u015f\u0131maya<\/strong> haz\u0131r olun!<\/p>\n<hr class=\"\" data-start=\"401\" data-end=\"406\" \/>\n<h3 class=\"\" data-start=\"408\" data-end=\"440\"><strong data-start=\"412\" data-end=\"438\">\ud83d\udca5 \u00dcr\u00fcn \u00d6zellikleri \ud83d\udca5<\/strong><\/h3>\n<p class=\"\" data-start=\"442\" data-end=\"1113\">\u2714 <strong data-start=\"444\" data-end=\"484\">150 KG\u2019a Kadar Dayan\u0131kl\u0131 Sa\u011flam Yap\u0131<\/strong> \u2013 <strong data-start=\"487\" data-end=\"509\">G\u00fc\u00e7l\u00fc metal aksam\u0131<\/strong> ve <strong data-start=\"513\" data-end=\"545\">y\u00fcksek mukavemetli kay\u0131\u015flar\u0131<\/strong> sayesinde g\u00fcvenle kullan\u0131labilir.<br data-start=\"579\" data-end=\"582\" \/>\u2714 <strong data-start=\"584\" data-end=\"616\">G\u00fc\u00e7l\u00fc ve Uzun \u00d6m\u00fcrl\u00fc Malzeme<\/strong> \u2013 <strong data-start=\"619\" data-end=\"663\">Dayan\u0131kl\u0131 kuma\u015f ve sa\u011flam metal halkalar<\/strong>, uzun y\u0131llar boyunca g\u00fcvenli kullan\u0131m sunar.<br data-start=\"708\" data-end=\"711\" \/>\u2714 <strong data-start=\"713\" data-end=\"750\">Kap\u0131lara Kolayca Monte Edilebilir<\/strong> \u2013 <strong data-start=\"753\" data-end=\"785\">Duvar delmeye gerek kalmadan<\/strong> kap\u0131 \u00fczerine yerle\u015ftirerek h\u0131zl\u0131 ve pratik bir kurulum sa\u011flar.<br data-start=\"848\" data-end=\"851\" \/>\u2714 <strong data-start=\"853\" data-end=\"899\">Onlarca Farkl\u0131 Pozisyon \u0130\u00e7in \u0130deal Tasar\u0131m<\/strong> \u2013 <strong data-start=\"902\" data-end=\"942\">Esnek ve ayarlanabilir kay\u0131\u015f sistemi<\/strong>, <strong data-start=\"944\" data-end=\"981\" data-is-only-node=\"\">farkl\u0131 a\u00e7\u0131larda ve y\u00fcksekliklerde<\/strong> kullan\u0131m imkan\u0131 sunar.<br data-start=\"1004\" data-end=\"1007\" \/>\u2714 <strong data-start=\"1009\" data-end=\"1032\">Konforlu ve G\u00fcvenli<\/strong> \u2013 <strong data-start=\"1035\" data-end=\"1064\">Yast\u0131kl\u0131 destek noktalar\u0131<\/strong> sayesinde rahat bir deneyim ya\u015faman\u0131z\u0131 sa\u011flar.<\/p>\n<hr class=\"\" data-start=\"1115\" data-end=\"1120\" \/>\n<h3 class=\"\" data-start=\"1122\" data-end=\"1164\"><strong data-start=\"1126\" data-end=\"1162\">\ud83d\udd25 Fantezi D\u00fcnyan\u0131z\u0131 Geni\u015fletin!<\/strong><\/h3>\n<p class=\"\" data-start=\"1166\" data-end=\"1520\">Fetish \u00d6zel Fantezi Kap\u0131 Sal\u0131nca\u011f\u0131, <strong data-start=\"1202\" data-end=\"1243\">fiziksel s\u0131n\u0131rlar\u0131 ortadan kald\u0131rarak<\/strong> \u00e7ok daha \u00f6zg\u00fcr, yarat\u0131c\u0131 ve heyecan dolu deneyimler ya\u015faman\u0131z\u0131 sa\u011flar. <strong data-start=\"1315\" data-end=\"1340\">Ekstra g\u00fc\u00e7 harcamadan<\/strong>, <strong data-start=\"1342\" data-end=\"1416\">partnerinizle birlikte daha derin ve etkileyici anlar ya\u015fayabilirsiniz<\/strong>. <strong data-start=\"1418\" data-end=\"1447\">Yerde bile kullan\u0131labilir<\/strong>, b\u00f6ylece <strong data-start=\"1457\" data-end=\"1486\">yer\u00e7ekimine meydan okuyan<\/strong> fanteziler ger\u00e7e\u011fe d\u00f6n\u00fc\u015febilir!<\/p>\n<hr class=\"\" data-start=\"1522\" data-end=\"1527\" \/>\n<h3 class=\"\" data-start=\"1529\" data-end=\"1560\"><strong data-start=\"1533\" data-end=\"1558\">\ud83d\udda4 Kimler \u0130\u00e7in Uygun?<\/strong><\/h3>\n<p class=\"\" data-start=\"1562\" data-end=\"1800\">\u2705 <strong data-start=\"1564\" data-end=\"1602\">Yeni deneyimlere a\u00e7\u0131k olan \u00e7iftler<\/strong><br data-start=\"1602\" data-end=\"1605\" \/>\u2705 <strong data-start=\"1607\" data-end=\"1664\">Yarat\u0131c\u0131 ve \u00f6zg\u00fcr seks deneyimleri ya\u015famak isteyenler<\/strong><br data-start=\"1664\" data-end=\"1667\" \/>\u2705 <strong data-start=\"1669\" data-end=\"1732\">G\u00fc\u00e7l\u00fc, sa\u011flam ve kolay kurulan bir seks sal\u0131nca\u011f\u0131 arayanlar<\/strong><br data-start=\"1732\" data-end=\"1735\" \/>\u2705 <strong data-start=\"1737\" data-end=\"1798\">Yer\u00e7ekimi s\u0131n\u0131rlar\u0131n\u0131 zorlamak isteyen fantezi tutkunlar\u0131<\/strong><\/p>\n<hr class=\"\" data-start=\"1802\" data-end=\"1807\" \/>\n<p class=\"\" data-start=\"1883\" data-end=\"2166\">Bu \u00fcr\u00fcn tan\u0131t\u0131m\u0131, <strong data-start=\"1901\" data-end=\"1919\">kap\u0131 sal\u0131nca\u011f\u0131<\/strong>, <strong data-start=\"1921\" data-end=\"1939\">seks sal\u0131nca\u011f\u0131<\/strong>, <strong data-start=\"1941\" data-end=\"1975\">kap\u0131ya monte fantezi sal\u0131nca\u011f\u0131<\/strong>, <strong data-start=\"1977\" data-end=\"2005\">dayan\u0131kl\u0131 BDSM sal\u0131nca\u011f\u0131<\/strong>, <strong data-start=\"2007\" data-end=\"2038\">ba\u011flama ve destek sal\u0131nca\u011f\u0131<\/strong>, <strong data-start=\"2040\" data-end=\"2064\">fantezi aksesuarlar\u0131<\/strong>, <strong data-start=\"2066\" data-end=\"2103\">\u00e7iftler i\u00e7in \u00f6zel feti\u015f sal\u0131nca\u011f\u0131.<\/strong><\/p>\n<p class=\"\" data-start=\"2168\" data-end=\"2248\">\ud83d\udd25 <strong data-start=\"2171\" data-end=\"2242\">Tutkunuzu zirveye ta\u015f\u0131y\u0131n, s\u0131n\u0131rlar\u0131 zorlay\u0131n! Hemen sipari\u015f verin!<\/strong> \ud83d\udd25 \ud83d\ude80<\/p>\n","protected":false},"excerpt":{"rendered":"<p data-start=\"69\" data-end=\"280\">Cinsel hayat\u0131n\u0131za <strong data-start=\"96\" data-end=\"137\">yenilik, heyecan ve s\u0131n\u0131rs\u0131z \u00f6zg\u00fcrl\u00fck<\/strong> katmak i\u00e7in tasarlanan <strong data-start=\"161\" data-end=\"199\">Fetish \u00d6zel Fantezi Kap\u0131 Sal\u0131nca\u011f\u0131<\/strong>, fantezilerinizi ger\u00e7e\u011fe d\u00f6n\u00fc\u015ft\u00fcrmek i\u00e7in m\u00fckemmel bir tercihtir! <strong data-start=\"266\" data-end=\"286\">Dayan\u0131kl\u0131 yap\u0131s\u0131<\/strong>, <strong data-start=\"288\" data-end=\"306\">pratik montaj\u0131<\/strong> ve <strong data-start=\"310\" data-end=\"352\">farkl\u0131 pozisyonlar i\u00e7in ideal tasar\u0131m\u0131<\/strong> ile <strong data-start=\"357\" data-end=\"385\">tutkuyu zirveye ta\u015f\u0131maya<\/strong> haz\u0131r olun!<\/p>\n","protected":false},"featured_media":21675,"comment_status":"open","ping_status":"closed","template":"","meta":[],"product_brand":[466],"product_cat":[464,463],"product_tag":[],"class_list":{"0":"post-21491","1":"product","2":"type-product","3":"status-publish","4":"has-post-thumbnail","6":"product_brand-borassa","7":"product_cat-fetis-setler","8":"product_cat-fetis-urunler","10":"first","11":"instock","12":"taxable","13":"shipping-taxable","14":"purchasable","15":"product-type-simple"},"yoast_head":"<!-- This site is optimized with the Yoast SEO Premium plugin v24.4 (Yoast SEO v27.1.1) - https:\/\/yoast.com\/product\/yoast-seo-premium-wordpress\/ -->\n<title>Fantezi Kap\u0131 Sal\u0131nca\u011f\u0131 - Bursa Erotik Shop<\/title>\n<meta name=\"robots\" content=\"index, follow, max-snippet:-1, max-image-preview:large, max-video-preview:-1\" \/>\n<link rel=\"canonical\" href=\"https:\/\/hobierotikshop.com.tr\/website1\/erotik-shop-urun\/fantezi-kapi-salincagi\/\" \/>\n<meta property=\"og:locale\" content=\"tr_TR\" \/>\n<meta property=\"og:type\" content=\"article\" \/>\n<meta property=\"og:title\" content=\"Fantezi Kap\u0131 Sal\u0131nca\u011f\u0131\" \/>\n<meta property=\"og:description\" content=\"Cinsel hayat\u0131n\u0131za yenilik, heyecan ve s\u0131n\u0131rs\u0131z \u00f6zg\u00fcrl\u00fck katmak i\u00e7in tasarlanan Fetish \u00d6zel Fantezi Kap\u0131 Sal\u0131nca\u011f\u0131, fantezilerinizi ger\u00e7e\u011fe d\u00f6n\u00fc\u015ft\u00fcrmek i\u00e7in m\u00fckemmel bir tercihtir! Dayan\u0131kl\u0131 yap\u0131s\u0131, pratik montaj\u0131 ve farkl\u0131 pozisyonlar i\u00e7in ideal tasar\u0131m\u0131 ile tutkuyu zirveye ta\u015f\u0131maya haz\u0131r olun!\" \/>\n<meta property=\"og:url\" content=\"https:\/\/hobierotikshop.com.tr\/website1\/erotik-shop-urun\/fantezi-kapi-salincagi\/\" \/>\n<meta property=\"og:site_name\" content=\"Bursa Erotik Shop\" \/>\n<meta property=\"article:modified_time\" content=\"2026-01-08T16:53:37+00:00\" \/>\n<meta property=\"og:image\" content=\"https:\/\/hobierotikshop.com.tr\/website1\/wp-content\/uploads\/2025\/03\/MODEL-25-PLATIN.jpg\" \/>\n\t<meta property=\"og:image:width\" content=\"500\" \/>\n\t<meta property=\"og:image:height\" content=\"500\" \/>\n\t<meta property=\"og:image:type\" content=\"image\/jpeg\" \/>\n<meta name=\"twitter:card\" content=\"summary_large_image\" \/>\n<meta name=\"twitter:site\" content=\"@shopbursa\" \/>\n<meta name=\"twitter:label1\" content=\"Fiyat\" \/>\n\t<meta name=\"twitter:data1\" content=\"&#8378;1.600,00 KDV DAH\u0130L\" \/>\n\t<meta name=\"twitter:label2\" content=\"Availability\" \/>\n\t<meta name=\"twitter:data2\" content=\"In stock\" \/>\n<script type=\"application\/ld+json\" class=\"yoast-schema-graph\">{\"@context\":\"https:\/\/schema.org\",\"@graph\":[{\"@type\":\"WebPage\",\"@id\":\"https:\/\/hobierotikshop.com.tr\/website1\/erotik-shop-urun\/fantezi-kapi-salincagi\/\",\"url\":\"https:\/\/hobierotikshop.com.tr\/website1\/erotik-shop-urun\/fantezi-kapi-salincagi\/\",\"name\":\"Fantezi Kap\u0131 Sal\u0131nca\u011f\u0131 - Bursa Erotik Shop\",\"isPartOf\":{\"@id\":\"https:\/\/hobierotikshop.com.tr\/website1\/#website\"},\"primaryImageOfPage\":{\"@id\":\"https:\/\/hobierotikshop.com.tr\/website1\/erotik-shop-urun\/fantezi-kapi-salincagi\/#primaryimage\"},\"image\":{\"@id\":\"https:\/\/hobierotikshop.com.tr\/website1\/erotik-shop-urun\/fantezi-kapi-salincagi\/#primaryimage\"},\"thumbnailUrl\":\"https:\/\/haremerotikshop.com\/site\/wp-content\/uploads\/2025\/03\/MODEL-25-PLATIN.jpg\",\"datePublished\":\"2025-03-25T11:47:56+00:00\",\"dateModified\":\"2026-01-08T16:53:37+00:00\",\"breadcrumb\":{\"@id\":\"https:\/\/hobierotikshop.com.tr\/website1\/erotik-shop-urun\/fantezi-kapi-salincagi\/#breadcrumb\"},\"inLanguage\":\"tr\",\"potentialAction\":[{\"@type\":\"ReadAction\",\"target\":[\"https:\/\/hobierotikshop.com.tr\/website1\/erotik-shop-urun\/fantezi-kapi-salincagi\/\"]}]},{\"@type\":\"ImageObject\",\"inLanguage\":\"tr\",\"@id\":\"https:\/\/hobierotikshop.com.tr\/website1\/erotik-shop-urun\/fantezi-kapi-salincagi\/#primaryimage\",\"url\":\"https:\/\/haremerotikshop.com\/site\/wp-content\/uploads\/2025\/03\/MODEL-25-PLATIN.jpg\",\"contentUrl\":\"https:\/\/haremerotikshop.com\/site\/wp-content\/uploads\/2025\/03\/MODEL-25-PLATIN.jpg\",\"width\":500,\"height\":500,\"caption\":\"Sex Shop Bursa Fantezi Kap\u0131 Sal\u0131nca\u011f\u0131\"},{\"@type\":\"BreadcrumbList\",\"@id\":\"https:\/\/hobierotikshop.com.tr\/website1\/erotik-shop-urun\/fantezi-kapi-salincagi\/#breadcrumb\",\"itemListElement\":[{\"@type\":\"ListItem\",\"position\":1,\"name\":\"Anasayfa\",\"item\":\"https:\/\/hobierotikshop.com.tr\/website1\/\"},{\"@type\":\"ListItem\",\"position\":2,\"name\":\"Erotik Shop \u00dcr\u00fcnleri\",\"item\":\"https:\/\/hobierotikshop.com.tr\/website1\/shop\/\"},{\"@type\":\"ListItem\",\"position\":3,\"name\":\"Fantezi Kap\u0131 Sal\u0131nca\u011f\u0131\"}]},{\"@type\":\"WebSite\",\"@id\":\"https:\/\/hobierotikshop.com.tr\/website1\/#website\",\"url\":\"https:\/\/hobierotikshop.com.tr\/website1\/\",\"name\":\"Bursa Erotik Shop\",\"description\":\"Bursa Erotik Shop ile g\u00fcvenli, gizli ve kaliteli yeti\u015fkin \u00fcr\u00fcnleri al\u0131\u015fveri\u015fi! Geni\u015f \u00fcr\u00fcn yelpazemizi ke\u015ffedin, hemen sipari\u015f verin\",\"publisher\":{\"@id\":\"https:\/\/hobierotikshop.com.tr\/website1\/#organization\"},\"alternateName\":\"Erotik Shop\",\"potentialAction\":[{\"@type\":\"SearchAction\",\"target\":{\"@type\":\"EntryPoint\",\"urlTemplate\":\"https:\/\/hobierotikshop.com.tr\/website1\/?s={search_term_string}\"},\"query-input\":{\"@type\":\"PropertyValueSpecification\",\"valueRequired\":true,\"valueName\":\"search_term_string\"}}],\"inLanguage\":\"tr\"},{\"@type\":\"Organization\",\"@id\":\"https:\/\/hobierotikshop.com.tr\/website1\/#organization\",\"name\":\"Harem Bursa Erotik Shop\",\"url\":\"https:\/\/hobierotikshop.com.tr\/website1\/\",\"logo\":{\"@type\":\"ImageObject\",\"inLanguage\":\"tr\",\"@id\":\"https:\/\/hobierotikshop.com.tr\/website1\/#\/schema\/logo\/image\/\",\"url\":\"https:\/\/haremerotikshop.com\/site\/wp-content\/uploads\/2025\/03\/haremsexshop.png\",\"contentUrl\":\"https:\/\/haremerotikshop.com\/site\/wp-content\/uploads\/2025\/03\/haremsexshop.png\",\"width\":400,\"height\":100,\"caption\":\"Harem Bursa Erotik Shop\"},\"image\":{\"@id\":\"https:\/\/hobierotikshop.com.tr\/website1\/#\/schema\/logo\/image\/\"},\"sameAs\":[\"https:\/\/x.com\/shopbursa\"],\"publishingPrinciples\":\"https:\/\/hobierotikshop.com.tr\/website1\/mesafeli-satis-sozlesmesi\/\",\"ownershipFundingInfo\":\"https:\/\/hobierotikshop.com.tr\/website1\/contact-us\/\",\"actionableFeedbackPolicy\":\"https:\/\/hobierotikshop.com.tr\/website1\/contact-us\/\",\"correctionsPolicy\":\"https:\/\/hobierotikshop.com.tr\/website1\/mesafeli-satis-sozlesmesi\/\"}]}<\/script>\n<meta property=\"product:brand\" content=\"Borassa\" \/>\n<meta property=\"product:price:amount\" content=\"1600.00\" \/>\n<meta property=\"product:price:currency\" content=\"TRY\" \/>\n<meta property=\"og:availability\" content=\"instock\" \/>\n<meta property=\"product:availability\" content=\"instock\" \/>\n<meta property=\"product:retailer_item_id\" content=\"HS3413\" \/>\n<meta property=\"product:condition\" content=\"new\" \/>\n<!-- \/ Yoast SEO Premium plugin. -->","yoast_head_json":{"title":"Fantezi Kap\u0131 Sal\u0131nca\u011f\u0131 - Bursa Erotik Shop","robots":{"index":"index","follow":"follow","max-snippet":"max-snippet:-1","max-image-preview":"max-image-preview:large","max-video-preview":"max-video-preview:-1"},"canonical":"https:\/\/hobierotikshop.com.tr\/website1\/erotik-shop-urun\/fantezi-kapi-salincagi\/","og_locale":"tr_TR","og_type":"article","og_title":"Fantezi Kap\u0131 Sal\u0131nca\u011f\u0131","og_description":"Cinsel hayat\u0131n\u0131za yenilik, heyecan ve s\u0131n\u0131rs\u0131z \u00f6zg\u00fcrl\u00fck katmak i\u00e7in tasarlanan Fetish \u00d6zel Fantezi Kap\u0131 Sal\u0131nca\u011f\u0131, fantezilerinizi ger\u00e7e\u011fe d\u00f6n\u00fc\u015ft\u00fcrmek i\u00e7in m\u00fckemmel bir tercihtir! Dayan\u0131kl\u0131 yap\u0131s\u0131, pratik montaj\u0131 ve farkl\u0131 pozisyonlar i\u00e7in ideal tasar\u0131m\u0131 ile tutkuyu zirveye ta\u015f\u0131maya haz\u0131r olun!","og_url":"https:\/\/hobierotikshop.com.tr\/website1\/erotik-shop-urun\/fantezi-kapi-salincagi\/","og_site_name":"Bursa Erotik Shop","article_modified_time":"2026-01-08T16:53:37+00:00","og_image":[{"width":500,"height":500,"url":"https:\/\/hobierotikshop.com.tr\/website1\/wp-content\/uploads\/2025\/03\/MODEL-25-PLATIN.jpg","type":"image\/jpeg"}],"twitter_card":"summary_large_image","twitter_site":"@shopbursa","twitter_misc":{"Fiyat":"&#8378;1.600,00 KDV DAH\u0130L","Availability":"In stock"},"schema":{"@context":"https:\/\/schema.org","@graph":[{"@type":"WebPage","@id":"https:\/\/hobierotikshop.com.tr\/website1\/erotik-shop-urun\/fantezi-kapi-salincagi\/","url":"https:\/\/hobierotikshop.com.tr\/website1\/erotik-shop-urun\/fantezi-kapi-salincagi\/","name":"Fantezi Kap\u0131 Sal\u0131nca\u011f\u0131 - Bursa Erotik Shop","isPartOf":{"@id":"https:\/\/hobierotikshop.com.tr\/website1\/#website"},"primaryImageOfPage":{"@id":"https:\/\/hobierotikshop.com.tr\/website1\/erotik-shop-urun\/fantezi-kapi-salincagi\/#primaryimage"},"image":{"@id":"https:\/\/hobierotikshop.com.tr\/website1\/erotik-shop-urun\/fantezi-kapi-salincagi\/#primaryimage"},"thumbnailUrl":"https:\/\/haremerotikshop.com\/site\/wp-content\/uploads\/2025\/03\/MODEL-25-PLATIN.jpg","datePublished":"2025-03-25T11:47:56+00:00","dateModified":"2026-01-08T16:53:37+00:00","breadcrumb":{"@id":"https:\/\/hobierotikshop.com.tr\/website1\/erotik-shop-urun\/fantezi-kapi-salincagi\/#breadcrumb"},"inLanguage":"tr","potentialAction":[{"@type":"ReadAction","target":["https:\/\/hobierotikshop.com.tr\/website1\/erotik-shop-urun\/fantezi-kapi-salincagi\/"]}]},{"@type":"ImageObject","inLanguage":"tr","@id":"https:\/\/hobierotikshop.com.tr\/website1\/erotik-shop-urun\/fantezi-kapi-salincagi\/#primaryimage","url":"https:\/\/haremerotikshop.com\/site\/wp-content\/uploads\/2025\/03\/MODEL-25-PLATIN.jpg","contentUrl":"https:\/\/haremerotikshop.com\/site\/wp-content\/uploads\/2025\/03\/MODEL-25-PLATIN.jpg","width":500,"height":500,"caption":"Sex Shop Bursa Fantezi Kap\u0131 Sal\u0131nca\u011f\u0131"},{"@type":"BreadcrumbList","@id":"https:\/\/hobierotikshop.com.tr\/website1\/erotik-shop-urun\/fantezi-kapi-salincagi\/#breadcrumb","itemListElement":[{"@type":"ListItem","position":1,"name":"Anasayfa","item":"https:\/\/hobierotikshop.com.tr\/website1\/"},{"@type":"ListItem","position":2,"name":"Erotik Shop \u00dcr\u00fcnleri","item":"https:\/\/hobierotikshop.com.tr\/website1\/shop\/"},{"@type":"ListItem","position":3,"name":"Fantezi Kap\u0131 Sal\u0131nca\u011f\u0131"}]},{"@type":"WebSite","@id":"https:\/\/hobierotikshop.com.tr\/website1\/#website","url":"https:\/\/hobierotikshop.com.tr\/website1\/","name":"Bursa Erotik Shop","description":"Bursa Erotik Shop ile g\u00fcvenli, gizli ve kaliteli yeti\u015fkin \u00fcr\u00fcnleri al\u0131\u015fveri\u015fi! Geni\u015f \u00fcr\u00fcn yelpazemizi ke\u015ffedin, hemen sipari\u015f verin","publisher":{"@id":"https:\/\/hobierotikshop.com.tr\/website1\/#organization"},"alternateName":"Erotik Shop","potentialAction":[{"@type":"SearchAction","target":{"@type":"EntryPoint","urlTemplate":"https:\/\/hobierotikshop.com.tr\/website1\/?s={search_term_string}"},"query-input":{"@type":"PropertyValueSpecification","valueRequired":true,"valueName":"search_term_string"}}],"inLanguage":"tr"},{"@type":"Organization","@id":"https:\/\/hobierotikshop.com.tr\/website1\/#organization","name":"Harem Bursa Erotik Shop","url":"https:\/\/hobierotikshop.com.tr\/website1\/","logo":{"@type":"ImageObject","inLanguage":"tr","@id":"https:\/\/hobierotikshop.com.tr\/website1\/#\/schema\/logo\/image\/","url":"https:\/\/haremerotikshop.com\/site\/wp-content\/uploads\/2025\/03\/haremsexshop.png","contentUrl":"https:\/\/haremerotikshop.com\/site\/wp-content\/uploads\/2025\/03\/haremsexshop.png","width":400,"height":100,"caption":"Harem Bursa Erotik Shop"},"image":{"@id":"https:\/\/hobierotikshop.com.tr\/website1\/#\/schema\/logo\/image\/"},"sameAs":["https:\/\/x.com\/shopbursa"],"publishingPrinciples":"https:\/\/hobierotikshop.com.tr\/website1\/mesafeli-satis-sozlesmesi\/","ownershipFundingInfo":"https:\/\/hobierotikshop.com.tr\/website1\/contact-us\/","actionableFeedbackPolicy":"https:\/\/hobierotikshop.com.tr\/website1\/contact-us\/","correctionsPolicy":"https:\/\/hobierotikshop.com.tr\/website1\/mesafeli-satis-sozlesmesi\/"}]},"product_brand":"Borassa","product_price_amount":"1600.00","product_price_currency":"TRY","og_availability":"instock","product_availability":"instock","product_retailer_item_id":"HS3413","product_condition":"new"},"_links":{"self":[{"href":"https:\/\/haremerotikshop.com\/site\/wp-json\/wp\/v2\/product\/21491","targetHints":{"allow":["GET"]}}],"collection":[{"href":"https:\/\/haremerotikshop.com\/site\/wp-json\/wp\/v2\/product"}],"about":[{"href":"https:\/\/haremerotikshop.com\/site\/wp-json\/wp\/v2\/types\/product"}],"replies":[{"embeddable":true,"href":"https:\/\/haremerotikshop.com\/site\/wp-json\/wp\/v2\/comments?post=21491"}],"version-history":[{"count":0,"href":"https:\/\/haremerotikshop.com\/site\/wp-json\/wp\/v2\/product\/21491\/revisions"}],"wp:featuredmedia":[{"embeddable":true,"href":"https:\/\/haremerotikshop.com\/site\/wp-json\/wp\/v2\/media\/21675"}],"wp:attachment":[{"href":"https:\/\/haremerotikshop.com\/site\/wp-json\/wp\/v2\/media?parent=21491"}],"wp:term":[{"taxonomy":"product_brand","embeddable":true,"href":"https:\/\/haremerotikshop.com\/site\/wp-json\/wp\/v2\/product_brand?post=21491"},{"taxonomy":"product_cat","embeddable":true,"href":"https:\/\/haremerotikshop.com\/site\/wp-json\/wp\/v2\/product_cat?post=21491"},{"taxonomy":"product_tag","embeddable":true,"href":"https:\/\/haremerotikshop.com\/site\/wp-json\/wp\/v2\/product_tag?post=21491"}],"curies":[{"name":"wp","href":"https:\/\/api.w.org\/{rel}","templated":true}]}}