{"id":21492,"date":"2025-03-25T14:47:56","date_gmt":"2025-03-25T11:47:56","guid":{"rendered":"https:\/\/haremerotikshop.com\/site\/?post_type=product&#038;p=21492"},"modified":"2026-01-09T03:08:34","modified_gmt":"2026-01-09T00:08:34","slug":"fetis-7li-set-kirmizi","status":"publish","type":"product","link":"https:\/\/haremerotikshop.com\/site\/erotik-shop-urun\/fetis-7li-set-kirmizi\/","title":{"rendered":"Feti\u015f 7Li Set K\u0131rm\u0131z\u0131"},"content":{"rendered":"<h3 class=\"\" data-start=\"0\" data-end=\"82\"><strong data-start=\"4\" data-end=\"80\">\ud83d\udd25 7 Par\u00e7a K\u0131rm\u0131z\u0131 Deri Fetish Dream Set \u2013 Tutkunun Zirvesine Ula\u015f\u0131n! \ud83d\udd25<\/strong><\/h3>\n<p class=\"\" data-start=\"84\" data-end=\"394\">Cinsel hayat\u0131n\u0131za <strong data-start=\"102\" data-end=\"129\">tutku, heyecan ve gizem<\/strong> katmak i\u00e7in \u00f6zel olarak tasarlanan <strong data-start=\"165\" data-end=\"206\">7 Par\u00e7a K\u0131rm\u0131z\u0131 Deri Fetish Dream Set<\/strong>, fantezi d\u00fcnyan\u0131z\u0131 geni\u015fletmek ve unutulmaz anlar ya\u015famak i\u00e7in ideal bir se\u00e7imdir. <strong data-start=\"290\" data-end=\"314\">\u015e\u0131k k\u0131rm\u0131z\u0131 tasar\u0131m\u0131<\/strong> ve <strong data-start=\"318\" data-end=\"338\">dayan\u0131kl\u0131 yap\u0131s\u0131<\/strong> ile hem estetik hem de fonksiyonel bir deneyim sunar.<\/p>\n<hr class=\"\" data-start=\"396\" data-end=\"399\" \/>\n<h3 class=\"\" data-start=\"401\" data-end=\"440\"><strong data-start=\"405\" data-end=\"438\">\ud83d\udd34 Set \u0130\u00e7eri\u011fi ve \u00d6zellikleri<\/strong><\/h3>\n<p class=\"\" data-start=\"442\" data-end=\"1108\">\u2714 <strong data-start=\"444\" data-end=\"460\">El Kelep\u00e7esi<\/strong> \u2013 Ayarlanabilir ve konforlu yap\u0131s\u0131 sayesinde g\u00fcvenli bir kullan\u0131m sa\u011flar.<br data-start=\"534\" data-end=\"537\" \/>\u2714 <strong data-start=\"539\" data-end=\"557\">Ayak Kelep\u00e7esi<\/strong> \u2013 Yumu\u015fak i\u00e7 y\u00fczeyiyle rahat bir his sunarken dayan\u0131kl\u0131l\u0131\u011f\u0131yla g\u00fcvenli\u011fi garanti eder.<br data-start=\"644\" data-end=\"647\" \/>\u2714 <strong data-start=\"649\" data-end=\"662\">A\u011f\u0131z Topu<\/strong> \u2013 Delikli nefes alabilir tasar\u0131m\u0131 ile konforlu ve kontroll\u00fc bir deneyim sunar.<br data-start=\"741\" data-end=\"744\" \/>\u2714 <strong data-start=\"746\" data-end=\"764\">Tasma &amp; Zincir<\/strong> \u2013 \u015e\u0131k ve g\u00fc\u00e7l\u00fc zincir detay\u0131yla feti\u015f d\u00fcnyas\u0131na ad\u0131m atman\u0131z\u0131 sa\u011flar.<br data-start=\"834\" data-end=\"837\" \/>\u2714 <strong data-start=\"839\" data-end=\"849\">K\u0131rba\u00e7<\/strong> \u2013 Yumu\u015fak dokunu\u015flardan sert uyar\u0131c\u0131lara kadar farkl\u0131 seviyelerde etki sunar.<br data-start=\"927\" data-end=\"930\" \/>\u2714 <strong data-start=\"932\" data-end=\"945\">G\u00f6z Band\u0131<\/strong> \u2013 G\u00f6rme duyusunu kapatarak di\u011fer duyular\u0131 keskinle\u015ftirir ve heyecan\u0131 art\u0131r\u0131r.<br data-start=\"1023\" data-end=\"1026\" data-is-only-node=\"\" \/>\u2714 <strong data-start=\"1028\" data-end=\"1043\">Ba\u011flama \u0130pi<\/strong> \u2013 Farkl\u0131 fantezi senaryolar\u0131 i\u00e7in esnek kullan\u0131m imkan\u0131 sunar.<\/p>\n<hr class=\"\" data-start=\"1110\" data-end=\"1113\" \/>\n<h3 class=\"\" data-start=\"1115\" data-end=\"1165\"><strong data-start=\"1119\" data-end=\"1163\">\ud83d\udca5 Feti\u015f D\u00fcnyas\u0131n\u0131n Kap\u0131lar\u0131n\u0131 Aralay\u0131n!<\/strong><\/h3>\n<p class=\"\" data-start=\"1167\" data-end=\"1429\">Bu <strong data-start=\"1170\" data-end=\"1203\">7 par\u00e7al\u0131k premium feti\u015f seti<\/strong>, hem yeni ba\u015flayanlar hem de deneyimli \u00e7iftler i\u00e7in <strong data-start=\"1256\" data-end=\"1296\">kontrol, teslimiyet ve duyusal ke\u015fif<\/strong> f\u0131rsat\u0131 sunar. <strong data-start=\"1312\" data-end=\"1398\">Partnerinizle s\u0131n\u0131rlar\u0131 ke\u015ffetmek, tutkuyu art\u0131rmak ve arzular\u0131n\u0131z\u0131 \u00f6zg\u00fcr b\u0131rakmak<\/strong> i\u00e7in m\u00fckemmel bir tercihtir.<\/p>\n<hr class=\"\" data-start=\"1431\" data-end=\"1434\" \/>\n<h3 class=\"\" data-start=\"1436\" data-end=\"1467\"><strong data-start=\"1440\" data-end=\"1465\">\ud83d\udda4 Kimler \u0130\u00e7in Uygun?<\/strong><\/h3>\n<p class=\"\" data-start=\"1469\" data-end=\"1691\">\u2705 <strong data-start=\"1471\" data-end=\"1519\">Fantezi d\u00fcnyas\u0131na ad\u0131m atmak isteyen \u00e7iftler<\/strong><br data-start=\"1519\" data-end=\"1522\" \/>\u2705 <strong data-start=\"1524\" data-end=\"1579\">Ba\u011flanma, kontrol ve duyusal oyunlara ilgi duyanlar<\/strong><br data-start=\"1579\" data-end=\"1582\" \/>\u2705 <strong data-start=\"1584\" data-end=\"1641\">Dayan\u0131kl\u0131, \u015f\u0131k ve kullan\u0131\u015fl\u0131 bir feti\u015f seti arayanlar<\/strong><br data-start=\"1641\" data-end=\"1644\" \/>\u2705 <strong data-start=\"1646\" data-end=\"1689\">Tutkuyu ve heyecan\u0131 art\u0131rmak isteyenler<\/strong><\/p>\n<hr class=\"\" data-start=\"1693\" data-end=\"1696\" \/>\n<p class=\"\" data-start=\"1772\" data-end=\"2063\">Bu \u00fcr\u00fcn tan\u0131t\u0131m\u0131, <strong data-start=\"1790\" data-end=\"1804\">feti\u015f seti<\/strong>, <strong data-start=\"1806\" data-end=\"1829\">7 par\u00e7al\u0131 BDSM seti<\/strong>, <strong data-start=\"1831\" data-end=\"1857\">k\u0131rm\u0131z\u0131 deri feti\u015f set<\/strong>, <strong data-start=\"1859\" data-end=\"1883\">el ve ayak kelep\u00e7esi<\/strong>, <strong data-start=\"1885\" data-end=\"1912\">a\u011f\u0131z topu ve tasma seti<\/strong>, <strong data-start=\"1914\" data-end=\"1939\">k\u0131rba\u00e7l\u0131 ba\u011flama seti<\/strong>, <strong data-start=\"1941\" data-end=\"1965\">fantezi aksesuarlar\u0131<\/strong>, <strong data-start=\"1967\" data-end=\"2001\">tutkulu \u00e7iftler i\u00e7in feti\u015f set.<\/strong><\/p>\n<p class=\"\" data-start=\"2065\" data-end=\"2145\">\ud83d\udd25 <strong data-start=\"2068\" data-end=\"2139\">Tutkunuzu serbest b\u0131rak\u0131n, s\u0131n\u0131rlar\u0131 ke\u015ffedin! Hemen sipari\u015f verin!<\/strong> \ud83d\udd25 \ud83d\ude80<\/p>\n","protected":false},"excerpt":{"rendered":"<p data-start=\"0\" data-end=\"49\">Cinsel hayat\u0131n\u0131za <strong data-start=\"102\" data-end=\"129\">tutku, heyecan ve gizem<\/strong> katmak i\u00e7in \u00f6zel olarak tasarlanan <strong data-start=\"165\" data-end=\"206\">7 Par\u00e7a K\u0131rm\u0131z\u0131 Deri Fetish Dream Set<\/strong>, fantezi d\u00fcnyan\u0131z\u0131 geni\u015fletmek ve unutulmaz anlar ya\u015famak i\u00e7in ideal bir se\u00e7imdir. <strong data-start=\"290\" data-end=\"314\">\u015e\u0131k k\u0131rm\u0131z\u0131 tasar\u0131m\u0131<\/strong> ve <strong data-start=\"318\" data-end=\"338\">dayan\u0131kl\u0131 yap\u0131s\u0131<\/strong> ile hem estetik hem de fonksiyonel bir deneyim sunar.<\/p>\n","protected":false},"featured_media":21665,"comment_status":"open","ping_status":"closed","template":"","meta":[],"product_brand":[466],"product_cat":[464,463],"product_tag":[],"class_list":{"0":"post-21492","1":"product","2":"type-product","3":"status-publish","4":"has-post-thumbnail","6":"product_brand-borassa","7":"product_cat-fetis-setler","8":"product_cat-fetis-urunler","10":"first","11":"instock","12":"taxable","13":"shipping-taxable","14":"purchasable","15":"product-type-simple"},"yoast_head":"<!-- This site is optimized with the Yoast SEO Premium plugin v24.4 (Yoast SEO v27.1.1) - https:\/\/yoast.com\/product\/yoast-seo-premium-wordpress\/ -->\n<title>Feti\u015f 7Li Set K\u0131rm\u0131z\u0131 - Bursa Erotik Shop<\/title>\n<meta name=\"robots\" content=\"index, follow, max-snippet:-1, max-image-preview:large, max-video-preview:-1\" \/>\n<link rel=\"canonical\" href=\"https:\/\/hobierotikshop.com.tr\/website1\/erotik-shop-urun\/fetis-7li-set-kirmizi\/\" \/>\n<meta property=\"og:locale\" content=\"tr_TR\" \/>\n<meta property=\"og:type\" content=\"article\" \/>\n<meta property=\"og:title\" content=\"Feti\u015f 7Li Set K\u0131rm\u0131z\u0131\" \/>\n<meta property=\"og:description\" content=\"Cinsel hayat\u0131n\u0131za tutku, heyecan ve gizem katmak i\u00e7in \u00f6zel olarak tasarlanan 7 Par\u00e7a K\u0131rm\u0131z\u0131 Deri Fetish Dream Set, fantezi d\u00fcnyan\u0131z\u0131 geni\u015fletmek ve unutulmaz anlar ya\u015famak i\u00e7in ideal bir se\u00e7imdir. \u015e\u0131k k\u0131rm\u0131z\u0131 tasar\u0131m\u0131 ve dayan\u0131kl\u0131 yap\u0131s\u0131 ile hem estetik hem de fonksiyonel bir deneyim sunar.\" \/>\n<meta property=\"og:url\" content=\"https:\/\/hobierotikshop.com.tr\/website1\/erotik-shop-urun\/fetis-7li-set-kirmizi\/\" \/>\n<meta property=\"og:site_name\" content=\"Bursa Erotik Shop\" \/>\n<meta property=\"article:modified_time\" content=\"2026-01-09T00:08:34+00:00\" \/>\n<meta property=\"og:image\" content=\"https:\/\/hobierotikshop.com.tr\/website1\/wp-content\/uploads\/2025\/03\/MODEL-01-KRMZ-PLATIN-min.jpg\" \/>\n\t<meta property=\"og:image:width\" content=\"500\" \/>\n\t<meta property=\"og:image:height\" content=\"500\" \/>\n\t<meta property=\"og:image:type\" content=\"image\/jpeg\" \/>\n<meta name=\"twitter:card\" content=\"summary_large_image\" \/>\n<meta name=\"twitter:site\" content=\"@shopbursa\" \/>\n<meta name=\"twitter:label1\" content=\"Fiyat\" \/>\n\t<meta name=\"twitter:data1\" content=\"&#8378;2.000,00 KDV DAH\u0130L\" \/>\n\t<meta name=\"twitter:label2\" content=\"Availability\" \/>\n\t<meta name=\"twitter:data2\" content=\"In stock\" \/>\n<script type=\"application\/ld+json\" class=\"yoast-schema-graph\">{\"@context\":\"https:\/\/schema.org\",\"@graph\":[{\"@type\":\"WebPage\",\"@id\":\"https:\/\/hobierotikshop.com.tr\/website1\/erotik-shop-urun\/fetis-7li-set-kirmizi\/\",\"url\":\"https:\/\/hobierotikshop.com.tr\/website1\/erotik-shop-urun\/fetis-7li-set-kirmizi\/\",\"name\":\"Feti\u015f 7Li Set K\u0131rm\u0131z\u0131 - Bursa Erotik Shop\",\"isPartOf\":{\"@id\":\"https:\/\/hobierotikshop.com.tr\/website1\/#website\"},\"primaryImageOfPage\":{\"@id\":\"https:\/\/hobierotikshop.com.tr\/website1\/erotik-shop-urun\/fetis-7li-set-kirmizi\/#primaryimage\"},\"image\":{\"@id\":\"https:\/\/hobierotikshop.com.tr\/website1\/erotik-shop-urun\/fetis-7li-set-kirmizi\/#primaryimage\"},\"thumbnailUrl\":\"https:\/\/haremerotikshop.com\/site\/wp-content\/uploads\/2025\/03\/MODEL-01-KRMZ-PLATIN-min.jpg\",\"datePublished\":\"2025-03-25T11:47:56+00:00\",\"dateModified\":\"2026-01-09T00:08:34+00:00\",\"breadcrumb\":{\"@id\":\"https:\/\/hobierotikshop.com.tr\/website1\/erotik-shop-urun\/fetis-7li-set-kirmizi\/#breadcrumb\"},\"inLanguage\":\"tr\",\"potentialAction\":[{\"@type\":\"ReadAction\",\"target\":[\"https:\/\/hobierotikshop.com.tr\/website1\/erotik-shop-urun\/fetis-7li-set-kirmizi\/\"]}]},{\"@type\":\"ImageObject\",\"inLanguage\":\"tr\",\"@id\":\"https:\/\/hobierotikshop.com.tr\/website1\/erotik-shop-urun\/fetis-7li-set-kirmizi\/#primaryimage\",\"url\":\"https:\/\/haremerotikshop.com\/site\/wp-content\/uploads\/2025\/03\/MODEL-01-KRMZ-PLATIN-min.jpg\",\"contentUrl\":\"https:\/\/haremerotikshop.com\/site\/wp-content\/uploads\/2025\/03\/MODEL-01-KRMZ-PLATIN-min.jpg\",\"width\":500,\"height\":500,\"caption\":\"Bursa Erotik Shop Feti\u015fh 7 li K\u0131rm\u0131z\u0131 Set\"},{\"@type\":\"BreadcrumbList\",\"@id\":\"https:\/\/hobierotikshop.com.tr\/website1\/erotik-shop-urun\/fetis-7li-set-kirmizi\/#breadcrumb\",\"itemListElement\":[{\"@type\":\"ListItem\",\"position\":1,\"name\":\"Anasayfa\",\"item\":\"https:\/\/hobierotikshop.com.tr\/website1\/\"},{\"@type\":\"ListItem\",\"position\":2,\"name\":\"Erotik Shop \u00dcr\u00fcnleri\",\"item\":\"https:\/\/hobierotikshop.com.tr\/website1\/shop\/\"},{\"@type\":\"ListItem\",\"position\":3,\"name\":\"Feti\u015f 7Li Set K\u0131rm\u0131z\u0131\"}]},{\"@type\":\"WebSite\",\"@id\":\"https:\/\/hobierotikshop.com.tr\/website1\/#website\",\"url\":\"https:\/\/hobierotikshop.com.tr\/website1\/\",\"name\":\"Bursa Erotik Shop\",\"description\":\"Bursa Erotik Shop ile g\u00fcvenli, gizli ve kaliteli yeti\u015fkin \u00fcr\u00fcnleri al\u0131\u015fveri\u015fi! Geni\u015f \u00fcr\u00fcn yelpazemizi ke\u015ffedin, hemen sipari\u015f verin\",\"publisher\":{\"@id\":\"https:\/\/hobierotikshop.com.tr\/website1\/#organization\"},\"alternateName\":\"Erotik Shop\",\"potentialAction\":[{\"@type\":\"SearchAction\",\"target\":{\"@type\":\"EntryPoint\",\"urlTemplate\":\"https:\/\/hobierotikshop.com.tr\/website1\/?s={search_term_string}\"},\"query-input\":{\"@type\":\"PropertyValueSpecification\",\"valueRequired\":true,\"valueName\":\"search_term_string\"}}],\"inLanguage\":\"tr\"},{\"@type\":\"Organization\",\"@id\":\"https:\/\/hobierotikshop.com.tr\/website1\/#organization\",\"name\":\"Harem Bursa Erotik Shop\",\"url\":\"https:\/\/hobierotikshop.com.tr\/website1\/\",\"logo\":{\"@type\":\"ImageObject\",\"inLanguage\":\"tr\",\"@id\":\"https:\/\/hobierotikshop.com.tr\/website1\/#\/schema\/logo\/image\/\",\"url\":\"https:\/\/haremerotikshop.com\/site\/wp-content\/uploads\/2025\/03\/haremsexshop.png\",\"contentUrl\":\"https:\/\/haremerotikshop.com\/site\/wp-content\/uploads\/2025\/03\/haremsexshop.png\",\"width\":400,\"height\":100,\"caption\":\"Harem Bursa Erotik Shop\"},\"image\":{\"@id\":\"https:\/\/hobierotikshop.com.tr\/website1\/#\/schema\/logo\/image\/\"},\"sameAs\":[\"https:\/\/x.com\/shopbursa\"],\"publishingPrinciples\":\"https:\/\/hobierotikshop.com.tr\/website1\/mesafeli-satis-sozlesmesi\/\",\"ownershipFundingInfo\":\"https:\/\/hobierotikshop.com.tr\/website1\/contact-us\/\",\"actionableFeedbackPolicy\":\"https:\/\/hobierotikshop.com.tr\/website1\/contact-us\/\",\"correctionsPolicy\":\"https:\/\/hobierotikshop.com.tr\/website1\/mesafeli-satis-sozlesmesi\/\"}]}<\/script>\n<meta property=\"product:brand\" content=\"Borassa\" \/>\n<meta property=\"product:price:amount\" content=\"2000.00\" \/>\n<meta property=\"product:price:currency\" content=\"TRY\" \/>\n<meta property=\"og:availability\" content=\"instock\" \/>\n<meta property=\"product:availability\" content=\"instock\" \/>\n<meta property=\"product:retailer_item_id\" content=\"HS3414\" \/>\n<meta property=\"product:condition\" content=\"new\" \/>\n<!-- \/ Yoast SEO Premium plugin. -->","yoast_head_json":{"title":"Feti\u015f 7Li Set K\u0131rm\u0131z\u0131 - Bursa Erotik Shop","robots":{"index":"index","follow":"follow","max-snippet":"max-snippet:-1","max-image-preview":"max-image-preview:large","max-video-preview":"max-video-preview:-1"},"canonical":"https:\/\/hobierotikshop.com.tr\/website1\/erotik-shop-urun\/fetis-7li-set-kirmizi\/","og_locale":"tr_TR","og_type":"article","og_title":"Feti\u015f 7Li Set K\u0131rm\u0131z\u0131","og_description":"Cinsel hayat\u0131n\u0131za tutku, heyecan ve gizem katmak i\u00e7in \u00f6zel olarak tasarlanan 7 Par\u00e7a K\u0131rm\u0131z\u0131 Deri Fetish Dream Set, fantezi d\u00fcnyan\u0131z\u0131 geni\u015fletmek ve unutulmaz anlar ya\u015famak i\u00e7in ideal bir se\u00e7imdir. \u015e\u0131k k\u0131rm\u0131z\u0131 tasar\u0131m\u0131 ve dayan\u0131kl\u0131 yap\u0131s\u0131 ile hem estetik hem de fonksiyonel bir deneyim sunar.","og_url":"https:\/\/hobierotikshop.com.tr\/website1\/erotik-shop-urun\/fetis-7li-set-kirmizi\/","og_site_name":"Bursa Erotik Shop","article_modified_time":"2026-01-09T00:08:34+00:00","og_image":[{"width":500,"height":500,"url":"https:\/\/hobierotikshop.com.tr\/website1\/wp-content\/uploads\/2025\/03\/MODEL-01-KRMZ-PLATIN-min.jpg","type":"image\/jpeg"}],"twitter_card":"summary_large_image","twitter_site":"@shopbursa","twitter_misc":{"Fiyat":"&#8378;2.000,00 KDV DAH\u0130L","Availability":"In stock"},"schema":{"@context":"https:\/\/schema.org","@graph":[{"@type":"WebPage","@id":"https:\/\/hobierotikshop.com.tr\/website1\/erotik-shop-urun\/fetis-7li-set-kirmizi\/","url":"https:\/\/hobierotikshop.com.tr\/website1\/erotik-shop-urun\/fetis-7li-set-kirmizi\/","name":"Feti\u015f 7Li Set K\u0131rm\u0131z\u0131 - Bursa Erotik Shop","isPartOf":{"@id":"https:\/\/hobierotikshop.com.tr\/website1\/#website"},"primaryImageOfPage":{"@id":"https:\/\/hobierotikshop.com.tr\/website1\/erotik-shop-urun\/fetis-7li-set-kirmizi\/#primaryimage"},"image":{"@id":"https:\/\/hobierotikshop.com.tr\/website1\/erotik-shop-urun\/fetis-7li-set-kirmizi\/#primaryimage"},"thumbnailUrl":"https:\/\/haremerotikshop.com\/site\/wp-content\/uploads\/2025\/03\/MODEL-01-KRMZ-PLATIN-min.jpg","datePublished":"2025-03-25T11:47:56+00:00","dateModified":"2026-01-09T00:08:34+00:00","breadcrumb":{"@id":"https:\/\/hobierotikshop.com.tr\/website1\/erotik-shop-urun\/fetis-7li-set-kirmizi\/#breadcrumb"},"inLanguage":"tr","potentialAction":[{"@type":"ReadAction","target":["https:\/\/hobierotikshop.com.tr\/website1\/erotik-shop-urun\/fetis-7li-set-kirmizi\/"]}]},{"@type":"ImageObject","inLanguage":"tr","@id":"https:\/\/hobierotikshop.com.tr\/website1\/erotik-shop-urun\/fetis-7li-set-kirmizi\/#primaryimage","url":"https:\/\/haremerotikshop.com\/site\/wp-content\/uploads\/2025\/03\/MODEL-01-KRMZ-PLATIN-min.jpg","contentUrl":"https:\/\/haremerotikshop.com\/site\/wp-content\/uploads\/2025\/03\/MODEL-01-KRMZ-PLATIN-min.jpg","width":500,"height":500,"caption":"Bursa Erotik Shop Feti\u015fh 7 li K\u0131rm\u0131z\u0131 Set"},{"@type":"BreadcrumbList","@id":"https:\/\/hobierotikshop.com.tr\/website1\/erotik-shop-urun\/fetis-7li-set-kirmizi\/#breadcrumb","itemListElement":[{"@type":"ListItem","position":1,"name":"Anasayfa","item":"https:\/\/hobierotikshop.com.tr\/website1\/"},{"@type":"ListItem","position":2,"name":"Erotik Shop \u00dcr\u00fcnleri","item":"https:\/\/hobierotikshop.com.tr\/website1\/shop\/"},{"@type":"ListItem","position":3,"name":"Feti\u015f 7Li Set K\u0131rm\u0131z\u0131"}]},{"@type":"WebSite","@id":"https:\/\/hobierotikshop.com.tr\/website1\/#website","url":"https:\/\/hobierotikshop.com.tr\/website1\/","name":"Bursa Erotik Shop","description":"Bursa Erotik Shop ile g\u00fcvenli, gizli ve kaliteli yeti\u015fkin \u00fcr\u00fcnleri al\u0131\u015fveri\u015fi! Geni\u015f \u00fcr\u00fcn yelpazemizi ke\u015ffedin, hemen sipari\u015f verin","publisher":{"@id":"https:\/\/hobierotikshop.com.tr\/website1\/#organization"},"alternateName":"Erotik Shop","potentialAction":[{"@type":"SearchAction","target":{"@type":"EntryPoint","urlTemplate":"https:\/\/hobierotikshop.com.tr\/website1\/?s={search_term_string}"},"query-input":{"@type":"PropertyValueSpecification","valueRequired":true,"valueName":"search_term_string"}}],"inLanguage":"tr"},{"@type":"Organization","@id":"https:\/\/hobierotikshop.com.tr\/website1\/#organization","name":"Harem Bursa Erotik Shop","url":"https:\/\/hobierotikshop.com.tr\/website1\/","logo":{"@type":"ImageObject","inLanguage":"tr","@id":"https:\/\/hobierotikshop.com.tr\/website1\/#\/schema\/logo\/image\/","url":"https:\/\/haremerotikshop.com\/site\/wp-content\/uploads\/2025\/03\/haremsexshop.png","contentUrl":"https:\/\/haremerotikshop.com\/site\/wp-content\/uploads\/2025\/03\/haremsexshop.png","width":400,"height":100,"caption":"Harem Bursa Erotik Shop"},"image":{"@id":"https:\/\/hobierotikshop.com.tr\/website1\/#\/schema\/logo\/image\/"},"sameAs":["https:\/\/x.com\/shopbursa"],"publishingPrinciples":"https:\/\/hobierotikshop.com.tr\/website1\/mesafeli-satis-sozlesmesi\/","ownershipFundingInfo":"https:\/\/hobierotikshop.com.tr\/website1\/contact-us\/","actionableFeedbackPolicy":"https:\/\/hobierotikshop.com.tr\/website1\/contact-us\/","correctionsPolicy":"https:\/\/hobierotikshop.com.tr\/website1\/mesafeli-satis-sozlesmesi\/"}]},"product_brand":"Borassa","product_price_amount":"2000.00","product_price_currency":"TRY","og_availability":"instock","product_availability":"instock","product_retailer_item_id":"HS3414","product_condition":"new"},"_links":{"self":[{"href":"https:\/\/haremerotikshop.com\/site\/wp-json\/wp\/v2\/product\/21492","targetHints":{"allow":["GET"]}}],"collection":[{"href":"https:\/\/haremerotikshop.com\/site\/wp-json\/wp\/v2\/product"}],"about":[{"href":"https:\/\/haremerotikshop.com\/site\/wp-json\/wp\/v2\/types\/product"}],"replies":[{"embeddable":true,"href":"https:\/\/haremerotikshop.com\/site\/wp-json\/wp\/v2\/comments?post=21492"}],"version-history":[{"count":0,"href":"https:\/\/haremerotikshop.com\/site\/wp-json\/wp\/v2\/product\/21492\/revisions"}],"wp:featuredmedia":[{"embeddable":true,"href":"https:\/\/haremerotikshop.com\/site\/wp-json\/wp\/v2\/media\/21665"}],"wp:attachment":[{"href":"https:\/\/haremerotikshop.com\/site\/wp-json\/wp\/v2\/media?parent=21492"}],"wp:term":[{"taxonomy":"product_brand","embeddable":true,"href":"https:\/\/haremerotikshop.com\/site\/wp-json\/wp\/v2\/product_brand?post=21492"},{"taxonomy":"product_cat","embeddable":true,"href":"https:\/\/haremerotikshop.com\/site\/wp-json\/wp\/v2\/product_cat?post=21492"},{"taxonomy":"product_tag","embeddable":true,"href":"https:\/\/haremerotikshop.com\/site\/wp-json\/wp\/v2\/product_tag?post=21492"}],"curies":[{"name":"wp","href":"https:\/\/api.w.org\/{rel}","templated":true}]}}