{"id":21493,"date":"2025-03-25T14:47:56","date_gmt":"2025-03-25T11:47:56","guid":{"rendered":"https:\/\/haremerotikshop.com\/site\/?post_type=product&#038;p=21493"},"modified":"2026-01-26T14:39:15","modified_gmt":"2026-01-26T11:39:15","slug":"fetis-7-li-set-siyah","status":"publish","type":"product","link":"https:\/\/haremerotikshop.com\/site\/erotik-shop-urun\/fetis-7-li-set-siyah\/","title":{"rendered":"Feti\u015f 7 Li Set Siyah"},"content":{"rendered":"<h3 class=\"\" data-start=\"0\" data-end=\"92\"><strong data-start=\"4\" data-end=\"92\">\ud83d\udd25 7 Par\u00e7a Siyah Deri Fetish Dream Set \u2013 Tutkuyu Zirveye Ta\u015f\u0131yan \u00d6zel Feti\u015f Seti! \ud83d\udd25<\/strong><\/h3>\n<p class=\"\" data-start=\"94\" data-end=\"499\">Arzular\u0131n\u0131z\u0131n derinliklerine inmeye haz\u0131r m\u0131s\u0131n\u0131z? <strong data-start=\"145\" data-end=\"184\">7 Par\u00e7a Siyah Deri Fetish Dream Set<\/strong>, <strong data-start=\"186\" data-end=\"194\">BDSM<\/strong> ve <strong data-start=\"198\" data-end=\"218\">feti\u015f oyunlar\u0131na<\/strong> ilgi duyan \u00e7iftler i\u00e7in <strong data-start=\"243\" data-end=\"272\">tutkulu ve heyecan verici<\/strong> bir deneyim sunuyor! <strong data-start=\"294\" data-end=\"312\">Her bir par\u00e7a,<\/strong> yeni ke\u015fifler yapmak, <strong data-start=\"335\" data-end=\"357\">s\u0131n\u0131rlar\u0131 zorlamak<\/strong> ve <strong data-start=\"361\" data-end=\"392\">tutkunuzu doruklara ta\u015f\u0131mak<\/strong> i\u00e7in \u00f6zel olarak tasarland\u0131. Kendi fantezilerinizi yarat\u0131n ve <strong data-start=\"455\" data-end=\"488\">partnerinizle unutulmaz anlar<\/strong> ya\u015fay\u0131n!<\/p>\n<hr class=\"\" data-start=\"501\" data-end=\"504\" \/>\n<h3 class=\"\" data-start=\"506\" data-end=\"546\"><strong data-start=\"510\" data-end=\"546\">\ud83d\udca5 Set \u0130\u00e7eri\u011fi ve \u00d6zellikleri \ud83d\udca5<\/strong><\/h3>\n<p class=\"\" data-start=\"548\" data-end=\"1385\">\u2714 <strong data-start=\"550\" data-end=\"566\">El Kelep\u00e7esi<\/strong> \u2013 <strong data-start=\"569\" data-end=\"606\">Ayarlanabilir, konforlu ve sa\u011flam<\/strong> yap\u0131. <strong data-start=\"613\" data-end=\"632\">Fetish oyunlar\u0131<\/strong> i\u00e7in ideal, g\u00fcvenli kullan\u0131m sa\u011flar.<br data-start=\"669\" data-end=\"672\" \/>\u2714 <strong data-start=\"674\" data-end=\"692\">Ayak Kelep\u00e7esi<\/strong> \u2013 <strong data-start=\"695\" data-end=\"715\">Rahat, dayan\u0131kl\u0131<\/strong> malzeme ile <strong data-start=\"728\" data-end=\"752\">ba\u011flama ve k\u0131s\u0131tlama<\/strong> hissini tam anlam\u0131yla ya\u015fat\u0131r.<br data-start=\"783\" data-end=\"786\" \/>\u2714 <strong data-start=\"788\" data-end=\"801\">A\u011f\u0131z Topu<\/strong> \u2013 <strong data-start=\"804\" data-end=\"850\">Nefes almay\u0131 kolayla\u015ft\u0131ran delikli tasar\u0131m<\/strong> sayesinde <strong data-start=\"861\" data-end=\"879\">gizemi art\u0131r\u0131r<\/strong> ve <strong data-start=\"883\" data-end=\"916\">tutkunuzu daha da peki\u015ftirir.<\/strong><br data-start=\"916\" data-end=\"919\" \/>\u2714 <strong data-start=\"921\" data-end=\"930\">Tasma<\/strong> \u2013 <strong data-start=\"933\" data-end=\"964\">\u015e\u0131k ve g\u00fc\u00e7l\u00fc zincir detayl\u0131<\/strong> tasar\u0131m\u0131yla <strong data-start=\"977\" data-end=\"1003\">\u00f6zg\u00fcrl\u00fc\u011f\u00fc s\u0131n\u0131rlayarak<\/strong> sizi tamamen teslimiyetin i\u00e7ine \u00e7eker.<br data-start=\"1042\" data-end=\"1045\" \/>\u2714 <strong data-start=\"1047\" data-end=\"1057\">K\u0131rba\u00e7<\/strong> \u2013 <strong data-start=\"1060\" data-end=\"1091\">Yumu\u015fak ama etkili darbeler<\/strong> i\u00e7in m\u00fckemmel, <strong data-start=\"1107\" data-end=\"1137\">farkl\u0131 \u015fehvetli dokunu\u015flar<\/strong> yaratmak i\u00e7in tasarland\u0131.<br data-start=\"1163\" data-end=\"1166\" \/>\u2714 <strong data-start=\"1168\" data-end=\"1181\">G\u00f6z Band\u0131<\/strong> \u2013 <strong data-start=\"1184\" data-end=\"1204\">Gizemi art\u0131rarak<\/strong> duyular\u0131n\u0131z\u0131 keskinle\u015ftirir ve <strong data-start=\"1236\" data-end=\"1262\">heyecan\u0131 zirveye ta\u015f\u0131r<\/strong>.<br data-start=\"1263\" data-end=\"1266\" \/>\u2714 <strong data-start=\"1268\" data-end=\"1283\">Ba\u011flama \u0130pi<\/strong> \u2013 <strong data-start=\"1286\" data-end=\"1331\">Farkl\u0131 fanteziler i\u00e7in \u00e7ok y\u00f6nl\u00fc kullan\u0131m<\/strong> sa\u011flar; <strong data-start=\"1340\" data-end=\"1376\">yenilik\u00e7i ve s\u0131n\u0131rs\u0131z deneyimler<\/strong> sunar.<\/p>\n<hr class=\"\" data-start=\"1387\" data-end=\"1390\" \/>\n<h3 class=\"\" data-start=\"1392\" data-end=\"1424\"><strong data-start=\"1396\" data-end=\"1424\">\ud83d\udd25 Kimler \u0130\u00e7in Uygun? \ud83d\udd25<\/strong><\/h3>\n<p class=\"\" data-start=\"1426\" data-end=\"1649\">\u2705 <strong data-start=\"1428\" data-end=\"1482\">BDSM ve feti\u015f d\u00fcnyas\u0131na ad\u0131m atmak isteyen \u00e7iftler<\/strong><br data-start=\"1482\" data-end=\"1485\" \/>\u2705 <strong data-start=\"1487\" data-end=\"1534\">Yeni ve heyecan verici deneyimler arayanlar<\/strong><br data-start=\"1534\" data-end=\"1537\" \/>\u2705 <strong data-start=\"1539\" data-end=\"1589\">Kontrol ve teslimiyet oyunlar\u0131na ilgi duyanlar<\/strong><br data-start=\"1589\" data-end=\"1592\" \/>\u2705 <strong data-start=\"1594\" data-end=\"1647\">Kaliteli ve dayan\u0131kl\u0131 BDSM aksesuarlar\u0131 arayanlar<\/strong><\/p>\n<hr class=\"\" data-start=\"1651\" data-end=\"1654\" \/>\n<h3 class=\"\" data-start=\"1656\" data-end=\"1713\"><strong data-start=\"1660\" data-end=\"1713\">\ud83d\udc8b Neden 7 Par\u00e7a Siyah Deri Fetish Dream Seti? \ud83d\udc8b<\/strong><\/h3>\n<p class=\"\" data-start=\"1715\" data-end=\"2115\"><strong data-start=\"1715\" data-end=\"1729\">Siyah deri<\/strong> tasar\u0131m\u0131, <strong data-start=\"1740\" data-end=\"1751\">\u015f\u0131kl\u0131\u011f\u0131<\/strong> ve <strong data-start=\"1755\" data-end=\"1776\">gizemli havas\u0131yla<\/strong> BDSM oyunlar\u0131n\u0131z\u0131 bir \u00fcst seviyeye ta\u015f\u0131r. <strong data-start=\"1819\" data-end=\"1836\">Ayarlanabilir<\/strong> yap\u0131s\u0131, <strong data-start=\"1845\" data-end=\"1869\">rahatl\u0131k ve g\u00fcvenlik<\/strong> sa\u011flar. <strong data-start=\"1878\" data-end=\"1895\">Her bir par\u00e7a<\/strong> ile <strong data-start=\"1900\" data-end=\"1938\">tutkunuzu daha da \u00f6zg\u00fcrle\u015ftirirken<\/strong>, <strong data-start=\"1940\" data-end=\"1961\">fantezi d\u00fcnyan\u0131z\u0131<\/strong> yeniden \u015fekillendirebilirsiniz. <strong data-start=\"1994\" data-end=\"2017\">S\u0131radanl\u0131ktan \u00e7\u0131k\u0131n<\/strong>, hayal g\u00fcc\u00fcn\u00fcz\u00fc serbest b\u0131rak\u0131n ve <strong data-start=\"2053\" data-end=\"2113\">partnerinizle birlikte heyecan dolu bir yolculu\u011fa \u00e7\u0131k\u0131n!<\/strong><\/p>\n<hr class=\"\" data-start=\"2117\" data-end=\"2120\" \/>\n<p class=\"\" data-start=\"2196\" data-end=\"2415\">Bu \u00fcr\u00fcn tan\u0131t\u0131m\u0131, <strong data-start=\"2214\" data-end=\"2239\">Siyah deri feti\u015f seti<\/strong>, <strong data-start=\"2241\" data-end=\"2262\">7 par\u00e7a BDSM seti<\/strong>, <strong data-start=\"2264\" data-end=\"2288\">feti\u015f kelep\u00e7esi seti<\/strong>, <strong data-start=\"2290\" data-end=\"2308\">ayak kelep\u00e7esi<\/strong>, <strong data-start=\"2310\" data-end=\"2338\">g\u00f6z band\u0131 ve k\u0131rba\u00e7 seti<\/strong>, <strong data-start=\"2340\" data-end=\"2353\">a\u011f\u0131z topu.<\/strong><\/p>\n<p class=\"\" data-start=\"2417\" data-end=\"2502\">\ud83d\udd25 <strong data-start=\"2420\" data-end=\"2496\">Hayal g\u00fcc\u00fcn\u00fcz\u00fc serbest b\u0131rak\u0131n, tutkuyu ke\u015ffedin ve hemen sipari\u015f verin!<\/strong> \ud83d\udd25 \ud83d\ude80<\/p>\n","protected":false},"excerpt":{"rendered":"<p data-start=\"0\" data-end=\"49\">Arzular\u0131n\u0131z\u0131n derinliklerine inmeye haz\u0131r m\u0131s\u0131n\u0131z? <strong data-start=\"145\" data-end=\"184\">7 Par\u00e7a Siyah Deri Fetish Dream Set<\/strong>, <strong data-start=\"186\" data-end=\"194\">BDSM<\/strong> ve <strong data-start=\"198\" data-end=\"218\">feti\u015f oyunlar\u0131na<\/strong> ilgi duyan \u00e7iftler i\u00e7in <strong data-start=\"243\" data-end=\"272\">tutkulu ve heyecan verici<\/strong> bir deneyim sunuyor! <strong data-start=\"294\" data-end=\"312\">Her bir par\u00e7a,<\/strong> yeni ke\u015fifler yapmak, <strong data-start=\"335\" data-end=\"357\">s\u0131n\u0131rlar\u0131 zorlamak<\/strong> ve <strong data-start=\"361\" data-end=\"392\">tutkunuzu doruklara ta\u015f\u0131mak<\/strong> i\u00e7in \u00f6zel olarak tasarland\u0131. Kendi fantezilerinizi yarat\u0131n ve <strong data-start=\"455\" data-end=\"488\">partnerinizle unutulmaz anlar<\/strong> ya\u015fay\u0131n!<\/p>\n","protected":false},"featured_media":21671,"comment_status":"open","ping_status":"closed","template":"","meta":[],"product_brand":[466],"product_cat":[464,463],"product_tag":[],"class_list":{"0":"post-21493","1":"product","2":"type-product","3":"status-publish","4":"has-post-thumbnail","6":"product_brand-borassa","7":"product_cat-fetis-setler","8":"product_cat-fetis-urunler","10":"first","11":"instock","12":"taxable","13":"shipping-taxable","14":"purchasable","15":"product-type-simple"},"yoast_head":"<!-- This site is optimized with the Yoast SEO Premium plugin v24.4 (Yoast SEO v27.1.1) - https:\/\/yoast.com\/product\/yoast-seo-premium-wordpress\/ -->\n<title>Feti\u015f 7 Li Set Siyah - Bursa Erotik Shop<\/title>\n<meta name=\"robots\" content=\"index, follow, max-snippet:-1, max-image-preview:large, max-video-preview:-1\" \/>\n<link rel=\"canonical\" href=\"https:\/\/hobierotikshop.com.tr\/website1\/erotik-shop-urun\/fetis-7-li-set-siyah\/\" \/>\n<meta property=\"og:locale\" content=\"tr_TR\" \/>\n<meta property=\"og:type\" content=\"article\" \/>\n<meta property=\"og:title\" content=\"Feti\u015f 7 Li Set Siyah\" \/>\n<meta property=\"og:description\" content=\"Arzular\u0131n\u0131z\u0131n derinliklerine inmeye haz\u0131r m\u0131s\u0131n\u0131z? 7 Par\u00e7a Siyah Deri Fetish Dream Set, BDSM ve feti\u015f oyunlar\u0131na ilgi duyan \u00e7iftler i\u00e7in tutkulu ve heyecan verici bir deneyim sunuyor! Her bir par\u00e7a, yeni ke\u015fifler yapmak, s\u0131n\u0131rlar\u0131 zorlamak ve tutkunuzu doruklara ta\u015f\u0131mak i\u00e7in \u00f6zel olarak tasarland\u0131. Kendi fantezilerinizi yarat\u0131n ve partnerinizle unutulmaz anlar ya\u015fay\u0131n!\" \/>\n<meta property=\"og:url\" content=\"https:\/\/hobierotikshop.com.tr\/website1\/erotik-shop-urun\/fetis-7-li-set-siyah\/\" \/>\n<meta property=\"og:site_name\" content=\"Bursa Erotik Shop\" \/>\n<meta property=\"article:modified_time\" content=\"2026-01-26T11:39:15+00:00\" \/>\n<meta property=\"og:image\" content=\"https:\/\/hobierotikshop.com.tr\/website1\/wp-content\/uploads\/2025\/03\/MODEL-01-SYH-PLATIN-min.jpg\" \/>\n\t<meta property=\"og:image:width\" content=\"500\" \/>\n\t<meta property=\"og:image:height\" content=\"500\" \/>\n\t<meta property=\"og:image:type\" content=\"image\/jpeg\" \/>\n<meta name=\"twitter:card\" content=\"summary_large_image\" \/>\n<meta name=\"twitter:site\" content=\"@shopbursa\" \/>\n<meta name=\"twitter:label1\" content=\"Fiyat\" \/>\n\t<meta name=\"twitter:data1\" content=\"&#8378;2.000,00 KDV DAH\u0130L\" \/>\n\t<meta name=\"twitter:label2\" content=\"Availability\" \/>\n\t<meta name=\"twitter:data2\" content=\"In stock\" \/>\n<script type=\"application\/ld+json\" class=\"yoast-schema-graph\">{\"@context\":\"https:\/\/schema.org\",\"@graph\":[{\"@type\":\"WebPage\",\"@id\":\"https:\/\/hobierotikshop.com.tr\/website1\/erotik-shop-urun\/fetis-7-li-set-siyah\/\",\"url\":\"https:\/\/hobierotikshop.com.tr\/website1\/erotik-shop-urun\/fetis-7-li-set-siyah\/\",\"name\":\"Feti\u015f 7 Li Set Siyah - Bursa Erotik Shop\",\"isPartOf\":{\"@id\":\"https:\/\/hobierotikshop.com.tr\/website1\/#website\"},\"primaryImageOfPage\":{\"@id\":\"https:\/\/hobierotikshop.com.tr\/website1\/erotik-shop-urun\/fetis-7-li-set-siyah\/#primaryimage\"},\"image\":{\"@id\":\"https:\/\/hobierotikshop.com.tr\/website1\/erotik-shop-urun\/fetis-7-li-set-siyah\/#primaryimage\"},\"thumbnailUrl\":\"https:\/\/haremerotikshop.com\/site\/wp-content\/uploads\/2025\/03\/MODEL-01-SYH-PLATIN-min.jpg\",\"datePublished\":\"2025-03-25T11:47:56+00:00\",\"dateModified\":\"2026-01-26T11:39:15+00:00\",\"breadcrumb\":{\"@id\":\"https:\/\/hobierotikshop.com.tr\/website1\/erotik-shop-urun\/fetis-7-li-set-siyah\/#breadcrumb\"},\"inLanguage\":\"tr\",\"potentialAction\":[{\"@type\":\"ReadAction\",\"target\":[\"https:\/\/hobierotikshop.com.tr\/website1\/erotik-shop-urun\/fetis-7-li-set-siyah\/\"]}]},{\"@type\":\"ImageObject\",\"inLanguage\":\"tr\",\"@id\":\"https:\/\/hobierotikshop.com.tr\/website1\/erotik-shop-urun\/fetis-7-li-set-siyah\/#primaryimage\",\"url\":\"https:\/\/haremerotikshop.com\/site\/wp-content\/uploads\/2025\/03\/MODEL-01-SYH-PLATIN-min.jpg\",\"contentUrl\":\"https:\/\/haremerotikshop.com\/site\/wp-content\/uploads\/2025\/03\/MODEL-01-SYH-PLATIN-min.jpg\",\"width\":500,\"height\":500,\"caption\":\"Bursa Erotik Shop Feti\u015fh 7li Set Siyah\"},{\"@type\":\"BreadcrumbList\",\"@id\":\"https:\/\/hobierotikshop.com.tr\/website1\/erotik-shop-urun\/fetis-7-li-set-siyah\/#breadcrumb\",\"itemListElement\":[{\"@type\":\"ListItem\",\"position\":1,\"name\":\"Anasayfa\",\"item\":\"https:\/\/hobierotikshop.com.tr\/website1\/\"},{\"@type\":\"ListItem\",\"position\":2,\"name\":\"Erotik Shop \u00dcr\u00fcnleri\",\"item\":\"https:\/\/hobierotikshop.com.tr\/website1\/shop\/\"},{\"@type\":\"ListItem\",\"position\":3,\"name\":\"Feti\u015f 7 Li Set Siyah\"}]},{\"@type\":\"WebSite\",\"@id\":\"https:\/\/hobierotikshop.com.tr\/website1\/#website\",\"url\":\"https:\/\/hobierotikshop.com.tr\/website1\/\",\"name\":\"Bursa Erotik Shop\",\"description\":\"Bursa Erotik Shop ile g\u00fcvenli, gizli ve kaliteli yeti\u015fkin \u00fcr\u00fcnleri al\u0131\u015fveri\u015fi! Geni\u015f \u00fcr\u00fcn yelpazemizi ke\u015ffedin, hemen sipari\u015f verin\",\"publisher\":{\"@id\":\"https:\/\/hobierotikshop.com.tr\/website1\/#organization\"},\"alternateName\":\"Erotik Shop\",\"potentialAction\":[{\"@type\":\"SearchAction\",\"target\":{\"@type\":\"EntryPoint\",\"urlTemplate\":\"https:\/\/hobierotikshop.com.tr\/website1\/?s={search_term_string}\"},\"query-input\":{\"@type\":\"PropertyValueSpecification\",\"valueRequired\":true,\"valueName\":\"search_term_string\"}}],\"inLanguage\":\"tr\"},{\"@type\":\"Organization\",\"@id\":\"https:\/\/hobierotikshop.com.tr\/website1\/#organization\",\"name\":\"Harem Bursa Erotik Shop\",\"url\":\"https:\/\/hobierotikshop.com.tr\/website1\/\",\"logo\":{\"@type\":\"ImageObject\",\"inLanguage\":\"tr\",\"@id\":\"https:\/\/hobierotikshop.com.tr\/website1\/#\/schema\/logo\/image\/\",\"url\":\"https:\/\/haremerotikshop.com\/site\/wp-content\/uploads\/2025\/03\/haremsexshop.png\",\"contentUrl\":\"https:\/\/haremerotikshop.com\/site\/wp-content\/uploads\/2025\/03\/haremsexshop.png\",\"width\":400,\"height\":100,\"caption\":\"Harem Bursa Erotik Shop\"},\"image\":{\"@id\":\"https:\/\/hobierotikshop.com.tr\/website1\/#\/schema\/logo\/image\/\"},\"sameAs\":[\"https:\/\/x.com\/shopbursa\"],\"publishingPrinciples\":\"https:\/\/hobierotikshop.com.tr\/website1\/mesafeli-satis-sozlesmesi\/\",\"ownershipFundingInfo\":\"https:\/\/hobierotikshop.com.tr\/website1\/contact-us\/\",\"actionableFeedbackPolicy\":\"https:\/\/hobierotikshop.com.tr\/website1\/contact-us\/\",\"correctionsPolicy\":\"https:\/\/hobierotikshop.com.tr\/website1\/mesafeli-satis-sozlesmesi\/\"}]}<\/script>\n<meta property=\"product:brand\" content=\"Borassa\" \/>\n<meta property=\"product:price:amount\" content=\"2000.00\" \/>\n<meta property=\"product:price:currency\" content=\"TRY\" \/>\n<meta property=\"og:availability\" content=\"instock\" \/>\n<meta property=\"product:availability\" content=\"instock\" \/>\n<meta property=\"product:retailer_item_id\" content=\"HS3415\" \/>\n<meta property=\"product:condition\" content=\"new\" \/>\n<!-- \/ Yoast SEO Premium plugin. -->","yoast_head_json":{"title":"Feti\u015f 7 Li Set Siyah - Bursa Erotik Shop","robots":{"index":"index","follow":"follow","max-snippet":"max-snippet:-1","max-image-preview":"max-image-preview:large","max-video-preview":"max-video-preview:-1"},"canonical":"https:\/\/hobierotikshop.com.tr\/website1\/erotik-shop-urun\/fetis-7-li-set-siyah\/","og_locale":"tr_TR","og_type":"article","og_title":"Feti\u015f 7 Li Set Siyah","og_description":"Arzular\u0131n\u0131z\u0131n derinliklerine inmeye haz\u0131r m\u0131s\u0131n\u0131z? 7 Par\u00e7a Siyah Deri Fetish Dream Set, BDSM ve feti\u015f oyunlar\u0131na ilgi duyan \u00e7iftler i\u00e7in tutkulu ve heyecan verici bir deneyim sunuyor! Her bir par\u00e7a, yeni ke\u015fifler yapmak, s\u0131n\u0131rlar\u0131 zorlamak ve tutkunuzu doruklara ta\u015f\u0131mak i\u00e7in \u00f6zel olarak tasarland\u0131. Kendi fantezilerinizi yarat\u0131n ve partnerinizle unutulmaz anlar ya\u015fay\u0131n!","og_url":"https:\/\/hobierotikshop.com.tr\/website1\/erotik-shop-urun\/fetis-7-li-set-siyah\/","og_site_name":"Bursa Erotik Shop","article_modified_time":"2026-01-26T11:39:15+00:00","og_image":[{"width":500,"height":500,"url":"https:\/\/hobierotikshop.com.tr\/website1\/wp-content\/uploads\/2025\/03\/MODEL-01-SYH-PLATIN-min.jpg","type":"image\/jpeg"}],"twitter_card":"summary_large_image","twitter_site":"@shopbursa","twitter_misc":{"Fiyat":"&#8378;2.000,00 KDV DAH\u0130L","Availability":"In stock"},"schema":{"@context":"https:\/\/schema.org","@graph":[{"@type":"WebPage","@id":"https:\/\/hobierotikshop.com.tr\/website1\/erotik-shop-urun\/fetis-7-li-set-siyah\/","url":"https:\/\/hobierotikshop.com.tr\/website1\/erotik-shop-urun\/fetis-7-li-set-siyah\/","name":"Feti\u015f 7 Li Set Siyah - Bursa Erotik Shop","isPartOf":{"@id":"https:\/\/hobierotikshop.com.tr\/website1\/#website"},"primaryImageOfPage":{"@id":"https:\/\/hobierotikshop.com.tr\/website1\/erotik-shop-urun\/fetis-7-li-set-siyah\/#primaryimage"},"image":{"@id":"https:\/\/hobierotikshop.com.tr\/website1\/erotik-shop-urun\/fetis-7-li-set-siyah\/#primaryimage"},"thumbnailUrl":"https:\/\/haremerotikshop.com\/site\/wp-content\/uploads\/2025\/03\/MODEL-01-SYH-PLATIN-min.jpg","datePublished":"2025-03-25T11:47:56+00:00","dateModified":"2026-01-26T11:39:15+00:00","breadcrumb":{"@id":"https:\/\/hobierotikshop.com.tr\/website1\/erotik-shop-urun\/fetis-7-li-set-siyah\/#breadcrumb"},"inLanguage":"tr","potentialAction":[{"@type":"ReadAction","target":["https:\/\/hobierotikshop.com.tr\/website1\/erotik-shop-urun\/fetis-7-li-set-siyah\/"]}]},{"@type":"ImageObject","inLanguage":"tr","@id":"https:\/\/hobierotikshop.com.tr\/website1\/erotik-shop-urun\/fetis-7-li-set-siyah\/#primaryimage","url":"https:\/\/haremerotikshop.com\/site\/wp-content\/uploads\/2025\/03\/MODEL-01-SYH-PLATIN-min.jpg","contentUrl":"https:\/\/haremerotikshop.com\/site\/wp-content\/uploads\/2025\/03\/MODEL-01-SYH-PLATIN-min.jpg","width":500,"height":500,"caption":"Bursa Erotik Shop Feti\u015fh 7li Set Siyah"},{"@type":"BreadcrumbList","@id":"https:\/\/hobierotikshop.com.tr\/website1\/erotik-shop-urun\/fetis-7-li-set-siyah\/#breadcrumb","itemListElement":[{"@type":"ListItem","position":1,"name":"Anasayfa","item":"https:\/\/hobierotikshop.com.tr\/website1\/"},{"@type":"ListItem","position":2,"name":"Erotik Shop \u00dcr\u00fcnleri","item":"https:\/\/hobierotikshop.com.tr\/website1\/shop\/"},{"@type":"ListItem","position":3,"name":"Feti\u015f 7 Li Set Siyah"}]},{"@type":"WebSite","@id":"https:\/\/hobierotikshop.com.tr\/website1\/#website","url":"https:\/\/hobierotikshop.com.tr\/website1\/","name":"Bursa Erotik Shop","description":"Bursa Erotik Shop ile g\u00fcvenli, gizli ve kaliteli yeti\u015fkin \u00fcr\u00fcnleri al\u0131\u015fveri\u015fi! Geni\u015f \u00fcr\u00fcn yelpazemizi ke\u015ffedin, hemen sipari\u015f verin","publisher":{"@id":"https:\/\/hobierotikshop.com.tr\/website1\/#organization"},"alternateName":"Erotik Shop","potentialAction":[{"@type":"SearchAction","target":{"@type":"EntryPoint","urlTemplate":"https:\/\/hobierotikshop.com.tr\/website1\/?s={search_term_string}"},"query-input":{"@type":"PropertyValueSpecification","valueRequired":true,"valueName":"search_term_string"}}],"inLanguage":"tr"},{"@type":"Organization","@id":"https:\/\/hobierotikshop.com.tr\/website1\/#organization","name":"Harem Bursa Erotik Shop","url":"https:\/\/hobierotikshop.com.tr\/website1\/","logo":{"@type":"ImageObject","inLanguage":"tr","@id":"https:\/\/hobierotikshop.com.tr\/website1\/#\/schema\/logo\/image\/","url":"https:\/\/haremerotikshop.com\/site\/wp-content\/uploads\/2025\/03\/haremsexshop.png","contentUrl":"https:\/\/haremerotikshop.com\/site\/wp-content\/uploads\/2025\/03\/haremsexshop.png","width":400,"height":100,"caption":"Harem Bursa Erotik Shop"},"image":{"@id":"https:\/\/hobierotikshop.com.tr\/website1\/#\/schema\/logo\/image\/"},"sameAs":["https:\/\/x.com\/shopbursa"],"publishingPrinciples":"https:\/\/hobierotikshop.com.tr\/website1\/mesafeli-satis-sozlesmesi\/","ownershipFundingInfo":"https:\/\/hobierotikshop.com.tr\/website1\/contact-us\/","actionableFeedbackPolicy":"https:\/\/hobierotikshop.com.tr\/website1\/contact-us\/","correctionsPolicy":"https:\/\/hobierotikshop.com.tr\/website1\/mesafeli-satis-sozlesmesi\/"}]},"product_brand":"Borassa","product_price_amount":"2000.00","product_price_currency":"TRY","og_availability":"instock","product_availability":"instock","product_retailer_item_id":"HS3415","product_condition":"new"},"_links":{"self":[{"href":"https:\/\/haremerotikshop.com\/site\/wp-json\/wp\/v2\/product\/21493","targetHints":{"allow":["GET"]}}],"collection":[{"href":"https:\/\/haremerotikshop.com\/site\/wp-json\/wp\/v2\/product"}],"about":[{"href":"https:\/\/haremerotikshop.com\/site\/wp-json\/wp\/v2\/types\/product"}],"replies":[{"embeddable":true,"href":"https:\/\/haremerotikshop.com\/site\/wp-json\/wp\/v2\/comments?post=21493"}],"version-history":[{"count":0,"href":"https:\/\/haremerotikshop.com\/site\/wp-json\/wp\/v2\/product\/21493\/revisions"}],"wp:featuredmedia":[{"embeddable":true,"href":"https:\/\/haremerotikshop.com\/site\/wp-json\/wp\/v2\/media\/21671"}],"wp:attachment":[{"href":"https:\/\/haremerotikshop.com\/site\/wp-json\/wp\/v2\/media?parent=21493"}],"wp:term":[{"taxonomy":"product_brand","embeddable":true,"href":"https:\/\/haremerotikshop.com\/site\/wp-json\/wp\/v2\/product_brand?post=21493"},{"taxonomy":"product_cat","embeddable":true,"href":"https:\/\/haremerotikshop.com\/site\/wp-json\/wp\/v2\/product_cat?post=21493"},{"taxonomy":"product_tag","embeddable":true,"href":"https:\/\/haremerotikshop.com\/site\/wp-json\/wp\/v2\/product_tag?post=21493"}],"curies":[{"name":"wp","href":"https:\/\/api.w.org\/{rel}","templated":true}]}}