{"id":21494,"date":"2025-03-25T14:47:56","date_gmt":"2025-03-25T11:47:56","guid":{"rendered":"https:\/\/haremerotikshop.com\/site\/?post_type=product&#038;p=21494"},"modified":"2026-01-26T14:39:28","modified_gmt":"2026-01-26T11:39:28","slug":"fetis-3-lu-set","status":"publish","type":"product","link":"https:\/\/haremerotikshop.com\/site\/erotik-shop-urun\/fetis-3-lu-set\/","title":{"rendered":"K\u0131rm\u0131z\u0131 Feti\u015f 3 L\u00fc Set"},"content":{"rendered":"<h3 class=\"\" data-start=\"0\" data-end=\"72\"><strong data-start=\"4\" data-end=\"70\">\ud83d\udd25 K\u0131rm\u0131z\u0131 Feti\u015f 3\u2019l\u00fc Set \u2013 Tutku Dolu Bir Hafta Sonu \u0130\u00e7in! \ud83d\udd25<\/strong><\/h3>\n<p class=\"\" data-start=\"74\" data-end=\"396\"><strong data-start=\"74\" data-end=\"110\">Ba\u015f ba\u015fa unutulmaz anlar ya\u015famak<\/strong> ve <strong data-start=\"114\" data-end=\"137\">s\u0131n\u0131rlar\u0131 ke\u015ffetmek<\/strong> isteyen \u00e7iftler i\u00e7in \u00f6zel olarak tasarlanan <strong data-start=\"182\" data-end=\"208\">K\u0131rm\u0131z\u0131 Feti\u015f 3\u2019l\u00fc Set<\/strong>, fantezi d\u00fcnyan\u0131za heyecan ve derinlik katacak! <strong data-start=\"257\" data-end=\"276\">\u015eehveti art\u0131ran<\/strong> k\u0131rm\u0131z\u0131 rengi ve <strong data-start=\"294\" data-end=\"329\">\u00f6zenle se\u00e7ilmi\u015f aksesuarlar\u0131yla<\/strong> sizi ve partnerinizi ba\u015ftan \u00e7\u0131kar\u0131c\u0131 bir yolculu\u011fa davet ediyor.<\/p>\n<hr class=\"\" data-start=\"398\" data-end=\"403\" \/>\n<h3 class=\"\" data-start=\"405\" data-end=\"452\"><strong data-start=\"409\" data-end=\"450\">\ud83d\udc8b Fantezi Feti\u015f Koleksiyonu Sunar \ud83d\udc8b<\/strong><\/h3>\n<p class=\"\" data-start=\"454\" data-end=\"759\">\u2714 <strong data-start=\"456\" data-end=\"498\">Kendinizi ve Partnerinizi \u00d6d\u00fcllendirin<\/strong> \u2013 Arzular\u0131n\u0131z\u0131 \u00f6zg\u00fcr b\u0131rak\u0131n ve yeni deneyimler ke\u015ffedin.<br data-start=\"556\" data-end=\"559\" \/>\u2714 <strong data-start=\"561\" data-end=\"618\">Ba\u015f Ba\u015fa Ge\u00e7irece\u011finiz \u00d6zel Anlara Ekstra Tutku Kat\u0131n<\/strong> \u2013 Heyecan\u0131 doruklara ta\u015f\u0131y\u0131n.<br data-start=\"648\" data-end=\"651\" \/>\u2714 <strong data-start=\"653\" data-end=\"708\">Tam Fantezi Seti ile Hayal G\u00fcc\u00fcn\u00fcz\u00fc Serbest B\u0131rak\u0131n<\/strong> \u2013 \u00c7ekicili\u011fi ve \u015fehveti en \u00fcst seviyeye \u00e7\u0131kar\u0131n.<\/p>\n<hr class=\"\" data-start=\"761\" data-end=\"766\" \/>\n<h3 class=\"\" data-start=\"768\" data-end=\"807\"><strong data-start=\"772\" data-end=\"805\">\ud83d\udd34 Set \u0130\u00e7eri\u011fi ve \u00d6zellikleri<\/strong><\/h3>\n<p class=\"\" data-start=\"809\" data-end=\"1118\">\u2714 <strong data-start=\"811\" data-end=\"830\">P\u00fcsk\u00fcll\u00fc K\u0131rba\u00e7<\/strong> \u2013 <strong data-start=\"833\" data-end=\"856\">Hafif dokunu\u015flardan<\/strong> etkileyici darbeler yaratmaya kadar farkl\u0131 seviyelerde uyar\u0131m sa\u011flar.<br data-start=\"926\" data-end=\"929\" \/>\u2714 <strong data-start=\"931\" data-end=\"950\">El Ba\u011flama Seti<\/strong> \u2013 <strong data-start=\"953\" data-end=\"983\">Rahat, konforlu ve g\u00fcvenli<\/strong> tasar\u0131m\u0131yla farkl\u0131 fantezi senaryolar\u0131na uyum sa\u011flar.<br data-start=\"1037\" data-end=\"1040\" \/>\u2714 <strong data-start=\"1042\" data-end=\"1055\">G\u00f6z Band\u0131<\/strong> \u2013 <strong data-start=\"1058\" data-end=\"1089\">Duyular\u0131 harekete ge\u00e7irerek<\/strong> gizem ve heyecan\u0131 art\u0131r\u0131r.<\/p>\n<hr class=\"\" data-start=\"1120\" data-end=\"1125\" \/>\n<h3 class=\"\" data-start=\"1127\" data-end=\"1158\"><strong data-start=\"1131\" data-end=\"1156\">\ud83d\udd25 Kimler \u0130\u00e7in Uygun?<\/strong><\/h3>\n<p class=\"\" data-start=\"1160\" data-end=\"1352\">\u2705 <strong data-start=\"1162\" data-end=\"1193\">Tutkulu ve yarat\u0131c\u0131 \u00e7iftler<\/strong><br data-start=\"1193\" data-end=\"1196\" \/>\u2705 <strong data-start=\"1198\" data-end=\"1241\">Yeni fantezi deneyimlerine a\u00e7\u0131k olanlar<\/strong><br data-start=\"1241\" data-end=\"1244\" \/>\u2705 <strong data-start=\"1246\" data-end=\"1301\">S\u0131n\u0131rlar\u0131 ke\u015ffetmek ve heyecan\u0131 art\u0131rmak isteyenler<\/strong><br data-start=\"1301\" data-end=\"1304\" \/>\u2705 <strong data-start=\"1306\" data-end=\"1350\">\u015e\u0131k ve kaliteli bir feti\u015f seti arayanlar<\/strong><\/p>\n<hr class=\"\" data-start=\"1354\" data-end=\"1359\" \/>\n<p class=\"\" data-start=\"1435\" data-end=\"1732\">Bu \u00fcr\u00fcn tan\u0131t\u0131m\u0131, <strong data-start=\"1453\" data-end=\"1467\">feti\u015f seti<\/strong>, <strong data-start=\"1469\" data-end=\"1495\">k\u0131rm\u0131z\u0131 3\u2019l\u00fc BDSM seti<\/strong>, <strong data-start=\"1497\" data-end=\"1525\">g\u00f6z band\u0131 ve k\u0131rba\u00e7 seti<\/strong>, <strong data-start=\"1527\" data-end=\"1551\">fantezi ba\u011flama seti<\/strong>, <strong data-start=\"1553\" data-end=\"1592\">\u00e7iftler i\u00e7in \u00f6zel feti\u015f koleksiyonu<\/strong>, <strong data-start=\"1594\" data-end=\"1634\">ba\u011flama ve duyusal oyun aksesuarlar\u0131<\/strong>, <strong data-start=\"1636\" data-end=\"1670\">tutkulu \u00e7iftler i\u00e7in feti\u015f set.<\/strong><\/p>\n<p class=\"\" data-start=\"1734\" data-end=\"1813\">\ud83d\udd25 <strong data-start=\"1737\" data-end=\"1807\">Heyecan\u0131 doruklara ta\u015f\u0131y\u0131n, tutkuyu hissedin! Hemen sipari\u015f verin!<\/strong> \ud83d\udd25 \ud83d\ude80<\/p>\n","protected":false},"excerpt":{"rendered":"<p><strong data-start=\"74\" data-end=\"110\">Ba\u015f ba\u015fa unutulmaz anlar ya\u015famak<\/strong> ve <strong data-start=\"114\" data-end=\"137\">s\u0131n\u0131rlar\u0131 ke\u015ffetmek<\/strong> isteyen \u00e7iftler i\u00e7in \u00f6zel olarak tasarlanan <strong data-start=\"182\" data-end=\"208\">K\u0131rm\u0131z\u0131 Feti\u015f 3\u2019l\u00fc Set<\/strong>, fantezi d\u00fcnyan\u0131za heyecan ve derinlik katacak! <strong data-start=\"257\" data-end=\"276\">\u015eehveti art\u0131ran<\/strong> k\u0131rm\u0131z\u0131 rengi ve <strong data-start=\"294\" data-end=\"329\">\u00f6zenle se\u00e7ilmi\u015f aksesuarlar\u0131yla<\/strong> sizi ve partnerinizi ba\u015ftan \u00e7\u0131kar\u0131c\u0131 bir yolculu\u011fa davet ediyor.<\/p>\n","protected":false},"featured_media":21683,"comment_status":"open","ping_status":"closed","template":"","meta":[],"product_brand":[466],"product_cat":[464,463],"product_tag":[],"class_list":{"0":"post-21494","1":"product","2":"type-product","3":"status-publish","4":"has-post-thumbnail","6":"product_brand-borassa","7":"product_cat-fetis-setler","8":"product_cat-fetis-urunler","10":"first","11":"instock","12":"taxable","13":"shipping-taxable","14":"purchasable","15":"product-type-simple"},"yoast_head":"<!-- This site is optimized with the Yoast SEO Premium plugin v24.4 (Yoast SEO v27.1.1) - https:\/\/yoast.com\/product\/yoast-seo-premium-wordpress\/ -->\n<title>K\u0131rm\u0131z\u0131 Feti\u015f 3 L\u00fc Set - Bursa Erotik Shop<\/title>\n<meta name=\"robots\" content=\"index, follow, max-snippet:-1, max-image-preview:large, max-video-preview:-1\" \/>\n<link rel=\"canonical\" href=\"https:\/\/hobierotikshop.com.tr\/website1\/erotik-shop-urun\/fetis-3-lu-set\/\" \/>\n<meta property=\"og:locale\" content=\"tr_TR\" \/>\n<meta property=\"og:type\" content=\"article\" \/>\n<meta property=\"og:title\" content=\"K\u0131rm\u0131z\u0131 Feti\u015f 3 L\u00fc Set\" \/>\n<meta property=\"og:description\" content=\"Ba\u015f ba\u015fa unutulmaz anlar ya\u015famak ve s\u0131n\u0131rlar\u0131 ke\u015ffetmek isteyen \u00e7iftler i\u00e7in \u00f6zel olarak tasarlanan K\u0131rm\u0131z\u0131 Feti\u015f 3\u2019l\u00fc Set, fantezi d\u00fcnyan\u0131za heyecan ve derinlik katacak! \u015eehveti art\u0131ran k\u0131rm\u0131z\u0131 rengi ve \u00f6zenle se\u00e7ilmi\u015f aksesuarlar\u0131yla sizi ve partnerinizi ba\u015ftan \u00e7\u0131kar\u0131c\u0131 bir yolculu\u011fa davet ediyor.\" \/>\n<meta property=\"og:url\" content=\"https:\/\/hobierotikshop.com.tr\/website1\/erotik-shop-urun\/fetis-3-lu-set\/\" \/>\n<meta property=\"og:site_name\" content=\"Bursa Erotik Shop\" \/>\n<meta property=\"article:modified_time\" content=\"2026-01-26T11:39:28+00:00\" \/>\n<meta property=\"og:image\" content=\"https:\/\/hobierotikshop.com.tr\/website1\/wp-content\/uploads\/2025\/03\/MODEL-03-KRMZ-PLATIN.jpg\" \/>\n\t<meta property=\"og:image:width\" content=\"500\" \/>\n\t<meta property=\"og:image:height\" content=\"500\" \/>\n\t<meta property=\"og:image:type\" content=\"image\/jpeg\" \/>\n<meta name=\"twitter:card\" content=\"summary_large_image\" \/>\n<meta name=\"twitter:site\" content=\"@shopbursa\" \/>\n<meta name=\"twitter:label1\" content=\"Fiyat\" \/>\n\t<meta name=\"twitter:data1\" content=\"&#8378;1.100,00 KDV DAH\u0130L\" \/>\n\t<meta name=\"twitter:label2\" content=\"Availability\" \/>\n\t<meta name=\"twitter:data2\" content=\"In stock\" \/>\n<script type=\"application\/ld+json\" class=\"yoast-schema-graph\">{\"@context\":\"https:\/\/schema.org\",\"@graph\":[{\"@type\":\"WebPage\",\"@id\":\"https:\/\/hobierotikshop.com.tr\/website1\/erotik-shop-urun\/fetis-3-lu-set\/\",\"url\":\"https:\/\/hobierotikshop.com.tr\/website1\/erotik-shop-urun\/fetis-3-lu-set\/\",\"name\":\"K\u0131rm\u0131z\u0131 Feti\u015f 3 L\u00fc Set - Bursa Erotik Shop\",\"isPartOf\":{\"@id\":\"https:\/\/bursashop.com\/web\/#website\"},\"primaryImageOfPage\":{\"@id\":\"https:\/\/hobierotikshop.com.tr\/website1\/erotik-shop-urun\/fetis-3-lu-set\/#primaryimage\"},\"image\":{\"@id\":\"https:\/\/hobierotikshop.com.tr\/website1\/erotik-shop-urun\/fetis-3-lu-set\/#primaryimage\"},\"thumbnailUrl\":\"https:\/\/haremerotikshop.com\/site\/wp-content\/uploads\/2025\/03\/MODEL-03-KRMZ-PLATIN.jpg\",\"datePublished\":\"2025-03-25T11:47:56+00:00\",\"dateModified\":\"2026-01-26T11:39:28+00:00\",\"breadcrumb\":{\"@id\":\"https:\/\/hobierotikshop.com.tr\/website1\/erotik-shop-urun\/fetis-3-lu-set\/#breadcrumb\"},\"inLanguage\":\"tr\",\"potentialAction\":[{\"@type\":\"ReadAction\",\"target\":[\"https:\/\/hobierotikshop.com.tr\/website1\/erotik-shop-urun\/fetis-3-lu-set\/\"]}]},{\"@type\":\"ImageObject\",\"inLanguage\":\"tr\",\"@id\":\"https:\/\/hobierotikshop.com.tr\/website1\/erotik-shop-urun\/fetis-3-lu-set\/#primaryimage\",\"url\":\"https:\/\/haremerotikshop.com\/site\/wp-content\/uploads\/2025\/03\/MODEL-03-KRMZ-PLATIN.jpg\",\"contentUrl\":\"https:\/\/haremerotikshop.com\/site\/wp-content\/uploads\/2025\/03\/MODEL-03-KRMZ-PLATIN.jpg\",\"width\":500,\"height\":500,\"caption\":\"Bursa Sex Shop K\u0131rm\u0131z\u0131 Feti\u015f 3 l\u00fc Set\"},{\"@type\":\"BreadcrumbList\",\"@id\":\"https:\/\/hobierotikshop.com.tr\/website1\/erotik-shop-urun\/fetis-3-lu-set\/#breadcrumb\",\"itemListElement\":[{\"@type\":\"ListItem\",\"position\":1,\"name\":\"Anasayfa\",\"item\":\"https:\/\/hobierotikshop.com.tr\/website1\/\"},{\"@type\":\"ListItem\",\"position\":2,\"name\":\"Erotik Shop \u00dcr\u00fcnleri\",\"item\":\"https:\/\/hobierotikshop.com.tr\/website1\/shop\/\"},{\"@type\":\"ListItem\",\"position\":3,\"name\":\"K\u0131rm\u0131z\u0131 Feti\u015f 3 L\u00fc Set\"}]},{\"@type\":\"WebSite\",\"@id\":\"https:\/\/bursashop.com\/web\/#website\",\"url\":\"https:\/\/bursashop.com\/web\/\",\"name\":\"Bursa Erotik Shop\",\"description\":\"Bursa Erotik Shop ile g\u00fcvenli, gizli ve kaliteli yeti\u015fkin \u00fcr\u00fcnleri al\u0131\u015fveri\u015fi! Geni\u015f \u00fcr\u00fcn yelpazemizi ke\u015ffedin, hemen sipari\u015f verin\",\"publisher\":{\"@id\":\"https:\/\/bursashop.com\/web\/#organization\"},\"alternateName\":\"Erotik Shop\",\"potentialAction\":[{\"@type\":\"SearchAction\",\"target\":{\"@type\":\"EntryPoint\",\"urlTemplate\":\"https:\/\/bursashop.com\/web\/?s={search_term_string}\"},\"query-input\":{\"@type\":\"PropertyValueSpecification\",\"valueRequired\":true,\"valueName\":\"search_term_string\"}}],\"inLanguage\":\"tr\"},{\"@type\":\"Organization\",\"@id\":\"https:\/\/bursashop.com\/web\/#organization\",\"name\":\"Harem Bursa Erotik Shop\",\"url\":\"https:\/\/bursashop.com\/web\/\",\"logo\":{\"@type\":\"ImageObject\",\"inLanguage\":\"tr\",\"@id\":\"https:\/\/bursashop.com\/web\/#\/schema\/logo\/image\/\",\"url\":\"https:\/\/haremerotikshop.com\/site\/wp-content\/uploads\/2025\/03\/haremsexshop.png\",\"contentUrl\":\"https:\/\/haremerotikshop.com\/site\/wp-content\/uploads\/2025\/03\/haremsexshop.png\",\"width\":400,\"height\":100,\"caption\":\"Harem Bursa Erotik Shop\"},\"image\":{\"@id\":\"https:\/\/bursashop.com\/web\/#\/schema\/logo\/image\/\"},\"sameAs\":[\"https:\/\/x.com\/shopbursa\"],\"publishingPrinciples\":\"https:\/\/hobierotikshop.com.tr\/website1\/mesafeli-satis-sozlesmesi\/\",\"ownershipFundingInfo\":\"https:\/\/hobierotikshop.com.tr\/website1\/contact-us\/\",\"actionableFeedbackPolicy\":\"https:\/\/hobierotikshop.com.tr\/website1\/contact-us\/\",\"correctionsPolicy\":\"https:\/\/hobierotikshop.com.tr\/website1\/mesafeli-satis-sozlesmesi\/\"}]}<\/script>\n<meta property=\"product:brand\" content=\"Borassa\" \/>\n<meta property=\"product:price:amount\" content=\"1100.00\" \/>\n<meta property=\"product:price:currency\" content=\"TRY\" \/>\n<meta property=\"og:availability\" content=\"instock\" \/>\n<meta property=\"product:availability\" content=\"instock\" \/>\n<meta property=\"product:retailer_item_id\" content=\"HS3416\" \/>\n<meta property=\"product:condition\" content=\"new\" \/>\n<!-- \/ Yoast SEO Premium plugin. -->","yoast_head_json":{"title":"K\u0131rm\u0131z\u0131 Feti\u015f 3 L\u00fc Set - Bursa Erotik Shop","robots":{"index":"index","follow":"follow","max-snippet":"max-snippet:-1","max-image-preview":"max-image-preview:large","max-video-preview":"max-video-preview:-1"},"canonical":"https:\/\/hobierotikshop.com.tr\/website1\/erotik-shop-urun\/fetis-3-lu-set\/","og_locale":"tr_TR","og_type":"article","og_title":"K\u0131rm\u0131z\u0131 Feti\u015f 3 L\u00fc Set","og_description":"Ba\u015f ba\u015fa unutulmaz anlar ya\u015famak ve s\u0131n\u0131rlar\u0131 ke\u015ffetmek isteyen \u00e7iftler i\u00e7in \u00f6zel olarak tasarlanan K\u0131rm\u0131z\u0131 Feti\u015f 3\u2019l\u00fc Set, fantezi d\u00fcnyan\u0131za heyecan ve derinlik katacak! \u015eehveti art\u0131ran k\u0131rm\u0131z\u0131 rengi ve \u00f6zenle se\u00e7ilmi\u015f aksesuarlar\u0131yla sizi ve partnerinizi ba\u015ftan \u00e7\u0131kar\u0131c\u0131 bir yolculu\u011fa davet ediyor.","og_url":"https:\/\/hobierotikshop.com.tr\/website1\/erotik-shop-urun\/fetis-3-lu-set\/","og_site_name":"Bursa Erotik Shop","article_modified_time":"2026-01-26T11:39:28+00:00","og_image":[{"width":500,"height":500,"url":"https:\/\/hobierotikshop.com.tr\/website1\/wp-content\/uploads\/2025\/03\/MODEL-03-KRMZ-PLATIN.jpg","type":"image\/jpeg"}],"twitter_card":"summary_large_image","twitter_site":"@shopbursa","twitter_misc":{"Fiyat":"&#8378;1.100,00 KDV DAH\u0130L","Availability":"In stock"},"schema":{"@context":"https:\/\/schema.org","@graph":[{"@type":"WebPage","@id":"https:\/\/hobierotikshop.com.tr\/website1\/erotik-shop-urun\/fetis-3-lu-set\/","url":"https:\/\/hobierotikshop.com.tr\/website1\/erotik-shop-urun\/fetis-3-lu-set\/","name":"K\u0131rm\u0131z\u0131 Feti\u015f 3 L\u00fc Set - Bursa Erotik Shop","isPartOf":{"@id":"https:\/\/bursashop.com\/web\/#website"},"primaryImageOfPage":{"@id":"https:\/\/hobierotikshop.com.tr\/website1\/erotik-shop-urun\/fetis-3-lu-set\/#primaryimage"},"image":{"@id":"https:\/\/hobierotikshop.com.tr\/website1\/erotik-shop-urun\/fetis-3-lu-set\/#primaryimage"},"thumbnailUrl":"https:\/\/haremerotikshop.com\/site\/wp-content\/uploads\/2025\/03\/MODEL-03-KRMZ-PLATIN.jpg","datePublished":"2025-03-25T11:47:56+00:00","dateModified":"2026-01-26T11:39:28+00:00","breadcrumb":{"@id":"https:\/\/hobierotikshop.com.tr\/website1\/erotik-shop-urun\/fetis-3-lu-set\/#breadcrumb"},"inLanguage":"tr","potentialAction":[{"@type":"ReadAction","target":["https:\/\/hobierotikshop.com.tr\/website1\/erotik-shop-urun\/fetis-3-lu-set\/"]}]},{"@type":"ImageObject","inLanguage":"tr","@id":"https:\/\/hobierotikshop.com.tr\/website1\/erotik-shop-urun\/fetis-3-lu-set\/#primaryimage","url":"https:\/\/haremerotikshop.com\/site\/wp-content\/uploads\/2025\/03\/MODEL-03-KRMZ-PLATIN.jpg","contentUrl":"https:\/\/haremerotikshop.com\/site\/wp-content\/uploads\/2025\/03\/MODEL-03-KRMZ-PLATIN.jpg","width":500,"height":500,"caption":"Bursa Sex Shop K\u0131rm\u0131z\u0131 Feti\u015f 3 l\u00fc Set"},{"@type":"BreadcrumbList","@id":"https:\/\/hobierotikshop.com.tr\/website1\/erotik-shop-urun\/fetis-3-lu-set\/#breadcrumb","itemListElement":[{"@type":"ListItem","position":1,"name":"Anasayfa","item":"https:\/\/hobierotikshop.com.tr\/website1\/"},{"@type":"ListItem","position":2,"name":"Erotik Shop \u00dcr\u00fcnleri","item":"https:\/\/hobierotikshop.com.tr\/website1\/shop\/"},{"@type":"ListItem","position":3,"name":"K\u0131rm\u0131z\u0131 Feti\u015f 3 L\u00fc Set"}]},{"@type":"WebSite","@id":"https:\/\/bursashop.com\/web\/#website","url":"https:\/\/bursashop.com\/web\/","name":"Bursa Erotik Shop","description":"Bursa Erotik Shop ile g\u00fcvenli, gizli ve kaliteli yeti\u015fkin \u00fcr\u00fcnleri al\u0131\u015fveri\u015fi! Geni\u015f \u00fcr\u00fcn yelpazemizi ke\u015ffedin, hemen sipari\u015f verin","publisher":{"@id":"https:\/\/bursashop.com\/web\/#organization"},"alternateName":"Erotik Shop","potentialAction":[{"@type":"SearchAction","target":{"@type":"EntryPoint","urlTemplate":"https:\/\/bursashop.com\/web\/?s={search_term_string}"},"query-input":{"@type":"PropertyValueSpecification","valueRequired":true,"valueName":"search_term_string"}}],"inLanguage":"tr"},{"@type":"Organization","@id":"https:\/\/bursashop.com\/web\/#organization","name":"Harem Bursa Erotik Shop","url":"https:\/\/bursashop.com\/web\/","logo":{"@type":"ImageObject","inLanguage":"tr","@id":"https:\/\/bursashop.com\/web\/#\/schema\/logo\/image\/","url":"https:\/\/haremerotikshop.com\/site\/wp-content\/uploads\/2025\/03\/haremsexshop.png","contentUrl":"https:\/\/haremerotikshop.com\/site\/wp-content\/uploads\/2025\/03\/haremsexshop.png","width":400,"height":100,"caption":"Harem Bursa Erotik Shop"},"image":{"@id":"https:\/\/bursashop.com\/web\/#\/schema\/logo\/image\/"},"sameAs":["https:\/\/x.com\/shopbursa"],"publishingPrinciples":"https:\/\/hobierotikshop.com.tr\/website1\/mesafeli-satis-sozlesmesi\/","ownershipFundingInfo":"https:\/\/hobierotikshop.com.tr\/website1\/contact-us\/","actionableFeedbackPolicy":"https:\/\/hobierotikshop.com.tr\/website1\/contact-us\/","correctionsPolicy":"https:\/\/hobierotikshop.com.tr\/website1\/mesafeli-satis-sozlesmesi\/"}]},"product_brand":"Borassa","product_price_amount":"1100.00","product_price_currency":"TRY","og_availability":"instock","product_availability":"instock","product_retailer_item_id":"HS3416","product_condition":"new"},"_links":{"self":[{"href":"https:\/\/haremerotikshop.com\/site\/wp-json\/wp\/v2\/product\/21494","targetHints":{"allow":["GET"]}}],"collection":[{"href":"https:\/\/haremerotikshop.com\/site\/wp-json\/wp\/v2\/product"}],"about":[{"href":"https:\/\/haremerotikshop.com\/site\/wp-json\/wp\/v2\/types\/product"}],"replies":[{"embeddable":true,"href":"https:\/\/haremerotikshop.com\/site\/wp-json\/wp\/v2\/comments?post=21494"}],"version-history":[{"count":0,"href":"https:\/\/haremerotikshop.com\/site\/wp-json\/wp\/v2\/product\/21494\/revisions"}],"wp:featuredmedia":[{"embeddable":true,"href":"https:\/\/haremerotikshop.com\/site\/wp-json\/wp\/v2\/media\/21683"}],"wp:attachment":[{"href":"https:\/\/haremerotikshop.com\/site\/wp-json\/wp\/v2\/media?parent=21494"}],"wp:term":[{"taxonomy":"product_brand","embeddable":true,"href":"https:\/\/haremerotikshop.com\/site\/wp-json\/wp\/v2\/product_brand?post=21494"},{"taxonomy":"product_cat","embeddable":true,"href":"https:\/\/haremerotikshop.com\/site\/wp-json\/wp\/v2\/product_cat?post=21494"},{"taxonomy":"product_tag","embeddable":true,"href":"https:\/\/haremerotikshop.com\/site\/wp-json\/wp\/v2\/product_tag?post=21494"}],"curies":[{"name":"wp","href":"https:\/\/api.w.org\/{rel}","templated":true}]}}