{"id":21696,"date":"2025-03-27T20:07:59","date_gmt":"2025-03-27T17:07:59","guid":{"rendered":"https:\/\/haremerotikshop.com\/site\/?post_type=product&#038;p=21696"},"modified":"2026-01-26T14:35:09","modified_gmt":"2026-01-26T11:35:09","slug":"ip-puskullu-fantezi-gecelik","status":"publish","type":"product","link":"https:\/\/haremerotikshop.com\/site\/erotik-shop-urun\/ip-puskullu-fantezi-gecelik\/","title":{"rendered":"I\u0307p P\u00fcsk\u00fcll\u00fc Fantezi Gecelik"},"content":{"rendered":"<h3 class=\"\" data-start=\"0\" data-end=\"81\"><strong data-start=\"4\" data-end=\"81\">\ud83d\udd25 \u0130p P\u00fcsk\u00fcll\u00fc Fantezi Gecelik \u2013 \u015e\u0131kl\u0131k ve \u00c7ekicili\u011fi Bir Arada Sunar! \ud83d\udd25<\/strong><\/h3>\n<p class=\"\" data-start=\"83\" data-end=\"398\"><strong data-start=\"83\" data-end=\"114\">\u0130p P\u00fcsk\u00fcll\u00fc Fantezi Gecelik<\/strong>, \u00f6zel anlar\u0131n\u0131zda \u015f\u0131kl\u0131\u011f\u0131n\u0131z\u0131 ve \u00e7ekicili\u011finizi bir arada sergileyen zarif bir tasar\u0131md\u0131r. Boyundan ba\u011flamal\u0131 tasar\u0131m\u0131 ve ip p\u00fcsk\u00fcll\u00fc detaylar\u0131yla etkileyici bir g\u00f6r\u00fcn\u00fcm sunar. Esnek ve rahat kuma\u015f\u0131 sayesinde v\u00fccudunuza m\u00fckemmel uyum sa\u011flayarak konforlu bir kullan\u0131m deneyimi sa\u011flar.<\/p>\n<h3 class=\"\" data-start=\"400\" data-end=\"431\"><strong data-start=\"404\" data-end=\"431\">\u2714 \u00d6ne \u00c7\u0131kan \u00d6zellikler:<\/strong><\/h3>\n<ul data-start=\"432\" data-end=\"807\">\n<li class=\"\" data-start=\"432\" data-end=\"529\">\n<p class=\"\" data-start=\"434\" data-end=\"529\">\u2705 <strong data-start=\"436\" data-end=\"448\">Tasar\u0131m:<\/strong> Boyundan ba\u011flamal\u0131, ip p\u00fcsk\u00fcll\u00fc detaylarla \u015f\u0131kl\u0131k ve \u00e7ekicili\u011fi bir arada sunar.<\/p>\n<\/li>\n<li class=\"\" data-start=\"530\" data-end=\"620\">\n<p class=\"\" data-start=\"532\" data-end=\"620\">\u2705 <strong data-start=\"534\" data-end=\"553\">Esnek ve Rahat:<\/strong> V\u00fccuda uyum sa\u011flayan \u00f6zel kuma\u015f, rahat ve konforlu kullan\u0131m sunar.<\/p>\n<\/li>\n<li class=\"\" data-start=\"621\" data-end=\"705\">\n<p class=\"\" data-start=\"623\" data-end=\"705\">\u2705 <strong data-start=\"625\" data-end=\"645\">\u00d6zel Anlar \u0130\u00e7in:<\/strong> Fantezi kost\u00fcm seven kad\u0131nlar i\u00e7in etkileyici bir tercih.<\/p>\n<\/li>\n<li class=\"\" data-start=\"706\" data-end=\"807\">\n<p class=\"\" data-start=\"708\" data-end=\"807\">\u2705 <strong data-start=\"710\" data-end=\"730\">Fantezi Gecelik:<\/strong> Cesur ve \u015fehvetli bir tasar\u0131ma sahip, unutulmaz geceler i\u00e7in m\u00fckemmel se\u00e7im.<\/p>\n<\/li>\n<\/ul>\n<h3 class=\"\" data-start=\"809\" data-end=\"860\"><strong data-start=\"813\" data-end=\"858\">\u2728 Hem \u015f\u0131k hem de \u00e7ekici bir stil yarat\u0131n!<\/strong><\/h3>\n<p class=\"\" data-start=\"861\" data-end=\"1010\">\ud83d\udd25 <strong data-start=\"864\" data-end=\"945\">Fantezi i\u00e7 giyim koleksiyonunuzda bu zarif ve etkileyici geceli\u011fi ka\u00e7\u0131rmay\u0131n!<\/strong><br data-start=\"945\" data-end=\"948\" \/>\ud83d\udd25 <strong data-start=\"951\" data-end=\"1010\">Hemen sipari\u015f verin ve \u00f6zel anlar\u0131n\u0131z\u0131 unutulmaz k\u0131l\u0131n!<\/strong><\/p>\n<p class=\"\" data-start=\"1012\" data-end=\"1099\">\ud83d\udc8e <strong data-start=\"1015\" data-end=\"1096\">Cesur, \u015f\u0131k ve ba\u015ftan \u00e7\u0131kar\u0131c\u0131 bir se\u00e7im i\u00e7in bu fantezi geceli\u011fi tercih edin!<\/strong> \ud83d\udc8e<\/p>\n","protected":false},"excerpt":{"rendered":"<p><strong data-start=\"83\" data-end=\"114\">\u0130p P\u00fcsk\u00fcll\u00fc Fantezi Gecelik<\/strong>, \u00f6zel anlar\u0131n\u0131zda \u015f\u0131kl\u0131\u011f\u0131n\u0131z\u0131 ve \u00e7ekicili\u011finizi bir arada sergileyen zarif bir tasar\u0131md\u0131r. Boyundan ba\u011flamal\u0131 tasar\u0131m\u0131 ve ip p\u00fcsk\u00fcll\u00fc detaylar\u0131yla etkileyici bir g\u00f6r\u00fcn\u00fcm sunar. Esnek ve rahat kuma\u015f\u0131 sayesinde v\u00fccudunuza m\u00fckemmel uyum sa\u011flayarak konforlu bir kullan\u0131m deneyimi sa\u011flar.<\/p>\n","protected":false},"featured_media":21762,"comment_status":"open","ping_status":"closed","template":"","meta":[],"product_brand":[469],"product_cat":[467,468],"product_tag":[],"class_list":{"0":"post-21696","1":"product","2":"type-product","3":"status-publish","4":"has-post-thumbnail","6":"product_brand-for-dreams","7":"product_cat-fantezi-giyim","8":"product_cat-seksi-giyim","10":"first","11":"outofstock","12":"taxable","13":"shipping-taxable","14":"purchasable","15":"product-type-simple"},"yoast_head":"<!-- This site is optimized with the Yoast SEO Premium plugin v24.4 (Yoast SEO v27.1.1) - https:\/\/yoast.com\/product\/yoast-seo-premium-wordpress\/ -->\n<title>I\u0307p P\u00fcsk\u00fcll\u00fc Fantezi Gecelik - Bursa Erotik Shop<\/title>\n<meta name=\"robots\" content=\"index, follow, max-snippet:-1, max-image-preview:large, max-video-preview:-1\" \/>\n<link rel=\"canonical\" href=\"https:\/\/hobierotikshop.com.tr\/website1\/erotik-shop-urun\/ip-puskullu-fantezi-gecelik\/\" \/>\n<meta property=\"og:locale\" content=\"tr_TR\" \/>\n<meta property=\"og:type\" content=\"article\" \/>\n<meta property=\"og:title\" content=\"I\u0307p P\u00fcsk\u00fcll\u00fc Fantezi Gecelik\" \/>\n<meta property=\"og:description\" content=\"\u0130p P\u00fcsk\u00fcll\u00fc Fantezi Gecelik, \u00f6zel anlar\u0131n\u0131zda \u015f\u0131kl\u0131\u011f\u0131n\u0131z\u0131 ve \u00e7ekicili\u011finizi bir arada sergileyen zarif bir tasar\u0131md\u0131r. Boyundan ba\u011flamal\u0131 tasar\u0131m\u0131 ve ip p\u00fcsk\u00fcll\u00fc detaylar\u0131yla etkileyici bir g\u00f6r\u00fcn\u00fcm sunar. Esnek ve rahat kuma\u015f\u0131 sayesinde v\u00fccudunuza m\u00fckemmel uyum sa\u011flayarak konforlu bir kullan\u0131m deneyimi sa\u011flar.\" \/>\n<meta property=\"og:url\" content=\"https:\/\/hobierotikshop.com.tr\/website1\/erotik-shop-urun\/ip-puskullu-fantezi-gecelik\/\" \/>\n<meta property=\"og:site_name\" content=\"Bursa Erotik Shop\" \/>\n<meta property=\"article:modified_time\" content=\"2026-01-26T11:35:09+00:00\" \/>\n<meta property=\"og:image\" content=\"https:\/\/hobierotikshop.com.tr\/website1\/wp-content\/uploads\/2025\/03\/Ip-Puskullu-Fantezi-Gecelik.jpg\" \/>\n\t<meta property=\"og:image:width\" content=\"461\" \/>\n\t<meta property=\"og:image:height\" content=\"600\" \/>\n\t<meta property=\"og:image:type\" content=\"image\/jpeg\" \/>\n<meta name=\"twitter:card\" content=\"summary_large_image\" \/>\n<meta name=\"twitter:site\" content=\"@shopbursa\" \/>\n<meta name=\"twitter:label1\" content=\"Fiyat\" \/>\n\t<meta name=\"twitter:data1\" content=\"&#8378;840,00 KDV DAH\u0130L\" \/>\n\t<meta name=\"twitter:label2\" content=\"Availability\" \/>\n\t<meta name=\"twitter:data2\" content=\"Out of stock\" \/>\n<script type=\"application\/ld+json\" class=\"yoast-schema-graph\">{\"@context\":\"https:\/\/schema.org\",\"@graph\":[{\"@type\":\"WebPage\",\"@id\":\"https:\/\/hobierotikshop.com.tr\/website1\/erotik-shop-urun\/ip-puskullu-fantezi-gecelik\/\",\"url\":\"https:\/\/hobierotikshop.com.tr\/website1\/erotik-shop-urun\/ip-puskullu-fantezi-gecelik\/\",\"name\":\"I\u0307p P\u00fcsk\u00fcll\u00fc Fantezi Gecelik - Bursa Erotik Shop\",\"isPartOf\":{\"@id\":\"https:\/\/hobierotikshop.com.tr\/website1\/#website\"},\"primaryImageOfPage\":{\"@id\":\"https:\/\/hobierotikshop.com.tr\/website1\/erotik-shop-urun\/ip-puskullu-fantezi-gecelik\/#primaryimage\"},\"image\":{\"@id\":\"https:\/\/hobierotikshop.com.tr\/website1\/erotik-shop-urun\/ip-puskullu-fantezi-gecelik\/#primaryimage\"},\"thumbnailUrl\":\"https:\/\/haremerotikshop.com\/site\/wp-content\/uploads\/2025\/03\/Ip-Puskullu-Fantezi-Gecelik.jpg\",\"datePublished\":\"2025-03-27T17:07:59+00:00\",\"dateModified\":\"2026-01-26T11:35:09+00:00\",\"breadcrumb\":{\"@id\":\"https:\/\/hobierotikshop.com.tr\/website1\/erotik-shop-urun\/ip-puskullu-fantezi-gecelik\/#breadcrumb\"},\"inLanguage\":\"tr\",\"potentialAction\":[{\"@type\":\"ReadAction\",\"target\":[\"https:\/\/hobierotikshop.com.tr\/website1\/erotik-shop-urun\/ip-puskullu-fantezi-gecelik\/\"]}]},{\"@type\":\"ImageObject\",\"inLanguage\":\"tr\",\"@id\":\"https:\/\/hobierotikshop.com.tr\/website1\/erotik-shop-urun\/ip-puskullu-fantezi-gecelik\/#primaryimage\",\"url\":\"https:\/\/haremerotikshop.com\/site\/wp-content\/uploads\/2025\/03\/Ip-Puskullu-Fantezi-Gecelik.jpg\",\"contentUrl\":\"https:\/\/haremerotikshop.com\/site\/wp-content\/uploads\/2025\/03\/Ip-Puskullu-Fantezi-Gecelik.jpg\",\"width\":461,\"height\":600,\"caption\":\"Sex Shop Bursa \u0130p P\u00fcsk\u00fcll\u00fc Fantezi Gecelik\"},{\"@type\":\"BreadcrumbList\",\"@id\":\"https:\/\/hobierotikshop.com.tr\/website1\/erotik-shop-urun\/ip-puskullu-fantezi-gecelik\/#breadcrumb\",\"itemListElement\":[{\"@type\":\"ListItem\",\"position\":1,\"name\":\"Anasayfa\",\"item\":\"https:\/\/hobierotikshop.com.tr\/website1\/\"},{\"@type\":\"ListItem\",\"position\":2,\"name\":\"Erotik Shop \u00dcr\u00fcnleri\",\"item\":\"https:\/\/hobierotikshop.com.tr\/website1\/shop\/\"},{\"@type\":\"ListItem\",\"position\":3,\"name\":\"I\u0307p P\u00fcsk\u00fcll\u00fc Fantezi Gecelik\"}]},{\"@type\":\"WebSite\",\"@id\":\"https:\/\/hobierotikshop.com.tr\/website1\/#website\",\"url\":\"https:\/\/hobierotikshop.com.tr\/website1\/\",\"name\":\"Bursa Erotik Shop\",\"description\":\"Bursa Erotik Shop ile g\u00fcvenli, gizli ve kaliteli yeti\u015fkin \u00fcr\u00fcnleri al\u0131\u015fveri\u015fi! Geni\u015f \u00fcr\u00fcn yelpazemizi ke\u015ffedin, hemen sipari\u015f verin\",\"publisher\":{\"@id\":\"https:\/\/hobierotikshop.com.tr\/website1\/#organization\"},\"alternateName\":\"Erotik Shop\",\"potentialAction\":[{\"@type\":\"SearchAction\",\"target\":{\"@type\":\"EntryPoint\",\"urlTemplate\":\"https:\/\/hobierotikshop.com.tr\/website1\/?s={search_term_string}\"},\"query-input\":{\"@type\":\"PropertyValueSpecification\",\"valueRequired\":true,\"valueName\":\"search_term_string\"}}],\"inLanguage\":\"tr\"},{\"@type\":\"Organization\",\"@id\":\"https:\/\/hobierotikshop.com.tr\/website1\/#organization\",\"name\":\"Harem Bursa Erotik Shop\",\"url\":\"https:\/\/hobierotikshop.com.tr\/website1\/\",\"logo\":{\"@type\":\"ImageObject\",\"inLanguage\":\"tr\",\"@id\":\"https:\/\/hobierotikshop.com.tr\/website1\/#\/schema\/logo\/image\/\",\"url\":\"https:\/\/haremerotikshop.com\/site\/wp-content\/uploads\/2025\/03\/haremsexshop.png\",\"contentUrl\":\"https:\/\/haremerotikshop.com\/site\/wp-content\/uploads\/2025\/03\/haremsexshop.png\",\"width\":400,\"height\":100,\"caption\":\"Harem Bursa Erotik Shop\"},\"image\":{\"@id\":\"https:\/\/hobierotikshop.com.tr\/website1\/#\/schema\/logo\/image\/\"},\"sameAs\":[\"https:\/\/x.com\/shopbursa\"],\"publishingPrinciples\":\"https:\/\/hobierotikshop.com.tr\/website1\/mesafeli-satis-sozlesmesi\/\",\"ownershipFundingInfo\":\"https:\/\/hobierotikshop.com.tr\/website1\/contact-us\/\",\"actionableFeedbackPolicy\":\"https:\/\/hobierotikshop.com.tr\/website1\/contact-us\/\",\"correctionsPolicy\":\"https:\/\/hobierotikshop.com.tr\/website1\/mesafeli-satis-sozlesmesi\/\"}]}<\/script>\n<meta property=\"product:brand\" content=\"For Dreams\" \/>\n<meta property=\"product:price:amount\" content=\"840.00\" \/>\n<meta property=\"product:price:currency\" content=\"TRY\" \/>\n<meta property=\"og:availability\" content=\"out of stock\" \/>\n<meta property=\"product:availability\" content=\"out of stock\" \/>\n<meta property=\"product:retailer_item_id\" content=\"HS18011\" \/>\n<meta property=\"product:condition\" content=\"new\" \/>\n<!-- \/ Yoast SEO Premium plugin. -->","yoast_head_json":{"title":"I\u0307p P\u00fcsk\u00fcll\u00fc Fantezi Gecelik - Bursa Erotik Shop","robots":{"index":"index","follow":"follow","max-snippet":"max-snippet:-1","max-image-preview":"max-image-preview:large","max-video-preview":"max-video-preview:-1"},"canonical":"https:\/\/hobierotikshop.com.tr\/website1\/erotik-shop-urun\/ip-puskullu-fantezi-gecelik\/","og_locale":"tr_TR","og_type":"article","og_title":"I\u0307p P\u00fcsk\u00fcll\u00fc Fantezi Gecelik","og_description":"\u0130p P\u00fcsk\u00fcll\u00fc Fantezi Gecelik, \u00f6zel anlar\u0131n\u0131zda \u015f\u0131kl\u0131\u011f\u0131n\u0131z\u0131 ve \u00e7ekicili\u011finizi bir arada sergileyen zarif bir tasar\u0131md\u0131r. Boyundan ba\u011flamal\u0131 tasar\u0131m\u0131 ve ip p\u00fcsk\u00fcll\u00fc detaylar\u0131yla etkileyici bir g\u00f6r\u00fcn\u00fcm sunar. Esnek ve rahat kuma\u015f\u0131 sayesinde v\u00fccudunuza m\u00fckemmel uyum sa\u011flayarak konforlu bir kullan\u0131m deneyimi sa\u011flar.","og_url":"https:\/\/hobierotikshop.com.tr\/website1\/erotik-shop-urun\/ip-puskullu-fantezi-gecelik\/","og_site_name":"Bursa Erotik Shop","article_modified_time":"2026-01-26T11:35:09+00:00","og_image":[{"width":461,"height":600,"url":"https:\/\/hobierotikshop.com.tr\/website1\/wp-content\/uploads\/2025\/03\/Ip-Puskullu-Fantezi-Gecelik.jpg","type":"image\/jpeg"}],"twitter_card":"summary_large_image","twitter_site":"@shopbursa","twitter_misc":{"Fiyat":"&#8378;840,00 KDV DAH\u0130L","Availability":"Out of stock"},"schema":{"@context":"https:\/\/schema.org","@graph":[{"@type":"WebPage","@id":"https:\/\/hobierotikshop.com.tr\/website1\/erotik-shop-urun\/ip-puskullu-fantezi-gecelik\/","url":"https:\/\/hobierotikshop.com.tr\/website1\/erotik-shop-urun\/ip-puskullu-fantezi-gecelik\/","name":"I\u0307p P\u00fcsk\u00fcll\u00fc Fantezi Gecelik - Bursa Erotik Shop","isPartOf":{"@id":"https:\/\/hobierotikshop.com.tr\/website1\/#website"},"primaryImageOfPage":{"@id":"https:\/\/hobierotikshop.com.tr\/website1\/erotik-shop-urun\/ip-puskullu-fantezi-gecelik\/#primaryimage"},"image":{"@id":"https:\/\/hobierotikshop.com.tr\/website1\/erotik-shop-urun\/ip-puskullu-fantezi-gecelik\/#primaryimage"},"thumbnailUrl":"https:\/\/haremerotikshop.com\/site\/wp-content\/uploads\/2025\/03\/Ip-Puskullu-Fantezi-Gecelik.jpg","datePublished":"2025-03-27T17:07:59+00:00","dateModified":"2026-01-26T11:35:09+00:00","breadcrumb":{"@id":"https:\/\/hobierotikshop.com.tr\/website1\/erotik-shop-urun\/ip-puskullu-fantezi-gecelik\/#breadcrumb"},"inLanguage":"tr","potentialAction":[{"@type":"ReadAction","target":["https:\/\/hobierotikshop.com.tr\/website1\/erotik-shop-urun\/ip-puskullu-fantezi-gecelik\/"]}]},{"@type":"ImageObject","inLanguage":"tr","@id":"https:\/\/hobierotikshop.com.tr\/website1\/erotik-shop-urun\/ip-puskullu-fantezi-gecelik\/#primaryimage","url":"https:\/\/haremerotikshop.com\/site\/wp-content\/uploads\/2025\/03\/Ip-Puskullu-Fantezi-Gecelik.jpg","contentUrl":"https:\/\/haremerotikshop.com\/site\/wp-content\/uploads\/2025\/03\/Ip-Puskullu-Fantezi-Gecelik.jpg","width":461,"height":600,"caption":"Sex Shop Bursa \u0130p P\u00fcsk\u00fcll\u00fc Fantezi Gecelik"},{"@type":"BreadcrumbList","@id":"https:\/\/hobierotikshop.com.tr\/website1\/erotik-shop-urun\/ip-puskullu-fantezi-gecelik\/#breadcrumb","itemListElement":[{"@type":"ListItem","position":1,"name":"Anasayfa","item":"https:\/\/hobierotikshop.com.tr\/website1\/"},{"@type":"ListItem","position":2,"name":"Erotik Shop \u00dcr\u00fcnleri","item":"https:\/\/hobierotikshop.com.tr\/website1\/shop\/"},{"@type":"ListItem","position":3,"name":"I\u0307p P\u00fcsk\u00fcll\u00fc Fantezi Gecelik"}]},{"@type":"WebSite","@id":"https:\/\/hobierotikshop.com.tr\/website1\/#website","url":"https:\/\/hobierotikshop.com.tr\/website1\/","name":"Bursa Erotik Shop","description":"Bursa Erotik Shop ile g\u00fcvenli, gizli ve kaliteli yeti\u015fkin \u00fcr\u00fcnleri al\u0131\u015fveri\u015fi! Geni\u015f \u00fcr\u00fcn yelpazemizi ke\u015ffedin, hemen sipari\u015f verin","publisher":{"@id":"https:\/\/hobierotikshop.com.tr\/website1\/#organization"},"alternateName":"Erotik Shop","potentialAction":[{"@type":"SearchAction","target":{"@type":"EntryPoint","urlTemplate":"https:\/\/hobierotikshop.com.tr\/website1\/?s={search_term_string}"},"query-input":{"@type":"PropertyValueSpecification","valueRequired":true,"valueName":"search_term_string"}}],"inLanguage":"tr"},{"@type":"Organization","@id":"https:\/\/hobierotikshop.com.tr\/website1\/#organization","name":"Harem Bursa Erotik Shop","url":"https:\/\/hobierotikshop.com.tr\/website1\/","logo":{"@type":"ImageObject","inLanguage":"tr","@id":"https:\/\/hobierotikshop.com.tr\/website1\/#\/schema\/logo\/image\/","url":"https:\/\/haremerotikshop.com\/site\/wp-content\/uploads\/2025\/03\/haremsexshop.png","contentUrl":"https:\/\/haremerotikshop.com\/site\/wp-content\/uploads\/2025\/03\/haremsexshop.png","width":400,"height":100,"caption":"Harem Bursa Erotik Shop"},"image":{"@id":"https:\/\/hobierotikshop.com.tr\/website1\/#\/schema\/logo\/image\/"},"sameAs":["https:\/\/x.com\/shopbursa"],"publishingPrinciples":"https:\/\/hobierotikshop.com.tr\/website1\/mesafeli-satis-sozlesmesi\/","ownershipFundingInfo":"https:\/\/hobierotikshop.com.tr\/website1\/contact-us\/","actionableFeedbackPolicy":"https:\/\/hobierotikshop.com.tr\/website1\/contact-us\/","correctionsPolicy":"https:\/\/hobierotikshop.com.tr\/website1\/mesafeli-satis-sozlesmesi\/"}]},"product_brand":"For Dreams","product_price_amount":"840.00","product_price_currency":"TRY","og_availability":"out of stock","product_availability":"out of stock","product_retailer_item_id":"HS18011","product_condition":"new"},"_links":{"self":[{"href":"https:\/\/haremerotikshop.com\/site\/wp-json\/wp\/v2\/product\/21696","targetHints":{"allow":["GET"]}}],"collection":[{"href":"https:\/\/haremerotikshop.com\/site\/wp-json\/wp\/v2\/product"}],"about":[{"href":"https:\/\/haremerotikshop.com\/site\/wp-json\/wp\/v2\/types\/product"}],"replies":[{"embeddable":true,"href":"https:\/\/haremerotikshop.com\/site\/wp-json\/wp\/v2\/comments?post=21696"}],"version-history":[{"count":0,"href":"https:\/\/haremerotikshop.com\/site\/wp-json\/wp\/v2\/product\/21696\/revisions"}],"wp:featuredmedia":[{"embeddable":true,"href":"https:\/\/haremerotikshop.com\/site\/wp-json\/wp\/v2\/media\/21762"}],"wp:attachment":[{"href":"https:\/\/haremerotikshop.com\/site\/wp-json\/wp\/v2\/media?parent=21696"}],"wp:term":[{"taxonomy":"product_brand","embeddable":true,"href":"https:\/\/haremerotikshop.com\/site\/wp-json\/wp\/v2\/product_brand?post=21696"},{"taxonomy":"product_cat","embeddable":true,"href":"https:\/\/haremerotikshop.com\/site\/wp-json\/wp\/v2\/product_cat?post=21696"},{"taxonomy":"product_tag","embeddable":true,"href":"https:\/\/haremerotikshop.com\/site\/wp-json\/wp\/v2\/product_tag?post=21696"}],"curies":[{"name":"wp","href":"https:\/\/api.w.org\/{rel}","templated":true}]}}