{"id":21780,"date":"2025-03-27T20:15:02","date_gmt":"2025-03-27T17:15:02","guid":{"rendered":"https:\/\/haremerotikshop.com\/site\/?post_type=product&#038;p=21780"},"modified":"2026-01-26T14:34:00","modified_gmt":"2026-01-26T11:34:00","slug":"hemsire-kostum-gecelik","status":"publish","type":"product","link":"https:\/\/haremerotikshop.com\/site\/erotik-shop-urun\/hemsire-kostum-gecelik\/","title":{"rendered":"Hem\u015fire Kost\u00fcm Gecelik"},"content":{"rendered":"<h3 class=\"\" data-start=\"0\" data-end=\"60\"><strong data-start=\"4\" data-end=\"60\">\ud83d\udc89 Hem\u015fire Kost\u00fcm Gecelik \u2013 Cesur ve \u015e\u0131k Tasar\u0131m! \ud83d\udc89<\/strong><\/h3>\n<p class=\"\" data-start=\"62\" data-end=\"345\">Cazibenizi \u00f6n plana \u00e7\u0131karan <strong data-start=\"90\" data-end=\"116\">Hem\u015fire Kost\u00fcm Gecelik<\/strong> ile unutulmaz anlar ya\u015fay\u0131n! Klasik hem\u015fire temal\u0131 bu \u00f6zel tasar\u0131m, ba\u015ftan \u00e7\u0131kar\u0131c\u0131 detaylar\u0131 ve \u015f\u0131k kesimiyle size cesur bir g\u00f6r\u00fcn\u00fcm sunuyor. T\u00fcm aksesuarlar\u0131yla birlikte gelen bu set, \u00f6zel geceleriniz i\u00e7in m\u00fckemmel bir tercih.<\/p>\n<h3 class=\"\" data-start=\"347\" data-end=\"371\"><strong data-start=\"351\" data-end=\"371\">\u2714 Paket \u0130\u00e7eri\u011fi:<\/strong><\/h3>\n<ul data-start=\"372\" data-end=\"451\">\n<li class=\"\" data-start=\"372\" data-end=\"398\">\n<p class=\"\" data-start=\"374\" data-end=\"398\">\u2705 1 Adet Hem\u015fire Kost\u00fcm\u00fc<\/p>\n<\/li>\n<li class=\"\" data-start=\"399\" data-end=\"415\">\n<p class=\"\" data-start=\"401\" data-end=\"415\">\u2705 1 Adet K\u00fclot<\/p>\n<\/li>\n<li class=\"\" data-start=\"416\" data-end=\"430\">\n<p class=\"\" data-start=\"418\" data-end=\"430\">\u2705 1 Adet Ta\u00e7<\/p>\n<\/li>\n<li class=\"\" data-start=\"431\" data-end=\"451\">\n<p class=\"\" data-start=\"433\" data-end=\"451\">\u2705 1 \u00c7ift D\u00fcz \u00c7orap<\/p>\n<\/li>\n<\/ul>\n<h3 class=\"\" data-start=\"453\" data-end=\"481\"><strong data-start=\"457\" data-end=\"481\">\u2714 Beden Se\u00e7enekleri:<\/strong><\/h3>\n<ul data-start=\"482\" data-end=\"495\">\n<li class=\"\" data-start=\"482\" data-end=\"495\">\n<p class=\"\" data-start=\"484\" data-end=\"495\">S, M, L, XL<\/p>\n<\/li>\n<\/ul>\n<h3 class=\"\" data-start=\"497\" data-end=\"512\"><strong data-start=\"501\" data-end=\"512\">\u2714 Renk:<\/strong><\/h3>\n<ul data-start=\"513\" data-end=\"547\">\n<li class=\"\" data-start=\"513\" data-end=\"547\">\n<p class=\"\" data-start=\"515\" data-end=\"547\">Tek renk (Klasik Hem\u015fire Temas\u0131)<\/p>\n<\/li>\n<\/ul>\n<h3 class=\"\" data-start=\"549\" data-end=\"580\"><strong data-start=\"553\" data-end=\"580\">\u2728 \u00d6ne \u00c7\u0131kan \u00d6zellikler:<\/strong><\/h3>\n<p class=\"\" data-start=\"581\" data-end=\"842\">\u2714 <strong data-start=\"583\" data-end=\"599\">\u00d6zel Tasar\u0131m<\/strong> \u2013 Hem\u015fire temal\u0131 kost\u00fcm, hem \u00e7ekici hem de \u015f\u0131k bir g\u00f6r\u00fcn\u00fcm sunar.<br data-start=\"665\" data-end=\"668\" \/>\u2714 <strong data-start=\"670\" data-end=\"691\">Konfor ve Estetik<\/strong> \u2013 Yumu\u015fak kuma\u015f\u0131 ve rahat kesimiyle \u00f6zg\u00fcrce hareket edebilirsiniz.<br data-start=\"758\" data-end=\"761\" \/>\u2714 <strong data-start=\"763\" data-end=\"788\">T\u00fcm Aksesuarlar Dahil<\/strong> \u2013 Tamamlay\u0131c\u0131 aksesuarlar ile \u015f\u0131kl\u0131\u011f\u0131n\u0131z\u0131 peki\u015ftirin.<\/p>\n<p class=\"\" data-start=\"844\" data-end=\"949\">\ud83d\udd25 <strong data-start=\"847\" data-end=\"901\">Bu \u00f6zel kost\u00fcmle ba\u015ftan \u00e7\u0131kar\u0131c\u0131 bir stil yarat\u0131n!<\/strong><br data-start=\"901\" data-end=\"904\" \/>\ud83d\udd25 <strong data-start=\"907\" data-end=\"947\">Unutulmaz anlar i\u00e7in m\u00fckemmel se\u00e7im!<\/strong><\/p>\n<p class=\"\" data-start=\"951\" data-end=\"1009\">\ud83d\udc8e <strong data-start=\"954\" data-end=\"1006\">Hemen sipari\u015f verin ve cesur tarz\u0131n\u0131z\u0131 ke\u015ffedin!<\/strong> \ud83d\udc8e<\/p>\n<p data-start=\"36\" data-end=\"58\"><strong data-start=\"242\" data-end=\"335\">acak bu \u00f6zel tasar\u0131m hem\u015fire kost\u00fcm\u00fcyle unutulmaz anlar ya\u015fay\u0131n!<\/strong><\/p>\n","protected":false},"excerpt":{"rendered":"<p data-start=\"36\" data-end=\"58\">Cazibenizi \u00f6n plana \u00e7\u0131karan <strong data-start=\"90\" data-end=\"116\">Hem\u015fire Kost\u00fcm Gecelik<\/strong> ile unutulmaz anlar ya\u015fay\u0131n! Klasik hem\u015fire temal\u0131 bu \u00f6zel tasar\u0131m, ba\u015ftan \u00e7\u0131kar\u0131c\u0131 detaylar\u0131 ve \u015f\u0131k kesimiyle size cesur bir g\u00f6r\u00fcn\u00fcm sunuyor. T\u00fcm aksesuarlar\u0131yla birlikte gelen bu set, \u00f6zel geceleriniz i\u00e7in m\u00fckemmel bir tercih.<\/p>\n","protected":false},"featured_media":21888,"comment_status":"open","ping_status":"closed","template":"","meta":[],"product_brand":[469],"product_cat":[467,468],"product_tag":[],"class_list":{"0":"post-21780","1":"product","2":"type-product","3":"status-publish","4":"has-post-thumbnail","6":"product_brand-for-dreams","7":"product_cat-fantezi-giyim","8":"product_cat-seksi-giyim","10":"first","11":"instock","12":"taxable","13":"shipping-taxable","14":"purchasable","15":"product-type-simple"},"yoast_head":"<!-- This site is optimized with the Yoast SEO Premium plugin v24.4 (Yoast SEO v27.1.1) - https:\/\/yoast.com\/product\/yoast-seo-premium-wordpress\/ -->\n<title>Hem\u015fire Kost\u00fcm Gecelik - Bursa Erotik Shop<\/title>\n<meta name=\"robots\" content=\"index, follow, max-snippet:-1, max-image-preview:large, max-video-preview:-1\" \/>\n<link rel=\"canonical\" href=\"https:\/\/hobierotikshop.com.tr\/website1\/erotik-shop-urun\/hemsire-kostum-gecelik\/\" \/>\n<meta property=\"og:locale\" content=\"tr_TR\" \/>\n<meta property=\"og:type\" content=\"article\" \/>\n<meta property=\"og:title\" content=\"Hem\u015fire Kost\u00fcm Gecelik\" \/>\n<meta property=\"og:description\" content=\"Cazibenizi \u00f6n plana \u00e7\u0131karan Hem\u015fire Kost\u00fcm Gecelik ile unutulmaz anlar ya\u015fay\u0131n! Klasik hem\u015fire temal\u0131 bu \u00f6zel tasar\u0131m, ba\u015ftan \u00e7\u0131kar\u0131c\u0131 detaylar\u0131 ve \u015f\u0131k kesimiyle size cesur bir g\u00f6r\u00fcn\u00fcm sunuyor. T\u00fcm aksesuarlar\u0131yla birlikte gelen bu set, \u00f6zel geceleriniz i\u00e7in m\u00fckemmel bir tercih.\" \/>\n<meta property=\"og:url\" content=\"https:\/\/hobierotikshop.com.tr\/website1\/erotik-shop-urun\/hemsire-kostum-gecelik\/\" \/>\n<meta property=\"og:site_name\" content=\"Bursa Erotik Shop\" \/>\n<meta property=\"article:modified_time\" content=\"2026-01-26T11:34:00+00:00\" \/>\n<meta property=\"og:image\" content=\"https:\/\/hobierotikshop.com.tr\/website1\/wp-content\/uploads\/2025\/03\/Hemsire-Kostum-Gecelik.jpg\" \/>\n\t<meta property=\"og:image:width\" content=\"800\" \/>\n\t<meta property=\"og:image:height\" content=\"1439\" \/>\n\t<meta property=\"og:image:type\" content=\"image\/jpeg\" \/>\n<meta name=\"twitter:card\" content=\"summary_large_image\" \/>\n<meta name=\"twitter:site\" content=\"@shopbursa\" \/>\n<meta name=\"twitter:label1\" content=\"Fiyat\" \/>\n\t<meta name=\"twitter:data1\" content=\"&#8378;1.000,00 KDV DAH\u0130L\" \/>\n\t<meta name=\"twitter:label2\" content=\"Availability\" \/>\n\t<meta name=\"twitter:data2\" content=\"In stock\" \/>\n<script type=\"application\/ld+json\" class=\"yoast-schema-graph\">{\"@context\":\"https:\/\/schema.org\",\"@graph\":[{\"@type\":\"WebPage\",\"@id\":\"https:\/\/hobierotikshop.com.tr\/website1\/erotik-shop-urun\/hemsire-kostum-gecelik\/\",\"url\":\"https:\/\/hobierotikshop.com.tr\/website1\/erotik-shop-urun\/hemsire-kostum-gecelik\/\",\"name\":\"Hem\u015fire Kost\u00fcm Gecelik - Bursa Erotik Shop\",\"isPartOf\":{\"@id\":\"https:\/\/hobierotikshop.com.tr\/website1\/#website\"},\"primaryImageOfPage\":{\"@id\":\"https:\/\/hobierotikshop.com.tr\/website1\/erotik-shop-urun\/hemsire-kostum-gecelik\/#primaryimage\"},\"image\":{\"@id\":\"https:\/\/hobierotikshop.com.tr\/website1\/erotik-shop-urun\/hemsire-kostum-gecelik\/#primaryimage\"},\"thumbnailUrl\":\"https:\/\/haremerotikshop.com\/site\/wp-content\/uploads\/2025\/03\/Hemsire-Kostum-Gecelik.jpg\",\"datePublished\":\"2025-03-27T17:15:02+00:00\",\"dateModified\":\"2026-01-26T11:34:00+00:00\",\"breadcrumb\":{\"@id\":\"https:\/\/hobierotikshop.com.tr\/website1\/erotik-shop-urun\/hemsire-kostum-gecelik\/#breadcrumb\"},\"inLanguage\":\"tr\",\"potentialAction\":[{\"@type\":\"ReadAction\",\"target\":[\"https:\/\/hobierotikshop.com.tr\/website1\/erotik-shop-urun\/hemsire-kostum-gecelik\/\"]}]},{\"@type\":\"ImageObject\",\"inLanguage\":\"tr\",\"@id\":\"https:\/\/hobierotikshop.com.tr\/website1\/erotik-shop-urun\/hemsire-kostum-gecelik\/#primaryimage\",\"url\":\"https:\/\/haremerotikshop.com\/site\/wp-content\/uploads\/2025\/03\/Hemsire-Kostum-Gecelik.jpg\",\"contentUrl\":\"https:\/\/haremerotikshop.com\/site\/wp-content\/uploads\/2025\/03\/Hemsire-Kostum-Gecelik.jpg\",\"width\":800,\"height\":1439,\"caption\":\"Bursa sex shop Hem\u015fire Kost\u00fcm Gecelik\"},{\"@type\":\"BreadcrumbList\",\"@id\":\"https:\/\/hobierotikshop.com.tr\/website1\/erotik-shop-urun\/hemsire-kostum-gecelik\/#breadcrumb\",\"itemListElement\":[{\"@type\":\"ListItem\",\"position\":1,\"name\":\"Anasayfa\",\"item\":\"https:\/\/hobierotikshop.com.tr\/website1\/\"},{\"@type\":\"ListItem\",\"position\":2,\"name\":\"Erotik Shop \u00dcr\u00fcnleri\",\"item\":\"https:\/\/hobierotikshop.com.tr\/website1\/shop\/\"},{\"@type\":\"ListItem\",\"position\":3,\"name\":\"Hem\u015fire Kost\u00fcm Gecelik\"}]},{\"@type\":\"WebSite\",\"@id\":\"https:\/\/hobierotikshop.com.tr\/website1\/#website\",\"url\":\"https:\/\/hobierotikshop.com.tr\/website1\/\",\"name\":\"Bursa Erotik Shop\",\"description\":\"Bursa Erotik Shop ile g\u00fcvenli, gizli ve kaliteli yeti\u015fkin \u00fcr\u00fcnleri al\u0131\u015fveri\u015fi! Geni\u015f \u00fcr\u00fcn yelpazemizi ke\u015ffedin, hemen sipari\u015f verin\",\"publisher\":{\"@id\":\"https:\/\/hobierotikshop.com.tr\/website1\/#organization\"},\"alternateName\":\"Erotik Shop\",\"potentialAction\":[{\"@type\":\"SearchAction\",\"target\":{\"@type\":\"EntryPoint\",\"urlTemplate\":\"https:\/\/hobierotikshop.com.tr\/website1\/?s={search_term_string}\"},\"query-input\":{\"@type\":\"PropertyValueSpecification\",\"valueRequired\":true,\"valueName\":\"search_term_string\"}}],\"inLanguage\":\"tr\"},{\"@type\":\"Organization\",\"@id\":\"https:\/\/hobierotikshop.com.tr\/website1\/#organization\",\"name\":\"Harem Bursa Erotik Shop\",\"url\":\"https:\/\/hobierotikshop.com.tr\/website1\/\",\"logo\":{\"@type\":\"ImageObject\",\"inLanguage\":\"tr\",\"@id\":\"https:\/\/hobierotikshop.com.tr\/website1\/#\/schema\/logo\/image\/\",\"url\":\"https:\/\/haremerotikshop.com\/site\/wp-content\/uploads\/2025\/03\/haremsexshop.png\",\"contentUrl\":\"https:\/\/haremerotikshop.com\/site\/wp-content\/uploads\/2025\/03\/haremsexshop.png\",\"width\":400,\"height\":100,\"caption\":\"Harem Bursa Erotik Shop\"},\"image\":{\"@id\":\"https:\/\/hobierotikshop.com.tr\/website1\/#\/schema\/logo\/image\/\"},\"sameAs\":[\"https:\/\/x.com\/shopbursa\"],\"publishingPrinciples\":\"https:\/\/hobierotikshop.com.tr\/website1\/mesafeli-satis-sozlesmesi\/\",\"ownershipFundingInfo\":\"https:\/\/hobierotikshop.com.tr\/website1\/contact-us\/\",\"actionableFeedbackPolicy\":\"https:\/\/hobierotikshop.com.tr\/website1\/contact-us\/\",\"correctionsPolicy\":\"https:\/\/hobierotikshop.com.tr\/website1\/mesafeli-satis-sozlesmesi\/\"}]}<\/script>\n<meta property=\"product:brand\" content=\"For Dreams\" \/>\n<meta property=\"product:price:amount\" content=\"1000.00\" \/>\n<meta property=\"product:price:currency\" content=\"TRY\" \/>\n<meta property=\"og:availability\" content=\"instock\" \/>\n<meta property=\"product:availability\" content=\"instock\" \/>\n<meta property=\"product:retailer_item_id\" content=\"HS18042\" \/>\n<meta property=\"product:condition\" content=\"new\" \/>\n<!-- \/ Yoast SEO Premium plugin. -->","yoast_head_json":{"title":"Hem\u015fire Kost\u00fcm Gecelik - Bursa Erotik Shop","robots":{"index":"index","follow":"follow","max-snippet":"max-snippet:-1","max-image-preview":"max-image-preview:large","max-video-preview":"max-video-preview:-1"},"canonical":"https:\/\/hobierotikshop.com.tr\/website1\/erotik-shop-urun\/hemsire-kostum-gecelik\/","og_locale":"tr_TR","og_type":"article","og_title":"Hem\u015fire Kost\u00fcm Gecelik","og_description":"Cazibenizi \u00f6n plana \u00e7\u0131karan Hem\u015fire Kost\u00fcm Gecelik ile unutulmaz anlar ya\u015fay\u0131n! Klasik hem\u015fire temal\u0131 bu \u00f6zel tasar\u0131m, ba\u015ftan \u00e7\u0131kar\u0131c\u0131 detaylar\u0131 ve \u015f\u0131k kesimiyle size cesur bir g\u00f6r\u00fcn\u00fcm sunuyor. T\u00fcm aksesuarlar\u0131yla birlikte gelen bu set, \u00f6zel geceleriniz i\u00e7in m\u00fckemmel bir tercih.","og_url":"https:\/\/hobierotikshop.com.tr\/website1\/erotik-shop-urun\/hemsire-kostum-gecelik\/","og_site_name":"Bursa Erotik Shop","article_modified_time":"2026-01-26T11:34:00+00:00","og_image":[{"width":800,"height":1439,"url":"https:\/\/hobierotikshop.com.tr\/website1\/wp-content\/uploads\/2025\/03\/Hemsire-Kostum-Gecelik.jpg","type":"image\/jpeg"}],"twitter_card":"summary_large_image","twitter_site":"@shopbursa","twitter_misc":{"Fiyat":"&#8378;1.000,00 KDV DAH\u0130L","Availability":"In stock"},"schema":{"@context":"https:\/\/schema.org","@graph":[{"@type":"WebPage","@id":"https:\/\/hobierotikshop.com.tr\/website1\/erotik-shop-urun\/hemsire-kostum-gecelik\/","url":"https:\/\/hobierotikshop.com.tr\/website1\/erotik-shop-urun\/hemsire-kostum-gecelik\/","name":"Hem\u015fire Kost\u00fcm Gecelik - Bursa Erotik Shop","isPartOf":{"@id":"https:\/\/hobierotikshop.com.tr\/website1\/#website"},"primaryImageOfPage":{"@id":"https:\/\/hobierotikshop.com.tr\/website1\/erotik-shop-urun\/hemsire-kostum-gecelik\/#primaryimage"},"image":{"@id":"https:\/\/hobierotikshop.com.tr\/website1\/erotik-shop-urun\/hemsire-kostum-gecelik\/#primaryimage"},"thumbnailUrl":"https:\/\/haremerotikshop.com\/site\/wp-content\/uploads\/2025\/03\/Hemsire-Kostum-Gecelik.jpg","datePublished":"2025-03-27T17:15:02+00:00","dateModified":"2026-01-26T11:34:00+00:00","breadcrumb":{"@id":"https:\/\/hobierotikshop.com.tr\/website1\/erotik-shop-urun\/hemsire-kostum-gecelik\/#breadcrumb"},"inLanguage":"tr","potentialAction":[{"@type":"ReadAction","target":["https:\/\/hobierotikshop.com.tr\/website1\/erotik-shop-urun\/hemsire-kostum-gecelik\/"]}]},{"@type":"ImageObject","inLanguage":"tr","@id":"https:\/\/hobierotikshop.com.tr\/website1\/erotik-shop-urun\/hemsire-kostum-gecelik\/#primaryimage","url":"https:\/\/haremerotikshop.com\/site\/wp-content\/uploads\/2025\/03\/Hemsire-Kostum-Gecelik.jpg","contentUrl":"https:\/\/haremerotikshop.com\/site\/wp-content\/uploads\/2025\/03\/Hemsire-Kostum-Gecelik.jpg","width":800,"height":1439,"caption":"Bursa sex shop Hem\u015fire Kost\u00fcm Gecelik"},{"@type":"BreadcrumbList","@id":"https:\/\/hobierotikshop.com.tr\/website1\/erotik-shop-urun\/hemsire-kostum-gecelik\/#breadcrumb","itemListElement":[{"@type":"ListItem","position":1,"name":"Anasayfa","item":"https:\/\/hobierotikshop.com.tr\/website1\/"},{"@type":"ListItem","position":2,"name":"Erotik Shop \u00dcr\u00fcnleri","item":"https:\/\/hobierotikshop.com.tr\/website1\/shop\/"},{"@type":"ListItem","position":3,"name":"Hem\u015fire Kost\u00fcm Gecelik"}]},{"@type":"WebSite","@id":"https:\/\/hobierotikshop.com.tr\/website1\/#website","url":"https:\/\/hobierotikshop.com.tr\/website1\/","name":"Bursa Erotik Shop","description":"Bursa Erotik Shop ile g\u00fcvenli, gizli ve kaliteli yeti\u015fkin \u00fcr\u00fcnleri al\u0131\u015fveri\u015fi! Geni\u015f \u00fcr\u00fcn yelpazemizi ke\u015ffedin, hemen sipari\u015f verin","publisher":{"@id":"https:\/\/hobierotikshop.com.tr\/website1\/#organization"},"alternateName":"Erotik Shop","potentialAction":[{"@type":"SearchAction","target":{"@type":"EntryPoint","urlTemplate":"https:\/\/hobierotikshop.com.tr\/website1\/?s={search_term_string}"},"query-input":{"@type":"PropertyValueSpecification","valueRequired":true,"valueName":"search_term_string"}}],"inLanguage":"tr"},{"@type":"Organization","@id":"https:\/\/hobierotikshop.com.tr\/website1\/#organization","name":"Harem Bursa Erotik Shop","url":"https:\/\/hobierotikshop.com.tr\/website1\/","logo":{"@type":"ImageObject","inLanguage":"tr","@id":"https:\/\/hobierotikshop.com.tr\/website1\/#\/schema\/logo\/image\/","url":"https:\/\/haremerotikshop.com\/site\/wp-content\/uploads\/2025\/03\/haremsexshop.png","contentUrl":"https:\/\/haremerotikshop.com\/site\/wp-content\/uploads\/2025\/03\/haremsexshop.png","width":400,"height":100,"caption":"Harem Bursa Erotik Shop"},"image":{"@id":"https:\/\/hobierotikshop.com.tr\/website1\/#\/schema\/logo\/image\/"},"sameAs":["https:\/\/x.com\/shopbursa"],"publishingPrinciples":"https:\/\/hobierotikshop.com.tr\/website1\/mesafeli-satis-sozlesmesi\/","ownershipFundingInfo":"https:\/\/hobierotikshop.com.tr\/website1\/contact-us\/","actionableFeedbackPolicy":"https:\/\/hobierotikshop.com.tr\/website1\/contact-us\/","correctionsPolicy":"https:\/\/hobierotikshop.com.tr\/website1\/mesafeli-satis-sozlesmesi\/"}]},"product_brand":"For Dreams","product_price_amount":"1000.00","product_price_currency":"TRY","og_availability":"instock","product_availability":"instock","product_retailer_item_id":"HS18042","product_condition":"new"},"_links":{"self":[{"href":"https:\/\/haremerotikshop.com\/site\/wp-json\/wp\/v2\/product\/21780","targetHints":{"allow":["GET"]}}],"collection":[{"href":"https:\/\/haremerotikshop.com\/site\/wp-json\/wp\/v2\/product"}],"about":[{"href":"https:\/\/haremerotikshop.com\/site\/wp-json\/wp\/v2\/types\/product"}],"replies":[{"embeddable":true,"href":"https:\/\/haremerotikshop.com\/site\/wp-json\/wp\/v2\/comments?post=21780"}],"version-history":[{"count":0,"href":"https:\/\/haremerotikshop.com\/site\/wp-json\/wp\/v2\/product\/21780\/revisions"}],"wp:featuredmedia":[{"embeddable":true,"href":"https:\/\/haremerotikshop.com\/site\/wp-json\/wp\/v2\/media\/21888"}],"wp:attachment":[{"href":"https:\/\/haremerotikshop.com\/site\/wp-json\/wp\/v2\/media?parent=21780"}],"wp:term":[{"taxonomy":"product_brand","embeddable":true,"href":"https:\/\/haremerotikshop.com\/site\/wp-json\/wp\/v2\/product_brand?post=21780"},{"taxonomy":"product_cat","embeddable":true,"href":"https:\/\/haremerotikshop.com\/site\/wp-json\/wp\/v2\/product_cat?post=21780"},{"taxonomy":"product_tag","embeddable":true,"href":"https:\/\/haremerotikshop.com\/site\/wp-json\/wp\/v2\/product_tag?post=21780"}],"curies":[{"name":"wp","href":"https:\/\/api.w.org\/{rel}","templated":true}]}}