{"id":21810,"date":"2025-03-27T20:15:51","date_gmt":"2025-03-27T17:15:51","guid":{"rendered":"https:\/\/haremerotikshop.com\/site\/?post_type=product&#038;p=21810"},"modified":"2026-01-26T14:33:50","modified_gmt":"2026-01-26T11:33:50","slug":"yuz-penceli-oryantal-kostumu","status":"publish","type":"product","link":"https:\/\/haremerotikshop.com\/site\/erotik-shop-urun\/yuz-penceli-oryantal-kostumu\/","title":{"rendered":"Y\u00fcz Pen\u00e7eli Oryantal Kost\u00fcm\u00fc"},"content":{"rendered":"<ul data-start=\"63\" data-end=\"133\">\n<li data-start=\"63\" data-end=\"94\">\n<h3 class=\"\" data-start=\"0\" data-end=\"78\"><strong data-start=\"4\" data-end=\"76\">\ud83d\udd25 Y\u00fcz Pen\u00e7eli Oryantal Kost\u00fcm\u00fc \u2013 Ba\u015ftan \u00c7\u0131kar\u0131c\u0131 ve \u015e\u0131k Tasar\u0131m! \ud83d\udd25<\/strong><\/h3>\n<p class=\"\" data-start=\"80\" data-end=\"433\"><strong data-start=\"80\" data-end=\"112\">Y\u00fcz Pen\u00e7eli Oryantal Kost\u00fcm\u00fc<\/strong>, cesur ve etkileyici tasar\u0131m\u0131yla \u00f6zel anlar\u0131n\u0131za ba\u015ftan \u00e7\u0131kar\u0131c\u0131l\u0131k ve zarafet kat\u0131yor. 5 par\u00e7adan olu\u015fan set, t\u00fcm aksesuarlar\u0131yla birlikte gelir ve y\u00fcksek kaliteli, esnek kuma\u015f\u0131 sayesinde v\u00fccudunuzu m\u00fckemmel \u015fekilde sarar. \u015e\u0131kl\u0131\u011f\u0131 ve rahatl\u0131\u011f\u0131 bir arada sunan bu kost\u00fcm, oryantal dans tutkunlar\u0131 i\u00e7in ideal bir se\u00e7im!<\/p>\n<h3 class=\"\" data-start=\"435\" data-end=\"458\"><strong data-start=\"439\" data-end=\"456\">\u2714 \u00d6zellikler:<\/strong><\/h3>\n<p class=\"\" data-start=\"460\" data-end=\"583\">\u2714 <strong data-start=\"462\" data-end=\"498\">Ba\u015ftan \u00c7\u0131kar\u0131c\u0131 Oryantal Tasar\u0131m<\/strong> \u2013 Zarif detaylar\u0131yla cesur bir g\u00f6r\u00fcn\u00fcm sunar ve her hareketinizi etkileyici k\u0131lar.<\/p>\n<p class=\"\" data-start=\"585\" data-end=\"716\">\u2714 <strong data-start=\"587\" data-end=\"618\">Y\u00fcksek Kaliteli Esnek Kuma\u015f<\/strong> \u2013 V\u00fccuda m\u00fckemmel uyum sa\u011flayan kesim ve esnek kuma\u015f yap\u0131s\u0131 sayesinde konforlu kullan\u0131m sa\u011flar.<\/p>\n<p class=\"\" data-start=\"718\" data-end=\"831\">\u2714 <strong data-start=\"720\" data-end=\"745\">T\u00fcm Aksesuarlar Dahil<\/strong> \u2013 5 par\u00e7adan olu\u015fan set ile ihtiyac\u0131n\u0131z olan t\u00fcm aksesuarlar \u00fcr\u00fcnle birlikte gelir.<\/p>\n<h3 class=\"\" data-start=\"833\" data-end=\"859\"><strong data-start=\"837\" data-end=\"857\">\u2714 Kuma\u015f Bilgisi:<\/strong><\/h3>\n<p class=\"\" data-start=\"861\" data-end=\"958\">\u2714 <strong data-start=\"863\" data-end=\"893\">%90 Polyester, %10 Elastan<\/strong> \u2013 Esnek ve dayan\u0131kl\u0131 kuma\u015f\u0131 ile rahat hareket etmenizi sa\u011flar.<\/p>\n<p class=\"\" data-start=\"960\" data-end=\"1083\">\u2714 <strong data-start=\"962\" data-end=\"985\">Hafif ve Rahat Yap\u0131<\/strong> \u2013 Hafif kuma\u015f\u0131, \u00f6zg\u00fcrce hareket etmenizi ve uzun s\u00fcre konforlu bir \u015fekilde kullanman\u0131z\u0131 sa\u011flar.<\/p>\n<p class=\"\" data-start=\"1085\" data-end=\"1284\">\ud83d\udd25 <strong data-start=\"1088\" data-end=\"1151\">Etkileyici ve ba\u015ftan \u00e7\u0131kar\u0131c\u0131 bir stil i\u00e7in m\u00fckemmel se\u00e7im!<\/strong><br data-start=\"1151\" data-end=\"1154\" \/>\ud83d\udd25 <strong data-start=\"1157\" data-end=\"1210\">\u00d6zel anlar\u0131n\u0131za cesur ve zarif bir dokunu\u015f kat\u0131n!<\/strong><br data-start=\"1210\" data-end=\"1213\" \/>\ud83d\udd25 <strong data-start=\"1216\" data-end=\"1282\">\u015eimdi sipari\u015f verin ve dans\u0131n\u0131z\u0131 zarif bir \u015fekilde sergileyin!<\/strong><\/p>\n<p class=\"\" data-start=\"1286\" data-end=\"1362\">\ud83d\udc8e <strong data-start=\"1289\" data-end=\"1359\">Feminen, cesur ve etkileyici bir g\u00f6r\u00fcn\u00fcm i\u00e7in bu kost\u00fcm\u00fc ke\u015ffedin!<\/strong> \ud83d\udc8e<\/p>\n<\/li>\n<\/ul>\n","protected":false},"excerpt":{"rendered":"<ul data-start=\"155\" data-end=\"275\">\n<li data-start=\"155\" data-end=\"195\"><strong data-start=\"80\" data-end=\"112\">Y\u00fcz Pen\u00e7eli Oryantal Kost\u00fcm\u00fc<\/strong>, cesur ve etkileyici tasar\u0131m\u0131yla \u00f6zel anlar\u0131n\u0131za ba\u015ftan \u00e7\u0131kar\u0131c\u0131l\u0131k ve zarafet kat\u0131yor. 5 par\u00e7adan olu\u015fan set, t\u00fcm aksesuarlar\u0131yla birlikte gelir ve y\u00fcksek kaliteli, esnek kuma\u015f\u0131 sayesinde v\u00fccudunuzu m\u00fckemmel \u015fekilde sarar. \u015e\u0131kl\u0131\u011f\u0131 ve rahatl\u0131\u011f\u0131 bir arada sunan bu kost\u00fcm, oryantal dans tutkunlar\u0131 i\u00e7in ideal bir se\u00e7im!<\/li>\n<\/ul>\n","protected":false},"featured_media":0,"comment_status":"open","ping_status":"closed","template":"","meta":[],"product_brand":[469],"product_cat":[467,468],"product_tag":[],"class_list":{"0":"post-21810","1":"product","2":"type-product","3":"status-publish","5":"product_brand-for-dreams","6":"product_cat-fantezi-giyim","7":"product_cat-seksi-giyim","9":"first","10":"instock","11":"taxable","12":"shipping-taxable","13":"purchasable","14":"product-type-simple"},"yoast_head":"<!-- This site is optimized with the Yoast SEO Premium plugin v24.4 (Yoast SEO v27.1.1) - https:\/\/yoast.com\/product\/yoast-seo-premium-wordpress\/ -->\n<title>Y\u00fcz Pen\u00e7eli Oryantal Kost\u00fcm\u00fc - Bursa Erotik Shop<\/title>\n<meta name=\"robots\" content=\"index, follow, max-snippet:-1, max-image-preview:large, max-video-preview:-1\" \/>\n<link rel=\"canonical\" href=\"https:\/\/hobierotikshop.com.tr\/website1\/erotik-shop-urun\/yuz-penceli-oryantal-kostumu\/\" \/>\n<meta property=\"og:locale\" content=\"tr_TR\" \/>\n<meta property=\"og:type\" content=\"article\" \/>\n<meta property=\"og:title\" content=\"Y\u00fcz Pen\u00e7eli Oryantal Kost\u00fcm\u00fc\" \/>\n<meta property=\"og:description\" content=\"Y\u00fcz Pen\u00e7eli Oryantal Kost\u00fcm\u00fc, cesur ve etkileyici tasar\u0131m\u0131yla \u00f6zel anlar\u0131n\u0131za ba\u015ftan \u00e7\u0131kar\u0131c\u0131l\u0131k ve zarafet kat\u0131yor. 5 par\u00e7adan olu\u015fan set, t\u00fcm aksesuarlar\u0131yla birlikte gelir ve y\u00fcksek kaliteli, esnek kuma\u015f\u0131 sayesinde v\u00fccudunuzu m\u00fckemmel \u015fekilde sarar. \u015e\u0131kl\u0131\u011f\u0131 ve rahatl\u0131\u011f\u0131 bir arada sunan bu kost\u00fcm, oryantal dans tutkunlar\u0131 i\u00e7in ideal bir se\u00e7im!\" \/>\n<meta property=\"og:url\" content=\"https:\/\/hobierotikshop.com.tr\/website1\/erotik-shop-urun\/yuz-penceli-oryantal-kostumu\/\" \/>\n<meta property=\"og:site_name\" content=\"Bursa Erotik Shop\" \/>\n<meta property=\"article:modified_time\" content=\"2026-01-26T11:33:50+00:00\" \/>\n<meta name=\"twitter:card\" content=\"summary_large_image\" \/>\n<meta name=\"twitter:site\" content=\"@shopbursa\" \/>\n<meta name=\"twitter:label1\" content=\"Fiyat\" \/>\n\t<meta name=\"twitter:data1\" content=\"&#8378;1.200,00 KDV DAH\u0130L\" \/>\n\t<meta name=\"twitter:label2\" content=\"Availability\" \/>\n\t<meta name=\"twitter:data2\" content=\"In stock\" \/>\n<script type=\"application\/ld+json\" class=\"yoast-schema-graph\">{\"@context\":\"https:\/\/schema.org\",\"@graph\":[{\"@type\":\"WebPage\",\"@id\":\"https:\/\/hobierotikshop.com.tr\/website1\/erotik-shop-urun\/yuz-penceli-oryantal-kostumu\/\",\"url\":\"https:\/\/hobierotikshop.com.tr\/website1\/erotik-shop-urun\/yuz-penceli-oryantal-kostumu\/\",\"name\":\"Y\u00fcz Pen\u00e7eli Oryantal Kost\u00fcm\u00fc - Bursa Erotik Shop\",\"isPartOf\":{\"@id\":\"https:\/\/hobierotikshop.com.tr\/website1\/#website\"},\"datePublished\":\"2025-03-27T17:15:51+00:00\",\"dateModified\":\"2026-01-26T11:33:50+00:00\",\"breadcrumb\":{\"@id\":\"https:\/\/hobierotikshop.com.tr\/website1\/erotik-shop-urun\/yuz-penceli-oryantal-kostumu\/#breadcrumb\"},\"inLanguage\":\"tr\",\"potentialAction\":[{\"@type\":\"ReadAction\",\"target\":[\"https:\/\/hobierotikshop.com.tr\/website1\/erotik-shop-urun\/yuz-penceli-oryantal-kostumu\/\"]}]},{\"@type\":\"BreadcrumbList\",\"@id\":\"https:\/\/hobierotikshop.com.tr\/website1\/erotik-shop-urun\/yuz-penceli-oryantal-kostumu\/#breadcrumb\",\"itemListElement\":[{\"@type\":\"ListItem\",\"position\":1,\"name\":\"Anasayfa\",\"item\":\"https:\/\/hobierotikshop.com.tr\/website1\/\"},{\"@type\":\"ListItem\",\"position\":2,\"name\":\"Erotik Shop \u00dcr\u00fcnleri\",\"item\":\"https:\/\/hobierotikshop.com.tr\/website1\/shop\/\"},{\"@type\":\"ListItem\",\"position\":3,\"name\":\"Y\u00fcz Pen\u00e7eli Oryantal Kost\u00fcm\u00fc\"}]},{\"@type\":\"WebSite\",\"@id\":\"https:\/\/hobierotikshop.com.tr\/website1\/#website\",\"url\":\"https:\/\/hobierotikshop.com.tr\/website1\/\",\"name\":\"Bursa Erotik Shop\",\"description\":\"Bursa Erotik Shop ile g\u00fcvenli, gizli ve kaliteli yeti\u015fkin \u00fcr\u00fcnleri al\u0131\u015fveri\u015fi! Geni\u015f \u00fcr\u00fcn yelpazemizi ke\u015ffedin, hemen sipari\u015f verin\",\"publisher\":{\"@id\":\"https:\/\/hobierotikshop.com.tr\/website1\/#organization\"},\"alternateName\":\"Erotik Shop\",\"potentialAction\":[{\"@type\":\"SearchAction\",\"target\":{\"@type\":\"EntryPoint\",\"urlTemplate\":\"https:\/\/hobierotikshop.com.tr\/website1\/?s={search_term_string}\"},\"query-input\":{\"@type\":\"PropertyValueSpecification\",\"valueRequired\":true,\"valueName\":\"search_term_string\"}}],\"inLanguage\":\"tr\"},{\"@type\":\"Organization\",\"@id\":\"https:\/\/hobierotikshop.com.tr\/website1\/#organization\",\"name\":\"Harem Bursa Erotik Shop\",\"url\":\"https:\/\/hobierotikshop.com.tr\/website1\/\",\"logo\":{\"@type\":\"ImageObject\",\"inLanguage\":\"tr\",\"@id\":\"https:\/\/hobierotikshop.com.tr\/website1\/#\/schema\/logo\/image\/\",\"url\":\"https:\/\/haremerotikshop.com\/site\/wp-content\/uploads\/2025\/03\/haremsexshop.png\",\"contentUrl\":\"https:\/\/haremerotikshop.com\/site\/wp-content\/uploads\/2025\/03\/haremsexshop.png\",\"width\":400,\"height\":100,\"caption\":\"Harem Bursa Erotik Shop\"},\"image\":{\"@id\":\"https:\/\/hobierotikshop.com.tr\/website1\/#\/schema\/logo\/image\/\"},\"sameAs\":[\"https:\/\/x.com\/shopbursa\"],\"publishingPrinciples\":\"https:\/\/hobierotikshop.com.tr\/website1\/mesafeli-satis-sozlesmesi\/\",\"ownershipFundingInfo\":\"https:\/\/hobierotikshop.com.tr\/website1\/contact-us\/\",\"actionableFeedbackPolicy\":\"https:\/\/hobierotikshop.com.tr\/website1\/contact-us\/\",\"correctionsPolicy\":\"https:\/\/hobierotikshop.com.tr\/website1\/mesafeli-satis-sozlesmesi\/\"}]}<\/script>\n<meta property=\"product:brand\" content=\"For Dreams\" \/>\n<meta property=\"product:price:amount\" content=\"1200.00\" \/>\n<meta property=\"product:price:currency\" content=\"TRY\" \/>\n<meta property=\"og:availability\" content=\"instock\" \/>\n<meta property=\"product:availability\" content=\"instock\" \/>\n<meta property=\"product:retailer_item_id\" content=\"HS18050\" \/>\n<meta property=\"product:condition\" content=\"new\" \/>\n<!-- \/ Yoast SEO Premium plugin. -->","yoast_head_json":{"title":"Y\u00fcz Pen\u00e7eli Oryantal Kost\u00fcm\u00fc - Bursa Erotik Shop","robots":{"index":"index","follow":"follow","max-snippet":"max-snippet:-1","max-image-preview":"max-image-preview:large","max-video-preview":"max-video-preview:-1"},"canonical":"https:\/\/hobierotikshop.com.tr\/website1\/erotik-shop-urun\/yuz-penceli-oryantal-kostumu\/","og_locale":"tr_TR","og_type":"article","og_title":"Y\u00fcz Pen\u00e7eli Oryantal Kost\u00fcm\u00fc","og_description":"Y\u00fcz Pen\u00e7eli Oryantal Kost\u00fcm\u00fc, cesur ve etkileyici tasar\u0131m\u0131yla \u00f6zel anlar\u0131n\u0131za ba\u015ftan \u00e7\u0131kar\u0131c\u0131l\u0131k ve zarafet kat\u0131yor. 5 par\u00e7adan olu\u015fan set, t\u00fcm aksesuarlar\u0131yla birlikte gelir ve y\u00fcksek kaliteli, esnek kuma\u015f\u0131 sayesinde v\u00fccudunuzu m\u00fckemmel \u015fekilde sarar. \u015e\u0131kl\u0131\u011f\u0131 ve rahatl\u0131\u011f\u0131 bir arada sunan bu kost\u00fcm, oryantal dans tutkunlar\u0131 i\u00e7in ideal bir se\u00e7im!","og_url":"https:\/\/hobierotikshop.com.tr\/website1\/erotik-shop-urun\/yuz-penceli-oryantal-kostumu\/","og_site_name":"Bursa Erotik Shop","article_modified_time":"2026-01-26T11:33:50+00:00","twitter_card":"summary_large_image","twitter_site":"@shopbursa","twitter_misc":{"Fiyat":"&#8378;1.200,00 KDV DAH\u0130L","Availability":"In stock"},"schema":{"@context":"https:\/\/schema.org","@graph":[{"@type":"WebPage","@id":"https:\/\/hobierotikshop.com.tr\/website1\/erotik-shop-urun\/yuz-penceli-oryantal-kostumu\/","url":"https:\/\/hobierotikshop.com.tr\/website1\/erotik-shop-urun\/yuz-penceli-oryantal-kostumu\/","name":"Y\u00fcz Pen\u00e7eli Oryantal Kost\u00fcm\u00fc - Bursa Erotik Shop","isPartOf":{"@id":"https:\/\/hobierotikshop.com.tr\/website1\/#website"},"datePublished":"2025-03-27T17:15:51+00:00","dateModified":"2026-01-26T11:33:50+00:00","breadcrumb":{"@id":"https:\/\/hobierotikshop.com.tr\/website1\/erotik-shop-urun\/yuz-penceli-oryantal-kostumu\/#breadcrumb"},"inLanguage":"tr","potentialAction":[{"@type":"ReadAction","target":["https:\/\/hobierotikshop.com.tr\/website1\/erotik-shop-urun\/yuz-penceli-oryantal-kostumu\/"]}]},{"@type":"BreadcrumbList","@id":"https:\/\/hobierotikshop.com.tr\/website1\/erotik-shop-urun\/yuz-penceli-oryantal-kostumu\/#breadcrumb","itemListElement":[{"@type":"ListItem","position":1,"name":"Anasayfa","item":"https:\/\/hobierotikshop.com.tr\/website1\/"},{"@type":"ListItem","position":2,"name":"Erotik Shop \u00dcr\u00fcnleri","item":"https:\/\/hobierotikshop.com.tr\/website1\/shop\/"},{"@type":"ListItem","position":3,"name":"Y\u00fcz Pen\u00e7eli Oryantal Kost\u00fcm\u00fc"}]},{"@type":"WebSite","@id":"https:\/\/hobierotikshop.com.tr\/website1\/#website","url":"https:\/\/hobierotikshop.com.tr\/website1\/","name":"Bursa Erotik Shop","description":"Bursa Erotik Shop ile g\u00fcvenli, gizli ve kaliteli yeti\u015fkin \u00fcr\u00fcnleri al\u0131\u015fveri\u015fi! Geni\u015f \u00fcr\u00fcn yelpazemizi ke\u015ffedin, hemen sipari\u015f verin","publisher":{"@id":"https:\/\/hobierotikshop.com.tr\/website1\/#organization"},"alternateName":"Erotik Shop","potentialAction":[{"@type":"SearchAction","target":{"@type":"EntryPoint","urlTemplate":"https:\/\/hobierotikshop.com.tr\/website1\/?s={search_term_string}"},"query-input":{"@type":"PropertyValueSpecification","valueRequired":true,"valueName":"search_term_string"}}],"inLanguage":"tr"},{"@type":"Organization","@id":"https:\/\/hobierotikshop.com.tr\/website1\/#organization","name":"Harem Bursa Erotik Shop","url":"https:\/\/hobierotikshop.com.tr\/website1\/","logo":{"@type":"ImageObject","inLanguage":"tr","@id":"https:\/\/hobierotikshop.com.tr\/website1\/#\/schema\/logo\/image\/","url":"https:\/\/haremerotikshop.com\/site\/wp-content\/uploads\/2025\/03\/haremsexshop.png","contentUrl":"https:\/\/haremerotikshop.com\/site\/wp-content\/uploads\/2025\/03\/haremsexshop.png","width":400,"height":100,"caption":"Harem Bursa Erotik Shop"},"image":{"@id":"https:\/\/hobierotikshop.com.tr\/website1\/#\/schema\/logo\/image\/"},"sameAs":["https:\/\/x.com\/shopbursa"],"publishingPrinciples":"https:\/\/hobierotikshop.com.tr\/website1\/mesafeli-satis-sozlesmesi\/","ownershipFundingInfo":"https:\/\/hobierotikshop.com.tr\/website1\/contact-us\/","actionableFeedbackPolicy":"https:\/\/hobierotikshop.com.tr\/website1\/contact-us\/","correctionsPolicy":"https:\/\/hobierotikshop.com.tr\/website1\/mesafeli-satis-sozlesmesi\/"}]},"product_brand":"For Dreams","product_price_amount":"1200.00","product_price_currency":"TRY","og_availability":"instock","product_availability":"instock","product_retailer_item_id":"HS18050","product_condition":"new"},"_links":{"self":[{"href":"https:\/\/haremerotikshop.com\/site\/wp-json\/wp\/v2\/product\/21810","targetHints":{"allow":["GET"]}}],"collection":[{"href":"https:\/\/haremerotikshop.com\/site\/wp-json\/wp\/v2\/product"}],"about":[{"href":"https:\/\/haremerotikshop.com\/site\/wp-json\/wp\/v2\/types\/product"}],"replies":[{"embeddable":true,"href":"https:\/\/haremerotikshop.com\/site\/wp-json\/wp\/v2\/comments?post=21810"}],"version-history":[{"count":0,"href":"https:\/\/haremerotikshop.com\/site\/wp-json\/wp\/v2\/product\/21810\/revisions"}],"wp:attachment":[{"href":"https:\/\/haremerotikshop.com\/site\/wp-json\/wp\/v2\/media?parent=21810"}],"wp:term":[{"taxonomy":"product_brand","embeddable":true,"href":"https:\/\/haremerotikshop.com\/site\/wp-json\/wp\/v2\/product_brand?post=21810"},{"taxonomy":"product_cat","embeddable":true,"href":"https:\/\/haremerotikshop.com\/site\/wp-json\/wp\/v2\/product_cat?post=21810"},{"taxonomy":"product_tag","embeddable":true,"href":"https:\/\/haremerotikshop.com\/site\/wp-json\/wp\/v2\/product_tag?post=21810"}],"curies":[{"name":"wp","href":"https:\/\/api.w.org\/{rel}","templated":true}]}}