{"id":21856,"date":"2025-03-27T20:17:45","date_gmt":"2025-03-27T17:17:45","guid":{"rendered":"https:\/\/haremerotikshop.com\/site\/?post_type=product&#038;p=21856"},"modified":"2026-01-26T14:32:59","modified_gmt":"2026-01-26T11:32:59","slug":"fantazi-sutyen-takimi","status":"publish","type":"product","link":"https:\/\/haremerotikshop.com\/site\/erotik-shop-urun\/fantazi-sutyen-takimi\/","title":{"rendered":"Fantazi S\u00fctyen Tak\u0131m\u0131"},"content":{"rendered":"<h3 class=\"\" data-start=\"0\" data-end=\"79\"><strong data-start=\"4\" data-end=\"77\">\ud83d\udd25 Metal Halkal\u0131 Transparan S\u00fctyen ve Tanga Tak\u0131m\u0131 \u2013 \u015e\u0131k ve Cesur! \ud83d\udd25<\/strong><\/h3>\n<p class=\"\" data-start=\"81\" data-end=\"361\">Ba\u015ftan \u00e7\u0131kar\u0131c\u0131 detaylar\u0131 ve modern tasar\u0131m\u0131yla \u00f6ne \u00e7\u0131kan <strong data-start=\"139\" data-end=\"190\">Metal Halkal\u0131 Transparan S\u00fctyen ve Tanga Tak\u0131m\u0131<\/strong>, feminen \u00e7ekicili\u011fi zirveye ta\u015f\u0131yor! Transparan yap\u0131s\u0131 ve metal halka detaylar\u0131yla cesur bir g\u00f6r\u00fcn\u00fcm sunarken, esnek ve rahat yap\u0131s\u0131 sayesinde g\u00fcn boyu konfor sa\u011fl\u0131yor.<\/p>\n<h3 class=\"\" data-start=\"363\" data-end=\"396\"><strong data-start=\"367\" data-end=\"394\">\u2728 \u00d6ne \u00c7\u0131kan \u00d6zellikler:<\/strong><\/h3>\n<p class=\"\" data-start=\"398\" data-end=\"549\">\u2714 <strong data-start=\"400\" data-end=\"419\">2 Par\u00e7al\u0131 Tak\u0131m<\/strong> \u2013 <strong data-start=\"422\" data-end=\"462\">Boyundan ba\u011flamal\u0131 transparan s\u00fctyen<\/strong> ve <strong data-start=\"466\" data-end=\"500\">metal halkal\u0131 transparan tanga<\/strong> ile tamamlanan \u015f\u0131k ve ba\u015ftan \u00e7\u0131kar\u0131c\u0131 tasar\u0131m.<\/p>\n<p class=\"\" data-start=\"551\" data-end=\"661\">\u2714 <strong data-start=\"553\" data-end=\"593\">Boyundan Ba\u011flamal\u0131 Transparan S\u00fctyen<\/strong> \u2013 G\u00f6\u011f\u00fcsleri zarif\u00e7e saran \u00f6zel kesimiyle v\u00fccudu \u00f6n plana \u00e7\u0131kar\u0131r.<\/p>\n<p class=\"\" data-start=\"663\" data-end=\"779\">\u2714 <strong data-start=\"665\" data-end=\"713\">Metal Halka ve Bant Detayl\u0131 Transparan Tanga<\/strong> \u2013 Cesur tasar\u0131m\u0131 ve \u015f\u0131k detaylar\u0131yla iddial\u0131 bir g\u00f6r\u00fcn\u00fcm sunar.<\/p>\n<p class=\"\" data-start=\"781\" data-end=\"871\">\u2714 <strong data-start=\"783\" data-end=\"807\">Esnek ve Hafif Kuma\u015f<\/strong> \u2013 Konforlu kullan\u0131m sa\u011flayarak v\u00fccudu m\u00fckemmel \u015fekilde sarar.<\/p>\n<p class=\"\" data-start=\"873\" data-end=\"1036\">\ud83d\udd25 <strong data-start=\"876\" data-end=\"929\">Etkileyici ve cesur bir stil i\u00e7in m\u00fckemmel se\u00e7im!<\/strong><br data-start=\"929\" data-end=\"932\" \/>\ud83d\udd25 <strong data-start=\"935\" data-end=\"977\">\u00d6zel anlar\u0131n\u0131za \u015f\u0131kl\u0131k ve tutku kat\u0131n!<\/strong><br data-start=\"977\" data-end=\"980\" \/>\ud83d\udd25 <strong data-start=\"983\" data-end=\"1034\">\u015eimdi sipari\u015f verin ve kendinizi \u00f6zel hissedin!<\/strong><\/p>\n<p class=\"\" data-start=\"1038\" data-end=\"1115\">\ud83d\udc8e <strong data-start=\"1041\" data-end=\"1112\">Ba\u015ftan \u00e7\u0131kar\u0131c\u0131 ve zarif bir g\u00f6r\u00fcn\u00fcm i\u00e7in bu e\u015fsiz tak\u0131m\u0131 ke\u015ffedin!<\/strong> \ud83d\udc8e<\/p>\n","protected":false},"excerpt":{"rendered":"<p>Ba\u015ftan \u00e7\u0131kar\u0131c\u0131 detaylar\u0131 ve modern tasar\u0131m\u0131yla \u00f6ne \u00e7\u0131kan <strong data-start=\"139\" data-end=\"190\">Metal Halkal\u0131 Transparan S\u00fctyen ve Tanga Tak\u0131m\u0131<\/strong>, feminen \u00e7ekicili\u011fi zirveye ta\u015f\u0131yor! Transparan yap\u0131s\u0131 ve metal halka detaylar\u0131yla cesur bir g\u00f6r\u00fcn\u00fcm sunarken, esnek ve rahat yap\u0131s\u0131 sayesinde g\u00fcn boyu konfor sa\u011fl\u0131yor.<\/p>\n","protected":false},"featured_media":21978,"comment_status":"open","ping_status":"closed","template":"","meta":[],"product_brand":[469],"product_cat":[467,468],"product_tag":[],"class_list":{"0":"post-21856","1":"product","2":"type-product","3":"status-publish","4":"has-post-thumbnail","6":"product_brand-for-dreams","7":"product_cat-fantezi-giyim","8":"product_cat-seksi-giyim","10":"first","11":"instock","12":"taxable","13":"shipping-taxable","14":"purchasable","15":"product-type-simple"},"yoast_head":"<!-- This site is optimized with the Yoast SEO Premium plugin v24.4 (Yoast SEO v27.1.1) - https:\/\/yoast.com\/product\/yoast-seo-premium-wordpress\/ -->\n<title>Fantazi S\u00fctyen Tak\u0131m\u0131 - Bursa Erotik Shop<\/title>\n<meta name=\"robots\" content=\"index, follow, max-snippet:-1, max-image-preview:large, max-video-preview:-1\" \/>\n<link rel=\"canonical\" href=\"https:\/\/hobierotikshop.com.tr\/website1\/erotik-shop-urun\/fantazi-sutyen-takimi\/\" \/>\n<meta property=\"og:locale\" content=\"tr_TR\" \/>\n<meta property=\"og:type\" content=\"article\" \/>\n<meta property=\"og:title\" content=\"Fantazi S\u00fctyen Tak\u0131m\u0131\" \/>\n<meta property=\"og:description\" content=\"Ba\u015ftan \u00e7\u0131kar\u0131c\u0131 detaylar\u0131 ve modern tasar\u0131m\u0131yla \u00f6ne \u00e7\u0131kan Metal Halkal\u0131 Transparan S\u00fctyen ve Tanga Tak\u0131m\u0131, feminen \u00e7ekicili\u011fi zirveye ta\u015f\u0131yor! Transparan yap\u0131s\u0131 ve metal halka detaylar\u0131yla cesur bir g\u00f6r\u00fcn\u00fcm sunarken, esnek ve rahat yap\u0131s\u0131 sayesinde g\u00fcn boyu konfor sa\u011fl\u0131yor.\" \/>\n<meta property=\"og:url\" content=\"https:\/\/hobierotikshop.com.tr\/website1\/erotik-shop-urun\/fantazi-sutyen-takimi\/\" \/>\n<meta property=\"og:site_name\" content=\"Bursa Erotik Shop\" \/>\n<meta property=\"article:modified_time\" content=\"2026-01-26T11:32:59+00:00\" \/>\n<meta property=\"og:image\" content=\"https:\/\/hobierotikshop.com.tr\/website1\/wp-content\/uploads\/2025\/03\/Fantazi-Sutyen-Takimi.jpg\" \/>\n\t<meta property=\"og:image:width\" content=\"533\" \/>\n\t<meta property=\"og:image:height\" content=\"800\" \/>\n\t<meta property=\"og:image:type\" content=\"image\/jpeg\" \/>\n<meta name=\"twitter:card\" content=\"summary_large_image\" \/>\n<meta name=\"twitter:site\" content=\"@shopbursa\" \/>\n<meta name=\"twitter:label1\" content=\"Fiyat\" \/>\n\t<meta name=\"twitter:data1\" content=\"&#8378;1.000,00 KDV DAH\u0130L\" \/>\n\t<meta name=\"twitter:label2\" content=\"Availability\" \/>\n\t<meta name=\"twitter:data2\" content=\"In stock\" \/>\n<script type=\"application\/ld+json\" class=\"yoast-schema-graph\">{\"@context\":\"https:\/\/schema.org\",\"@graph\":[{\"@type\":\"WebPage\",\"@id\":\"https:\/\/hobierotikshop.com.tr\/website1\/erotik-shop-urun\/fantazi-sutyen-takimi\/\",\"url\":\"https:\/\/hobierotikshop.com.tr\/website1\/erotik-shop-urun\/fantazi-sutyen-takimi\/\",\"name\":\"Fantazi S\u00fctyen Tak\u0131m\u0131 - Bursa Erotik Shop\",\"isPartOf\":{\"@id\":\"https:\/\/hobierotikshop.com.tr\/website1\/#website\"},\"primaryImageOfPage\":{\"@id\":\"https:\/\/hobierotikshop.com.tr\/website1\/erotik-shop-urun\/fantazi-sutyen-takimi\/#primaryimage\"},\"image\":{\"@id\":\"https:\/\/hobierotikshop.com.tr\/website1\/erotik-shop-urun\/fantazi-sutyen-takimi\/#primaryimage\"},\"thumbnailUrl\":\"https:\/\/haremerotikshop.com\/site\/wp-content\/uploads\/2025\/03\/Fantazi-Sutyen-Takimi.jpg\",\"datePublished\":\"2025-03-27T17:17:45+00:00\",\"dateModified\":\"2026-01-26T11:32:59+00:00\",\"breadcrumb\":{\"@id\":\"https:\/\/hobierotikshop.com.tr\/website1\/erotik-shop-urun\/fantazi-sutyen-takimi\/#breadcrumb\"},\"inLanguage\":\"tr\",\"potentialAction\":[{\"@type\":\"ReadAction\",\"target\":[\"https:\/\/hobierotikshop.com.tr\/website1\/erotik-shop-urun\/fantazi-sutyen-takimi\/\"]}]},{\"@type\":\"ImageObject\",\"inLanguage\":\"tr\",\"@id\":\"https:\/\/hobierotikshop.com.tr\/website1\/erotik-shop-urun\/fantazi-sutyen-takimi\/#primaryimage\",\"url\":\"https:\/\/haremerotikshop.com\/site\/wp-content\/uploads\/2025\/03\/Fantazi-Sutyen-Takimi.jpg\",\"contentUrl\":\"https:\/\/haremerotikshop.com\/site\/wp-content\/uploads\/2025\/03\/Fantazi-Sutyen-Takimi.jpg\",\"width\":533,\"height\":800,\"caption\":\"Erotik Shop Fantezi S\u00fctyen Tak\u0131m\"},{\"@type\":\"BreadcrumbList\",\"@id\":\"https:\/\/hobierotikshop.com.tr\/website1\/erotik-shop-urun\/fantazi-sutyen-takimi\/#breadcrumb\",\"itemListElement\":[{\"@type\":\"ListItem\",\"position\":1,\"name\":\"Anasayfa\",\"item\":\"https:\/\/hobierotikshop.com.tr\/website1\/\"},{\"@type\":\"ListItem\",\"position\":2,\"name\":\"Erotik Shop \u00dcr\u00fcnleri\",\"item\":\"https:\/\/hobierotikshop.com.tr\/website1\/shop\/\"},{\"@type\":\"ListItem\",\"position\":3,\"name\":\"Fantazi S\u00fctyen Tak\u0131m\u0131\"}]},{\"@type\":\"WebSite\",\"@id\":\"https:\/\/hobierotikshop.com.tr\/website1\/#website\",\"url\":\"https:\/\/hobierotikshop.com.tr\/website1\/\",\"name\":\"Bursa Erotik Shop\",\"description\":\"Bursa Erotik Shop ile g\u00fcvenli, gizli ve kaliteli yeti\u015fkin \u00fcr\u00fcnleri al\u0131\u015fveri\u015fi! Geni\u015f \u00fcr\u00fcn yelpazemizi ke\u015ffedin, hemen sipari\u015f verin\",\"publisher\":{\"@id\":\"https:\/\/hobierotikshop.com.tr\/website1\/#organization\"},\"alternateName\":\"Erotik Shop\",\"potentialAction\":[{\"@type\":\"SearchAction\",\"target\":{\"@type\":\"EntryPoint\",\"urlTemplate\":\"https:\/\/hobierotikshop.com.tr\/website1\/?s={search_term_string}\"},\"query-input\":{\"@type\":\"PropertyValueSpecification\",\"valueRequired\":true,\"valueName\":\"search_term_string\"}}],\"inLanguage\":\"tr\"},{\"@type\":\"Organization\",\"@id\":\"https:\/\/hobierotikshop.com.tr\/website1\/#organization\",\"name\":\"Harem Bursa Erotik Shop\",\"url\":\"https:\/\/hobierotikshop.com.tr\/website1\/\",\"logo\":{\"@type\":\"ImageObject\",\"inLanguage\":\"tr\",\"@id\":\"https:\/\/hobierotikshop.com.tr\/website1\/#\/schema\/logo\/image\/\",\"url\":\"https:\/\/haremerotikshop.com\/site\/wp-content\/uploads\/2025\/03\/haremsexshop.png\",\"contentUrl\":\"https:\/\/haremerotikshop.com\/site\/wp-content\/uploads\/2025\/03\/haremsexshop.png\",\"width\":400,\"height\":100,\"caption\":\"Harem Bursa Erotik Shop\"},\"image\":{\"@id\":\"https:\/\/hobierotikshop.com.tr\/website1\/#\/schema\/logo\/image\/\"},\"sameAs\":[\"https:\/\/x.com\/shopbursa\"],\"publishingPrinciples\":\"https:\/\/hobierotikshop.com.tr\/website1\/mesafeli-satis-sozlesmesi\/\",\"ownershipFundingInfo\":\"https:\/\/hobierotikshop.com.tr\/website1\/contact-us\/\",\"actionableFeedbackPolicy\":\"https:\/\/hobierotikshop.com.tr\/website1\/contact-us\/\",\"correctionsPolicy\":\"https:\/\/hobierotikshop.com.tr\/website1\/mesafeli-satis-sozlesmesi\/\"}]}<\/script>\n<meta property=\"product:brand\" content=\"For Dreams\" \/>\n<meta property=\"product:price:amount\" content=\"1000.00\" \/>\n<meta property=\"product:price:currency\" content=\"TRY\" \/>\n<meta property=\"og:availability\" content=\"instock\" \/>\n<meta property=\"product:availability\" content=\"instock\" \/>\n<meta property=\"product:retailer_item_id\" content=\"HS18062\" \/>\n<meta property=\"product:condition\" content=\"new\" \/>\n<!-- \/ Yoast SEO Premium plugin. -->","yoast_head_json":{"title":"Fantazi S\u00fctyen Tak\u0131m\u0131 - Bursa Erotik Shop","robots":{"index":"index","follow":"follow","max-snippet":"max-snippet:-1","max-image-preview":"max-image-preview:large","max-video-preview":"max-video-preview:-1"},"canonical":"https:\/\/hobierotikshop.com.tr\/website1\/erotik-shop-urun\/fantazi-sutyen-takimi\/","og_locale":"tr_TR","og_type":"article","og_title":"Fantazi S\u00fctyen Tak\u0131m\u0131","og_description":"Ba\u015ftan \u00e7\u0131kar\u0131c\u0131 detaylar\u0131 ve modern tasar\u0131m\u0131yla \u00f6ne \u00e7\u0131kan Metal Halkal\u0131 Transparan S\u00fctyen ve Tanga Tak\u0131m\u0131, feminen \u00e7ekicili\u011fi zirveye ta\u015f\u0131yor! Transparan yap\u0131s\u0131 ve metal halka detaylar\u0131yla cesur bir g\u00f6r\u00fcn\u00fcm sunarken, esnek ve rahat yap\u0131s\u0131 sayesinde g\u00fcn boyu konfor sa\u011fl\u0131yor.","og_url":"https:\/\/hobierotikshop.com.tr\/website1\/erotik-shop-urun\/fantazi-sutyen-takimi\/","og_site_name":"Bursa Erotik Shop","article_modified_time":"2026-01-26T11:32:59+00:00","og_image":[{"width":533,"height":800,"url":"https:\/\/hobierotikshop.com.tr\/website1\/wp-content\/uploads\/2025\/03\/Fantazi-Sutyen-Takimi.jpg","type":"image\/jpeg"}],"twitter_card":"summary_large_image","twitter_site":"@shopbursa","twitter_misc":{"Fiyat":"&#8378;1.000,00 KDV DAH\u0130L","Availability":"In stock"},"schema":{"@context":"https:\/\/schema.org","@graph":[{"@type":"WebPage","@id":"https:\/\/hobierotikshop.com.tr\/website1\/erotik-shop-urun\/fantazi-sutyen-takimi\/","url":"https:\/\/hobierotikshop.com.tr\/website1\/erotik-shop-urun\/fantazi-sutyen-takimi\/","name":"Fantazi S\u00fctyen Tak\u0131m\u0131 - Bursa Erotik Shop","isPartOf":{"@id":"https:\/\/hobierotikshop.com.tr\/website1\/#website"},"primaryImageOfPage":{"@id":"https:\/\/hobierotikshop.com.tr\/website1\/erotik-shop-urun\/fantazi-sutyen-takimi\/#primaryimage"},"image":{"@id":"https:\/\/hobierotikshop.com.tr\/website1\/erotik-shop-urun\/fantazi-sutyen-takimi\/#primaryimage"},"thumbnailUrl":"https:\/\/haremerotikshop.com\/site\/wp-content\/uploads\/2025\/03\/Fantazi-Sutyen-Takimi.jpg","datePublished":"2025-03-27T17:17:45+00:00","dateModified":"2026-01-26T11:32:59+00:00","breadcrumb":{"@id":"https:\/\/hobierotikshop.com.tr\/website1\/erotik-shop-urun\/fantazi-sutyen-takimi\/#breadcrumb"},"inLanguage":"tr","potentialAction":[{"@type":"ReadAction","target":["https:\/\/hobierotikshop.com.tr\/website1\/erotik-shop-urun\/fantazi-sutyen-takimi\/"]}]},{"@type":"ImageObject","inLanguage":"tr","@id":"https:\/\/hobierotikshop.com.tr\/website1\/erotik-shop-urun\/fantazi-sutyen-takimi\/#primaryimage","url":"https:\/\/haremerotikshop.com\/site\/wp-content\/uploads\/2025\/03\/Fantazi-Sutyen-Takimi.jpg","contentUrl":"https:\/\/haremerotikshop.com\/site\/wp-content\/uploads\/2025\/03\/Fantazi-Sutyen-Takimi.jpg","width":533,"height":800,"caption":"Erotik Shop Fantezi S\u00fctyen Tak\u0131m"},{"@type":"BreadcrumbList","@id":"https:\/\/hobierotikshop.com.tr\/website1\/erotik-shop-urun\/fantazi-sutyen-takimi\/#breadcrumb","itemListElement":[{"@type":"ListItem","position":1,"name":"Anasayfa","item":"https:\/\/hobierotikshop.com.tr\/website1\/"},{"@type":"ListItem","position":2,"name":"Erotik Shop \u00dcr\u00fcnleri","item":"https:\/\/hobierotikshop.com.tr\/website1\/shop\/"},{"@type":"ListItem","position":3,"name":"Fantazi S\u00fctyen Tak\u0131m\u0131"}]},{"@type":"WebSite","@id":"https:\/\/hobierotikshop.com.tr\/website1\/#website","url":"https:\/\/hobierotikshop.com.tr\/website1\/","name":"Bursa Erotik Shop","description":"Bursa Erotik Shop ile g\u00fcvenli, gizli ve kaliteli yeti\u015fkin \u00fcr\u00fcnleri al\u0131\u015fveri\u015fi! Geni\u015f \u00fcr\u00fcn yelpazemizi ke\u015ffedin, hemen sipari\u015f verin","publisher":{"@id":"https:\/\/hobierotikshop.com.tr\/website1\/#organization"},"alternateName":"Erotik Shop","potentialAction":[{"@type":"SearchAction","target":{"@type":"EntryPoint","urlTemplate":"https:\/\/hobierotikshop.com.tr\/website1\/?s={search_term_string}"},"query-input":{"@type":"PropertyValueSpecification","valueRequired":true,"valueName":"search_term_string"}}],"inLanguage":"tr"},{"@type":"Organization","@id":"https:\/\/hobierotikshop.com.tr\/website1\/#organization","name":"Harem Bursa Erotik Shop","url":"https:\/\/hobierotikshop.com.tr\/website1\/","logo":{"@type":"ImageObject","inLanguage":"tr","@id":"https:\/\/hobierotikshop.com.tr\/website1\/#\/schema\/logo\/image\/","url":"https:\/\/haremerotikshop.com\/site\/wp-content\/uploads\/2025\/03\/haremsexshop.png","contentUrl":"https:\/\/haremerotikshop.com\/site\/wp-content\/uploads\/2025\/03\/haremsexshop.png","width":400,"height":100,"caption":"Harem Bursa Erotik Shop"},"image":{"@id":"https:\/\/hobierotikshop.com.tr\/website1\/#\/schema\/logo\/image\/"},"sameAs":["https:\/\/x.com\/shopbursa"],"publishingPrinciples":"https:\/\/hobierotikshop.com.tr\/website1\/mesafeli-satis-sozlesmesi\/","ownershipFundingInfo":"https:\/\/hobierotikshop.com.tr\/website1\/contact-us\/","actionableFeedbackPolicy":"https:\/\/hobierotikshop.com.tr\/website1\/contact-us\/","correctionsPolicy":"https:\/\/hobierotikshop.com.tr\/website1\/mesafeli-satis-sozlesmesi\/"}]},"product_brand":"For Dreams","product_price_amount":"1000.00","product_price_currency":"TRY","og_availability":"instock","product_availability":"instock","product_retailer_item_id":"HS18062","product_condition":"new"},"_links":{"self":[{"href":"https:\/\/haremerotikshop.com\/site\/wp-json\/wp\/v2\/product\/21856","targetHints":{"allow":["GET"]}}],"collection":[{"href":"https:\/\/haremerotikshop.com\/site\/wp-json\/wp\/v2\/product"}],"about":[{"href":"https:\/\/haremerotikshop.com\/site\/wp-json\/wp\/v2\/types\/product"}],"replies":[{"embeddable":true,"href":"https:\/\/haremerotikshop.com\/site\/wp-json\/wp\/v2\/comments?post=21856"}],"version-history":[{"count":0,"href":"https:\/\/haremerotikshop.com\/site\/wp-json\/wp\/v2\/product\/21856\/revisions"}],"wp:featuredmedia":[{"embeddable":true,"href":"https:\/\/haremerotikshop.com\/site\/wp-json\/wp\/v2\/media\/21978"}],"wp:attachment":[{"href":"https:\/\/haremerotikshop.com\/site\/wp-json\/wp\/v2\/media?parent=21856"}],"wp:term":[{"taxonomy":"product_brand","embeddable":true,"href":"https:\/\/haremerotikshop.com\/site\/wp-json\/wp\/v2\/product_brand?post=21856"},{"taxonomy":"product_cat","embeddable":true,"href":"https:\/\/haremerotikshop.com\/site\/wp-json\/wp\/v2\/product_cat?post=21856"},{"taxonomy":"product_tag","embeddable":true,"href":"https:\/\/haremerotikshop.com\/site\/wp-json\/wp\/v2\/product_tag?post=21856"}],"curies":[{"name":"wp","href":"https:\/\/api.w.org\/{rel}","templated":true}]}}