{"id":21910,"date":"2025-03-27T20:19:11","date_gmt":"2025-03-27T17:19:11","guid":{"rendered":"https:\/\/haremerotikshop.com\/site\/?post_type=product&#038;p=21910"},"modified":"2026-01-26T14:32:21","modified_gmt":"2026-01-26T11:32:21","slug":"mavi-transparan-sort-bustiyer-takim","status":"publish","type":"product","link":"https:\/\/haremerotikshop.com\/site\/erotik-shop-urun\/mavi-transparan-sort-bustiyer-takim\/","title":{"rendered":"Mavi Transparan \u015eort B\u00fcstiyer Tak\u0131m"},"content":{"rendered":"<h3 class=\"\" data-start=\"0\" data-end=\"83\"><strong data-start=\"4\" data-end=\"81\">\ud83d\udc99 Mavi Transparan \u015eort B\u00fcstiyer Tak\u0131m \u2013 \u015e\u0131kl\u0131k ve Rahatl\u0131\u011f\u0131 Ke\u015ffedin! \ud83d\udc99<\/strong><\/h3>\n<p class=\"\" data-start=\"85\" data-end=\"438\">Feminen detaylar\u0131 ve cesur tasar\u0131m\u0131yla dikkat \u00e7eken <strong data-start=\"137\" data-end=\"176\">Mavi Transparan \u015eort B\u00fcstiyer Tak\u0131m<\/strong>, zarafet ve \u00e7ekicili\u011fi bir araya getiriyor! Hafif ve esnek kuma\u015f\u0131 sayesinde g\u00fcn boyu konfor sunarken, transparan yap\u0131s\u0131yla g\u00f6z al\u0131c\u0131 bir stil olu\u015fturuyor. \u0130ster \u00f6zel anlar\u0131n\u0131zda ister rahat ve \u015f\u0131k hissetmek istedi\u011finiz anlarda bu tak\u0131m vazge\u00e7ilmeziniz olacak!<\/p>\n<h3 class=\"\" data-start=\"440\" data-end=\"466\"><strong data-start=\"444\" data-end=\"464\">\ud83d\udd39 \u00dcr\u00fcn \u0130\u00e7eri\u011fi:<\/strong><\/h3>\n<p class=\"\" data-start=\"467\" data-end=\"638\">\u2714 <strong data-start=\"469\" data-end=\"492\">Transparan B\u00fcstiyer<\/strong> \u2013 G\u00f6\u011f\u00fcsleri zarif\u00e7e saran ve v\u00fccudu \u00f6n plana \u00e7\u0131karan \u00f6zel tasar\u0131m.<br data-start=\"559\" data-end=\"562\" \/>\u2714 <strong data-start=\"564\" data-end=\"572\">\u015eort<\/strong> \u2013 Hafif ve yumu\u015fak kuma\u015f\u0131 sayesinde rahat hareket imkan\u0131 sunar.<\/p>\n<h3 class=\"\" data-start=\"640\" data-end=\"673\"><strong data-start=\"644\" data-end=\"671\">\u2728 \u00d6ne \u00c7\u0131kan \u00d6zellikler:<\/strong><\/h3>\n<p class=\"\" data-start=\"675\" data-end=\"763\">\u2714 <strong data-start=\"677\" data-end=\"701\">Hafif ve Esnek Kuma\u015f<\/strong> \u2013 G\u00fcn boyu konforlu kullan\u0131m sunarken \u015f\u0131kl\u0131\u011f\u0131n\u0131z\u0131 tamamlar.<\/p>\n<p class=\"\" data-start=\"765\" data-end=\"859\">\u2714 <strong data-start=\"767\" data-end=\"799\">\u015eeffaf &amp; Nefes Alabilir Yap\u0131<\/strong> \u2013 Cilt dostu kuma\u015f\u0131 ile ferahl\u0131k ve rahatl\u0131k hissi verir.<\/p>\n<p class=\"\" data-start=\"861\" data-end=\"978\">\u2714 <strong data-start=\"863\" data-end=\"888\">Modern ve \u015e\u0131k Tasar\u0131m<\/strong> \u2013 \u00d6zel gecelerde veya g\u00fcnl\u00fck kullan\u0131mda rahat hissetmek isteyenler i\u00e7in m\u00fckemmel se\u00e7im.<\/p>\n<p class=\"\" data-start=\"980\" data-end=\"1100\">\ud83d\udccf <strong data-start=\"983\" data-end=\"1005\">Beden Se\u00e7enekleri:<\/strong> <strong data-start=\"1006\" data-end=\"1021\">S, M, L, XL<\/strong><br data-start=\"1021\" data-end=\"1024\" \/>\ud83c\udfa8 <strong data-start=\"1027\" data-end=\"1036\">Renk:<\/strong> <strong data-start=\"1037\" data-end=\"1045\">Mavi<\/strong> \u2013 Zarif ve g\u00f6z al\u0131c\u0131 tonuyla \u015f\u0131kl\u0131\u011f\u0131n\u0131za \u0131\u015f\u0131k katar.<\/p>\n<p class=\"\" data-start=\"1102\" data-end=\"1274\">\ud83d\udd25 <strong data-start=\"1105\" data-end=\"1152\">Cesur ve feminen bir tarz ile fark yarat\u0131n!<\/strong><br data-start=\"1152\" data-end=\"1155\" \/>\ud83d\udd25 <strong data-start=\"1158\" data-end=\"1204\">\u00d6zel anlar\u0131n\u0131za \u015f\u0131kl\u0131k ve zarafet ekleyin!<\/strong><br data-start=\"1204\" data-end=\"1207\" \/>\ud83d\udd25 <strong data-start=\"1210\" data-end=\"1272\">Hem rahat hem de \u00e7ekici bir stil i\u00e7in hemen sipari\u015f verin!<\/strong><\/p>\n<p class=\"\" data-start=\"1276\" data-end=\"1347\">\ud83d\udc8e <strong data-start=\"1279\" data-end=\"1344\">Kendinizi \u00f6zel hissetmek i\u00e7in bu e\u015fsiz tak\u0131m\u0131 \u015fimdi ke\u015ffedin!<\/strong> \ud83d\udc8e<\/p>\n","protected":false},"excerpt":{"rendered":"<p>Feminen detaylar\u0131 ve cesur tasar\u0131m\u0131yla dikkat \u00e7eken <strong data-start=\"137\" data-end=\"176\">Mavi Transparan \u015eort B\u00fcstiyer Tak\u0131m<\/strong>, zarafet ve \u00e7ekicili\u011fi bir araya getiriyor! Hafif ve esnek kuma\u015f\u0131 sayesinde g\u00fcn boyu konfor sunarken, transparan yap\u0131s\u0131yla g\u00f6z al\u0131c\u0131 bir stil olu\u015fturuyor. \u0130ster \u00f6zel anlar\u0131n\u0131zda ister rahat ve \u015f\u0131k hissetmek istedi\u011finiz anlarda bu tak\u0131m vazge\u00e7ilmeziniz olacak!<\/p>\n","protected":false},"featured_media":22026,"comment_status":"open","ping_status":"closed","template":"","meta":[],"product_brand":[469],"product_cat":[467,468],"product_tag":[],"class_list":{"0":"post-21910","1":"product","2":"type-product","3":"status-publish","4":"has-post-thumbnail","6":"product_brand-for-dreams","7":"product_cat-fantezi-giyim","8":"product_cat-seksi-giyim","10":"first","11":"outofstock","12":"taxable","13":"shipping-taxable","14":"purchasable","15":"product-type-simple"},"yoast_head":"<!-- This site is optimized with the Yoast SEO Premium plugin v24.4 (Yoast SEO v27.1.1) - https:\/\/yoast.com\/product\/yoast-seo-premium-wordpress\/ -->\n<title>Mavi Transparan \u015eort B\u00fcstiyer Tak\u0131m - Bursa Erotik Shop<\/title>\n<meta name=\"robots\" content=\"index, follow, max-snippet:-1, max-image-preview:large, max-video-preview:-1\" \/>\n<link rel=\"canonical\" href=\"https:\/\/hobierotikshop.com.tr\/website1\/erotik-shop-urun\/mavi-transparan-sort-bustiyer-takim\/\" \/>\n<meta property=\"og:locale\" content=\"tr_TR\" \/>\n<meta property=\"og:type\" content=\"article\" \/>\n<meta property=\"og:title\" content=\"Mavi Transparan \u015eort B\u00fcstiyer Tak\u0131m\" \/>\n<meta property=\"og:description\" content=\"Feminen detaylar\u0131 ve cesur tasar\u0131m\u0131yla dikkat \u00e7eken Mavi Transparan \u015eort B\u00fcstiyer Tak\u0131m, zarafet ve \u00e7ekicili\u011fi bir araya getiriyor! Hafif ve esnek kuma\u015f\u0131 sayesinde g\u00fcn boyu konfor sunarken, transparan yap\u0131s\u0131yla g\u00f6z al\u0131c\u0131 bir stil olu\u015fturuyor. \u0130ster \u00f6zel anlar\u0131n\u0131zda ister rahat ve \u015f\u0131k hissetmek istedi\u011finiz anlarda bu tak\u0131m vazge\u00e7ilmeziniz olacak!\" \/>\n<meta property=\"og:url\" content=\"https:\/\/hobierotikshop.com.tr\/website1\/erotik-shop-urun\/mavi-transparan-sort-bustiyer-takim\/\" \/>\n<meta property=\"og:site_name\" content=\"Bursa Erotik Shop\" \/>\n<meta property=\"article:modified_time\" content=\"2026-01-26T11:32:21+00:00\" \/>\n<meta property=\"og:image\" content=\"https:\/\/hobierotikshop.com.tr\/website1\/wp-content\/uploads\/2025\/03\/110000638609768.jpg\" \/>\n\t<meta property=\"og:image:width\" content=\"375\" \/>\n\t<meta property=\"og:image:height\" content=\"375\" \/>\n\t<meta property=\"og:image:type\" content=\"image\/jpeg\" \/>\n<meta name=\"twitter:card\" content=\"summary_large_image\" \/>\n<meta name=\"twitter:site\" content=\"@shopbursa\" \/>\n<meta name=\"twitter:label1\" content=\"Fiyat\" \/>\n\t<meta name=\"twitter:data1\" content=\"&#8378;840,00 KDV DAH\u0130L\" \/>\n\t<meta name=\"twitter:label2\" content=\"Availability\" \/>\n\t<meta name=\"twitter:data2\" content=\"Out of stock\" \/>\n<script type=\"application\/ld+json\" class=\"yoast-schema-graph\">{\"@context\":\"https:\/\/schema.org\",\"@graph\":[{\"@type\":\"WebPage\",\"@id\":\"https:\/\/hobierotikshop.com.tr\/website1\/erotik-shop-urun\/mavi-transparan-sort-bustiyer-takim\/\",\"url\":\"https:\/\/hobierotikshop.com.tr\/website1\/erotik-shop-urun\/mavi-transparan-sort-bustiyer-takim\/\",\"name\":\"Mavi Transparan \u015eort B\u00fcstiyer Tak\u0131m - Bursa Erotik Shop\",\"isPartOf\":{\"@id\":\"https:\/\/hobierotikshop.com.tr\/website1\/#website\"},\"primaryImageOfPage\":{\"@id\":\"https:\/\/hobierotikshop.com.tr\/website1\/erotik-shop-urun\/mavi-transparan-sort-bustiyer-takim\/#primaryimage\"},\"image\":{\"@id\":\"https:\/\/hobierotikshop.com.tr\/website1\/erotik-shop-urun\/mavi-transparan-sort-bustiyer-takim\/#primaryimage\"},\"thumbnailUrl\":\"https:\/\/haremerotikshop.com\/site\/wp-content\/uploads\/2025\/03\/110000638609768.jpg\",\"datePublished\":\"2025-03-27T17:19:11+00:00\",\"dateModified\":\"2026-01-26T11:32:21+00:00\",\"breadcrumb\":{\"@id\":\"https:\/\/hobierotikshop.com.tr\/website1\/erotik-shop-urun\/mavi-transparan-sort-bustiyer-takim\/#breadcrumb\"},\"inLanguage\":\"tr\",\"potentialAction\":[{\"@type\":\"ReadAction\",\"target\":[\"https:\/\/hobierotikshop.com.tr\/website1\/erotik-shop-urun\/mavi-transparan-sort-bustiyer-takim\/\"]}]},{\"@type\":\"ImageObject\",\"inLanguage\":\"tr\",\"@id\":\"https:\/\/hobierotikshop.com.tr\/website1\/erotik-shop-urun\/mavi-transparan-sort-bustiyer-takim\/#primaryimage\",\"url\":\"https:\/\/haremerotikshop.com\/site\/wp-content\/uploads\/2025\/03\/110000638609768.jpg\",\"contentUrl\":\"https:\/\/haremerotikshop.com\/site\/wp-content\/uploads\/2025\/03\/110000638609768.jpg\",\"width\":375,\"height\":375,\"caption\":\"Bursa seks Shop Mavi Transparan \u015eort B\u00fcstiyer Tak\u0131m\"},{\"@type\":\"BreadcrumbList\",\"@id\":\"https:\/\/hobierotikshop.com.tr\/website1\/erotik-shop-urun\/mavi-transparan-sort-bustiyer-takim\/#breadcrumb\",\"itemListElement\":[{\"@type\":\"ListItem\",\"position\":1,\"name\":\"Anasayfa\",\"item\":\"https:\/\/hobierotikshop.com.tr\/website1\/\"},{\"@type\":\"ListItem\",\"position\":2,\"name\":\"Erotik Shop \u00dcr\u00fcnleri\",\"item\":\"https:\/\/hobierotikshop.com.tr\/website1\/shop\/\"},{\"@type\":\"ListItem\",\"position\":3,\"name\":\"Mavi Transparan \u015eort B\u00fcstiyer Tak\u0131m\"}]},{\"@type\":\"WebSite\",\"@id\":\"https:\/\/hobierotikshop.com.tr\/website1\/#website\",\"url\":\"https:\/\/hobierotikshop.com.tr\/website1\/\",\"name\":\"Bursa Erotik Shop\",\"description\":\"Bursa Erotik Shop ile g\u00fcvenli, gizli ve kaliteli yeti\u015fkin \u00fcr\u00fcnleri al\u0131\u015fveri\u015fi! Geni\u015f \u00fcr\u00fcn yelpazemizi ke\u015ffedin, hemen sipari\u015f verin\",\"publisher\":{\"@id\":\"https:\/\/hobierotikshop.com.tr\/website1\/#organization\"},\"alternateName\":\"Erotik Shop\",\"potentialAction\":[{\"@type\":\"SearchAction\",\"target\":{\"@type\":\"EntryPoint\",\"urlTemplate\":\"https:\/\/hobierotikshop.com.tr\/website1\/?s={search_term_string}\"},\"query-input\":{\"@type\":\"PropertyValueSpecification\",\"valueRequired\":true,\"valueName\":\"search_term_string\"}}],\"inLanguage\":\"tr\"},{\"@type\":\"Organization\",\"@id\":\"https:\/\/hobierotikshop.com.tr\/website1\/#organization\",\"name\":\"Harem Bursa Erotik Shop\",\"url\":\"https:\/\/hobierotikshop.com.tr\/website1\/\",\"logo\":{\"@type\":\"ImageObject\",\"inLanguage\":\"tr\",\"@id\":\"https:\/\/hobierotikshop.com.tr\/website1\/#\/schema\/logo\/image\/\",\"url\":\"https:\/\/haremerotikshop.com\/site\/wp-content\/uploads\/2025\/03\/haremsexshop.png\",\"contentUrl\":\"https:\/\/haremerotikshop.com\/site\/wp-content\/uploads\/2025\/03\/haremsexshop.png\",\"width\":400,\"height\":100,\"caption\":\"Harem Bursa Erotik Shop\"},\"image\":{\"@id\":\"https:\/\/hobierotikshop.com.tr\/website1\/#\/schema\/logo\/image\/\"},\"sameAs\":[\"https:\/\/x.com\/shopbursa\"],\"publishingPrinciples\":\"https:\/\/hobierotikshop.com.tr\/website1\/mesafeli-satis-sozlesmesi\/\",\"ownershipFundingInfo\":\"https:\/\/hobierotikshop.com.tr\/website1\/contact-us\/\",\"actionableFeedbackPolicy\":\"https:\/\/hobierotikshop.com.tr\/website1\/contact-us\/\",\"correctionsPolicy\":\"https:\/\/hobierotikshop.com.tr\/website1\/mesafeli-satis-sozlesmesi\/\"}]}<\/script>\n<meta property=\"product:brand\" content=\"For Dreams\" \/>\n<meta property=\"product:price:amount\" content=\"840.00\" \/>\n<meta property=\"product:price:currency\" content=\"TRY\" \/>\n<meta property=\"og:availability\" content=\"out of stock\" \/>\n<meta property=\"product:availability\" content=\"out of stock\" \/>\n<meta property=\"product:retailer_item_id\" content=\"HS18077\" \/>\n<meta property=\"product:condition\" content=\"new\" \/>\n<!-- \/ Yoast SEO Premium plugin. -->","yoast_head_json":{"title":"Mavi Transparan \u015eort B\u00fcstiyer Tak\u0131m - Bursa Erotik Shop","robots":{"index":"index","follow":"follow","max-snippet":"max-snippet:-1","max-image-preview":"max-image-preview:large","max-video-preview":"max-video-preview:-1"},"canonical":"https:\/\/hobierotikshop.com.tr\/website1\/erotik-shop-urun\/mavi-transparan-sort-bustiyer-takim\/","og_locale":"tr_TR","og_type":"article","og_title":"Mavi Transparan \u015eort B\u00fcstiyer Tak\u0131m","og_description":"Feminen detaylar\u0131 ve cesur tasar\u0131m\u0131yla dikkat \u00e7eken Mavi Transparan \u015eort B\u00fcstiyer Tak\u0131m, zarafet ve \u00e7ekicili\u011fi bir araya getiriyor! Hafif ve esnek kuma\u015f\u0131 sayesinde g\u00fcn boyu konfor sunarken, transparan yap\u0131s\u0131yla g\u00f6z al\u0131c\u0131 bir stil olu\u015fturuyor. \u0130ster \u00f6zel anlar\u0131n\u0131zda ister rahat ve \u015f\u0131k hissetmek istedi\u011finiz anlarda bu tak\u0131m vazge\u00e7ilmeziniz olacak!","og_url":"https:\/\/hobierotikshop.com.tr\/website1\/erotik-shop-urun\/mavi-transparan-sort-bustiyer-takim\/","og_site_name":"Bursa Erotik Shop","article_modified_time":"2026-01-26T11:32:21+00:00","og_image":[{"width":375,"height":375,"url":"https:\/\/hobierotikshop.com.tr\/website1\/wp-content\/uploads\/2025\/03\/110000638609768.jpg","type":"image\/jpeg"}],"twitter_card":"summary_large_image","twitter_site":"@shopbursa","twitter_misc":{"Fiyat":"&#8378;840,00 KDV DAH\u0130L","Availability":"Out of stock"},"schema":{"@context":"https:\/\/schema.org","@graph":[{"@type":"WebPage","@id":"https:\/\/hobierotikshop.com.tr\/website1\/erotik-shop-urun\/mavi-transparan-sort-bustiyer-takim\/","url":"https:\/\/hobierotikshop.com.tr\/website1\/erotik-shop-urun\/mavi-transparan-sort-bustiyer-takim\/","name":"Mavi Transparan \u015eort B\u00fcstiyer Tak\u0131m - Bursa Erotik Shop","isPartOf":{"@id":"https:\/\/hobierotikshop.com.tr\/website1\/#website"},"primaryImageOfPage":{"@id":"https:\/\/hobierotikshop.com.tr\/website1\/erotik-shop-urun\/mavi-transparan-sort-bustiyer-takim\/#primaryimage"},"image":{"@id":"https:\/\/hobierotikshop.com.tr\/website1\/erotik-shop-urun\/mavi-transparan-sort-bustiyer-takim\/#primaryimage"},"thumbnailUrl":"https:\/\/haremerotikshop.com\/site\/wp-content\/uploads\/2025\/03\/110000638609768.jpg","datePublished":"2025-03-27T17:19:11+00:00","dateModified":"2026-01-26T11:32:21+00:00","breadcrumb":{"@id":"https:\/\/hobierotikshop.com.tr\/website1\/erotik-shop-urun\/mavi-transparan-sort-bustiyer-takim\/#breadcrumb"},"inLanguage":"tr","potentialAction":[{"@type":"ReadAction","target":["https:\/\/hobierotikshop.com.tr\/website1\/erotik-shop-urun\/mavi-transparan-sort-bustiyer-takim\/"]}]},{"@type":"ImageObject","inLanguage":"tr","@id":"https:\/\/hobierotikshop.com.tr\/website1\/erotik-shop-urun\/mavi-transparan-sort-bustiyer-takim\/#primaryimage","url":"https:\/\/haremerotikshop.com\/site\/wp-content\/uploads\/2025\/03\/110000638609768.jpg","contentUrl":"https:\/\/haremerotikshop.com\/site\/wp-content\/uploads\/2025\/03\/110000638609768.jpg","width":375,"height":375,"caption":"Bursa seks Shop Mavi Transparan \u015eort B\u00fcstiyer Tak\u0131m"},{"@type":"BreadcrumbList","@id":"https:\/\/hobierotikshop.com.tr\/website1\/erotik-shop-urun\/mavi-transparan-sort-bustiyer-takim\/#breadcrumb","itemListElement":[{"@type":"ListItem","position":1,"name":"Anasayfa","item":"https:\/\/hobierotikshop.com.tr\/website1\/"},{"@type":"ListItem","position":2,"name":"Erotik Shop \u00dcr\u00fcnleri","item":"https:\/\/hobierotikshop.com.tr\/website1\/shop\/"},{"@type":"ListItem","position":3,"name":"Mavi Transparan \u015eort B\u00fcstiyer Tak\u0131m"}]},{"@type":"WebSite","@id":"https:\/\/hobierotikshop.com.tr\/website1\/#website","url":"https:\/\/hobierotikshop.com.tr\/website1\/","name":"Bursa Erotik Shop","description":"Bursa Erotik Shop ile g\u00fcvenli, gizli ve kaliteli yeti\u015fkin \u00fcr\u00fcnleri al\u0131\u015fveri\u015fi! Geni\u015f \u00fcr\u00fcn yelpazemizi ke\u015ffedin, hemen sipari\u015f verin","publisher":{"@id":"https:\/\/hobierotikshop.com.tr\/website1\/#organization"},"alternateName":"Erotik Shop","potentialAction":[{"@type":"SearchAction","target":{"@type":"EntryPoint","urlTemplate":"https:\/\/hobierotikshop.com.tr\/website1\/?s={search_term_string}"},"query-input":{"@type":"PropertyValueSpecification","valueRequired":true,"valueName":"search_term_string"}}],"inLanguage":"tr"},{"@type":"Organization","@id":"https:\/\/hobierotikshop.com.tr\/website1\/#organization","name":"Harem Bursa Erotik Shop","url":"https:\/\/hobierotikshop.com.tr\/website1\/","logo":{"@type":"ImageObject","inLanguage":"tr","@id":"https:\/\/hobierotikshop.com.tr\/website1\/#\/schema\/logo\/image\/","url":"https:\/\/haremerotikshop.com\/site\/wp-content\/uploads\/2025\/03\/haremsexshop.png","contentUrl":"https:\/\/haremerotikshop.com\/site\/wp-content\/uploads\/2025\/03\/haremsexshop.png","width":400,"height":100,"caption":"Harem Bursa Erotik Shop"},"image":{"@id":"https:\/\/hobierotikshop.com.tr\/website1\/#\/schema\/logo\/image\/"},"sameAs":["https:\/\/x.com\/shopbursa"],"publishingPrinciples":"https:\/\/hobierotikshop.com.tr\/website1\/mesafeli-satis-sozlesmesi\/","ownershipFundingInfo":"https:\/\/hobierotikshop.com.tr\/website1\/contact-us\/","actionableFeedbackPolicy":"https:\/\/hobierotikshop.com.tr\/website1\/contact-us\/","correctionsPolicy":"https:\/\/hobierotikshop.com.tr\/website1\/mesafeli-satis-sozlesmesi\/"}]},"product_brand":"For Dreams","product_price_amount":"840.00","product_price_currency":"TRY","og_availability":"out of stock","product_availability":"out of stock","product_retailer_item_id":"HS18077","product_condition":"new"},"_links":{"self":[{"href":"https:\/\/haremerotikshop.com\/site\/wp-json\/wp\/v2\/product\/21910","targetHints":{"allow":["GET"]}}],"collection":[{"href":"https:\/\/haremerotikshop.com\/site\/wp-json\/wp\/v2\/product"}],"about":[{"href":"https:\/\/haremerotikshop.com\/site\/wp-json\/wp\/v2\/types\/product"}],"replies":[{"embeddable":true,"href":"https:\/\/haremerotikshop.com\/site\/wp-json\/wp\/v2\/comments?post=21910"}],"version-history":[{"count":0,"href":"https:\/\/haremerotikshop.com\/site\/wp-json\/wp\/v2\/product\/21910\/revisions"}],"wp:featuredmedia":[{"embeddable":true,"href":"https:\/\/haremerotikshop.com\/site\/wp-json\/wp\/v2\/media\/22026"}],"wp:attachment":[{"href":"https:\/\/haremerotikshop.com\/site\/wp-json\/wp\/v2\/media?parent=21910"}],"wp:term":[{"taxonomy":"product_brand","embeddable":true,"href":"https:\/\/haremerotikshop.com\/site\/wp-json\/wp\/v2\/product_brand?post=21910"},{"taxonomy":"product_cat","embeddable":true,"href":"https:\/\/haremerotikshop.com\/site\/wp-json\/wp\/v2\/product_cat?post=21910"},{"taxonomy":"product_tag","embeddable":true,"href":"https:\/\/haremerotikshop.com\/site\/wp-json\/wp\/v2\/product_tag?post=21910"}],"curies":[{"name":"wp","href":"https:\/\/api.w.org\/{rel}","templated":true}]}}