{"id":22118,"date":"2025-03-28T10:35:03","date_gmt":"2025-03-28T07:35:03","guid":{"rendered":"https:\/\/haremerotikshop.com\/site\/?post_type=product&#038;p=22118"},"modified":"2026-01-26T14:31:37","modified_gmt":"2026-01-26T11:31:37","slug":"bayan-liseli-fantazi-kostum-gecelik","status":"publish","type":"product","link":"https:\/\/haremerotikshop.com\/site\/erotik-shop-urun\/bayan-liseli-fantazi-kostum-gecelik\/","title":{"rendered":"Bayan Liseli Fantazi Kost\u00fcm Gecelik"},"content":{"rendered":"<h2 class=\"\" data-start=\"0\" data-end=\"89\"><strong data-start=\"3\" data-end=\"87\">K\u0131rm\u0131z\u0131 Siyah For Dreams Etekli Fantazi Liseli Kost\u00fcm \u2013 Cesur ve \u00c7ekici Tasar\u0131m!<\/strong><\/h2>\n<p class=\"\" data-start=\"91\" data-end=\"394\">K\u0131rm\u0131z\u0131n\u0131n tutkusu ve siyah\u0131n asaletini bir araya getiren <strong data-start=\"149\" data-end=\"206\">K\u0131rm\u0131z\u0131 Siyah For Dreams Etekli Fantazi Liseli Kost\u00fcm<\/strong>, etkileyici detaylar\u0131yla g\u00f6z kama\u015ft\u0131r\u0131yor. Fantazi giyim tutkunlar\u0131 i\u00e7in \u00f6zenle tasarlanan bu \u00f6zel kost\u00fcm, hem \u015f\u0131k hem de iddial\u0131 bir g\u00f6r\u00fcn\u00fcm sunarak kendinizi \u00f6zel hissetmenizi sa\u011flar.<\/p>\n<h3 class=\"\" data-start=\"396\" data-end=\"472\">\ud83d\udc83 <strong data-start=\"403\" data-end=\"470\">For Dreams Etekli Fantazi Liseli Kost\u00fcm\u00fcn \u00d6ne \u00c7\u0131kan \u00d6zellikleri<\/strong><\/h3>\n<p class=\"\" data-start=\"473\" data-end=\"965\">\u2714 <strong data-start=\"475\" data-end=\"496\">G\u00f6z Al\u0131c\u0131 Tasar\u0131m<\/strong> \u2013 K\u0131rm\u0131z\u0131 ve siyah\u0131n m\u00fckemmel uyumu sayesinde cesur ve \u00e7ekici bir duru\u015f kazand\u0131r\u0131r.<br data-start=\"580\" data-end=\"583\" \/>\u2714 <strong data-start=\"585\" data-end=\"606\">Etekli \u015e\u0131k Kombin<\/strong> \u2013 Etek detay\u0131yla feminen bir dokunu\u015f ekleyerek zarafeti \u00f6n plana \u00e7\u0131kar\u0131r.<br data-start=\"680\" data-end=\"683\" \/>\u2714 <strong data-start=\"685\" data-end=\"712\">Esnek ve Rahat Kullan\u0131m<\/strong> \u2013 V\u00fccuda uyum sa\u011flayan kaliteli kuma\u015f\u0131 ile konfor sunar.<br data-start=\"769\" data-end=\"772\" \/>\u2714 <strong data-start=\"774\" data-end=\"797\" data-is-only-node=\"\">Fantazi Tarza Uygun<\/strong> \u2013 \u00d6zel anlar\u0131n\u0131za heyecan katmak i\u00e7in tasarlanm\u0131\u015ft\u0131r.<br data-start=\"851\" data-end=\"854\" \/>\u2714 <strong data-start=\"856\" data-end=\"893\">Dayan\u0131kl\u0131 ve Nefes Alabilen Kuma\u015f<\/strong> \u2013 Uzun s\u00fcreli kullan\u0131m i\u00e7in y\u00fcksek kalite malzemelerden \u00fcretilmi\u015ftir.<\/p>\n<h3 class=\"\" data-start=\"967\" data-end=\"1038\">\ud83d\udd25 <strong data-start=\"974\" data-end=\"1036\">Ba\u015ftan \u00c7\u0131kar\u0131c\u0131 ve \u00d6zg\u00fcvenli Bir Stil \u0130\u00e7in M\u00fckemmel Se\u00e7im!<\/strong><\/h3>\n<p class=\"\" data-start=\"1039\" data-end=\"1289\">Kendinizi \u00f6zel ve \u00e7ekici hissetmek i\u00e7in <strong data-start=\"1079\" data-end=\"1136\">K\u0131rm\u0131z\u0131 Siyah For Dreams Etekli Fantazi Liseli Kost\u00fcm<\/strong>, en iyi tercihlerden biri! Hem e\u011flenceli hem de iddial\u0131 bir stil arayan kad\u0131nlar i\u00e7in tasarlanan bu \u00f6zel model, \u015f\u0131kl\u0131\u011f\u0131 ve cesareti bir arada sunuyor.<\/p>\n<h3 class=\"\" data-start=\"1291\" data-end=\"1324\">\ud83d\udccc <strong data-start=\"1298\" data-end=\"1322\">\u00dcr\u00fcn Bak\u0131m \u00d6nerileri<\/strong><\/h3>\n<p class=\"\" data-start=\"1325\" data-end=\"1458\">\ud83d\udda4 <strong data-start=\"1328\" data-end=\"1374\">Elde y\u0131kama veya d\u00fc\u015f\u00fck \u0131s\u0131da hassas y\u0131kama<\/strong> \u00f6nerilir.<br data-start=\"1384\" data-end=\"1387\" \/>\u26a0 <strong data-start=\"1389\" data-end=\"1456\">A\u011fart\u0131c\u0131 ve a\u011f\u0131r kimyasal i\u00e7eren deterjanlardan ka\u00e7\u0131n\u0131lmal\u0131d\u0131r.<\/strong><\/p>\n<p class=\"\" data-start=\"1460\" data-end=\"1557\">\u2728 <strong data-start=\"1462\" data-end=\"1552\">Siz de \u015f\u0131kl\u0131\u011f\u0131, \u00e7ekicili\u011fi ve konforu bir arada sunan bu e\u015fsiz kost\u00fcm\u00fc hemen ke\u015ffedin!<\/strong> \ud83d\udd25\ud83d\udc83<\/p>\n","protected":false},"excerpt":{"rendered":"<p>K\u0131rm\u0131z\u0131n\u0131n tutkusu ve siyah\u0131n asaletini bir araya getiren <strong data-start=\"149\" data-end=\"206\">K\u0131rm\u0131z\u0131 Siyah For Dreams Etekli Fantazi Liseli Kost\u00fcm<\/strong>, etkileyici detaylar\u0131yla g\u00f6z kama\u015ft\u0131r\u0131yor. Fantazi giyim tutkunlar\u0131 i\u00e7in \u00f6zenle tasarlanan bu \u00f6zel kost\u00fcm, hem \u015f\u0131k hem de iddial\u0131 bir g\u00f6r\u00fcn\u00fcm sunarak kendinizi \u00f6zel hissetmenizi sa\u011flar.<\/p>\n","protected":false},"featured_media":22121,"comment_status":"open","ping_status":"closed","template":"","meta":[],"product_brand":[469],"product_cat":[467,468],"product_tag":[],"class_list":{"0":"post-22118","1":"product","2":"type-product","3":"status-publish","4":"has-post-thumbnail","6":"product_brand-for-dreams","7":"product_cat-fantezi-giyim","8":"product_cat-seksi-giyim","10":"first","11":"instock","12":"taxable","13":"shipping-taxable","14":"purchasable","15":"product-type-simple"},"yoast_head":"<!-- This site is optimized with the Yoast SEO Premium plugin v24.4 (Yoast SEO v27.1.1) - https:\/\/yoast.com\/product\/yoast-seo-premium-wordpress\/ -->\n<title>Bayan Liseli Fantazi Kost\u00fcm Gecelik - Bursa Erotik Shop<\/title>\n<meta name=\"robots\" content=\"index, follow, max-snippet:-1, max-image-preview:large, max-video-preview:-1\" \/>\n<link rel=\"canonical\" href=\"https:\/\/hobierotikshop.com.tr\/website1\/erotik-shop-urun\/bayan-liseli-fantazi-kostum-gecelik\/\" \/>\n<meta property=\"og:locale\" content=\"tr_TR\" \/>\n<meta property=\"og:type\" content=\"article\" \/>\n<meta property=\"og:title\" content=\"Bayan Liseli Fantazi Kost\u00fcm Gecelik\" \/>\n<meta property=\"og:description\" content=\"K\u0131rm\u0131z\u0131n\u0131n tutkusu ve siyah\u0131n asaletini bir araya getiren K\u0131rm\u0131z\u0131 Siyah For Dreams Etekli Fantazi Liseli Kost\u00fcm, etkileyici detaylar\u0131yla g\u00f6z kama\u015ft\u0131r\u0131yor. Fantazi giyim tutkunlar\u0131 i\u00e7in \u00f6zenle tasarlanan bu \u00f6zel kost\u00fcm, hem \u015f\u0131k hem de iddial\u0131 bir g\u00f6r\u00fcn\u00fcm sunarak kendinizi \u00f6zel hissetmenizi sa\u011flar.\" \/>\n<meta property=\"og:url\" content=\"https:\/\/hobierotikshop.com.tr\/website1\/erotik-shop-urun\/bayan-liseli-fantazi-kostum-gecelik\/\" \/>\n<meta property=\"og:site_name\" content=\"Bursa Erotik Shop\" \/>\n<meta property=\"article:modified_time\" content=\"2026-01-26T11:31:37+00:00\" \/>\n<meta property=\"og:image\" content=\"https:\/\/hobierotikshop.com.tr\/website1\/wp-content\/uploads\/2025\/03\/for-dreams-8477-ekose-etekli-liseli-fantezi-kostum-kcm24190540-1-edf9830649374680a9e4207f2b563f86.jpg\" \/>\n\t<meta property=\"og:image:width\" content=\"582\" \/>\n\t<meta property=\"og:image:height\" content=\"640\" \/>\n\t<meta property=\"og:image:type\" content=\"image\/jpeg\" \/>\n<meta name=\"twitter:card\" content=\"summary_large_image\" \/>\n<meta name=\"twitter:site\" content=\"@shopbursa\" \/>\n<meta name=\"twitter:label1\" content=\"Fiyat\" \/>\n\t<meta name=\"twitter:data1\" content=\"&#8378;1.200,00 KDV DAH\u0130L\" \/>\n\t<meta name=\"twitter:label2\" content=\"Availability\" \/>\n\t<meta name=\"twitter:data2\" content=\"In stock\" \/>\n<script type=\"application\/ld+json\" class=\"yoast-schema-graph\">{\"@context\":\"https:\/\/schema.org\",\"@graph\":[{\"@type\":\"WebPage\",\"@id\":\"https:\/\/hobierotikshop.com.tr\/website1\/erotik-shop-urun\/bayan-liseli-fantazi-kostum-gecelik\/\",\"url\":\"https:\/\/hobierotikshop.com.tr\/website1\/erotik-shop-urun\/bayan-liseli-fantazi-kostum-gecelik\/\",\"name\":\"Bayan Liseli Fantazi Kost\u00fcm Gecelik - Bursa Erotik Shop\",\"isPartOf\":{\"@id\":\"https:\/\/hobierotikshop.com.tr\/website1\/#website\"},\"primaryImageOfPage\":{\"@id\":\"https:\/\/hobierotikshop.com.tr\/website1\/erotik-shop-urun\/bayan-liseli-fantazi-kostum-gecelik\/#primaryimage\"},\"image\":{\"@id\":\"https:\/\/hobierotikshop.com.tr\/website1\/erotik-shop-urun\/bayan-liseli-fantazi-kostum-gecelik\/#primaryimage\"},\"thumbnailUrl\":\"https:\/\/haremerotikshop.com\/site\/wp-content\/uploads\/2025\/03\/for-dreams-8477-ekose-etekli-liseli-fantezi-kostum-kcm24190540-1-edf9830649374680a9e4207f2b563f86.jpg\",\"datePublished\":\"2025-03-28T07:35:03+00:00\",\"dateModified\":\"2026-01-26T11:31:37+00:00\",\"breadcrumb\":{\"@id\":\"https:\/\/hobierotikshop.com.tr\/website1\/erotik-shop-urun\/bayan-liseli-fantazi-kostum-gecelik\/#breadcrumb\"},\"inLanguage\":\"tr\",\"potentialAction\":[{\"@type\":\"ReadAction\",\"target\":[\"https:\/\/hobierotikshop.com.tr\/website1\/erotik-shop-urun\/bayan-liseli-fantazi-kostum-gecelik\/\"]}]},{\"@type\":\"ImageObject\",\"inLanguage\":\"tr\",\"@id\":\"https:\/\/hobierotikshop.com.tr\/website1\/erotik-shop-urun\/bayan-liseli-fantazi-kostum-gecelik\/#primaryimage\",\"url\":\"https:\/\/haremerotikshop.com\/site\/wp-content\/uploads\/2025\/03\/for-dreams-8477-ekose-etekli-liseli-fantezi-kostum-kcm24190540-1-edf9830649374680a9e4207f2b563f86.jpg\",\"contentUrl\":\"https:\/\/haremerotikshop.com\/site\/wp-content\/uploads\/2025\/03\/for-dreams-8477-ekose-etekli-liseli-fantezi-kostum-kcm24190540-1-edf9830649374680a9e4207f2b563f86.jpg\",\"width\":582,\"height\":640,\"caption\":\"Bursa erotik shop Bayan Liseli Fantezi Kostum\"},{\"@type\":\"BreadcrumbList\",\"@id\":\"https:\/\/hobierotikshop.com.tr\/website1\/erotik-shop-urun\/bayan-liseli-fantazi-kostum-gecelik\/#breadcrumb\",\"itemListElement\":[{\"@type\":\"ListItem\",\"position\":1,\"name\":\"Anasayfa\",\"item\":\"https:\/\/hobierotikshop.com.tr\/website1\/\"},{\"@type\":\"ListItem\",\"position\":2,\"name\":\"Erotik Shop \u00dcr\u00fcnleri\",\"item\":\"https:\/\/hobierotikshop.com.tr\/website1\/shop\/\"},{\"@type\":\"ListItem\",\"position\":3,\"name\":\"Bayan Liseli Fantazi Kost\u00fcm Gecelik\"}]},{\"@type\":\"WebSite\",\"@id\":\"https:\/\/hobierotikshop.com.tr\/website1\/#website\",\"url\":\"https:\/\/hobierotikshop.com.tr\/website1\/\",\"name\":\"Bursa Erotik Shop\",\"description\":\"Bursa Erotik Shop ile g\u00fcvenli, gizli ve kaliteli yeti\u015fkin \u00fcr\u00fcnleri al\u0131\u015fveri\u015fi! Geni\u015f \u00fcr\u00fcn yelpazemizi ke\u015ffedin, hemen sipari\u015f verin\",\"publisher\":{\"@id\":\"https:\/\/hobierotikshop.com.tr\/website1\/#organization\"},\"alternateName\":\"Erotik Shop\",\"potentialAction\":[{\"@type\":\"SearchAction\",\"target\":{\"@type\":\"EntryPoint\",\"urlTemplate\":\"https:\/\/hobierotikshop.com.tr\/website1\/?s={search_term_string}\"},\"query-input\":{\"@type\":\"PropertyValueSpecification\",\"valueRequired\":true,\"valueName\":\"search_term_string\"}}],\"inLanguage\":\"tr\"},{\"@type\":\"Organization\",\"@id\":\"https:\/\/hobierotikshop.com.tr\/website1\/#organization\",\"name\":\"Harem Bursa Erotik Shop\",\"url\":\"https:\/\/hobierotikshop.com.tr\/website1\/\",\"logo\":{\"@type\":\"ImageObject\",\"inLanguage\":\"tr\",\"@id\":\"https:\/\/hobierotikshop.com.tr\/website1\/#\/schema\/logo\/image\/\",\"url\":\"https:\/\/haremerotikshop.com\/site\/wp-content\/uploads\/2025\/03\/haremsexshop.png\",\"contentUrl\":\"https:\/\/haremerotikshop.com\/site\/wp-content\/uploads\/2025\/03\/haremsexshop.png\",\"width\":400,\"height\":100,\"caption\":\"Harem Bursa Erotik Shop\"},\"image\":{\"@id\":\"https:\/\/hobierotikshop.com.tr\/website1\/#\/schema\/logo\/image\/\"},\"sameAs\":[\"https:\/\/x.com\/shopbursa\"],\"publishingPrinciples\":\"https:\/\/hobierotikshop.com.tr\/website1\/mesafeli-satis-sozlesmesi\/\",\"ownershipFundingInfo\":\"https:\/\/hobierotikshop.com.tr\/website1\/contact-us\/\",\"actionableFeedbackPolicy\":\"https:\/\/hobierotikshop.com.tr\/website1\/contact-us\/\",\"correctionsPolicy\":\"https:\/\/hobierotikshop.com.tr\/website1\/mesafeli-satis-sozlesmesi\/\"}]}<\/script>\n<meta property=\"product:brand\" content=\"For Dreams\" \/>\n<meta property=\"product:price:amount\" content=\"1200.00\" \/>\n<meta property=\"product:price:currency\" content=\"TRY\" \/>\n<meta property=\"og:availability\" content=\"instock\" \/>\n<meta property=\"product:availability\" content=\"instock\" \/>\n<meta property=\"product:retailer_item_id\" content=\"HS18007\" \/>\n<meta property=\"product:condition\" content=\"new\" \/>\n<!-- \/ Yoast SEO Premium plugin. -->","yoast_head_json":{"title":"Bayan Liseli Fantazi Kost\u00fcm Gecelik - Bursa Erotik Shop","robots":{"index":"index","follow":"follow","max-snippet":"max-snippet:-1","max-image-preview":"max-image-preview:large","max-video-preview":"max-video-preview:-1"},"canonical":"https:\/\/hobierotikshop.com.tr\/website1\/erotik-shop-urun\/bayan-liseli-fantazi-kostum-gecelik\/","og_locale":"tr_TR","og_type":"article","og_title":"Bayan Liseli Fantazi Kost\u00fcm Gecelik","og_description":"K\u0131rm\u0131z\u0131n\u0131n tutkusu ve siyah\u0131n asaletini bir araya getiren K\u0131rm\u0131z\u0131 Siyah For Dreams Etekli Fantazi Liseli Kost\u00fcm, etkileyici detaylar\u0131yla g\u00f6z kama\u015ft\u0131r\u0131yor. Fantazi giyim tutkunlar\u0131 i\u00e7in \u00f6zenle tasarlanan bu \u00f6zel kost\u00fcm, hem \u015f\u0131k hem de iddial\u0131 bir g\u00f6r\u00fcn\u00fcm sunarak kendinizi \u00f6zel hissetmenizi sa\u011flar.","og_url":"https:\/\/hobierotikshop.com.tr\/website1\/erotik-shop-urun\/bayan-liseli-fantazi-kostum-gecelik\/","og_site_name":"Bursa Erotik Shop","article_modified_time":"2026-01-26T11:31:37+00:00","og_image":[{"width":582,"height":640,"url":"https:\/\/hobierotikshop.com.tr\/website1\/wp-content\/uploads\/2025\/03\/for-dreams-8477-ekose-etekli-liseli-fantezi-kostum-kcm24190540-1-edf9830649374680a9e4207f2b563f86.jpg","type":"image\/jpeg"}],"twitter_card":"summary_large_image","twitter_site":"@shopbursa","twitter_misc":{"Fiyat":"&#8378;1.200,00 KDV DAH\u0130L","Availability":"In stock"},"schema":{"@context":"https:\/\/schema.org","@graph":[{"@type":"WebPage","@id":"https:\/\/hobierotikshop.com.tr\/website1\/erotik-shop-urun\/bayan-liseli-fantazi-kostum-gecelik\/","url":"https:\/\/hobierotikshop.com.tr\/website1\/erotik-shop-urun\/bayan-liseli-fantazi-kostum-gecelik\/","name":"Bayan Liseli Fantazi Kost\u00fcm Gecelik - Bursa Erotik Shop","isPartOf":{"@id":"https:\/\/hobierotikshop.com.tr\/website1\/#website"},"primaryImageOfPage":{"@id":"https:\/\/hobierotikshop.com.tr\/website1\/erotik-shop-urun\/bayan-liseli-fantazi-kostum-gecelik\/#primaryimage"},"image":{"@id":"https:\/\/hobierotikshop.com.tr\/website1\/erotik-shop-urun\/bayan-liseli-fantazi-kostum-gecelik\/#primaryimage"},"thumbnailUrl":"https:\/\/haremerotikshop.com\/site\/wp-content\/uploads\/2025\/03\/for-dreams-8477-ekose-etekli-liseli-fantezi-kostum-kcm24190540-1-edf9830649374680a9e4207f2b563f86.jpg","datePublished":"2025-03-28T07:35:03+00:00","dateModified":"2026-01-26T11:31:37+00:00","breadcrumb":{"@id":"https:\/\/hobierotikshop.com.tr\/website1\/erotik-shop-urun\/bayan-liseli-fantazi-kostum-gecelik\/#breadcrumb"},"inLanguage":"tr","potentialAction":[{"@type":"ReadAction","target":["https:\/\/hobierotikshop.com.tr\/website1\/erotik-shop-urun\/bayan-liseli-fantazi-kostum-gecelik\/"]}]},{"@type":"ImageObject","inLanguage":"tr","@id":"https:\/\/hobierotikshop.com.tr\/website1\/erotik-shop-urun\/bayan-liseli-fantazi-kostum-gecelik\/#primaryimage","url":"https:\/\/haremerotikshop.com\/site\/wp-content\/uploads\/2025\/03\/for-dreams-8477-ekose-etekli-liseli-fantezi-kostum-kcm24190540-1-edf9830649374680a9e4207f2b563f86.jpg","contentUrl":"https:\/\/haremerotikshop.com\/site\/wp-content\/uploads\/2025\/03\/for-dreams-8477-ekose-etekli-liseli-fantezi-kostum-kcm24190540-1-edf9830649374680a9e4207f2b563f86.jpg","width":582,"height":640,"caption":"Bursa erotik shop Bayan Liseli Fantezi Kostum"},{"@type":"BreadcrumbList","@id":"https:\/\/hobierotikshop.com.tr\/website1\/erotik-shop-urun\/bayan-liseli-fantazi-kostum-gecelik\/#breadcrumb","itemListElement":[{"@type":"ListItem","position":1,"name":"Anasayfa","item":"https:\/\/hobierotikshop.com.tr\/website1\/"},{"@type":"ListItem","position":2,"name":"Erotik Shop \u00dcr\u00fcnleri","item":"https:\/\/hobierotikshop.com.tr\/website1\/shop\/"},{"@type":"ListItem","position":3,"name":"Bayan Liseli Fantazi Kost\u00fcm Gecelik"}]},{"@type":"WebSite","@id":"https:\/\/hobierotikshop.com.tr\/website1\/#website","url":"https:\/\/hobierotikshop.com.tr\/website1\/","name":"Bursa Erotik Shop","description":"Bursa Erotik Shop ile g\u00fcvenli, gizli ve kaliteli yeti\u015fkin \u00fcr\u00fcnleri al\u0131\u015fveri\u015fi! Geni\u015f \u00fcr\u00fcn yelpazemizi ke\u015ffedin, hemen sipari\u015f verin","publisher":{"@id":"https:\/\/hobierotikshop.com.tr\/website1\/#organization"},"alternateName":"Erotik Shop","potentialAction":[{"@type":"SearchAction","target":{"@type":"EntryPoint","urlTemplate":"https:\/\/hobierotikshop.com.tr\/website1\/?s={search_term_string}"},"query-input":{"@type":"PropertyValueSpecification","valueRequired":true,"valueName":"search_term_string"}}],"inLanguage":"tr"},{"@type":"Organization","@id":"https:\/\/hobierotikshop.com.tr\/website1\/#organization","name":"Harem Bursa Erotik Shop","url":"https:\/\/hobierotikshop.com.tr\/website1\/","logo":{"@type":"ImageObject","inLanguage":"tr","@id":"https:\/\/hobierotikshop.com.tr\/website1\/#\/schema\/logo\/image\/","url":"https:\/\/haremerotikshop.com\/site\/wp-content\/uploads\/2025\/03\/haremsexshop.png","contentUrl":"https:\/\/haremerotikshop.com\/site\/wp-content\/uploads\/2025\/03\/haremsexshop.png","width":400,"height":100,"caption":"Harem Bursa Erotik Shop"},"image":{"@id":"https:\/\/hobierotikshop.com.tr\/website1\/#\/schema\/logo\/image\/"},"sameAs":["https:\/\/x.com\/shopbursa"],"publishingPrinciples":"https:\/\/hobierotikshop.com.tr\/website1\/mesafeli-satis-sozlesmesi\/","ownershipFundingInfo":"https:\/\/hobierotikshop.com.tr\/website1\/contact-us\/","actionableFeedbackPolicy":"https:\/\/hobierotikshop.com.tr\/website1\/contact-us\/","correctionsPolicy":"https:\/\/hobierotikshop.com.tr\/website1\/mesafeli-satis-sozlesmesi\/"}]},"product_brand":"For Dreams","product_price_amount":"1200.00","product_price_currency":"TRY","og_availability":"instock","product_availability":"instock","product_retailer_item_id":"HS18007","product_condition":"new"},"_links":{"self":[{"href":"https:\/\/haremerotikshop.com\/site\/wp-json\/wp\/v2\/product\/22118","targetHints":{"allow":["GET"]}}],"collection":[{"href":"https:\/\/haremerotikshop.com\/site\/wp-json\/wp\/v2\/product"}],"about":[{"href":"https:\/\/haremerotikshop.com\/site\/wp-json\/wp\/v2\/types\/product"}],"replies":[{"embeddable":true,"href":"https:\/\/haremerotikshop.com\/site\/wp-json\/wp\/v2\/comments?post=22118"}],"version-history":[{"count":0,"href":"https:\/\/haremerotikshop.com\/site\/wp-json\/wp\/v2\/product\/22118\/revisions"}],"wp:featuredmedia":[{"embeddable":true,"href":"https:\/\/haremerotikshop.com\/site\/wp-json\/wp\/v2\/media\/22121"}],"wp:attachment":[{"href":"https:\/\/haremerotikshop.com\/site\/wp-json\/wp\/v2\/media?parent=22118"}],"wp:term":[{"taxonomy":"product_brand","embeddable":true,"href":"https:\/\/haremerotikshop.com\/site\/wp-json\/wp\/v2\/product_brand?post=22118"},{"taxonomy":"product_cat","embeddable":true,"href":"https:\/\/haremerotikshop.com\/site\/wp-json\/wp\/v2\/product_cat?post=22118"},{"taxonomy":"product_tag","embeddable":true,"href":"https:\/\/haremerotikshop.com\/site\/wp-json\/wp\/v2\/product_tag?post=22118"}],"curies":[{"name":"wp","href":"https:\/\/api.w.org\/{rel}","templated":true}]}}