{"id":22122,"date":"2025-03-28T10:43:03","date_gmt":"2025-03-28T07:43:03","guid":{"rendered":"https:\/\/haremerotikshop.com\/site\/?post_type=product&#038;p=22122"},"modified":"2026-01-26T14:31:27","modified_gmt":"2026-01-26T11:31:27","slug":"for-dreams-liseli-etekli-kostumun","status":"publish","type":"product","link":"https:\/\/haremerotikshop.com\/site\/erotik-shop-urun\/for-dreams-liseli-etekli-kostumun\/","title":{"rendered":"For Dreams Liseli Etekli Kost\u00fcm\u00fcn"},"content":{"rendered":"<h2 class=\"\" data-start=\"0\" data-end=\"71\"><strong data-start=\"3\" data-end=\"69\">For Dreams Bayan Liseli Etekli Kost\u00fcm \u2013 \u00c7ekici ve \u015e\u0131k Tasar\u0131m!<\/strong><\/h2>\n<p class=\"\" data-start=\"73\" data-end=\"388\">\u00d6zg\u00fcvenli ve etkileyici bir stil arayan kad\u0131nlar i\u00e7in \u00f6zel olarak tasarlanan <strong data-start=\"150\" data-end=\"191\">For Dreams Bayan Liseli Etekli Kost\u00fcm<\/strong>, \u015f\u0131k detaylar\u0131 ve cesur duru\u015fuyla fark yarat\u0131yor. Fantazi giyim tutkunlar\u0131 i\u00e7in m\u00fckemmel bir se\u00e7im olan bu kost\u00fcm, v\u00fccuda uyum sa\u011flayan yap\u0131s\u0131yla hem rahatl\u0131k hem de g\u00f6z al\u0131c\u0131 bir g\u00f6r\u00fcn\u00fcm sunar.<\/p>\n<h3 class=\"\" data-start=\"390\" data-end=\"458\">\ud83d\udc83 <strong data-start=\"397\" data-end=\"456\">For Dreams Liseli Etekli Kost\u00fcm\u00fcn \u00d6ne \u00c7\u0131kan \u00d6zellikleri<\/strong><\/h3>\n<p class=\"\" data-start=\"459\" data-end=\"953\">\u2714 <strong data-start=\"461\" data-end=\"488\">Ba\u015ftan \u00c7\u0131kar\u0131c\u0131 Tasar\u0131m<\/strong> \u2013 Kad\u0131ns\u0131 hatlar\u0131 \u00f6n plana \u00e7\u0131karan \u00f6zel kesimiyle dikkat \u00e7eker.<br data-start=\"552\" data-end=\"555\" \/>\u2714 <strong data-start=\"557\" data-end=\"580\">\u015e\u0131k ve Seksi Kombin<\/strong> \u2013 Etek detay\u0131 ile feminen bir g\u00f6r\u00fcn\u00fcm sunarak \u00f6zg\u00fcveni art\u0131r\u0131r.<br data-start=\"644\" data-end=\"647\" \/>\u2714 <strong data-start=\"649\" data-end=\"679\">Esnek ve Konforlu Kullan\u0131m<\/strong> \u2013 V\u00fccudu saran kaliteli kuma\u015f\u0131 sayesinde rahat hareket imk\u00e2n\u0131 sa\u011flar.<br data-start=\"749\" data-end=\"752\" \/>\u2714 <strong data-start=\"754\" data-end=\"777\" data-is-only-node=\"\">Fantazi Tarza Uygun<\/strong> \u2013 \u00d6zel anlar\u0131n\u0131z\u0131 daha da unutulmaz k\u0131lmak i\u00e7in tasarlanm\u0131\u015ft\u0131r.<br data-start=\"841\" data-end=\"844\" \/>\u2714 <strong data-start=\"846\" data-end=\"883\">Dayan\u0131kl\u0131 ve Nefes Alabilen Kuma\u015f<\/strong> \u2013 Y\u00fcksek kaliteli malzemeden \u00fcretilerek uzun s\u00fcreli kullan\u0131m sunar.<\/p>\n<h3 class=\"\" data-start=\"955\" data-end=\"1012\">\ud83d\udd25 <strong data-start=\"962\" data-end=\"1010\">Cesur ve Seksi Bir Tarz \u0130\u00e7in M\u00fckemmel Se\u00e7im!<\/strong><\/h3>\n<p class=\"\" data-start=\"1013\" data-end=\"1313\">K\u0131rm\u0131z\u0131 ve siyah tonlar\u0131yla dikkat \u00e7eken bu kost\u00fcm, ba\u015ftan \u00e7\u0131kar\u0131c\u0131 ve enerjik bir duru\u015f sergilemek isteyen kad\u0131nlar i\u00e7in ideal bir tercihtir. Hem e\u011flenceli hem de iddial\u0131 bir stil yaratmak isteyenler i\u00e7in tasarlanan <strong data-start=\"1230\" data-end=\"1271\">For Dreams Bayan Liseli Etekli Kost\u00fcm<\/strong>, \u015f\u0131kl\u0131\u011f\u0131 ve cesareti bir arada sunuyor.<\/p>\n<h3 class=\"\" data-start=\"1315\" data-end=\"1348\">\ud83d\udccc <strong data-start=\"1322\" data-end=\"1346\">\u00dcr\u00fcn Bak\u0131m \u00d6nerileri<\/strong><\/h3>\n<p class=\"\" data-start=\"1349\" data-end=\"1482\">\ud83d\udda4 <strong data-start=\"1352\" data-end=\"1398\">Elde y\u0131kama veya d\u00fc\u015f\u00fck \u0131s\u0131da hassas y\u0131kama<\/strong> \u00f6nerilir.<br data-start=\"1408\" data-end=\"1411\" \/>\u26a0 <strong data-start=\"1413\" data-end=\"1480\">A\u011fart\u0131c\u0131 ve a\u011f\u0131r kimyasal i\u00e7eren deterjanlardan ka\u00e7\u0131n\u0131lmal\u0131d\u0131r.<\/strong><\/p>\n<p class=\"\" data-start=\"1484\" data-end=\"1593\">\u2728 <strong data-start=\"1486\" data-end=\"1588\">Siz de \u00e7ekici ve \u00f6zg\u00fcvenli bir g\u00f6r\u00fcn\u00fcm i\u00e7in For Dreams Bayan Liseli Etekli Kost\u00fcm\u00fc hemen ke\u015ffedin!<\/strong> \ud83d\udc83\ud83d\udd25<\/p>\n","protected":false},"excerpt":{"rendered":"<p>\u00d6zg\u00fcvenli ve etkileyici bir stil arayan kad\u0131nlar i\u00e7in \u00f6zel olarak tasarlanan <strong data-start=\"150\" data-end=\"191\">For Dreams Bayan Liseli Etekli Kost\u00fcm<\/strong>, \u015f\u0131k detaylar\u0131 ve cesur duru\u015fuyla fark yarat\u0131yor. Fantazi giyim tutkunlar\u0131 i\u00e7in m\u00fckemmel bir se\u00e7im olan bu kost\u00fcm, v\u00fccuda uyum sa\u011flayan yap\u0131s\u0131yla hem rahatl\u0131k hem de g\u00f6z al\u0131c\u0131 bir g\u00f6r\u00fcn\u00fcm sunar.<\/p>\n","protected":false},"featured_media":22123,"comment_status":"open","ping_status":"closed","template":"","meta":[],"product_brand":[469],"product_cat":[467,468],"product_tag":[],"class_list":{"0":"post-22122","1":"product","2":"type-product","3":"status-publish","4":"has-post-thumbnail","6":"product_brand-for-dreams","7":"product_cat-fantezi-giyim","8":"product_cat-seksi-giyim","10":"first","11":"instock","12":"taxable","13":"shipping-taxable","14":"purchasable","15":"product-type-simple"},"yoast_head":"<!-- This site is optimized with the Yoast SEO Premium plugin v24.4 (Yoast SEO v27.1.1) - https:\/\/yoast.com\/product\/yoast-seo-premium-wordpress\/ -->\n<title>For Dreams Liseli Etekli Kost\u00fcm\u00fcn - Bursa Erotik Shop<\/title>\n<meta name=\"robots\" content=\"index, follow, max-snippet:-1, max-image-preview:large, max-video-preview:-1\" \/>\n<link rel=\"canonical\" href=\"https:\/\/hobierotikshop.com.tr\/website1\/erotik-shop-urun\/for-dreams-liseli-etekli-kostumun\/\" \/>\n<meta property=\"og:locale\" content=\"tr_TR\" \/>\n<meta property=\"og:type\" content=\"article\" \/>\n<meta property=\"og:title\" content=\"For Dreams Liseli Etekli Kost\u00fcm\u00fcn\" \/>\n<meta property=\"og:description\" content=\"\u00d6zg\u00fcvenli ve etkileyici bir stil arayan kad\u0131nlar i\u00e7in \u00f6zel olarak tasarlanan For Dreams Bayan Liseli Etekli Kost\u00fcm, \u015f\u0131k detaylar\u0131 ve cesur duru\u015fuyla fark yarat\u0131yor. Fantazi giyim tutkunlar\u0131 i\u00e7in m\u00fckemmel bir se\u00e7im olan bu kost\u00fcm, v\u00fccuda uyum sa\u011flayan yap\u0131s\u0131yla hem rahatl\u0131k hem de g\u00f6z al\u0131c\u0131 bir g\u00f6r\u00fcn\u00fcm sunar.\" \/>\n<meta property=\"og:url\" content=\"https:\/\/hobierotikshop.com.tr\/website1\/erotik-shop-urun\/for-dreams-liseli-etekli-kostumun\/\" \/>\n<meta property=\"og:site_name\" content=\"Bursa Erotik Shop\" \/>\n<meta property=\"article:modified_time\" content=\"2026-01-26T11:31:27+00:00\" \/>\n<meta property=\"og:image\" content=\"https:\/\/hobierotikshop.com.tr\/website1\/wp-content\/uploads\/2025\/03\/8488.jpg\" \/>\n\t<meta property=\"og:image:width\" content=\"900\" \/>\n\t<meta property=\"og:image:height\" content=\"1198\" \/>\n\t<meta property=\"og:image:type\" content=\"image\/jpeg\" \/>\n<meta name=\"twitter:card\" content=\"summary_large_image\" \/>\n<meta name=\"twitter:site\" content=\"@shopbursa\" \/>\n<meta name=\"twitter:label1\" content=\"Fiyat\" \/>\n\t<meta name=\"twitter:data1\" content=\"&#8378;1.100,00 KDV DAH\u0130L\" \/>\n\t<meta name=\"twitter:label2\" content=\"Availability\" \/>\n\t<meta name=\"twitter:data2\" content=\"In stock\" \/>\n<script type=\"application\/ld+json\" class=\"yoast-schema-graph\">{\"@context\":\"https:\/\/schema.org\",\"@graph\":[{\"@type\":\"WebPage\",\"@id\":\"https:\/\/hobierotikshop.com.tr\/website1\/erotik-shop-urun\/for-dreams-liseli-etekli-kostumun\/\",\"url\":\"https:\/\/hobierotikshop.com.tr\/website1\/erotik-shop-urun\/for-dreams-liseli-etekli-kostumun\/\",\"name\":\"For Dreams Liseli Etekli Kost\u00fcm\u00fcn - Bursa Erotik Shop\",\"isPartOf\":{\"@id\":\"https:\/\/hobierotikshop.com.tr\/website1\/#website\"},\"primaryImageOfPage\":{\"@id\":\"https:\/\/hobierotikshop.com.tr\/website1\/erotik-shop-urun\/for-dreams-liseli-etekli-kostumun\/#primaryimage\"},\"image\":{\"@id\":\"https:\/\/hobierotikshop.com.tr\/website1\/erotik-shop-urun\/for-dreams-liseli-etekli-kostumun\/#primaryimage\"},\"thumbnailUrl\":\"https:\/\/haremerotikshop.com\/site\/wp-content\/uploads\/2025\/03\/8488.jpg\",\"datePublished\":\"2025-03-28T07:43:03+00:00\",\"dateModified\":\"2026-01-26T11:31:27+00:00\",\"breadcrumb\":{\"@id\":\"https:\/\/hobierotikshop.com.tr\/website1\/erotik-shop-urun\/for-dreams-liseli-etekli-kostumun\/#breadcrumb\"},\"inLanguage\":\"tr\",\"potentialAction\":[{\"@type\":\"ReadAction\",\"target\":[\"https:\/\/hobierotikshop.com.tr\/website1\/erotik-shop-urun\/for-dreams-liseli-etekli-kostumun\/\"]}]},{\"@type\":\"ImageObject\",\"inLanguage\":\"tr\",\"@id\":\"https:\/\/hobierotikshop.com.tr\/website1\/erotik-shop-urun\/for-dreams-liseli-etekli-kostumun\/#primaryimage\",\"url\":\"https:\/\/haremerotikshop.com\/site\/wp-content\/uploads\/2025\/03\/8488.jpg\",\"contentUrl\":\"https:\/\/haremerotikshop.com\/site\/wp-content\/uploads\/2025\/03\/8488.jpg\",\"width\":900,\"height\":1198,\"caption\":\"Bursa erotik shop Liseli Etekli Kostum\"},{\"@type\":\"BreadcrumbList\",\"@id\":\"https:\/\/hobierotikshop.com.tr\/website1\/erotik-shop-urun\/for-dreams-liseli-etekli-kostumun\/#breadcrumb\",\"itemListElement\":[{\"@type\":\"ListItem\",\"position\":1,\"name\":\"Anasayfa\",\"item\":\"https:\/\/hobierotikshop.com.tr\/website1\/\"},{\"@type\":\"ListItem\",\"position\":2,\"name\":\"Erotik Shop \u00dcr\u00fcnleri\",\"item\":\"https:\/\/hobierotikshop.com.tr\/website1\/shop\/\"},{\"@type\":\"ListItem\",\"position\":3,\"name\":\"For Dreams Liseli Etekli Kost\u00fcm\u00fcn\"}]},{\"@type\":\"WebSite\",\"@id\":\"https:\/\/hobierotikshop.com.tr\/website1\/#website\",\"url\":\"https:\/\/hobierotikshop.com.tr\/website1\/\",\"name\":\"Bursa Erotik Shop\",\"description\":\"Bursa Erotik Shop ile g\u00fcvenli, gizli ve kaliteli yeti\u015fkin \u00fcr\u00fcnleri al\u0131\u015fveri\u015fi! Geni\u015f \u00fcr\u00fcn yelpazemizi ke\u015ffedin, hemen sipari\u015f verin\",\"publisher\":{\"@id\":\"https:\/\/hobierotikshop.com.tr\/website1\/#organization\"},\"alternateName\":\"Erotik Shop\",\"potentialAction\":[{\"@type\":\"SearchAction\",\"target\":{\"@type\":\"EntryPoint\",\"urlTemplate\":\"https:\/\/hobierotikshop.com.tr\/website1\/?s={search_term_string}\"},\"query-input\":{\"@type\":\"PropertyValueSpecification\",\"valueRequired\":true,\"valueName\":\"search_term_string\"}}],\"inLanguage\":\"tr\"},{\"@type\":\"Organization\",\"@id\":\"https:\/\/hobierotikshop.com.tr\/website1\/#organization\",\"name\":\"Harem Bursa Erotik Shop\",\"url\":\"https:\/\/hobierotikshop.com.tr\/website1\/\",\"logo\":{\"@type\":\"ImageObject\",\"inLanguage\":\"tr\",\"@id\":\"https:\/\/hobierotikshop.com.tr\/website1\/#\/schema\/logo\/image\/\",\"url\":\"https:\/\/haremerotikshop.com\/site\/wp-content\/uploads\/2025\/03\/haremsexshop.png\",\"contentUrl\":\"https:\/\/haremerotikshop.com\/site\/wp-content\/uploads\/2025\/03\/haremsexshop.png\",\"width\":400,\"height\":100,\"caption\":\"Harem Bursa Erotik Shop\"},\"image\":{\"@id\":\"https:\/\/hobierotikshop.com.tr\/website1\/#\/schema\/logo\/image\/\"},\"sameAs\":[\"https:\/\/x.com\/shopbursa\"],\"publishingPrinciples\":\"https:\/\/hobierotikshop.com.tr\/website1\/mesafeli-satis-sozlesmesi\/\",\"ownershipFundingInfo\":\"https:\/\/hobierotikshop.com.tr\/website1\/contact-us\/\",\"actionableFeedbackPolicy\":\"https:\/\/hobierotikshop.com.tr\/website1\/contact-us\/\",\"correctionsPolicy\":\"https:\/\/hobierotikshop.com.tr\/website1\/mesafeli-satis-sozlesmesi\/\"}]}<\/script>\n<meta property=\"product:brand\" content=\"For Dreams\" \/>\n<meta property=\"product:price:amount\" content=\"1100.00\" \/>\n<meta property=\"product:price:currency\" content=\"TRY\" \/>\n<meta property=\"og:availability\" content=\"instock\" \/>\n<meta property=\"product:availability\" content=\"instock\" \/>\n<meta property=\"product:retailer_item_id\" content=\"HS18002\" \/>\n<meta property=\"product:condition\" content=\"new\" \/>\n<!-- \/ Yoast SEO Premium plugin. -->","yoast_head_json":{"title":"For Dreams Liseli Etekli Kost\u00fcm\u00fcn - Bursa Erotik Shop","robots":{"index":"index","follow":"follow","max-snippet":"max-snippet:-1","max-image-preview":"max-image-preview:large","max-video-preview":"max-video-preview:-1"},"canonical":"https:\/\/hobierotikshop.com.tr\/website1\/erotik-shop-urun\/for-dreams-liseli-etekli-kostumun\/","og_locale":"tr_TR","og_type":"article","og_title":"For Dreams Liseli Etekli Kost\u00fcm\u00fcn","og_description":"\u00d6zg\u00fcvenli ve etkileyici bir stil arayan kad\u0131nlar i\u00e7in \u00f6zel olarak tasarlanan For Dreams Bayan Liseli Etekli Kost\u00fcm, \u015f\u0131k detaylar\u0131 ve cesur duru\u015fuyla fark yarat\u0131yor. Fantazi giyim tutkunlar\u0131 i\u00e7in m\u00fckemmel bir se\u00e7im olan bu kost\u00fcm, v\u00fccuda uyum sa\u011flayan yap\u0131s\u0131yla hem rahatl\u0131k hem de g\u00f6z al\u0131c\u0131 bir g\u00f6r\u00fcn\u00fcm sunar.","og_url":"https:\/\/hobierotikshop.com.tr\/website1\/erotik-shop-urun\/for-dreams-liseli-etekli-kostumun\/","og_site_name":"Bursa Erotik Shop","article_modified_time":"2026-01-26T11:31:27+00:00","og_image":[{"width":900,"height":1198,"url":"https:\/\/hobierotikshop.com.tr\/website1\/wp-content\/uploads\/2025\/03\/8488.jpg","type":"image\/jpeg"}],"twitter_card":"summary_large_image","twitter_site":"@shopbursa","twitter_misc":{"Fiyat":"&#8378;1.100,00 KDV DAH\u0130L","Availability":"In stock"},"schema":{"@context":"https:\/\/schema.org","@graph":[{"@type":"WebPage","@id":"https:\/\/hobierotikshop.com.tr\/website1\/erotik-shop-urun\/for-dreams-liseli-etekli-kostumun\/","url":"https:\/\/hobierotikshop.com.tr\/website1\/erotik-shop-urun\/for-dreams-liseli-etekli-kostumun\/","name":"For Dreams Liseli Etekli Kost\u00fcm\u00fcn - Bursa Erotik Shop","isPartOf":{"@id":"https:\/\/hobierotikshop.com.tr\/website1\/#website"},"primaryImageOfPage":{"@id":"https:\/\/hobierotikshop.com.tr\/website1\/erotik-shop-urun\/for-dreams-liseli-etekli-kostumun\/#primaryimage"},"image":{"@id":"https:\/\/hobierotikshop.com.tr\/website1\/erotik-shop-urun\/for-dreams-liseli-etekli-kostumun\/#primaryimage"},"thumbnailUrl":"https:\/\/haremerotikshop.com\/site\/wp-content\/uploads\/2025\/03\/8488.jpg","datePublished":"2025-03-28T07:43:03+00:00","dateModified":"2026-01-26T11:31:27+00:00","breadcrumb":{"@id":"https:\/\/hobierotikshop.com.tr\/website1\/erotik-shop-urun\/for-dreams-liseli-etekli-kostumun\/#breadcrumb"},"inLanguage":"tr","potentialAction":[{"@type":"ReadAction","target":["https:\/\/hobierotikshop.com.tr\/website1\/erotik-shop-urun\/for-dreams-liseli-etekli-kostumun\/"]}]},{"@type":"ImageObject","inLanguage":"tr","@id":"https:\/\/hobierotikshop.com.tr\/website1\/erotik-shop-urun\/for-dreams-liseli-etekli-kostumun\/#primaryimage","url":"https:\/\/haremerotikshop.com\/site\/wp-content\/uploads\/2025\/03\/8488.jpg","contentUrl":"https:\/\/haremerotikshop.com\/site\/wp-content\/uploads\/2025\/03\/8488.jpg","width":900,"height":1198,"caption":"Bursa erotik shop Liseli Etekli Kostum"},{"@type":"BreadcrumbList","@id":"https:\/\/hobierotikshop.com.tr\/website1\/erotik-shop-urun\/for-dreams-liseli-etekli-kostumun\/#breadcrumb","itemListElement":[{"@type":"ListItem","position":1,"name":"Anasayfa","item":"https:\/\/hobierotikshop.com.tr\/website1\/"},{"@type":"ListItem","position":2,"name":"Erotik Shop \u00dcr\u00fcnleri","item":"https:\/\/hobierotikshop.com.tr\/website1\/shop\/"},{"@type":"ListItem","position":3,"name":"For Dreams Liseli Etekli Kost\u00fcm\u00fcn"}]},{"@type":"WebSite","@id":"https:\/\/hobierotikshop.com.tr\/website1\/#website","url":"https:\/\/hobierotikshop.com.tr\/website1\/","name":"Bursa Erotik Shop","description":"Bursa Erotik Shop ile g\u00fcvenli, gizli ve kaliteli yeti\u015fkin \u00fcr\u00fcnleri al\u0131\u015fveri\u015fi! Geni\u015f \u00fcr\u00fcn yelpazemizi ke\u015ffedin, hemen sipari\u015f verin","publisher":{"@id":"https:\/\/hobierotikshop.com.tr\/website1\/#organization"},"alternateName":"Erotik Shop","potentialAction":[{"@type":"SearchAction","target":{"@type":"EntryPoint","urlTemplate":"https:\/\/hobierotikshop.com.tr\/website1\/?s={search_term_string}"},"query-input":{"@type":"PropertyValueSpecification","valueRequired":true,"valueName":"search_term_string"}}],"inLanguage":"tr"},{"@type":"Organization","@id":"https:\/\/hobierotikshop.com.tr\/website1\/#organization","name":"Harem Bursa Erotik Shop","url":"https:\/\/hobierotikshop.com.tr\/website1\/","logo":{"@type":"ImageObject","inLanguage":"tr","@id":"https:\/\/hobierotikshop.com.tr\/website1\/#\/schema\/logo\/image\/","url":"https:\/\/haremerotikshop.com\/site\/wp-content\/uploads\/2025\/03\/haremsexshop.png","contentUrl":"https:\/\/haremerotikshop.com\/site\/wp-content\/uploads\/2025\/03\/haremsexshop.png","width":400,"height":100,"caption":"Harem Bursa Erotik Shop"},"image":{"@id":"https:\/\/hobierotikshop.com.tr\/website1\/#\/schema\/logo\/image\/"},"sameAs":["https:\/\/x.com\/shopbursa"],"publishingPrinciples":"https:\/\/hobierotikshop.com.tr\/website1\/mesafeli-satis-sozlesmesi\/","ownershipFundingInfo":"https:\/\/hobierotikshop.com.tr\/website1\/contact-us\/","actionableFeedbackPolicy":"https:\/\/hobierotikshop.com.tr\/website1\/contact-us\/","correctionsPolicy":"https:\/\/hobierotikshop.com.tr\/website1\/mesafeli-satis-sozlesmesi\/"}]},"product_brand":"For Dreams","product_price_amount":"1100.00","product_price_currency":"TRY","og_availability":"instock","product_availability":"instock","product_retailer_item_id":"HS18002","product_condition":"new"},"_links":{"self":[{"href":"https:\/\/haremerotikshop.com\/site\/wp-json\/wp\/v2\/product\/22122","targetHints":{"allow":["GET"]}}],"collection":[{"href":"https:\/\/haremerotikshop.com\/site\/wp-json\/wp\/v2\/product"}],"about":[{"href":"https:\/\/haremerotikshop.com\/site\/wp-json\/wp\/v2\/types\/product"}],"replies":[{"embeddable":true,"href":"https:\/\/haremerotikshop.com\/site\/wp-json\/wp\/v2\/comments?post=22122"}],"version-history":[{"count":0,"href":"https:\/\/haremerotikshop.com\/site\/wp-json\/wp\/v2\/product\/22122\/revisions"}],"wp:featuredmedia":[{"embeddable":true,"href":"https:\/\/haremerotikshop.com\/site\/wp-json\/wp\/v2\/media\/22123"}],"wp:attachment":[{"href":"https:\/\/haremerotikshop.com\/site\/wp-json\/wp\/v2\/media?parent=22122"}],"wp:term":[{"taxonomy":"product_brand","embeddable":true,"href":"https:\/\/haremerotikshop.com\/site\/wp-json\/wp\/v2\/product_brand?post=22122"},{"taxonomy":"product_cat","embeddable":true,"href":"https:\/\/haremerotikshop.com\/site\/wp-json\/wp\/v2\/product_cat?post=22122"},{"taxonomy":"product_tag","embeddable":true,"href":"https:\/\/haremerotikshop.com\/site\/wp-json\/wp\/v2\/product_tag?post=22122"}],"curies":[{"name":"wp","href":"https:\/\/api.w.org\/{rel}","templated":true}]}}