{"id":35326,"date":"2025-04-26T14:57:27","date_gmt":"2025-04-26T11:57:27","guid":{"rendered":"https:\/\/haremerotikshop.com\/site\/erotik-shop-urun\/vakum-pompa-yedek-giris-contasi-3-boy-2\/"},"modified":"2026-01-26T13:59:35","modified_gmt":"2026-01-26T10:59:35","slug":"vakum-pompa-yedek-giris-contasi-3-boy-2","status":"publish","type":"product","link":"https:\/\/haremerotikshop.com\/site\/erotik-shop-urun\/vakum-pompa-yedek-giris-contasi-3-boy-2\/","title":{"rendered":"Vakum Pompa Yedek Giri\u015f Contas\u0131 (3 Boy)"},"content":{"rendered":"<h2><span style=\"font-size:20px\"><span style=\"font-family:Verdana,Geneva,sans-serif\"><span style=\"color:#ff0000\">Vakum Penis Pompas\u0131 \u0130\u00e7in Yedek Silikon Ba\u015fl\u0131k&nbsp; &nbsp; &nbsp;\u00dcr\u00fcn Kodu: BDM1212<\/span><\/span><\/span><\/h2>\n<h2>&nbsp; &nbsp; &nbsp;<\/h2>\n<p><span style=\"font-size:16px\"><span style=\"font-family:Verdana,Geneva,sans-serif\">3 Farkl\u0131 Renkte Penis Vakum Pompa Silikon Ba\u015fl\u0131k<\/span><\/span><\/p>\n<p><span style=\"font-size:16px\"><span style=\"font-family:Verdana,Geneva,sans-serif\"><\/p>\n<p>Penis vakum pompalar i\u00e7in yedek pompa ba\u015fl\u0131\u011f\u0131d\u0131r<\/p>\n<p>Saf silikondan dayan\u0131kl\u0131 pompa ba\u015fl\u0131\u011f\u0131&nbsp;<\/p>\n<p>Tek ba\u015f\u0131na kullan\u0131lmaz<\/p>\n<p>Sadece penis pompalar\u0131 i\u00e7in yedek aksesuard\u0131r<\/p>\n<p><\/span><\/span><\/p>\n<h2><span style=\"font-size:16px\"><span style=\"font-family:Verdana,Geneva,sans-serif\">&nbsp;&nbsp;<\/span><\/span><\/h2>\n<p><span style=\"font-size:16px\"> <span style=\"font-family:Verdana,Geneva,sans-serif\"><\/p>\n<p>G\u00d6NDER\u0130 \u015eEKL\u0130<\/p>\n<p>Sipari\u015fleriniz i\u00e7eri\u011fi anla\u015f\u0131lmayacak \u015fekilde gizli ve kapal\u0131 kolide g\u00f6nderilir.<\/p>\n<p><\/span><\/span><\/p>\n<h2><span style=\"font-size:16px\"><span style=\"font-family:Verdana,Geneva,sans-serif\">&nbsp;&nbsp;<\/span><\/span><\/h2>\n<p><span style=\"font-size:16px\"> <span style=\"font-family:Verdana,Geneva,sans-serif\"><\/p>\n<p>\u00d6DEME T\u00dcRLER\u0130<\/p>\n<p>NAK\u0130T VEYA KRED\u0130 KARTI \u0130LE KAPIDA VEYA \u015eUBEDE KARGOYA \u00d6DEYEB\u0130L\u0130RS\u0130N\u0130Z<\/p>\n<p>S\u0130TEM\u0130ZDEN TEK \u00c7EK\u0130M VEYA TAKS\u0130T SE\u00c7ENEKLER\u0130YLE \u0130\u015eLEM YAPAB\u0130L\u0130RS\u0130N\u0130Z<\/p>\n<p>BANKA YOLUYLA HAVALE YAPAB\u0130L\u0130RS\u0130N\u0130Z&nbsp;&nbsp;<\/p>\n<p><\/span><\/span><\/p>\n<h2><span style=\"font-size:16px\"><span style=\"font-family:Verdana,Geneva,sans-serif\">&nbsp;&nbsp;<\/span><\/span><\/h2>\n<p><span style=\"font-size:16px\"> <span style=\"font-family:Verdana,Geneva,sans-serif\"><\/p>\n<p>TESL\u0130MAT \u015eEKL\u0130<\/p>\n<p>\u0130ster Kap\u0131n\u0131za Gelsin \u0130ster Kargodan Al\u0131n<\/p>\n<p>T\u00fcm \u00fcr\u00fcnlerimiz sipari\u015ften teslimata kadar firmam\u0131z\u0131n g\u00fcvencesi alt\u0131nda olup verilen sipari\u015fler tam ve eksiksiz olarak m\u00fc\u015fterilerimize ula\u015ft\u0131r\u0131l\u0131r.<\/p>\n<p>* Kap\u0131da \u00d6deme G\u00fcvenli Al\u0131\u015fveri\u015f<\/p>\n<p>* T\u00fcm \u00dcr\u00fcnlerde H\u0131zl\u0131 G\u00f6nderim<\/p>\n<p>* Orjinal \u00dcr\u00fcn Garantisi&nbsp;<\/p>\n<p>* T\u00fcm \u00dcr\u00fcnlerde Gizli Kargo \/ Paket<\/p>\n<p><\/span><\/span><\/p>\n<h2><span style=\"font-size:16px\"><span style=\"font-family:Verdana,Geneva,sans-serif\">&nbsp; &nbsp;&nbsp;<\/span><\/span><\/h2>\n<p><span style=\"font-family:Verdana,Geneva,sans-serif\"> <span style=\"font-size:16px\"><\/p>\n<p><u><em><strong>G\u0130ZL\u0130L\u0130\u011e\u0130N\u0130Z B\u0130Z\u0130M \u0130\u00c7\u0130N \u00d6NEML\u0130<\/strong><\/em><\/u><\/p>\n<p><\/span><\/p>\n<p>&nbsp; &nbsp; &nbsp; &nbsp;<\/p>\n<p><\/span><\/p>\n<h2><a href=\"http:\/\/api.whatsapp.com\/send?phone=905304676616&amp;text=Sipari%C5%9F%20Vermek%20%C4%B0stiyorum%20Lilitushop%20BDM1212\"><img decoding=\"async\" alt=\"\" src=\"https:\/\/static.ticimax.cloud\/32886\/uploads\/editoruploads\/whatsapp-destek-hatti_mobil.gif\" \/><\/a><\/h2>\n","protected":false},"excerpt":{"rendered":"<p>Vakum Penis Pompas\u0131 \u0130\u00e7in Yedek Silikon Ba\u015fl\u0131k&nbsp; &nbsp; &nbsp;\u00dcr\u00fcn Kodu: BDM1212 &nbsp; &nbsp; &nbsp; 3 Farkl\u0131 Renkte Penis Vakum Pompa<\/p>\n","protected":false},"featured_media":35328,"comment_status":"closed","ping_status":"closed","template":"","meta":[],"product_brand":[],"product_cat":[495],"product_tag":[],"class_list":{"0":"post-35326","1":"product","2":"type-product","3":"status-publish","4":"has-post-thumbnail","6":"product_cat-penis-vakum-pompa-ve-kremler","8":"first","9":"instock","10":"purchasable","11":"product-type-simple"},"yoast_head":"<!-- This site is optimized with the Yoast SEO Premium plugin v24.4 (Yoast SEO v27.1.1) - https:\/\/yoast.com\/product\/yoast-seo-premium-wordpress\/ -->\n<title>Vakum Pompa Yedek Giri\u015f Contas\u0131 (3 Boy) - Bursa Erotik Shop<\/title>\n<meta name=\"robots\" content=\"index, follow, max-snippet:-1, max-image-preview:large, max-video-preview:-1\" \/>\n<link rel=\"canonical\" href=\"https:\/\/hobierotikshop.com.tr\/website1\/erotik-shop-urun\/vakum-pompa-yedek-giris-contasi-3-boy-2\/\" \/>\n<meta property=\"og:locale\" content=\"tr_TR\" \/>\n<meta property=\"og:type\" content=\"article\" \/>\n<meta property=\"og:title\" content=\"Vakum Pompa Yedek Giri\u015f Contas\u0131 (3 Boy)\" \/>\n<meta property=\"og:description\" content=\"Vakum Penis Pompas\u0131 \u0130\u00e7in Yedek Silikon Ba\u015fl\u0131k&nbsp; &nbsp; &nbsp;\u00dcr\u00fcn Kodu: BDM1212 &nbsp; &nbsp; &nbsp; 3 Farkl\u0131 Renkte Penis Vakum Pompa\" \/>\n<meta property=\"og:url\" content=\"https:\/\/hobierotikshop.com.tr\/website1\/erotik-shop-urun\/vakum-pompa-yedek-giris-contasi-3-boy-2\/\" \/>\n<meta property=\"og:site_name\" content=\"Bursa Erotik Shop\" \/>\n<meta property=\"article:modified_time\" content=\"2026-01-26T10:59:35+00:00\" \/>\n<meta property=\"og:image\" content=\"https:\/\/hobierotikshop.com.tr\/website1\/wp-content\/uploads\/2025\/04\/vakum-pompa-yedek-giris-contasi-3-boy-3278.jpg\" \/>\n\t<meta property=\"og:image:width\" content=\"350\" \/>\n\t<meta property=\"og:image:height\" content=\"318\" \/>\n\t<meta property=\"og:image:type\" content=\"image\/jpeg\" \/>\n<meta name=\"twitter:card\" content=\"summary_large_image\" \/>\n<meta name=\"twitter:site\" content=\"@shopbursa\" \/>\n<meta name=\"twitter:label1\" content=\"Fiyat\" \/>\n\t<meta name=\"twitter:data1\" content=\"&#8378;300,00\" \/>\n\t<meta name=\"twitter:label2\" content=\"Availability\" \/>\n\t<meta name=\"twitter:data2\" content=\"In stock\" \/>\n<script type=\"application\/ld+json\" class=\"yoast-schema-graph\">{\"@context\":\"https:\/\/schema.org\",\"@graph\":[{\"@type\":\"WebPage\",\"@id\":\"https:\/\/hobierotikshop.com.tr\/website1\/erotik-shop-urun\/vakum-pompa-yedek-giris-contasi-3-boy-2\/\",\"url\":\"https:\/\/hobierotikshop.com.tr\/website1\/erotik-shop-urun\/vakum-pompa-yedek-giris-contasi-3-boy-2\/\",\"name\":\"Vakum Pompa Yedek Giri\u015f Contas\u0131 (3 Boy) - Bursa Erotik Shop\",\"isPartOf\":{\"@id\":\"https:\/\/hobierotikshop.com.tr\/website1\/#website\"},\"primaryImageOfPage\":{\"@id\":\"https:\/\/hobierotikshop.com.tr\/website1\/erotik-shop-urun\/vakum-pompa-yedek-giris-contasi-3-boy-2\/#primaryimage\"},\"image\":{\"@id\":\"https:\/\/hobierotikshop.com.tr\/website1\/erotik-shop-urun\/vakum-pompa-yedek-giris-contasi-3-boy-2\/#primaryimage\"},\"thumbnailUrl\":\"https:\/\/haremerotikshop.com\/site\/wp-content\/uploads\/2025\/04\/vakum-pompa-yedek-giris-contasi-3-boy-3278.jpg\",\"datePublished\":\"2025-04-26T11:57:27+00:00\",\"dateModified\":\"2026-01-26T10:59:35+00:00\",\"breadcrumb\":{\"@id\":\"https:\/\/hobierotikshop.com.tr\/website1\/erotik-shop-urun\/vakum-pompa-yedek-giris-contasi-3-boy-2\/#breadcrumb\"},\"inLanguage\":\"tr\",\"potentialAction\":[{\"@type\":\"ReadAction\",\"target\":[\"https:\/\/hobierotikshop.com.tr\/website1\/erotik-shop-urun\/vakum-pompa-yedek-giris-contasi-3-boy-2\/\"]}]},{\"@type\":\"ImageObject\",\"inLanguage\":\"tr\",\"@id\":\"https:\/\/hobierotikshop.com.tr\/website1\/erotik-shop-urun\/vakum-pompa-yedek-giris-contasi-3-boy-2\/#primaryimage\",\"url\":\"https:\/\/haremerotikshop.com\/site\/wp-content\/uploads\/2025\/04\/vakum-pompa-yedek-giris-contasi-3-boy-3278.jpg\",\"contentUrl\":\"https:\/\/haremerotikshop.com\/site\/wp-content\/uploads\/2025\/04\/vakum-pompa-yedek-giris-contasi-3-boy-3278.jpg\",\"width\":350,\"height\":318},{\"@type\":\"BreadcrumbList\",\"@id\":\"https:\/\/hobierotikshop.com.tr\/website1\/erotik-shop-urun\/vakum-pompa-yedek-giris-contasi-3-boy-2\/#breadcrumb\",\"itemListElement\":[{\"@type\":\"ListItem\",\"position\":1,\"name\":\"Anasayfa\",\"item\":\"https:\/\/hobierotikshop.com.tr\/website1\/\"},{\"@type\":\"ListItem\",\"position\":2,\"name\":\"Erotik Shop \u00dcr\u00fcnleri\",\"item\":\"https:\/\/hobierotikshop.com.tr\/website1\/shop\/\"},{\"@type\":\"ListItem\",\"position\":3,\"name\":\"Vakum Pompa Yedek Giri\u015f Contas\u0131 (3 Boy)\"}]},{\"@type\":\"WebSite\",\"@id\":\"https:\/\/hobierotikshop.com.tr\/website1\/#website\",\"url\":\"https:\/\/hobierotikshop.com.tr\/website1\/\",\"name\":\"Bursa Erotik Shop\",\"description\":\"Bursa Erotik Shop ile g\u00fcvenli, gizli ve kaliteli yeti\u015fkin \u00fcr\u00fcnleri al\u0131\u015fveri\u015fi! Geni\u015f \u00fcr\u00fcn yelpazemizi ke\u015ffedin, hemen sipari\u015f verin\",\"publisher\":{\"@id\":\"https:\/\/hobierotikshop.com.tr\/website1\/#organization\"},\"alternateName\":\"Erotik Shop\",\"potentialAction\":[{\"@type\":\"SearchAction\",\"target\":{\"@type\":\"EntryPoint\",\"urlTemplate\":\"https:\/\/hobierotikshop.com.tr\/website1\/?s={search_term_string}\"},\"query-input\":{\"@type\":\"PropertyValueSpecification\",\"valueRequired\":true,\"valueName\":\"search_term_string\"}}],\"inLanguage\":\"tr\"},{\"@type\":\"Organization\",\"@id\":\"https:\/\/hobierotikshop.com.tr\/website1\/#organization\",\"name\":\"Harem Bursa Erotik Shop\",\"url\":\"https:\/\/hobierotikshop.com.tr\/website1\/\",\"logo\":{\"@type\":\"ImageObject\",\"inLanguage\":\"tr\",\"@id\":\"https:\/\/hobierotikshop.com.tr\/website1\/#\/schema\/logo\/image\/\",\"url\":\"https:\/\/haremerotikshop.com\/site\/wp-content\/uploads\/2025\/03\/haremsexshop.png\",\"contentUrl\":\"https:\/\/haremerotikshop.com\/site\/wp-content\/uploads\/2025\/03\/haremsexshop.png\",\"width\":400,\"height\":100,\"caption\":\"Harem Bursa Erotik Shop\"},\"image\":{\"@id\":\"https:\/\/hobierotikshop.com.tr\/website1\/#\/schema\/logo\/image\/\"},\"sameAs\":[\"https:\/\/x.com\/shopbursa\"],\"publishingPrinciples\":\"https:\/\/hobierotikshop.com.tr\/website1\/mesafeli-satis-sozlesmesi\/\",\"ownershipFundingInfo\":\"https:\/\/hobierotikshop.com.tr\/website1\/contact-us\/\",\"actionableFeedbackPolicy\":\"https:\/\/hobierotikshop.com.tr\/website1\/contact-us\/\",\"correctionsPolicy\":\"https:\/\/hobierotikshop.com.tr\/website1\/mesafeli-satis-sozlesmesi\/\"}]}<\/script>\n<meta property=\"product:price:amount\" content=\"300.00\" \/>\n<meta property=\"product:price:currency\" content=\"TRY\" \/>\n<meta property=\"og:availability\" content=\"instock\" \/>\n<meta property=\"product:availability\" content=\"instock\" \/>\n<meta property=\"product:retailer_item_id\" content=\"BDM1212\" \/>\n<meta property=\"product:condition\" content=\"new\" \/>\n<!-- \/ Yoast SEO Premium plugin. -->","yoast_head_json":{"title":"Vakum Pompa Yedek Giri\u015f Contas\u0131 (3 Boy) - Bursa Erotik Shop","robots":{"index":"index","follow":"follow","max-snippet":"max-snippet:-1","max-image-preview":"max-image-preview:large","max-video-preview":"max-video-preview:-1"},"canonical":"https:\/\/hobierotikshop.com.tr\/website1\/erotik-shop-urun\/vakum-pompa-yedek-giris-contasi-3-boy-2\/","og_locale":"tr_TR","og_type":"article","og_title":"Vakum Pompa Yedek Giri\u015f Contas\u0131 (3 Boy)","og_description":"Vakum Penis Pompas\u0131 \u0130\u00e7in Yedek Silikon Ba\u015fl\u0131k&nbsp; &nbsp; &nbsp;\u00dcr\u00fcn Kodu: BDM1212 &nbsp; &nbsp; &nbsp; 3 Farkl\u0131 Renkte Penis Vakum Pompa","og_url":"https:\/\/hobierotikshop.com.tr\/website1\/erotik-shop-urun\/vakum-pompa-yedek-giris-contasi-3-boy-2\/","og_site_name":"Bursa Erotik Shop","article_modified_time":"2026-01-26T10:59:35+00:00","og_image":[{"width":350,"height":318,"url":"https:\/\/hobierotikshop.com.tr\/website1\/wp-content\/uploads\/2025\/04\/vakum-pompa-yedek-giris-contasi-3-boy-3278.jpg","type":"image\/jpeg"}],"twitter_card":"summary_large_image","twitter_site":"@shopbursa","twitter_misc":{"Fiyat":"&#8378;300,00","Availability":"In stock"},"schema":{"@context":"https:\/\/schema.org","@graph":[{"@type":"WebPage","@id":"https:\/\/hobierotikshop.com.tr\/website1\/erotik-shop-urun\/vakum-pompa-yedek-giris-contasi-3-boy-2\/","url":"https:\/\/hobierotikshop.com.tr\/website1\/erotik-shop-urun\/vakum-pompa-yedek-giris-contasi-3-boy-2\/","name":"Vakum Pompa Yedek Giri\u015f Contas\u0131 (3 Boy) - Bursa Erotik Shop","isPartOf":{"@id":"https:\/\/hobierotikshop.com.tr\/website1\/#website"},"primaryImageOfPage":{"@id":"https:\/\/hobierotikshop.com.tr\/website1\/erotik-shop-urun\/vakum-pompa-yedek-giris-contasi-3-boy-2\/#primaryimage"},"image":{"@id":"https:\/\/hobierotikshop.com.tr\/website1\/erotik-shop-urun\/vakum-pompa-yedek-giris-contasi-3-boy-2\/#primaryimage"},"thumbnailUrl":"https:\/\/haremerotikshop.com\/site\/wp-content\/uploads\/2025\/04\/vakum-pompa-yedek-giris-contasi-3-boy-3278.jpg","datePublished":"2025-04-26T11:57:27+00:00","dateModified":"2026-01-26T10:59:35+00:00","breadcrumb":{"@id":"https:\/\/hobierotikshop.com.tr\/website1\/erotik-shop-urun\/vakum-pompa-yedek-giris-contasi-3-boy-2\/#breadcrumb"},"inLanguage":"tr","potentialAction":[{"@type":"ReadAction","target":["https:\/\/hobierotikshop.com.tr\/website1\/erotik-shop-urun\/vakum-pompa-yedek-giris-contasi-3-boy-2\/"]}]},{"@type":"ImageObject","inLanguage":"tr","@id":"https:\/\/hobierotikshop.com.tr\/website1\/erotik-shop-urun\/vakum-pompa-yedek-giris-contasi-3-boy-2\/#primaryimage","url":"https:\/\/haremerotikshop.com\/site\/wp-content\/uploads\/2025\/04\/vakum-pompa-yedek-giris-contasi-3-boy-3278.jpg","contentUrl":"https:\/\/haremerotikshop.com\/site\/wp-content\/uploads\/2025\/04\/vakum-pompa-yedek-giris-contasi-3-boy-3278.jpg","width":350,"height":318},{"@type":"BreadcrumbList","@id":"https:\/\/hobierotikshop.com.tr\/website1\/erotik-shop-urun\/vakum-pompa-yedek-giris-contasi-3-boy-2\/#breadcrumb","itemListElement":[{"@type":"ListItem","position":1,"name":"Anasayfa","item":"https:\/\/hobierotikshop.com.tr\/website1\/"},{"@type":"ListItem","position":2,"name":"Erotik Shop \u00dcr\u00fcnleri","item":"https:\/\/hobierotikshop.com.tr\/website1\/shop\/"},{"@type":"ListItem","position":3,"name":"Vakum Pompa Yedek Giri\u015f Contas\u0131 (3 Boy)"}]},{"@type":"WebSite","@id":"https:\/\/hobierotikshop.com.tr\/website1\/#website","url":"https:\/\/hobierotikshop.com.tr\/website1\/","name":"Bursa Erotik Shop","description":"Bursa Erotik Shop ile g\u00fcvenli, gizli ve kaliteli yeti\u015fkin \u00fcr\u00fcnleri al\u0131\u015fveri\u015fi! Geni\u015f \u00fcr\u00fcn yelpazemizi ke\u015ffedin, hemen sipari\u015f verin","publisher":{"@id":"https:\/\/hobierotikshop.com.tr\/website1\/#organization"},"alternateName":"Erotik Shop","potentialAction":[{"@type":"SearchAction","target":{"@type":"EntryPoint","urlTemplate":"https:\/\/hobierotikshop.com.tr\/website1\/?s={search_term_string}"},"query-input":{"@type":"PropertyValueSpecification","valueRequired":true,"valueName":"search_term_string"}}],"inLanguage":"tr"},{"@type":"Organization","@id":"https:\/\/hobierotikshop.com.tr\/website1\/#organization","name":"Harem Bursa Erotik Shop","url":"https:\/\/hobierotikshop.com.tr\/website1\/","logo":{"@type":"ImageObject","inLanguage":"tr","@id":"https:\/\/hobierotikshop.com.tr\/website1\/#\/schema\/logo\/image\/","url":"https:\/\/haremerotikshop.com\/site\/wp-content\/uploads\/2025\/03\/haremsexshop.png","contentUrl":"https:\/\/haremerotikshop.com\/site\/wp-content\/uploads\/2025\/03\/haremsexshop.png","width":400,"height":100,"caption":"Harem Bursa Erotik Shop"},"image":{"@id":"https:\/\/hobierotikshop.com.tr\/website1\/#\/schema\/logo\/image\/"},"sameAs":["https:\/\/x.com\/shopbursa"],"publishingPrinciples":"https:\/\/hobierotikshop.com.tr\/website1\/mesafeli-satis-sozlesmesi\/","ownershipFundingInfo":"https:\/\/hobierotikshop.com.tr\/website1\/contact-us\/","actionableFeedbackPolicy":"https:\/\/hobierotikshop.com.tr\/website1\/contact-us\/","correctionsPolicy":"https:\/\/hobierotikshop.com.tr\/website1\/mesafeli-satis-sozlesmesi\/"}]},"product_price_amount":"300.00","product_price_currency":"TRY","og_availability":"instock","product_availability":"instock","product_retailer_item_id":"BDM1212","product_condition":"new"},"_links":{"self":[{"href":"https:\/\/haremerotikshop.com\/site\/wp-json\/wp\/v2\/product\/35326","targetHints":{"allow":["GET"]}}],"collection":[{"href":"https:\/\/haremerotikshop.com\/site\/wp-json\/wp\/v2\/product"}],"about":[{"href":"https:\/\/haremerotikshop.com\/site\/wp-json\/wp\/v2\/types\/product"}],"replies":[{"embeddable":true,"href":"https:\/\/haremerotikshop.com\/site\/wp-json\/wp\/v2\/comments?post=35326"}],"version-history":[{"count":0,"href":"https:\/\/haremerotikshop.com\/site\/wp-json\/wp\/v2\/product\/35326\/revisions"}],"wp:featuredmedia":[{"embeddable":true,"href":"https:\/\/haremerotikshop.com\/site\/wp-json\/wp\/v2\/media\/35328"}],"wp:attachment":[{"href":"https:\/\/haremerotikshop.com\/site\/wp-json\/wp\/v2\/media?parent=35326"}],"wp:term":[{"taxonomy":"product_brand","embeddable":true,"href":"https:\/\/haremerotikshop.com\/site\/wp-json\/wp\/v2\/product_brand?post=35326"},{"taxonomy":"product_cat","embeddable":true,"href":"https:\/\/haremerotikshop.com\/site\/wp-json\/wp\/v2\/product_cat?post=35326"},{"taxonomy":"product_tag","embeddable":true,"href":"https:\/\/haremerotikshop.com\/site\/wp-json\/wp\/v2\/product_tag?post=35326"}],"curies":[{"name":"wp","href":"https:\/\/api.w.org\/{rel}","templated":true}]}}