{"id":35332,"date":"2025-04-26T14:57:27","date_gmt":"2025-04-26T11:57:27","guid":{"rendered":"https:\/\/haremerotikshop.com\/site\/erotik-shop-urun\/men-powerup-basinc-gostergeli-penis-pompasi-2\/"},"modified":"2026-01-26T14:00:18","modified_gmt":"2026-01-26T11:00:18","slug":"men-powerup-basinc-gostergeli-penis-pompasi-2","status":"publish","type":"product","link":"https:\/\/haremerotikshop.com\/site\/erotik-shop-urun\/men-powerup-basinc-gostergeli-penis-pompasi-2\/","title":{"rendered":"Men Powerup Bas\u0131n\u00e7 G\u00f6stergeli Penis Pompas\u0131"},"content":{"rendered":"<h2><span style=\"font-size:20px\"><span style=\"font-family:Verdana,Geneva,sans-serif\"><span style=\"color:#ff0000\">Man Power Bas\u0131n\u00e7 G\u00f6stergeli Penis Pompas\u0131&nbsp; &nbsp; &nbsp;\u00dcr\u00fcn Kodu: BDMP463<\/span><\/span><\/span><\/h2>\n<h2><span style=\"font-family:Verdana,Geneva,sans-serif\">&nbsp; &nbsp;<\/span><\/h2>\n<p><span style=\"font-family:Verdana,Geneva,sans-serif\"><\/p>\n<p><span style=\"font-size:14px\"> <\/span><\/p>\n<p><span style=\"font-size:16px\">Man Power bas\u0131n\u00e7 g\u00f6stergeli tetikli penis pompas\u0131<br \/>Bas\u0131n\u00e7 g\u00f6stergesi ve silindir \u00fczerinde bulunan cetvel sayesinde geli\u015fimi ve konforu iste\u011finize g\u00f6re d\u00fczenleyebileceksiniz.<br \/>\u015eeffaf silindir hazne, kolay tetik kollu penis pompas\u0131d\u0131r.&nbsp;<br \/>Kurulum ve kullan\u0131m\u0131 olduk\u00e7a kolayd\u0131r.<br \/>Uzun s\u00fcreli kullan\u0131ma uygun sa\u011flam yap\u0131dad\u0131r<br \/>G\u00fc\u00e7lendirilmi\u015f vakumlama pompas\u0131 &nbsp;<br \/>Tamamen su ge\u00e7irmez silikon ve ABS plastikten \u00fcretilmi\u015ftir. &nbsp;&nbsp;<\/span><\/p>\n<p><span style=\"font-size:16px\"><\/p>\n<p>Kullan\u0131m \u015eekli :<br \/>&nbsp;<br \/>Penisi kayd\u0131r\u0131c\u0131 jel ile ya\u011flad\u0131ktan sonra t\u00fcp\u00fcn a\u011fz\u0131ndaki emici diyaframa iyice yaslay\u0131n.<br \/>Vakum mekanizmas\u0131n\u0131 pompalayarak iyice vakumlay\u0131n.<br \/>Tam gerilme sa\u011fland\u0131ktan sonra (gerilmeden m\u00fctevellit ac\u0131ma ve a\u011fr\u0131 durumuna g\u00f6re) 5-10 dk veya daha fazla bekletebilirsiniz.&nbsp;<br \/>Sonra bas\u0131n\u00e7 g\u00fcvenlik valfine bas\u0131l\u0131 tutarak havay\u0131 bo\u015falt\u0131p penisi t\u00fcpten \u00e7\u0131kar\u0131n.<br \/>Vakum masaj\u0131 d\u00fczenli olarak g\u00fcnde minumum 20 dk kullan\u0131lmas\u0131 \u00f6nerilir.<br \/>Toplam Uzunluk : 20 cm<br \/>Silindir t\u00fcp boyut : 7 cm<\/p>\n<p><\/span><\/span><\/p>\n<p>&nbsp;&nbsp;<\/p>\n<p><span style=\"font-size:16px\"><span style=\"font-family:Verdana,Geneva,sans-serif\"><\/p>\n<p>G\u00d6NDER\u0130 \u015eEKL\u0130<\/p>\n<p>Sipari\u015fleriniz i\u00e7eri\u011fi anla\u015f\u0131lmayacak \u015fekilde gizli ve kapal\u0131 kolide g\u00f6nderilir.<br \/>&nbsp;<br \/>\u00d6DEME T\u00dcRLER\u0130<\/p>\n<p>Nakit veya Kredi Kart\u0131 ile kap\u0131da veya \u015fubede kargoya \u00f6deyebilirsiniz.<br \/>Sistemimiz tek \u00e7ekim veya taksit se\u00e7enekleri ile i\u015flem yapabilirsiniz.<br \/>Banka yolu ile havale yapabilirsiniz.&nbsp;<br \/>&nbsp;<br \/>TESL\u0130MAT \u015eEKL\u0130<\/p>\n<p>\u0130ster Kap\u0131n\u0131za Gelsin \u0130ster Kargodan Al\u0131n<\/p>\n<p>T\u00fcm \u00fcr\u00fcnlerimiz sipari\u015ften teslimata kadar firmam\u0131z g\u00fcvencesi alt\u0131nda olup verilen sipari\u015fler tam ve eksiksiz olarak m\u00fc\u015fterilerimize ula\u015ft\u0131r\u0131l\u0131r.<br \/>&nbsp;<br \/>* Kap\u0131da \u00d6deme G\u00fcvenli Al\u0131\u015fveri\u015f<br \/>* T\u00fcm \u00dcr\u00fcnlerde H\u0131zl\u0131 G\u00f6nderim<br \/>* Orjinal \u00dcr\u00fcn Garantisi&nbsp;<br \/>* T\u00fcm \u00dcr\u00fcnlerde Gizli Kargo \/ Paket<\/p>\n<p><\/span><\/span><span style=\"font-size:16px\"><span style=\"font-family:Verdana,Geneva,sans-serif\"><\/p>\n<p>&nbsp; &nbsp;&nbsp;<br \/><u><em><strong>G\u0130ZL\u0130L\u0130\u011e\u0130N\u0130Z B\u0130Z\u0130M \u0130\u00c7\u0130N \u00d6NEML\u0130<\/strong><\/em><\/u><\/p>\n<p><\/span><\/span><span style=\"font-family:Verdana,Geneva,sans-serif\"><span style=\"font-size:16px\"><\/p>\n<p><u><em><strong><\/strong><\/em><\/u><\/p>\n<p><\/span><\/p>\n<p>&nbsp; &nbsp;<\/p>\n<p><\/span><\/p>\n<h2><a href=\"http:\/\/api.whatsapp.com\/send?phone=905304676616&amp;text=Sipari%C5%9F%20Vermek%20%C4%B0stiyorum%20.lilitu%20BDMP463\"><img decoding=\"async\" alt=\"\" src=\"https:\/\/static.ticimax.cloud\/32886\/uploads\/editoruploads\/whatsapp-destek-hatti_mobil.gif\" \/><\/a><\/h2>\n","protected":false},"excerpt":{"rendered":"<p>Man Power Bas\u0131n\u00e7 G\u00f6stergeli Penis Pompas\u0131&nbsp; &nbsp; &nbsp;\u00dcr\u00fcn Kodu: BDMP463 &nbsp; &nbsp; Man Power bas\u0131n\u00e7 g\u00f6stergeli tetikli penis pompas\u0131Bas\u0131n\u00e7 g\u00f6stergesi<\/p>\n","protected":false},"featured_media":35334,"comment_status":"closed","ping_status":"closed","template":"","meta":[],"product_brand":[],"product_cat":[495],"product_tag":[],"class_list":{"0":"post-35332","1":"product","2":"type-product","3":"status-publish","4":"has-post-thumbnail","6":"product_cat-penis-vakum-pompa-ve-kremler","8":"first","9":"outofstock","10":"sale","11":"purchasable","12":"product-type-simple"},"yoast_head":"<!-- This site is optimized with the Yoast SEO Premium plugin v24.4 (Yoast SEO v27.1.1) - https:\/\/yoast.com\/product\/yoast-seo-premium-wordpress\/ -->\n<title>Men Powerup Bas\u0131n\u00e7 G\u00f6stergeli Penis Pompas\u0131 - Bursa Erotik Shop<\/title>\n<meta name=\"robots\" content=\"index, follow, max-snippet:-1, max-image-preview:large, max-video-preview:-1\" \/>\n<link rel=\"canonical\" href=\"https:\/\/hobierotikshop.com.tr\/website1\/erotik-shop-urun\/men-powerup-basinc-gostergeli-penis-pompasi-2\/\" \/>\n<meta property=\"og:locale\" content=\"tr_TR\" \/>\n<meta property=\"og:type\" content=\"article\" \/>\n<meta property=\"og:title\" content=\"Men Powerup Bas\u0131n\u00e7 G\u00f6stergeli Penis Pompas\u0131\" \/>\n<meta property=\"og:description\" content=\"Man Power Bas\u0131n\u00e7 G\u00f6stergeli Penis Pompas\u0131&nbsp; &nbsp; &nbsp;\u00dcr\u00fcn Kodu: BDMP463 &nbsp; &nbsp; Man Power bas\u0131n\u00e7 g\u00f6stergeli tetikli penis pompas\u0131Bas\u0131n\u00e7 g\u00f6stergesi\" \/>\n<meta property=\"og:url\" content=\"https:\/\/hobierotikshop.com.tr\/website1\/erotik-shop-urun\/men-powerup-basinc-gostergeli-penis-pompasi-2\/\" \/>\n<meta property=\"og:site_name\" content=\"Bursa Erotik Shop\" \/>\n<meta property=\"article:modified_time\" content=\"2026-01-26T11:00:18+00:00\" \/>\n<meta property=\"og:image\" content=\"https:\/\/hobierotikshop.com.tr\/website1\/wp-content\/uploads\/2025\/04\/men-powerup-basinc-gostergeli-penis-pomp-1586.jpg\" \/>\n\t<meta property=\"og:image:width\" content=\"350\" \/>\n\t<meta property=\"og:image:height\" content=\"350\" \/>\n\t<meta property=\"og:image:type\" content=\"image\/jpeg\" \/>\n<meta name=\"twitter:card\" content=\"summary_large_image\" \/>\n<meta name=\"twitter:site\" content=\"@shopbursa\" \/>\n<meta name=\"twitter:label1\" content=\"Fiyat\" \/>\n\t<meta name=\"twitter:data1\" content=\"&#8378;1.350,00\" \/>\n\t<meta name=\"twitter:label2\" content=\"Availability\" \/>\n\t<meta name=\"twitter:data2\" content=\"Out of stock\" \/>\n<script type=\"application\/ld+json\" class=\"yoast-schema-graph\">{\"@context\":\"https:\/\/schema.org\",\"@graph\":[{\"@type\":\"WebPage\",\"@id\":\"https:\/\/hobierotikshop.com.tr\/website1\/erotik-shop-urun\/men-powerup-basinc-gostergeli-penis-pompasi-2\/\",\"url\":\"https:\/\/hobierotikshop.com.tr\/website1\/erotik-shop-urun\/men-powerup-basinc-gostergeli-penis-pompasi-2\/\",\"name\":\"Men Powerup Bas\u0131n\u00e7 G\u00f6stergeli Penis Pompas\u0131 - Bursa Erotik Shop\",\"isPartOf\":{\"@id\":\"https:\/\/bursashop.com\/web\/#website\"},\"primaryImageOfPage\":{\"@id\":\"https:\/\/hobierotikshop.com.tr\/website1\/erotik-shop-urun\/men-powerup-basinc-gostergeli-penis-pompasi-2\/#primaryimage\"},\"image\":{\"@id\":\"https:\/\/hobierotikshop.com.tr\/website1\/erotik-shop-urun\/men-powerup-basinc-gostergeli-penis-pompasi-2\/#primaryimage\"},\"thumbnailUrl\":\"https:\/\/haremerotikshop.com\/site\/wp-content\/uploads\/2025\/04\/men-powerup-basinc-gostergeli-penis-pomp-1586.jpg\",\"datePublished\":\"2025-04-26T11:57:27+00:00\",\"dateModified\":\"2026-01-26T11:00:18+00:00\",\"breadcrumb\":{\"@id\":\"https:\/\/hobierotikshop.com.tr\/website1\/erotik-shop-urun\/men-powerup-basinc-gostergeli-penis-pompasi-2\/#breadcrumb\"},\"inLanguage\":\"tr\",\"potentialAction\":[{\"@type\":\"ReadAction\",\"target\":[\"https:\/\/hobierotikshop.com.tr\/website1\/erotik-shop-urun\/men-powerup-basinc-gostergeli-penis-pompasi-2\/\"]}]},{\"@type\":\"ImageObject\",\"inLanguage\":\"tr\",\"@id\":\"https:\/\/hobierotikshop.com.tr\/website1\/erotik-shop-urun\/men-powerup-basinc-gostergeli-penis-pompasi-2\/#primaryimage\",\"url\":\"https:\/\/haremerotikshop.com\/site\/wp-content\/uploads\/2025\/04\/men-powerup-basinc-gostergeli-penis-pomp-1586.jpg\",\"contentUrl\":\"https:\/\/haremerotikshop.com\/site\/wp-content\/uploads\/2025\/04\/men-powerup-basinc-gostergeli-penis-pomp-1586.jpg\",\"width\":350,\"height\":350},{\"@type\":\"BreadcrumbList\",\"@id\":\"https:\/\/hobierotikshop.com.tr\/website1\/erotik-shop-urun\/men-powerup-basinc-gostergeli-penis-pompasi-2\/#breadcrumb\",\"itemListElement\":[{\"@type\":\"ListItem\",\"position\":1,\"name\":\"Anasayfa\",\"item\":\"https:\/\/hobierotikshop.com.tr\/website1\/\"},{\"@type\":\"ListItem\",\"position\":2,\"name\":\"Erotik Shop \u00dcr\u00fcnleri\",\"item\":\"https:\/\/hobierotikshop.com.tr\/website1\/shop\/\"},{\"@type\":\"ListItem\",\"position\":3,\"name\":\"Men Powerup Bas\u0131n\u00e7 G\u00f6stergeli Penis Pompas\u0131\"}]},{\"@type\":\"WebSite\",\"@id\":\"https:\/\/bursashop.com\/web\/#website\",\"url\":\"https:\/\/bursashop.com\/web\/\",\"name\":\"Bursa Erotik Shop\",\"description\":\"Bursa Erotik Shop ile g\u00fcvenli, gizli ve kaliteli yeti\u015fkin \u00fcr\u00fcnleri al\u0131\u015fveri\u015fi! Geni\u015f \u00fcr\u00fcn yelpazemizi ke\u015ffedin, hemen sipari\u015f verin\",\"publisher\":{\"@id\":\"https:\/\/bursashop.com\/web\/#organization\"},\"alternateName\":\"Erotik Shop\",\"potentialAction\":[{\"@type\":\"SearchAction\",\"target\":{\"@type\":\"EntryPoint\",\"urlTemplate\":\"https:\/\/bursashop.com\/web\/?s={search_term_string}\"},\"query-input\":{\"@type\":\"PropertyValueSpecification\",\"valueRequired\":true,\"valueName\":\"search_term_string\"}}],\"inLanguage\":\"tr\"},{\"@type\":\"Organization\",\"@id\":\"https:\/\/bursashop.com\/web\/#organization\",\"name\":\"Harem Bursa Erotik Shop\",\"url\":\"https:\/\/bursashop.com\/web\/\",\"logo\":{\"@type\":\"ImageObject\",\"inLanguage\":\"tr\",\"@id\":\"https:\/\/bursashop.com\/web\/#\/schema\/logo\/image\/\",\"url\":\"https:\/\/haremerotikshop.com\/wp-content\/uploads\/2025\/03\/haremsexshop.png\",\"contentUrl\":\"https:\/\/haremerotikshop.com\/wp-content\/uploads\/2025\/03\/haremsexshop.png\",\"width\":400,\"height\":100,\"caption\":\"Harem Bursa Erotik Shop\"},\"image\":{\"@id\":\"https:\/\/bursashop.com\/web\/#\/schema\/logo\/image\/\"},\"sameAs\":[\"https:\/\/x.com\/shopbursa\"],\"publishingPrinciples\":\"https:\/\/hobierotikshop.com.tr\/website1\/mesafeli-satis-sozlesmesi\/\",\"ownershipFundingInfo\":\"https:\/\/hobierotikshop.com.tr\/website1\/contact-us\/\",\"actionableFeedbackPolicy\":\"https:\/\/hobierotikshop.com.tr\/website1\/contact-us\/\",\"correctionsPolicy\":\"https:\/\/hobierotikshop.com.tr\/website1\/mesafeli-satis-sozlesmesi\/\"}]}<\/script>\n<meta property=\"product:price:amount\" content=\"1350.00\" \/>\n<meta property=\"product:price:currency\" content=\"TRY\" \/>\n<meta property=\"og:availability\" content=\"out of stock\" \/>\n<meta property=\"product:availability\" content=\"out of stock\" \/>\n<meta property=\"product:retailer_item_id\" content=\"BDMP463\" \/>\n<meta property=\"product:condition\" content=\"new\" \/>\n<!-- \/ Yoast SEO Premium plugin. -->","yoast_head_json":{"title":"Men Powerup Bas\u0131n\u00e7 G\u00f6stergeli Penis Pompas\u0131 - Bursa Erotik Shop","robots":{"index":"index","follow":"follow","max-snippet":"max-snippet:-1","max-image-preview":"max-image-preview:large","max-video-preview":"max-video-preview:-1"},"canonical":"https:\/\/hobierotikshop.com.tr\/website1\/erotik-shop-urun\/men-powerup-basinc-gostergeli-penis-pompasi-2\/","og_locale":"tr_TR","og_type":"article","og_title":"Men Powerup Bas\u0131n\u00e7 G\u00f6stergeli Penis Pompas\u0131","og_description":"Man Power Bas\u0131n\u00e7 G\u00f6stergeli Penis Pompas\u0131&nbsp; &nbsp; &nbsp;\u00dcr\u00fcn Kodu: BDMP463 &nbsp; &nbsp; Man Power bas\u0131n\u00e7 g\u00f6stergeli tetikli penis pompas\u0131Bas\u0131n\u00e7 g\u00f6stergesi","og_url":"https:\/\/hobierotikshop.com.tr\/website1\/erotik-shop-urun\/men-powerup-basinc-gostergeli-penis-pompasi-2\/","og_site_name":"Bursa Erotik Shop","article_modified_time":"2026-01-26T11:00:18+00:00","og_image":[{"width":350,"height":350,"url":"https:\/\/hobierotikshop.com.tr\/website1\/wp-content\/uploads\/2025\/04\/men-powerup-basinc-gostergeli-penis-pomp-1586.jpg","type":"image\/jpeg"}],"twitter_card":"summary_large_image","twitter_site":"@shopbursa","twitter_misc":{"Fiyat":"&#8378;1.350,00","Availability":"Out of stock"},"schema":{"@context":"https:\/\/schema.org","@graph":[{"@type":"WebPage","@id":"https:\/\/hobierotikshop.com.tr\/website1\/erotik-shop-urun\/men-powerup-basinc-gostergeli-penis-pompasi-2\/","url":"https:\/\/hobierotikshop.com.tr\/website1\/erotik-shop-urun\/men-powerup-basinc-gostergeli-penis-pompasi-2\/","name":"Men Powerup Bas\u0131n\u00e7 G\u00f6stergeli Penis Pompas\u0131 - Bursa Erotik Shop","isPartOf":{"@id":"https:\/\/bursashop.com\/web\/#website"},"primaryImageOfPage":{"@id":"https:\/\/hobierotikshop.com.tr\/website1\/erotik-shop-urun\/men-powerup-basinc-gostergeli-penis-pompasi-2\/#primaryimage"},"image":{"@id":"https:\/\/hobierotikshop.com.tr\/website1\/erotik-shop-urun\/men-powerup-basinc-gostergeli-penis-pompasi-2\/#primaryimage"},"thumbnailUrl":"https:\/\/haremerotikshop.com\/site\/wp-content\/uploads\/2025\/04\/men-powerup-basinc-gostergeli-penis-pomp-1586.jpg","datePublished":"2025-04-26T11:57:27+00:00","dateModified":"2026-01-26T11:00:18+00:00","breadcrumb":{"@id":"https:\/\/hobierotikshop.com.tr\/website1\/erotik-shop-urun\/men-powerup-basinc-gostergeli-penis-pompasi-2\/#breadcrumb"},"inLanguage":"tr","potentialAction":[{"@type":"ReadAction","target":["https:\/\/hobierotikshop.com.tr\/website1\/erotik-shop-urun\/men-powerup-basinc-gostergeli-penis-pompasi-2\/"]}]},{"@type":"ImageObject","inLanguage":"tr","@id":"https:\/\/hobierotikshop.com.tr\/website1\/erotik-shop-urun\/men-powerup-basinc-gostergeli-penis-pompasi-2\/#primaryimage","url":"https:\/\/haremerotikshop.com\/site\/wp-content\/uploads\/2025\/04\/men-powerup-basinc-gostergeli-penis-pomp-1586.jpg","contentUrl":"https:\/\/haremerotikshop.com\/site\/wp-content\/uploads\/2025\/04\/men-powerup-basinc-gostergeli-penis-pomp-1586.jpg","width":350,"height":350},{"@type":"BreadcrumbList","@id":"https:\/\/hobierotikshop.com.tr\/website1\/erotik-shop-urun\/men-powerup-basinc-gostergeli-penis-pompasi-2\/#breadcrumb","itemListElement":[{"@type":"ListItem","position":1,"name":"Anasayfa","item":"https:\/\/hobierotikshop.com.tr\/website1\/"},{"@type":"ListItem","position":2,"name":"Erotik Shop \u00dcr\u00fcnleri","item":"https:\/\/hobierotikshop.com.tr\/website1\/shop\/"},{"@type":"ListItem","position":3,"name":"Men Powerup Bas\u0131n\u00e7 G\u00f6stergeli Penis Pompas\u0131"}]},{"@type":"WebSite","@id":"https:\/\/bursashop.com\/web\/#website","url":"https:\/\/bursashop.com\/web\/","name":"Bursa Erotik Shop","description":"Bursa Erotik Shop ile g\u00fcvenli, gizli ve kaliteli yeti\u015fkin \u00fcr\u00fcnleri al\u0131\u015fveri\u015fi! Geni\u015f \u00fcr\u00fcn yelpazemizi ke\u015ffedin, hemen sipari\u015f verin","publisher":{"@id":"https:\/\/bursashop.com\/web\/#organization"},"alternateName":"Erotik Shop","potentialAction":[{"@type":"SearchAction","target":{"@type":"EntryPoint","urlTemplate":"https:\/\/bursashop.com\/web\/?s={search_term_string}"},"query-input":{"@type":"PropertyValueSpecification","valueRequired":true,"valueName":"search_term_string"}}],"inLanguage":"tr"},{"@type":"Organization","@id":"https:\/\/bursashop.com\/web\/#organization","name":"Harem Bursa Erotik Shop","url":"https:\/\/bursashop.com\/web\/","logo":{"@type":"ImageObject","inLanguage":"tr","@id":"https:\/\/bursashop.com\/web\/#\/schema\/logo\/image\/","url":"https:\/\/haremerotikshop.com\/wp-content\/uploads\/2025\/03\/haremsexshop.png","contentUrl":"https:\/\/haremerotikshop.com\/wp-content\/uploads\/2025\/03\/haremsexshop.png","width":400,"height":100,"caption":"Harem Bursa Erotik Shop"},"image":{"@id":"https:\/\/bursashop.com\/web\/#\/schema\/logo\/image\/"},"sameAs":["https:\/\/x.com\/shopbursa"],"publishingPrinciples":"https:\/\/hobierotikshop.com.tr\/website1\/mesafeli-satis-sozlesmesi\/","ownershipFundingInfo":"https:\/\/hobierotikshop.com.tr\/website1\/contact-us\/","actionableFeedbackPolicy":"https:\/\/hobierotikshop.com.tr\/website1\/contact-us\/","correctionsPolicy":"https:\/\/hobierotikshop.com.tr\/website1\/mesafeli-satis-sozlesmesi\/"}]},"product_price_amount":"1350.00","product_price_currency":"TRY","og_availability":"out of stock","product_availability":"out of stock","product_retailer_item_id":"BDMP463","product_condition":"new"},"_links":{"self":[{"href":"https:\/\/haremerotikshop.com\/site\/wp-json\/wp\/v2\/product\/35332","targetHints":{"allow":["GET"]}}],"collection":[{"href":"https:\/\/haremerotikshop.com\/site\/wp-json\/wp\/v2\/product"}],"about":[{"href":"https:\/\/haremerotikshop.com\/site\/wp-json\/wp\/v2\/types\/product"}],"replies":[{"embeddable":true,"href":"https:\/\/haremerotikshop.com\/site\/wp-json\/wp\/v2\/comments?post=35332"}],"version-history":[{"count":0,"href":"https:\/\/haremerotikshop.com\/site\/wp-json\/wp\/v2\/product\/35332\/revisions"}],"wp:featuredmedia":[{"embeddable":true,"href":"https:\/\/haremerotikshop.com\/site\/wp-json\/wp\/v2\/media\/35334"}],"wp:attachment":[{"href":"https:\/\/haremerotikshop.com\/site\/wp-json\/wp\/v2\/media?parent=35332"}],"wp:term":[{"taxonomy":"product_brand","embeddable":true,"href":"https:\/\/haremerotikshop.com\/site\/wp-json\/wp\/v2\/product_brand?post=35332"},{"taxonomy":"product_cat","embeddable":true,"href":"https:\/\/haremerotikshop.com\/site\/wp-json\/wp\/v2\/product_cat?post=35332"},{"taxonomy":"product_tag","embeddable":true,"href":"https:\/\/haremerotikshop.com\/site\/wp-json\/wp\/v2\/product_tag?post=35332"}],"curies":[{"name":"wp","href":"https:\/\/api.w.org\/{rel}","templated":true}]}}