{"id":37593,"date":"2025-04-26T15:24:12","date_gmt":"2025-04-26T12:24:12","guid":{"rendered":"https:\/\/haremerotikshop.com\/site\/erotik-shop-urun\/fetis-fantezi-serisi-7-parca-mukemmel-deri-set\/"},"modified":"2026-01-24T14:24:24","modified_gmt":"2026-01-24T11:24:24","slug":"fetis-fantezi-serisi-7-parca-mukemmel-deri-set","status":"publish","type":"product","link":"https:\/\/haremerotikshop.com\/site\/erotik-shop-urun\/fetis-fantezi-serisi-7-parca-mukemmel-deri-set\/","title":{"rendered":"Feti\u015f Fantezi Serisi 7 Par\u00e7a M\u00fckemmel Deri Set"},"content":{"rendered":"<h2><span style=\"color: #e74c3c\"><span style=\"font-size: 20px\"><span style=\"font-family: Verdana,Geneva,sans-serif\">Feti\u015f Fantezi Serisi 7 Par\u00e7a M\u00fckemmel Deri Set\u00a0 \u00a0 \u00a0 \u00a0 \u00a0 \u00a0\u00dcr\u00fcn Kodu:M935<\/span><\/span><\/span><\/h2>\n<p><span style=\"font-size: 16px\"><span style=\"font-family: Verdana,Geneva,sans-serif\">E\u011flence ve farkl\u0131l\u0131ktan ho\u015flanan \u00e7iftlerin g\u00f6zdesi<br \/>\nFantezi Feti\u015fe ba\u015flamak i\u00e7in heyecan yaratan set<br \/>\nAyarlanabilir el ve ayak bilek kelep\u00e7eleri<br \/>\nK\u00f6lelik heyecan\u0131n\u0131 ya\u015fay\u0131n<br \/>\nFarkl\u0131 feti\u015f fantezileri ke\u015ffedin<\/p>\n<p>Feti\u015f Deri Set 7 Farkl\u0131 \u00dcr\u00fcnden olu\u015fmaktad\u0131r.<\/p>\n<p>1-Feti\u015f Zincirli El Kelep\u00e7esi<br \/>\n2-Feti\u015f Zincirli Ayak Kelep\u00e7esi<br \/>\n3-Feti\u015f Zincirli Boyun Tasmas\u0131<br \/>\n4-Feti\u015f Deri K\u0131rba\u00e7<br \/>\n5-El ve Ayak yatak ba\u011flama ipi<br \/>\n6-Feti\u015f A\u011f\u0131z Topu<br \/>\n7-Feti\u015f g\u00f6z band\u0131<\/span><\/span><br \/>\n&nbsp;<\/p>\n<p>BDSM Feti\u015f Fantezi Esaret Seti Erkekler;\u00dcniformay\u0131 mutlak g\u00fc\u00e7 olarak g\u00f6r\u00fcrler ve bir \u015fekilde bundan tahrik olurlar, Ayn\u0131 \u015fekilde kad\u0131nlarda \u00e7ok etkisinde kal\u0131r.<\/p>\n<p>BDSM fantezileri yeni ba\u015flayanlar i\u00e7in 7 par\u00e7al\u0131 set kitiyle ilk ma\u00e7\u0131n\u0131z\u0131 yatak odas\u0131 esaretine planlay\u0131n.<\/p>\n<p>G\u00f6zband\u0131, ayarlanabilir el bilek ve ayak bile\u011fi kelep\u00e7eleri, k\u00fc\u00e7\u00fck a\u011f\u0131z topu t\u0131kac\u0131 ve yumu\u015fak k\u0131rba\u00e7 ile, hassas duyusal oyununuzu tam olarak ke\u015ffetmeniz i\u00e7in gereken her \u015fey sizindir.<\/p>\n<p>Bondage yeni ba\u015flayanlar, bu set ile BDSM fantezilerini ke\u015ffetmek i\u00e7in ihtiya\u00e7 duyduklar\u0131 her \u015feyi bulacaks\u0131n\u0131z.<\/p>\n<p>G\u00f6z Band\u0131 :<\/p>\n<p>Ergonomik olarak g\u00f6zlerinizin ve burnunuzun \u00fczerine oturmas\u0131 i\u00e7in olu\u015fturulan bu g\u00f6z band\u0131, g\u00f6r\u00fc\u015f\u00fc engeller ve dokunma hassasiyetini artt\u0131r\u0131r.<\/p>\n<p>T\u0131pk\u0131 kelep\u00e7eler gibi, bu g\u00f6z maskesi en \u00fcst d\u00fczey rahatl\u0131k i\u00e7in yumu\u015fac\u0131k Neopren&#8217;den yap\u0131l\u0131r ve herhangi bir kafaya rahat\u00e7a oturacak esnek bir kafa band\u0131na sahiptir.<\/p>\n<p>A\u011f\u0131z Topu :<br \/>\nA\u011f\u0131z topu ayarlanabilir kay\u0131\u015f ile, oyun s\u0131ras\u0131nda uzun s\u00fcreli konforu korurken gaggedin g\u00f6r\u00fcn\u00fcm\u00fcn\u00fc ve hissini isteyen yeni ba\u015flayanlar i\u00e7in m\u00fckemmel bir se\u00e7imdir.<\/p>\n<p>Deri K\u0131rba\u00e7 :<br \/>\nBu k\u0131rba\u00e7, hafif g\u0131d\u0131klamalar, yumu\u015fak vuru\u015flar ve d\u00fc\u015f\u00fck darbeli k\u0131vr\u0131mlar i\u00e7in m\u00fckemmel olan yumu\u015fakl\u0131\u011fa sahiptir.<\/p>\n<p>Sa\u011flam sap, suni deri ile sar\u0131l\u0131r ve y\u00fcce tutu\u015f ve sorunsuz kontrol sa\u011flamak i\u00e7in bir zincir bilekli\u011fi ile tamamlan\u0131r.<\/p>\n<p>Deri K\u0131rba\u00e7\u0131n pamuksu yapraklar\u0131, maksimum zevk i\u00e7in geni\u015f bir alana duyu yaymaktad\u0131r.<br \/>\nTam Esaret Boyun Tasmas\u0131:<\/p>\n<p>Bu kite sinsi bir ek, boyun tasma\u0131 tamamen ayarlanabilir ve size g\u00fcc\u00fc vermek ve hissettirmek i\u00e7indir.<\/p>\n<p>Tasman\u0131n zinciri bilekte esaret i\u00e7in kendi ba\u015f\u0131n\u0131za kullan\u0131n ya da mobilya tutucusu i\u00e7in kullan\u0131n.<\/p>\n<p>Alternatif olarak, alt belinizin etraf\u0131na dolay\u0131n ve hogtie stili konumland\u0131rma i\u00e7in bilek man\u015fetlerini ba\u011flay\u0131n.<br \/>\nTemel \u00d6zellikler :<br \/>\n\u00d6zel konumland\u0131rma i\u00e7in ayarlanabilir kay\u0131\u015f ile yeni ba\u015flayanlar\u0131n esaret kiti.<\/p>\n<p>Ba\u011fl\u0131 ayarlanabilir bilek ve ayak bile\u011fi kelep\u00e7eleri rahat k\u0131s\u0131tlama sunar.<\/p>\n<p>Duyusal yoksunluk i\u00e7in elastik band\u0131 olan Neopren g\u00f6z ba\u011f\u0131<\/p>\n<p>Korkutucu olmayan a\u011f\u0131z topu k\u00fc\u00e7\u00fck ayarlanabilir top.<\/p>\n<p>Hassas vuru\u015f oyunu i\u00e7in sar\u0131lm\u0131\u015f sapl\u0131 deri k\u0131rba\u00e7.<br \/>\nEl Bilek ve Ayak Bile\u011fi kelep\u00e7eleri :<\/p>\n<p>Yumu\u015fak, esnek Neoprene&#8217;den maksimum konfor ve esareti hissettirmek i\u00e7in \u00fcretilmi\u015ftir, her bir kelep\u00e7e kullan\u0131c\u0131 dostu bir Velcro kay\u0131\u015f\u0131 ile tutturulur ve g\u00fcvenli oyun i\u00e7in h\u0131zl\u0131 serbest b\u0131rakma klipslerine sahiptir.<br \/>\nEl ve ayak bilek kelep\u00e7eleri \u00e7evredeki 6-20 cm aras\u0131nda ayarlan\u0131r ve ayak bile\u011fi kelep\u00e7eleri 7 &#8211; 25 cm\u00a0aras\u0131nda de\u011fi\u015ftirilebilir.<\/p>\n<p>&nbsp;<\/p>\n<p>&nbsp;<\/p>\n<p>&nbsp;<\/p>\n<p>&nbsp;<\/p>\n<p>&nbsp;<\/p>\n<p>&nbsp;<\/p>\n<p>G\u00d6NDER\u0130 \u015eEKL\u0130<\/p>\n<p>&nbsp;<\/p>\n<p>Sipari\u015fleriniz i\u00e7eri\u011fi anla\u015f\u0131lmayacak \u015fekilde gizli ve kapal\u0131 kolide g\u00f6nderilir.<\/p>\n<p>\u00d6DEME T\u00dcRLER\u0130<\/p>\n<p>Nakit veya Kredi Kart\u0131 ile kap\u0131da veya \u015fubede kargoya \u00f6deyebilirsiniz.<br \/>\nSistemimiz tek \u00e7ekim veya taksit se\u00e7enekleri ile i\u015flem yapabilirsiniz.<br \/>\nBanka yolu ile havale yapabilirsiniz.<\/p>\n<p>TESL\u0130MAT \u015eEKL\u0130<\/p>\n<p>\u0130ster Kap\u0131n\u0131za Gelsin \u0130ster Kargodan Al\u0131n<\/p>\n<p>T\u00fcm \u00fcr\u00fcnlerimiz sipari\u015ften teslimata kadar firmam\u0131z g\u00fcvencesi alt\u0131nda olup verilen sipari\u015fler tam ve eksiksiz olarak m\u00fc\u015fterilerimize ula\u015ft\u0131r\u0131l\u0131r.<\/p>\n<p>* Kap\u0131da \u00d6deme G\u00fcvenli Al\u0131\u015fveri\u015f<br \/>\n* T\u00fcm \u00dcr\u00fcnlerde H\u0131zl\u0131 G\u00f6nderim<br \/>\n* Orjinal \u00dcr\u00fcn Garantisi<br \/>\n* T\u00fcm \u00dcr\u00fcnlerde Gizli Kargo \/ Paket<\/p>\n<p><u><em><strong>G\u0130ZL\u0130L\u0130\u011e\u0130N\u0130ZE \u00d6NEM VER\u0130YORUZ<\/strong><\/em><\/u><\/p>\n<p>&nbsp;<\/p>\n<p>&nbsp;<\/p>\n<p>&nbsp;<\/p>\n<p><a href=\"http:\/\/api.whatsapp.com\/send?phone=905304676616&amp;text=Sipari%C5%9F%20Vermek%20%C4%B0stiyorum%20lilitushop%20M935\"><img fetchpriority=\"high\" decoding=\"async\" class=\"alignnone\" src=\"https:\/\/static.ticimax.cloud\/32886\/uploads\/editoruploads\/whatsapp-destek-hatti.gif\" alt=\"\" width=\"750\" height=\"117\" \/><\/a><\/p>\n","protected":false},"excerpt":{"rendered":"<p><span style=\"font-size: 16px\"><span style=\"font-family: Verdana,Geneva,sans-serif\">E\u011flence ve farkl\u0131l\u0131ktan ho\u015flanan \u00e7iftlerin g\u00f6zdesi<br \/>\nFantezi Feti\u015fe ba\u015flamak i\u00e7in heyecan yaratan set<br \/>\nAyarlanabilir el ve ayak bilek kelep\u00e7eleri<br \/>\nK\u00f6lelik heyecan\u0131n\u0131 ya\u015fay\u0131n<br \/>\nFarkl\u0131 feti\u015f fantezileri ke\u015ffedin<br \/>\nK\u00f6lelik heyecan\u0131n\u0131 ya\u015fay\u0131n<br \/>\nFarkl\u0131 feti\u015f fantezileri ke\u015ffedin<\/span><\/span><\/p>\n","protected":false},"featured_media":37595,"comment_status":"closed","ping_status":"closed","template":"","meta":[],"product_brand":[],"product_cat":[499],"product_tag":[],"class_list":{"0":"post-37593","1":"product","2":"type-product","3":"status-publish","4":"has-post-thumbnail","6":"product_cat-fetish-fantezi-urunleri","8":"first","9":"instock","10":"purchasable","11":"product-type-simple"},"yoast_head":"<!-- This site is optimized with the Yoast SEO Premium plugin v24.4 (Yoast SEO v27.1.1) - https:\/\/yoast.com\/product\/yoast-seo-premium-wordpress\/ -->\n<title>Feti\u015f Fantezi Serisi 7 Par\u00e7a M\u00fckemmel Deri Set - Bursa Erotik Shop<\/title>\n<meta name=\"description\" content=\"E\u011flence ve farkl\u0131l\u0131ktan ho\u015flanan \u00e7iftlerin g\u00f6zdesi Fantezi Feti\u015fe ba\u015flamak i\u00e7in heyecan yaratan set Ayarlanabilir el ve ayak bilek kelep\u00e7eleri K\u00f6lelik heyecan\u0131n\u0131 ya\u015fay\u0131n\" \/>\n<meta name=\"robots\" content=\"index, follow, max-snippet:-1, max-image-preview:large, max-video-preview:-1\" \/>\n<link rel=\"canonical\" href=\"https:\/\/hobierotikshop.com.tr\/website1\/erotik-shop-urun\/fetis-fantezi-serisi-7-parca-mukemmel-deri-set\/\" \/>\n<meta property=\"og:locale\" content=\"tr_TR\" \/>\n<meta property=\"og:type\" content=\"article\" \/>\n<meta property=\"og:title\" content=\"Feti\u015f Fantezi Serisi 7 Par\u00e7a M\u00fckemmel Deri Set\" \/>\n<meta property=\"og:description\" content=\"E\u011flence ve farkl\u0131l\u0131ktan ho\u015flanan \u00e7iftlerin g\u00f6zdesi Fantezi Feti\u015fe ba\u015flamak i\u00e7in heyecan yaratan set Ayarlanabilir el ve ayak bilek kelep\u00e7eleri K\u00f6lelik heyecan\u0131n\u0131 ya\u015fay\u0131n\" \/>\n<meta property=\"og:url\" content=\"https:\/\/hobierotikshop.com.tr\/website1\/erotik-shop-urun\/fetis-fantezi-serisi-7-parca-mukemmel-deri-set\/\" \/>\n<meta property=\"og:site_name\" content=\"Bursa Erotik Shop\" \/>\n<meta property=\"article:modified_time\" content=\"2026-01-24T11:24:24+00:00\" \/>\n<meta property=\"og:image\" content=\"https:\/\/hobierotikshop.com.tr\/website1\/wp-content\/uploads\/2025\/04\/fetis-fantezi-serisi-7-parca-mukemmel-de-1834.png\" \/>\n\t<meta property=\"og:image:width\" content=\"270\" \/>\n\t<meta property=\"og:image:height\" content=\"373\" \/>\n\t<meta property=\"og:image:type\" content=\"image\/png\" \/>\n<meta name=\"twitter:card\" content=\"summary_large_image\" \/>\n<meta name=\"twitter:site\" content=\"@shopbursa\" \/>\n<meta name=\"twitter:label1\" content=\"Fiyat\" \/>\n\t<meta name=\"twitter:data1\" content=\"&#8378;2.500,00\" \/>\n\t<meta name=\"twitter:label2\" content=\"Availability\" \/>\n\t<meta name=\"twitter:data2\" content=\"In stock\" \/>\n<script type=\"application\/ld+json\" class=\"yoast-schema-graph\">{\"@context\":\"https:\/\/schema.org\",\"@graph\":[{\"@type\":\"WebPage\",\"@id\":\"https:\/\/hobierotikshop.com.tr\/website1\/erotik-shop-urun\/fetis-fantezi-serisi-7-parca-mukemmel-deri-set\/\",\"url\":\"https:\/\/hobierotikshop.com.tr\/website1\/erotik-shop-urun\/fetis-fantezi-serisi-7-parca-mukemmel-deri-set\/\",\"name\":\"Feti\u015f Fantezi Serisi 7 Par\u00e7a M\u00fckemmel Deri Set - Bursa Erotik Shop\",\"isPartOf\":{\"@id\":\"https:\/\/hobierotikshop.com.tr\/website1\/#website\"},\"primaryImageOfPage\":{\"@id\":\"https:\/\/hobierotikshop.com.tr\/website1\/erotik-shop-urun\/fetis-fantezi-serisi-7-parca-mukemmel-deri-set\/#primaryimage\"},\"image\":{\"@id\":\"https:\/\/hobierotikshop.com.tr\/website1\/erotik-shop-urun\/fetis-fantezi-serisi-7-parca-mukemmel-deri-set\/#primaryimage\"},\"thumbnailUrl\":\"https:\/\/haremerotikshop.com\/site\/wp-content\/uploads\/2025\/04\/fetis-fantezi-serisi-7-parca-mukemmel-de-1834.png\",\"datePublished\":\"2025-04-26T12:24:12+00:00\",\"dateModified\":\"2026-01-24T11:24:24+00:00\",\"description\":\"E\u011flence ve farkl\u0131l\u0131ktan ho\u015flanan \u00e7iftlerin g\u00f6zdesi Fantezi Feti\u015fe ba\u015flamak i\u00e7in heyecan yaratan set Ayarlanabilir el ve ayak bilek kelep\u00e7eleri K\u00f6lelik heyecan\u0131n\u0131 ya\u015fay\u0131n\",\"breadcrumb\":{\"@id\":\"https:\/\/hobierotikshop.com.tr\/website1\/erotik-shop-urun\/fetis-fantezi-serisi-7-parca-mukemmel-deri-set\/#breadcrumb\"},\"inLanguage\":\"tr\",\"potentialAction\":[{\"@type\":\"ReadAction\",\"target\":[\"https:\/\/hobierotikshop.com.tr\/website1\/erotik-shop-urun\/fetis-fantezi-serisi-7-parca-mukemmel-deri-set\/\"]}]},{\"@type\":\"ImageObject\",\"inLanguage\":\"tr\",\"@id\":\"https:\/\/hobierotikshop.com.tr\/website1\/erotik-shop-urun\/fetis-fantezi-serisi-7-parca-mukemmel-deri-set\/#primaryimage\",\"url\":\"https:\/\/haremerotikshop.com\/site\/wp-content\/uploads\/2025\/04\/fetis-fantezi-serisi-7-parca-mukemmel-de-1834.png\",\"contentUrl\":\"https:\/\/haremerotikshop.com\/site\/wp-content\/uploads\/2025\/04\/fetis-fantezi-serisi-7-parca-mukemmel-de-1834.png\",\"width\":270,\"height\":373},{\"@type\":\"BreadcrumbList\",\"@id\":\"https:\/\/hobierotikshop.com.tr\/website1\/erotik-shop-urun\/fetis-fantezi-serisi-7-parca-mukemmel-deri-set\/#breadcrumb\",\"itemListElement\":[{\"@type\":\"ListItem\",\"position\":1,\"name\":\"Anasayfa\",\"item\":\"https:\/\/hobierotikshop.com.tr\/website1\/\"},{\"@type\":\"ListItem\",\"position\":2,\"name\":\"Erotik Shop \u00dcr\u00fcnleri\",\"item\":\"https:\/\/hobierotikshop.com.tr\/website1\/shop\/\"},{\"@type\":\"ListItem\",\"position\":3,\"name\":\"Feti\u015f Fantezi Serisi 7 Par\u00e7a M\u00fckemmel Deri Set\"}]},{\"@type\":\"WebSite\",\"@id\":\"https:\/\/hobierotikshop.com.tr\/website1\/#website\",\"url\":\"https:\/\/hobierotikshop.com.tr\/website1\/\",\"name\":\"Bursa Erotik Shop\",\"description\":\"Bursa Erotik Shop ile g\u00fcvenli, gizli ve kaliteli yeti\u015fkin \u00fcr\u00fcnleri al\u0131\u015fveri\u015fi! Geni\u015f \u00fcr\u00fcn yelpazemizi ke\u015ffedin, hemen sipari\u015f verin\",\"publisher\":{\"@id\":\"https:\/\/hobierotikshop.com.tr\/website1\/#organization\"},\"alternateName\":\"Erotik Shop\",\"potentialAction\":[{\"@type\":\"SearchAction\",\"target\":{\"@type\":\"EntryPoint\",\"urlTemplate\":\"https:\/\/hobierotikshop.com.tr\/website1\/?s={search_term_string}\"},\"query-input\":{\"@type\":\"PropertyValueSpecification\",\"valueRequired\":true,\"valueName\":\"search_term_string\"}}],\"inLanguage\":\"tr\"},{\"@type\":\"Organization\",\"@id\":\"https:\/\/hobierotikshop.com.tr\/website1\/#organization\",\"name\":\"Harem Bursa Erotik Shop\",\"url\":\"https:\/\/hobierotikshop.com.tr\/website1\/\",\"logo\":{\"@type\":\"ImageObject\",\"inLanguage\":\"tr\",\"@id\":\"https:\/\/hobierotikshop.com.tr\/website1\/#\/schema\/logo\/image\/\",\"url\":\"https:\/\/haremerotikshop.com\/site\/wp-content\/uploads\/2025\/03\/haremsexshop.png\",\"contentUrl\":\"https:\/\/haremerotikshop.com\/site\/wp-content\/uploads\/2025\/03\/haremsexshop.png\",\"width\":400,\"height\":100,\"caption\":\"Harem Bursa Erotik Shop\"},\"image\":{\"@id\":\"https:\/\/hobierotikshop.com.tr\/website1\/#\/schema\/logo\/image\/\"},\"sameAs\":[\"https:\/\/x.com\/shopbursa\"],\"publishingPrinciples\":\"https:\/\/hobierotikshop.com.tr\/website1\/mesafeli-satis-sozlesmesi\/\",\"ownershipFundingInfo\":\"https:\/\/hobierotikshop.com.tr\/website1\/contact-us\/\",\"actionableFeedbackPolicy\":\"https:\/\/hobierotikshop.com.tr\/website1\/contact-us\/\",\"correctionsPolicy\":\"https:\/\/hobierotikshop.com.tr\/website1\/mesafeli-satis-sozlesmesi\/\"}]}<\/script>\n<meta property=\"product:price:amount\" content=\"2500.00\" \/>\n<meta property=\"product:price:currency\" content=\"TRY\" \/>\n<meta property=\"og:availability\" content=\"instock\" \/>\n<meta property=\"product:availability\" content=\"instock\" \/>\n<meta property=\"product:retailer_item_id\" content=\"M935\" \/>\n<meta property=\"product:condition\" content=\"new\" \/>\n<!-- \/ Yoast SEO Premium plugin. -->","yoast_head_json":{"title":"Feti\u015f Fantezi Serisi 7 Par\u00e7a M\u00fckemmel Deri Set - Bursa Erotik Shop","description":"E\u011flence ve farkl\u0131l\u0131ktan ho\u015flanan \u00e7iftlerin g\u00f6zdesi Fantezi Feti\u015fe ba\u015flamak i\u00e7in heyecan yaratan set Ayarlanabilir el ve ayak bilek kelep\u00e7eleri K\u00f6lelik heyecan\u0131n\u0131 ya\u015fay\u0131n","robots":{"index":"index","follow":"follow","max-snippet":"max-snippet:-1","max-image-preview":"max-image-preview:large","max-video-preview":"max-video-preview:-1"},"canonical":"https:\/\/hobierotikshop.com.tr\/website1\/erotik-shop-urun\/fetis-fantezi-serisi-7-parca-mukemmel-deri-set\/","og_locale":"tr_TR","og_type":"article","og_title":"Feti\u015f Fantezi Serisi 7 Par\u00e7a M\u00fckemmel Deri Set","og_description":"E\u011flence ve farkl\u0131l\u0131ktan ho\u015flanan \u00e7iftlerin g\u00f6zdesi Fantezi Feti\u015fe ba\u015flamak i\u00e7in heyecan yaratan set Ayarlanabilir el ve ayak bilek kelep\u00e7eleri K\u00f6lelik heyecan\u0131n\u0131 ya\u015fay\u0131n","og_url":"https:\/\/hobierotikshop.com.tr\/website1\/erotik-shop-urun\/fetis-fantezi-serisi-7-parca-mukemmel-deri-set\/","og_site_name":"Bursa Erotik Shop","article_modified_time":"2026-01-24T11:24:24+00:00","og_image":[{"width":270,"height":373,"url":"https:\/\/hobierotikshop.com.tr\/website1\/wp-content\/uploads\/2025\/04\/fetis-fantezi-serisi-7-parca-mukemmel-de-1834.png","type":"image\/png"}],"twitter_card":"summary_large_image","twitter_site":"@shopbursa","twitter_misc":{"Fiyat":"&#8378;2.500,00","Availability":"In stock"},"schema":{"@context":"https:\/\/schema.org","@graph":[{"@type":"WebPage","@id":"https:\/\/hobierotikshop.com.tr\/website1\/erotik-shop-urun\/fetis-fantezi-serisi-7-parca-mukemmel-deri-set\/","url":"https:\/\/hobierotikshop.com.tr\/website1\/erotik-shop-urun\/fetis-fantezi-serisi-7-parca-mukemmel-deri-set\/","name":"Feti\u015f Fantezi Serisi 7 Par\u00e7a M\u00fckemmel Deri Set - Bursa Erotik Shop","isPartOf":{"@id":"https:\/\/hobierotikshop.com.tr\/website1\/#website"},"primaryImageOfPage":{"@id":"https:\/\/hobierotikshop.com.tr\/website1\/erotik-shop-urun\/fetis-fantezi-serisi-7-parca-mukemmel-deri-set\/#primaryimage"},"image":{"@id":"https:\/\/hobierotikshop.com.tr\/website1\/erotik-shop-urun\/fetis-fantezi-serisi-7-parca-mukemmel-deri-set\/#primaryimage"},"thumbnailUrl":"https:\/\/haremerotikshop.com\/site\/wp-content\/uploads\/2025\/04\/fetis-fantezi-serisi-7-parca-mukemmel-de-1834.png","datePublished":"2025-04-26T12:24:12+00:00","dateModified":"2026-01-24T11:24:24+00:00","description":"E\u011flence ve farkl\u0131l\u0131ktan ho\u015flanan \u00e7iftlerin g\u00f6zdesi Fantezi Feti\u015fe ba\u015flamak i\u00e7in heyecan yaratan set Ayarlanabilir el ve ayak bilek kelep\u00e7eleri K\u00f6lelik heyecan\u0131n\u0131 ya\u015fay\u0131n","breadcrumb":{"@id":"https:\/\/hobierotikshop.com.tr\/website1\/erotik-shop-urun\/fetis-fantezi-serisi-7-parca-mukemmel-deri-set\/#breadcrumb"},"inLanguage":"tr","potentialAction":[{"@type":"ReadAction","target":["https:\/\/hobierotikshop.com.tr\/website1\/erotik-shop-urun\/fetis-fantezi-serisi-7-parca-mukemmel-deri-set\/"]}]},{"@type":"ImageObject","inLanguage":"tr","@id":"https:\/\/hobierotikshop.com.tr\/website1\/erotik-shop-urun\/fetis-fantezi-serisi-7-parca-mukemmel-deri-set\/#primaryimage","url":"https:\/\/haremerotikshop.com\/site\/wp-content\/uploads\/2025\/04\/fetis-fantezi-serisi-7-parca-mukemmel-de-1834.png","contentUrl":"https:\/\/haremerotikshop.com\/site\/wp-content\/uploads\/2025\/04\/fetis-fantezi-serisi-7-parca-mukemmel-de-1834.png","width":270,"height":373},{"@type":"BreadcrumbList","@id":"https:\/\/hobierotikshop.com.tr\/website1\/erotik-shop-urun\/fetis-fantezi-serisi-7-parca-mukemmel-deri-set\/#breadcrumb","itemListElement":[{"@type":"ListItem","position":1,"name":"Anasayfa","item":"https:\/\/hobierotikshop.com.tr\/website1\/"},{"@type":"ListItem","position":2,"name":"Erotik Shop \u00dcr\u00fcnleri","item":"https:\/\/hobierotikshop.com.tr\/website1\/shop\/"},{"@type":"ListItem","position":3,"name":"Feti\u015f Fantezi Serisi 7 Par\u00e7a M\u00fckemmel Deri Set"}]},{"@type":"WebSite","@id":"https:\/\/hobierotikshop.com.tr\/website1\/#website","url":"https:\/\/hobierotikshop.com.tr\/website1\/","name":"Bursa Erotik Shop","description":"Bursa Erotik Shop ile g\u00fcvenli, gizli ve kaliteli yeti\u015fkin \u00fcr\u00fcnleri al\u0131\u015fveri\u015fi! Geni\u015f \u00fcr\u00fcn yelpazemizi ke\u015ffedin, hemen sipari\u015f verin","publisher":{"@id":"https:\/\/hobierotikshop.com.tr\/website1\/#organization"},"alternateName":"Erotik Shop","potentialAction":[{"@type":"SearchAction","target":{"@type":"EntryPoint","urlTemplate":"https:\/\/hobierotikshop.com.tr\/website1\/?s={search_term_string}"},"query-input":{"@type":"PropertyValueSpecification","valueRequired":true,"valueName":"search_term_string"}}],"inLanguage":"tr"},{"@type":"Organization","@id":"https:\/\/hobierotikshop.com.tr\/website1\/#organization","name":"Harem Bursa Erotik Shop","url":"https:\/\/hobierotikshop.com.tr\/website1\/","logo":{"@type":"ImageObject","inLanguage":"tr","@id":"https:\/\/hobierotikshop.com.tr\/website1\/#\/schema\/logo\/image\/","url":"https:\/\/haremerotikshop.com\/site\/wp-content\/uploads\/2025\/03\/haremsexshop.png","contentUrl":"https:\/\/haremerotikshop.com\/site\/wp-content\/uploads\/2025\/03\/haremsexshop.png","width":400,"height":100,"caption":"Harem Bursa Erotik Shop"},"image":{"@id":"https:\/\/hobierotikshop.com.tr\/website1\/#\/schema\/logo\/image\/"},"sameAs":["https:\/\/x.com\/shopbursa"],"publishingPrinciples":"https:\/\/hobierotikshop.com.tr\/website1\/mesafeli-satis-sozlesmesi\/","ownershipFundingInfo":"https:\/\/hobierotikshop.com.tr\/website1\/contact-us\/","actionableFeedbackPolicy":"https:\/\/hobierotikshop.com.tr\/website1\/contact-us\/","correctionsPolicy":"https:\/\/hobierotikshop.com.tr\/website1\/mesafeli-satis-sozlesmesi\/"}]},"product_price_amount":"2500.00","product_price_currency":"TRY","og_availability":"instock","product_availability":"instock","product_retailer_item_id":"M935","product_condition":"new"},"_links":{"self":[{"href":"https:\/\/haremerotikshop.com\/site\/wp-json\/wp\/v2\/product\/37593","targetHints":{"allow":["GET"]}}],"collection":[{"href":"https:\/\/haremerotikshop.com\/site\/wp-json\/wp\/v2\/product"}],"about":[{"href":"https:\/\/haremerotikshop.com\/site\/wp-json\/wp\/v2\/types\/product"}],"replies":[{"embeddable":true,"href":"https:\/\/haremerotikshop.com\/site\/wp-json\/wp\/v2\/comments?post=37593"}],"version-history":[{"count":0,"href":"https:\/\/haremerotikshop.com\/site\/wp-json\/wp\/v2\/product\/37593\/revisions"}],"wp:featuredmedia":[{"embeddable":true,"href":"https:\/\/haremerotikshop.com\/site\/wp-json\/wp\/v2\/media\/37595"}],"wp:attachment":[{"href":"https:\/\/haremerotikshop.com\/site\/wp-json\/wp\/v2\/media?parent=37593"}],"wp:term":[{"taxonomy":"product_brand","embeddable":true,"href":"https:\/\/haremerotikshop.com\/site\/wp-json\/wp\/v2\/product_brand?post=37593"},{"taxonomy":"product_cat","embeddable":true,"href":"https:\/\/haremerotikshop.com\/site\/wp-json\/wp\/v2\/product_cat?post=37593"},{"taxonomy":"product_tag","embeddable":true,"href":"https:\/\/haremerotikshop.com\/site\/wp-json\/wp\/v2\/product_tag?post=37593"}],"curies":[{"name":"wp","href":"https:\/\/api.w.org\/{rel}","templated":true}]}}