{"id":37600,"date":"2025-04-26T15:24:12","date_gmt":"2025-04-26T12:24:12","guid":{"rendered":"https:\/\/haremerotikshop.com\/site\/erotik-shop-urun\/el-ayak-baglama-seti-pozisyon-ustasi\/"},"modified":"2026-01-24T14:24:48","modified_gmt":"2026-01-24T11:24:48","slug":"el-ayak-baglama-seti-pozisyon-ustasi","status":"publish","type":"product","link":"https:\/\/haremerotikshop.com\/site\/erotik-shop-urun\/el-ayak-baglama-seti-pozisyon-ustasi\/","title":{"rendered":"El Ayak Ba\u011flama Seti Pozisyon Ustas\u0131"},"content":{"rendered":"<h2><span style=\"color: #e74c3c\"><span style=\"font-size: 20px\"><span style=\"font-family: Verdana,Geneva,sans-serif\">El Ayak Ba\u011flama Seti Pozisyon Ustas\u0131\u00a0 \u00a0 \u00a0 \u00a0 \u00a0 \u00dcr\u00fcn Kodu:M30<\/span><\/span><\/span><\/h2>\n<p>Pozisyon ustas\u0131 <a href=\"https:\/\/haremerotikshop.com\/site\/urun-kategori\/fetis-ve-fantezi\/fantezi-fetis-urunu\/\">esaret ba\u011flama seti<\/a>, s\u0131n\u0131rlar\u0131n\u0131z\u0131 zorlamaya haz\u0131r.<br \/>\nSa\u011flam ask\u0131l\u0131 man\u015fet ba\u011flar ve ayarlanabilir k\u0131s\u0131mlar,<br \/>\nDe\u011fi\u015fik pozisyonlar i\u00e7in farkl\u0131 alternatif ba\u011f teknikleri<\/p>\n<p>\u00dc\u00e7 k\u0131s\u0131mdan olu\u015fan bu sette;<\/p>\n<p>Boyun k\u0131sm\u0131,maksimum konforlu bir yumu\u015fakl\u0131\u011fa sahiptir.<br \/>\nAyarlanabilir el ve ayak ba\u011f man\u015fetlerini kontrol etmek olduk\u00e7a kolay.<br \/>\nBasit bir r\u00f6mork\u00f6re sahip kay\u0131\u015flar h\u0131zl\u0131 ve kolayca ayarlanabilir.<br \/>\nPozisyon de\u011fi\u015fikliklerinde daha estetik ge\u00e7i\u015fleri sa\u011flar.<br \/>\nBu s\u0131n\u0131rlar\u0131 zorlayan esaret setinden kurtulu\u015f \u00e7ok zor.<br \/>\nPosition Master unisex bir kullan\u0131m sunar.<br \/>\nE\u015finize \u015fimdi s\u0131ra sende diyebilirsiniz&#8230;<\/p>\n<p>\u0130\u00e7indekiler:<\/p>\n<p>Boyun k\u0131sm\u0131 ba\u011f<br \/>\nEl kelep\u00e7eleri<br \/>\nAyak kelep\u00e7eleri<br \/>\nG\u00f6z band\u0131<\/p>\n<p>&nbsp;<\/p>\n<p><a href=\"http:\/\/api.whatsapp.com\/send?phone=905304676616&amp;text=Sipari%C5%9F%20Vermek%20%C4%B0stiyorum%20lilitushop%20M30\"><img fetchpriority=\"high\" decoding=\"async\" class=\"alignnone\" src=\"https:\/\/static.ticimax.cloud\/32886\/uploads\/editoruploads\/whatsapp-destek-hatti.gif\" alt=\"\" width=\"750\" height=\"117\" \/><\/a><\/p>\n<p>&nbsp;<\/p>\n","protected":false},"excerpt":{"rendered":"<p>Pozisyon ustas\u0131 esaret ba\u011flama seti,s\u0131n\u0131rlar\u0131n\u0131z\u0131 zorlamaya haz\u0131r.<br \/>\nSa\u011flam ask\u0131l\u0131 man\u015fet ba\u011flar ve ayarlanabilir k\u0131s\u0131mlar,<br \/>\nDe\u011fi\u015fik pozisyonlar i\u00e7in farkl\u0131 alternatif ba\u011f teknikleri<\/p>\n","protected":false},"featured_media":37602,"comment_status":"closed","ping_status":"closed","template":"","meta":[],"product_brand":[],"product_cat":[499],"product_tag":[],"class_list":{"0":"post-37600","1":"product","2":"type-product","3":"status-publish","4":"has-post-thumbnail","6":"product_cat-fetish-fantezi-urunleri","8":"first","9":"instock","10":"purchasable","11":"product-type-simple"},"yoast_head":"<!-- This site is optimized with the Yoast SEO Premium plugin v24.4 (Yoast SEO v27.1.1) - https:\/\/yoast.com\/product\/yoast-seo-premium-wordpress\/ -->\n<title>El Ayak Ba\u011flama Seti Pozisyon Ustas\u0131 - Bursa Erotik Shop<\/title>\n<meta name=\"description\" content=\"Pozisyon ustas\u0131 esaret ba\u011flama seti,s\u0131n\u0131rlar\u0131n\u0131z\u0131 zorlamaya haz\u0131r.\u00a0 Sa\u011flam ask\u0131l\u0131 man\u015fet ba\u011flar ve ayarlanabilir k\u0131s\u0131mlar,\" \/>\n<meta name=\"robots\" content=\"index, follow, max-snippet:-1, max-image-preview:large, max-video-preview:-1\" \/>\n<link rel=\"canonical\" href=\"https:\/\/hobierotikshop.com.tr\/website1\/erotik-shop-urun\/el-ayak-baglama-seti-pozisyon-ustasi\/\" \/>\n<meta property=\"og:locale\" content=\"tr_TR\" \/>\n<meta property=\"og:type\" content=\"article\" \/>\n<meta property=\"og:title\" content=\"El Ayak Ba\u011flama Seti Pozisyon Ustas\u0131\" \/>\n<meta property=\"og:description\" content=\"Pozisyon ustas\u0131 esaret ba\u011flama seti,s\u0131n\u0131rlar\u0131n\u0131z\u0131 zorlamaya haz\u0131r.\u00a0 Sa\u011flam ask\u0131l\u0131 man\u015fet ba\u011flar ve ayarlanabilir k\u0131s\u0131mlar,\" \/>\n<meta property=\"og:url\" content=\"https:\/\/hobierotikshop.com.tr\/website1\/erotik-shop-urun\/el-ayak-baglama-seti-pozisyon-ustasi\/\" \/>\n<meta property=\"og:site_name\" content=\"Bursa Erotik Shop\" \/>\n<meta property=\"article:modified_time\" content=\"2026-01-24T11:24:48+00:00\" \/>\n<meta property=\"og:image\" content=\"https:\/\/hobierotikshop.com.tr\/website1\/wp-content\/uploads\/2025\/04\/el-ayak-baglama-seti-pozisyon-ustasi-ff-9fa.jpg\" \/>\n\t<meta property=\"og:image:width\" content=\"455\" \/>\n\t<meta property=\"og:image:height\" content=\"625\" \/>\n\t<meta property=\"og:image:type\" content=\"image\/jpeg\" \/>\n<meta name=\"twitter:card\" content=\"summary_large_image\" \/>\n<meta name=\"twitter:site\" content=\"@shopbursa\" \/>\n<meta name=\"twitter:label1\" content=\"Fiyat\" \/>\n\t<meta name=\"twitter:data1\" content=\"&#8378;2.000,00\" \/>\n\t<meta name=\"twitter:label2\" content=\"Availability\" \/>\n\t<meta name=\"twitter:data2\" content=\"In stock\" \/>\n<script type=\"application\/ld+json\" class=\"yoast-schema-graph\">{\"@context\":\"https:\/\/schema.org\",\"@graph\":[{\"@type\":\"WebPage\",\"@id\":\"https:\/\/hobierotikshop.com.tr\/website1\/erotik-shop-urun\/el-ayak-baglama-seti-pozisyon-ustasi\/\",\"url\":\"https:\/\/hobierotikshop.com.tr\/website1\/erotik-shop-urun\/el-ayak-baglama-seti-pozisyon-ustasi\/\",\"name\":\"El Ayak Ba\u011flama Seti Pozisyon Ustas\u0131 - Bursa Erotik Shop\",\"isPartOf\":{\"@id\":\"https:\/\/hobierotikshop.com.tr\/website1\/#website\"},\"primaryImageOfPage\":{\"@id\":\"https:\/\/hobierotikshop.com.tr\/website1\/erotik-shop-urun\/el-ayak-baglama-seti-pozisyon-ustasi\/#primaryimage\"},\"image\":{\"@id\":\"https:\/\/hobierotikshop.com.tr\/website1\/erotik-shop-urun\/el-ayak-baglama-seti-pozisyon-ustasi\/#primaryimage\"},\"thumbnailUrl\":\"https:\/\/haremerotikshop.com\/site\/wp-content\/uploads\/2025\/04\/el-ayak-baglama-seti-pozisyon-ustasi-ff-9fa.jpg\",\"datePublished\":\"2025-04-26T12:24:12+00:00\",\"dateModified\":\"2026-01-24T11:24:48+00:00\",\"description\":\"Pozisyon ustas\u0131 esaret ba\u011flama seti,s\u0131n\u0131rlar\u0131n\u0131z\u0131 zorlamaya haz\u0131r.\u00a0 Sa\u011flam ask\u0131l\u0131 man\u015fet ba\u011flar ve ayarlanabilir k\u0131s\u0131mlar,\",\"breadcrumb\":{\"@id\":\"https:\/\/hobierotikshop.com.tr\/website1\/erotik-shop-urun\/el-ayak-baglama-seti-pozisyon-ustasi\/#breadcrumb\"},\"inLanguage\":\"tr\",\"potentialAction\":[{\"@type\":\"ReadAction\",\"target\":[\"https:\/\/hobierotikshop.com.tr\/website1\/erotik-shop-urun\/el-ayak-baglama-seti-pozisyon-ustasi\/\"]}]},{\"@type\":\"ImageObject\",\"inLanguage\":\"tr\",\"@id\":\"https:\/\/hobierotikshop.com.tr\/website1\/erotik-shop-urun\/el-ayak-baglama-seti-pozisyon-ustasi\/#primaryimage\",\"url\":\"https:\/\/haremerotikshop.com\/site\/wp-content\/uploads\/2025\/04\/el-ayak-baglama-seti-pozisyon-ustasi-ff-9fa.jpg\",\"contentUrl\":\"https:\/\/haremerotikshop.com\/site\/wp-content\/uploads\/2025\/04\/el-ayak-baglama-seti-pozisyon-ustasi-ff-9fa.jpg\",\"width\":455,\"height\":625},{\"@type\":\"BreadcrumbList\",\"@id\":\"https:\/\/hobierotikshop.com.tr\/website1\/erotik-shop-urun\/el-ayak-baglama-seti-pozisyon-ustasi\/#breadcrumb\",\"itemListElement\":[{\"@type\":\"ListItem\",\"position\":1,\"name\":\"Anasayfa\",\"item\":\"https:\/\/hobierotikshop.com.tr\/website1\/\"},{\"@type\":\"ListItem\",\"position\":2,\"name\":\"Erotik Shop \u00dcr\u00fcnleri\",\"item\":\"https:\/\/hobierotikshop.com.tr\/website1\/shop\/\"},{\"@type\":\"ListItem\",\"position\":3,\"name\":\"El Ayak Ba\u011flama Seti Pozisyon Ustas\u0131\"}]},{\"@type\":\"WebSite\",\"@id\":\"https:\/\/hobierotikshop.com.tr\/website1\/#website\",\"url\":\"https:\/\/hobierotikshop.com.tr\/website1\/\",\"name\":\"Bursa Erotik Shop\",\"description\":\"Bursa Erotik Shop ile g\u00fcvenli, gizli ve kaliteli yeti\u015fkin \u00fcr\u00fcnleri al\u0131\u015fveri\u015fi! Geni\u015f \u00fcr\u00fcn yelpazemizi ke\u015ffedin, hemen sipari\u015f verin\",\"publisher\":{\"@id\":\"https:\/\/hobierotikshop.com.tr\/website1\/#organization\"},\"alternateName\":\"Erotik Shop\",\"potentialAction\":[{\"@type\":\"SearchAction\",\"target\":{\"@type\":\"EntryPoint\",\"urlTemplate\":\"https:\/\/hobierotikshop.com.tr\/website1\/?s={search_term_string}\"},\"query-input\":{\"@type\":\"PropertyValueSpecification\",\"valueRequired\":true,\"valueName\":\"search_term_string\"}}],\"inLanguage\":\"tr\"},{\"@type\":\"Organization\",\"@id\":\"https:\/\/hobierotikshop.com.tr\/website1\/#organization\",\"name\":\"Harem Bursa Erotik Shop\",\"url\":\"https:\/\/hobierotikshop.com.tr\/website1\/\",\"logo\":{\"@type\":\"ImageObject\",\"inLanguage\":\"tr\",\"@id\":\"https:\/\/hobierotikshop.com.tr\/website1\/#\/schema\/logo\/image\/\",\"url\":\"https:\/\/haremerotikshop.com\/site\/wp-content\/uploads\/2025\/03\/haremsexshop.png\",\"contentUrl\":\"https:\/\/haremerotikshop.com\/site\/wp-content\/uploads\/2025\/03\/haremsexshop.png\",\"width\":400,\"height\":100,\"caption\":\"Harem Bursa Erotik Shop\"},\"image\":{\"@id\":\"https:\/\/hobierotikshop.com.tr\/website1\/#\/schema\/logo\/image\/\"},\"sameAs\":[\"https:\/\/x.com\/shopbursa\"],\"publishingPrinciples\":\"https:\/\/hobierotikshop.com.tr\/website1\/mesafeli-satis-sozlesmesi\/\",\"ownershipFundingInfo\":\"https:\/\/hobierotikshop.com.tr\/website1\/contact-us\/\",\"actionableFeedbackPolicy\":\"https:\/\/hobierotikshop.com.tr\/website1\/contact-us\/\",\"correctionsPolicy\":\"https:\/\/hobierotikshop.com.tr\/website1\/mesafeli-satis-sozlesmesi\/\"}]}<\/script>\n<meta property=\"product:price:amount\" content=\"2000.00\" \/>\n<meta property=\"product:price:currency\" content=\"TRY\" \/>\n<meta property=\"og:availability\" content=\"instock\" \/>\n<meta property=\"product:availability\" content=\"instock\" \/>\n<meta property=\"product:retailer_item_id\" content=\"M30\" \/>\n<meta property=\"product:condition\" content=\"new\" \/>\n<!-- \/ Yoast SEO Premium plugin. -->","yoast_head_json":{"title":"El Ayak Ba\u011flama Seti Pozisyon Ustas\u0131 - Bursa Erotik Shop","description":"Pozisyon ustas\u0131 esaret ba\u011flama seti,s\u0131n\u0131rlar\u0131n\u0131z\u0131 zorlamaya haz\u0131r.\u00a0 Sa\u011flam ask\u0131l\u0131 man\u015fet ba\u011flar ve ayarlanabilir k\u0131s\u0131mlar,","robots":{"index":"index","follow":"follow","max-snippet":"max-snippet:-1","max-image-preview":"max-image-preview:large","max-video-preview":"max-video-preview:-1"},"canonical":"https:\/\/hobierotikshop.com.tr\/website1\/erotik-shop-urun\/el-ayak-baglama-seti-pozisyon-ustasi\/","og_locale":"tr_TR","og_type":"article","og_title":"El Ayak Ba\u011flama Seti Pozisyon Ustas\u0131","og_description":"Pozisyon ustas\u0131 esaret ba\u011flama seti,s\u0131n\u0131rlar\u0131n\u0131z\u0131 zorlamaya haz\u0131r.\u00a0 Sa\u011flam ask\u0131l\u0131 man\u015fet ba\u011flar ve ayarlanabilir k\u0131s\u0131mlar,","og_url":"https:\/\/hobierotikshop.com.tr\/website1\/erotik-shop-urun\/el-ayak-baglama-seti-pozisyon-ustasi\/","og_site_name":"Bursa Erotik Shop","article_modified_time":"2026-01-24T11:24:48+00:00","og_image":[{"width":455,"height":625,"url":"https:\/\/hobierotikshop.com.tr\/website1\/wp-content\/uploads\/2025\/04\/el-ayak-baglama-seti-pozisyon-ustasi-ff-9fa.jpg","type":"image\/jpeg"}],"twitter_card":"summary_large_image","twitter_site":"@shopbursa","twitter_misc":{"Fiyat":"&#8378;2.000,00","Availability":"In stock"},"schema":{"@context":"https:\/\/schema.org","@graph":[{"@type":"WebPage","@id":"https:\/\/hobierotikshop.com.tr\/website1\/erotik-shop-urun\/el-ayak-baglama-seti-pozisyon-ustasi\/","url":"https:\/\/hobierotikshop.com.tr\/website1\/erotik-shop-urun\/el-ayak-baglama-seti-pozisyon-ustasi\/","name":"El Ayak Ba\u011flama Seti Pozisyon Ustas\u0131 - Bursa Erotik Shop","isPartOf":{"@id":"https:\/\/hobierotikshop.com.tr\/website1\/#website"},"primaryImageOfPage":{"@id":"https:\/\/hobierotikshop.com.tr\/website1\/erotik-shop-urun\/el-ayak-baglama-seti-pozisyon-ustasi\/#primaryimage"},"image":{"@id":"https:\/\/hobierotikshop.com.tr\/website1\/erotik-shop-urun\/el-ayak-baglama-seti-pozisyon-ustasi\/#primaryimage"},"thumbnailUrl":"https:\/\/haremerotikshop.com\/site\/wp-content\/uploads\/2025\/04\/el-ayak-baglama-seti-pozisyon-ustasi-ff-9fa.jpg","datePublished":"2025-04-26T12:24:12+00:00","dateModified":"2026-01-24T11:24:48+00:00","description":"Pozisyon ustas\u0131 esaret ba\u011flama seti,s\u0131n\u0131rlar\u0131n\u0131z\u0131 zorlamaya haz\u0131r.\u00a0 Sa\u011flam ask\u0131l\u0131 man\u015fet ba\u011flar ve ayarlanabilir k\u0131s\u0131mlar,","breadcrumb":{"@id":"https:\/\/hobierotikshop.com.tr\/website1\/erotik-shop-urun\/el-ayak-baglama-seti-pozisyon-ustasi\/#breadcrumb"},"inLanguage":"tr","potentialAction":[{"@type":"ReadAction","target":["https:\/\/hobierotikshop.com.tr\/website1\/erotik-shop-urun\/el-ayak-baglama-seti-pozisyon-ustasi\/"]}]},{"@type":"ImageObject","inLanguage":"tr","@id":"https:\/\/hobierotikshop.com.tr\/website1\/erotik-shop-urun\/el-ayak-baglama-seti-pozisyon-ustasi\/#primaryimage","url":"https:\/\/haremerotikshop.com\/site\/wp-content\/uploads\/2025\/04\/el-ayak-baglama-seti-pozisyon-ustasi-ff-9fa.jpg","contentUrl":"https:\/\/haremerotikshop.com\/site\/wp-content\/uploads\/2025\/04\/el-ayak-baglama-seti-pozisyon-ustasi-ff-9fa.jpg","width":455,"height":625},{"@type":"BreadcrumbList","@id":"https:\/\/hobierotikshop.com.tr\/website1\/erotik-shop-urun\/el-ayak-baglama-seti-pozisyon-ustasi\/#breadcrumb","itemListElement":[{"@type":"ListItem","position":1,"name":"Anasayfa","item":"https:\/\/hobierotikshop.com.tr\/website1\/"},{"@type":"ListItem","position":2,"name":"Erotik Shop \u00dcr\u00fcnleri","item":"https:\/\/hobierotikshop.com.tr\/website1\/shop\/"},{"@type":"ListItem","position":3,"name":"El Ayak Ba\u011flama Seti Pozisyon Ustas\u0131"}]},{"@type":"WebSite","@id":"https:\/\/hobierotikshop.com.tr\/website1\/#website","url":"https:\/\/hobierotikshop.com.tr\/website1\/","name":"Bursa Erotik Shop","description":"Bursa Erotik Shop ile g\u00fcvenli, gizli ve kaliteli yeti\u015fkin \u00fcr\u00fcnleri al\u0131\u015fveri\u015fi! Geni\u015f \u00fcr\u00fcn yelpazemizi ke\u015ffedin, hemen sipari\u015f verin","publisher":{"@id":"https:\/\/hobierotikshop.com.tr\/website1\/#organization"},"alternateName":"Erotik Shop","potentialAction":[{"@type":"SearchAction","target":{"@type":"EntryPoint","urlTemplate":"https:\/\/hobierotikshop.com.tr\/website1\/?s={search_term_string}"},"query-input":{"@type":"PropertyValueSpecification","valueRequired":true,"valueName":"search_term_string"}}],"inLanguage":"tr"},{"@type":"Organization","@id":"https:\/\/hobierotikshop.com.tr\/website1\/#organization","name":"Harem Bursa Erotik Shop","url":"https:\/\/hobierotikshop.com.tr\/website1\/","logo":{"@type":"ImageObject","inLanguage":"tr","@id":"https:\/\/hobierotikshop.com.tr\/website1\/#\/schema\/logo\/image\/","url":"https:\/\/haremerotikshop.com\/site\/wp-content\/uploads\/2025\/03\/haremsexshop.png","contentUrl":"https:\/\/haremerotikshop.com\/site\/wp-content\/uploads\/2025\/03\/haremsexshop.png","width":400,"height":100,"caption":"Harem Bursa Erotik Shop"},"image":{"@id":"https:\/\/hobierotikshop.com.tr\/website1\/#\/schema\/logo\/image\/"},"sameAs":["https:\/\/x.com\/shopbursa"],"publishingPrinciples":"https:\/\/hobierotikshop.com.tr\/website1\/mesafeli-satis-sozlesmesi\/","ownershipFundingInfo":"https:\/\/hobierotikshop.com.tr\/website1\/contact-us\/","actionableFeedbackPolicy":"https:\/\/hobierotikshop.com.tr\/website1\/contact-us\/","correctionsPolicy":"https:\/\/hobierotikshop.com.tr\/website1\/mesafeli-satis-sozlesmesi\/"}]},"product_price_amount":"2000.00","product_price_currency":"TRY","og_availability":"instock","product_availability":"instock","product_retailer_item_id":"M30","product_condition":"new"},"_links":{"self":[{"href":"https:\/\/haremerotikshop.com\/site\/wp-json\/wp\/v2\/product\/37600","targetHints":{"allow":["GET"]}}],"collection":[{"href":"https:\/\/haremerotikshop.com\/site\/wp-json\/wp\/v2\/product"}],"about":[{"href":"https:\/\/haremerotikshop.com\/site\/wp-json\/wp\/v2\/types\/product"}],"replies":[{"embeddable":true,"href":"https:\/\/haremerotikshop.com\/site\/wp-json\/wp\/v2\/comments?post=37600"}],"version-history":[{"count":0,"href":"https:\/\/haremerotikshop.com\/site\/wp-json\/wp\/v2\/product\/37600\/revisions"}],"wp:featuredmedia":[{"embeddable":true,"href":"https:\/\/haremerotikshop.com\/site\/wp-json\/wp\/v2\/media\/37602"}],"wp:attachment":[{"href":"https:\/\/haremerotikshop.com\/site\/wp-json\/wp\/v2\/media?parent=37600"}],"wp:term":[{"taxonomy":"product_brand","embeddable":true,"href":"https:\/\/haremerotikshop.com\/site\/wp-json\/wp\/v2\/product_brand?post=37600"},{"taxonomy":"product_cat","embeddable":true,"href":"https:\/\/haremerotikshop.com\/site\/wp-json\/wp\/v2\/product_cat?post=37600"},{"taxonomy":"product_tag","embeddable":true,"href":"https:\/\/haremerotikshop.com\/site\/wp-json\/wp\/v2\/product_tag?post=37600"}],"curies":[{"name":"wp","href":"https:\/\/api.w.org\/{rel}","templated":true}]}}