{"id":37657,"date":"2025-04-26T15:24:55","date_gmt":"2025-04-26T12:24:55","guid":{"rendered":"https:\/\/haremerotikshop.com\/site\/erotik-shop-urun\/lovemate-x30-sulu-penis-pompasi-2\/"},"modified":"2026-01-24T14:21:21","modified_gmt":"2026-01-24T11:21:21","slug":"lovemate-x30-sulu-penis-pompasi-2","status":"publish","type":"product","link":"https:\/\/haremerotikshop.com\/site\/erotik-shop-urun\/lovemate-x30-sulu-penis-pompasi-2\/","title":{"rendered":"Lovemate X30 Sulu Penis Pompas\u0131"},"content":{"rendered":"<p><span style=\"font-size:16px\"><span style=\"font-family:Verdana,Geneva,sans-serif\"><\/span><\/span><span style=\"color:#e74c3c\"><span style=\"font-size:20px\"><span style=\"font-family:Verdana,Geneva,sans-serif\">Lovemate X30 Sulu Penis Pompas\u0131&nbsp; &nbsp; &nbsp; &nbsp; &nbsp; \u00dcr\u00fcn Kodu :BDMP013<\/span><\/span><\/span><span style=\"font-size:16px\"><span style=\"font-family:Verdana,Geneva,sans-serif\"><br \/>&nbsp; &nbsp;&nbsp;<br \/>&nbsp;&nbsp;<br \/>Lovemate X30, su ile \u00e7al\u0131\u015fan yeni nesil bir penis pompas\u0131d\u0131r.<br \/>Kaliteli malzemelerden \u00fcretilmi\u015f olup, cilt i\u00e7in g\u00fcvenlidir.<br \/>Sadece 15-20 dakikal\u0131k s\u00fcre ile g\u00fcnde 1 kere kullan\u0131lmas\u0131 gerekmektedir.<br \/>Etkisini 1 aydan sonra g\u00f6zlemleyebilirsiniz.&nbsp;<br \/>Maximum sonuca ula\u015fana kadar kullanman\u0131z\u0131 tavsiye ediyoruz.<br \/>&nbsp; &nbsp;<br \/>Kullan\u0131m;<br \/>&nbsp;<br \/>1- K\u00fcveti su ile doldurun (evinizde k\u00fcvet yoksa, Bathmate Hydromax X30\u2019 u du\u015fta da kullanabilirsiniz).<br \/>2- K\u00fcvetteyken, Bathmate Hydromax X30\u2019 i su ile tamamen dolana kadar suyun i\u00e7ine sokun, daha sonra suyun i\u00e7indeyken penisinizi i\u00e7ine yerle\u015ftirin.<br \/>3- Bathmate Hydromax X30\u2019 i pelvis k\u00f6k\u00fcne do\u011fru a\u015fa\u011f\u0131ya vakum olu\u015fturana kadar birka\u00e7 kez itin. Olu\u015fan bas\u0131nc\u0131 hissetmeye ba\u015flayabilirsiniz. Fazla su, Bathmate Hydromax X30\u2019 in \u00fcst\u00fcndeki bas\u0131n\u00e7 b\u0131rakma vanas\u0131ndan \u00e7\u0131kmaya ba\u015flar. Bas\u0131n\u00e7 b\u0131rakma vanas\u0131ndan art\u0131k su \u00e7\u0131kmayana kadar d\u00f6rt ya da be\u015f kez pompalaman\u0131z gerekir.<br \/>4- Daha fazla pompalayamad\u0131\u011f\u0131n\u0131z zaman, be\u015f dakikal\u0131\u011f\u0131na rahatlay\u0131n. Bathmate Hydromax X30\u2019 i daha fazla pompalayamad\u0131\u011f\u0131n\u0131z zaman, bu belirli zamandaki en ideal vakumdur.<br \/>5- Her d\u00f6rt ya da be\u015f dakikada bir tekrar pompalamay\u0131 deneyin.&nbsp;<br \/>6- Gerekli hissetti\u011finizde Bathmate Hydromax X30\u2019 i en ideal vakuma ula\u015fana kadar pompalay\u0131n. Bu, pompalamaya \u00e7al\u0131\u015f\u0131rken ula\u015ft\u0131\u011f\u0131n\u0131z daha fazla suyun \u00e7\u0131kmad\u0131\u011f\u0131 bir a\u015famad\u0131r.<br \/>7- E\u011fer bas\u0131nc\u0131n \u00e7ok oldu\u011funu hissederseniz, Bathmate Hydromax X30\u2019 in \u00fcst\u00fcndeki bas\u0131n\u00e7 b\u0131rakma vanas\u0131n\u0131 hafif\u00e7e aktif hale getirin. Bu bas\u0131nc\u0131 b\u0131rakacakt\u0131r. 15 dakikadan sonra, Bathmate Hydromax X30\u2019 in \u00fcst\u00fcndeki bas\u0131nc\u0131 b\u0131rakma vanas\u0131na basarak bas\u0131nc\u0131 b\u0131rak\u0131n ve \u00fcniteyi \u00e7\u0131kar\u0131n.<\/span><\/span><\/p>\n<p><span style=\"font-size:16px\"><span style=\"font-family:Verdana,Geneva,sans-serif\">&nbsp; &nbsp;<\/span><\/span><\/p>\n<p><span style=\"font-size:16px\"><span style=\"font-family:Verdana,Geneva,sans-serif\">G\u00d6NDER\u0130 \u015eEKL\u0130<br \/>&nbsp;<br \/>Sipari\u015fleriniz i\u00e7eri\u011fi anla\u015f\u0131lmayacak \u015fekilde gizli ve kapal\u0131 kolide g\u00f6nderilir.<br \/>&nbsp;<br \/>\u00d6DEME T\u00dcRLER\u0130<br \/>&nbsp;<br \/>Nakit veya Kredi Kart\u0131 ile kap\u0131da veya \u015fubede kargoya \u00f6deyebilirsiniz.<br \/>Sistemimiz tek \u00e7ekim veya taksit se\u00e7enekleri ile i\u015flem yapabilirsiniz.<br \/>Banka yolu ile havale yapabilirsiniz.&nbsp;<br \/>&nbsp;<br \/>TESL\u0130MAT \u015eEKL\u0130<br \/>&nbsp;<br \/>\u0130ster Kap\u0131n\u0131za Gelsin \u0130ster Kargodan Al\u0131n<br \/>&nbsp;<br \/>T\u00fcm sexshop \u00fcr\u00fcnlerimiz sipari\u015ften teslimata kadar firmam\u0131z g\u00fcvencesi alt\u0131nda olup verilen sipari\u015fler tam ve eksiksiz olarak m\u00fc\u015fterilerimize ula\u015ft\u0131r\u0131l\u0131r.<br \/>&nbsp;<br \/>* Kap\u0131da \u00d6deme G\u00fcvenli Al\u0131\u015fveri\u015f<br \/>* T\u00fcm \u00dcr\u00fcnlerde H\u0131zl\u0131 G\u00f6nderim<br \/>* Orjinal \u00dcr\u00fcn Garantisi&nbsp;<br \/>* T\u00fcm \u00dcr\u00fcnlerde Gizli Kargo \/ Paket<br \/>&nbsp; &nbsp;&nbsp;<br \/><u><em><strong>G\u0130ZL\u0130L\u0130\u011e\u0130N\u0130ZE \u00d6NEM VER\u0130YORUZ<\/strong><\/em><\/u><\/span><\/span><\/p>\n<p>&nbsp; &nbsp;&nbsp;<\/p>\n<p><a href=\"http:\/\/api.whatsapp.com\/send?phone=905304676616&amp;text=Sipari%C5%9F%20Vermek%20%C4%B0stiyorum%20lilitushop%20BDMP013\"><img decoding=\"async\" alt=\"\" src=\"https:\/\/static.ticimax.cloud\/32886\/uploads\/editoruploads\/whatsapp-destek-hatti_mobil.gif\" \/><\/a><\/p>\n","protected":false},"excerpt":{"rendered":"<p>Lovemate X30 Sulu Penis Pompas\u0131&nbsp; &nbsp; &nbsp; &nbsp; &nbsp; \u00dcr\u00fcn Kodu :BDMP013&nbsp; &nbsp;&nbsp;&nbsp;&nbsp;Lovemate X30, su ile \u00e7al\u0131\u015fan yeni nesil bir<\/p>\n","protected":false},"featured_media":37659,"comment_status":"closed","ping_status":"closed","template":"","meta":[],"product_brand":[],"product_cat":[495],"product_tag":[],"class_list":{"0":"post-37657","1":"product","2":"type-product","3":"status-publish","4":"has-post-thumbnail","6":"product_cat-penis-vakum-pompa-ve-kremler","8":"first","9":"instock","10":"purchasable","11":"product-type-simple"},"yoast_head":"<!-- This site is optimized with the Yoast SEO Premium plugin v24.4 (Yoast SEO v27.1.1) - https:\/\/yoast.com\/product\/yoast-seo-premium-wordpress\/ -->\n<title>Lovemate X30 Sulu Penis Pompas\u0131 - Bursa Erotik Shop<\/title>\n<meta name=\"robots\" content=\"index, follow, max-snippet:-1, max-image-preview:large, max-video-preview:-1\" \/>\n<link rel=\"canonical\" href=\"https:\/\/hobierotikshop.com.tr\/website1\/erotik-shop-urun\/lovemate-x30-sulu-penis-pompasi-2\/\" \/>\n<meta property=\"og:locale\" content=\"tr_TR\" \/>\n<meta property=\"og:type\" content=\"article\" \/>\n<meta property=\"og:title\" content=\"Lovemate X30 Sulu Penis Pompas\u0131\" \/>\n<meta property=\"og:description\" content=\"Lovemate X30 Sulu Penis Pompas\u0131&nbsp; &nbsp; &nbsp; &nbsp; &nbsp; \u00dcr\u00fcn Kodu :BDMP013&nbsp; &nbsp;&nbsp;&nbsp;&nbsp;Lovemate X30, su ile \u00e7al\u0131\u015fan yeni nesil bir\" \/>\n<meta property=\"og:url\" content=\"https:\/\/hobierotikshop.com.tr\/website1\/erotik-shop-urun\/lovemate-x30-sulu-penis-pompasi-2\/\" \/>\n<meta property=\"og:site_name\" content=\"Bursa Erotik Shop\" \/>\n<meta property=\"article:modified_time\" content=\"2026-01-24T11:21:21+00:00\" \/>\n<meta property=\"og:image\" content=\"https:\/\/hobierotikshop.com.tr\/website1\/wp-content\/uploads\/2025\/04\/lovemate-x30-sulu-penis-pompasi-15-216.jpg\" \/>\n\t<meta property=\"og:image:width\" content=\"455\" \/>\n\t<meta property=\"og:image:height\" content=\"455\" \/>\n\t<meta property=\"og:image:type\" content=\"image\/jpeg\" \/>\n<meta name=\"twitter:card\" content=\"summary_large_image\" \/>\n<meta name=\"twitter:site\" content=\"@shopbursa\" \/>\n<meta name=\"twitter:label1\" content=\"Fiyat\" \/>\n\t<meta name=\"twitter:data1\" content=\"&#8378;4.500,00\" \/>\n\t<meta name=\"twitter:label2\" content=\"Availability\" \/>\n\t<meta name=\"twitter:data2\" content=\"In stock\" \/>\n<script type=\"application\/ld+json\" class=\"yoast-schema-graph\">{\"@context\":\"https:\/\/schema.org\",\"@graph\":[{\"@type\":\"WebPage\",\"@id\":\"https:\/\/hobierotikshop.com.tr\/website1\/erotik-shop-urun\/lovemate-x30-sulu-penis-pompasi-2\/\",\"url\":\"https:\/\/hobierotikshop.com.tr\/website1\/erotik-shop-urun\/lovemate-x30-sulu-penis-pompasi-2\/\",\"name\":\"Lovemate X30 Sulu Penis Pompas\u0131 - Bursa Erotik Shop\",\"isPartOf\":{\"@id\":\"https:\/\/hobierotikshop.com.tr\/website1\/#website\"},\"primaryImageOfPage\":{\"@id\":\"https:\/\/hobierotikshop.com.tr\/website1\/erotik-shop-urun\/lovemate-x30-sulu-penis-pompasi-2\/#primaryimage\"},\"image\":{\"@id\":\"https:\/\/hobierotikshop.com.tr\/website1\/erotik-shop-urun\/lovemate-x30-sulu-penis-pompasi-2\/#primaryimage\"},\"thumbnailUrl\":\"https:\/\/haremerotikshop.com\/site\/wp-content\/uploads\/2025\/04\/lovemate-x30-sulu-penis-pompasi-15-216.jpg\",\"datePublished\":\"2025-04-26T12:24:55+00:00\",\"dateModified\":\"2026-01-24T11:21:21+00:00\",\"breadcrumb\":{\"@id\":\"https:\/\/hobierotikshop.com.tr\/website1\/erotik-shop-urun\/lovemate-x30-sulu-penis-pompasi-2\/#breadcrumb\"},\"inLanguage\":\"tr\",\"potentialAction\":[{\"@type\":\"ReadAction\",\"target\":[\"https:\/\/hobierotikshop.com.tr\/website1\/erotik-shop-urun\/lovemate-x30-sulu-penis-pompasi-2\/\"]}]},{\"@type\":\"ImageObject\",\"inLanguage\":\"tr\",\"@id\":\"https:\/\/hobierotikshop.com.tr\/website1\/erotik-shop-urun\/lovemate-x30-sulu-penis-pompasi-2\/#primaryimage\",\"url\":\"https:\/\/haremerotikshop.com\/site\/wp-content\/uploads\/2025\/04\/lovemate-x30-sulu-penis-pompasi-15-216.jpg\",\"contentUrl\":\"https:\/\/haremerotikshop.com\/site\/wp-content\/uploads\/2025\/04\/lovemate-x30-sulu-penis-pompasi-15-216.jpg\",\"width\":455,\"height\":455},{\"@type\":\"BreadcrumbList\",\"@id\":\"https:\/\/hobierotikshop.com.tr\/website1\/erotik-shop-urun\/lovemate-x30-sulu-penis-pompasi-2\/#breadcrumb\",\"itemListElement\":[{\"@type\":\"ListItem\",\"position\":1,\"name\":\"Anasayfa\",\"item\":\"https:\/\/hobierotikshop.com.tr\/website1\/\"},{\"@type\":\"ListItem\",\"position\":2,\"name\":\"Erotik Shop \u00dcr\u00fcnleri\",\"item\":\"https:\/\/hobierotikshop.com.tr\/website1\/shop\/\"},{\"@type\":\"ListItem\",\"position\":3,\"name\":\"Lovemate X30 Sulu Penis Pompas\u0131\"}]},{\"@type\":\"WebSite\",\"@id\":\"https:\/\/hobierotikshop.com.tr\/website1\/#website\",\"url\":\"https:\/\/hobierotikshop.com.tr\/website1\/\",\"name\":\"Bursa Erotik Shop\",\"description\":\"Bursa Erotik Shop ile g\u00fcvenli, gizli ve kaliteli yeti\u015fkin \u00fcr\u00fcnleri al\u0131\u015fveri\u015fi! Geni\u015f \u00fcr\u00fcn yelpazemizi ke\u015ffedin, hemen sipari\u015f verin\",\"publisher\":{\"@id\":\"https:\/\/hobierotikshop.com.tr\/website1\/#organization\"},\"alternateName\":\"Erotik Shop\",\"potentialAction\":[{\"@type\":\"SearchAction\",\"target\":{\"@type\":\"EntryPoint\",\"urlTemplate\":\"https:\/\/hobierotikshop.com.tr\/website1\/?s={search_term_string}\"},\"query-input\":{\"@type\":\"PropertyValueSpecification\",\"valueRequired\":true,\"valueName\":\"search_term_string\"}}],\"inLanguage\":\"tr\"},{\"@type\":\"Organization\",\"@id\":\"https:\/\/hobierotikshop.com.tr\/website1\/#organization\",\"name\":\"Harem Bursa Erotik Shop\",\"url\":\"https:\/\/hobierotikshop.com.tr\/website1\/\",\"logo\":{\"@type\":\"ImageObject\",\"inLanguage\":\"tr\",\"@id\":\"https:\/\/hobierotikshop.com.tr\/website1\/#\/schema\/logo\/image\/\",\"url\":\"https:\/\/haremerotikshop.com\/site\/wp-content\/uploads\/2025\/03\/haremsexshop.png\",\"contentUrl\":\"https:\/\/haremerotikshop.com\/site\/wp-content\/uploads\/2025\/03\/haremsexshop.png\",\"width\":400,\"height\":100,\"caption\":\"Harem Bursa Erotik Shop\"},\"image\":{\"@id\":\"https:\/\/hobierotikshop.com.tr\/website1\/#\/schema\/logo\/image\/\"},\"sameAs\":[\"https:\/\/x.com\/shopbursa\"],\"publishingPrinciples\":\"https:\/\/hobierotikshop.com.tr\/website1\/mesafeli-satis-sozlesmesi\/\",\"ownershipFundingInfo\":\"https:\/\/hobierotikshop.com.tr\/website1\/contact-us\/\",\"actionableFeedbackPolicy\":\"https:\/\/hobierotikshop.com.tr\/website1\/contact-us\/\",\"correctionsPolicy\":\"https:\/\/hobierotikshop.com.tr\/website1\/mesafeli-satis-sozlesmesi\/\"}]}<\/script>\n<meta property=\"product:price:amount\" content=\"4500.00\" \/>\n<meta property=\"product:price:currency\" content=\"TRY\" \/>\n<meta property=\"og:availability\" content=\"instock\" \/>\n<meta property=\"product:availability\" content=\"instock\" \/>\n<meta property=\"product:retailer_item_id\" content=\"BDMP013\" \/>\n<meta property=\"product:condition\" content=\"new\" \/>\n<!-- \/ Yoast SEO Premium plugin. -->","yoast_head_json":{"title":"Lovemate X30 Sulu Penis Pompas\u0131 - Bursa Erotik Shop","robots":{"index":"index","follow":"follow","max-snippet":"max-snippet:-1","max-image-preview":"max-image-preview:large","max-video-preview":"max-video-preview:-1"},"canonical":"https:\/\/hobierotikshop.com.tr\/website1\/erotik-shop-urun\/lovemate-x30-sulu-penis-pompasi-2\/","og_locale":"tr_TR","og_type":"article","og_title":"Lovemate X30 Sulu Penis Pompas\u0131","og_description":"Lovemate X30 Sulu Penis Pompas\u0131&nbsp; &nbsp; &nbsp; &nbsp; &nbsp; \u00dcr\u00fcn Kodu :BDMP013&nbsp; &nbsp;&nbsp;&nbsp;&nbsp;Lovemate X30, su ile \u00e7al\u0131\u015fan yeni nesil bir","og_url":"https:\/\/hobierotikshop.com.tr\/website1\/erotik-shop-urun\/lovemate-x30-sulu-penis-pompasi-2\/","og_site_name":"Bursa Erotik Shop","article_modified_time":"2026-01-24T11:21:21+00:00","og_image":[{"width":455,"height":455,"url":"https:\/\/hobierotikshop.com.tr\/website1\/wp-content\/uploads\/2025\/04\/lovemate-x30-sulu-penis-pompasi-15-216.jpg","type":"image\/jpeg"}],"twitter_card":"summary_large_image","twitter_site":"@shopbursa","twitter_misc":{"Fiyat":"&#8378;4.500,00","Availability":"In stock"},"schema":{"@context":"https:\/\/schema.org","@graph":[{"@type":"WebPage","@id":"https:\/\/hobierotikshop.com.tr\/website1\/erotik-shop-urun\/lovemate-x30-sulu-penis-pompasi-2\/","url":"https:\/\/hobierotikshop.com.tr\/website1\/erotik-shop-urun\/lovemate-x30-sulu-penis-pompasi-2\/","name":"Lovemate X30 Sulu Penis Pompas\u0131 - Bursa Erotik Shop","isPartOf":{"@id":"https:\/\/hobierotikshop.com.tr\/website1\/#website"},"primaryImageOfPage":{"@id":"https:\/\/hobierotikshop.com.tr\/website1\/erotik-shop-urun\/lovemate-x30-sulu-penis-pompasi-2\/#primaryimage"},"image":{"@id":"https:\/\/hobierotikshop.com.tr\/website1\/erotik-shop-urun\/lovemate-x30-sulu-penis-pompasi-2\/#primaryimage"},"thumbnailUrl":"https:\/\/haremerotikshop.com\/site\/wp-content\/uploads\/2025\/04\/lovemate-x30-sulu-penis-pompasi-15-216.jpg","datePublished":"2025-04-26T12:24:55+00:00","dateModified":"2026-01-24T11:21:21+00:00","breadcrumb":{"@id":"https:\/\/hobierotikshop.com.tr\/website1\/erotik-shop-urun\/lovemate-x30-sulu-penis-pompasi-2\/#breadcrumb"},"inLanguage":"tr","potentialAction":[{"@type":"ReadAction","target":["https:\/\/hobierotikshop.com.tr\/website1\/erotik-shop-urun\/lovemate-x30-sulu-penis-pompasi-2\/"]}]},{"@type":"ImageObject","inLanguage":"tr","@id":"https:\/\/hobierotikshop.com.tr\/website1\/erotik-shop-urun\/lovemate-x30-sulu-penis-pompasi-2\/#primaryimage","url":"https:\/\/haremerotikshop.com\/site\/wp-content\/uploads\/2025\/04\/lovemate-x30-sulu-penis-pompasi-15-216.jpg","contentUrl":"https:\/\/haremerotikshop.com\/site\/wp-content\/uploads\/2025\/04\/lovemate-x30-sulu-penis-pompasi-15-216.jpg","width":455,"height":455},{"@type":"BreadcrumbList","@id":"https:\/\/hobierotikshop.com.tr\/website1\/erotik-shop-urun\/lovemate-x30-sulu-penis-pompasi-2\/#breadcrumb","itemListElement":[{"@type":"ListItem","position":1,"name":"Anasayfa","item":"https:\/\/hobierotikshop.com.tr\/website1\/"},{"@type":"ListItem","position":2,"name":"Erotik Shop \u00dcr\u00fcnleri","item":"https:\/\/hobierotikshop.com.tr\/website1\/shop\/"},{"@type":"ListItem","position":3,"name":"Lovemate X30 Sulu Penis Pompas\u0131"}]},{"@type":"WebSite","@id":"https:\/\/hobierotikshop.com.tr\/website1\/#website","url":"https:\/\/hobierotikshop.com.tr\/website1\/","name":"Bursa Erotik Shop","description":"Bursa Erotik Shop ile g\u00fcvenli, gizli ve kaliteli yeti\u015fkin \u00fcr\u00fcnleri al\u0131\u015fveri\u015fi! Geni\u015f \u00fcr\u00fcn yelpazemizi ke\u015ffedin, hemen sipari\u015f verin","publisher":{"@id":"https:\/\/hobierotikshop.com.tr\/website1\/#organization"},"alternateName":"Erotik Shop","potentialAction":[{"@type":"SearchAction","target":{"@type":"EntryPoint","urlTemplate":"https:\/\/hobierotikshop.com.tr\/website1\/?s={search_term_string}"},"query-input":{"@type":"PropertyValueSpecification","valueRequired":true,"valueName":"search_term_string"}}],"inLanguage":"tr"},{"@type":"Organization","@id":"https:\/\/hobierotikshop.com.tr\/website1\/#organization","name":"Harem Bursa Erotik Shop","url":"https:\/\/hobierotikshop.com.tr\/website1\/","logo":{"@type":"ImageObject","inLanguage":"tr","@id":"https:\/\/hobierotikshop.com.tr\/website1\/#\/schema\/logo\/image\/","url":"https:\/\/haremerotikshop.com\/site\/wp-content\/uploads\/2025\/03\/haremsexshop.png","contentUrl":"https:\/\/haremerotikshop.com\/site\/wp-content\/uploads\/2025\/03\/haremsexshop.png","width":400,"height":100,"caption":"Harem Bursa Erotik Shop"},"image":{"@id":"https:\/\/hobierotikshop.com.tr\/website1\/#\/schema\/logo\/image\/"},"sameAs":["https:\/\/x.com\/shopbursa"],"publishingPrinciples":"https:\/\/hobierotikshop.com.tr\/website1\/mesafeli-satis-sozlesmesi\/","ownershipFundingInfo":"https:\/\/hobierotikshop.com.tr\/website1\/contact-us\/","actionableFeedbackPolicy":"https:\/\/hobierotikshop.com.tr\/website1\/contact-us\/","correctionsPolicy":"https:\/\/hobierotikshop.com.tr\/website1\/mesafeli-satis-sozlesmesi\/"}]},"product_price_amount":"4500.00","product_price_currency":"TRY","og_availability":"instock","product_availability":"instock","product_retailer_item_id":"BDMP013","product_condition":"new"},"_links":{"self":[{"href":"https:\/\/haremerotikshop.com\/site\/wp-json\/wp\/v2\/product\/37657","targetHints":{"allow":["GET"]}}],"collection":[{"href":"https:\/\/haremerotikshop.com\/site\/wp-json\/wp\/v2\/product"}],"about":[{"href":"https:\/\/haremerotikshop.com\/site\/wp-json\/wp\/v2\/types\/product"}],"replies":[{"embeddable":true,"href":"https:\/\/haremerotikshop.com\/site\/wp-json\/wp\/v2\/comments?post=37657"}],"version-history":[{"count":0,"href":"https:\/\/haremerotikshop.com\/site\/wp-json\/wp\/v2\/product\/37657\/revisions"}],"wp:featuredmedia":[{"embeddable":true,"href":"https:\/\/haremerotikshop.com\/site\/wp-json\/wp\/v2\/media\/37659"}],"wp:attachment":[{"href":"https:\/\/haremerotikshop.com\/site\/wp-json\/wp\/v2\/media?parent=37657"}],"wp:term":[{"taxonomy":"product_brand","embeddable":true,"href":"https:\/\/haremerotikshop.com\/site\/wp-json\/wp\/v2\/product_brand?post=37657"},{"taxonomy":"product_cat","embeddable":true,"href":"https:\/\/haremerotikshop.com\/site\/wp-json\/wp\/v2\/product_cat?post=37657"},{"taxonomy":"product_tag","embeddable":true,"href":"https:\/\/haremerotikshop.com\/site\/wp-json\/wp\/v2\/product_tag?post=37657"}],"curies":[{"name":"wp","href":"https:\/\/api.w.org\/{rel}","templated":true}]}}