{"id":37842,"date":"2025-04-26T15:27:30","date_gmt":"2025-04-26T12:27:30","guid":{"rendered":"https:\/\/haremerotikshop.com\/site\/erotik-shop-urun\/double-dones-44-cm-cift-tarafli-jel-yumusak-penis-dildo\/"},"modified":"2026-01-24T14:02:50","modified_gmt":"2026-01-24T11:02:50","slug":"double-dones-44-cm-cift-tarafli-jel-yumusak-penis-dildo","status":"publish","type":"product","link":"https:\/\/haremerotikshop.com\/site\/erotik-shop-urun\/double-dones-44-cm-cift-tarafli-jel-yumusak-penis-dildo\/","title":{"rendered":"Double Dones 44 Cm \u00c7ift Tarafl\u0131 Jel Yumu\u015fak Penis Dildo"},"content":{"rendered":"<h2><span style=\"font-size:16px\"><span style=\"font-family:Verdana,Geneva,sans-serif\"><\/span><\/span><span style=\"color:#e74c3c\"><span style=\"font-size:20px\"><span style=\"font-family:Verdana,Geneva,sans-serif\">Double Dones 44 cm \u00c7ift Tarafl\u0131 Jel Yumu\u015fak Penis Dildo &nbsp; <\/span><\/span><\/span><\/h2>\n<h2><span style=\"color:#e74c3c\"><span style=\"font-size:20px\"><span style=\"font-family:Verdana,Geneva,sans-serif\">\u00dcr\u00fcn Kodu:BDM4015<\/span><\/span><\/span><\/h2>\n<p><span style=\"color:#e74c3c\"><span style=\"font-size:20px\"><span style=\"font-family:Verdana,Geneva,sans-serif\">&nbsp;<\/span><\/span><\/span><span style=\"font-size:16px\"><span style=\"font-family:Verdana,Geneva,sans-serif\"><br \/>&nbsp;<br \/>* %100 y\u00fcksek kaliteli TPR malzemeden \u00fcretilmi\u015ftir.<br \/>* Zevk artt\u0131r\u0131c\u0131 \u00f6zel damarl\u0131 yap\u0131ya sahiptir ve elde kullan\u0131m i\u00e7in de uygundur.<br \/>* Biseks\u00fcel bay ve bayan kullan\u0131m\u0131 i\u00e7in \u00f6zel olarak dizayn edilmi\u015ftir.<br \/>* \u00c7ift y\u00f6nl\u00fcd\u00fcr. Partneriniz ile m\u00fckemmel uyum i\u00e7in \u015fekillendirilmi\u015ftir.<br \/>* Esnek \u00f6zel yap\u0131s\u0131 oldu\u011fu i\u00e7in her y\u00f6ne b\u00fck\u00fclebilir. \u00d6zel noktalara temas\u0131n\u0131z\u0131 kolayla\u015ft\u0131r\u0131r.<br \/>* Jel formunda ve estetik g\u00f6r\u00fcn\u00fcme sahiptir.<br \/>* Pembe rengiyle seks hayat\u0131n\u0131za ekstra renk katacakt\u0131r.&nbsp;<br \/>* Suda kullan\u0131labilir \u00f6zelli\u011fe sahiptir.<br \/>* Hem anal hem de vajinal kullan\u0131m i\u00e7in uygundur.<br \/>* Daha fazla cinsel deneyim i\u00e7in kayganla\u015ft\u0131r\u0131c\u0131 jellerle beraber kullanman\u0131z\u0131 tavsiye ederiz.<br \/>* Uzun s\u00fcreli kullan\u0131m i\u00e7in uygun cilt dostu malzemeden \u00fcretilmi\u015ftir.<br \/>* Kolay temizlenir.<br \/>&nbsp;<br \/>Temizlik ve Bak\u0131m :&nbsp;<br \/>&nbsp;<br \/>* Kullan\u0131m \u00f6ncesinde ve sonras\u0131nda \u0131l\u0131k su&nbsp;ile temizli\u011fini yap\u0131n\u0131z.<br \/>* \u0130\u00e7eri\u011finde kimyevi malzemeler bulunan (s\u0131v\u0131 sabun, deterjan, \u015fampuan vb) temizlik maddeleri kullanmay\u0131n\u0131z.<br \/>* \u00dcr\u00fcn\u00fcn temizli\u011fini yapt\u0131ktan sonra havluya sararak kurumas\u0131n\u0131 sa\u011flay\u0131n.<br \/>* \u0130yice kuruduktan sonra harici olarak temin edebilece\u011finiz pudray\u0131 \u00fczerine d\u00f6k\u00fcn ve her yerine e\u015fit miktarda s\u00fcr\u00fcld\u00fc\u011f\u00fcnden emin olduktan sonra temiz bir havluya sar\u0131n ve sonra ki kullan\u0131ma kadar \u00e7ekmecenize kald\u0131r\u0131n.<\/span><\/span><\/p>\n<p><span style=\"font-size:16px\"><span style=\"font-family:Verdana,Geneva,sans-serif\"><\/span><\/span><\/p>\n<p><span style=\"font-size:16px\"><span style=\"font-family:Verdana,Geneva,sans-serif\"><\/p>\n<p>* Uzunluk : 44 cm&nbsp;<br \/>* Penis boyut : 3,5 cm<br \/>* A\u011f\u0131rl\u0131k : 272&nbsp;gr<\/p>\n<p>&nbsp;<\/p>\n<p>&nbsp;<br \/>G\u00d6NDER\u0130 \u015eEKL\u0130<\/p>\n<p>Sipari\u015fleriniz i\u00e7eri\u011fi anla\u015f\u0131lmayacak \u015fekilde gizli ve kapal\u0131 kolide g\u00f6nderilir.<br \/>&nbsp;<br \/>\u00d6DEME T\u00dcRLER\u0130<\/p>\n<p>Nakit veya Kredi Kart\u0131 ile kap\u0131da veya \u015fubede kargoya \u00f6deyebilirsiniz.<br \/>Sistemimiz tek \u00e7ekim veya taksit se\u00e7enekleri ile i\u015flem yapabilirsiniz.<br \/>Banka yolu ile havale yapabilirsiniz.&nbsp;<br \/>&nbsp;<br \/>TESL\u0130MAT \u015eEKL\u0130<\/p>\n<p><\/span><\/p>\n<p><span style=\"font-family: Verdana, Geneva, sans-serif\">\u0130ster Kap\u0131n\u0131za Gelsin \u0130ster Kargodan Al\u0131n<\/span><\/p>\n<p><\/span><span style=\"font-size:16px\"><span style=\"font-family:Verdana,Geneva,sans-serif\"><\/p>\n<p>T\u00fcm \u00fcr\u00fcnlerimiz sipari\u015ften teslimata kadar firmam\u0131z g\u00fcvencesi alt\u0131nda olup verilen sipari\u015fler tam ve eksiksiz olarak m\u00fc\u015fterilerimize ula\u015ft\u0131r\u0131l\u0131r.<br \/>&nbsp;<br \/>* Kap\u0131da \u00d6deme G\u00fcvenli Al\u0131\u015fveri\u015f<br \/>* T\u00fcm \u00dcr\u00fcnlerde H\u0131zl\u0131 G\u00f6nderim<br \/>* Orjinal \u00dcr\u00fcn Garantisi&nbsp;<br \/>* T\u00fcm \u00dcr\u00fcnlerde Gizli Kargo \/ Paket<br \/>&nbsp; &nbsp;&nbsp;<br \/><u><em><strong>G\u0130ZL\u0130L\u0130\u011e\u0130N\u0130ZE \u00d6NEM VER\u0130YORUZ<\/strong><\/em><\/u><\/p>\n<p>&nbsp;&nbsp;<\/p>\n<p><\/span><\/span><\/p>\n<p><a href=\"http:\/\/api.whatsapp.com\/send?phone=905304676616&amp;text=Sipari%C5%9F%20Vermek%20%C4%B0stiyorum%20lilitushop%20BDM4015\"><img decoding=\"async\" alt=\"\" src=\"https:\/\/static.ticimax.cloud\/32886\/uploads\/editoruploads\/whatsapp-destek-hatti.gif\" \/><\/a><\/p>\n<p>&nbsp;<\/p>\n","protected":false},"excerpt":{"rendered":"<p>Double Dones 44 cm \u00c7ift Tarafl\u0131 Jel Yumu\u015fak Penis Dildo &nbsp; \u00dcr\u00fcn Kodu:BDM4015 &nbsp;&nbsp;* %100 y\u00fcksek kaliteli TPR malzemeden \u00fcretilmi\u015ftir.*<\/p>\n","protected":false},"featured_media":37844,"comment_status":"closed","ping_status":"closed","template":"","meta":[],"product_brand":[],"product_cat":[501],"product_tag":[],"class_list":{"0":"post-37842","1":"product","2":"type-product","3":"status-publish","4":"has-post-thumbnail","6":"product_cat-realistik-penisler","8":"first","9":"instock","10":"purchasable","11":"product-type-simple"},"yoast_head":"<!-- This site is optimized with the Yoast SEO Premium plugin v24.4 (Yoast SEO v27.1.1) - https:\/\/yoast.com\/product\/yoast-seo-premium-wordpress\/ -->\n<title>Double Dones 44 Cm \u00c7ift Tarafl\u0131 Jel Yumu\u015fak Penis Dildo - Bursa Erotik Shop<\/title>\n<meta name=\"robots\" content=\"index, follow, max-snippet:-1, max-image-preview:large, max-video-preview:-1\" \/>\n<link rel=\"canonical\" href=\"https:\/\/hobierotikshop.com.tr\/website1\/erotik-shop-urun\/double-dones-44-cm-cift-tarafli-jel-yumusak-penis-dildo\/\" \/>\n<meta property=\"og:locale\" content=\"tr_TR\" \/>\n<meta property=\"og:type\" content=\"article\" \/>\n<meta property=\"og:title\" content=\"Double Dones 44 Cm \u00c7ift Tarafl\u0131 Jel Yumu\u015fak Penis Dildo\" \/>\n<meta property=\"og:description\" content=\"Double Dones 44 cm \u00c7ift Tarafl\u0131 Jel Yumu\u015fak Penis Dildo &nbsp; \u00dcr\u00fcn Kodu:BDM4015 &nbsp;&nbsp;* %100 y\u00fcksek kaliteli TPR malzemeden \u00fcretilmi\u015ftir.*\" \/>\n<meta property=\"og:url\" content=\"https:\/\/hobierotikshop.com.tr\/website1\/erotik-shop-urun\/double-dones-44-cm-cift-tarafli-jel-yumusak-penis-dildo\/\" \/>\n<meta property=\"og:site_name\" content=\"Bursa Erotik Shop\" \/>\n<meta property=\"article:modified_time\" content=\"2026-01-24T11:02:50+00:00\" \/>\n<meta property=\"og:image\" content=\"https:\/\/hobierotikshop.com.tr\/website1\/wp-content\/uploads\/2025\/04\/double-dones-44-cm-cift-tarafli-jel-yumu-3751.jpg\" \/>\n\t<meta property=\"og:image:width\" content=\"455\" \/>\n\t<meta property=\"og:image:height\" content=\"455\" \/>\n\t<meta property=\"og:image:type\" content=\"image\/jpeg\" \/>\n<meta name=\"twitter:card\" content=\"summary_large_image\" \/>\n<meta name=\"twitter:site\" content=\"@shopbursa\" \/>\n<meta name=\"twitter:label1\" content=\"Fiyat\" \/>\n\t<meta name=\"twitter:data1\" content=\"&#8378;1.800,00\" \/>\n\t<meta name=\"twitter:label2\" content=\"Availability\" \/>\n\t<meta name=\"twitter:data2\" content=\"In stock\" \/>\n<script type=\"application\/ld+json\" class=\"yoast-schema-graph\">{\"@context\":\"https:\/\/schema.org\",\"@graph\":[{\"@type\":\"WebPage\",\"@id\":\"https:\/\/hobierotikshop.com.tr\/website1\/erotik-shop-urun\/double-dones-44-cm-cift-tarafli-jel-yumusak-penis-dildo\/\",\"url\":\"https:\/\/hobierotikshop.com.tr\/website1\/erotik-shop-urun\/double-dones-44-cm-cift-tarafli-jel-yumusak-penis-dildo\/\",\"name\":\"Double Dones 44 Cm \u00c7ift Tarafl\u0131 Jel Yumu\u015fak Penis Dildo - Bursa Erotik Shop\",\"isPartOf\":{\"@id\":\"https:\/\/hobierotikshop.com.tr\/website1\/#website\"},\"primaryImageOfPage\":{\"@id\":\"https:\/\/hobierotikshop.com.tr\/website1\/erotik-shop-urun\/double-dones-44-cm-cift-tarafli-jel-yumusak-penis-dildo\/#primaryimage\"},\"image\":{\"@id\":\"https:\/\/hobierotikshop.com.tr\/website1\/erotik-shop-urun\/double-dones-44-cm-cift-tarafli-jel-yumusak-penis-dildo\/#primaryimage\"},\"thumbnailUrl\":\"https:\/\/haremerotikshop.com\/site\/wp-content\/uploads\/2025\/04\/double-dones-44-cm-cift-tarafli-jel-yumu-3751.jpg\",\"datePublished\":\"2025-04-26T12:27:30+00:00\",\"dateModified\":\"2026-01-24T11:02:50+00:00\",\"breadcrumb\":{\"@id\":\"https:\/\/hobierotikshop.com.tr\/website1\/erotik-shop-urun\/double-dones-44-cm-cift-tarafli-jel-yumusak-penis-dildo\/#breadcrumb\"},\"inLanguage\":\"tr\",\"potentialAction\":[{\"@type\":\"ReadAction\",\"target\":[\"https:\/\/hobierotikshop.com.tr\/website1\/erotik-shop-urun\/double-dones-44-cm-cift-tarafli-jel-yumusak-penis-dildo\/\"]}]},{\"@type\":\"ImageObject\",\"inLanguage\":\"tr\",\"@id\":\"https:\/\/hobierotikshop.com.tr\/website1\/erotik-shop-urun\/double-dones-44-cm-cift-tarafli-jel-yumusak-penis-dildo\/#primaryimage\",\"url\":\"https:\/\/haremerotikshop.com\/site\/wp-content\/uploads\/2025\/04\/double-dones-44-cm-cift-tarafli-jel-yumu-3751.jpg\",\"contentUrl\":\"https:\/\/haremerotikshop.com\/site\/wp-content\/uploads\/2025\/04\/double-dones-44-cm-cift-tarafli-jel-yumu-3751.jpg\",\"width\":455,\"height\":455},{\"@type\":\"BreadcrumbList\",\"@id\":\"https:\/\/hobierotikshop.com.tr\/website1\/erotik-shop-urun\/double-dones-44-cm-cift-tarafli-jel-yumusak-penis-dildo\/#breadcrumb\",\"itemListElement\":[{\"@type\":\"ListItem\",\"position\":1,\"name\":\"Anasayfa\",\"item\":\"https:\/\/hobierotikshop.com.tr\/website1\/\"},{\"@type\":\"ListItem\",\"position\":2,\"name\":\"Erotik Shop \u00dcr\u00fcnleri\",\"item\":\"https:\/\/hobierotikshop.com.tr\/website1\/shop\/\"},{\"@type\":\"ListItem\",\"position\":3,\"name\":\"Double Dones 44 Cm \u00c7ift Tarafl\u0131 Jel Yumu\u015fak Penis Dildo\"}]},{\"@type\":\"WebSite\",\"@id\":\"https:\/\/hobierotikshop.com.tr\/website1\/#website\",\"url\":\"https:\/\/hobierotikshop.com.tr\/website1\/\",\"name\":\"Bursa Erotik Shop\",\"description\":\"Bursa Erotik Shop ile g\u00fcvenli, gizli ve kaliteli yeti\u015fkin \u00fcr\u00fcnleri al\u0131\u015fveri\u015fi! Geni\u015f \u00fcr\u00fcn yelpazemizi ke\u015ffedin, hemen sipari\u015f verin\",\"publisher\":{\"@id\":\"https:\/\/hobierotikshop.com.tr\/website1\/#organization\"},\"alternateName\":\"Erotik Shop\",\"potentialAction\":[{\"@type\":\"SearchAction\",\"target\":{\"@type\":\"EntryPoint\",\"urlTemplate\":\"https:\/\/hobierotikshop.com.tr\/website1\/?s={search_term_string}\"},\"query-input\":{\"@type\":\"PropertyValueSpecification\",\"valueRequired\":true,\"valueName\":\"search_term_string\"}}],\"inLanguage\":\"tr\"},{\"@type\":\"Organization\",\"@id\":\"https:\/\/hobierotikshop.com.tr\/website1\/#organization\",\"name\":\"Harem Bursa Erotik Shop\",\"url\":\"https:\/\/hobierotikshop.com.tr\/website1\/\",\"logo\":{\"@type\":\"ImageObject\",\"inLanguage\":\"tr\",\"@id\":\"https:\/\/hobierotikshop.com.tr\/website1\/#\/schema\/logo\/image\/\",\"url\":\"https:\/\/haremerotikshop.com\/site\/wp-content\/uploads\/2025\/03\/haremsexshop.png\",\"contentUrl\":\"https:\/\/haremerotikshop.com\/site\/wp-content\/uploads\/2025\/03\/haremsexshop.png\",\"width\":400,\"height\":100,\"caption\":\"Harem Bursa Erotik Shop\"},\"image\":{\"@id\":\"https:\/\/hobierotikshop.com.tr\/website1\/#\/schema\/logo\/image\/\"},\"sameAs\":[\"https:\/\/x.com\/shopbursa\"],\"publishingPrinciples\":\"https:\/\/hobierotikshop.com.tr\/website1\/mesafeli-satis-sozlesmesi\/\",\"ownershipFundingInfo\":\"https:\/\/hobierotikshop.com.tr\/website1\/contact-us\/\",\"actionableFeedbackPolicy\":\"https:\/\/hobierotikshop.com.tr\/website1\/contact-us\/\",\"correctionsPolicy\":\"https:\/\/hobierotikshop.com.tr\/website1\/mesafeli-satis-sozlesmesi\/\"}]}<\/script>\n<meta property=\"product:price:amount\" content=\"1800.00\" \/>\n<meta property=\"product:price:currency\" content=\"TRY\" \/>\n<meta property=\"og:availability\" content=\"instock\" \/>\n<meta property=\"product:availability\" content=\"instock\" \/>\n<meta property=\"product:retailer_item_id\" content=\"BDM4015\" \/>\n<meta property=\"product:condition\" content=\"new\" \/>\n<!-- \/ Yoast SEO Premium plugin. -->","yoast_head_json":{"title":"Double Dones 44 Cm \u00c7ift Tarafl\u0131 Jel Yumu\u015fak Penis Dildo - Bursa Erotik Shop","robots":{"index":"index","follow":"follow","max-snippet":"max-snippet:-1","max-image-preview":"max-image-preview:large","max-video-preview":"max-video-preview:-1"},"canonical":"https:\/\/hobierotikshop.com.tr\/website1\/erotik-shop-urun\/double-dones-44-cm-cift-tarafli-jel-yumusak-penis-dildo\/","og_locale":"tr_TR","og_type":"article","og_title":"Double Dones 44 Cm \u00c7ift Tarafl\u0131 Jel Yumu\u015fak Penis Dildo","og_description":"Double Dones 44 cm \u00c7ift Tarafl\u0131 Jel Yumu\u015fak Penis Dildo &nbsp; \u00dcr\u00fcn Kodu:BDM4015 &nbsp;&nbsp;* %100 y\u00fcksek kaliteli TPR malzemeden \u00fcretilmi\u015ftir.*","og_url":"https:\/\/hobierotikshop.com.tr\/website1\/erotik-shop-urun\/double-dones-44-cm-cift-tarafli-jel-yumusak-penis-dildo\/","og_site_name":"Bursa Erotik Shop","article_modified_time":"2026-01-24T11:02:50+00:00","og_image":[{"width":455,"height":455,"url":"https:\/\/hobierotikshop.com.tr\/website1\/wp-content\/uploads\/2025\/04\/double-dones-44-cm-cift-tarafli-jel-yumu-3751.jpg","type":"image\/jpeg"}],"twitter_card":"summary_large_image","twitter_site":"@shopbursa","twitter_misc":{"Fiyat":"&#8378;1.800,00","Availability":"In stock"},"schema":{"@context":"https:\/\/schema.org","@graph":[{"@type":"WebPage","@id":"https:\/\/hobierotikshop.com.tr\/website1\/erotik-shop-urun\/double-dones-44-cm-cift-tarafli-jel-yumusak-penis-dildo\/","url":"https:\/\/hobierotikshop.com.tr\/website1\/erotik-shop-urun\/double-dones-44-cm-cift-tarafli-jel-yumusak-penis-dildo\/","name":"Double Dones 44 Cm \u00c7ift Tarafl\u0131 Jel Yumu\u015fak Penis Dildo - Bursa Erotik Shop","isPartOf":{"@id":"https:\/\/hobierotikshop.com.tr\/website1\/#website"},"primaryImageOfPage":{"@id":"https:\/\/hobierotikshop.com.tr\/website1\/erotik-shop-urun\/double-dones-44-cm-cift-tarafli-jel-yumusak-penis-dildo\/#primaryimage"},"image":{"@id":"https:\/\/hobierotikshop.com.tr\/website1\/erotik-shop-urun\/double-dones-44-cm-cift-tarafli-jel-yumusak-penis-dildo\/#primaryimage"},"thumbnailUrl":"https:\/\/haremerotikshop.com\/site\/wp-content\/uploads\/2025\/04\/double-dones-44-cm-cift-tarafli-jel-yumu-3751.jpg","datePublished":"2025-04-26T12:27:30+00:00","dateModified":"2026-01-24T11:02:50+00:00","breadcrumb":{"@id":"https:\/\/hobierotikshop.com.tr\/website1\/erotik-shop-urun\/double-dones-44-cm-cift-tarafli-jel-yumusak-penis-dildo\/#breadcrumb"},"inLanguage":"tr","potentialAction":[{"@type":"ReadAction","target":["https:\/\/hobierotikshop.com.tr\/website1\/erotik-shop-urun\/double-dones-44-cm-cift-tarafli-jel-yumusak-penis-dildo\/"]}]},{"@type":"ImageObject","inLanguage":"tr","@id":"https:\/\/hobierotikshop.com.tr\/website1\/erotik-shop-urun\/double-dones-44-cm-cift-tarafli-jel-yumusak-penis-dildo\/#primaryimage","url":"https:\/\/haremerotikshop.com\/site\/wp-content\/uploads\/2025\/04\/double-dones-44-cm-cift-tarafli-jel-yumu-3751.jpg","contentUrl":"https:\/\/haremerotikshop.com\/site\/wp-content\/uploads\/2025\/04\/double-dones-44-cm-cift-tarafli-jel-yumu-3751.jpg","width":455,"height":455},{"@type":"BreadcrumbList","@id":"https:\/\/hobierotikshop.com.tr\/website1\/erotik-shop-urun\/double-dones-44-cm-cift-tarafli-jel-yumusak-penis-dildo\/#breadcrumb","itemListElement":[{"@type":"ListItem","position":1,"name":"Anasayfa","item":"https:\/\/hobierotikshop.com.tr\/website1\/"},{"@type":"ListItem","position":2,"name":"Erotik Shop \u00dcr\u00fcnleri","item":"https:\/\/hobierotikshop.com.tr\/website1\/shop\/"},{"@type":"ListItem","position":3,"name":"Double Dones 44 Cm \u00c7ift Tarafl\u0131 Jel Yumu\u015fak Penis Dildo"}]},{"@type":"WebSite","@id":"https:\/\/hobierotikshop.com.tr\/website1\/#website","url":"https:\/\/hobierotikshop.com.tr\/website1\/","name":"Bursa Erotik Shop","description":"Bursa Erotik Shop ile g\u00fcvenli, gizli ve kaliteli yeti\u015fkin \u00fcr\u00fcnleri al\u0131\u015fveri\u015fi! Geni\u015f \u00fcr\u00fcn yelpazemizi ke\u015ffedin, hemen sipari\u015f verin","publisher":{"@id":"https:\/\/hobierotikshop.com.tr\/website1\/#organization"},"alternateName":"Erotik Shop","potentialAction":[{"@type":"SearchAction","target":{"@type":"EntryPoint","urlTemplate":"https:\/\/hobierotikshop.com.tr\/website1\/?s={search_term_string}"},"query-input":{"@type":"PropertyValueSpecification","valueRequired":true,"valueName":"search_term_string"}}],"inLanguage":"tr"},{"@type":"Organization","@id":"https:\/\/hobierotikshop.com.tr\/website1\/#organization","name":"Harem Bursa Erotik Shop","url":"https:\/\/hobierotikshop.com.tr\/website1\/","logo":{"@type":"ImageObject","inLanguage":"tr","@id":"https:\/\/hobierotikshop.com.tr\/website1\/#\/schema\/logo\/image\/","url":"https:\/\/haremerotikshop.com\/site\/wp-content\/uploads\/2025\/03\/haremsexshop.png","contentUrl":"https:\/\/haremerotikshop.com\/site\/wp-content\/uploads\/2025\/03\/haremsexshop.png","width":400,"height":100,"caption":"Harem Bursa Erotik Shop"},"image":{"@id":"https:\/\/hobierotikshop.com.tr\/website1\/#\/schema\/logo\/image\/"},"sameAs":["https:\/\/x.com\/shopbursa"],"publishingPrinciples":"https:\/\/hobierotikshop.com.tr\/website1\/mesafeli-satis-sozlesmesi\/","ownershipFundingInfo":"https:\/\/hobierotikshop.com.tr\/website1\/contact-us\/","actionableFeedbackPolicy":"https:\/\/hobierotikshop.com.tr\/website1\/contact-us\/","correctionsPolicy":"https:\/\/hobierotikshop.com.tr\/website1\/mesafeli-satis-sozlesmesi\/"}]},"product_price_amount":"1800.00","product_price_currency":"TRY","og_availability":"instock","product_availability":"instock","product_retailer_item_id":"BDM4015","product_condition":"new"},"_links":{"self":[{"href":"https:\/\/haremerotikshop.com\/site\/wp-json\/wp\/v2\/product\/37842","targetHints":{"allow":["GET"]}}],"collection":[{"href":"https:\/\/haremerotikshop.com\/site\/wp-json\/wp\/v2\/product"}],"about":[{"href":"https:\/\/haremerotikshop.com\/site\/wp-json\/wp\/v2\/types\/product"}],"replies":[{"embeddable":true,"href":"https:\/\/haremerotikshop.com\/site\/wp-json\/wp\/v2\/comments?post=37842"}],"version-history":[{"count":0,"href":"https:\/\/haremerotikshop.com\/site\/wp-json\/wp\/v2\/product\/37842\/revisions"}],"wp:featuredmedia":[{"embeddable":true,"href":"https:\/\/haremerotikshop.com\/site\/wp-json\/wp\/v2\/media\/37844"}],"wp:attachment":[{"href":"https:\/\/haremerotikshop.com\/site\/wp-json\/wp\/v2\/media?parent=37842"}],"wp:term":[{"taxonomy":"product_brand","embeddable":true,"href":"https:\/\/haremerotikshop.com\/site\/wp-json\/wp\/v2\/product_brand?post=37842"},{"taxonomy":"product_cat","embeddable":true,"href":"https:\/\/haremerotikshop.com\/site\/wp-json\/wp\/v2\/product_cat?post=37842"},{"taxonomy":"product_tag","embeddable":true,"href":"https:\/\/haremerotikshop.com\/site\/wp-json\/wp\/v2\/product_tag?post=37842"}],"curies":[{"name":"wp","href":"https:\/\/api.w.org\/{rel}","templated":true}]}}