{"id":38368,"date":"2025-04-26T15:33:41","date_gmt":"2025-04-26T12:33:41","guid":{"rendered":"https:\/\/haremerotikshop.com\/site\/erotik-shop-urun\/pretty-love-algernon-siyah-usb-sarjli-12-titresimli-uzaktan-kumandali-vibrator\/"},"modified":"2026-01-24T13:39:15","modified_gmt":"2026-01-24T10:39:15","slug":"pretty-love-algernon-siyah-usb-sarjli-12-titresimli-uzaktan-kumandali-vibrator","status":"publish","type":"product","link":"https:\/\/haremerotikshop.com\/site\/erotik-shop-urun\/pretty-love-algernon-siyah-usb-sarjli-12-titresimli-uzaktan-kumandali-vibrator\/","title":{"rendered":"Pretty Love Algernon Siyah Usb \u015earjl\u0131 12 Titre\u015fimli Uzaktan Kumandal\u0131 Vibrat\u00f6r"},"content":{"rendered":"<p><span style=\"color:#e74c3c\"><span style=\"font-size:20px\"><span style=\"font-family:Verdana,Geneva,sans-serif\">Pretty Love Algernon Siyah USB \u015earjl\u0131 12 Titre\u015fimli Uzaktan Kumandal\u0131 Vibrat\u00f6r &nbsp; &nbsp; &nbsp; <\/span><\/span><\/span><\/p>\n<p><span style=\"color:#e74c3c\"><span style=\"font-size:20px\"><span style=\"font-family:Verdana,Geneva,sans-serif\">\u00dcr\u00fcn Kodu:BDM4582<\/span><\/span><\/span><\/p>\n<p>&nbsp; &nbsp;<\/p>\n<p><span style=\"font-size:16px\"><span style=\"font-family:Verdana,Geneva,sans-serif\"><\/p>\n<p>\u00c7ift tarafl\u0131 klitoris uyar\u0131c\u0131l\u0131 uzaktan kumandal\u0131 vibrat\u00f6r.<br \/>%100 silikon malzemeden imal edilmekte ve su ge\u00e7irmezdir.<br \/>12 frekansl\u0131 titre\u015fim fonksiyonlu<br \/>\u0130ster kendiniz isterseniz partnerinizle birlikte kullanma imkan\u0131<br \/>Kablosuz Kontrol imkan\u0131<br \/>Uzaktan kumandas\u0131 ile kontrol tamamen sizde<br \/>USB&#8217;den \u015farj edilebilir.<br \/>Temizlik i\u00e7in alkol,deterjan,kolonya gibi \u00fcr\u00fcnler kullanmay\u0131n\u0131z!<br \/>Her kullan\u0131m sonras\u0131 \u0131l\u0131k &nbsp;su ile temizleyiniz.<\/p>\n<p>&nbsp; &nbsp;<\/p>\n<p>G\u00d6NDER\u0130 \u015eEKL\u0130<\/p>\n<p>Sipari\u015fleriniz i\u00e7eri\u011fi anla\u015f\u0131lmayacak \u015fekilde gizli ve kapal\u0131 kolide g\u00f6nderilir.<br \/>&nbsp;<br \/>\u00d6DEME T\u00dcRLER\u0130<\/p>\n<p>Nakit veya Kredi Kart\u0131 ile kap\u0131da veya \u015fubede kargoya \u00f6deyebilirsiniz.<br \/>Sistemimiz tek \u00e7ekim veya taksit se\u00e7enekleri ile i\u015flem yapabilirsiniz.<br \/>Banka yolu ile havale yapabilirsiniz.&nbsp;<br \/>&nbsp;<br \/>TESL\u0130MAT \u015eEKL\u0130<\/p>\n<p><\/span><\/p>\n<p><span style=\"font-family: Verdana, Geneva, sans-serif\">\u0130ster Kap\u0131n\u0131za Gelsin \u0130ster Kargodan Al\u0131n<\/span><\/p>\n<p><\/span><span style=\"font-size:16px\"><span style=\"font-family:Verdana,Geneva,sans-serif\"><\/p>\n<p>T\u00fcm \u00fcr\u00fcnlerimiz sipari\u015ften teslimata kadar firmam\u0131z g\u00fcvencesi alt\u0131nda olup verilen sipari\u015fler tam ve eksiksiz olarak m\u00fc\u015fterilerimize ula\u015ft\u0131r\u0131l\u0131r.<br \/>&nbsp;<br \/>* Kap\u0131da \u00d6deme G\u00fcvenli Al\u0131\u015fveri\u015f<br \/>* T\u00fcm \u00dcr\u00fcnlerde H\u0131zl\u0131 G\u00f6nderim<br \/>* Orjinal \u00dcr\u00fcn Garantisi&nbsp;<br \/>* T\u00fcm \u00dcr\u00fcnlerde Gizli Kargo \/ Paket<br \/>&nbsp; &nbsp;&nbsp;<br \/><u><em><strong>G\u0130ZL\u0130L\u0130\u011e\u0130N\u0130ZE \u00d6NEM VER\u0130YORUZ<\/strong><\/em><\/u><\/p>\n<p>&nbsp; &nbsp;<\/p>\n<p><\/span><\/span><\/p>\n<p><a href=\"http:\/\/api.whatsapp.com\/send?phone=905304676616&amp;text=Sipari%C5%9F%20Vermek%20%C4%B0stiyorum%20lilitushop%20BDM4582\"><img decoding=\"async\" alt=\"\" src=\"https:\/\/static.ticimax.cloud\/32886\/uploads\/editoruploads\/whatsapp-destek-hatti.gif\" \/><\/a><\/p>\n<p><img decoding=\"async\" alt=\"\" src=\"https:\/\/static.ticimax.cloud\/32886\/uploads\/editoruploads\/bi-014582w-1_06.gif\" \/><\/p>\n","protected":false},"excerpt":{"rendered":"<p>Pretty Love Algernon Siyah USB \u015earjl\u0131 12 Titre\u015fimli Uzaktan Kumandal\u0131 Vibrat\u00f6r &nbsp; &nbsp; &nbsp; \u00dcr\u00fcn Kodu:BDM4582 &nbsp; &nbsp; \u00c7ift tarafl\u0131<\/p>\n","protected":false},"featured_media":38370,"comment_status":"closed","ping_status":"closed","template":"","meta":[],"product_brand":[],"product_cat":[496],"product_tag":[],"class_list":{"0":"post-38368","1":"product","2":"type-product","3":"status-publish","4":"has-post-thumbnail","6":"product_cat-vibrator-cesitleri","8":"first","9":"instock","10":"purchasable","11":"product-type-simple"},"yoast_head":"<!-- This site is optimized with the Yoast SEO Premium plugin v24.4 (Yoast SEO v27.1.1) - https:\/\/yoast.com\/product\/yoast-seo-premium-wordpress\/ -->\n<title>Pretty Love Algernon Siyah Usb \u015earjl\u0131 12 Titre\u015fimli Uzaktan Kumandal\u0131 Vibrat\u00f6r - Bursa Erotik Shop<\/title>\n<meta name=\"robots\" content=\"index, follow, max-snippet:-1, max-image-preview:large, max-video-preview:-1\" \/>\n<link rel=\"canonical\" href=\"https:\/\/hobierotikshop.com.tr\/website1\/erotik-shop-urun\/pretty-love-algernon-siyah-usb-sarjli-12-titresimli-uzaktan-kumandali-vibrator\/\" \/>\n<meta property=\"og:locale\" content=\"tr_TR\" \/>\n<meta property=\"og:type\" content=\"article\" \/>\n<meta property=\"og:title\" content=\"Pretty Love Algernon Siyah Usb \u015earjl\u0131 12 Titre\u015fimli Uzaktan Kumandal\u0131 Vibrat\u00f6r\" \/>\n<meta property=\"og:description\" content=\"Pretty Love Algernon Siyah USB \u015earjl\u0131 12 Titre\u015fimli Uzaktan Kumandal\u0131 Vibrat\u00f6r &nbsp; &nbsp; &nbsp; \u00dcr\u00fcn Kodu:BDM4582 &nbsp; &nbsp; \u00c7ift tarafl\u0131\" \/>\n<meta property=\"og:url\" content=\"https:\/\/hobierotikshop.com.tr\/website1\/erotik-shop-urun\/pretty-love-algernon-siyah-usb-sarjli-12-titresimli-uzaktan-kumandali-vibrator\/\" \/>\n<meta property=\"og:site_name\" content=\"Bursa Erotik Shop\" \/>\n<meta property=\"article:modified_time\" content=\"2026-01-24T10:39:15+00:00\" \/>\n<meta property=\"og:image\" content=\"https:\/\/hobierotikshop.com.tr\/website1\/wp-content\/uploads\/2025\/04\/pretty-love-algernon-siyah-usb-sarjli-12-99a7.jpg\" \/>\n\t<meta property=\"og:image:width\" content=\"455\" \/>\n\t<meta property=\"og:image:height\" content=\"455\" \/>\n\t<meta property=\"og:image:type\" content=\"image\/jpeg\" \/>\n<meta name=\"twitter:card\" content=\"summary_large_image\" \/>\n<meta name=\"twitter:site\" content=\"@shopbursa\" \/>\n<meta name=\"twitter:label1\" content=\"Fiyat\" \/>\n\t<meta name=\"twitter:data1\" content=\"&#8378;6.500,00\" \/>\n\t<meta name=\"twitter:label2\" content=\"Availability\" \/>\n\t<meta name=\"twitter:data2\" content=\"In stock\" \/>\n<script type=\"application\/ld+json\" class=\"yoast-schema-graph\">{\"@context\":\"https:\/\/schema.org\",\"@graph\":[{\"@type\":\"WebPage\",\"@id\":\"https:\/\/hobierotikshop.com.tr\/website1\/erotik-shop-urun\/pretty-love-algernon-siyah-usb-sarjli-12-titresimli-uzaktan-kumandali-vibrator\/\",\"url\":\"https:\/\/hobierotikshop.com.tr\/website1\/erotik-shop-urun\/pretty-love-algernon-siyah-usb-sarjli-12-titresimli-uzaktan-kumandali-vibrator\/\",\"name\":\"Pretty Love Algernon Siyah Usb \u015earjl\u0131 12 Titre\u015fimli Uzaktan Kumandal\u0131 Vibrat\u00f6r - Bursa Erotik Shop\",\"isPartOf\":{\"@id\":\"https:\/\/hobierotikshop.com.tr\/website1\/#website\"},\"primaryImageOfPage\":{\"@id\":\"https:\/\/hobierotikshop.com.tr\/website1\/erotik-shop-urun\/pretty-love-algernon-siyah-usb-sarjli-12-titresimli-uzaktan-kumandali-vibrator\/#primaryimage\"},\"image\":{\"@id\":\"https:\/\/hobierotikshop.com.tr\/website1\/erotik-shop-urun\/pretty-love-algernon-siyah-usb-sarjli-12-titresimli-uzaktan-kumandali-vibrator\/#primaryimage\"},\"thumbnailUrl\":\"https:\/\/haremerotikshop.com\/site\/wp-content\/uploads\/2025\/04\/pretty-love-algernon-siyah-usb-sarjli-12-99a7.jpg\",\"datePublished\":\"2025-04-26T12:33:41+00:00\",\"dateModified\":\"2026-01-24T10:39:15+00:00\",\"breadcrumb\":{\"@id\":\"https:\/\/hobierotikshop.com.tr\/website1\/erotik-shop-urun\/pretty-love-algernon-siyah-usb-sarjli-12-titresimli-uzaktan-kumandali-vibrator\/#breadcrumb\"},\"inLanguage\":\"tr\",\"potentialAction\":[{\"@type\":\"ReadAction\",\"target\":[\"https:\/\/hobierotikshop.com.tr\/website1\/erotik-shop-urun\/pretty-love-algernon-siyah-usb-sarjli-12-titresimli-uzaktan-kumandali-vibrator\/\"]}]},{\"@type\":\"ImageObject\",\"inLanguage\":\"tr\",\"@id\":\"https:\/\/hobierotikshop.com.tr\/website1\/erotik-shop-urun\/pretty-love-algernon-siyah-usb-sarjli-12-titresimli-uzaktan-kumandali-vibrator\/#primaryimage\",\"url\":\"https:\/\/haremerotikshop.com\/site\/wp-content\/uploads\/2025\/04\/pretty-love-algernon-siyah-usb-sarjli-12-99a7.jpg\",\"contentUrl\":\"https:\/\/haremerotikshop.com\/site\/wp-content\/uploads\/2025\/04\/pretty-love-algernon-siyah-usb-sarjli-12-99a7.jpg\",\"width\":455,\"height\":455},{\"@type\":\"BreadcrumbList\",\"@id\":\"https:\/\/hobierotikshop.com.tr\/website1\/erotik-shop-urun\/pretty-love-algernon-siyah-usb-sarjli-12-titresimli-uzaktan-kumandali-vibrator\/#breadcrumb\",\"itemListElement\":[{\"@type\":\"ListItem\",\"position\":1,\"name\":\"Anasayfa\",\"item\":\"https:\/\/hobierotikshop.com.tr\/website1\/\"},{\"@type\":\"ListItem\",\"position\":2,\"name\":\"Erotik Shop \u00dcr\u00fcnleri\",\"item\":\"https:\/\/hobierotikshop.com.tr\/website1\/shop\/\"},{\"@type\":\"ListItem\",\"position\":3,\"name\":\"Pretty Love Algernon Siyah Usb \u015earjl\u0131 12 Titre\u015fimli Uzaktan Kumandal\u0131 Vibrat\u00f6r\"}]},{\"@type\":\"WebSite\",\"@id\":\"https:\/\/hobierotikshop.com.tr\/website1\/#website\",\"url\":\"https:\/\/hobierotikshop.com.tr\/website1\/\",\"name\":\"Bursa Erotik Shop\",\"description\":\"Bursa Erotik Shop ile g\u00fcvenli, gizli ve kaliteli yeti\u015fkin \u00fcr\u00fcnleri al\u0131\u015fveri\u015fi! Geni\u015f \u00fcr\u00fcn yelpazemizi ke\u015ffedin, hemen sipari\u015f verin\",\"publisher\":{\"@id\":\"https:\/\/hobierotikshop.com.tr\/website1\/#organization\"},\"alternateName\":\"Erotik Shop\",\"potentialAction\":[{\"@type\":\"SearchAction\",\"target\":{\"@type\":\"EntryPoint\",\"urlTemplate\":\"https:\/\/hobierotikshop.com.tr\/website1\/?s={search_term_string}\"},\"query-input\":{\"@type\":\"PropertyValueSpecification\",\"valueRequired\":true,\"valueName\":\"search_term_string\"}}],\"inLanguage\":\"tr\"},{\"@type\":\"Organization\",\"@id\":\"https:\/\/hobierotikshop.com.tr\/website1\/#organization\",\"name\":\"Harem Bursa Erotik Shop\",\"url\":\"https:\/\/hobierotikshop.com.tr\/website1\/\",\"logo\":{\"@type\":\"ImageObject\",\"inLanguage\":\"tr\",\"@id\":\"https:\/\/hobierotikshop.com.tr\/website1\/#\/schema\/logo\/image\/\",\"url\":\"https:\/\/haremerotikshop.com\/site\/wp-content\/uploads\/2025\/03\/haremsexshop.png\",\"contentUrl\":\"https:\/\/haremerotikshop.com\/site\/wp-content\/uploads\/2025\/03\/haremsexshop.png\",\"width\":400,\"height\":100,\"caption\":\"Harem Bursa Erotik Shop\"},\"image\":{\"@id\":\"https:\/\/hobierotikshop.com.tr\/website1\/#\/schema\/logo\/image\/\"},\"sameAs\":[\"https:\/\/x.com\/shopbursa\"],\"publishingPrinciples\":\"https:\/\/hobierotikshop.com.tr\/website1\/mesafeli-satis-sozlesmesi\/\",\"ownershipFundingInfo\":\"https:\/\/hobierotikshop.com.tr\/website1\/contact-us\/\",\"actionableFeedbackPolicy\":\"https:\/\/hobierotikshop.com.tr\/website1\/contact-us\/\",\"correctionsPolicy\":\"https:\/\/hobierotikshop.com.tr\/website1\/mesafeli-satis-sozlesmesi\/\"}]}<\/script>\n<meta property=\"product:price:amount\" content=\"6500.00\" \/>\n<meta property=\"product:price:currency\" content=\"TRY\" \/>\n<meta property=\"og:availability\" content=\"instock\" \/>\n<meta property=\"product:availability\" content=\"instock\" \/>\n<meta property=\"product:retailer_item_id\" content=\"BDM4582\" \/>\n<meta property=\"product:condition\" content=\"new\" \/>\n<!-- \/ Yoast SEO Premium plugin. -->","yoast_head_json":{"title":"Pretty Love Algernon Siyah Usb \u015earjl\u0131 12 Titre\u015fimli Uzaktan Kumandal\u0131 Vibrat\u00f6r - Bursa Erotik Shop","robots":{"index":"index","follow":"follow","max-snippet":"max-snippet:-1","max-image-preview":"max-image-preview:large","max-video-preview":"max-video-preview:-1"},"canonical":"https:\/\/hobierotikshop.com.tr\/website1\/erotik-shop-urun\/pretty-love-algernon-siyah-usb-sarjli-12-titresimli-uzaktan-kumandali-vibrator\/","og_locale":"tr_TR","og_type":"article","og_title":"Pretty Love Algernon Siyah Usb \u015earjl\u0131 12 Titre\u015fimli Uzaktan Kumandal\u0131 Vibrat\u00f6r","og_description":"Pretty Love Algernon Siyah USB \u015earjl\u0131 12 Titre\u015fimli Uzaktan Kumandal\u0131 Vibrat\u00f6r &nbsp; &nbsp; &nbsp; \u00dcr\u00fcn Kodu:BDM4582 &nbsp; &nbsp; \u00c7ift tarafl\u0131","og_url":"https:\/\/hobierotikshop.com.tr\/website1\/erotik-shop-urun\/pretty-love-algernon-siyah-usb-sarjli-12-titresimli-uzaktan-kumandali-vibrator\/","og_site_name":"Bursa Erotik Shop","article_modified_time":"2026-01-24T10:39:15+00:00","og_image":[{"width":455,"height":455,"url":"https:\/\/hobierotikshop.com.tr\/website1\/wp-content\/uploads\/2025\/04\/pretty-love-algernon-siyah-usb-sarjli-12-99a7.jpg","type":"image\/jpeg"}],"twitter_card":"summary_large_image","twitter_site":"@shopbursa","twitter_misc":{"Fiyat":"&#8378;6.500,00","Availability":"In stock"},"schema":{"@context":"https:\/\/schema.org","@graph":[{"@type":"WebPage","@id":"https:\/\/hobierotikshop.com.tr\/website1\/erotik-shop-urun\/pretty-love-algernon-siyah-usb-sarjli-12-titresimli-uzaktan-kumandali-vibrator\/","url":"https:\/\/hobierotikshop.com.tr\/website1\/erotik-shop-urun\/pretty-love-algernon-siyah-usb-sarjli-12-titresimli-uzaktan-kumandali-vibrator\/","name":"Pretty Love Algernon Siyah Usb \u015earjl\u0131 12 Titre\u015fimli Uzaktan Kumandal\u0131 Vibrat\u00f6r - Bursa Erotik Shop","isPartOf":{"@id":"https:\/\/hobierotikshop.com.tr\/website1\/#website"},"primaryImageOfPage":{"@id":"https:\/\/hobierotikshop.com.tr\/website1\/erotik-shop-urun\/pretty-love-algernon-siyah-usb-sarjli-12-titresimli-uzaktan-kumandali-vibrator\/#primaryimage"},"image":{"@id":"https:\/\/hobierotikshop.com.tr\/website1\/erotik-shop-urun\/pretty-love-algernon-siyah-usb-sarjli-12-titresimli-uzaktan-kumandali-vibrator\/#primaryimage"},"thumbnailUrl":"https:\/\/haremerotikshop.com\/site\/wp-content\/uploads\/2025\/04\/pretty-love-algernon-siyah-usb-sarjli-12-99a7.jpg","datePublished":"2025-04-26T12:33:41+00:00","dateModified":"2026-01-24T10:39:15+00:00","breadcrumb":{"@id":"https:\/\/hobierotikshop.com.tr\/website1\/erotik-shop-urun\/pretty-love-algernon-siyah-usb-sarjli-12-titresimli-uzaktan-kumandali-vibrator\/#breadcrumb"},"inLanguage":"tr","potentialAction":[{"@type":"ReadAction","target":["https:\/\/hobierotikshop.com.tr\/website1\/erotik-shop-urun\/pretty-love-algernon-siyah-usb-sarjli-12-titresimli-uzaktan-kumandali-vibrator\/"]}]},{"@type":"ImageObject","inLanguage":"tr","@id":"https:\/\/hobierotikshop.com.tr\/website1\/erotik-shop-urun\/pretty-love-algernon-siyah-usb-sarjli-12-titresimli-uzaktan-kumandali-vibrator\/#primaryimage","url":"https:\/\/haremerotikshop.com\/site\/wp-content\/uploads\/2025\/04\/pretty-love-algernon-siyah-usb-sarjli-12-99a7.jpg","contentUrl":"https:\/\/haremerotikshop.com\/site\/wp-content\/uploads\/2025\/04\/pretty-love-algernon-siyah-usb-sarjli-12-99a7.jpg","width":455,"height":455},{"@type":"BreadcrumbList","@id":"https:\/\/hobierotikshop.com.tr\/website1\/erotik-shop-urun\/pretty-love-algernon-siyah-usb-sarjli-12-titresimli-uzaktan-kumandali-vibrator\/#breadcrumb","itemListElement":[{"@type":"ListItem","position":1,"name":"Anasayfa","item":"https:\/\/hobierotikshop.com.tr\/website1\/"},{"@type":"ListItem","position":2,"name":"Erotik Shop \u00dcr\u00fcnleri","item":"https:\/\/hobierotikshop.com.tr\/website1\/shop\/"},{"@type":"ListItem","position":3,"name":"Pretty Love Algernon Siyah Usb \u015earjl\u0131 12 Titre\u015fimli Uzaktan Kumandal\u0131 Vibrat\u00f6r"}]},{"@type":"WebSite","@id":"https:\/\/hobierotikshop.com.tr\/website1\/#website","url":"https:\/\/hobierotikshop.com.tr\/website1\/","name":"Bursa Erotik Shop","description":"Bursa Erotik Shop ile g\u00fcvenli, gizli ve kaliteli yeti\u015fkin \u00fcr\u00fcnleri al\u0131\u015fveri\u015fi! Geni\u015f \u00fcr\u00fcn yelpazemizi ke\u015ffedin, hemen sipari\u015f verin","publisher":{"@id":"https:\/\/hobierotikshop.com.tr\/website1\/#organization"},"alternateName":"Erotik Shop","potentialAction":[{"@type":"SearchAction","target":{"@type":"EntryPoint","urlTemplate":"https:\/\/hobierotikshop.com.tr\/website1\/?s={search_term_string}"},"query-input":{"@type":"PropertyValueSpecification","valueRequired":true,"valueName":"search_term_string"}}],"inLanguage":"tr"},{"@type":"Organization","@id":"https:\/\/hobierotikshop.com.tr\/website1\/#organization","name":"Harem Bursa Erotik Shop","url":"https:\/\/hobierotikshop.com.tr\/website1\/","logo":{"@type":"ImageObject","inLanguage":"tr","@id":"https:\/\/hobierotikshop.com.tr\/website1\/#\/schema\/logo\/image\/","url":"https:\/\/haremerotikshop.com\/site\/wp-content\/uploads\/2025\/03\/haremsexshop.png","contentUrl":"https:\/\/haremerotikshop.com\/site\/wp-content\/uploads\/2025\/03\/haremsexshop.png","width":400,"height":100,"caption":"Harem Bursa Erotik Shop"},"image":{"@id":"https:\/\/hobierotikshop.com.tr\/website1\/#\/schema\/logo\/image\/"},"sameAs":["https:\/\/x.com\/shopbursa"],"publishingPrinciples":"https:\/\/hobierotikshop.com.tr\/website1\/mesafeli-satis-sozlesmesi\/","ownershipFundingInfo":"https:\/\/hobierotikshop.com.tr\/website1\/contact-us\/","actionableFeedbackPolicy":"https:\/\/hobierotikshop.com.tr\/website1\/contact-us\/","correctionsPolicy":"https:\/\/hobierotikshop.com.tr\/website1\/mesafeli-satis-sozlesmesi\/"}]},"product_price_amount":"6500.00","product_price_currency":"TRY","og_availability":"instock","product_availability":"instock","product_retailer_item_id":"BDM4582","product_condition":"new"},"_links":{"self":[{"href":"https:\/\/haremerotikshop.com\/site\/wp-json\/wp\/v2\/product\/38368","targetHints":{"allow":["GET"]}}],"collection":[{"href":"https:\/\/haremerotikshop.com\/site\/wp-json\/wp\/v2\/product"}],"about":[{"href":"https:\/\/haremerotikshop.com\/site\/wp-json\/wp\/v2\/types\/product"}],"replies":[{"embeddable":true,"href":"https:\/\/haremerotikshop.com\/site\/wp-json\/wp\/v2\/comments?post=38368"}],"version-history":[{"count":0,"href":"https:\/\/haremerotikshop.com\/site\/wp-json\/wp\/v2\/product\/38368\/revisions"}],"wp:featuredmedia":[{"embeddable":true,"href":"https:\/\/haremerotikshop.com\/site\/wp-json\/wp\/v2\/media\/38370"}],"wp:attachment":[{"href":"https:\/\/haremerotikshop.com\/site\/wp-json\/wp\/v2\/media?parent=38368"}],"wp:term":[{"taxonomy":"product_brand","embeddable":true,"href":"https:\/\/haremerotikshop.com\/site\/wp-json\/wp\/v2\/product_brand?post=38368"},{"taxonomy":"product_cat","embeddable":true,"href":"https:\/\/haremerotikshop.com\/site\/wp-json\/wp\/v2\/product_cat?post=38368"},{"taxonomy":"product_tag","embeddable":true,"href":"https:\/\/haremerotikshop.com\/site\/wp-json\/wp\/v2\/product_tag?post=38368"}],"curies":[{"name":"wp","href":"https:\/\/api.w.org\/{rel}","templated":true}]}}