{"id":39239,"date":"2025-04-26T15:45:21","date_gmt":"2025-04-26T12:45:21","guid":{"rendered":"https:\/\/haremerotikshop.com\/site\/erotik-shop-urun\/5-cm-uzatmali-realistik-titresimli-penis-kilifi-xtender\/"},"modified":"2026-01-23T13:29:27","modified_gmt":"2026-01-23T10:29:27","slug":"5-cm-uzatmali-realistik-titresimli-penis-kilifi-xtender","status":"publish","type":"product","link":"https:\/\/haremerotikshop.com\/site\/erotik-shop-urun\/5-cm-uzatmali-realistik-titresimli-penis-kilifi-xtender\/","title":{"rendered":"5 Cm Uzatmal\u0131 Realistik Titre\u015fimli Penis K\u0131l\u0131f\u0131 Xtender"},"content":{"rendered":"<h2><span style=\"color:#e74c3c\"><span style=\"font-size:20px\"><span style=\"font-family:Verdana,Geneva,sans-serif\">5 cm Uzatmal\u0131 Realistik Titre\u015fimli Penis K\u0131l\u0131f\u0131 XTender&nbsp; &nbsp; &nbsp; &nbsp;<\/span><\/span><\/span><\/h2>\n<h2><span style=\"color:#e74c3c\"><span style=\"font-size:20px\"><span style=\"font-family:Verdana,Geneva,sans-serif\">\u00dcr\u00fcn Kodu :LV414101F<\/span><\/span><\/span><\/h2>\n<p><span style=\"font-size:16px\"><span style=\"font-family:Verdana,Geneva,sans-serif\"><\/p>\n<p><strong>&nbsp; &nbsp; &nbsp;&nbsp;<\/strong><\/p>\n<p>Ger\u00e7ek\u00e7i ten dokusunda uzatmal\u0131 titre\u015fimli penis k\u0131l\u0131f\u0131<br \/>\u00d6zel titre\u015fimi sayesinde Klitorisi uyar\u0131r ve kar\u015f\u0131 cinsin daha fazla zevk almas\u0131n\u0131 sa\u011flar.<br \/>Maksimum zevk i\u00e7in s\u00fcper yumu\u015fak bir doku \u00f6zelli\u011findedir.<br \/>Esnek olmas\u0131ndan dolay\u0131 her penis boyuna rahatl\u0131kla uyum sa\u011flar.<br \/>5 cm&#8217;lik dolgu penis ucu ger\u00e7ek\u00e7i g\u00f6r\u00fcn\u00fcm ve ger\u00e7ek dokunu\u015f hissini verir.<br \/>D\u0131\u015f y\u00fczeyi ger\u00e7ek\u00e7i damarl\u0131 doku detaylar\u0131ndan olu\u015fur.<br \/>Do\u011fal duygu hissi olu\u015fturmas\u0131 i\u00e7in penis ucu dolgu k\u0131sm\u0131 (5 cm) tasarlanm\u0131\u015ft\u0131r.<br \/>Maksimum temas ve uyar\u0131lma sa\u011flamak i\u00e7in i\u00e7 kanal p\u00fcr\u00fczs\u00fcz dokudad\u0131r.<br \/>Ger\u00e7ek\u00e7i et doku \u00f6zelli\u011fi v\u00fccut \u0131s\u0131s\u0131na an\u0131nda adapte olur ve yans\u0131t\u0131r.<br \/>Daha e\u011flenceli kullan\u0131m i\u00e7in su bazl\u0131 bir kayganla\u015ft\u0131r\u0131c\u0131 kullan\u0131lmal\u0131d\u0131r.<br \/>Uzunlu\u011fu: 19 cm<br \/>Kal\u0131nl\u0131\u011f\u0131: &nbsp;4,5 cm<br \/>U\u00e7 Dolgusu: 5 cm<br \/>Kanal \u00c7ap\u0131: 3 cm<br \/>Her kullan\u0131mdan sonra \u0131l\u0131k su ile y\u0131kay\u0131n\u0131z.<\/p>\n<p>&nbsp;&nbsp;<\/p>\n<p>G\u00d6NDER\u0130 \u015eEKL\u0130<\/p>\n<p>Sipari\u015fleriniz i\u00e7eri\u011fi anla\u015f\u0131lmayacak \u015fekilde gizli ve kapal\u0131 kolide g\u00f6nderilir.<br \/>&nbsp;<br \/>\u00d6DEME T\u00dcRLER\u0130<\/p>\n<p>Nakit veya Kredi Kart\u0131 ile kap\u0131da veya \u015fubede kargoya \u00f6deyebilirsiniz.<br \/>Sistemimiz tek \u00e7ekim veya taksit se\u00e7enekleri ile i\u015flem yapabilirsiniz.<br \/>Banka yolu ile havale yapabilirsiniz.&nbsp;<br \/>&nbsp;<br \/>TESL\u0130MAT \u015eEKL\u0130<\/p>\n<p>\u0130ster Kap\u0131n\u0131za Gelsin \u0130ster Kargodan Al\u0131n<\/p>\n<p><\/span><\/p>\n<p><span style=\"font-family: Verdana, Geneva, sans-serif\">T\u00fcm \u00fcr\u00fcnlerimiz sipari\u015ften teslimata kadar firmam\u0131z g\u00fcvencesi alt\u0131nda olup verilen sipari\u015fler tam ve eksiksiz olarak m\u00fc\u015fterilerimize ula\u015ft\u0131r\u0131l\u0131r.<\/span><\/p>\n<p><\/span><span style=\"font-size:16px\"><span style=\"font-family:Verdana,Geneva,sans-serif\"><\/p>\n<p>&nbsp;<br \/>* Kap\u0131da \u00d6deme G\u00fcvenli Al\u0131\u015fveri\u015f<br \/>* T\u00fcm \u00dcr\u00fcnlerde H\u0131zl\u0131 G\u00f6nderim<br \/>* Orjinal \u00dcr\u00fcn Garantisi&nbsp;<br \/>* T\u00fcm \u00dcr\u00fcnlerde Gizli Kargo \/ Paket<br \/>&nbsp; &nbsp;&nbsp;<br \/><u><em><strong>G\u0130ZL\u0130L\u0130\u011e\u0130N\u0130ZE \u00d6NEM VER\u0130YORUZ<\/strong><\/em><\/u><\/p>\n<p><\/span><\/span><\/p>\n<p>&nbsp; &nbsp; &nbsp;<\/p>\n<p><a href=\"https:\/\/api.whatsapp.com\/send?phone=905304676616&amp;text=Sipari%C5%9F%20Vermek%20%C4%B0stiyorum%20lilitushop%20LV414101F\"><img decoding=\"async\" alt=\"\" src=\"https:\/\/static.ticimax.cloud\/32886\/uploads\/editoruploads\/whatsapp-destek-hatti.gif\" \/><\/a><\/p>\n","protected":false},"excerpt":{"rendered":"<p>5 cm Uzatmal\u0131 Realistik Titre\u015fimli Penis K\u0131l\u0131f\u0131 XTender&nbsp; &nbsp; &nbsp; &nbsp; \u00dcr\u00fcn Kodu :LV414101F &nbsp; &nbsp; &nbsp;&nbsp; Ger\u00e7ek\u00e7i ten dokusunda<\/p>\n","protected":false},"featured_media":39241,"comment_status":"closed","ping_status":"closed","template":"","meta":[],"product_brand":[],"product_cat":[505],"product_tag":[],"class_list":{"0":"post-39239","1":"product","2":"type-product","3":"status-publish","4":"has-post-thumbnail","6":"product_cat-penis-kiliflari-halkalari","8":"first","9":"outofstock","10":"purchasable","11":"product-type-simple"},"yoast_head":"<!-- This site is optimized with the Yoast SEO Premium plugin v24.4 (Yoast SEO v27.1.1) - https:\/\/yoast.com\/product\/yoast-seo-premium-wordpress\/ -->\n<title>5 Cm Uzatmal\u0131 Realistik Titre\u015fimli Penis K\u0131l\u0131f\u0131 Xtender - Bursa Erotik Shop<\/title>\n<meta name=\"robots\" content=\"index, follow, max-snippet:-1, max-image-preview:large, max-video-preview:-1\" \/>\n<link rel=\"canonical\" href=\"https:\/\/hobierotikshop.com.tr\/website1\/erotik-shop-urun\/5-cm-uzatmali-realistik-titresimli-penis-kilifi-xtender\/\" \/>\n<meta property=\"og:locale\" content=\"tr_TR\" \/>\n<meta property=\"og:type\" content=\"article\" \/>\n<meta property=\"og:title\" content=\"5 Cm Uzatmal\u0131 Realistik Titre\u015fimli Penis K\u0131l\u0131f\u0131 Xtender\" \/>\n<meta property=\"og:description\" content=\"5 cm Uzatmal\u0131 Realistik Titre\u015fimli Penis K\u0131l\u0131f\u0131 XTender&nbsp; &nbsp; &nbsp; &nbsp; \u00dcr\u00fcn Kodu :LV414101F &nbsp; &nbsp; &nbsp;&nbsp; Ger\u00e7ek\u00e7i ten dokusunda\" \/>\n<meta property=\"og:url\" content=\"https:\/\/hobierotikshop.com.tr\/website1\/erotik-shop-urun\/5-cm-uzatmali-realistik-titresimli-penis-kilifi-xtender\/\" \/>\n<meta property=\"og:site_name\" content=\"Bursa Erotik Shop\" \/>\n<meta property=\"article:modified_time\" content=\"2026-01-23T10:29:27+00:00\" \/>\n<meta property=\"og:image\" content=\"https:\/\/hobierotikshop.com.tr\/website1\/wp-content\/uploads\/2025\/04\/5-cm-uzatmali-realistik-titresimli-penis-6608.jpg\" \/>\n\t<meta property=\"og:image:width\" content=\"455\" \/>\n\t<meta property=\"og:image:height\" content=\"455\" \/>\n\t<meta property=\"og:image:type\" content=\"image\/jpeg\" \/>\n<meta name=\"twitter:card\" content=\"summary_large_image\" \/>\n<meta name=\"twitter:site\" content=\"@shopbursa\" \/>\n<meta name=\"twitter:label1\" content=\"Fiyat\" \/>\n\t<meta name=\"twitter:data1\" content=\"&#8378;4.587,00\" \/>\n\t<meta name=\"twitter:label2\" content=\"Availability\" \/>\n\t<meta name=\"twitter:data2\" content=\"Out of stock\" \/>\n<script type=\"application\/ld+json\" class=\"yoast-schema-graph\">{\"@context\":\"https:\/\/schema.org\",\"@graph\":[{\"@type\":\"WebPage\",\"@id\":\"https:\/\/hobierotikshop.com.tr\/website1\/erotik-shop-urun\/5-cm-uzatmali-realistik-titresimli-penis-kilifi-xtender\/\",\"url\":\"https:\/\/hobierotikshop.com.tr\/website1\/erotik-shop-urun\/5-cm-uzatmali-realistik-titresimli-penis-kilifi-xtender\/\",\"name\":\"5 Cm Uzatmal\u0131 Realistik Titre\u015fimli Penis K\u0131l\u0131f\u0131 Xtender - Bursa Erotik Shop\",\"isPartOf\":{\"@id\":\"https:\/\/hobierotikshop.com.tr\/website1\/#website\"},\"primaryImageOfPage\":{\"@id\":\"https:\/\/hobierotikshop.com.tr\/website1\/erotik-shop-urun\/5-cm-uzatmali-realistik-titresimli-penis-kilifi-xtender\/#primaryimage\"},\"image\":{\"@id\":\"https:\/\/hobierotikshop.com.tr\/website1\/erotik-shop-urun\/5-cm-uzatmali-realistik-titresimli-penis-kilifi-xtender\/#primaryimage\"},\"thumbnailUrl\":\"https:\/\/haremerotikshop.com\/site\/wp-content\/uploads\/2025\/04\/5-cm-uzatmali-realistik-titresimli-penis-6608.jpg\",\"datePublished\":\"2025-04-26T12:45:21+00:00\",\"dateModified\":\"2026-01-23T10:29:27+00:00\",\"breadcrumb\":{\"@id\":\"https:\/\/hobierotikshop.com.tr\/website1\/erotik-shop-urun\/5-cm-uzatmali-realistik-titresimli-penis-kilifi-xtender\/#breadcrumb\"},\"inLanguage\":\"tr\",\"potentialAction\":[{\"@type\":\"ReadAction\",\"target\":[\"https:\/\/hobierotikshop.com.tr\/website1\/erotik-shop-urun\/5-cm-uzatmali-realistik-titresimli-penis-kilifi-xtender\/\"]}]},{\"@type\":\"ImageObject\",\"inLanguage\":\"tr\",\"@id\":\"https:\/\/hobierotikshop.com.tr\/website1\/erotik-shop-urun\/5-cm-uzatmali-realistik-titresimli-penis-kilifi-xtender\/#primaryimage\",\"url\":\"https:\/\/haremerotikshop.com\/site\/wp-content\/uploads\/2025\/04\/5-cm-uzatmali-realistik-titresimli-penis-6608.jpg\",\"contentUrl\":\"https:\/\/haremerotikshop.com\/site\/wp-content\/uploads\/2025\/04\/5-cm-uzatmali-realistik-titresimli-penis-6608.jpg\",\"width\":455,\"height\":455},{\"@type\":\"BreadcrumbList\",\"@id\":\"https:\/\/hobierotikshop.com.tr\/website1\/erotik-shop-urun\/5-cm-uzatmali-realistik-titresimli-penis-kilifi-xtender\/#breadcrumb\",\"itemListElement\":[{\"@type\":\"ListItem\",\"position\":1,\"name\":\"Anasayfa\",\"item\":\"https:\/\/hobierotikshop.com.tr\/website1\/\"},{\"@type\":\"ListItem\",\"position\":2,\"name\":\"Erotik Shop \u00dcr\u00fcnleri\",\"item\":\"https:\/\/hobierotikshop.com.tr\/website1\/shop\/\"},{\"@type\":\"ListItem\",\"position\":3,\"name\":\"5 Cm Uzatmal\u0131 Realistik Titre\u015fimli Penis K\u0131l\u0131f\u0131 Xtender\"}]},{\"@type\":\"WebSite\",\"@id\":\"https:\/\/hobierotikshop.com.tr\/website1\/#website\",\"url\":\"https:\/\/hobierotikshop.com.tr\/website1\/\",\"name\":\"Bursa Erotik Shop\",\"description\":\"Bursa Erotik Shop ile g\u00fcvenli, gizli ve kaliteli yeti\u015fkin \u00fcr\u00fcnleri al\u0131\u015fveri\u015fi! Geni\u015f \u00fcr\u00fcn yelpazemizi ke\u015ffedin, hemen sipari\u015f verin\",\"publisher\":{\"@id\":\"https:\/\/hobierotikshop.com.tr\/website1\/#organization\"},\"alternateName\":\"Erotik Shop\",\"potentialAction\":[{\"@type\":\"SearchAction\",\"target\":{\"@type\":\"EntryPoint\",\"urlTemplate\":\"https:\/\/hobierotikshop.com.tr\/website1\/?s={search_term_string}\"},\"query-input\":{\"@type\":\"PropertyValueSpecification\",\"valueRequired\":true,\"valueName\":\"search_term_string\"}}],\"inLanguage\":\"tr\"},{\"@type\":\"Organization\",\"@id\":\"https:\/\/hobierotikshop.com.tr\/website1\/#organization\",\"name\":\"Harem Bursa Erotik Shop\",\"url\":\"https:\/\/hobierotikshop.com.tr\/website1\/\",\"logo\":{\"@type\":\"ImageObject\",\"inLanguage\":\"tr\",\"@id\":\"https:\/\/hobierotikshop.com.tr\/website1\/#\/schema\/logo\/image\/\",\"url\":\"https:\/\/haremerotikshop.com\/site\/wp-content\/uploads\/2025\/03\/haremsexshop.png\",\"contentUrl\":\"https:\/\/haremerotikshop.com\/site\/wp-content\/uploads\/2025\/03\/haremsexshop.png\",\"width\":400,\"height\":100,\"caption\":\"Harem Bursa Erotik Shop\"},\"image\":{\"@id\":\"https:\/\/hobierotikshop.com.tr\/website1\/#\/schema\/logo\/image\/\"},\"sameAs\":[\"https:\/\/x.com\/shopbursa\"],\"publishingPrinciples\":\"https:\/\/hobierotikshop.com.tr\/website1\/mesafeli-satis-sozlesmesi\/\",\"ownershipFundingInfo\":\"https:\/\/hobierotikshop.com.tr\/website1\/contact-us\/\",\"actionableFeedbackPolicy\":\"https:\/\/hobierotikshop.com.tr\/website1\/contact-us\/\",\"correctionsPolicy\":\"https:\/\/hobierotikshop.com.tr\/website1\/mesafeli-satis-sozlesmesi\/\"}]}<\/script>\n<meta property=\"product:price:amount\" content=\"4587.00\" \/>\n<meta property=\"product:price:currency\" content=\"TRY\" \/>\n<meta property=\"og:availability\" content=\"out of stock\" \/>\n<meta property=\"product:availability\" content=\"out of stock\" \/>\n<meta property=\"product:retailer_item_id\" content=\"LV414101F\" \/>\n<meta property=\"product:condition\" content=\"new\" \/>\n<!-- \/ Yoast SEO Premium plugin. -->","yoast_head_json":{"title":"5 Cm Uzatmal\u0131 Realistik Titre\u015fimli Penis K\u0131l\u0131f\u0131 Xtender - Bursa Erotik Shop","robots":{"index":"index","follow":"follow","max-snippet":"max-snippet:-1","max-image-preview":"max-image-preview:large","max-video-preview":"max-video-preview:-1"},"canonical":"https:\/\/hobierotikshop.com.tr\/website1\/erotik-shop-urun\/5-cm-uzatmali-realistik-titresimli-penis-kilifi-xtender\/","og_locale":"tr_TR","og_type":"article","og_title":"5 Cm Uzatmal\u0131 Realistik Titre\u015fimli Penis K\u0131l\u0131f\u0131 Xtender","og_description":"5 cm Uzatmal\u0131 Realistik Titre\u015fimli Penis K\u0131l\u0131f\u0131 XTender&nbsp; &nbsp; &nbsp; &nbsp; \u00dcr\u00fcn Kodu :LV414101F &nbsp; &nbsp; &nbsp;&nbsp; Ger\u00e7ek\u00e7i ten dokusunda","og_url":"https:\/\/hobierotikshop.com.tr\/website1\/erotik-shop-urun\/5-cm-uzatmali-realistik-titresimli-penis-kilifi-xtender\/","og_site_name":"Bursa Erotik Shop","article_modified_time":"2026-01-23T10:29:27+00:00","og_image":[{"width":455,"height":455,"url":"https:\/\/hobierotikshop.com.tr\/website1\/wp-content\/uploads\/2025\/04\/5-cm-uzatmali-realistik-titresimli-penis-6608.jpg","type":"image\/jpeg"}],"twitter_card":"summary_large_image","twitter_site":"@shopbursa","twitter_misc":{"Fiyat":"&#8378;4.587,00","Availability":"Out of stock"},"schema":{"@context":"https:\/\/schema.org","@graph":[{"@type":"WebPage","@id":"https:\/\/hobierotikshop.com.tr\/website1\/erotik-shop-urun\/5-cm-uzatmali-realistik-titresimli-penis-kilifi-xtender\/","url":"https:\/\/hobierotikshop.com.tr\/website1\/erotik-shop-urun\/5-cm-uzatmali-realistik-titresimli-penis-kilifi-xtender\/","name":"5 Cm Uzatmal\u0131 Realistik Titre\u015fimli Penis K\u0131l\u0131f\u0131 Xtender - Bursa Erotik Shop","isPartOf":{"@id":"https:\/\/hobierotikshop.com.tr\/website1\/#website"},"primaryImageOfPage":{"@id":"https:\/\/hobierotikshop.com.tr\/website1\/erotik-shop-urun\/5-cm-uzatmali-realistik-titresimli-penis-kilifi-xtender\/#primaryimage"},"image":{"@id":"https:\/\/hobierotikshop.com.tr\/website1\/erotik-shop-urun\/5-cm-uzatmali-realistik-titresimli-penis-kilifi-xtender\/#primaryimage"},"thumbnailUrl":"https:\/\/haremerotikshop.com\/site\/wp-content\/uploads\/2025\/04\/5-cm-uzatmali-realistik-titresimli-penis-6608.jpg","datePublished":"2025-04-26T12:45:21+00:00","dateModified":"2026-01-23T10:29:27+00:00","breadcrumb":{"@id":"https:\/\/hobierotikshop.com.tr\/website1\/erotik-shop-urun\/5-cm-uzatmali-realistik-titresimli-penis-kilifi-xtender\/#breadcrumb"},"inLanguage":"tr","potentialAction":[{"@type":"ReadAction","target":["https:\/\/hobierotikshop.com.tr\/website1\/erotik-shop-urun\/5-cm-uzatmali-realistik-titresimli-penis-kilifi-xtender\/"]}]},{"@type":"ImageObject","inLanguage":"tr","@id":"https:\/\/hobierotikshop.com.tr\/website1\/erotik-shop-urun\/5-cm-uzatmali-realistik-titresimli-penis-kilifi-xtender\/#primaryimage","url":"https:\/\/haremerotikshop.com\/site\/wp-content\/uploads\/2025\/04\/5-cm-uzatmali-realistik-titresimli-penis-6608.jpg","contentUrl":"https:\/\/haremerotikshop.com\/site\/wp-content\/uploads\/2025\/04\/5-cm-uzatmali-realistik-titresimli-penis-6608.jpg","width":455,"height":455},{"@type":"BreadcrumbList","@id":"https:\/\/hobierotikshop.com.tr\/website1\/erotik-shop-urun\/5-cm-uzatmali-realistik-titresimli-penis-kilifi-xtender\/#breadcrumb","itemListElement":[{"@type":"ListItem","position":1,"name":"Anasayfa","item":"https:\/\/hobierotikshop.com.tr\/website1\/"},{"@type":"ListItem","position":2,"name":"Erotik Shop \u00dcr\u00fcnleri","item":"https:\/\/hobierotikshop.com.tr\/website1\/shop\/"},{"@type":"ListItem","position":3,"name":"5 Cm Uzatmal\u0131 Realistik Titre\u015fimli Penis K\u0131l\u0131f\u0131 Xtender"}]},{"@type":"WebSite","@id":"https:\/\/hobierotikshop.com.tr\/website1\/#website","url":"https:\/\/hobierotikshop.com.tr\/website1\/","name":"Bursa Erotik Shop","description":"Bursa Erotik Shop ile g\u00fcvenli, gizli ve kaliteli yeti\u015fkin \u00fcr\u00fcnleri al\u0131\u015fveri\u015fi! Geni\u015f \u00fcr\u00fcn yelpazemizi ke\u015ffedin, hemen sipari\u015f verin","publisher":{"@id":"https:\/\/hobierotikshop.com.tr\/website1\/#organization"},"alternateName":"Erotik Shop","potentialAction":[{"@type":"SearchAction","target":{"@type":"EntryPoint","urlTemplate":"https:\/\/hobierotikshop.com.tr\/website1\/?s={search_term_string}"},"query-input":{"@type":"PropertyValueSpecification","valueRequired":true,"valueName":"search_term_string"}}],"inLanguage":"tr"},{"@type":"Organization","@id":"https:\/\/hobierotikshop.com.tr\/website1\/#organization","name":"Harem Bursa Erotik Shop","url":"https:\/\/hobierotikshop.com.tr\/website1\/","logo":{"@type":"ImageObject","inLanguage":"tr","@id":"https:\/\/hobierotikshop.com.tr\/website1\/#\/schema\/logo\/image\/","url":"https:\/\/haremerotikshop.com\/site\/wp-content\/uploads\/2025\/03\/haremsexshop.png","contentUrl":"https:\/\/haremerotikshop.com\/site\/wp-content\/uploads\/2025\/03\/haremsexshop.png","width":400,"height":100,"caption":"Harem Bursa Erotik Shop"},"image":{"@id":"https:\/\/hobierotikshop.com.tr\/website1\/#\/schema\/logo\/image\/"},"sameAs":["https:\/\/x.com\/shopbursa"],"publishingPrinciples":"https:\/\/hobierotikshop.com.tr\/website1\/mesafeli-satis-sozlesmesi\/","ownershipFundingInfo":"https:\/\/hobierotikshop.com.tr\/website1\/contact-us\/","actionableFeedbackPolicy":"https:\/\/hobierotikshop.com.tr\/website1\/contact-us\/","correctionsPolicy":"https:\/\/hobierotikshop.com.tr\/website1\/mesafeli-satis-sozlesmesi\/"}]},"product_price_amount":"4587.00","product_price_currency":"TRY","og_availability":"out of stock","product_availability":"out of stock","product_retailer_item_id":"LV414101F","product_condition":"new"},"_links":{"self":[{"href":"https:\/\/haremerotikshop.com\/site\/wp-json\/wp\/v2\/product\/39239","targetHints":{"allow":["GET"]}}],"collection":[{"href":"https:\/\/haremerotikshop.com\/site\/wp-json\/wp\/v2\/product"}],"about":[{"href":"https:\/\/haremerotikshop.com\/site\/wp-json\/wp\/v2\/types\/product"}],"replies":[{"embeddable":true,"href":"https:\/\/haremerotikshop.com\/site\/wp-json\/wp\/v2\/comments?post=39239"}],"version-history":[{"count":0,"href":"https:\/\/haremerotikshop.com\/site\/wp-json\/wp\/v2\/product\/39239\/revisions"}],"wp:featuredmedia":[{"embeddable":true,"href":"https:\/\/haremerotikshop.com\/site\/wp-json\/wp\/v2\/media\/39241"}],"wp:attachment":[{"href":"https:\/\/haremerotikshop.com\/site\/wp-json\/wp\/v2\/media?parent=39239"}],"wp:term":[{"taxonomy":"product_brand","embeddable":true,"href":"https:\/\/haremerotikshop.com\/site\/wp-json\/wp\/v2\/product_brand?post=39239"},{"taxonomy":"product_cat","embeddable":true,"href":"https:\/\/haremerotikshop.com\/site\/wp-json\/wp\/v2\/product_cat?post=39239"},{"taxonomy":"product_tag","embeddable":true,"href":"https:\/\/haremerotikshop.com\/site\/wp-json\/wp\/v2\/product_tag?post=39239"}],"curies":[{"name":"wp","href":"https:\/\/api.w.org\/{rel}","templated":true}]}}