{"id":39590,"date":"2025-04-26T15:49:22","date_gmt":"2025-04-26T12:49:22","guid":{"rendered":"https:\/\/haremerotikshop.com\/site\/erotik-shop-urun\/love-fantasy-swing-seks-salincagi\/"},"modified":"2026-01-23T12:50:10","modified_gmt":"2026-01-23T09:50:10","slug":"love-fantasy-swing-seks-salincagi","status":"publish","type":"product","link":"https:\/\/haremerotikshop.com\/site\/erotik-shop-urun\/love-fantasy-swing-seks-salincagi\/","title":{"rendered":"Love Fantasy Swing Seks Sal\u0131nca\u011f\u0131"},"content":{"rendered":"<h2><span style=\"color:#e74c3c\"><span style=\"font-size:20px\"><span style=\"font-family:Verdana,Geneva,sans-serif\">Love Fantasy Swing Seks Sal\u0131nca\u011f\u0131 &nbsp; &nbsp; \u00dcr\u00fcn Kodu:BDMF010<\/span><\/span><\/span><\/h2>\n<p>&nbsp; &nbsp; &nbsp;<\/p>\n<p><span style=\"font-size:16px\"><span style=\"font-family:Verdana,Geneva,sans-serif\"><\/p>\n<p>\u0130nan\u0131lmaz Love Fantasy Swing Fet\u0130sh ile seks hayat\u0131n\u0131z\u0131 hi\u00e7 vakit kaybetmeden tekrar eyleme d\u00f6n\u00fc\u015ft\u00fcreceksiniz! Kurulum h\u0131zl\u0131 ve kolayd\u0131r.<\/p>\n<p>&nbsp;<\/p>\n<p>\u0130\u00e7indekiler:<br \/>A\u011f\u0131r Hizmet Tipi \u00c7elik Ku\u015fg\u00f6z\u00fc C\u0131vata<br \/>A\u011f\u0131r Hizmet Tipi Ba\u011flant\u0131 Zinciri<br \/>Burulma Yay\u0131<br \/>Metal Destek \u00c7ubu\u011fu<br \/>Popo ve S\u0131rt i\u00e7in 2 B\u00fcy\u00fck Yast\u0131kl\u0131 Destek<br \/>2 Bacaklar i\u00e7in K\u00fc\u00e7\u00fck Yast\u0131kl\u0131 \u00dczengi<br \/>2 EZ-A\u00e7\u0131k Ba\u011flant\u0131 Kancalar\u0131<br \/>Talimat Sayfas\u0131<br \/>\u00dccretsiz &nbsp;A\u015fk Maskesi<\/p>\n<p>TAL\u0130MATLAR: Love Fantasy SwingFet\u0131sh \u00ae\ufe0f\u2019in ku\u015fg\u00f6z\u00fc c\u0131vatas\u0131 iki yere tak\u0131labilir: bir kap\u0131n\u0131n alt taraf\u0131ndaki ah\u015fap \u00e7er\u00e7eveye veya tavandaki bir kiri\u015fe. Ku\u015fg\u00f6z\u00fc c\u0131vatas\u0131n\u0131 bir kap\u0131 kasas\u0131na takmak en kolay\u0131d\u0131r, ancak kap\u0131 aral\u0131\u011f\u0131 hareket a\u00e7\u0131kl\u0131\u011f\u0131n\u0131z\u0131 s\u0131n\u0131rlar. Ku\u015fg\u00f6z\u00fc c\u0131vatas\u0131n\u0131 g\u00fc\u00e7l\u00fc bir tavan kiri\u015fine takmak tercih edilen kullan\u0131m y\u00f6ntemidir. G\u00fcvenli ve keyifli bir &nbsp;Love Fantasy SwingFet\u0131sh \u00ae\ufe0f deneyimi sa\u011flamak i\u00e7in l\u00fctfen her iki talimat\u0131 da dikkatle izleyin.<\/p>\n<p>KAPI YOLLARI \u0130\u00c7\u0130N:<br \/>Ah\u015fap kap\u0131n\u0131n merkezini bulun ve kap\u0131 \u00e7er\u00e7evesinin alt taraf\u0131nda bir nokta i\u015faretleyin. G\u00f6zl\u00fc c\u0131vata \u00e7ok keskindir ve c\u0131vatan\u0131n ba\u015f\u0131na bir \u00e7eki\u00e7le vurularak ve t\u00fcm di\u015fler gizlenene kadar viday\u0131 d\u00f6nd\u00fcrerek vidalanabilir. G\u00f6zl\u00fc c\u0131vatay\u0131 tahtaya \u00e7evirmeye yard\u0131mc\u0131 olmas\u0131 i\u00e7in \u00e7eki\u00e7 t\u0131rna\u011f\u0131n\u0131 kullan\u0131n. Yerle\u015ftirmeyi kolayla\u015ft\u0131rmak i\u00e7in \u00f6nce bir 5\/16 pilot delik a\u00e7\u0131n, ard\u0131ndan delikli c\u0131vatay\u0131 vidalay\u0131n. T\u00fcm di\u015fler gizlenmelidir.<\/p>\n<p>TAVANLAR \u0130\u00c7\u0130N:<br \/>Herhangi bir donan\u0131m ma\u011fazas\u0131nda bulabilece\u011finiz bir saplama bulucu kullanarak tavan\u0131n\u0131zda bir kiri\u015f bulun. \u00c7evreleyen duvarlardan veya mobilyalardan yeterince a\u00e7\u0131k oldu\u011funuzdan emin olun. I\u015f\u0131n\u0131n merkezini bulun ve bir noktay\u0131 i\u015faretleyin. G\u00f6zl\u00fc c\u0131vata \u00e7ok keskindir ve c\u0131vatan\u0131n ba\u015f\u0131na bir \u00e7eki\u00e7le vurularak ve t\u00fcm di\u015fler gizlenene kadar viday\u0131 d\u00f6nd\u00fcrerek vidalanabilir. Delikli viday\u0131 tahtaya \u00e7evirmek i\u00e7in \u00e7eki\u00e7 t\u0131rna\u011f\u0131n\u0131 kullan\u0131n. Yerle\u015ftirmeyi kolayla\u015ft\u0131rmak i\u00e7in \u00f6nce bir 5\/16 pilot delik a\u00e7\u0131n, ard\u0131ndan delikli c\u0131vatay\u0131 vidalay\u0131n. T\u00fcm di\u015fler gizlenmelidir.<\/p>\n<p>D\u0130KKAT:<br \/>G\u00f6zl\u00fc ilik c\u0131vata bir kez tak\u0131ld\u0131ktan sonra, g\u00fcvenlik amac\u0131yla \u00e7\u0131karmay\u0131n. Bunu yapmak, ku\u015fg\u00f6z\u00fc c\u0131vata tutu\u015funu zay\u0131flatabilir!<\/p>\n<p>SALINIMIN ASILMASI:<br \/>Sal\u0131n\u0131m\u0131n a\u011f\u0131rl\u0131\u011f\u0131 90 kg\u2019dan azsa, verilen Burulma Yay\u0131n\u0131 kullan\u0131n Sal\u0131n\u0131m\u0131n a\u011f\u0131rl\u0131\u011f\u0131 90 kg2\u0131n \u00fczerindeyse, sallanma donan\u0131m\u0131n\u0131 yay kullanmadan monte edin. \u0130ki ki\u015filik kullan\u0131m s\u0131ras\u0131nda, a\u011f\u0131rl\u0131\u011f\u0131 belirlerken her iki partnerin pozisyonunu hesaba katt\u0131\u011f\u0131n\u0131zdan emin olun (bir partner yerde olabilir, ger\u00e7ekte yaydan as\u0131l\u0131 olmayabilir).<\/p>\n<p>UYARI:<\/p>\n<p>Torsion Spring kullan\u0131yorsan\u0131z, Love Fantasy SwingFet\u0131sh \u00ae\ufe0f\u2019i kullan\u0131rken ellerinizi bahar\u0131n \u00fczerine veya yak\u0131n\u0131na koymaktan ka\u00e7\u0131n\u0131n. Parmaklar\u0131n\u0131z veya v\u00fccudunuzun di\u011fer k\u0131s\u0131mlar\u0131 \u00e7ok yak\u0131nsa s\u0131k\u0131\u015fabilir!<\/p>\n<p>Love Fantasy SwingFet\u0131sh \u00ae\ufe0f tamamen ayarlanabilirdir ve rahat\u0131n\u0131z i\u00e7in tasarlanm\u0131\u015ft\u0131r. T\u00fcm pedler, destekler ve \u00fczengi demirleri, minimum eforla \u00e7e\u015fitli cinsel pozisyonlar\u0131 bar\u0131nd\u0131racak \u015fekilde ayarlanabilir. Sal\u0131n\u0131m donan\u0131m\u0131, sal\u0131n\u0131m\u0131 zeminden herhangi bir mesafede asacak \u015fekilde de ayarlanabilir. Hayal g\u00fcc\u00fcn\u00fcz\u00fc kullan\u0131n ve e\u011flenin!<\/p>\n<p>UYARI:<\/p>\n<p>\u00d6nerilen a\u011f\u0131rl\u0131k limiti 140 kg&#8217;\u0131 ge\u00e7memelidir. Y\u00fckleme ve kullanma riski size aittir.<\/p>\n<p>&nbsp; &nbsp;&nbsp;<\/p>\n<p>G\u00d6NDER\u0130 \u015eEKL\u0130<\/p>\n<p>Sipari\u015fleriniz i\u00e7eri\u011fi anla\u015f\u0131lmayacak \u015fekilde gizli ve kapal\u0131 kolide g\u00f6nderilir.<br \/>&nbsp;<br \/>\u00d6DEME T\u00dcRLER\u0130<\/p>\n<p>Nakit veya Kredi Kart\u0131 ile kap\u0131da veya \u015fubede kargoya \u00f6deyebilirsiniz.<br \/>Sistemimiz tek \u00e7ekim veya taksit se\u00e7enekleri ile i\u015flem yapabilirsiniz.<br \/>Banka yolu ile havale yapabilirsiniz.&nbsp;<br \/>&nbsp;<br \/>TESL\u0130MAT \u015eEKL\u0130<\/p>\n<p><\/span><\/p>\n<p><span style=\"font-family: Verdana, Geneva, sans-serif\">\u0130ster Kap\u0131n\u0131za Gelsin \u0130ster Kargodan Al\u0131n<\/span><\/p>\n<p><\/span><span style=\"font-size:16px\"><span style=\"font-family:Verdana,Geneva,sans-serif\"><\/p>\n<p>T\u00fcm sex shop \u00fcr\u00fcnlerimiz sipari\u015ften teslimata kadar firmam\u0131z g\u00fcvencesi alt\u0131nda olup verilen sipari\u015fler tam ve eksiksiz olarak m\u00fc\u015fterilerimize ula\u015ft\u0131r\u0131l\u0131r.<br \/>&nbsp;<br \/>* Kap\u0131da \u00d6deme G\u00fcvenli Al\u0131\u015fveri\u015f<br \/>* T\u00fcm \u00dcr\u00fcnlerde H\u0131zl\u0131 G\u00f6nderim<br \/>* Orjinal \u00dcr\u00fcn Garantisi&nbsp;<br \/>* T\u00fcm \u00dcr\u00fcnlerde Gizli Kargo \/ Paket<br \/>&nbsp; &nbsp;&nbsp;<br \/><u><em><strong>G\u0130ZL\u0130L\u0130\u011e\u0130N\u0130ZE \u00d6NEM VER\u0130YORUZ<\/strong><\/em><\/u><\/p>\n<p>&nbsp; &nbsp; &nbsp;<\/p>\n<p><\/span><\/span><\/p>\n<p><a href=\"http:\/\/api.whatsapp.com\/send?phone=905304676616&amp;text=Sipari%C5%9F%20Vermek%20%C4%B0stiyorum%20lilitushop%20BDMF010\"><img decoding=\"async\" alt=\"\" src=\"https:\/\/static.ticimax.cloud\/32886\/uploads\/editoruploads\/whatsapp-destek-hatti.gif\" \/><\/a><\/p>\n","protected":false},"excerpt":{"rendered":"<p>Love Fantasy Swing Seks Sal\u0131nca\u011f\u0131 &nbsp; &nbsp; \u00dcr\u00fcn Kodu:BDMF010 &nbsp; &nbsp; &nbsp; \u0130nan\u0131lmaz Love Fantasy Swing Fet\u0130sh ile seks hayat\u0131n\u0131z\u0131<\/p>\n","protected":false},"featured_media":39592,"comment_status":"closed","ping_status":"closed","template":"","meta":[],"product_brand":[],"product_cat":[499],"product_tag":[],"class_list":{"0":"post-39590","1":"product","2":"type-product","3":"status-publish","4":"has-post-thumbnail","6":"product_cat-fetish-fantezi-urunleri","8":"first","9":"instock","10":"purchasable","11":"product-type-simple"},"yoast_head":"<!-- This site is optimized with the Yoast SEO Premium plugin v24.4 (Yoast SEO v27.1.1) - https:\/\/yoast.com\/product\/yoast-seo-premium-wordpress\/ -->\n<title>Love Fantasy Swing Seks Sal\u0131nca\u011f\u0131 - Bursa Erotik Shop<\/title>\n<meta name=\"robots\" content=\"index, follow, max-snippet:-1, max-image-preview:large, max-video-preview:-1\" \/>\n<link rel=\"canonical\" href=\"https:\/\/hobierotikshop.com.tr\/website1\/erotik-shop-urun\/love-fantasy-swing-seks-salincagi\/\" \/>\n<meta property=\"og:locale\" content=\"tr_TR\" \/>\n<meta property=\"og:type\" content=\"article\" \/>\n<meta property=\"og:title\" content=\"Love Fantasy Swing Seks Sal\u0131nca\u011f\u0131\" \/>\n<meta property=\"og:description\" content=\"Love Fantasy Swing Seks Sal\u0131nca\u011f\u0131 &nbsp; &nbsp; \u00dcr\u00fcn Kodu:BDMF010 &nbsp; &nbsp; &nbsp; \u0130nan\u0131lmaz Love Fantasy Swing Fet\u0130sh ile seks hayat\u0131n\u0131z\u0131\" \/>\n<meta property=\"og:url\" content=\"https:\/\/hobierotikshop.com.tr\/website1\/erotik-shop-urun\/love-fantasy-swing-seks-salincagi\/\" \/>\n<meta property=\"og:site_name\" content=\"Bursa Erotik Shop\" \/>\n<meta property=\"article:modified_time\" content=\"2026-01-23T09:50:10+00:00\" \/>\n<meta property=\"og:image\" content=\"https:\/\/hobierotikshop.com.tr\/website1\/wp-content\/uploads\/2025\/04\/love-fantasy-swing-seks-salincagi-6-e60b.jpeg\" \/>\n\t<meta property=\"og:image:width\" content=\"455\" \/>\n\t<meta property=\"og:image:height\" content=\"414\" \/>\n\t<meta property=\"og:image:type\" content=\"image\/jpeg\" \/>\n<meta name=\"twitter:card\" content=\"summary_large_image\" \/>\n<meta name=\"twitter:site\" content=\"@shopbursa\" \/>\n<meta name=\"twitter:label1\" content=\"Fiyat\" \/>\n\t<meta name=\"twitter:data1\" content=\"&#8378;5.000,00\" \/>\n\t<meta name=\"twitter:label2\" content=\"Availability\" \/>\n\t<meta name=\"twitter:data2\" content=\"In stock\" \/>\n<script type=\"application\/ld+json\" class=\"yoast-schema-graph\">{\"@context\":\"https:\/\/schema.org\",\"@graph\":[{\"@type\":\"WebPage\",\"@id\":\"https:\/\/hobierotikshop.com.tr\/website1\/erotik-shop-urun\/love-fantasy-swing-seks-salincagi\/\",\"url\":\"https:\/\/hobierotikshop.com.tr\/website1\/erotik-shop-urun\/love-fantasy-swing-seks-salincagi\/\",\"name\":\"Love Fantasy Swing Seks Sal\u0131nca\u011f\u0131 - Bursa Erotik Shop\",\"isPartOf\":{\"@id\":\"https:\/\/hobierotikshop.com.tr\/website1\/#website\"},\"primaryImageOfPage\":{\"@id\":\"https:\/\/hobierotikshop.com.tr\/website1\/erotik-shop-urun\/love-fantasy-swing-seks-salincagi\/#primaryimage\"},\"image\":{\"@id\":\"https:\/\/hobierotikshop.com.tr\/website1\/erotik-shop-urun\/love-fantasy-swing-seks-salincagi\/#primaryimage\"},\"thumbnailUrl\":\"https:\/\/haremerotikshop.com\/site\/wp-content\/uploads\/2025\/04\/love-fantasy-swing-seks-salincagi-6-e60b.jpeg\",\"datePublished\":\"2025-04-26T12:49:22+00:00\",\"dateModified\":\"2026-01-23T09:50:10+00:00\",\"breadcrumb\":{\"@id\":\"https:\/\/hobierotikshop.com.tr\/website1\/erotik-shop-urun\/love-fantasy-swing-seks-salincagi\/#breadcrumb\"},\"inLanguage\":\"tr\",\"potentialAction\":[{\"@type\":\"ReadAction\",\"target\":[\"https:\/\/hobierotikshop.com.tr\/website1\/erotik-shop-urun\/love-fantasy-swing-seks-salincagi\/\"]}]},{\"@type\":\"ImageObject\",\"inLanguage\":\"tr\",\"@id\":\"https:\/\/hobierotikshop.com.tr\/website1\/erotik-shop-urun\/love-fantasy-swing-seks-salincagi\/#primaryimage\",\"url\":\"https:\/\/haremerotikshop.com\/site\/wp-content\/uploads\/2025\/04\/love-fantasy-swing-seks-salincagi-6-e60b.jpeg\",\"contentUrl\":\"https:\/\/haremerotikshop.com\/site\/wp-content\/uploads\/2025\/04\/love-fantasy-swing-seks-salincagi-6-e60b.jpeg\",\"width\":455,\"height\":414},{\"@type\":\"BreadcrumbList\",\"@id\":\"https:\/\/hobierotikshop.com.tr\/website1\/erotik-shop-urun\/love-fantasy-swing-seks-salincagi\/#breadcrumb\",\"itemListElement\":[{\"@type\":\"ListItem\",\"position\":1,\"name\":\"Anasayfa\",\"item\":\"https:\/\/hobierotikshop.com.tr\/website1\/\"},{\"@type\":\"ListItem\",\"position\":2,\"name\":\"Erotik Shop \u00dcr\u00fcnleri\",\"item\":\"https:\/\/hobierotikshop.com.tr\/website1\/shop\/\"},{\"@type\":\"ListItem\",\"position\":3,\"name\":\"Love Fantasy Swing Seks Sal\u0131nca\u011f\u0131\"}]},{\"@type\":\"WebSite\",\"@id\":\"https:\/\/hobierotikshop.com.tr\/website1\/#website\",\"url\":\"https:\/\/hobierotikshop.com.tr\/website1\/\",\"name\":\"Bursa Erotik Shop\",\"description\":\"Bursa Erotik Shop ile g\u00fcvenli, gizli ve kaliteli yeti\u015fkin \u00fcr\u00fcnleri al\u0131\u015fveri\u015fi! Geni\u015f \u00fcr\u00fcn yelpazemizi ke\u015ffedin, hemen sipari\u015f verin\",\"publisher\":{\"@id\":\"https:\/\/hobierotikshop.com.tr\/website1\/#organization\"},\"alternateName\":\"Erotik Shop\",\"potentialAction\":[{\"@type\":\"SearchAction\",\"target\":{\"@type\":\"EntryPoint\",\"urlTemplate\":\"https:\/\/hobierotikshop.com.tr\/website1\/?s={search_term_string}\"},\"query-input\":{\"@type\":\"PropertyValueSpecification\",\"valueRequired\":true,\"valueName\":\"search_term_string\"}}],\"inLanguage\":\"tr\"},{\"@type\":\"Organization\",\"@id\":\"https:\/\/hobierotikshop.com.tr\/website1\/#organization\",\"name\":\"Harem Bursa Erotik Shop\",\"url\":\"https:\/\/hobierotikshop.com.tr\/website1\/\",\"logo\":{\"@type\":\"ImageObject\",\"inLanguage\":\"tr\",\"@id\":\"https:\/\/hobierotikshop.com.tr\/website1\/#\/schema\/logo\/image\/\",\"url\":\"https:\/\/haremerotikshop.com\/wp-content\/uploads\/2025\/03\/haremsexshop.png\",\"contentUrl\":\"https:\/\/haremerotikshop.com\/wp-content\/uploads\/2025\/03\/haremsexshop.png\",\"width\":400,\"height\":100,\"caption\":\"Harem Bursa Erotik Shop\"},\"image\":{\"@id\":\"https:\/\/hobierotikshop.com.tr\/website1\/#\/schema\/logo\/image\/\"},\"sameAs\":[\"https:\/\/x.com\/shopbursa\"],\"publishingPrinciples\":\"https:\/\/hobierotikshop.com.tr\/website1\/mesafeli-satis-sozlesmesi\/\",\"ownershipFundingInfo\":\"https:\/\/hobierotikshop.com.tr\/website1\/contact-us\/\",\"actionableFeedbackPolicy\":\"https:\/\/hobierotikshop.com.tr\/website1\/contact-us\/\",\"correctionsPolicy\":\"https:\/\/hobierotikshop.com.tr\/website1\/mesafeli-satis-sozlesmesi\/\"}]}<\/script>\n<meta property=\"product:price:amount\" content=\"5000.00\" \/>\n<meta property=\"product:price:currency\" content=\"TRY\" \/>\n<meta property=\"og:availability\" content=\"instock\" \/>\n<meta property=\"product:availability\" content=\"instock\" \/>\n<meta property=\"product:retailer_item_id\" content=\"BDMF010\" \/>\n<meta property=\"product:condition\" content=\"new\" \/>\n<!-- \/ Yoast SEO Premium plugin. -->","yoast_head_json":{"title":"Love Fantasy Swing Seks Sal\u0131nca\u011f\u0131 - Bursa Erotik Shop","robots":{"index":"index","follow":"follow","max-snippet":"max-snippet:-1","max-image-preview":"max-image-preview:large","max-video-preview":"max-video-preview:-1"},"canonical":"https:\/\/hobierotikshop.com.tr\/website1\/erotik-shop-urun\/love-fantasy-swing-seks-salincagi\/","og_locale":"tr_TR","og_type":"article","og_title":"Love Fantasy Swing Seks Sal\u0131nca\u011f\u0131","og_description":"Love Fantasy Swing Seks Sal\u0131nca\u011f\u0131 &nbsp; &nbsp; \u00dcr\u00fcn Kodu:BDMF010 &nbsp; &nbsp; &nbsp; \u0130nan\u0131lmaz Love Fantasy Swing Fet\u0130sh ile seks hayat\u0131n\u0131z\u0131","og_url":"https:\/\/hobierotikshop.com.tr\/website1\/erotik-shop-urun\/love-fantasy-swing-seks-salincagi\/","og_site_name":"Bursa Erotik Shop","article_modified_time":"2026-01-23T09:50:10+00:00","og_image":[{"width":455,"height":414,"url":"https:\/\/hobierotikshop.com.tr\/website1\/wp-content\/uploads\/2025\/04\/love-fantasy-swing-seks-salincagi-6-e60b.jpeg","type":"image\/jpeg"}],"twitter_card":"summary_large_image","twitter_site":"@shopbursa","twitter_misc":{"Fiyat":"&#8378;5.000,00","Availability":"In stock"},"schema":{"@context":"https:\/\/schema.org","@graph":[{"@type":"WebPage","@id":"https:\/\/hobierotikshop.com.tr\/website1\/erotik-shop-urun\/love-fantasy-swing-seks-salincagi\/","url":"https:\/\/hobierotikshop.com.tr\/website1\/erotik-shop-urun\/love-fantasy-swing-seks-salincagi\/","name":"Love Fantasy Swing Seks Sal\u0131nca\u011f\u0131 - Bursa Erotik Shop","isPartOf":{"@id":"https:\/\/hobierotikshop.com.tr\/website1\/#website"},"primaryImageOfPage":{"@id":"https:\/\/hobierotikshop.com.tr\/website1\/erotik-shop-urun\/love-fantasy-swing-seks-salincagi\/#primaryimage"},"image":{"@id":"https:\/\/hobierotikshop.com.tr\/website1\/erotik-shop-urun\/love-fantasy-swing-seks-salincagi\/#primaryimage"},"thumbnailUrl":"https:\/\/haremerotikshop.com\/site\/wp-content\/uploads\/2025\/04\/love-fantasy-swing-seks-salincagi-6-e60b.jpeg","datePublished":"2025-04-26T12:49:22+00:00","dateModified":"2026-01-23T09:50:10+00:00","breadcrumb":{"@id":"https:\/\/hobierotikshop.com.tr\/website1\/erotik-shop-urun\/love-fantasy-swing-seks-salincagi\/#breadcrumb"},"inLanguage":"tr","potentialAction":[{"@type":"ReadAction","target":["https:\/\/hobierotikshop.com.tr\/website1\/erotik-shop-urun\/love-fantasy-swing-seks-salincagi\/"]}]},{"@type":"ImageObject","inLanguage":"tr","@id":"https:\/\/hobierotikshop.com.tr\/website1\/erotik-shop-urun\/love-fantasy-swing-seks-salincagi\/#primaryimage","url":"https:\/\/haremerotikshop.com\/site\/wp-content\/uploads\/2025\/04\/love-fantasy-swing-seks-salincagi-6-e60b.jpeg","contentUrl":"https:\/\/haremerotikshop.com\/site\/wp-content\/uploads\/2025\/04\/love-fantasy-swing-seks-salincagi-6-e60b.jpeg","width":455,"height":414},{"@type":"BreadcrumbList","@id":"https:\/\/hobierotikshop.com.tr\/website1\/erotik-shop-urun\/love-fantasy-swing-seks-salincagi\/#breadcrumb","itemListElement":[{"@type":"ListItem","position":1,"name":"Anasayfa","item":"https:\/\/hobierotikshop.com.tr\/website1\/"},{"@type":"ListItem","position":2,"name":"Erotik Shop \u00dcr\u00fcnleri","item":"https:\/\/hobierotikshop.com.tr\/website1\/shop\/"},{"@type":"ListItem","position":3,"name":"Love Fantasy Swing Seks Sal\u0131nca\u011f\u0131"}]},{"@type":"WebSite","@id":"https:\/\/hobierotikshop.com.tr\/website1\/#website","url":"https:\/\/hobierotikshop.com.tr\/website1\/","name":"Bursa Erotik Shop","description":"Bursa Erotik Shop ile g\u00fcvenli, gizli ve kaliteli yeti\u015fkin \u00fcr\u00fcnleri al\u0131\u015fveri\u015fi! Geni\u015f \u00fcr\u00fcn yelpazemizi ke\u015ffedin, hemen sipari\u015f verin","publisher":{"@id":"https:\/\/hobierotikshop.com.tr\/website1\/#organization"},"alternateName":"Erotik Shop","potentialAction":[{"@type":"SearchAction","target":{"@type":"EntryPoint","urlTemplate":"https:\/\/hobierotikshop.com.tr\/website1\/?s={search_term_string}"},"query-input":{"@type":"PropertyValueSpecification","valueRequired":true,"valueName":"search_term_string"}}],"inLanguage":"tr"},{"@type":"Organization","@id":"https:\/\/hobierotikshop.com.tr\/website1\/#organization","name":"Harem Bursa Erotik Shop","url":"https:\/\/hobierotikshop.com.tr\/website1\/","logo":{"@type":"ImageObject","inLanguage":"tr","@id":"https:\/\/hobierotikshop.com.tr\/website1\/#\/schema\/logo\/image\/","url":"https:\/\/haremerotikshop.com\/wp-content\/uploads\/2025\/03\/haremsexshop.png","contentUrl":"https:\/\/haremerotikshop.com\/wp-content\/uploads\/2025\/03\/haremsexshop.png","width":400,"height":100,"caption":"Harem Bursa Erotik Shop"},"image":{"@id":"https:\/\/hobierotikshop.com.tr\/website1\/#\/schema\/logo\/image\/"},"sameAs":["https:\/\/x.com\/shopbursa"],"publishingPrinciples":"https:\/\/hobierotikshop.com.tr\/website1\/mesafeli-satis-sozlesmesi\/","ownershipFundingInfo":"https:\/\/hobierotikshop.com.tr\/website1\/contact-us\/","actionableFeedbackPolicy":"https:\/\/hobierotikshop.com.tr\/website1\/contact-us\/","correctionsPolicy":"https:\/\/hobierotikshop.com.tr\/website1\/mesafeli-satis-sozlesmesi\/"}]},"product_price_amount":"5000.00","product_price_currency":"TRY","og_availability":"instock","product_availability":"instock","product_retailer_item_id":"BDMF010","product_condition":"new"},"_links":{"self":[{"href":"https:\/\/haremerotikshop.com\/site\/wp-json\/wp\/v2\/product\/39590","targetHints":{"allow":["GET"]}}],"collection":[{"href":"https:\/\/haremerotikshop.com\/site\/wp-json\/wp\/v2\/product"}],"about":[{"href":"https:\/\/haremerotikshop.com\/site\/wp-json\/wp\/v2\/types\/product"}],"replies":[{"embeddable":true,"href":"https:\/\/haremerotikshop.com\/site\/wp-json\/wp\/v2\/comments?post=39590"}],"version-history":[{"count":0,"href":"https:\/\/haremerotikshop.com\/site\/wp-json\/wp\/v2\/product\/39590\/revisions"}],"wp:featuredmedia":[{"embeddable":true,"href":"https:\/\/haremerotikshop.com\/site\/wp-json\/wp\/v2\/media\/39592"}],"wp:attachment":[{"href":"https:\/\/haremerotikshop.com\/site\/wp-json\/wp\/v2\/media?parent=39590"}],"wp:term":[{"taxonomy":"product_brand","embeddable":true,"href":"https:\/\/haremerotikshop.com\/site\/wp-json\/wp\/v2\/product_brand?post=39590"},{"taxonomy":"product_cat","embeddable":true,"href":"https:\/\/haremerotikshop.com\/site\/wp-json\/wp\/v2\/product_cat?post=39590"},{"taxonomy":"product_tag","embeddable":true,"href":"https:\/\/haremerotikshop.com\/site\/wp-json\/wp\/v2\/product_tag?post=39590"}],"curies":[{"name":"wp","href":"https:\/\/api.w.org\/{rel}","templated":true}]}}