{"id":39734,"date":"2025-04-26T15:52:04","date_gmt":"2025-04-26T12:52:04","guid":{"rendered":"https:\/\/haremerotikshop.com\/site\/erotik-shop-urun\/lifelike-2-islevli-isitmali-titresimli-suni-vajinal-ve-anal-masturbator\/"},"modified":"2026-01-23T12:33:56","modified_gmt":"2026-01-23T09:33:56","slug":"lifelike-2-islevli-isitmali-titresimli-suni-vajinal-ve-anal-masturbator","status":"publish","type":"product","link":"https:\/\/haremerotikshop.com\/site\/erotik-shop-urun\/lifelike-2-islevli-isitmali-titresimli-suni-vajinal-ve-anal-masturbator\/","title":{"rendered":"Lifelike 2 I\u0307\u015flevli Is\u0131tmal\u0131 &amp; Titre\u015fimli Suni Vajinal Ve  Anal Masturbat\u00f6r"},"content":{"rendered":"<h2><span style=\"color:#e74c3c\"><span style=\"font-size:20px\"><span style=\"font-family:Verdana,Geneva,sans-serif\">Lifelike 2 \u0130\u015flevli Is\u0131tmal\u0131 &amp; Titre\u015fimli Suni Vajinal ve Anal Masturbat\u00f6r&nbsp;&nbsp; &nbsp;<\/span><\/span><\/span><\/h2>\n<h2><span style=\"color:#e74c3c\"><span style=\"font-size:20px\"><span style=\"font-family:Verdana,Geneva,sans-serif\">\u00dcr\u00fcn Kodu:BDM9023<\/span><\/span><\/span><\/h2>\n<p>&nbsp; &nbsp; &nbsp;&nbsp;<\/p>\n<p><span style=\"font-size:16px\"><span style=\"font-family:Verdana,Geneva,sans-serif\"><\/p>\n<p>&#8211; Ultra yumu\u015fak ger\u00e7ek ten dokusuna en yak\u0131n malzemeden \u00fcretilmi\u015ftir.<br \/>&#8211; Yan\u0131nda gelen \u0131s\u0131tma mod\u00fcl\u00fc ile birlikte ili\u015fkiye s\u0131cac\u0131k bir giri\u015f yapacaks\u0131n\u0131z.<br \/>&#8211; \u0130nan\u0131lmaz p\u00fcr\u00fczs\u00fcz dokudad\u0131r.<br \/>&#8211; 2 i\u015flevlidir.<br \/>&#8211; Ger\u00e7ek\u00e7i ten dokusunda tam realistik yap\u0131dad\u0131r.<br \/>&#8211; Hem anal hem de vajinal olarak kullan\u0131l\u0131r.<br \/>&#8211; \u0130\u00e7 b\u00f6l\u00fcm\u00fc t\u0131rt\u0131kl\u0131 nod\u00fcll\u00fc yap\u0131dad\u0131r.<br \/>&#8211; Farkl\u0131 modlarda g\u00fc\u00e7l\u00fc titre\u015fim mod\u00fcl\u00fc bulunmaktad\u0131r.<br \/>&#8211; Her ebat penise rahatl\u0131kla uyar.<br \/>&#8211; Y\u0131kanarak temizlenebilen elastikiyetini kaybetmeyen malzemeden \u00fcretilmi\u015ftir.<br \/>&#8211; Kolay temizlenir.<br \/>&#8211; Uzunluk : 25 cm<br \/>&#8211; Geni\u015flik : 22 cm<br \/>&#8211; Y\u00fckseklik : 10 cm<br \/>&#8211; A\u011f\u0131rl\u0131k : 2120 gr<\/p>\n<p>&nbsp; &nbsp;<\/p>\n<p>G\u00d6NDER\u0130 \u015eEKL\u0130<\/p>\n<p>Sipari\u015fleriniz i\u00e7eri\u011fi anla\u015f\u0131lmayacak \u015fekilde gizli ve kapal\u0131 kolide g\u00f6nderilir.<br \/>&nbsp;<br \/>\u00d6DEME T\u00dcRLER\u0130<\/p>\n<p>Nakit veya Kredi Kart\u0131 ile kap\u0131da veya \u015fubede kargoya \u00f6deyebilirsiniz.<br \/>Sistemimiz tek \u00e7ekim veya taksit se\u00e7enekleri ile i\u015flem yapabilirsiniz.<br \/>Banka yolu ile havale yapabilirsiniz.&nbsp;<br \/>&nbsp;<br \/>TESL\u0130MAT \u015eEKL\u0130<\/p>\n<p><\/span><\/p>\n<p><span style=\"font-family: Verdana, Geneva, sans-serif\">\u0130ster Kap\u0131n\u0131za Gelsin \u0130ster Kargodan Al\u0131n<\/span><\/p>\n<p><\/span><span style=\"font-size:16px\"><span style=\"font-family:Verdana,Geneva,sans-serif\"><\/p>\n<p>T\u00fcm sexshop \u00fcr\u00fcnlerimiz sipari\u015ften teslimata kadar firmam\u0131z g\u00fcvencesi alt\u0131nda olup verilen sipari\u015fler tam ve eksiksiz olarak m\u00fc\u015fterilerimize ula\u015ft\u0131r\u0131l\u0131r.<br \/>&nbsp;<br \/>* Kap\u0131da \u00d6deme G\u00fcvenli Al\u0131\u015fveri\u015f<br \/>* T\u00fcm \u00dcr\u00fcnlerde H\u0131zl\u0131 G\u00f6nderim<br \/>* Orjinal \u00dcr\u00fcn Garantisi&nbsp;<br \/>* T\u00fcm \u00dcr\u00fcnlerde Gizli Kargo \/ Paket<br \/>&nbsp; &nbsp;&nbsp;<br \/><em><u><strong>G\u0130ZL\u0130L\u0130\u011e\u0130N\u0130ZE \u00d6NEM VER\u0130YORUZ<\/strong><\/u><\/em><\/p>\n<p>&nbsp; &nbsp;<\/p>\n<p><\/span><\/span><\/p>\n<p><a href=\"http:\/\/api.whatsapp.com\/send?phone=905304676616&amp;text=Sipari%C5%9F%20Vermek%20%C4%B0stiyorum%20lilitushop%20BDM9023\"><img decoding=\"async\" alt=\"\" src=\"https:\/\/static.ticimax.cloud\/32886\/uploads\/editoruploads\/whatsapp-destek-hatti.gif\" \/><\/a><\/p>\n<p><img decoding=\"async\" alt=\"\" src=\"https:\/\/static.ticimax.cloud\/32886\/uploads\/editoruploads\/bm-009023_07.gif\" style=\"width: 300px;height: 300px\" \/><img decoding=\"async\" alt=\"\" src=\"https:\/\/static.ticimax.cloud\/32886\/uploads\/editoruploads\/bm-009023_08.gif\" style=\"width: 300px;height: 300px\" \/><\/p>\n","protected":false},"excerpt":{"rendered":"<p>Lifelike 2 \u0130\u015flevli Is\u0131tmal\u0131 &amp; Titre\u015fimli Suni Vajinal ve Anal Masturbat\u00f6r&nbsp;&nbsp; &nbsp; \u00dcr\u00fcn Kodu:BDM9023 &nbsp; &nbsp; &nbsp;&nbsp; &#8211; Ultra yumu\u015fak<\/p>\n","protected":false},"featured_media":39736,"comment_status":"closed","ping_status":"closed","template":"","meta":[],"product_brand":[],"product_cat":[503],"product_tag":[],"class_list":{"0":"post-39734","1":"product","2":"type-product","3":"status-publish","4":"has-post-thumbnail","6":"product_cat-vajina-ve-masturbator","8":"first","9":"instock","10":"purchasable","11":"product-type-simple"},"yoast_head":"<!-- This site is optimized with the Yoast SEO Premium plugin v24.4 (Yoast SEO v27.1.1) - https:\/\/yoast.com\/product\/yoast-seo-premium-wordpress\/ -->\n<title>Lifelike 2 I\u0307\u015flevli Is\u0131tmal\u0131 &amp; Titre\u015fimli Suni Vajinal Ve Anal Masturbat\u00f6r - Bursa Erotik Shop<\/title>\n<meta name=\"robots\" content=\"index, follow, max-snippet:-1, max-image-preview:large, max-video-preview:-1\" \/>\n<link rel=\"canonical\" href=\"https:\/\/hobierotikshop.com.tr\/website1\/erotik-shop-urun\/lifelike-2-islevli-isitmali-titresimli-suni-vajinal-ve-anal-masturbator\/\" \/>\n<meta property=\"og:locale\" content=\"tr_TR\" \/>\n<meta property=\"og:type\" content=\"article\" \/>\n<meta property=\"og:title\" content=\"Lifelike 2 I\u0307\u015flevli Is\u0131tmal\u0131 &amp; Titre\u015fimli Suni Vajinal Ve Anal Masturbat\u00f6r\" \/>\n<meta property=\"og:description\" content=\"Lifelike 2 \u0130\u015flevli Is\u0131tmal\u0131 &amp; Titre\u015fimli Suni Vajinal ve Anal Masturbat\u00f6r&nbsp;&nbsp; &nbsp; \u00dcr\u00fcn Kodu:BDM9023 &nbsp; &nbsp; &nbsp;&nbsp; &#8211; Ultra yumu\u015fak\" \/>\n<meta property=\"og:url\" content=\"https:\/\/hobierotikshop.com.tr\/website1\/erotik-shop-urun\/lifelike-2-islevli-isitmali-titresimli-suni-vajinal-ve-anal-masturbator\/\" \/>\n<meta property=\"og:site_name\" content=\"Bursa Erotik Shop\" \/>\n<meta property=\"article:modified_time\" content=\"2026-01-23T09:33:56+00:00\" \/>\n<meta property=\"og:image\" content=\"https:\/\/hobierotikshop.com.tr\/website1\/wp-content\/uploads\/2025\/04\/lifelike-2-islevli-isitmali-titresiml-0ff77e.jpg\" \/>\n\t<meta property=\"og:image:width\" content=\"455\" \/>\n\t<meta property=\"og:image:height\" content=\"455\" \/>\n\t<meta property=\"og:image:type\" content=\"image\/jpeg\" \/>\n<meta name=\"twitter:card\" content=\"summary_large_image\" \/>\n<meta name=\"twitter:site\" content=\"@shopbursa\" \/>\n<meta name=\"twitter:label1\" content=\"Fiyat\" \/>\n\t<meta name=\"twitter:data1\" content=\"&#8378;6.000,00\" \/>\n\t<meta name=\"twitter:label2\" content=\"Availability\" \/>\n\t<meta name=\"twitter:data2\" content=\"In stock\" \/>\n<script type=\"application\/ld+json\" class=\"yoast-schema-graph\">{\"@context\":\"https:\/\/schema.org\",\"@graph\":[{\"@type\":\"WebPage\",\"@id\":\"https:\/\/hobierotikshop.com.tr\/website1\/erotik-shop-urun\/lifelike-2-islevli-isitmali-titresimli-suni-vajinal-ve-anal-masturbator\/\",\"url\":\"https:\/\/hobierotikshop.com.tr\/website1\/erotik-shop-urun\/lifelike-2-islevli-isitmali-titresimli-suni-vajinal-ve-anal-masturbator\/\",\"name\":\"Lifelike 2 I\u0307\u015flevli Is\u0131tmal\u0131 &amp; Titre\u015fimli Suni Vajinal Ve Anal Masturbat\u00f6r - Bursa Erotik Shop\",\"isPartOf\":{\"@id\":\"https:\/\/hobierotikshop.com.tr\/website1\/#website\"},\"primaryImageOfPage\":{\"@id\":\"https:\/\/hobierotikshop.com.tr\/website1\/erotik-shop-urun\/lifelike-2-islevli-isitmali-titresimli-suni-vajinal-ve-anal-masturbator\/#primaryimage\"},\"image\":{\"@id\":\"https:\/\/hobierotikshop.com.tr\/website1\/erotik-shop-urun\/lifelike-2-islevli-isitmali-titresimli-suni-vajinal-ve-anal-masturbator\/#primaryimage\"},\"thumbnailUrl\":\"https:\/\/haremerotikshop.com\/site\/wp-content\/uploads\/2025\/04\/lifelike-2-islevli-isitmali-titresiml-0ff77e.jpg\",\"datePublished\":\"2025-04-26T12:52:04+00:00\",\"dateModified\":\"2026-01-23T09:33:56+00:00\",\"breadcrumb\":{\"@id\":\"https:\/\/hobierotikshop.com.tr\/website1\/erotik-shop-urun\/lifelike-2-islevli-isitmali-titresimli-suni-vajinal-ve-anal-masturbator\/#breadcrumb\"},\"inLanguage\":\"tr\",\"potentialAction\":[{\"@type\":\"ReadAction\",\"target\":[\"https:\/\/hobierotikshop.com.tr\/website1\/erotik-shop-urun\/lifelike-2-islevli-isitmali-titresimli-suni-vajinal-ve-anal-masturbator\/\"]}]},{\"@type\":\"ImageObject\",\"inLanguage\":\"tr\",\"@id\":\"https:\/\/hobierotikshop.com.tr\/website1\/erotik-shop-urun\/lifelike-2-islevli-isitmali-titresimli-suni-vajinal-ve-anal-masturbator\/#primaryimage\",\"url\":\"https:\/\/haremerotikshop.com\/site\/wp-content\/uploads\/2025\/04\/lifelike-2-islevli-isitmali-titresiml-0ff77e.jpg\",\"contentUrl\":\"https:\/\/haremerotikshop.com\/site\/wp-content\/uploads\/2025\/04\/lifelike-2-islevli-isitmali-titresiml-0ff77e.jpg\",\"width\":455,\"height\":455},{\"@type\":\"BreadcrumbList\",\"@id\":\"https:\/\/hobierotikshop.com.tr\/website1\/erotik-shop-urun\/lifelike-2-islevli-isitmali-titresimli-suni-vajinal-ve-anal-masturbator\/#breadcrumb\",\"itemListElement\":[{\"@type\":\"ListItem\",\"position\":1,\"name\":\"Anasayfa\",\"item\":\"https:\/\/hobierotikshop.com.tr\/website1\/\"},{\"@type\":\"ListItem\",\"position\":2,\"name\":\"Erotik Shop \u00dcr\u00fcnleri\",\"item\":\"https:\/\/hobierotikshop.com.tr\/website1\/shop\/\"},{\"@type\":\"ListItem\",\"position\":3,\"name\":\"Lifelike 2 I\u0307\u015flevli Is\u0131tmal\u0131 &amp; Titre\u015fimli Suni Vajinal Ve Anal Masturbat\u00f6r\"}]},{\"@type\":\"WebSite\",\"@id\":\"https:\/\/hobierotikshop.com.tr\/website1\/#website\",\"url\":\"https:\/\/hobierotikshop.com.tr\/website1\/\",\"name\":\"Bursa Erotik Shop\",\"description\":\"Bursa Erotik Shop ile g\u00fcvenli, gizli ve kaliteli yeti\u015fkin \u00fcr\u00fcnleri al\u0131\u015fveri\u015fi! Geni\u015f \u00fcr\u00fcn yelpazemizi ke\u015ffedin, hemen sipari\u015f verin\",\"publisher\":{\"@id\":\"https:\/\/hobierotikshop.com.tr\/website1\/#organization\"},\"alternateName\":\"Erotik Shop\",\"potentialAction\":[{\"@type\":\"SearchAction\",\"target\":{\"@type\":\"EntryPoint\",\"urlTemplate\":\"https:\/\/hobierotikshop.com.tr\/website1\/?s={search_term_string}\"},\"query-input\":{\"@type\":\"PropertyValueSpecification\",\"valueRequired\":true,\"valueName\":\"search_term_string\"}}],\"inLanguage\":\"tr\"},{\"@type\":\"Organization\",\"@id\":\"https:\/\/hobierotikshop.com.tr\/website1\/#organization\",\"name\":\"Harem Bursa Erotik Shop\",\"url\":\"https:\/\/hobierotikshop.com.tr\/website1\/\",\"logo\":{\"@type\":\"ImageObject\",\"inLanguage\":\"tr\",\"@id\":\"https:\/\/hobierotikshop.com.tr\/website1\/#\/schema\/logo\/image\/\",\"url\":\"https:\/\/haremerotikshop.com\/site\/wp-content\/uploads\/2025\/03\/haremsexshop.png\",\"contentUrl\":\"https:\/\/haremerotikshop.com\/site\/wp-content\/uploads\/2025\/03\/haremsexshop.png\",\"width\":400,\"height\":100,\"caption\":\"Harem Bursa Erotik Shop\"},\"image\":{\"@id\":\"https:\/\/hobierotikshop.com.tr\/website1\/#\/schema\/logo\/image\/\"},\"sameAs\":[\"https:\/\/x.com\/shopbursa\"],\"publishingPrinciples\":\"https:\/\/hobierotikshop.com.tr\/website1\/mesafeli-satis-sozlesmesi\/\",\"ownershipFundingInfo\":\"https:\/\/hobierotikshop.com.tr\/website1\/contact-us\/\",\"actionableFeedbackPolicy\":\"https:\/\/hobierotikshop.com.tr\/website1\/contact-us\/\",\"correctionsPolicy\":\"https:\/\/hobierotikshop.com.tr\/website1\/mesafeli-satis-sozlesmesi\/\"}]}<\/script>\n<meta property=\"product:price:amount\" content=\"6000.00\" \/>\n<meta property=\"product:price:currency\" content=\"TRY\" \/>\n<meta property=\"og:availability\" content=\"instock\" \/>\n<meta property=\"product:availability\" content=\"instock\" \/>\n<meta property=\"product:retailer_item_id\" content=\"BDM9023\" \/>\n<meta property=\"product:condition\" content=\"new\" \/>\n<!-- \/ Yoast SEO Premium plugin. -->","yoast_head_json":{"title":"Lifelike 2 I\u0307\u015flevli Is\u0131tmal\u0131 &amp; Titre\u015fimli Suni Vajinal Ve Anal Masturbat\u00f6r - Bursa Erotik Shop","robots":{"index":"index","follow":"follow","max-snippet":"max-snippet:-1","max-image-preview":"max-image-preview:large","max-video-preview":"max-video-preview:-1"},"canonical":"https:\/\/hobierotikshop.com.tr\/website1\/erotik-shop-urun\/lifelike-2-islevli-isitmali-titresimli-suni-vajinal-ve-anal-masturbator\/","og_locale":"tr_TR","og_type":"article","og_title":"Lifelike 2 I\u0307\u015flevli Is\u0131tmal\u0131 &amp; Titre\u015fimli Suni Vajinal Ve Anal Masturbat\u00f6r","og_description":"Lifelike 2 \u0130\u015flevli Is\u0131tmal\u0131 &amp; Titre\u015fimli Suni Vajinal ve Anal Masturbat\u00f6r&nbsp;&nbsp; &nbsp; \u00dcr\u00fcn Kodu:BDM9023 &nbsp; &nbsp; &nbsp;&nbsp; &#8211; Ultra yumu\u015fak","og_url":"https:\/\/hobierotikshop.com.tr\/website1\/erotik-shop-urun\/lifelike-2-islevli-isitmali-titresimli-suni-vajinal-ve-anal-masturbator\/","og_site_name":"Bursa Erotik Shop","article_modified_time":"2026-01-23T09:33:56+00:00","og_image":[{"width":455,"height":455,"url":"https:\/\/hobierotikshop.com.tr\/website1\/wp-content\/uploads\/2025\/04\/lifelike-2-islevli-isitmali-titresiml-0ff77e.jpg","type":"image\/jpeg"}],"twitter_card":"summary_large_image","twitter_site":"@shopbursa","twitter_misc":{"Fiyat":"&#8378;6.000,00","Availability":"In stock"},"schema":{"@context":"https:\/\/schema.org","@graph":[{"@type":"WebPage","@id":"https:\/\/hobierotikshop.com.tr\/website1\/erotik-shop-urun\/lifelike-2-islevli-isitmali-titresimli-suni-vajinal-ve-anal-masturbator\/","url":"https:\/\/hobierotikshop.com.tr\/website1\/erotik-shop-urun\/lifelike-2-islevli-isitmali-titresimli-suni-vajinal-ve-anal-masturbator\/","name":"Lifelike 2 I\u0307\u015flevli Is\u0131tmal\u0131 &amp; Titre\u015fimli Suni Vajinal Ve Anal Masturbat\u00f6r - Bursa Erotik Shop","isPartOf":{"@id":"https:\/\/hobierotikshop.com.tr\/website1\/#website"},"primaryImageOfPage":{"@id":"https:\/\/hobierotikshop.com.tr\/website1\/erotik-shop-urun\/lifelike-2-islevli-isitmali-titresimli-suni-vajinal-ve-anal-masturbator\/#primaryimage"},"image":{"@id":"https:\/\/hobierotikshop.com.tr\/website1\/erotik-shop-urun\/lifelike-2-islevli-isitmali-titresimli-suni-vajinal-ve-anal-masturbator\/#primaryimage"},"thumbnailUrl":"https:\/\/haremerotikshop.com\/site\/wp-content\/uploads\/2025\/04\/lifelike-2-islevli-isitmali-titresiml-0ff77e.jpg","datePublished":"2025-04-26T12:52:04+00:00","dateModified":"2026-01-23T09:33:56+00:00","breadcrumb":{"@id":"https:\/\/hobierotikshop.com.tr\/website1\/erotik-shop-urun\/lifelike-2-islevli-isitmali-titresimli-suni-vajinal-ve-anal-masturbator\/#breadcrumb"},"inLanguage":"tr","potentialAction":[{"@type":"ReadAction","target":["https:\/\/hobierotikshop.com.tr\/website1\/erotik-shop-urun\/lifelike-2-islevli-isitmali-titresimli-suni-vajinal-ve-anal-masturbator\/"]}]},{"@type":"ImageObject","inLanguage":"tr","@id":"https:\/\/hobierotikshop.com.tr\/website1\/erotik-shop-urun\/lifelike-2-islevli-isitmali-titresimli-suni-vajinal-ve-anal-masturbator\/#primaryimage","url":"https:\/\/haremerotikshop.com\/site\/wp-content\/uploads\/2025\/04\/lifelike-2-islevli-isitmali-titresiml-0ff77e.jpg","contentUrl":"https:\/\/haremerotikshop.com\/site\/wp-content\/uploads\/2025\/04\/lifelike-2-islevli-isitmali-titresiml-0ff77e.jpg","width":455,"height":455},{"@type":"BreadcrumbList","@id":"https:\/\/hobierotikshop.com.tr\/website1\/erotik-shop-urun\/lifelike-2-islevli-isitmali-titresimli-suni-vajinal-ve-anal-masturbator\/#breadcrumb","itemListElement":[{"@type":"ListItem","position":1,"name":"Anasayfa","item":"https:\/\/hobierotikshop.com.tr\/website1\/"},{"@type":"ListItem","position":2,"name":"Erotik Shop \u00dcr\u00fcnleri","item":"https:\/\/hobierotikshop.com.tr\/website1\/shop\/"},{"@type":"ListItem","position":3,"name":"Lifelike 2 I\u0307\u015flevli Is\u0131tmal\u0131 &amp; Titre\u015fimli Suni Vajinal Ve Anal Masturbat\u00f6r"}]},{"@type":"WebSite","@id":"https:\/\/hobierotikshop.com.tr\/website1\/#website","url":"https:\/\/hobierotikshop.com.tr\/website1\/","name":"Bursa Erotik Shop","description":"Bursa Erotik Shop ile g\u00fcvenli, gizli ve kaliteli yeti\u015fkin \u00fcr\u00fcnleri al\u0131\u015fveri\u015fi! Geni\u015f \u00fcr\u00fcn yelpazemizi ke\u015ffedin, hemen sipari\u015f verin","publisher":{"@id":"https:\/\/hobierotikshop.com.tr\/website1\/#organization"},"alternateName":"Erotik Shop","potentialAction":[{"@type":"SearchAction","target":{"@type":"EntryPoint","urlTemplate":"https:\/\/hobierotikshop.com.tr\/website1\/?s={search_term_string}"},"query-input":{"@type":"PropertyValueSpecification","valueRequired":true,"valueName":"search_term_string"}}],"inLanguage":"tr"},{"@type":"Organization","@id":"https:\/\/hobierotikshop.com.tr\/website1\/#organization","name":"Harem Bursa Erotik Shop","url":"https:\/\/hobierotikshop.com.tr\/website1\/","logo":{"@type":"ImageObject","inLanguage":"tr","@id":"https:\/\/hobierotikshop.com.tr\/website1\/#\/schema\/logo\/image\/","url":"https:\/\/haremerotikshop.com\/site\/wp-content\/uploads\/2025\/03\/haremsexshop.png","contentUrl":"https:\/\/haremerotikshop.com\/site\/wp-content\/uploads\/2025\/03\/haremsexshop.png","width":400,"height":100,"caption":"Harem Bursa Erotik Shop"},"image":{"@id":"https:\/\/hobierotikshop.com.tr\/website1\/#\/schema\/logo\/image\/"},"sameAs":["https:\/\/x.com\/shopbursa"],"publishingPrinciples":"https:\/\/hobierotikshop.com.tr\/website1\/mesafeli-satis-sozlesmesi\/","ownershipFundingInfo":"https:\/\/hobierotikshop.com.tr\/website1\/contact-us\/","actionableFeedbackPolicy":"https:\/\/hobierotikshop.com.tr\/website1\/contact-us\/","correctionsPolicy":"https:\/\/hobierotikshop.com.tr\/website1\/mesafeli-satis-sozlesmesi\/"}]},"product_price_amount":"6000.00","product_price_currency":"TRY","og_availability":"instock","product_availability":"instock","product_retailer_item_id":"BDM9023","product_condition":"new"},"_links":{"self":[{"href":"https:\/\/haremerotikshop.com\/site\/wp-json\/wp\/v2\/product\/39734","targetHints":{"allow":["GET"]}}],"collection":[{"href":"https:\/\/haremerotikshop.com\/site\/wp-json\/wp\/v2\/product"}],"about":[{"href":"https:\/\/haremerotikshop.com\/site\/wp-json\/wp\/v2\/types\/product"}],"replies":[{"embeddable":true,"href":"https:\/\/haremerotikshop.com\/site\/wp-json\/wp\/v2\/comments?post=39734"}],"version-history":[{"count":0,"href":"https:\/\/haremerotikshop.com\/site\/wp-json\/wp\/v2\/product\/39734\/revisions"}],"wp:featuredmedia":[{"embeddable":true,"href":"https:\/\/haremerotikshop.com\/site\/wp-json\/wp\/v2\/media\/39736"}],"wp:attachment":[{"href":"https:\/\/haremerotikshop.com\/site\/wp-json\/wp\/v2\/media?parent=39734"}],"wp:term":[{"taxonomy":"product_brand","embeddable":true,"href":"https:\/\/haremerotikshop.com\/site\/wp-json\/wp\/v2\/product_brand?post=39734"},{"taxonomy":"product_cat","embeddable":true,"href":"https:\/\/haremerotikshop.com\/site\/wp-json\/wp\/v2\/product_cat?post=39734"},{"taxonomy":"product_tag","embeddable":true,"href":"https:\/\/haremerotikshop.com\/site\/wp-json\/wp\/v2\/product_tag?post=39734"}],"curies":[{"name":"wp","href":"https:\/\/api.w.org\/{rel}","templated":true}]}}