{"id":39748,"date":"2025-04-26T15:52:04","date_gmt":"2025-04-26T12:52:04","guid":{"rendered":"https:\/\/haremerotikshop.com\/site\/erotik-shop-urun\/titresimli-sesli-3-boyutlu-realistik-kalca-vajina-anus-2\/"},"modified":"2026-01-23T12:35:20","modified_gmt":"2026-01-23T09:35:20","slug":"titresimli-sesli-3-boyutlu-realistik-kalca-vajina-anus-2","status":"publish","type":"product","link":"https:\/\/haremerotikshop.com\/site\/erotik-shop-urun\/titresimli-sesli-3-boyutlu-realistik-kalca-vajina-anus-2\/","title":{"rendered":"Titre\u015fimli Sesli 3 Boyutlu Realistik Kal\u00e7a Vajina An\u00fcs"},"content":{"rendered":"<p><span style=\"color:#e74c3c\"><span style=\"font-size:20px\"><span style=\"font-family:Verdana,Geneva,sans-serif\"><\/span><\/span><\/span><\/p>\n<p><span style=\"color:#e74c3c\"><span style=\"font-size:20px\"><span style=\"font-family:Verdana,Geneva,sans-serif\">Titre\u015fimli Sesli 3 Boyutlu Realistik Kal\u00e7a Vajina An\u00fcs&nbsp; &nbsp; &nbsp;\u00dcr\u00fcn Kodu:BDM9105<\/span><\/span><\/span><\/p>\n<p><span style=\"font-size:16px\"><span style=\"font-family:Verdana,Geneva,sans-serif\"><\/p>\n<p>&nbsp; &nbsp; &nbsp;&nbsp;<\/p>\n<p>&#8211; Ultra yumu\u015fak ger\u00e7ek ten dokusuna en yak\u0131n malzemeden \u00fcretilmi\u015ftir<br \/>&#8211; P\u00fcr\u00fczs\u00fcz dokudad\u0131r.<br \/>&#8211; 2 i\u015flevlidir.<br \/>&#8211; Hem anal hem de vajinal olarak kullan\u0131l\u0131r.<br \/>&#8211; \u0130\u00e7 b\u00f6l\u00fcm\u00fc t\u0131rt\u0131kl\u0131 nod\u00fcll\u00fc yap\u0131dad\u0131r.<br \/>&#8211; Ses \u00e7\u0131kartma \u00f6zelliklidir.<br \/>&#8211; Titre\u015fim mod\u00fcl\u00fc ( 2 adet ) bulunmaktad\u0131r.<br \/>&#8211; LoveCloneRx yumu\u015fak dokudad\u0131r<br \/>&#8211; Y\u0131kanarak temizlenebilen elastikiyetini kaybetmeyen malzemeden \u00fcretilmi\u015ftir.<br \/>&#8211; Kolay temizlenir.<br \/>* 3 adet AAA tipi pil ile \u00e7al\u0131\u015f\u0131r.<br \/>* Uzunluk : 34&nbsp;cm<br \/>* Geni\u015flik : 31&nbsp;cm<br \/>* Y\u00fckseklik : 15&nbsp;cm<br \/>* A\u011f\u0131rl\u0131k : 7480&nbsp;gr<\/p>\n<p><\/span> <\/span><span style=\"font-family:Verdana,Geneva,sans-serif\"><\/p>\n<p>&nbsp; &nbsp;&nbsp;<\/p>\n<p><\/span><span style=\"font-size:16px\"><span style=\"font-family:Verdana,Geneva,sans-serif\"><\/p>\n<p>G\u00d6NDER\u0130 \u015eEKL\u0130<br \/>&nbsp;<br \/>Sipari\u015fleriniz i\u00e7eri\u011fi anla\u015f\u0131lmayacak \u015fekilde gizli ve kapal\u0131 kolide g\u00f6nderilir.<br \/>&nbsp;<br \/>\u00d6DEME T\u00dcRLER\u0130<br \/>&nbsp;<br \/>Nakit veya Kredi Kart\u0131 ile kap\u0131da veya \u015fubede kargoya \u00f6deyebilirsiniz.<br \/>Sistemimiz tek \u00e7ekim veya taksit se\u00e7enekleri ile i\u015flem yapabilirsiniz.<br \/>Banka yolu ile havale yapabilirsiniz.&nbsp;<br \/>&nbsp;<br \/>TESL\u0130MAT \u015eEKL\u0130<br \/>&nbsp;<br \/>\u0130ster Kap\u0131n\u0131za Gelsin \u0130ster Kargodan Al\u0131n<br \/>&nbsp;<br \/>T\u00fcm sexshop \u00fcr\u00fcnlerimiz sipari\u015ften teslimata kadar firmam\u0131z g\u00fcvencesi alt\u0131nda olup verilen sipari\u015fler tam ve eksiksiz olarak m\u00fc\u015fterilerimize ula\u015ft\u0131r\u0131l\u0131r.<br \/>&nbsp;<br \/>* Kap\u0131da \u00d6deme G\u00fcvenli Al\u0131\u015fveri\u015f<br \/>* T\u00fcm \u00dcr\u00fcnlerde H\u0131zl\u0131 G\u00f6nderim<br \/>* Orjinal \u00dcr\u00fcn Garantisi&nbsp;<br \/>* T\u00fcm \u00dcr\u00fcnlerde Gizli Kargo \/ Paket<br \/>&nbsp; &nbsp;&nbsp;<br \/><u><em><strong>G\u0130ZL\u0130L\u0130\u011e\u0130N\u0130ZE \u00d6NEM VER\u0130YORUZ<\/strong><\/em><\/u><\/p>\n<p><\/span><\/span><\/p>\n<p>&nbsp;<\/p>\n<p><a href=\"https:\/\/api.whatsapp.com\/send?phone=905304676616&amp;text=Sipari%C5%9F%20Vermek%20%C4%B0stiyorum%20lilitushop%20BDM9105\"><img decoding=\"async\" alt=\"\" src=\"https:\/\/static.ticimax.cloud\/32886\/uploads\/editoruploads\/whatsapp-destek-hatti.gif\" \/><\/a><\/p>\n<p><img decoding=\"async\" alt=\"\" src=\"https:\/\/static.ticimax.cloud\/32886\/uploads\/editoruploads\/bm-009105_05.gif\" style=\"width: 400px;height: 400px\" \/><\/p>\n","protected":false},"excerpt":{"rendered":"<p>Titre\u015fimli Sesli 3 Boyutlu Realistik Kal\u00e7a Vajina An\u00fcs&nbsp; &nbsp; &nbsp;\u00dcr\u00fcn Kodu:BDM9105 &nbsp; &nbsp; &nbsp;&nbsp; &#8211; Ultra yumu\u015fak ger\u00e7ek ten dokusuna<\/p>\n","protected":false},"featured_media":39750,"comment_status":"closed","ping_status":"closed","template":"","meta":[],"product_brand":[],"product_cat":[502],"product_tag":[],"class_list":{"0":"post-39748","1":"product","2":"type-product","3":"status-publish","4":"has-post-thumbnail","6":"product_cat-kalca-ve-yarim-vucut-masturbator","8":"first","9":"instock","10":"purchasable","11":"product-type-simple"},"yoast_head":"<!-- This site is optimized with the Yoast SEO Premium plugin v24.4 (Yoast SEO v27.1.1) - https:\/\/yoast.com\/product\/yoast-seo-premium-wordpress\/ -->\n<title>Titre\u015fimli Sesli 3 Boyutlu Realistik Kal\u00e7a Vajina An\u00fcs - Bursa Erotik Shop<\/title>\n<meta name=\"robots\" content=\"index, follow, max-snippet:-1, max-image-preview:large, max-video-preview:-1\" \/>\n<link rel=\"canonical\" href=\"https:\/\/hobierotikshop.com.tr\/website1\/erotik-shop-urun\/titresimli-sesli-3-boyutlu-realistik-kalca-vajina-anus-2\/\" \/>\n<meta property=\"og:locale\" content=\"tr_TR\" \/>\n<meta property=\"og:type\" content=\"article\" \/>\n<meta property=\"og:title\" content=\"Titre\u015fimli Sesli 3 Boyutlu Realistik Kal\u00e7a Vajina An\u00fcs\" \/>\n<meta property=\"og:description\" content=\"Titre\u015fimli Sesli 3 Boyutlu Realistik Kal\u00e7a Vajina An\u00fcs&nbsp; &nbsp; &nbsp;\u00dcr\u00fcn Kodu:BDM9105 &nbsp; &nbsp; &nbsp;&nbsp; &#8211; Ultra yumu\u015fak ger\u00e7ek ten dokusuna\" \/>\n<meta property=\"og:url\" content=\"https:\/\/hobierotikshop.com.tr\/website1\/erotik-shop-urun\/titresimli-sesli-3-boyutlu-realistik-kalca-vajina-anus-2\/\" \/>\n<meta property=\"og:site_name\" content=\"Bursa Erotik Shop\" \/>\n<meta property=\"article:modified_time\" content=\"2026-01-23T09:35:20+00:00\" \/>\n<meta property=\"og:image\" content=\"https:\/\/hobierotikshop.com.tr\/website1\/wp-content\/uploads\/2025\/04\/titresimli-sesli-3-boyutlu-realistik-k-84aa-5.jpg\" \/>\n\t<meta property=\"og:image:width\" content=\"455\" \/>\n\t<meta property=\"og:image:height\" content=\"455\" \/>\n\t<meta property=\"og:image:type\" content=\"image\/jpeg\" \/>\n<meta name=\"twitter:card\" content=\"summary_large_image\" \/>\n<meta name=\"twitter:site\" content=\"@shopbursa\" \/>\n<meta name=\"twitter:label1\" content=\"Fiyat\" \/>\n\t<meta name=\"twitter:data1\" content=\"&#8378;25.000,00\" \/>\n\t<meta name=\"twitter:label2\" content=\"Availability\" \/>\n\t<meta name=\"twitter:data2\" content=\"In stock\" \/>\n<script type=\"application\/ld+json\" class=\"yoast-schema-graph\">{\"@context\":\"https:\/\/schema.org\",\"@graph\":[{\"@type\":\"WebPage\",\"@id\":\"https:\/\/hobierotikshop.com.tr\/website1\/erotik-shop-urun\/titresimli-sesli-3-boyutlu-realistik-kalca-vajina-anus-2\/\",\"url\":\"https:\/\/hobierotikshop.com.tr\/website1\/erotik-shop-urun\/titresimli-sesli-3-boyutlu-realistik-kalca-vajina-anus-2\/\",\"name\":\"Titre\u015fimli Sesli 3 Boyutlu Realistik Kal\u00e7a Vajina An\u00fcs - Bursa Erotik Shop\",\"isPartOf\":{\"@id\":\"https:\/\/hobierotikshop.com.tr\/website1\/#website\"},\"primaryImageOfPage\":{\"@id\":\"https:\/\/hobierotikshop.com.tr\/website1\/erotik-shop-urun\/titresimli-sesli-3-boyutlu-realistik-kalca-vajina-anus-2\/#primaryimage\"},\"image\":{\"@id\":\"https:\/\/hobierotikshop.com.tr\/website1\/erotik-shop-urun\/titresimli-sesli-3-boyutlu-realistik-kalca-vajina-anus-2\/#primaryimage\"},\"thumbnailUrl\":\"https:\/\/haremerotikshop.com\/site\/wp-content\/uploads\/2025\/04\/titresimli-sesli-3-boyutlu-realistik-k-84aa-5.jpg\",\"datePublished\":\"2025-04-26T12:52:04+00:00\",\"dateModified\":\"2026-01-23T09:35:20+00:00\",\"breadcrumb\":{\"@id\":\"https:\/\/hobierotikshop.com.tr\/website1\/erotik-shop-urun\/titresimli-sesli-3-boyutlu-realistik-kalca-vajina-anus-2\/#breadcrumb\"},\"inLanguage\":\"tr\",\"potentialAction\":[{\"@type\":\"ReadAction\",\"target\":[\"https:\/\/hobierotikshop.com.tr\/website1\/erotik-shop-urun\/titresimli-sesli-3-boyutlu-realistik-kalca-vajina-anus-2\/\"]}]},{\"@type\":\"ImageObject\",\"inLanguage\":\"tr\",\"@id\":\"https:\/\/hobierotikshop.com.tr\/website1\/erotik-shop-urun\/titresimli-sesli-3-boyutlu-realistik-kalca-vajina-anus-2\/#primaryimage\",\"url\":\"https:\/\/haremerotikshop.com\/site\/wp-content\/uploads\/2025\/04\/titresimli-sesli-3-boyutlu-realistik-k-84aa-5.jpg\",\"contentUrl\":\"https:\/\/haremerotikshop.com\/site\/wp-content\/uploads\/2025\/04\/titresimli-sesli-3-boyutlu-realistik-k-84aa-5.jpg\",\"width\":455,\"height\":455},{\"@type\":\"BreadcrumbList\",\"@id\":\"https:\/\/hobierotikshop.com.tr\/website1\/erotik-shop-urun\/titresimli-sesli-3-boyutlu-realistik-kalca-vajina-anus-2\/#breadcrumb\",\"itemListElement\":[{\"@type\":\"ListItem\",\"position\":1,\"name\":\"Anasayfa\",\"item\":\"https:\/\/hobierotikshop.com.tr\/website1\/\"},{\"@type\":\"ListItem\",\"position\":2,\"name\":\"Erotik Shop \u00dcr\u00fcnleri\",\"item\":\"https:\/\/hobierotikshop.com.tr\/website1\/shop\/\"},{\"@type\":\"ListItem\",\"position\":3,\"name\":\"Titre\u015fimli Sesli 3 Boyutlu Realistik Kal\u00e7a Vajina An\u00fcs\"}]},{\"@type\":\"WebSite\",\"@id\":\"https:\/\/hobierotikshop.com.tr\/website1\/#website\",\"url\":\"https:\/\/hobierotikshop.com.tr\/website1\/\",\"name\":\"Bursa Erotik Shop\",\"description\":\"Bursa Erotik Shop ile g\u00fcvenli, gizli ve kaliteli yeti\u015fkin \u00fcr\u00fcnleri al\u0131\u015fveri\u015fi! Geni\u015f \u00fcr\u00fcn yelpazemizi ke\u015ffedin, hemen sipari\u015f verin\",\"publisher\":{\"@id\":\"https:\/\/hobierotikshop.com.tr\/website1\/#organization\"},\"alternateName\":\"Erotik Shop\",\"potentialAction\":[{\"@type\":\"SearchAction\",\"target\":{\"@type\":\"EntryPoint\",\"urlTemplate\":\"https:\/\/hobierotikshop.com.tr\/website1\/?s={search_term_string}\"},\"query-input\":{\"@type\":\"PropertyValueSpecification\",\"valueRequired\":true,\"valueName\":\"search_term_string\"}}],\"inLanguage\":\"tr\"},{\"@type\":\"Organization\",\"@id\":\"https:\/\/hobierotikshop.com.tr\/website1\/#organization\",\"name\":\"Harem Bursa Erotik Shop\",\"url\":\"https:\/\/hobierotikshop.com.tr\/website1\/\",\"logo\":{\"@type\":\"ImageObject\",\"inLanguage\":\"tr\",\"@id\":\"https:\/\/hobierotikshop.com.tr\/website1\/#\/schema\/logo\/image\/\",\"url\":\"https:\/\/haremerotikshop.com\/site\/wp-content\/uploads\/2025\/03\/haremsexshop.png\",\"contentUrl\":\"https:\/\/haremerotikshop.com\/site\/wp-content\/uploads\/2025\/03\/haremsexshop.png\",\"width\":400,\"height\":100,\"caption\":\"Harem Bursa Erotik Shop\"},\"image\":{\"@id\":\"https:\/\/hobierotikshop.com.tr\/website1\/#\/schema\/logo\/image\/\"},\"sameAs\":[\"https:\/\/x.com\/shopbursa\"],\"publishingPrinciples\":\"https:\/\/hobierotikshop.com.tr\/website1\/mesafeli-satis-sozlesmesi\/\",\"ownershipFundingInfo\":\"https:\/\/hobierotikshop.com.tr\/website1\/contact-us\/\",\"actionableFeedbackPolicy\":\"https:\/\/hobierotikshop.com.tr\/website1\/contact-us\/\",\"correctionsPolicy\":\"https:\/\/hobierotikshop.com.tr\/website1\/mesafeli-satis-sozlesmesi\/\"}]}<\/script>\n<meta property=\"product:price:amount\" content=\"25000.00\" \/>\n<meta property=\"product:price:currency\" content=\"TRY\" \/>\n<meta property=\"og:availability\" content=\"instock\" \/>\n<meta property=\"product:availability\" content=\"instock\" \/>\n<meta property=\"product:retailer_item_id\" content=\"BDM9105\" \/>\n<meta property=\"product:condition\" content=\"new\" \/>\n<!-- \/ Yoast SEO Premium plugin. -->","yoast_head_json":{"title":"Titre\u015fimli Sesli 3 Boyutlu Realistik Kal\u00e7a Vajina An\u00fcs - Bursa Erotik Shop","robots":{"index":"index","follow":"follow","max-snippet":"max-snippet:-1","max-image-preview":"max-image-preview:large","max-video-preview":"max-video-preview:-1"},"canonical":"https:\/\/hobierotikshop.com.tr\/website1\/erotik-shop-urun\/titresimli-sesli-3-boyutlu-realistik-kalca-vajina-anus-2\/","og_locale":"tr_TR","og_type":"article","og_title":"Titre\u015fimli Sesli 3 Boyutlu Realistik Kal\u00e7a Vajina An\u00fcs","og_description":"Titre\u015fimli Sesli 3 Boyutlu Realistik Kal\u00e7a Vajina An\u00fcs&nbsp; &nbsp; &nbsp;\u00dcr\u00fcn Kodu:BDM9105 &nbsp; &nbsp; &nbsp;&nbsp; &#8211; Ultra yumu\u015fak ger\u00e7ek ten dokusuna","og_url":"https:\/\/hobierotikshop.com.tr\/website1\/erotik-shop-urun\/titresimli-sesli-3-boyutlu-realistik-kalca-vajina-anus-2\/","og_site_name":"Bursa Erotik Shop","article_modified_time":"2026-01-23T09:35:20+00:00","og_image":[{"width":455,"height":455,"url":"https:\/\/hobierotikshop.com.tr\/website1\/wp-content\/uploads\/2025\/04\/titresimli-sesli-3-boyutlu-realistik-k-84aa-5.jpg","type":"image\/jpeg"}],"twitter_card":"summary_large_image","twitter_site":"@shopbursa","twitter_misc":{"Fiyat":"&#8378;25.000,00","Availability":"In stock"},"schema":{"@context":"https:\/\/schema.org","@graph":[{"@type":"WebPage","@id":"https:\/\/hobierotikshop.com.tr\/website1\/erotik-shop-urun\/titresimli-sesli-3-boyutlu-realistik-kalca-vajina-anus-2\/","url":"https:\/\/hobierotikshop.com.tr\/website1\/erotik-shop-urun\/titresimli-sesli-3-boyutlu-realistik-kalca-vajina-anus-2\/","name":"Titre\u015fimli Sesli 3 Boyutlu Realistik Kal\u00e7a Vajina An\u00fcs - Bursa Erotik Shop","isPartOf":{"@id":"https:\/\/hobierotikshop.com.tr\/website1\/#website"},"primaryImageOfPage":{"@id":"https:\/\/hobierotikshop.com.tr\/website1\/erotik-shop-urun\/titresimli-sesli-3-boyutlu-realistik-kalca-vajina-anus-2\/#primaryimage"},"image":{"@id":"https:\/\/hobierotikshop.com.tr\/website1\/erotik-shop-urun\/titresimli-sesli-3-boyutlu-realistik-kalca-vajina-anus-2\/#primaryimage"},"thumbnailUrl":"https:\/\/haremerotikshop.com\/site\/wp-content\/uploads\/2025\/04\/titresimli-sesli-3-boyutlu-realistik-k-84aa-5.jpg","datePublished":"2025-04-26T12:52:04+00:00","dateModified":"2026-01-23T09:35:20+00:00","breadcrumb":{"@id":"https:\/\/hobierotikshop.com.tr\/website1\/erotik-shop-urun\/titresimli-sesli-3-boyutlu-realistik-kalca-vajina-anus-2\/#breadcrumb"},"inLanguage":"tr","potentialAction":[{"@type":"ReadAction","target":["https:\/\/hobierotikshop.com.tr\/website1\/erotik-shop-urun\/titresimli-sesli-3-boyutlu-realistik-kalca-vajina-anus-2\/"]}]},{"@type":"ImageObject","inLanguage":"tr","@id":"https:\/\/hobierotikshop.com.tr\/website1\/erotik-shop-urun\/titresimli-sesli-3-boyutlu-realistik-kalca-vajina-anus-2\/#primaryimage","url":"https:\/\/haremerotikshop.com\/site\/wp-content\/uploads\/2025\/04\/titresimli-sesli-3-boyutlu-realistik-k-84aa-5.jpg","contentUrl":"https:\/\/haremerotikshop.com\/site\/wp-content\/uploads\/2025\/04\/titresimli-sesli-3-boyutlu-realistik-k-84aa-5.jpg","width":455,"height":455},{"@type":"BreadcrumbList","@id":"https:\/\/hobierotikshop.com.tr\/website1\/erotik-shop-urun\/titresimli-sesli-3-boyutlu-realistik-kalca-vajina-anus-2\/#breadcrumb","itemListElement":[{"@type":"ListItem","position":1,"name":"Anasayfa","item":"https:\/\/hobierotikshop.com.tr\/website1\/"},{"@type":"ListItem","position":2,"name":"Erotik Shop \u00dcr\u00fcnleri","item":"https:\/\/hobierotikshop.com.tr\/website1\/shop\/"},{"@type":"ListItem","position":3,"name":"Titre\u015fimli Sesli 3 Boyutlu Realistik Kal\u00e7a Vajina An\u00fcs"}]},{"@type":"WebSite","@id":"https:\/\/hobierotikshop.com.tr\/website1\/#website","url":"https:\/\/hobierotikshop.com.tr\/website1\/","name":"Bursa Erotik Shop","description":"Bursa Erotik Shop ile g\u00fcvenli, gizli ve kaliteli yeti\u015fkin \u00fcr\u00fcnleri al\u0131\u015fveri\u015fi! Geni\u015f \u00fcr\u00fcn yelpazemizi ke\u015ffedin, hemen sipari\u015f verin","publisher":{"@id":"https:\/\/hobierotikshop.com.tr\/website1\/#organization"},"alternateName":"Erotik Shop","potentialAction":[{"@type":"SearchAction","target":{"@type":"EntryPoint","urlTemplate":"https:\/\/hobierotikshop.com.tr\/website1\/?s={search_term_string}"},"query-input":{"@type":"PropertyValueSpecification","valueRequired":true,"valueName":"search_term_string"}}],"inLanguage":"tr"},{"@type":"Organization","@id":"https:\/\/hobierotikshop.com.tr\/website1\/#organization","name":"Harem Bursa Erotik Shop","url":"https:\/\/hobierotikshop.com.tr\/website1\/","logo":{"@type":"ImageObject","inLanguage":"tr","@id":"https:\/\/hobierotikshop.com.tr\/website1\/#\/schema\/logo\/image\/","url":"https:\/\/haremerotikshop.com\/site\/wp-content\/uploads\/2025\/03\/haremsexshop.png","contentUrl":"https:\/\/haremerotikshop.com\/site\/wp-content\/uploads\/2025\/03\/haremsexshop.png","width":400,"height":100,"caption":"Harem Bursa Erotik Shop"},"image":{"@id":"https:\/\/hobierotikshop.com.tr\/website1\/#\/schema\/logo\/image\/"},"sameAs":["https:\/\/x.com\/shopbursa"],"publishingPrinciples":"https:\/\/hobierotikshop.com.tr\/website1\/mesafeli-satis-sozlesmesi\/","ownershipFundingInfo":"https:\/\/hobierotikshop.com.tr\/website1\/contact-us\/","actionableFeedbackPolicy":"https:\/\/hobierotikshop.com.tr\/website1\/contact-us\/","correctionsPolicy":"https:\/\/hobierotikshop.com.tr\/website1\/mesafeli-satis-sozlesmesi\/"}]},"product_price_amount":"25000.00","product_price_currency":"TRY","og_availability":"instock","product_availability":"instock","product_retailer_item_id":"BDM9105","product_condition":"new"},"_links":{"self":[{"href":"https:\/\/haremerotikshop.com\/site\/wp-json\/wp\/v2\/product\/39748","targetHints":{"allow":["GET"]}}],"collection":[{"href":"https:\/\/haremerotikshop.com\/site\/wp-json\/wp\/v2\/product"}],"about":[{"href":"https:\/\/haremerotikshop.com\/site\/wp-json\/wp\/v2\/types\/product"}],"replies":[{"embeddable":true,"href":"https:\/\/haremerotikshop.com\/site\/wp-json\/wp\/v2\/comments?post=39748"}],"version-history":[{"count":0,"href":"https:\/\/haremerotikshop.com\/site\/wp-json\/wp\/v2\/product\/39748\/revisions"}],"wp:featuredmedia":[{"embeddable":true,"href":"https:\/\/haremerotikshop.com\/site\/wp-json\/wp\/v2\/media\/39750"}],"wp:attachment":[{"href":"https:\/\/haremerotikshop.com\/site\/wp-json\/wp\/v2\/media?parent=39748"}],"wp:term":[{"taxonomy":"product_brand","embeddable":true,"href":"https:\/\/haremerotikshop.com\/site\/wp-json\/wp\/v2\/product_brand?post=39748"},{"taxonomy":"product_cat","embeddable":true,"href":"https:\/\/haremerotikshop.com\/site\/wp-json\/wp\/v2\/product_cat?post=39748"},{"taxonomy":"product_tag","embeddable":true,"href":"https:\/\/haremerotikshop.com\/site\/wp-json\/wp\/v2\/product_tag?post=39748"}],"curies":[{"name":"wp","href":"https:\/\/api.w.org\/{rel}","templated":true}]}}