{"id":39983,"date":"2025-04-26T15:54:41","date_gmt":"2025-04-26T12:54:41","guid":{"rendered":"https:\/\/haremerotikshop.com\/site\/erotik-shop-urun\/yeni-nesil-cift-katmanli-10-titresim-fonksiyonlu-266-cm-realistik-kalin-dildo-melez-penis\/"},"modified":"2026-01-23T12:23:29","modified_gmt":"2026-01-23T09:23:29","slug":"yeni-nesil-cift-katmanli-10-titresim-fonksiyonlu-266-cm-realistik-kalin-dildo-melez-penis","status":"publish","type":"product","link":"https:\/\/haremerotikshop.com\/site\/erotik-shop-urun\/yeni-nesil-cift-katmanli-10-titresim-fonksiyonlu-266-cm-realistik-kalin-dildo-melez-penis\/","title":{"rendered":"Yeni Nesil \u00c7ift Katmanl\u0131 10 Titre\u015fim Fonksiyonlu 26,6 Cm Realistik Kal\u0131n Dildo Melez Penis"},"content":{"rendered":"<h2><span style=\"color:#e74c3c\"><span style=\"font-size:20px\"><span style=\"font-family:Verdana,Geneva,sans-serif\">Yeni Nesil \u00c7ift Katmanl\u0131 10 Titre\u015fim Fonksiyonlu 26,6 cm Realistik Kal\u0131n Dildo Melez Penis &nbsp; &nbsp; <\/span><\/span><\/span><\/h2>\n<h2><span style=\"color:#e74c3c\"><span style=\"font-size:20px\"><span style=\"font-family:Verdana,Geneva,sans-serif\">\u00dcr\u00fcn Kodu:LV111120<\/span><\/span><\/span><\/h2>\n<p>&nbsp; &nbsp; &nbsp; &nbsp;<\/p>\n<p><span style=\"font-size:16px\"><span style=\"font-family:Verdana,Geneva,sans-serif\"><\/p>\n<p>* Ultra yumu\u015fakl\u0131\u011f\u0131 ile ba\u015f d\u00f6nd\u00fcrmeye haz\u0131r melez penis dildo !<br \/>* Ayarlanabilir titre\u015fim h\u0131zlar\u0131 ile&nbsp;ba\u015f d\u00f6nd\u00fcrmeye haz\u0131r!<br \/>* 100% Soft Cyber Skin Patentli R5 y\u00fcksek kaliteli,yumu\u015fak ve ipeksi y\u00fczey,<br \/>* R5 malzeme \u00f6zelli\u011fi kullan\u0131m esnas\u0131nda v\u00fccut \u0131s\u0131s\u0131na ula\u015f\u0131r.<br \/>* Ger\u00e7ek\u00e7i ten dokusunda \u00e7ift katmanl\u0131<br \/>* G\u00fc\u00e7l\u00fc vantuzu ile her zemine sabitlenebilme \u00f6zelli\u011fi<br \/>* Cilt dostu malzemeden \u00fcretilmi\u015f olup kolay temizlenebilir<br \/>* B\u00fcy\u00fck ve kal\u0131n severlere \u00f6zel titre\u015fimli dildo penis<br \/>* Ayr\u0131ca apart kemer ile belden ba\u011flamal\u0131 olarak kullan\u0131labilinir.<br \/>* Pthalate Free Materyal<br \/>* Uzunluk 26,6&nbsp;cm<br \/>* Kal\u0131nl\u0131k 6,4&nbsp;cm<\/p>\n<p>&nbsp; &nbsp;<\/p>\n<p>G\u00d6NDER\u0130 \u015eEKL\u0130<\/p>\n<p>Sipari\u015fleriniz i\u00e7eri\u011fi anla\u015f\u0131lmayacak \u015fekilde gizli ve kapal\u0131 kolide g\u00f6nderilir.<br \/>&nbsp;<br \/>\u00d6DEME T\u00dcRLER\u0130<\/p>\n<p>Nakit veya Kredi Kart\u0131 ile kap\u0131da veya \u015fubede kargoya \u00f6deyebilirsiniz.<br \/>Sistemimiz tek \u00e7ekim veya taksit se\u00e7enekleri ile i\u015flem yapabilirsiniz.<br \/>Banka yolu ile havale yapabilirsiniz.&nbsp;<br \/>&nbsp;<br \/>TESL\u0130MAT \u015eEKL\u0130<\/p>\n<p><\/span><\/p>\n<p><span style=\"font-family: Verdana, Geneva, sans-serif\">\u0130ster Kap\u0131n\u0131za Gelsin \u0130ster Kargodan Al\u0131n<\/span><\/p>\n<p><\/span><span style=\"font-size:16px\"><span style=\"font-family:Verdana,Geneva,sans-serif\"><\/p>\n<p>T\u00fcm \u00fcr\u00fcnlerimiz sipari\u015ften teslimata kadar firmam\u0131z g\u00fcvencesi alt\u0131nda olup verilen sipari\u015fler tam ve eksiksiz olarak m\u00fc\u015fterilerimize ula\u015ft\u0131r\u0131l\u0131r.<br \/>&nbsp;<br \/>* Kap\u0131da \u00d6deme G\u00fcvenli Al\u0131\u015fveri\u015f<br \/>* T\u00fcm \u00dcr\u00fcnlerde H\u0131zl\u0131 G\u00f6nderim<br \/>* Orjinal \u00dcr\u00fcn Garantisi&nbsp;<br \/>* T\u00fcm \u00dcr\u00fcnlerde Gizli Kargo \/ Paket<br \/>&nbsp; &nbsp;&nbsp;<br \/><u><em><strong>G\u0130ZL\u0130L\u0130\u011e\u0130N\u0130ZE \u00d6NEM VER\u0130YORUZ<\/strong><\/em><\/u><\/p>\n<p>&nbsp; &nbsp;<\/p>\n<p><\/span><\/span><\/p>\n<p><a href=\"http:\/\/api.whatsapp.com\/send?phone=905304676616&amp;text=Sipari%C5%9F%20Vermek%20%C4%B0stiyorum%20lilitushop%20LV111120\"><img decoding=\"async\" alt=\"\" src=\"https:\/\/static.ticimax.cloud\/32886\/uploads\/editoruploads\/whatsapp-destek-hatti.gif\" \/><\/a><\/p>\n","protected":false},"excerpt":{"rendered":"<p>Yeni Nesil \u00c7ift Katmanl\u0131 10 Titre\u015fim Fonksiyonlu 26,6 cm Realistik Kal\u0131n Dildo Melez Penis &nbsp; &nbsp; \u00dcr\u00fcn Kodu:LV111120 &nbsp; &nbsp;<\/p>\n","protected":false},"featured_media":39985,"comment_status":"closed","ping_status":"closed","template":"","meta":[],"product_brand":[],"product_cat":[501],"product_tag":[],"class_list":{"0":"post-39983","1":"product","2":"type-product","3":"status-publish","4":"has-post-thumbnail","6":"product_cat-realistik-penisler","8":"first","9":"instock","10":"purchasable","11":"product-type-simple"},"yoast_head":"<!-- This site is optimized with the Yoast SEO Premium plugin v24.4 (Yoast SEO v27.1.1) - https:\/\/yoast.com\/product\/yoast-seo-premium-wordpress\/ -->\n<title>Yeni Nesil \u00c7ift Katmanl\u0131 10 Titre\u015fim Fonksiyonlu 26,6 Cm Realistik Kal\u0131n Dildo Melez Penis - Bursa Erotik Shop<\/title>\n<meta name=\"robots\" content=\"index, follow, max-snippet:-1, max-image-preview:large, max-video-preview:-1\" \/>\n<link rel=\"canonical\" href=\"https:\/\/hobierotikshop.com.tr\/website1\/erotik-shop-urun\/yeni-nesil-cift-katmanli-10-titresim-fonksiyonlu-266-cm-realistik-kalin-dildo-melez-penis\/\" \/>\n<meta property=\"og:locale\" content=\"tr_TR\" \/>\n<meta property=\"og:type\" content=\"article\" \/>\n<meta property=\"og:title\" content=\"Yeni Nesil \u00c7ift Katmanl\u0131 10 Titre\u015fim Fonksiyonlu 26,6 Cm Realistik Kal\u0131n Dildo Melez Penis\" \/>\n<meta property=\"og:description\" content=\"Yeni Nesil \u00c7ift Katmanl\u0131 10 Titre\u015fim Fonksiyonlu 26,6 cm Realistik Kal\u0131n Dildo Melez Penis &nbsp; &nbsp; \u00dcr\u00fcn Kodu:LV111120 &nbsp; &nbsp;\" \/>\n<meta property=\"og:url\" content=\"https:\/\/hobierotikshop.com.tr\/website1\/erotik-shop-urun\/yeni-nesil-cift-katmanli-10-titresim-fonksiyonlu-266-cm-realistik-kalin-dildo-melez-penis\/\" \/>\n<meta property=\"og:site_name\" content=\"Bursa Erotik Shop\" \/>\n<meta property=\"article:modified_time\" content=\"2026-01-23T09:23:29+00:00\" \/>\n<meta property=\"og:image\" content=\"https:\/\/hobierotikshop.com.tr\/website1\/wp-content\/uploads\/2025\/04\/yeni-nesil-cift-katmanli-10-titresim-f-5-9d86.jpg\" \/>\n\t<meta property=\"og:image:width\" content=\"455\" \/>\n\t<meta property=\"og:image:height\" content=\"455\" \/>\n\t<meta property=\"og:image:type\" content=\"image\/jpeg\" \/>\n<meta name=\"twitter:card\" content=\"summary_large_image\" \/>\n<meta name=\"twitter:site\" content=\"@shopbursa\" \/>\n<meta name=\"twitter:label1\" content=\"Fiyat\" \/>\n\t<meta name=\"twitter:data1\" content=\"&#8378;5.500,00\" \/>\n\t<meta name=\"twitter:label2\" content=\"Availability\" \/>\n\t<meta name=\"twitter:data2\" content=\"In stock\" \/>\n<script type=\"application\/ld+json\" class=\"yoast-schema-graph\">{\"@context\":\"https:\/\/schema.org\",\"@graph\":[{\"@type\":\"WebPage\",\"@id\":\"https:\/\/hobierotikshop.com.tr\/website1\/erotik-shop-urun\/yeni-nesil-cift-katmanli-10-titresim-fonksiyonlu-266-cm-realistik-kalin-dildo-melez-penis\/\",\"url\":\"https:\/\/hobierotikshop.com.tr\/website1\/erotik-shop-urun\/yeni-nesil-cift-katmanli-10-titresim-fonksiyonlu-266-cm-realistik-kalin-dildo-melez-penis\/\",\"name\":\"Yeni Nesil \u00c7ift Katmanl\u0131 10 Titre\u015fim Fonksiyonlu 26,6 Cm Realistik Kal\u0131n Dildo Melez Penis - Bursa Erotik Shop\",\"isPartOf\":{\"@id\":\"https:\/\/hobierotikshop.com.tr\/website1\/#website\"},\"primaryImageOfPage\":{\"@id\":\"https:\/\/hobierotikshop.com.tr\/website1\/erotik-shop-urun\/yeni-nesil-cift-katmanli-10-titresim-fonksiyonlu-266-cm-realistik-kalin-dildo-melez-penis\/#primaryimage\"},\"image\":{\"@id\":\"https:\/\/hobierotikshop.com.tr\/website1\/erotik-shop-urun\/yeni-nesil-cift-katmanli-10-titresim-fonksiyonlu-266-cm-realistik-kalin-dildo-melez-penis\/#primaryimage\"},\"thumbnailUrl\":\"https:\/\/haremerotikshop.com\/site\/wp-content\/uploads\/2025\/04\/yeni-nesil-cift-katmanli-10-titresim-f-5-9d86.jpg\",\"datePublished\":\"2025-04-26T12:54:41+00:00\",\"dateModified\":\"2026-01-23T09:23:29+00:00\",\"breadcrumb\":{\"@id\":\"https:\/\/hobierotikshop.com.tr\/website1\/erotik-shop-urun\/yeni-nesil-cift-katmanli-10-titresim-fonksiyonlu-266-cm-realistik-kalin-dildo-melez-penis\/#breadcrumb\"},\"inLanguage\":\"tr\",\"potentialAction\":[{\"@type\":\"ReadAction\",\"target\":[\"https:\/\/hobierotikshop.com.tr\/website1\/erotik-shop-urun\/yeni-nesil-cift-katmanli-10-titresim-fonksiyonlu-266-cm-realistik-kalin-dildo-melez-penis\/\"]}]},{\"@type\":\"ImageObject\",\"inLanguage\":\"tr\",\"@id\":\"https:\/\/hobierotikshop.com.tr\/website1\/erotik-shop-urun\/yeni-nesil-cift-katmanli-10-titresim-fonksiyonlu-266-cm-realistik-kalin-dildo-melez-penis\/#primaryimage\",\"url\":\"https:\/\/haremerotikshop.com\/site\/wp-content\/uploads\/2025\/04\/yeni-nesil-cift-katmanli-10-titresim-f-5-9d86.jpg\",\"contentUrl\":\"https:\/\/haremerotikshop.com\/site\/wp-content\/uploads\/2025\/04\/yeni-nesil-cift-katmanli-10-titresim-f-5-9d86.jpg\",\"width\":455,\"height\":455},{\"@type\":\"BreadcrumbList\",\"@id\":\"https:\/\/hobierotikshop.com.tr\/website1\/erotik-shop-urun\/yeni-nesil-cift-katmanli-10-titresim-fonksiyonlu-266-cm-realistik-kalin-dildo-melez-penis\/#breadcrumb\",\"itemListElement\":[{\"@type\":\"ListItem\",\"position\":1,\"name\":\"Anasayfa\",\"item\":\"https:\/\/hobierotikshop.com.tr\/website1\/\"},{\"@type\":\"ListItem\",\"position\":2,\"name\":\"Erotik Shop \u00dcr\u00fcnleri\",\"item\":\"https:\/\/hobierotikshop.com.tr\/website1\/shop\/\"},{\"@type\":\"ListItem\",\"position\":3,\"name\":\"Yeni Nesil \u00c7ift Katmanl\u0131 10 Titre\u015fim Fonksiyonlu 26,6 Cm Realistik Kal\u0131n Dildo Melez Penis\"}]},{\"@type\":\"WebSite\",\"@id\":\"https:\/\/hobierotikshop.com.tr\/website1\/#website\",\"url\":\"https:\/\/hobierotikshop.com.tr\/website1\/\",\"name\":\"Bursa Erotik Shop\",\"description\":\"Bursa Erotik Shop ile g\u00fcvenli, gizli ve kaliteli yeti\u015fkin \u00fcr\u00fcnleri al\u0131\u015fveri\u015fi! Geni\u015f \u00fcr\u00fcn yelpazemizi ke\u015ffedin, hemen sipari\u015f verin\",\"publisher\":{\"@id\":\"https:\/\/hobierotikshop.com.tr\/website1\/#organization\"},\"alternateName\":\"Erotik Shop\",\"potentialAction\":[{\"@type\":\"SearchAction\",\"target\":{\"@type\":\"EntryPoint\",\"urlTemplate\":\"https:\/\/hobierotikshop.com.tr\/website1\/?s={search_term_string}\"},\"query-input\":{\"@type\":\"PropertyValueSpecification\",\"valueRequired\":true,\"valueName\":\"search_term_string\"}}],\"inLanguage\":\"tr\"},{\"@type\":\"Organization\",\"@id\":\"https:\/\/hobierotikshop.com.tr\/website1\/#organization\",\"name\":\"Harem Bursa Erotik Shop\",\"url\":\"https:\/\/hobierotikshop.com.tr\/website1\/\",\"logo\":{\"@type\":\"ImageObject\",\"inLanguage\":\"tr\",\"@id\":\"https:\/\/hobierotikshop.com.tr\/website1\/#\/schema\/logo\/image\/\",\"url\":\"https:\/\/haremerotikshop.com\/site\/wp-content\/uploads\/2025\/03\/haremsexshop.png\",\"contentUrl\":\"https:\/\/haremerotikshop.com\/site\/wp-content\/uploads\/2025\/03\/haremsexshop.png\",\"width\":400,\"height\":100,\"caption\":\"Harem Bursa Erotik Shop\"},\"image\":{\"@id\":\"https:\/\/hobierotikshop.com.tr\/website1\/#\/schema\/logo\/image\/\"},\"sameAs\":[\"https:\/\/x.com\/shopbursa\"],\"publishingPrinciples\":\"https:\/\/hobierotikshop.com.tr\/website1\/mesafeli-satis-sozlesmesi\/\",\"ownershipFundingInfo\":\"https:\/\/hobierotikshop.com.tr\/website1\/contact-us\/\",\"actionableFeedbackPolicy\":\"https:\/\/hobierotikshop.com.tr\/website1\/contact-us\/\",\"correctionsPolicy\":\"https:\/\/hobierotikshop.com.tr\/website1\/mesafeli-satis-sozlesmesi\/\"}]}<\/script>\n<meta property=\"product:price:amount\" content=\"5500.00\" \/>\n<meta property=\"product:price:currency\" content=\"TRY\" \/>\n<meta property=\"og:availability\" content=\"instock\" \/>\n<meta property=\"product:availability\" content=\"instock\" \/>\n<meta property=\"product:retailer_item_id\" content=\"LV111120\" \/>\n<meta property=\"product:condition\" content=\"new\" \/>\n<!-- \/ Yoast SEO Premium plugin. -->","yoast_head_json":{"title":"Yeni Nesil \u00c7ift Katmanl\u0131 10 Titre\u015fim Fonksiyonlu 26,6 Cm Realistik Kal\u0131n Dildo Melez Penis - Bursa Erotik Shop","robots":{"index":"index","follow":"follow","max-snippet":"max-snippet:-1","max-image-preview":"max-image-preview:large","max-video-preview":"max-video-preview:-1"},"canonical":"https:\/\/hobierotikshop.com.tr\/website1\/erotik-shop-urun\/yeni-nesil-cift-katmanli-10-titresim-fonksiyonlu-266-cm-realistik-kalin-dildo-melez-penis\/","og_locale":"tr_TR","og_type":"article","og_title":"Yeni Nesil \u00c7ift Katmanl\u0131 10 Titre\u015fim Fonksiyonlu 26,6 Cm Realistik Kal\u0131n Dildo Melez Penis","og_description":"Yeni Nesil \u00c7ift Katmanl\u0131 10 Titre\u015fim Fonksiyonlu 26,6 cm Realistik Kal\u0131n Dildo Melez Penis &nbsp; &nbsp; \u00dcr\u00fcn Kodu:LV111120 &nbsp; &nbsp;","og_url":"https:\/\/hobierotikshop.com.tr\/website1\/erotik-shop-urun\/yeni-nesil-cift-katmanli-10-titresim-fonksiyonlu-266-cm-realistik-kalin-dildo-melez-penis\/","og_site_name":"Bursa Erotik Shop","article_modified_time":"2026-01-23T09:23:29+00:00","og_image":[{"width":455,"height":455,"url":"https:\/\/hobierotikshop.com.tr\/website1\/wp-content\/uploads\/2025\/04\/yeni-nesil-cift-katmanli-10-titresim-f-5-9d86.jpg","type":"image\/jpeg"}],"twitter_card":"summary_large_image","twitter_site":"@shopbursa","twitter_misc":{"Fiyat":"&#8378;5.500,00","Availability":"In stock"},"schema":{"@context":"https:\/\/schema.org","@graph":[{"@type":"WebPage","@id":"https:\/\/hobierotikshop.com.tr\/website1\/erotik-shop-urun\/yeni-nesil-cift-katmanli-10-titresim-fonksiyonlu-266-cm-realistik-kalin-dildo-melez-penis\/","url":"https:\/\/hobierotikshop.com.tr\/website1\/erotik-shop-urun\/yeni-nesil-cift-katmanli-10-titresim-fonksiyonlu-266-cm-realistik-kalin-dildo-melez-penis\/","name":"Yeni Nesil \u00c7ift Katmanl\u0131 10 Titre\u015fim Fonksiyonlu 26,6 Cm Realistik Kal\u0131n Dildo Melez Penis - Bursa Erotik Shop","isPartOf":{"@id":"https:\/\/hobierotikshop.com.tr\/website1\/#website"},"primaryImageOfPage":{"@id":"https:\/\/hobierotikshop.com.tr\/website1\/erotik-shop-urun\/yeni-nesil-cift-katmanli-10-titresim-fonksiyonlu-266-cm-realistik-kalin-dildo-melez-penis\/#primaryimage"},"image":{"@id":"https:\/\/hobierotikshop.com.tr\/website1\/erotik-shop-urun\/yeni-nesil-cift-katmanli-10-titresim-fonksiyonlu-266-cm-realistik-kalin-dildo-melez-penis\/#primaryimage"},"thumbnailUrl":"https:\/\/haremerotikshop.com\/site\/wp-content\/uploads\/2025\/04\/yeni-nesil-cift-katmanli-10-titresim-f-5-9d86.jpg","datePublished":"2025-04-26T12:54:41+00:00","dateModified":"2026-01-23T09:23:29+00:00","breadcrumb":{"@id":"https:\/\/hobierotikshop.com.tr\/website1\/erotik-shop-urun\/yeni-nesil-cift-katmanli-10-titresim-fonksiyonlu-266-cm-realistik-kalin-dildo-melez-penis\/#breadcrumb"},"inLanguage":"tr","potentialAction":[{"@type":"ReadAction","target":["https:\/\/hobierotikshop.com.tr\/website1\/erotik-shop-urun\/yeni-nesil-cift-katmanli-10-titresim-fonksiyonlu-266-cm-realistik-kalin-dildo-melez-penis\/"]}]},{"@type":"ImageObject","inLanguage":"tr","@id":"https:\/\/hobierotikshop.com.tr\/website1\/erotik-shop-urun\/yeni-nesil-cift-katmanli-10-titresim-fonksiyonlu-266-cm-realistik-kalin-dildo-melez-penis\/#primaryimage","url":"https:\/\/haremerotikshop.com\/site\/wp-content\/uploads\/2025\/04\/yeni-nesil-cift-katmanli-10-titresim-f-5-9d86.jpg","contentUrl":"https:\/\/haremerotikshop.com\/site\/wp-content\/uploads\/2025\/04\/yeni-nesil-cift-katmanli-10-titresim-f-5-9d86.jpg","width":455,"height":455},{"@type":"BreadcrumbList","@id":"https:\/\/hobierotikshop.com.tr\/website1\/erotik-shop-urun\/yeni-nesil-cift-katmanli-10-titresim-fonksiyonlu-266-cm-realistik-kalin-dildo-melez-penis\/#breadcrumb","itemListElement":[{"@type":"ListItem","position":1,"name":"Anasayfa","item":"https:\/\/hobierotikshop.com.tr\/website1\/"},{"@type":"ListItem","position":2,"name":"Erotik Shop \u00dcr\u00fcnleri","item":"https:\/\/hobierotikshop.com.tr\/website1\/shop\/"},{"@type":"ListItem","position":3,"name":"Yeni Nesil \u00c7ift Katmanl\u0131 10 Titre\u015fim Fonksiyonlu 26,6 Cm Realistik Kal\u0131n Dildo Melez Penis"}]},{"@type":"WebSite","@id":"https:\/\/hobierotikshop.com.tr\/website1\/#website","url":"https:\/\/hobierotikshop.com.tr\/website1\/","name":"Bursa Erotik Shop","description":"Bursa Erotik Shop ile g\u00fcvenli, gizli ve kaliteli yeti\u015fkin \u00fcr\u00fcnleri al\u0131\u015fveri\u015fi! Geni\u015f \u00fcr\u00fcn yelpazemizi ke\u015ffedin, hemen sipari\u015f verin","publisher":{"@id":"https:\/\/hobierotikshop.com.tr\/website1\/#organization"},"alternateName":"Erotik Shop","potentialAction":[{"@type":"SearchAction","target":{"@type":"EntryPoint","urlTemplate":"https:\/\/hobierotikshop.com.tr\/website1\/?s={search_term_string}"},"query-input":{"@type":"PropertyValueSpecification","valueRequired":true,"valueName":"search_term_string"}}],"inLanguage":"tr"},{"@type":"Organization","@id":"https:\/\/hobierotikshop.com.tr\/website1\/#organization","name":"Harem Bursa Erotik Shop","url":"https:\/\/hobierotikshop.com.tr\/website1\/","logo":{"@type":"ImageObject","inLanguage":"tr","@id":"https:\/\/hobierotikshop.com.tr\/website1\/#\/schema\/logo\/image\/","url":"https:\/\/haremerotikshop.com\/site\/wp-content\/uploads\/2025\/03\/haremsexshop.png","contentUrl":"https:\/\/haremerotikshop.com\/site\/wp-content\/uploads\/2025\/03\/haremsexshop.png","width":400,"height":100,"caption":"Harem Bursa Erotik Shop"},"image":{"@id":"https:\/\/hobierotikshop.com.tr\/website1\/#\/schema\/logo\/image\/"},"sameAs":["https:\/\/x.com\/shopbursa"],"publishingPrinciples":"https:\/\/hobierotikshop.com.tr\/website1\/mesafeli-satis-sozlesmesi\/","ownershipFundingInfo":"https:\/\/hobierotikshop.com.tr\/website1\/contact-us\/","actionableFeedbackPolicy":"https:\/\/hobierotikshop.com.tr\/website1\/contact-us\/","correctionsPolicy":"https:\/\/hobierotikshop.com.tr\/website1\/mesafeli-satis-sozlesmesi\/"}]},"product_price_amount":"5500.00","product_price_currency":"TRY","og_availability":"instock","product_availability":"instock","product_retailer_item_id":"LV111120","product_condition":"new"},"_links":{"self":[{"href":"https:\/\/haremerotikshop.com\/site\/wp-json\/wp\/v2\/product\/39983","targetHints":{"allow":["GET"]}}],"collection":[{"href":"https:\/\/haremerotikshop.com\/site\/wp-json\/wp\/v2\/product"}],"about":[{"href":"https:\/\/haremerotikshop.com\/site\/wp-json\/wp\/v2\/types\/product"}],"replies":[{"embeddable":true,"href":"https:\/\/haremerotikshop.com\/site\/wp-json\/wp\/v2\/comments?post=39983"}],"version-history":[{"count":0,"href":"https:\/\/haremerotikshop.com\/site\/wp-json\/wp\/v2\/product\/39983\/revisions"}],"wp:featuredmedia":[{"embeddable":true,"href":"https:\/\/haremerotikshop.com\/site\/wp-json\/wp\/v2\/media\/39985"}],"wp:attachment":[{"href":"https:\/\/haremerotikshop.com\/site\/wp-json\/wp\/v2\/media?parent=39983"}],"wp:term":[{"taxonomy":"product_brand","embeddable":true,"href":"https:\/\/haremerotikshop.com\/site\/wp-json\/wp\/v2\/product_brand?post=39983"},{"taxonomy":"product_cat","embeddable":true,"href":"https:\/\/haremerotikshop.com\/site\/wp-json\/wp\/v2\/product_cat?post=39983"},{"taxonomy":"product_tag","embeddable":true,"href":"https:\/\/haremerotikshop.com\/site\/wp-json\/wp\/v2\/product_tag?post=39983"}],"curies":[{"name":"wp","href":"https:\/\/api.w.org\/{rel}","templated":true}]}}