{"id":41444,"date":"2025-04-26T16:14:07","date_gmt":"2025-04-26T13:14:07","guid":{"rendered":"https:\/\/haremerotikshop.com\/site\/erotik-shop-urun\/12-parcali-18k-altin-kaplamali-elit-vibrator-seti-queens-collection\/"},"modified":"2026-01-22T14:07:35","modified_gmt":"2026-01-22T11:07:35","slug":"12-parcali-18k-altin-kaplamali-elit-vibrator-seti-queens-collection","status":"publish","type":"product","link":"https:\/\/haremerotikshop.com\/site\/erotik-shop-urun\/12-parcali-18k-altin-kaplamali-elit-vibrator-seti-queens-collection\/","title":{"rendered":"12 Par\u00e7al\u0131 18K Alt\u0131n Kaplamal\u0131 Elit Vibrat\u00f6r Seti &#8211; Queen&#8217;s Collection"},"content":{"rendered":"<h2><span style=\"color:#e74c3c\"><span style=\"font-size:20px\"><span style=\"font-family:Verdana,Geneva,sans-serif\">12 Par\u00e7al\u0131 18K Alt\u0131n Kaplamal\u0131 Elit Vibrat\u00f6r Seti &#8211; Queen&#8217;s Collection&nbsp; &nbsp; &nbsp;<\/span><\/span><\/span><\/h2>\n<h2><span style=\"color:#e74c3c\"><span style=\"font-size:20px\"><span style=\"font-family:Verdana,Geneva,sans-serif\">\u00dcr\u00fcn Kodu:BDM1905<\/span><\/span><\/span><\/h2>\n<p>&nbsp; &nbsp; &nbsp; &nbsp; &nbsp; &nbsp;&nbsp;<\/p>\n<p><span style=\"font-size:16px\"><span style=\"font-family:Verdana,Geneva,sans-serif\"><\/p>\n<p>* 12 ayr\u0131 par\u00e7adan olu\u015fmaktad\u0131r<br \/>* 18K ayar alt\u0131n kaplamal\u0131d\u0131r.<br \/>* Her bir \u00fcr\u00fcn elit yap\u0131da olup, yan\u0131n\u0131zdan ay\u0131ramayaca\u011f\u0131n\u0131z en de\u011ferli m\u00fccevheriniz olacakt\u0131r.<\/p>\n<p>&nbsp; &nbsp;<\/p>\n<p><strong>WALTER<\/strong><br \/>&#8211; USB&#8217;den \u015farjl\u0131<br \/>&#8211; 7 titre\u015fim fonksiyonlu g\u00fc\u00e7l\u00fc titre\u015fimli vibrat\u00f6r<br \/>&#8211; Uzunluk : 21,6 cm<br \/>&#8211; \u00c7ap : 5 cm<\/p>\n<p><strong>OTIS<\/strong><br \/>&#8211; USB&#8217;den \u015farjl\u0131<br \/>&#8211; 7 fonksiyonlu s\u00fcper emi\u015f g\u00fc\u00e7l\u00fc vibrat\u00f6r<br \/>&#8211; Uzunluk : 13 cm<br \/>&#8211; Geni\u015flik : 4,3 cm &amp; 3,8 cm<\/p>\n<p><strong>ESTELLE<\/strong><br \/>&#8211; USB&#8217;den \u015farjl\u0131<br \/>&#8211; 12 uyar\u0131m fonksiyonlu \u00e7ift dil uyar\u0131ml\u0131 vibrat\u00f6r<br \/>&#8211; Uzunluk : 4,25 cm<br \/>&#8211; Geni\u015flik : 4,25 cm<\/p>\n<p><strong>DOUBLE PLEASURE<\/strong><br \/>&#8211; USB&#8217;den \u015farjl\u0131<br \/>&#8211; 7 titre\u015fim fonksiyonlu \u00e7ift motorlu klitoris uyar\u0131c\u0131l\u0131 tav\u015fan vibrat\u00f6r<br \/>&#8211; Uzunluk : 19,2 cm<br \/>&#8211; \u00c7ap : 3,8 cm<\/p>\n<p><strong>WILBUR<\/strong><br \/>&#8211; USB&#8217;den \u015farjl\u0131<br \/>&#8211; 7 titre\u015fim fonksiyonlu \u0131s\u0131tma \u00f6zellikli \u00e7ift motorlu klitoris uyar\u0131c\u0131l\u0131 vibrat\u00f6r<br \/>&#8211; Uzunluk : 20,5 cm<br \/>&#8211; \u00c7ap : 3,5 cm<\/p>\n<p><strong>DIANA<\/strong><br \/>&#8211; USB&#8217;den \u015farjl\u0131<br \/>&#8211; 12 Emme fonksiyonlu g\u00fc\u00e7l\u00fc titre\u015fimli vibrat\u00f6r<br \/>&#8211; Uzunluk : 19 cm<br \/>&#8211; \u00c7ap : 3 cm<\/p>\n<p><strong>HIRAM<\/strong><br \/>&#8211; USB&#8217;den \u015farjl\u0131<br \/>&#8211; 13 Titre\u015fim fonksiyonlu g-spot uyar\u0131c\u0131l\u0131 g\u00fc\u00e7l\u00fc motorlu vibrat\u00f6r<br \/>&#8211; Uzunluk : 12,3 cm<br \/>&#8211; \u00c7ap : 4,5 cm<\/p>\n<p><strong>ALGERNON<\/strong><br \/>&#8211; USB&#8217;den \u015farjl\u0131<br \/>&#8211; 12 Titre\u015fim fonksiyonlu uzaktan kumandal\u0131 \u00e7ift motorlu vibrat\u00f6r<br \/>&#8211; Uzunluk : 9,6 cm<br \/>&#8211; \u00c7ap : 3 cm &amp; 2,7 cm<\/p>\n<p><strong>LRIS<\/strong><br \/>&#8211; USB&#8217;den \u015farjl\u0131<br \/>&#8211; 7 Titre\u015fim fonksiyonlu 3 elektrik \u015fok \u00f6zellikli uzaktan kumandal\u0131 vibrat\u00f6r<br \/>&#8211; Uzunluk : 19 cm<br \/>&#8211; \u00c7ap : 3,2 cm<\/p>\n<p><strong>SANDY<\/strong><br \/>&#8211; \u00c7ift tarafl\u0131 kegel egzersiz toplar\u0131<br \/>&#8211; Uzunluk : 18,5 cm<br \/>&#8211; \u00c7ap : 3,3 cm<\/p>\n<p><strong>HERMOSA<\/strong><br \/>&#8211; USB&#8217;den \u015farjl\u0131<br \/>&#8211; 12 Titre\u015fim fonksiyonlu anal ve vajinal bo\u011fumlu vibrat\u00f6r<br \/>&#8211; Uzunluk : 13,7 cm<br \/>&#8211; \u00c7ap : 2,1 cm<\/p>\n<p><strong>ARIANNA<\/strong><br \/>&#8211; G\u00fc\u00e7l\u00fc vantuzlu s\u00fcper yumu\u015fak materyalden \u00fcretilmi\u015f dildo penis<br \/>&#8211; Uzunluk : 15,5 cm<br \/>&#8211; \u00c7ap : 3,5 cm<\/p>\n<p>* T\u00fcm \u00fcr\u00fcnler cil dostu malzemeden \u00fcretilmi\u015ftir.<br \/>* Kolay temizlenebilir<br \/>* Waterproof \u00f6zellikli<br \/>* Kolay temizlenebilir<br \/>* L\u00fcks ve zerafetin bulu\u015ftu\u011fu bu set hayallerinizin ger\u00e7ekle\u015fmesine yard\u0131mc\u0131 olacakt\u0131r.<\/p>\n<p>Not: Kutu i\u00e7erisinden 2 adet USB ucu \u00e7\u0131kmaktad\u0131r (12mm &amp; 14mm). Her \u00fcr\u00fcn\u00fcn kulland\u0131\u011f\u0131 \u015farj ucu farkl\u0131l\u0131k g\u00f6sterebildi\u011finden dolay\u0131 dikkat edilmesi gerekmektedir.<\/p>\n<p>&nbsp;<\/p>\n<p>&nbsp;&nbsp;<\/p>\n<p>G\u00d6NDER\u0130 \u015eEKL\u0130<\/p>\n<p>Sipari\u015fleriniz i\u00e7eri\u011fi anla\u015f\u0131lmayacak \u015fekilde gizli ve kapal\u0131 kolide g\u00f6nderilir.<br \/>&nbsp;<br \/>\u00d6DEME T\u00dcRLER\u0130<\/p>\n<p>Nakit veya Kredi Kart\u0131 ile kap\u0131da veya \u015fubede kargoya \u00f6deyebilirsiniz.<br \/>Sistemimiz tek \u00e7ekim veya taksit se\u00e7enekleri ile i\u015flem yapabilirsiniz.<br \/>Banka yolu ile havale yapabilirsiniz.&nbsp;<br \/>&nbsp;<br \/>TESL\u0130MAT \u015eEKL\u0130<\/p>\n<p>\u0130ster Kap\u0131n\u0131za Gelsin \u0130ster Kargodan Al\u0131n<\/p>\n<p><\/span><\/span><span style=\"font-size:16px\"><span style=\"font-family:Verdana,Geneva,sans-serif\"><\/p>\n<p>T\u00fcm \u00fcr\u00fcnlerimiz sipari\u015ften teslimata kadar firmam\u0131z g\u00fcvencesi alt\u0131nda olup verilen sipari\u015fler tam ve eksiksiz olarak m\u00fc\u015fterilerimize ula\u015ft\u0131r\u0131l\u0131r.<br \/>&nbsp;<br \/>* Kap\u0131da \u00d6deme G\u00fcvenli Al\u0131\u015fveri\u015f<br \/>* T\u00fcm \u00dcr\u00fcnlerde H\u0131zl\u0131 G\u00f6nderim<br \/>* Orjinal \u00dcr\u00fcn Garantisi&nbsp;<br \/>* T\u00fcm \u00dcr\u00fcnlerde Gizli Kargo \/ Paket<br \/>&nbsp; &nbsp;&nbsp;<br \/><u><em><strong>G\u0130ZL\u0130L\u0130\u011e\u0130N\u0130ZE \u00d6NEM VER\u0130YORUZ<\/strong><\/em><\/u><\/p>\n<p>&nbsp;<\/p>\n<p><\/span><\/span><\/p>\n<p><a href=\"http:\/\/api.whatsapp.com\/send?phone=905304676616&amp;text=Sipari%C5%9F%20Vermek%20%C4%B0stiyorum%20lilitushop%20BDM1905\"><img decoding=\"async\" alt=\"\" src=\"https:\/\/static.ticimax.cloud\/32886\/uploads\/editoruploads\/whatsapp-destek-hatti.gif\" \/><\/a><\/p>\n<p><img decoding=\"async\" alt=\"\" src=\"https:\/\/static.ticimax.cloud\/32886\/uploads\/editoruploads\/giflux1.gif\" style=\"width: 250px;height: 168px\" \/><img decoding=\"async\" alt=\"\" src=\"https:\/\/static.ticimax.cloud\/32886\/uploads\/editoruploads\/11111giflux10.gif\" style=\"width: 250px;height: 177px\" \/><img decoding=\"async\" alt=\"\" src=\"https:\/\/static.ticimax.cloud\/32886\/uploads\/editoruploads\/11111giflux11.gif\" style=\"width: 250px;height: 195px\" \/><img decoding=\"async\" alt=\"\" src=\"https:\/\/static.ticimax.cloud\/32886\/uploads\/editoruploads\/11111giflux2.gif\" style=\"width: 250px;height: 154px\" \/><\/p>\n<p><img decoding=\"async\" alt=\"\" src=\"https:\/\/static.ticimax.cloud\/32886\/uploads\/editoruploads\/11111giflux3.gif\" style=\"width: 250px;height: 186px\" \/><img decoding=\"async\" alt=\"\" src=\"https:\/\/static.ticimax.cloud\/32886\/uploads\/editoruploads\/11111giflux4.gif\" style=\"width: 250px;height: 175px\" \/><img decoding=\"async\" alt=\"\" src=\"https:\/\/static.ticimax.cloud\/32886\/uploads\/editoruploads\/11111giflux5.gif\" style=\"width: 250px;height: 169px\" \/><img decoding=\"async\" alt=\"\" src=\"https:\/\/static.ticimax.cloud\/32886\/uploads\/editoruploads\/11111giflux6.gif\" style=\"width: 250px;height: 149px\" \/><\/p>\n<p><img decoding=\"async\" alt=\"\" src=\"https:\/\/static.ticimax.cloud\/32886\/uploads\/editoruploads\/11111giflux7.gif\" style=\"width: 250px;height: 201px\" \/><img decoding=\"async\" alt=\"\" src=\"https:\/\/static.ticimax.cloud\/32886\/uploads\/editoruploads\/11111giflux8.gif\" style=\"width: 250px;height: 228px\" \/><img decoding=\"async\" alt=\"\" src=\"https:\/\/static.ticimax.cloud\/32886\/uploads\/editoruploads\/11111giflux9.gif\" style=\"width: 250px;height: 171px\" \/><\/p>\n","protected":false},"excerpt":{"rendered":"<p>12 Par\u00e7al\u0131 18K Alt\u0131n Kaplamal\u0131 Elit Vibrat\u00f6r Seti &#8211; Queen&#8217;s Collection&nbsp; &nbsp; &nbsp; \u00dcr\u00fcn Kodu:BDM1905 &nbsp; &nbsp; &nbsp; &nbsp; &nbsp;<\/p>\n","protected":false},"featured_media":41446,"comment_status":"closed","ping_status":"closed","template":"","meta":[],"product_brand":[],"product_cat":[496],"product_tag":[],"class_list":{"0":"post-41444","1":"product","2":"type-product","3":"status-publish","4":"has-post-thumbnail","6":"product_cat-vibrator-cesitleri","8":"first","9":"instock","10":"purchasable","11":"product-type-simple"},"yoast_head":"<!-- This site is optimized with the Yoast SEO Premium plugin v24.4 (Yoast SEO v27.1.1) - https:\/\/yoast.com\/product\/yoast-seo-premium-wordpress\/ -->\n<title>12 Par\u00e7al\u0131 18K Alt\u0131n Kaplamal\u0131 Elit Vibrat\u00f6r Seti - Queen&#039;s Collection - Bursa Erotik Shop<\/title>\n<meta name=\"robots\" content=\"index, follow, max-snippet:-1, max-image-preview:large, max-video-preview:-1\" \/>\n<link rel=\"canonical\" href=\"https:\/\/hobierotikshop.com.tr\/website1\/erotik-shop-urun\/12-parcali-18k-altin-kaplamali-elit-vibrator-seti-queens-collection\/\" \/>\n<meta property=\"og:locale\" content=\"tr_TR\" \/>\n<meta property=\"og:type\" content=\"article\" \/>\n<meta property=\"og:title\" content=\"12 Par\u00e7al\u0131 18K Alt\u0131n Kaplamal\u0131 Elit Vibrat\u00f6r Seti - Queen&#039;s Collection\" \/>\n<meta property=\"og:description\" content=\"12 Par\u00e7al\u0131 18K Alt\u0131n Kaplamal\u0131 Elit Vibrat\u00f6r Seti &#8211; Queen&#8217;s Collection&nbsp; &nbsp; &nbsp; \u00dcr\u00fcn Kodu:BDM1905 &nbsp; &nbsp; &nbsp; &nbsp; &nbsp;\" \/>\n<meta property=\"og:url\" content=\"https:\/\/hobierotikshop.com.tr\/website1\/erotik-shop-urun\/12-parcali-18k-altin-kaplamali-elit-vibrator-seti-queens-collection\/\" \/>\n<meta property=\"og:site_name\" content=\"Bursa Erotik Shop\" \/>\n<meta property=\"article:modified_time\" content=\"2026-01-22T11:07:35+00:00\" \/>\n<meta property=\"og:image\" content=\"https:\/\/hobierotikshop.com.tr\/website1\/wp-content\/uploads\/2025\/04\/12-parcali-18k-altin-kaplamali-elit-vi-d-98c6.jpg\" \/>\n\t<meta property=\"og:image:width\" content=\"455\" \/>\n\t<meta property=\"og:image:height\" content=\"455\" \/>\n\t<meta property=\"og:image:type\" content=\"image\/jpeg\" \/>\n<meta name=\"twitter:card\" content=\"summary_large_image\" \/>\n<meta name=\"twitter:site\" content=\"@shopbursa\" \/>\n<meta name=\"twitter:label1\" content=\"Fiyat\" \/>\n\t<meta name=\"twitter:data1\" content=\"&#8378;70.000,00\" \/>\n\t<meta name=\"twitter:label2\" content=\"Availability\" \/>\n\t<meta name=\"twitter:data2\" content=\"In stock\" \/>\n<script type=\"application\/ld+json\" class=\"yoast-schema-graph\">{\"@context\":\"https:\/\/schema.org\",\"@graph\":[{\"@type\":\"WebPage\",\"@id\":\"https:\/\/hobierotikshop.com.tr\/website1\/erotik-shop-urun\/12-parcali-18k-altin-kaplamali-elit-vibrator-seti-queens-collection\/\",\"url\":\"https:\/\/hobierotikshop.com.tr\/website1\/erotik-shop-urun\/12-parcali-18k-altin-kaplamali-elit-vibrator-seti-queens-collection\/\",\"name\":\"12 Par\u00e7al\u0131 18K Alt\u0131n Kaplamal\u0131 Elit Vibrat\u00f6r Seti - Queen's Collection - Bursa Erotik Shop\",\"isPartOf\":{\"@id\":\"https:\/\/hobierotikshop.com.tr\/website1\/#website\"},\"primaryImageOfPage\":{\"@id\":\"https:\/\/hobierotikshop.com.tr\/website1\/erotik-shop-urun\/12-parcali-18k-altin-kaplamali-elit-vibrator-seti-queens-collection\/#primaryimage\"},\"image\":{\"@id\":\"https:\/\/hobierotikshop.com.tr\/website1\/erotik-shop-urun\/12-parcali-18k-altin-kaplamali-elit-vibrator-seti-queens-collection\/#primaryimage\"},\"thumbnailUrl\":\"https:\/\/haremerotikshop.com\/site\/wp-content\/uploads\/2025\/04\/12-parcali-18k-altin-kaplamali-elit-vi-d-98c6.jpg\",\"datePublished\":\"2025-04-26T13:14:07+00:00\",\"dateModified\":\"2026-01-22T11:07:35+00:00\",\"breadcrumb\":{\"@id\":\"https:\/\/hobierotikshop.com.tr\/website1\/erotik-shop-urun\/12-parcali-18k-altin-kaplamali-elit-vibrator-seti-queens-collection\/#breadcrumb\"},\"inLanguage\":\"tr\",\"potentialAction\":[{\"@type\":\"ReadAction\",\"target\":[\"https:\/\/hobierotikshop.com.tr\/website1\/erotik-shop-urun\/12-parcali-18k-altin-kaplamali-elit-vibrator-seti-queens-collection\/\"]}]},{\"@type\":\"ImageObject\",\"inLanguage\":\"tr\",\"@id\":\"https:\/\/hobierotikshop.com.tr\/website1\/erotik-shop-urun\/12-parcali-18k-altin-kaplamali-elit-vibrator-seti-queens-collection\/#primaryimage\",\"url\":\"https:\/\/haremerotikshop.com\/site\/wp-content\/uploads\/2025\/04\/12-parcali-18k-altin-kaplamali-elit-vi-d-98c6.jpg\",\"contentUrl\":\"https:\/\/haremerotikshop.com\/site\/wp-content\/uploads\/2025\/04\/12-parcali-18k-altin-kaplamali-elit-vi-d-98c6.jpg\",\"width\":455,\"height\":455},{\"@type\":\"BreadcrumbList\",\"@id\":\"https:\/\/hobierotikshop.com.tr\/website1\/erotik-shop-urun\/12-parcali-18k-altin-kaplamali-elit-vibrator-seti-queens-collection\/#breadcrumb\",\"itemListElement\":[{\"@type\":\"ListItem\",\"position\":1,\"name\":\"Anasayfa\",\"item\":\"https:\/\/hobierotikshop.com.tr\/website1\/\"},{\"@type\":\"ListItem\",\"position\":2,\"name\":\"Erotik Shop \u00dcr\u00fcnleri\",\"item\":\"https:\/\/hobierotikshop.com.tr\/website1\/shop\/\"},{\"@type\":\"ListItem\",\"position\":3,\"name\":\"12 Par\u00e7al\u0131 18K Alt\u0131n Kaplamal\u0131 Elit Vibrat\u00f6r Seti &#8211; Queen&#8217;s Collection\"}]},{\"@type\":\"WebSite\",\"@id\":\"https:\/\/hobierotikshop.com.tr\/website1\/#website\",\"url\":\"https:\/\/hobierotikshop.com.tr\/website1\/\",\"name\":\"Bursa Erotik Shop\",\"description\":\"Bursa Erotik Shop ile g\u00fcvenli, gizli ve kaliteli yeti\u015fkin \u00fcr\u00fcnleri al\u0131\u015fveri\u015fi! Geni\u015f \u00fcr\u00fcn yelpazemizi ke\u015ffedin, hemen sipari\u015f verin\",\"publisher\":{\"@id\":\"https:\/\/hobierotikshop.com.tr\/website1\/#organization\"},\"alternateName\":\"Erotik Shop\",\"potentialAction\":[{\"@type\":\"SearchAction\",\"target\":{\"@type\":\"EntryPoint\",\"urlTemplate\":\"https:\/\/hobierotikshop.com.tr\/website1\/?s={search_term_string}\"},\"query-input\":{\"@type\":\"PropertyValueSpecification\",\"valueRequired\":true,\"valueName\":\"search_term_string\"}}],\"inLanguage\":\"tr\"},{\"@type\":\"Organization\",\"@id\":\"https:\/\/hobierotikshop.com.tr\/website1\/#organization\",\"name\":\"Harem Bursa Erotik Shop\",\"url\":\"https:\/\/hobierotikshop.com.tr\/website1\/\",\"logo\":{\"@type\":\"ImageObject\",\"inLanguage\":\"tr\",\"@id\":\"https:\/\/hobierotikshop.com.tr\/website1\/#\/schema\/logo\/image\/\",\"url\":\"https:\/\/haremerotikshop.com\/wp-content\/uploads\/2025\/03\/haremsexshop.png\",\"contentUrl\":\"https:\/\/haremerotikshop.com\/wp-content\/uploads\/2025\/03\/haremsexshop.png\",\"width\":400,\"height\":100,\"caption\":\"Harem Bursa Erotik Shop\"},\"image\":{\"@id\":\"https:\/\/hobierotikshop.com.tr\/website1\/#\/schema\/logo\/image\/\"},\"sameAs\":[\"https:\/\/x.com\/shopbursa\"],\"publishingPrinciples\":\"https:\/\/hobierotikshop.com.tr\/website1\/mesafeli-satis-sozlesmesi\/\",\"ownershipFundingInfo\":\"https:\/\/hobierotikshop.com.tr\/website1\/contact-us\/\",\"actionableFeedbackPolicy\":\"https:\/\/hobierotikshop.com.tr\/website1\/contact-us\/\",\"correctionsPolicy\":\"https:\/\/hobierotikshop.com.tr\/website1\/mesafeli-satis-sozlesmesi\/\"}]}<\/script>\n<meta property=\"product:price:amount\" content=\"70000.00\" \/>\n<meta property=\"product:price:currency\" content=\"TRY\" \/>\n<meta property=\"og:availability\" content=\"instock\" \/>\n<meta property=\"product:availability\" content=\"instock\" \/>\n<meta property=\"product:retailer_item_id\" content=\"BDM1905\" \/>\n<meta property=\"product:condition\" content=\"new\" \/>\n<!-- \/ Yoast SEO Premium plugin. -->","yoast_head_json":{"title":"12 Par\u00e7al\u0131 18K Alt\u0131n Kaplamal\u0131 Elit Vibrat\u00f6r Seti - Queen's Collection - Bursa Erotik Shop","robots":{"index":"index","follow":"follow","max-snippet":"max-snippet:-1","max-image-preview":"max-image-preview:large","max-video-preview":"max-video-preview:-1"},"canonical":"https:\/\/hobierotikshop.com.tr\/website1\/erotik-shop-urun\/12-parcali-18k-altin-kaplamali-elit-vibrator-seti-queens-collection\/","og_locale":"tr_TR","og_type":"article","og_title":"12 Par\u00e7al\u0131 18K Alt\u0131n Kaplamal\u0131 Elit Vibrat\u00f6r Seti - Queen's Collection","og_description":"12 Par\u00e7al\u0131 18K Alt\u0131n Kaplamal\u0131 Elit Vibrat\u00f6r Seti &#8211; Queen&#8217;s Collection&nbsp; &nbsp; &nbsp; \u00dcr\u00fcn Kodu:BDM1905 &nbsp; &nbsp; &nbsp; &nbsp; &nbsp;","og_url":"https:\/\/hobierotikshop.com.tr\/website1\/erotik-shop-urun\/12-parcali-18k-altin-kaplamali-elit-vibrator-seti-queens-collection\/","og_site_name":"Bursa Erotik Shop","article_modified_time":"2026-01-22T11:07:35+00:00","og_image":[{"width":455,"height":455,"url":"https:\/\/hobierotikshop.com.tr\/website1\/wp-content\/uploads\/2025\/04\/12-parcali-18k-altin-kaplamali-elit-vi-d-98c6.jpg","type":"image\/jpeg"}],"twitter_card":"summary_large_image","twitter_site":"@shopbursa","twitter_misc":{"Fiyat":"&#8378;70.000,00","Availability":"In stock"},"schema":{"@context":"https:\/\/schema.org","@graph":[{"@type":"WebPage","@id":"https:\/\/hobierotikshop.com.tr\/website1\/erotik-shop-urun\/12-parcali-18k-altin-kaplamali-elit-vibrator-seti-queens-collection\/","url":"https:\/\/hobierotikshop.com.tr\/website1\/erotik-shop-urun\/12-parcali-18k-altin-kaplamali-elit-vibrator-seti-queens-collection\/","name":"12 Par\u00e7al\u0131 18K Alt\u0131n Kaplamal\u0131 Elit Vibrat\u00f6r Seti - Queen's Collection - Bursa Erotik Shop","isPartOf":{"@id":"https:\/\/hobierotikshop.com.tr\/website1\/#website"},"primaryImageOfPage":{"@id":"https:\/\/hobierotikshop.com.tr\/website1\/erotik-shop-urun\/12-parcali-18k-altin-kaplamali-elit-vibrator-seti-queens-collection\/#primaryimage"},"image":{"@id":"https:\/\/hobierotikshop.com.tr\/website1\/erotik-shop-urun\/12-parcali-18k-altin-kaplamali-elit-vibrator-seti-queens-collection\/#primaryimage"},"thumbnailUrl":"https:\/\/haremerotikshop.com\/site\/wp-content\/uploads\/2025\/04\/12-parcali-18k-altin-kaplamali-elit-vi-d-98c6.jpg","datePublished":"2025-04-26T13:14:07+00:00","dateModified":"2026-01-22T11:07:35+00:00","breadcrumb":{"@id":"https:\/\/hobierotikshop.com.tr\/website1\/erotik-shop-urun\/12-parcali-18k-altin-kaplamali-elit-vibrator-seti-queens-collection\/#breadcrumb"},"inLanguage":"tr","potentialAction":[{"@type":"ReadAction","target":["https:\/\/hobierotikshop.com.tr\/website1\/erotik-shop-urun\/12-parcali-18k-altin-kaplamali-elit-vibrator-seti-queens-collection\/"]}]},{"@type":"ImageObject","inLanguage":"tr","@id":"https:\/\/hobierotikshop.com.tr\/website1\/erotik-shop-urun\/12-parcali-18k-altin-kaplamali-elit-vibrator-seti-queens-collection\/#primaryimage","url":"https:\/\/haremerotikshop.com\/site\/wp-content\/uploads\/2025\/04\/12-parcali-18k-altin-kaplamali-elit-vi-d-98c6.jpg","contentUrl":"https:\/\/haremerotikshop.com\/site\/wp-content\/uploads\/2025\/04\/12-parcali-18k-altin-kaplamali-elit-vi-d-98c6.jpg","width":455,"height":455},{"@type":"BreadcrumbList","@id":"https:\/\/hobierotikshop.com.tr\/website1\/erotik-shop-urun\/12-parcali-18k-altin-kaplamali-elit-vibrator-seti-queens-collection\/#breadcrumb","itemListElement":[{"@type":"ListItem","position":1,"name":"Anasayfa","item":"https:\/\/hobierotikshop.com.tr\/website1\/"},{"@type":"ListItem","position":2,"name":"Erotik Shop \u00dcr\u00fcnleri","item":"https:\/\/hobierotikshop.com.tr\/website1\/shop\/"},{"@type":"ListItem","position":3,"name":"12 Par\u00e7al\u0131 18K Alt\u0131n Kaplamal\u0131 Elit Vibrat\u00f6r Seti &#8211; Queen&#8217;s Collection"}]},{"@type":"WebSite","@id":"https:\/\/hobierotikshop.com.tr\/website1\/#website","url":"https:\/\/hobierotikshop.com.tr\/website1\/","name":"Bursa Erotik Shop","description":"Bursa Erotik Shop ile g\u00fcvenli, gizli ve kaliteli yeti\u015fkin \u00fcr\u00fcnleri al\u0131\u015fveri\u015fi! Geni\u015f \u00fcr\u00fcn yelpazemizi ke\u015ffedin, hemen sipari\u015f verin","publisher":{"@id":"https:\/\/hobierotikshop.com.tr\/website1\/#organization"},"alternateName":"Erotik Shop","potentialAction":[{"@type":"SearchAction","target":{"@type":"EntryPoint","urlTemplate":"https:\/\/hobierotikshop.com.tr\/website1\/?s={search_term_string}"},"query-input":{"@type":"PropertyValueSpecification","valueRequired":true,"valueName":"search_term_string"}}],"inLanguage":"tr"},{"@type":"Organization","@id":"https:\/\/hobierotikshop.com.tr\/website1\/#organization","name":"Harem Bursa Erotik Shop","url":"https:\/\/hobierotikshop.com.tr\/website1\/","logo":{"@type":"ImageObject","inLanguage":"tr","@id":"https:\/\/hobierotikshop.com.tr\/website1\/#\/schema\/logo\/image\/","url":"https:\/\/haremerotikshop.com\/wp-content\/uploads\/2025\/03\/haremsexshop.png","contentUrl":"https:\/\/haremerotikshop.com\/wp-content\/uploads\/2025\/03\/haremsexshop.png","width":400,"height":100,"caption":"Harem Bursa Erotik Shop"},"image":{"@id":"https:\/\/hobierotikshop.com.tr\/website1\/#\/schema\/logo\/image\/"},"sameAs":["https:\/\/x.com\/shopbursa"],"publishingPrinciples":"https:\/\/hobierotikshop.com.tr\/website1\/mesafeli-satis-sozlesmesi\/","ownershipFundingInfo":"https:\/\/hobierotikshop.com.tr\/website1\/contact-us\/","actionableFeedbackPolicy":"https:\/\/hobierotikshop.com.tr\/website1\/contact-us\/","correctionsPolicy":"https:\/\/hobierotikshop.com.tr\/website1\/mesafeli-satis-sozlesmesi\/"}]},"product_price_amount":"70000.00","product_price_currency":"TRY","og_availability":"instock","product_availability":"instock","product_retailer_item_id":"BDM1905","product_condition":"new"},"_links":{"self":[{"href":"https:\/\/haremerotikshop.com\/site\/wp-json\/wp\/v2\/product\/41444","targetHints":{"allow":["GET"]}}],"collection":[{"href":"https:\/\/haremerotikshop.com\/site\/wp-json\/wp\/v2\/product"}],"about":[{"href":"https:\/\/haremerotikshop.com\/site\/wp-json\/wp\/v2\/types\/product"}],"replies":[{"embeddable":true,"href":"https:\/\/haremerotikshop.com\/site\/wp-json\/wp\/v2\/comments?post=41444"}],"version-history":[{"count":0,"href":"https:\/\/haremerotikshop.com\/site\/wp-json\/wp\/v2\/product\/41444\/revisions"}],"wp:featuredmedia":[{"embeddable":true,"href":"https:\/\/haremerotikshop.com\/site\/wp-json\/wp\/v2\/media\/41446"}],"wp:attachment":[{"href":"https:\/\/haremerotikshop.com\/site\/wp-json\/wp\/v2\/media?parent=41444"}],"wp:term":[{"taxonomy":"product_brand","embeddable":true,"href":"https:\/\/haremerotikshop.com\/site\/wp-json\/wp\/v2\/product_brand?post=41444"},{"taxonomy":"product_cat","embeddable":true,"href":"https:\/\/haremerotikshop.com\/site\/wp-json\/wp\/v2\/product_cat?post=41444"},{"taxonomy":"product_tag","embeddable":true,"href":"https:\/\/haremerotikshop.com\/site\/wp-json\/wp\/v2\/product_tag?post=41444"}],"curies":[{"name":"wp","href":"https:\/\/api.w.org\/{rel}","templated":true}]}}