{"id":41671,"date":"2025-04-26T16:18:32","date_gmt":"2025-04-26T13:18:32","guid":{"rendered":"https:\/\/haremerotikshop.com\/site\/erotik-shop-urun\/145-cm-belden-baglamali-oynar-basli-titresimli-realistik-vibrator-penis-rota-dong\/"},"modified":"2026-01-22T13:22:20","modified_gmt":"2026-01-22T10:22:20","slug":"145-cm-belden-baglamali-oynar-basli-titresimli-realistik-vibrator-penis-rota-dong","status":"publish","type":"product","link":"https:\/\/haremerotikshop.com\/site\/erotik-shop-urun\/145-cm-belden-baglamali-oynar-basli-titresimli-realistik-vibrator-penis-rota-dong\/","title":{"rendered":"14,5 Cm Belden Ba\u011flamal\u0131 Oynar Ba\u015fl\u0131 Titre\u015fimli Realistik Vibrat\u00f6r Penis &#8211; Rota Dong"},"content":{"rendered":"<h2><span style=\"color:#e74c3c\"><span style=\"font-size:20px\"><span style=\"font-family:Verdana,Geneva,sans-serif\">14,5 cm Belden Ba\u011flamal\u0131 Oynar Ba\u015fl\u0131 Titre\u015fimli Realistik Vibrat\u00f6r Penis &#8211; Rota Dong&nbsp; &nbsp; &nbsp;<\/span><\/span><\/span><\/h2>\n<h2><span style=\"color:#e74c3c\"><span style=\"font-size:20px\"><span style=\"font-family:Verdana,Geneva,sans-serif\">\u00dcr\u00fcn kodu:8081XB<\/span><\/span><\/span><\/h2>\n<p>&nbsp; &nbsp;&nbsp;<\/p>\n<p><span style=\"font-size:16px\"><span style=\"font-family:Verdana,Geneva,sans-serif\">&#8211; 14.5 cm boyunda<br \/>&#8211; 3,2 cm \u00e7ap\u0131nda<br \/>&#8211; Oynar ba\u015fl\u0131<br \/>&#8211; Titre\u015fimli<br \/>&#8211; G\u00fc\u00e7l\u00fc vantuzlu<br \/>&#8211; Realistik vibrat\u00f6r.<br \/>&#8211; Oynar ba\u015fl\u0131\u011f\u0131 sayesinde anal vajinal seks yaparken daha fazla zevk alabilirsiniz.<br \/>&#8211; Cinsel ili\u015fki s\u0131ras\u0131nda ger\u00e7ek penisin verdi\u011fi zevkin ayn\u0131s\u0131n\u0131 verebilen testisli damarl\u0131 realistik \u015fekli sayesinde farkl\u0131 hazlar ya\u015fayacaks\u0131n\u0131z.<br \/>&#8211; Ayarlanabilir, artt\u0131r\u0131labilir h\u0131zl\u0131 titre\u015fime sahip oynar ba\u015fl\u0131 titre\u015fimli vibrat\u00f6r.<\/span><\/span><\/p>\n<p>&nbsp;<\/p>\n<p><span style=\"font-size:16px\"><span style=\"font-family:Verdana,Geneva,sans-serif\"><strong><u>Penis Ba\u011flama Kemeri ve Kayganla\u015ft\u0131r\u0131c\u0131 ile birlikte tam size g\u00f6re bir set.<\/u><\/strong><\/span><\/span><\/p>\n<p><span style=\"font-size:16px\"><\/p>\n<p><span style=\"font-family: Verdana, Geneva, sans-serif\"><\/span><\/p>\n<p><\/span><span style=\"font-size:16px\"><span style=\"font-family:Verdana,Geneva,sans-serif\"><\/p>\n<p>&nbsp; &nbsp;&nbsp;<\/p>\n<p>G\u00d6NDER\u0130 \u015eEKL\u0130<\/p>\n<p>Sipari\u015fleriniz i\u00e7eri\u011fi anla\u015f\u0131lmayacak \u015fekilde gizli ve kapal\u0131 kolide g\u00f6nderilir.<br \/>&nbsp;<br \/>\u00d6DEME T\u00dcRLER\u0130<\/p>\n<p>Nakit veya Kredi Kart\u0131 ile kap\u0131da veya \u015fubede kargoya \u00f6deyebilirsiniz.<br \/>Sistemimiz tek \u00e7ekim veya taksit se\u00e7enekleri ile i\u015flem yapabilirsiniz.<br \/>Banka yolu ile havale yapabilirsiniz.&nbsp;<br \/>&nbsp;<br \/>TESL\u0130MAT \u015eEKL\u0130<\/p>\n<p>\u0130ster Kap\u0131n\u0131za Gelsin \u0130ster Kargodan Al\u0131n<br \/>&nbsp;<br \/>T\u00fcm \u00fcr\u00fcnlerimiz sipari\u015ften teslimata kadar firmam\u0131z g\u00fcvencesi alt\u0131nda olup verilen sipari\u015fler tam ve eksiksiz olarak m\u00fc\u015fterilerimize ula\u015ft\u0131r\u0131l\u0131r.<br \/>&nbsp;<br \/>* Kap\u0131da \u00d6deme G\u00fcvenli Al\u0131\u015fveri\u015f<br \/>* T\u00fcm \u00dcr\u00fcnlerde H\u0131zl\u0131 G\u00f6nderim<br \/>* Orjinal \u00dcr\u00fcn Garantisi&nbsp;<br \/>* T\u00fcm \u00dcr\u00fcnlerde Gizli Kargo \/ Paket<br \/>&nbsp; &nbsp;&nbsp;<br \/><u><em><strong>G\u0130ZL\u0130L\u0130\u011e\u0130N\u0130ZE \u00d6NEM VER\u0130YORUZ<\/strong><\/em><\/u><\/p>\n<p>&nbsp;&nbsp;<\/p>\n<p><a href=\"http:\/\/api.whatsapp.com\/send?phone=905304676616&amp;text=Sipari%C5%9F%20Vermek%20%C4%B0stiyorum%20lilitushop%208081XB\"><img decoding=\"async\" alt=\"\" src=\"https:\/\/static.ticimax.cloud\/32886\/uploads\/editoruploads\/whatsapp-destek-hatti.gif\" \/><\/a><\/p>\n<p><img decoding=\"async\" alt=\"\" src=\"https:\/\/static.ticimax.cloud\/32886\/uploads\/editoruploads\/bw-008081x_06.gif\" style=\"height: 400px;width: 400px\" \/><\/p>\n<p><\/span><\/span><\/p>\n","protected":false},"excerpt":{"rendered":"<p>14,5 cm Belden Ba\u011flamal\u0131 Oynar Ba\u015fl\u0131 Titre\u015fimli Realistik Vibrat\u00f6r Penis &#8211; Rota Dong&nbsp; &nbsp; &nbsp; \u00dcr\u00fcn kodu:8081XB &nbsp; &nbsp;&nbsp; &#8211;<\/p>\n","protected":false},"featured_media":41673,"comment_status":"closed","ping_status":"closed","template":"","meta":[],"product_brand":[],"product_cat":[498],"product_tag":[],"class_list":{"0":"post-41671","1":"product","2":"type-product","3":"status-publish","4":"has-post-thumbnail","6":"product_cat-belden-baglamali-penisler","8":"first","9":"instock","10":"purchasable","11":"product-type-simple"},"yoast_head":"<!-- This site is optimized with the Yoast SEO Premium plugin v24.4 (Yoast SEO v27.1.1) - https:\/\/yoast.com\/product\/yoast-seo-premium-wordpress\/ -->\n<title>14,5 Cm Belden Ba\u011flamal\u0131 Oynar Ba\u015fl\u0131 Titre\u015fimli Realistik Vibrat\u00f6r Penis - Rota Dong - Bursa Erotik Shop<\/title>\n<meta name=\"robots\" content=\"index, follow, max-snippet:-1, max-image-preview:large, max-video-preview:-1\" \/>\n<link rel=\"canonical\" href=\"https:\/\/hobierotikshop.com.tr\/website1\/erotik-shop-urun\/145-cm-belden-baglamali-oynar-basli-titresimli-realistik-vibrator-penis-rota-dong\/\" \/>\n<meta property=\"og:locale\" content=\"tr_TR\" \/>\n<meta property=\"og:type\" content=\"article\" \/>\n<meta property=\"og:title\" content=\"14,5 Cm Belden Ba\u011flamal\u0131 Oynar Ba\u015fl\u0131 Titre\u015fimli Realistik Vibrat\u00f6r Penis - Rota Dong\" \/>\n<meta property=\"og:description\" content=\"14,5 cm Belden Ba\u011flamal\u0131 Oynar Ba\u015fl\u0131 Titre\u015fimli Realistik Vibrat\u00f6r Penis &#8211; Rota Dong&nbsp; &nbsp; &nbsp; \u00dcr\u00fcn kodu:8081XB &nbsp; &nbsp;&nbsp; &#8211;\" \/>\n<meta property=\"og:url\" content=\"https:\/\/hobierotikshop.com.tr\/website1\/erotik-shop-urun\/145-cm-belden-baglamali-oynar-basli-titresimli-realistik-vibrator-penis-rota-dong\/\" \/>\n<meta property=\"og:site_name\" content=\"Bursa Erotik Shop\" \/>\n<meta property=\"article:modified_time\" content=\"2026-01-22T10:22:20+00:00\" \/>\n<meta property=\"og:image\" content=\"https:\/\/hobierotikshop.com.tr\/website1\/wp-content\/uploads\/2025\/04\/145-cm-belden-baglamali-oynar-basli-ti-c718cb.jpg\" \/>\n\t<meta property=\"og:image:width\" content=\"455\" \/>\n\t<meta property=\"og:image:height\" content=\"455\" \/>\n\t<meta property=\"og:image:type\" content=\"image\/jpeg\" \/>\n<meta name=\"twitter:card\" content=\"summary_large_image\" \/>\n<meta name=\"twitter:site\" content=\"@shopbursa\" \/>\n<meta name=\"twitter:label1\" content=\"Fiyat\" \/>\n\t<meta name=\"twitter:data1\" content=\"&#8378;3.000,00\" \/>\n\t<meta name=\"twitter:label2\" content=\"Availability\" \/>\n\t<meta name=\"twitter:data2\" content=\"In stock\" \/>\n<script type=\"application\/ld+json\" class=\"yoast-schema-graph\">{\"@context\":\"https:\/\/schema.org\",\"@graph\":[{\"@type\":\"WebPage\",\"@id\":\"https:\/\/hobierotikshop.com.tr\/website1\/erotik-shop-urun\/145-cm-belden-baglamali-oynar-basli-titresimli-realistik-vibrator-penis-rota-dong\/\",\"url\":\"https:\/\/hobierotikshop.com.tr\/website1\/erotik-shop-urun\/145-cm-belden-baglamali-oynar-basli-titresimli-realistik-vibrator-penis-rota-dong\/\",\"name\":\"14,5 Cm Belden Ba\u011flamal\u0131 Oynar Ba\u015fl\u0131 Titre\u015fimli Realistik Vibrat\u00f6r Penis - Rota Dong - Bursa Erotik Shop\",\"isPartOf\":{\"@id\":\"https:\/\/hobierotikshop.com.tr\/website1\/#website\"},\"primaryImageOfPage\":{\"@id\":\"https:\/\/hobierotikshop.com.tr\/website1\/erotik-shop-urun\/145-cm-belden-baglamali-oynar-basli-titresimli-realistik-vibrator-penis-rota-dong\/#primaryimage\"},\"image\":{\"@id\":\"https:\/\/hobierotikshop.com.tr\/website1\/erotik-shop-urun\/145-cm-belden-baglamali-oynar-basli-titresimli-realistik-vibrator-penis-rota-dong\/#primaryimage\"},\"thumbnailUrl\":\"https:\/\/haremerotikshop.com\/site\/wp-content\/uploads\/2025\/04\/145-cm-belden-baglamali-oynar-basli-ti-c718cb.jpg\",\"datePublished\":\"2025-04-26T13:18:32+00:00\",\"dateModified\":\"2026-01-22T10:22:20+00:00\",\"breadcrumb\":{\"@id\":\"https:\/\/hobierotikshop.com.tr\/website1\/erotik-shop-urun\/145-cm-belden-baglamali-oynar-basli-titresimli-realistik-vibrator-penis-rota-dong\/#breadcrumb\"},\"inLanguage\":\"tr\",\"potentialAction\":[{\"@type\":\"ReadAction\",\"target\":[\"https:\/\/hobierotikshop.com.tr\/website1\/erotik-shop-urun\/145-cm-belden-baglamali-oynar-basli-titresimli-realistik-vibrator-penis-rota-dong\/\"]}]},{\"@type\":\"ImageObject\",\"inLanguage\":\"tr\",\"@id\":\"https:\/\/hobierotikshop.com.tr\/website1\/erotik-shop-urun\/145-cm-belden-baglamali-oynar-basli-titresimli-realistik-vibrator-penis-rota-dong\/#primaryimage\",\"url\":\"https:\/\/haremerotikshop.com\/site\/wp-content\/uploads\/2025\/04\/145-cm-belden-baglamali-oynar-basli-ti-c718cb.jpg\",\"contentUrl\":\"https:\/\/haremerotikshop.com\/site\/wp-content\/uploads\/2025\/04\/145-cm-belden-baglamali-oynar-basli-ti-c718cb.jpg\",\"width\":455,\"height\":455},{\"@type\":\"BreadcrumbList\",\"@id\":\"https:\/\/hobierotikshop.com.tr\/website1\/erotik-shop-urun\/145-cm-belden-baglamali-oynar-basli-titresimli-realistik-vibrator-penis-rota-dong\/#breadcrumb\",\"itemListElement\":[{\"@type\":\"ListItem\",\"position\":1,\"name\":\"Anasayfa\",\"item\":\"https:\/\/hobierotikshop.com.tr\/website1\/\"},{\"@type\":\"ListItem\",\"position\":2,\"name\":\"Erotik Shop \u00dcr\u00fcnleri\",\"item\":\"https:\/\/hobierotikshop.com.tr\/website1\/shop\/\"},{\"@type\":\"ListItem\",\"position\":3,\"name\":\"14,5 Cm Belden Ba\u011flamal\u0131 Oynar Ba\u015fl\u0131 Titre\u015fimli Realistik Vibrat\u00f6r Penis &#8211; Rota Dong\"}]},{\"@type\":\"WebSite\",\"@id\":\"https:\/\/hobierotikshop.com.tr\/website1\/#website\",\"url\":\"https:\/\/hobierotikshop.com.tr\/website1\/\",\"name\":\"Bursa Erotik Shop\",\"description\":\"Bursa Erotik Shop ile g\u00fcvenli, gizli ve kaliteli yeti\u015fkin \u00fcr\u00fcnleri al\u0131\u015fveri\u015fi! Geni\u015f \u00fcr\u00fcn yelpazemizi ke\u015ffedin, hemen sipari\u015f verin\",\"publisher\":{\"@id\":\"https:\/\/hobierotikshop.com.tr\/website1\/#organization\"},\"alternateName\":\"Erotik Shop\",\"potentialAction\":[{\"@type\":\"SearchAction\",\"target\":{\"@type\":\"EntryPoint\",\"urlTemplate\":\"https:\/\/hobierotikshop.com.tr\/website1\/?s={search_term_string}\"},\"query-input\":{\"@type\":\"PropertyValueSpecification\",\"valueRequired\":true,\"valueName\":\"search_term_string\"}}],\"inLanguage\":\"tr\"},{\"@type\":\"Organization\",\"@id\":\"https:\/\/hobierotikshop.com.tr\/website1\/#organization\",\"name\":\"Harem Bursa Erotik Shop\",\"url\":\"https:\/\/hobierotikshop.com.tr\/website1\/\",\"logo\":{\"@type\":\"ImageObject\",\"inLanguage\":\"tr\",\"@id\":\"https:\/\/hobierotikshop.com.tr\/website1\/#\/schema\/logo\/image\/\",\"url\":\"https:\/\/haremerotikshop.com\/site\/wp-content\/uploads\/2025\/03\/haremsexshop.png\",\"contentUrl\":\"https:\/\/haremerotikshop.com\/site\/wp-content\/uploads\/2025\/03\/haremsexshop.png\",\"width\":400,\"height\":100,\"caption\":\"Harem Bursa Erotik Shop\"},\"image\":{\"@id\":\"https:\/\/hobierotikshop.com.tr\/website1\/#\/schema\/logo\/image\/\"},\"sameAs\":[\"https:\/\/x.com\/shopbursa\"],\"publishingPrinciples\":\"https:\/\/hobierotikshop.com.tr\/website1\/mesafeli-satis-sozlesmesi\/\",\"ownershipFundingInfo\":\"https:\/\/hobierotikshop.com.tr\/website1\/contact-us\/\",\"actionableFeedbackPolicy\":\"https:\/\/hobierotikshop.com.tr\/website1\/contact-us\/\",\"correctionsPolicy\":\"https:\/\/hobierotikshop.com.tr\/website1\/mesafeli-satis-sozlesmesi\/\"}]}<\/script>\n<meta property=\"product:price:amount\" content=\"3000.00\" \/>\n<meta property=\"product:price:currency\" content=\"TRY\" \/>\n<meta property=\"og:availability\" content=\"instock\" \/>\n<meta property=\"product:availability\" content=\"instock\" \/>\n<meta property=\"product:retailer_item_id\" content=\"8081XB\" \/>\n<meta property=\"product:condition\" content=\"new\" \/>\n<!-- \/ Yoast SEO Premium plugin. -->","yoast_head_json":{"title":"14,5 Cm Belden Ba\u011flamal\u0131 Oynar Ba\u015fl\u0131 Titre\u015fimli Realistik Vibrat\u00f6r Penis - Rota Dong - Bursa Erotik Shop","robots":{"index":"index","follow":"follow","max-snippet":"max-snippet:-1","max-image-preview":"max-image-preview:large","max-video-preview":"max-video-preview:-1"},"canonical":"https:\/\/hobierotikshop.com.tr\/website1\/erotik-shop-urun\/145-cm-belden-baglamali-oynar-basli-titresimli-realistik-vibrator-penis-rota-dong\/","og_locale":"tr_TR","og_type":"article","og_title":"14,5 Cm Belden Ba\u011flamal\u0131 Oynar Ba\u015fl\u0131 Titre\u015fimli Realistik Vibrat\u00f6r Penis - Rota Dong","og_description":"14,5 cm Belden Ba\u011flamal\u0131 Oynar Ba\u015fl\u0131 Titre\u015fimli Realistik Vibrat\u00f6r Penis &#8211; Rota Dong&nbsp; &nbsp; &nbsp; \u00dcr\u00fcn kodu:8081XB &nbsp; &nbsp;&nbsp; &#8211;","og_url":"https:\/\/hobierotikshop.com.tr\/website1\/erotik-shop-urun\/145-cm-belden-baglamali-oynar-basli-titresimli-realistik-vibrator-penis-rota-dong\/","og_site_name":"Bursa Erotik Shop","article_modified_time":"2026-01-22T10:22:20+00:00","og_image":[{"width":455,"height":455,"url":"https:\/\/hobierotikshop.com.tr\/website1\/wp-content\/uploads\/2025\/04\/145-cm-belden-baglamali-oynar-basli-ti-c718cb.jpg","type":"image\/jpeg"}],"twitter_card":"summary_large_image","twitter_site":"@shopbursa","twitter_misc":{"Fiyat":"&#8378;3.000,00","Availability":"In stock"},"schema":{"@context":"https:\/\/schema.org","@graph":[{"@type":"WebPage","@id":"https:\/\/hobierotikshop.com.tr\/website1\/erotik-shop-urun\/145-cm-belden-baglamali-oynar-basli-titresimli-realistik-vibrator-penis-rota-dong\/","url":"https:\/\/hobierotikshop.com.tr\/website1\/erotik-shop-urun\/145-cm-belden-baglamali-oynar-basli-titresimli-realistik-vibrator-penis-rota-dong\/","name":"14,5 Cm Belden Ba\u011flamal\u0131 Oynar Ba\u015fl\u0131 Titre\u015fimli Realistik Vibrat\u00f6r Penis - Rota Dong - Bursa Erotik Shop","isPartOf":{"@id":"https:\/\/hobierotikshop.com.tr\/website1\/#website"},"primaryImageOfPage":{"@id":"https:\/\/hobierotikshop.com.tr\/website1\/erotik-shop-urun\/145-cm-belden-baglamali-oynar-basli-titresimli-realistik-vibrator-penis-rota-dong\/#primaryimage"},"image":{"@id":"https:\/\/hobierotikshop.com.tr\/website1\/erotik-shop-urun\/145-cm-belden-baglamali-oynar-basli-titresimli-realistik-vibrator-penis-rota-dong\/#primaryimage"},"thumbnailUrl":"https:\/\/haremerotikshop.com\/site\/wp-content\/uploads\/2025\/04\/145-cm-belden-baglamali-oynar-basli-ti-c718cb.jpg","datePublished":"2025-04-26T13:18:32+00:00","dateModified":"2026-01-22T10:22:20+00:00","breadcrumb":{"@id":"https:\/\/hobierotikshop.com.tr\/website1\/erotik-shop-urun\/145-cm-belden-baglamali-oynar-basli-titresimli-realistik-vibrator-penis-rota-dong\/#breadcrumb"},"inLanguage":"tr","potentialAction":[{"@type":"ReadAction","target":["https:\/\/hobierotikshop.com.tr\/website1\/erotik-shop-urun\/145-cm-belden-baglamali-oynar-basli-titresimli-realistik-vibrator-penis-rota-dong\/"]}]},{"@type":"ImageObject","inLanguage":"tr","@id":"https:\/\/hobierotikshop.com.tr\/website1\/erotik-shop-urun\/145-cm-belden-baglamali-oynar-basli-titresimli-realistik-vibrator-penis-rota-dong\/#primaryimage","url":"https:\/\/haremerotikshop.com\/site\/wp-content\/uploads\/2025\/04\/145-cm-belden-baglamali-oynar-basli-ti-c718cb.jpg","contentUrl":"https:\/\/haremerotikshop.com\/site\/wp-content\/uploads\/2025\/04\/145-cm-belden-baglamali-oynar-basli-ti-c718cb.jpg","width":455,"height":455},{"@type":"BreadcrumbList","@id":"https:\/\/hobierotikshop.com.tr\/website1\/erotik-shop-urun\/145-cm-belden-baglamali-oynar-basli-titresimli-realistik-vibrator-penis-rota-dong\/#breadcrumb","itemListElement":[{"@type":"ListItem","position":1,"name":"Anasayfa","item":"https:\/\/hobierotikshop.com.tr\/website1\/"},{"@type":"ListItem","position":2,"name":"Erotik Shop \u00dcr\u00fcnleri","item":"https:\/\/hobierotikshop.com.tr\/website1\/shop\/"},{"@type":"ListItem","position":3,"name":"14,5 Cm Belden Ba\u011flamal\u0131 Oynar Ba\u015fl\u0131 Titre\u015fimli Realistik Vibrat\u00f6r Penis &#8211; Rota Dong"}]},{"@type":"WebSite","@id":"https:\/\/hobierotikshop.com.tr\/website1\/#website","url":"https:\/\/hobierotikshop.com.tr\/website1\/","name":"Bursa Erotik Shop","description":"Bursa Erotik Shop ile g\u00fcvenli, gizli ve kaliteli yeti\u015fkin \u00fcr\u00fcnleri al\u0131\u015fveri\u015fi! Geni\u015f \u00fcr\u00fcn yelpazemizi ke\u015ffedin, hemen sipari\u015f verin","publisher":{"@id":"https:\/\/hobierotikshop.com.tr\/website1\/#organization"},"alternateName":"Erotik Shop","potentialAction":[{"@type":"SearchAction","target":{"@type":"EntryPoint","urlTemplate":"https:\/\/hobierotikshop.com.tr\/website1\/?s={search_term_string}"},"query-input":{"@type":"PropertyValueSpecification","valueRequired":true,"valueName":"search_term_string"}}],"inLanguage":"tr"},{"@type":"Organization","@id":"https:\/\/hobierotikshop.com.tr\/website1\/#organization","name":"Harem Bursa Erotik Shop","url":"https:\/\/hobierotikshop.com.tr\/website1\/","logo":{"@type":"ImageObject","inLanguage":"tr","@id":"https:\/\/hobierotikshop.com.tr\/website1\/#\/schema\/logo\/image\/","url":"https:\/\/haremerotikshop.com\/site\/wp-content\/uploads\/2025\/03\/haremsexshop.png","contentUrl":"https:\/\/haremerotikshop.com\/site\/wp-content\/uploads\/2025\/03\/haremsexshop.png","width":400,"height":100,"caption":"Harem Bursa Erotik Shop"},"image":{"@id":"https:\/\/hobierotikshop.com.tr\/website1\/#\/schema\/logo\/image\/"},"sameAs":["https:\/\/x.com\/shopbursa"],"publishingPrinciples":"https:\/\/hobierotikshop.com.tr\/website1\/mesafeli-satis-sozlesmesi\/","ownershipFundingInfo":"https:\/\/hobierotikshop.com.tr\/website1\/contact-us\/","actionableFeedbackPolicy":"https:\/\/hobierotikshop.com.tr\/website1\/contact-us\/","correctionsPolicy":"https:\/\/hobierotikshop.com.tr\/website1\/mesafeli-satis-sozlesmesi\/"}]},"product_price_amount":"3000.00","product_price_currency":"TRY","og_availability":"instock","product_availability":"instock","product_retailer_item_id":"8081XB","product_condition":"new"},"_links":{"self":[{"href":"https:\/\/haremerotikshop.com\/site\/wp-json\/wp\/v2\/product\/41671","targetHints":{"allow":["GET"]}}],"collection":[{"href":"https:\/\/haremerotikshop.com\/site\/wp-json\/wp\/v2\/product"}],"about":[{"href":"https:\/\/haremerotikshop.com\/site\/wp-json\/wp\/v2\/types\/product"}],"replies":[{"embeddable":true,"href":"https:\/\/haremerotikshop.com\/site\/wp-json\/wp\/v2\/comments?post=41671"}],"version-history":[{"count":0,"href":"https:\/\/haremerotikshop.com\/site\/wp-json\/wp\/v2\/product\/41671\/revisions"}],"wp:featuredmedia":[{"embeddable":true,"href":"https:\/\/haremerotikshop.com\/site\/wp-json\/wp\/v2\/media\/41673"}],"wp:attachment":[{"href":"https:\/\/haremerotikshop.com\/site\/wp-json\/wp\/v2\/media?parent=41671"}],"wp:term":[{"taxonomy":"product_brand","embeddable":true,"href":"https:\/\/haremerotikshop.com\/site\/wp-json\/wp\/v2\/product_brand?post=41671"},{"taxonomy":"product_cat","embeddable":true,"href":"https:\/\/haremerotikshop.com\/site\/wp-json\/wp\/v2\/product_cat?post=41671"},{"taxonomy":"product_tag","embeddable":true,"href":"https:\/\/haremerotikshop.com\/site\/wp-json\/wp\/v2\/product_tag?post=41671"}],"curies":[{"name":"wp","href":"https:\/\/api.w.org\/{rel}","templated":true}]}}