{"id":42290,"date":"2025-04-26T16:27:12","date_gmt":"2025-04-26T13:27:12","guid":{"rendered":"https:\/\/haremerotikshop.com\/site\/erotik-shop-urun\/30-fonksiyonlu-klitoris-uyaricili-teknolojik-vibrator-2\/"},"modified":"2026-01-22T12:38:08","modified_gmt":"2026-01-22T09:38:08","slug":"30-fonksiyonlu-klitoris-uyaricili-teknolojik-vibrator-2","status":"publish","type":"product","link":"https:\/\/haremerotikshop.com\/site\/erotik-shop-urun\/30-fonksiyonlu-klitoris-uyaricili-teknolojik-vibrator-2\/","title":{"rendered":"30 Fonksiyonlu Klitoris Uyar\u0131c\u0131l\u0131 Teknolojik Vibrat\u00f6r"},"content":{"rendered":"<h2 data-start=\"284\" data-end=\"373\"><strong data-start=\"287\" data-end=\"373\">30 Fonksiyonlu Klitoris Uyar\u0131c\u0131l\u0131 Teknolojik Vibrat\u00f6r \u2013 \u00dcst D\u00fczey Zevk ve Kontrol!<\/strong><\/h2>\n<h3 data-start=\"375\" data-end=\"456\">\ud83d\udd25 S\u0131radan Titre\u015fimlerin \u00d6tesinde: 30 Farkl\u0131 Fonksiyonla Bamba\u015fka Bir Deneyim<\/h3>\n<p data-start=\"458\" data-end=\"787\">Modern teknolojiyi kad\u0131n v\u00fccuduyla uyumlu hale getiren <strong data-start=\"513\" data-end=\"559\">30 Fonksiyonlu Klitoris Uyar\u0131c\u0131l\u0131 Vibrat\u00f6r<\/strong>, \u00e7ift motorlu yap\u0131s\u0131 ve ergonomik tasar\u0131m\u0131 ile arad\u0131\u011f\u0131n\u0131z yo\u011fun zevki size sunmak i\u00e7in tasarland\u0131. Hem i\u00e7sel hem de d\u0131\u015fsal uyar\u0131m i\u00e7in ideal olan bu geli\u015fmi\u015f vibrat\u00f6r, \u00f6zellikle <strong data-start=\"738\" data-end=\"757\">klitoral uyar\u0131m<\/strong> odakl\u0131 tasar\u0131m\u0131yla \u00f6ne \u00e7\u0131kar.<\/p>\n<hr data-start=\"789\" data-end=\"792\" \/>\n<h3 data-start=\"794\" data-end=\"817\">\ud83c\udf1f \u00dcr\u00fcn \u00d6zellikleri<\/h3>\n<ul data-start=\"819\" data-end=\"1511\">\n<li data-start=\"819\" data-end=\"922\">\n<p data-start=\"821\" data-end=\"922\">\u2705 <strong data-start=\"823\" data-end=\"857\">30 Farkl\u0131 Titre\u015fim Fonksiyonu:<\/strong> Diledi\u011finiz ritmi se\u00e7in, istedi\u011finiz yo\u011funlukta zevki ya\u015fay\u0131n.<\/p>\n<\/li>\n<li data-start=\"923\" data-end=\"1023\">\n<p data-start=\"925\" data-end=\"1023\">\u2705 <strong data-start=\"927\" data-end=\"954\">\u00c7ift Motor Teknolojisi:<\/strong> Hem ana g\u00f6vdede hem de klitoral stim\u00fclat\u00f6r k\u0131sm\u0131nda ayr\u0131 motorlar.<\/p>\n<\/li>\n<li data-start=\"1024\" data-end=\"1131\">\n<p data-start=\"1026\" data-end=\"1131\">\u2705 <strong data-start=\"1028\" data-end=\"1053\">Kadifemsi Yumu\u015fakl\u0131k:<\/strong> Y\u00fcksek kaliteli, kadifemsi silikon malzeme cildinizle m\u00fckemmel uyum sa\u011flar.<\/p>\n<\/li>\n<li data-start=\"1132\" data-end=\"1203\">\n<p data-start=\"1134\" data-end=\"1203\">\u2705 <strong data-start=\"1136\" data-end=\"1157\">%100 Su Ge\u00e7irmez:<\/strong> \u0130ster du\u015fta ister k\u00fcvette g\u00fcvenle kullan\u0131n.<\/p>\n<\/li>\n<li data-start=\"1204\" data-end=\"1278\">\n<p data-start=\"1206\" data-end=\"1278\">\u2705 <strong data-start=\"1208\" data-end=\"1233\">S\u00fcper Sessiz \u00c7al\u0131\u015fma:<\/strong> Gizlilikten \u00f6d\u00fcn vermeden sessiz kullan\u0131m.<\/p>\n<\/li>\n<li data-start=\"1279\" data-end=\"1345\">\n<p data-start=\"1281\" data-end=\"1345\">\u2705 <strong data-start=\"1283\" data-end=\"1306\">Cilt Dostu Malzeme:<\/strong> Phthalate i\u00e7ermez, sa\u011fl\u0131\u011fa zarars\u0131z.<\/p>\n<\/li>\n<li data-start=\"1346\" data-end=\"1429\">\n<p data-start=\"1348\" data-end=\"1429\">\u2705 <strong data-start=\"1350\" data-end=\"1371\">Kolay Temizlenir:<\/strong> Hijyenik kullan\u0131m i\u00e7in suya dayan\u0131kl\u0131 ve p\u00fcr\u00fczs\u00fcz yap\u0131.<\/p>\n<\/li>\n<li data-start=\"1430\" data-end=\"1511\">\n<p data-start=\"1432\" data-end=\"1511\">\u2705 <strong data-start=\"1434\" data-end=\"1452\">Pille \u00c7al\u0131\u015f\u0131r:<\/strong> 2 adet AAA kalem pil ile \u00e7al\u0131\u015f\u0131r. (Piller dahil de\u011fildir.)<\/p>\n<\/li>\n<\/ul>\n<hr data-start=\"1513\" data-end=\"1516\" \/>\n<h3 data-start=\"1518\" data-end=\"1540\">\ud83d\udccf Teknik Bilgiler<\/h3>\n<ul data-start=\"1542\" data-end=\"1669\">\n<li data-start=\"1542\" data-end=\"1571\">\n<p data-start=\"1544\" data-end=\"1571\"><strong data-start=\"1544\" data-end=\"1563\">Toplam Uzunluk:<\/strong> 20 cm<\/p>\n<\/li>\n<li data-start=\"1572\" data-end=\"1608\">\n<p data-start=\"1574\" data-end=\"1608\"><strong data-start=\"1574\" data-end=\"1599\">\u00c7ap (En Geni\u015f B\u00f6l\u00fcm):<\/strong> 3,6 cm<\/p>\n<\/li>\n<li data-start=\"1609\" data-end=\"1634\">\n<p data-start=\"1611\" data-end=\"1634\"><strong data-start=\"1611\" data-end=\"1623\">A\u011f\u0131rl\u0131k:<\/strong> 157 gram<\/p>\n<\/li>\n<li data-start=\"1635\" data-end=\"1669\">\n<p data-start=\"1637\" data-end=\"1669\"><strong data-start=\"1637\" data-end=\"1646\">Renk:<\/strong> \u015e\u0131k ve g\u00f6z al\u0131c\u0131 mor<\/p>\n<\/li>\n<\/ul>\n<hr data-start=\"1671\" data-end=\"1674\" \/>\n<h3 data-start=\"1676\" data-end=\"1704\">\ud83d\udc9c Kimler \u0130\u00e7in Uygundur?<\/h3>\n<ul data-start=\"1706\" data-end=\"1935\">\n<li data-start=\"1706\" data-end=\"1754\">\n<p data-start=\"1708\" data-end=\"1754\">Yeni ba\u015flayanlar ve ileri d\u00fczey kullan\u0131c\u0131lar<\/p>\n<\/li>\n<li data-start=\"1755\" data-end=\"1784\">\n<p data-start=\"1757\" data-end=\"1784\">Klitoral uyar\u0131m arayanlar<\/p>\n<\/li>\n<li data-start=\"1785\" data-end=\"1850\">\n<p data-start=\"1787\" data-end=\"1850\">Geli\u015fmi\u015f fonksiyonlarla ki\u015fiselle\u015ftirilmi\u015f deneyim isteyenler<\/p>\n<\/li>\n<li data-start=\"1851\" data-end=\"1893\">\n<p data-start=\"1853\" data-end=\"1893\">Suda kullan\u0131labilir vibrat\u00f6r arayanlar<\/p>\n<\/li>\n<li data-start=\"1894\" data-end=\"1935\">\n<p data-start=\"1896\" data-end=\"1935\">Sessiz ve gizli kullan\u0131m tercih edenler<\/p>\n<\/li>\n<\/ul>\n<hr data-start=\"1937\" data-end=\"1940\" \/>\n<h2 data-start=\"1942\" data-end=\"1980\">\ud83d\ude9a G\u00fcvenli, H\u0131zl\u0131 ve Gizli Teslimat<\/h2>\n<ul data-start=\"1982\" data-end=\"2297\">\n<li data-start=\"1982\" data-end=\"2062\">\n<p data-start=\"1984\" data-end=\"2062\"><strong data-start=\"1984\" data-end=\"2004\">Gizli Paketleme:<\/strong> \u0130\u00e7eri\u011fi kesinlikle d\u0131\u015far\u0131dan anla\u015f\u0131lmayan sade kutular.<\/p>\n<\/li>\n<li data-start=\"2063\" data-end=\"2139\">\n<p data-start=\"2065\" data-end=\"2139\"><strong data-start=\"2065\" data-end=\"2082\">Kap\u0131da \u00d6deme:<\/strong> Nakit veya kredi kart\u0131 ile rahat ve g\u00fcvenli al\u0131\u015fveri\u015f.<\/p>\n<\/li>\n<li data-start=\"2140\" data-end=\"2224\">\n<p data-start=\"2142\" data-end=\"2224\"><strong data-start=\"2142\" data-end=\"2158\">H\u0131zl\u0131 Kargo:<\/strong> Sipari\u015finiz ayn\u0131 g\u00fcn \u00f6zenle haz\u0131rlanarak kargoya teslim edilir.<\/p>\n<\/li>\n<li data-start=\"2225\" data-end=\"2297\">\n<p data-start=\"2227\" data-end=\"2297\"><strong data-start=\"2227\" data-end=\"2255\">Orijinal \u00dcr\u00fcn Garantisi:<\/strong> %100 yeni, orijinal ve garantili \u00fcr\u00fcnler.<\/p>\n<\/li>\n<\/ul>\n<hr data-start=\"2299\" data-end=\"2302\" \/>\n<h3 data-start=\"2304\" data-end=\"2328\">\ud83d\udcb3 \u00d6deme Se\u00e7enekleri<\/h3>\n<ul data-start=\"2330\" data-end=\"2469\">\n<li data-start=\"2330\" data-end=\"2373\">\n<p data-start=\"2332\" data-end=\"2373\">Kap\u0131da nakit veya kredi kart\u0131 ile \u00f6deme<\/p>\n<\/li>\n<li data-start=\"2374\" data-end=\"2399\">\n<p data-start=\"2376\" data-end=\"2399\">Taksitli \u00f6deme imk\u00e2n\u0131<\/p>\n<\/li>\n<li data-start=\"2400\" data-end=\"2437\">\n<p data-start=\"2402\" data-end=\"2437\">Banka havalesi veya EFT ile \u00f6deme<\/p>\n<\/li>\n<li data-start=\"2438\" data-end=\"2469\">\n<p data-start=\"2440\" data-end=\"2469\">\u015eubeden kargo al\u0131m se\u00e7ene\u011fi<\/p>\n<\/li>\n<\/ul>\n<hr data-start=\"2471\" data-end=\"2474\" \/>\n<h2 data-start=\"2476\" data-end=\"2523\">\ud83c\udfaf Neden Bu Vibrat\u00f6r Sizin \u0130\u00e7in Do\u011fru Se\u00e7im?<\/h2>\n<ul data-start=\"2525\" data-end=\"2764\">\n<li data-start=\"2525\" data-end=\"2582\">\n<p data-start=\"2527\" data-end=\"2582\">\u2714\ufe0f 30 titre\u015fim modu ile ki\u015fiselle\u015ftirilebilir deneyim<\/p>\n<\/li>\n<li data-start=\"2583\" data-end=\"2626\">\n<p data-start=\"2585\" data-end=\"2626\">\u2714\ufe0f \u00c7ift motor ile hem i\u00e7 hem d\u0131\u015f uyar\u0131m<\/p>\n<\/li>\n<li data-start=\"2627\" data-end=\"2671\">\n<p data-start=\"2629\" data-end=\"2671\">\u2714\ufe0f Sessiz, su ge\u00e7irmez ve ergonomik yap\u0131<\/p>\n<\/li>\n<li data-start=\"2672\" data-end=\"2727\">\n<p data-start=\"2674\" data-end=\"2727\">\u2714\ufe0f Klitoral odakl\u0131 tasar\u0131m\u0131yla yo\u011fun orgazm deste\u011fi<\/p>\n<\/li>\n<li data-start=\"2728\" data-end=\"2764\">\n<p data-start=\"2730\" data-end=\"2764\">\u2714\ufe0f Estetik ve kullan\u0131\u015fl\u0131 tasar\u0131m<\/p>\n<\/li>\n<\/ul>\n<hr data-start=\"2766\" data-end=\"2769\" \/>\n<p data-start=\"2823\" data-end=\"3081\"><em data-start=\"2823\" data-end=\"2843\">klitoris vibrat\u00f6r\u00fc<\/em>, <em data-start=\"2845\" data-end=\"2870\">30 fonksiyonlu vibrat\u00f6r<\/em>, <em data-start=\"2872\" data-end=\"2895\">\u00e7ift motorlu vibrat\u00f6r<\/em>, <em data-start=\"2897\" data-end=\"2918\">klitoral stim\u00fclat\u00f6r<\/em>, <em data-start=\"2920\" data-end=\"2947\">kad\u0131n vibrat\u00f6r\u00fc modelleri<\/em>, <em data-start=\"2949\" data-end=\"2971\">mor vibrat\u00f6r tavsiye<\/em>, <em data-start=\"2973\" data-end=\"2995\">su ge\u00e7irmez vibrat\u00f6r<\/em>, <em data-start=\"2997\" data-end=\"3024\">sessiz vibrat\u00f6r modelleri<\/em>, <em data-start=\"3026\" data-end=\"3052\">cilt dostu seks oyunca\u011f\u0131<\/em>, <em data-start=\"3054\" data-end=\"3081\">kadifemsi dokulu vibrat\u00f6r<\/em><\/p>\n<hr data-start=\"3083\" data-end=\"3086\" \/>\n<p data-start=\"3088\" data-end=\"3247\">\ud83d\udd12 <strong data-start=\"3091\" data-end=\"3180\">Gizlili\u011finiz Bizim \u0130\u00e7in \u00d6nemlidir \u2013 G\u00fcvenli, Sessiz, Keyifli Al\u0131\u015fveri\u015fin Yeni Adresi!<\/strong><br data-start=\"3180\" data-end=\"3183\" \/>\u2728 \u015eimdi sipari\u015f verin, \u00f6zel anlar\u0131n\u0131z\u0131 teknolojiyle ta\u00e7land\u0131r\u0131n.<\/p>\n<p>&nbsp;<\/p>\n<p>&nbsp;<\/p>\n<p><a href=\"http:\/\/api.whatsapp.com\/send?phone=905304676616&amp;text=Sipari%C5%9F%20Vermek%20%C4%B0stiyorum%20haremshop%20BDM018\"><img fetchpriority=\"high\" decoding=\"async\" class=\"alignnone\" src=\"https:\/\/static.ticimax.cloud\/32886\/uploads\/editoruploads\/whatsapp-destek-hatti.gif\" alt=\"\" width=\"750\" height=\"117\" \/><\/a><\/p>\n","protected":false},"excerpt":{"rendered":"<p>Modern teknolojiyi kad\u0131n v\u00fccuduyla uyumlu hale getiren <strong data-start=\"513\" data-end=\"559\">30 Fonksiyonlu Klitoris Uyar\u0131c\u0131l\u0131 Vibrat\u00f6r<\/strong>, \u00e7ift motorlu yap\u0131s\u0131 ve ergonomik tasar\u0131m\u0131 ile arad\u0131\u011f\u0131n\u0131z yo\u011fun zevki size sunmak i\u00e7in tasarland\u0131. Hem i\u00e7sel hem de d\u0131\u015fsal uyar\u0131m i\u00e7in ideal olan bu geli\u015fmi\u015f vibrat\u00f6r, \u00f6zellikle <strong data-start=\"738\" data-end=\"757\">klitoral uyar\u0131m<\/strong> odakl\u0131 tasar\u0131m\u0131yla \u00f6ne \u00e7\u0131kar.<\/p>\n","protected":false},"featured_media":42292,"comment_status":"closed","ping_status":"closed","template":"","meta":[],"product_brand":[],"product_cat":[496],"product_tag":[],"class_list":{"0":"post-42290","1":"product","2":"type-product","3":"status-publish","4":"has-post-thumbnail","6":"product_cat-vibrator-cesitleri","8":"first","9":"instock","10":"purchasable","11":"product-type-simple"},"yoast_head":"<!-- This site is optimized with the Yoast SEO Premium plugin v24.4 (Yoast SEO v27.1.1) - https:\/\/yoast.com\/product\/yoast-seo-premium-wordpress\/ -->\n<title>30 Fonksiyonlu Klitoris Uyar\u0131c\u0131l\u0131 Teknolojik Vibrat\u00f6r - Bursa Erotik Shop<\/title>\n<meta name=\"robots\" content=\"index, follow, max-snippet:-1, max-image-preview:large, max-video-preview:-1\" \/>\n<link rel=\"canonical\" href=\"https:\/\/hobierotikshop.com.tr\/website1\/erotik-shop-urun\/30-fonksiyonlu-klitoris-uyaricili-teknolojik-vibrator-2\/\" \/>\n<meta property=\"og:locale\" content=\"tr_TR\" \/>\n<meta property=\"og:type\" content=\"article\" \/>\n<meta property=\"og:title\" content=\"30 Fonksiyonlu Klitoris Uyar\u0131c\u0131l\u0131 Teknolojik Vibrat\u00f6r\" \/>\n<meta property=\"og:description\" content=\"Modern teknolojiyi kad\u0131n v\u00fccuduyla uyumlu hale getiren 30 Fonksiyonlu Klitoris Uyar\u0131c\u0131l\u0131 Vibrat\u00f6r, \u00e7ift motorlu yap\u0131s\u0131 ve ergonomik tasar\u0131m\u0131 ile arad\u0131\u011f\u0131n\u0131z yo\u011fun zevki size sunmak i\u00e7in tasarland\u0131. Hem i\u00e7sel hem de d\u0131\u015fsal uyar\u0131m i\u00e7in ideal olan bu geli\u015fmi\u015f vibrat\u00f6r, \u00f6zellikle klitoral uyar\u0131m odakl\u0131 tasar\u0131m\u0131yla \u00f6ne \u00e7\u0131kar.\" \/>\n<meta property=\"og:url\" content=\"https:\/\/hobierotikshop.com.tr\/website1\/erotik-shop-urun\/30-fonksiyonlu-klitoris-uyaricili-teknolojik-vibrator-2\/\" \/>\n<meta property=\"og:site_name\" content=\"Bursa Erotik Shop\" \/>\n<meta property=\"article:modified_time\" content=\"2026-01-22T09:38:08+00:00\" \/>\n<meta property=\"og:image\" content=\"https:\/\/hobierotikshop.com.tr\/website1\/wp-content\/uploads\/2025\/04\/30-fonksiyonlu-klitoris-uyaricili-tekn-7e-931.jpg\" \/>\n\t<meta property=\"og:image:width\" content=\"455\" \/>\n\t<meta property=\"og:image:height\" content=\"455\" \/>\n\t<meta property=\"og:image:type\" content=\"image\/jpeg\" \/>\n<meta name=\"twitter:card\" content=\"summary_large_image\" \/>\n<meta name=\"twitter:site\" content=\"@shopbursa\" \/>\n<meta name=\"twitter:label1\" content=\"Fiyat\" \/>\n\t<meta name=\"twitter:data1\" content=\"&#8378;2.000,00\" \/>\n\t<meta name=\"twitter:label2\" content=\"Availability\" \/>\n\t<meta name=\"twitter:data2\" content=\"In stock\" \/>\n<script type=\"application\/ld+json\" class=\"yoast-schema-graph\">{\"@context\":\"https:\/\/schema.org\",\"@graph\":[{\"@type\":\"WebPage\",\"@id\":\"https:\/\/hobierotikshop.com.tr\/website1\/erotik-shop-urun\/30-fonksiyonlu-klitoris-uyaricili-teknolojik-vibrator-2\/\",\"url\":\"https:\/\/hobierotikshop.com.tr\/website1\/erotik-shop-urun\/30-fonksiyonlu-klitoris-uyaricili-teknolojik-vibrator-2\/\",\"name\":\"30 Fonksiyonlu Klitoris Uyar\u0131c\u0131l\u0131 Teknolojik Vibrat\u00f6r - Bursa Erotik Shop\",\"isPartOf\":{\"@id\":\"https:\/\/hobierotikshop.com.tr\/website1\/#website\"},\"primaryImageOfPage\":{\"@id\":\"https:\/\/hobierotikshop.com.tr\/website1\/erotik-shop-urun\/30-fonksiyonlu-klitoris-uyaricili-teknolojik-vibrator-2\/#primaryimage\"},\"image\":{\"@id\":\"https:\/\/hobierotikshop.com.tr\/website1\/erotik-shop-urun\/30-fonksiyonlu-klitoris-uyaricili-teknolojik-vibrator-2\/#primaryimage\"},\"thumbnailUrl\":\"https:\/\/haremerotikshop.com\/site\/wp-content\/uploads\/2025\/04\/30-fonksiyonlu-klitoris-uyaricili-tekn-7e-931.jpg\",\"datePublished\":\"2025-04-26T13:27:12+00:00\",\"dateModified\":\"2026-01-22T09:38:08+00:00\",\"breadcrumb\":{\"@id\":\"https:\/\/hobierotikshop.com.tr\/website1\/erotik-shop-urun\/30-fonksiyonlu-klitoris-uyaricili-teknolojik-vibrator-2\/#breadcrumb\"},\"inLanguage\":\"tr\",\"potentialAction\":[{\"@type\":\"ReadAction\",\"target\":[\"https:\/\/hobierotikshop.com.tr\/website1\/erotik-shop-urun\/30-fonksiyonlu-klitoris-uyaricili-teknolojik-vibrator-2\/\"]}]},{\"@type\":\"ImageObject\",\"inLanguage\":\"tr\",\"@id\":\"https:\/\/hobierotikshop.com.tr\/website1\/erotik-shop-urun\/30-fonksiyonlu-klitoris-uyaricili-teknolojik-vibrator-2\/#primaryimage\",\"url\":\"https:\/\/haremerotikshop.com\/site\/wp-content\/uploads\/2025\/04\/30-fonksiyonlu-klitoris-uyaricili-tekn-7e-931.jpg\",\"contentUrl\":\"https:\/\/haremerotikshop.com\/site\/wp-content\/uploads\/2025\/04\/30-fonksiyonlu-klitoris-uyaricili-tekn-7e-931.jpg\",\"width\":455,\"height\":455},{\"@type\":\"BreadcrumbList\",\"@id\":\"https:\/\/hobierotikshop.com.tr\/website1\/erotik-shop-urun\/30-fonksiyonlu-klitoris-uyaricili-teknolojik-vibrator-2\/#breadcrumb\",\"itemListElement\":[{\"@type\":\"ListItem\",\"position\":1,\"name\":\"Anasayfa\",\"item\":\"https:\/\/hobierotikshop.com.tr\/website1\/\"},{\"@type\":\"ListItem\",\"position\":2,\"name\":\"Erotik Shop \u00dcr\u00fcnleri\",\"item\":\"https:\/\/hobierotikshop.com.tr\/website1\/shop\/\"},{\"@type\":\"ListItem\",\"position\":3,\"name\":\"30 Fonksiyonlu Klitoris Uyar\u0131c\u0131l\u0131 Teknolojik Vibrat\u00f6r\"}]},{\"@type\":\"WebSite\",\"@id\":\"https:\/\/hobierotikshop.com.tr\/website1\/#website\",\"url\":\"https:\/\/hobierotikshop.com.tr\/website1\/\",\"name\":\"Bursa Erotik Shop\",\"description\":\"Bursa Erotik Shop ile g\u00fcvenli, gizli ve kaliteli yeti\u015fkin \u00fcr\u00fcnleri al\u0131\u015fveri\u015fi! Geni\u015f \u00fcr\u00fcn yelpazemizi ke\u015ffedin, hemen sipari\u015f verin\",\"publisher\":{\"@id\":\"https:\/\/hobierotikshop.com.tr\/website1\/#organization\"},\"alternateName\":\"Erotik Shop\",\"potentialAction\":[{\"@type\":\"SearchAction\",\"target\":{\"@type\":\"EntryPoint\",\"urlTemplate\":\"https:\/\/hobierotikshop.com.tr\/website1\/?s={search_term_string}\"},\"query-input\":{\"@type\":\"PropertyValueSpecification\",\"valueRequired\":true,\"valueName\":\"search_term_string\"}}],\"inLanguage\":\"tr\"},{\"@type\":\"Organization\",\"@id\":\"https:\/\/hobierotikshop.com.tr\/website1\/#organization\",\"name\":\"Harem Bursa Erotik Shop\",\"url\":\"https:\/\/hobierotikshop.com.tr\/website1\/\",\"logo\":{\"@type\":\"ImageObject\",\"inLanguage\":\"tr\",\"@id\":\"https:\/\/hobierotikshop.com.tr\/website1\/#\/schema\/logo\/image\/\",\"url\":\"https:\/\/haremerotikshop.com\/site\/wp-content\/uploads\/2025\/03\/haremsexshop.png\",\"contentUrl\":\"https:\/\/haremerotikshop.com\/site\/wp-content\/uploads\/2025\/03\/haremsexshop.png\",\"width\":400,\"height\":100,\"caption\":\"Harem Bursa Erotik Shop\"},\"image\":{\"@id\":\"https:\/\/hobierotikshop.com.tr\/website1\/#\/schema\/logo\/image\/\"},\"sameAs\":[\"https:\/\/x.com\/shopbursa\"],\"publishingPrinciples\":\"https:\/\/hobierotikshop.com.tr\/website1\/mesafeli-satis-sozlesmesi\/\",\"ownershipFundingInfo\":\"https:\/\/hobierotikshop.com.tr\/website1\/contact-us\/\",\"actionableFeedbackPolicy\":\"https:\/\/hobierotikshop.com.tr\/website1\/contact-us\/\",\"correctionsPolicy\":\"https:\/\/hobierotikshop.com.tr\/website1\/mesafeli-satis-sozlesmesi\/\"}]}<\/script>\n<meta property=\"product:price:amount\" content=\"2000.00\" \/>\n<meta property=\"product:price:currency\" content=\"TRY\" \/>\n<meta property=\"og:availability\" content=\"instock\" \/>\n<meta property=\"product:availability\" content=\"instock\" \/>\n<meta property=\"product:retailer_item_id\" content=\"BDM018\" \/>\n<meta property=\"product:condition\" content=\"new\" \/>\n<!-- \/ Yoast SEO Premium plugin. -->","yoast_head_json":{"title":"30 Fonksiyonlu Klitoris Uyar\u0131c\u0131l\u0131 Teknolojik Vibrat\u00f6r - Bursa Erotik Shop","robots":{"index":"index","follow":"follow","max-snippet":"max-snippet:-1","max-image-preview":"max-image-preview:large","max-video-preview":"max-video-preview:-1"},"canonical":"https:\/\/hobierotikshop.com.tr\/website1\/erotik-shop-urun\/30-fonksiyonlu-klitoris-uyaricili-teknolojik-vibrator-2\/","og_locale":"tr_TR","og_type":"article","og_title":"30 Fonksiyonlu Klitoris Uyar\u0131c\u0131l\u0131 Teknolojik Vibrat\u00f6r","og_description":"Modern teknolojiyi kad\u0131n v\u00fccuduyla uyumlu hale getiren 30 Fonksiyonlu Klitoris Uyar\u0131c\u0131l\u0131 Vibrat\u00f6r, \u00e7ift motorlu yap\u0131s\u0131 ve ergonomik tasar\u0131m\u0131 ile arad\u0131\u011f\u0131n\u0131z yo\u011fun zevki size sunmak i\u00e7in tasarland\u0131. Hem i\u00e7sel hem de d\u0131\u015fsal uyar\u0131m i\u00e7in ideal olan bu geli\u015fmi\u015f vibrat\u00f6r, \u00f6zellikle klitoral uyar\u0131m odakl\u0131 tasar\u0131m\u0131yla \u00f6ne \u00e7\u0131kar.","og_url":"https:\/\/hobierotikshop.com.tr\/website1\/erotik-shop-urun\/30-fonksiyonlu-klitoris-uyaricili-teknolojik-vibrator-2\/","og_site_name":"Bursa Erotik Shop","article_modified_time":"2026-01-22T09:38:08+00:00","og_image":[{"width":455,"height":455,"url":"https:\/\/hobierotikshop.com.tr\/website1\/wp-content\/uploads\/2025\/04\/30-fonksiyonlu-klitoris-uyaricili-tekn-7e-931.jpg","type":"image\/jpeg"}],"twitter_card":"summary_large_image","twitter_site":"@shopbursa","twitter_misc":{"Fiyat":"&#8378;2.000,00","Availability":"In stock"},"schema":{"@context":"https:\/\/schema.org","@graph":[{"@type":"WebPage","@id":"https:\/\/hobierotikshop.com.tr\/website1\/erotik-shop-urun\/30-fonksiyonlu-klitoris-uyaricili-teknolojik-vibrator-2\/","url":"https:\/\/hobierotikshop.com.tr\/website1\/erotik-shop-urun\/30-fonksiyonlu-klitoris-uyaricili-teknolojik-vibrator-2\/","name":"30 Fonksiyonlu Klitoris Uyar\u0131c\u0131l\u0131 Teknolojik Vibrat\u00f6r - Bursa Erotik Shop","isPartOf":{"@id":"https:\/\/hobierotikshop.com.tr\/website1\/#website"},"primaryImageOfPage":{"@id":"https:\/\/hobierotikshop.com.tr\/website1\/erotik-shop-urun\/30-fonksiyonlu-klitoris-uyaricili-teknolojik-vibrator-2\/#primaryimage"},"image":{"@id":"https:\/\/hobierotikshop.com.tr\/website1\/erotik-shop-urun\/30-fonksiyonlu-klitoris-uyaricili-teknolojik-vibrator-2\/#primaryimage"},"thumbnailUrl":"https:\/\/haremerotikshop.com\/site\/wp-content\/uploads\/2025\/04\/30-fonksiyonlu-klitoris-uyaricili-tekn-7e-931.jpg","datePublished":"2025-04-26T13:27:12+00:00","dateModified":"2026-01-22T09:38:08+00:00","breadcrumb":{"@id":"https:\/\/hobierotikshop.com.tr\/website1\/erotik-shop-urun\/30-fonksiyonlu-klitoris-uyaricili-teknolojik-vibrator-2\/#breadcrumb"},"inLanguage":"tr","potentialAction":[{"@type":"ReadAction","target":["https:\/\/hobierotikshop.com.tr\/website1\/erotik-shop-urun\/30-fonksiyonlu-klitoris-uyaricili-teknolojik-vibrator-2\/"]}]},{"@type":"ImageObject","inLanguage":"tr","@id":"https:\/\/hobierotikshop.com.tr\/website1\/erotik-shop-urun\/30-fonksiyonlu-klitoris-uyaricili-teknolojik-vibrator-2\/#primaryimage","url":"https:\/\/haremerotikshop.com\/site\/wp-content\/uploads\/2025\/04\/30-fonksiyonlu-klitoris-uyaricili-tekn-7e-931.jpg","contentUrl":"https:\/\/haremerotikshop.com\/site\/wp-content\/uploads\/2025\/04\/30-fonksiyonlu-klitoris-uyaricili-tekn-7e-931.jpg","width":455,"height":455},{"@type":"BreadcrumbList","@id":"https:\/\/hobierotikshop.com.tr\/website1\/erotik-shop-urun\/30-fonksiyonlu-klitoris-uyaricili-teknolojik-vibrator-2\/#breadcrumb","itemListElement":[{"@type":"ListItem","position":1,"name":"Anasayfa","item":"https:\/\/hobierotikshop.com.tr\/website1\/"},{"@type":"ListItem","position":2,"name":"Erotik Shop \u00dcr\u00fcnleri","item":"https:\/\/hobierotikshop.com.tr\/website1\/shop\/"},{"@type":"ListItem","position":3,"name":"30 Fonksiyonlu Klitoris Uyar\u0131c\u0131l\u0131 Teknolojik Vibrat\u00f6r"}]},{"@type":"WebSite","@id":"https:\/\/hobierotikshop.com.tr\/website1\/#website","url":"https:\/\/hobierotikshop.com.tr\/website1\/","name":"Bursa Erotik Shop","description":"Bursa Erotik Shop ile g\u00fcvenli, gizli ve kaliteli yeti\u015fkin \u00fcr\u00fcnleri al\u0131\u015fveri\u015fi! Geni\u015f \u00fcr\u00fcn yelpazemizi ke\u015ffedin, hemen sipari\u015f verin","publisher":{"@id":"https:\/\/hobierotikshop.com.tr\/website1\/#organization"},"alternateName":"Erotik Shop","potentialAction":[{"@type":"SearchAction","target":{"@type":"EntryPoint","urlTemplate":"https:\/\/hobierotikshop.com.tr\/website1\/?s={search_term_string}"},"query-input":{"@type":"PropertyValueSpecification","valueRequired":true,"valueName":"search_term_string"}}],"inLanguage":"tr"},{"@type":"Organization","@id":"https:\/\/hobierotikshop.com.tr\/website1\/#organization","name":"Harem Bursa Erotik Shop","url":"https:\/\/hobierotikshop.com.tr\/website1\/","logo":{"@type":"ImageObject","inLanguage":"tr","@id":"https:\/\/hobierotikshop.com.tr\/website1\/#\/schema\/logo\/image\/","url":"https:\/\/haremerotikshop.com\/site\/wp-content\/uploads\/2025\/03\/haremsexshop.png","contentUrl":"https:\/\/haremerotikshop.com\/site\/wp-content\/uploads\/2025\/03\/haremsexshop.png","width":400,"height":100,"caption":"Harem Bursa Erotik Shop"},"image":{"@id":"https:\/\/hobierotikshop.com.tr\/website1\/#\/schema\/logo\/image\/"},"sameAs":["https:\/\/x.com\/shopbursa"],"publishingPrinciples":"https:\/\/hobierotikshop.com.tr\/website1\/mesafeli-satis-sozlesmesi\/","ownershipFundingInfo":"https:\/\/hobierotikshop.com.tr\/website1\/contact-us\/","actionableFeedbackPolicy":"https:\/\/hobierotikshop.com.tr\/website1\/contact-us\/","correctionsPolicy":"https:\/\/hobierotikshop.com.tr\/website1\/mesafeli-satis-sozlesmesi\/"}]},"product_price_amount":"2000.00","product_price_currency":"TRY","og_availability":"instock","product_availability":"instock","product_retailer_item_id":"BDM018","product_condition":"new"},"_links":{"self":[{"href":"https:\/\/haremerotikshop.com\/site\/wp-json\/wp\/v2\/product\/42290","targetHints":{"allow":["GET"]}}],"collection":[{"href":"https:\/\/haremerotikshop.com\/site\/wp-json\/wp\/v2\/product"}],"about":[{"href":"https:\/\/haremerotikshop.com\/site\/wp-json\/wp\/v2\/types\/product"}],"replies":[{"embeddable":true,"href":"https:\/\/haremerotikshop.com\/site\/wp-json\/wp\/v2\/comments?post=42290"}],"version-history":[{"count":0,"href":"https:\/\/haremerotikshop.com\/site\/wp-json\/wp\/v2\/product\/42290\/revisions"}],"wp:featuredmedia":[{"embeddable":true,"href":"https:\/\/haremerotikshop.com\/site\/wp-json\/wp\/v2\/media\/42292"}],"wp:attachment":[{"href":"https:\/\/haremerotikshop.com\/site\/wp-json\/wp\/v2\/media?parent=42290"}],"wp:term":[{"taxonomy":"product_brand","embeddable":true,"href":"https:\/\/haremerotikshop.com\/site\/wp-json\/wp\/v2\/product_brand?post=42290"},{"taxonomy":"product_cat","embeddable":true,"href":"https:\/\/haremerotikshop.com\/site\/wp-json\/wp\/v2\/product_cat?post=42290"},{"taxonomy":"product_tag","embeddable":true,"href":"https:\/\/haremerotikshop.com\/site\/wp-json\/wp\/v2\/product_tag?post=42290"}],"curies":[{"name":"wp","href":"https:\/\/api.w.org\/{rel}","templated":true}]}}