{"id":42332,"date":"2025-04-26T16:27:54","date_gmt":"2025-04-26T13:27:54","guid":{"rendered":"https:\/\/haremerotikshop.com\/site\/erotik-shop-urun\/fosforlu-4-adet-fantezi-ve-ask-pozisyon-zarlari\/"},"modified":"2026-01-22T12:35:18","modified_gmt":"2026-01-22T09:35:18","slug":"fosforlu-4-adet-fantezi-ve-ask-pozisyon-zarlari","status":"publish","type":"product","link":"https:\/\/haremerotikshop.com\/site\/erotik-shop-urun\/fosforlu-4-adet-fantezi-ve-ask-pozisyon-zarlari\/","title":{"rendered":"Fosforlu 4 Adet Fantezi Ve A\u015fk Pozisyon Zarlar\u0131"},"content":{"rendered":"<h2 data-start=\"380\" data-end=\"460\">\ud83c\udf1f Fosforlu 4 Adet Fantezi ve A\u015fk Pozisyon Zarlar\u0131 \u2013 Gecelerinize Renk Kat\u0131n!<\/h2>\n<p data-start=\"462\" data-end=\"786\">Romantik ve e\u011flenceli gecelerin vazge\u00e7ilmezi olmaya aday <strong data-start=\"519\" data-end=\"568\">Fosforlu 4\u2019l\u00fc Fantezi ve A\u015fk Pozisyon Zarlar\u0131<\/strong>, \u00e7iftlere s\u0131radanl\u0131\u011f\u0131n \u00f6tesinde, heyecan dolu bir deneyim sunar.<br data-start=\"633\" data-end=\"636\" \/>Karanl\u0131kta parlayan fosforlu tasar\u0131m\u0131 sayesinde gecenize hem <strong data-start=\"697\" data-end=\"715\">\u0131\u015f\u0131k hem tutku<\/strong> katar. Art\u0131k zar atmak sadece bir oyun de\u011fil, <strong data-start=\"762\" data-end=\"785\">a\u015fk dolu bir macera<\/strong>!<\/p>\n<hr data-start=\"788\" data-end=\"791\" \/>\n<h3 data-start=\"793\" data-end=\"818\">\ud83d\udc9e \u00dcr\u00fcn\u00fcn \u00d6zellikleri<\/h3>\n<ul data-start=\"820\" data-end=\"1110\">\n<li data-start=\"820\" data-end=\"885\">\n<p data-start=\"822\" data-end=\"885\"><strong data-start=\"822\" data-end=\"835\">\u00dcr\u00fcn Ad\u0131:<\/strong> Fosforlu 4 Adet Fantezi ve A\u015fk Pozisyon Zarlar\u0131<\/p>\n<\/li>\n<li data-start=\"886\" data-end=\"912\">\n<p data-start=\"888\" data-end=\"912\"><strong data-start=\"888\" data-end=\"902\">\u00dcr\u00fcn Kodu:<\/strong> BDM1113<\/p>\n<\/li>\n<li data-start=\"913\" data-end=\"963\">\n<p data-start=\"915\" data-end=\"963\"><strong data-start=\"915\" data-end=\"924\">Renk:<\/strong> Beyaz (Fosforlu \u2013 karanl\u0131kta parlar)<\/p>\n<\/li>\n<li data-start=\"964\" data-end=\"998\">\n<p data-start=\"966\" data-end=\"998\"><strong data-start=\"966\" data-end=\"978\">Malzeme:<\/strong> Dayan\u0131kl\u0131 akrilik<\/p>\n<\/li>\n<li data-start=\"999\" data-end=\"1022\">\n<p data-start=\"1001\" data-end=\"1022\"><strong data-start=\"1001\" data-end=\"1011\">Boyut:<\/strong> 2x2x2 cm<\/p>\n<\/li>\n<li data-start=\"1023\" data-end=\"1110\">\n<p data-start=\"1025\" data-end=\"1110\"><strong data-start=\"1025\" data-end=\"1043\">Paket \u0130\u00e7eri\u011fi:<\/strong> 4 adet zar (her biri farkl\u0131 pozisyonlar ve hassas b\u00f6lgeler i\u00e7erir)<\/p>\n<\/li>\n<\/ul>\n<hr data-start=\"1112\" data-end=\"1115\" \/>\n<h3 data-start=\"1117\" data-end=\"1146\">\ud83d\udd25 A\u015fk\u0131 Oyunla Bulu\u015fturun<\/h3>\n<p data-start=\"1148\" data-end=\"1515\">Bu \u00f6zel tasar\u0131m zarlar, <strong data-start=\"1172\" data-end=\"1200\">\u00f6n sevi\u015fmeyi te\u015fvik eder<\/strong>, <strong data-start=\"1202\" data-end=\"1232\">romantik atmosferi art\u0131r\u0131r<\/strong> ve \u00e7iftlerin aras\u0131ndaki ba\u011f\u0131 g\u00fc\u00e7lendirir.<br data-start=\"1274\" data-end=\"1277\" \/>Her zar y\u00fczeyinde, klasik say\u0131lar yerine farkl\u0131 <strong data-start=\"1325\" data-end=\"1340\">pozisyonlar<\/strong>, <strong data-start=\"1342\" data-end=\"1361\">v\u00fccut b\u00f6lgeleri<\/strong> ve <strong data-start=\"1365\" data-end=\"1386\">hareket \u00f6nerileri<\/strong> yer al\u0131r.<br data-start=\"1396\" data-end=\"1399\" \/>Dilerseniz pozisyon se\u00e7mek i\u00e7in, dilerseniz partnerinizin <strong data-start=\"1457\" data-end=\"1489\">hassas noktalar\u0131n\u0131 ke\u015ffetmek<\/strong> i\u00e7in zar atabilirsiniz.<\/p>\n<p data-start=\"1517\" data-end=\"1626\">Her at\u0131\u015f, sizi yeni bir maceraya ve daha yak\u0131n bir ba\u011fa davet eder.<br data-start=\"1584\" data-end=\"1587\" \/>K\u0131sacas\u0131, <strong data-start=\"1597\" data-end=\"1626\">\u201czar at, tutkuyu ba\u015flat!\u201d<\/strong><\/p>\n<hr data-start=\"1628\" data-end=\"1631\" \/>\n<h3 data-start=\"1633\" data-end=\"1655\">\ud83c\udf19 Neden Fosforlu?<\/h3>\n<p data-start=\"1657\" data-end=\"1917\">Karanl\u0131kta parlayan fosforlu zarlar, <strong data-start=\"1694\" data-end=\"1738\">romantik ortam\u0131n\u0131z\u0131 b\u00fcy\u00fcl\u00fc bir atmosfere<\/strong> d\u00f6n\u00fc\u015ft\u00fcr\u00fcr.<br data-start=\"1750\" data-end=\"1753\" \/>Lo\u015f \u0131\u015f\u0131klarda bile net bir \u015fekilde g\u00f6r\u00fclebilir, b\u00f6ylece oyunun ak\u0131\u015f\u0131 hi\u00e7 bozulmaz.<br data-start=\"1835\" data-end=\"1838\" \/>Bu zarlarla <strong data-start=\"1850\" data-end=\"1917\">geceler art\u0131k daha renkli, daha ayd\u0131nl\u0131k ve \u00e7ok daha heyecanl\u0131!<\/strong><\/p>\n<hr data-start=\"1919\" data-end=\"1922\" \/>\n<h3 data-start=\"1924\" data-end=\"1948\">\ud83c\udf81 Kullan\u0131m Alanlar\u0131<\/h3>\n<ul data-start=\"1950\" data-end=\"2148\">\n<li data-start=\"1950\" data-end=\"1993\">\n<p data-start=\"1952\" data-end=\"1993\">\u00c7iftler i\u00e7in romantik s\u00fcrpriz gecelerde<\/p>\n<\/li>\n<li data-start=\"1994\" data-end=\"2025\">\n<p data-start=\"1996\" data-end=\"2025\">Bekarl\u0131\u011fa veda partilerinde<\/p>\n<\/li>\n<li data-start=\"2026\" data-end=\"2090\">\n<p data-start=\"2028\" data-end=\"2090\">E\u011flenceli arkada\u015f bulu\u015fmalar\u0131nda (yeti\u015fkin temal\u0131 oyunlarda)<\/p>\n<\/li>\n<li data-start=\"2091\" data-end=\"2148\">\n<p data-start=\"2093\" data-end=\"2148\">\u00d6zel g\u00fcnlerde partnerinize yarat\u0131c\u0131 bir hediye olarak<\/p>\n<\/li>\n<\/ul>\n<hr data-start=\"2150\" data-end=\"2153\" \/>\n<h3 data-start=\"2155\" data-end=\"2187\">\ud83d\ude9a Gizli ve G\u00fcvenli G\u00f6nderim<\/h3>\n<p data-start=\"2189\" data-end=\"2442\">T\u00fcm sipari\u015fleriniz, <strong data-start=\"2209\" data-end=\"2229\">gizlilik esas\u0131na<\/strong> g\u00f6re haz\u0131rlan\u0131r.<br data-start=\"2246\" data-end=\"2249\" \/>\u00dcr\u00fcn i\u00e7eri\u011fi <strong data-start=\"2262\" data-end=\"2336\">kesinlikle d\u0131\u015far\u0131dan belli olmayacak \u015fekilde kapal\u0131 ve sade paketlerde<\/strong> g\u00f6nderilir.<br data-start=\"2348\" data-end=\"2351\" \/><strong data-start=\"2351\" data-end=\"2367\">Kap\u0131da \u00f6deme<\/strong>, <strong data-start=\"2369\" data-end=\"2384\">kredi kart\u0131<\/strong>, <strong data-start=\"2386\" data-end=\"2400\">havale\/EFT<\/strong> gibi \u00e7e\u015fitli \u00f6deme se\u00e7enekleri mevcuttur.<\/p>\n<hr data-start=\"2444\" data-end=\"2447\" \/>\n<h3 data-start=\"2449\" data-end=\"2490\">\ud83d\udc8e Neden Bu \u00dcr\u00fcn\u00fc Tercih Etmelisiniz?<\/h3>\n<ul data-start=\"2492\" data-end=\"2662\">\n<li data-start=\"2492\" data-end=\"2525\">\n<p data-start=\"2494\" data-end=\"2525\">\u2705 <strong data-start=\"2496\" data-end=\"2523\">Orijinal \u00fcr\u00fcn garantisi<\/strong><\/p>\n<\/li>\n<li data-start=\"2526\" data-end=\"2557\">\n<p data-start=\"2528\" data-end=\"2557\">\u2705 <strong data-start=\"2530\" data-end=\"2555\">Gizli kargo g\u00f6nderimi<\/strong><\/p>\n<\/li>\n<li data-start=\"2558\" data-end=\"2587\">\n<p data-start=\"2560\" data-end=\"2587\">\u2705 <strong data-start=\"2562\" data-end=\"2585\">Kap\u0131da \u00f6deme imk\u00e2n\u0131<\/strong><\/p>\n<\/li>\n<li data-start=\"2588\" data-end=\"2623\">\n<p data-start=\"2590\" data-end=\"2623\">\u2705 <strong data-start=\"2592\" data-end=\"2621\">H\u0131zl\u0131 ve g\u00fcvenli teslimat<\/strong><\/p>\n<\/li>\n<li data-start=\"2624\" data-end=\"2662\">\n<p data-start=\"2626\" data-end=\"2662\">\u2705 <strong data-start=\"2628\" data-end=\"2660\">A\u015fk hayat\u0131n\u0131za heyecan katar<\/strong><\/p>\n<\/li>\n<\/ul>\n<hr data-start=\"2664\" data-end=\"2667\" \/>\n<blockquote data-start=\"2698\" data-end=\"2906\">\n<p data-start=\"2700\" data-end=\"2906\">\nfantezi zar, a\u015fk zarlar\u0131, fosforlu zar oyunu, yeti\u015fkin zar oyunu, romantik \u00e7ift oyunlar\u0131, \u00f6n sevi\u015fme oyunu, \u00e7iftler i\u00e7in e\u011flenceli oyunlar, fosforlu fantezi zar, yeti\u015fkin oyuncaklar\u0131, gizli kargo \u00fcr\u00fcnleri<\/p>\n<\/blockquote>\n<hr data-start=\"2908\" data-end=\"2911\" \/>\n<h3 data-start=\"2913\" data-end=\"2932\">\ud83d\udc98 Sonu\u00e7 Olarak<\/h3>\n<p data-start=\"2934\" data-end=\"3204\"><strong data-start=\"2934\" data-end=\"2985\">Fosforlu 4 Adet Fantezi ve A\u015fk Pozisyon Zarlar\u0131<\/strong>, a\u015fk dolu gecelerinize e\u011flence, hareket ve tutku katmak isteyen \u00e7iftler i\u00e7in m\u00fckemmel bir se\u00e7imdir.<br data-start=\"3085\" data-end=\"3088\" \/>Siz de partnerinizle birlikte farkl\u0131 pozisyonlar\u0131 ke\u015ffederek ili\u015fkinizi canland\u0131r\u0131n.<br data-start=\"3172\" data-end=\"3175\" \/><strong data-start=\"3175\" data-end=\"3204\">Zar at\u0131n, a\u015fk\u0131 yakalay\u0131n<\/strong><\/p>\n<p>&nbsp;<\/p>\n<p><a href=\"http:\/\/api.whatsapp.com\/send?phone=905304676616&amp;text=Sipari%C5%9F%20Vermek%20%C4%B0stiyorum%20haremshop%20BDM1113\"><img fetchpriority=\"high\" decoding=\"async\" class=\"alignnone\" src=\"https:\/\/static.ticimax.cloud\/32886\/uploads\/editoruploads\/whatsapp-destek-hatti.gif\" alt=\"\" width=\"750\" height=\"117\" \/><\/a><\/p>\n<p>&nbsp;<\/p>\n","protected":false},"excerpt":{"rendered":"<p>Romantik ve e\u011flenceli gecelerin vazge\u00e7ilmezi olmaya aday <strong data-start=\"519\" data-end=\"568\">Fosforlu 4\u2019l\u00fc Fantezi ve A\u015fk Pozisyon Zarlar\u0131<\/strong>, \u00e7iftlere s\u0131radanl\u0131\u011f\u0131n \u00f6tesinde, heyecan dolu bir deneyim sunar.<br data-start=\"633\" data-end=\"636\" \/>Karanl\u0131kta parlayan fosforlu tasar\u0131m\u0131 sayesinde gecenize hem <strong data-start=\"697\" data-end=\"715\">\u0131\u015f\u0131k hem tutku<\/strong> katar. Art\u0131k zar atmak sadece bir oyun de\u011fil, <strong data-start=\"762\" data-end=\"785\">a\u015fk dolu bir macera<\/strong>!<\/p>\n","protected":false},"featured_media":42334,"comment_status":"closed","ping_status":"closed","template":"","meta":[],"product_brand":[],"product_cat":[499],"product_tag":[],"class_list":{"0":"post-42332","1":"product","2":"type-product","3":"status-publish","4":"has-post-thumbnail","6":"product_cat-fetish-fantezi-urunleri","8":"first","9":"instock","10":"purchasable","11":"product-type-simple"},"yoast_head":"<!-- This site is optimized with the Yoast SEO Premium plugin v24.4 (Yoast SEO v27.1.1) - https:\/\/yoast.com\/product\/yoast-seo-premium-wordpress\/ -->\n<title>Fosforlu 4 Adet Fantezi Ve A\u015fk Pozisyon Zarlar\u0131 - Bursa Erotik Shop<\/title>\n<meta name=\"robots\" content=\"index, follow, max-snippet:-1, max-image-preview:large, max-video-preview:-1\" \/>\n<link rel=\"canonical\" href=\"https:\/\/hobierotikshop.com.tr\/website1\/erotik-shop-urun\/fosforlu-4-adet-fantezi-ve-ask-pozisyon-zarlari\/\" \/>\n<meta property=\"og:locale\" content=\"tr_TR\" \/>\n<meta property=\"og:type\" content=\"article\" \/>\n<meta property=\"og:title\" content=\"Fosforlu 4 Adet Fantezi Ve A\u015fk Pozisyon Zarlar\u0131\" \/>\n<meta property=\"og:description\" content=\"Romantik ve e\u011flenceli gecelerin vazge\u00e7ilmezi olmaya aday Fosforlu 4\u2019l\u00fc Fantezi ve A\u015fk Pozisyon Zarlar\u0131, \u00e7iftlere s\u0131radanl\u0131\u011f\u0131n \u00f6tesinde, heyecan dolu bir deneyim sunar.Karanl\u0131kta parlayan fosforlu tasar\u0131m\u0131 sayesinde gecenize hem \u0131\u015f\u0131k hem tutku katar. Art\u0131k zar atmak sadece bir oyun de\u011fil, a\u015fk dolu bir macera!\" \/>\n<meta property=\"og:url\" content=\"https:\/\/hobierotikshop.com.tr\/website1\/erotik-shop-urun\/fosforlu-4-adet-fantezi-ve-ask-pozisyon-zarlari\/\" \/>\n<meta property=\"og:site_name\" content=\"Bursa Erotik Shop\" \/>\n<meta property=\"article:modified_time\" content=\"2026-01-22T09:35:18+00:00\" \/>\n<meta property=\"og:image\" content=\"https:\/\/hobierotikshop.com.tr\/website1\/wp-content\/uploads\/2025\/04\/4-adet-fantezi-ve-ask-pozisyon-zarlari-a483-.jpg\" \/>\n\t<meta property=\"og:image:width\" content=\"455\" \/>\n\t<meta property=\"og:image:height\" content=\"455\" \/>\n\t<meta property=\"og:image:type\" content=\"image\/jpeg\" \/>\n<meta name=\"twitter:card\" content=\"summary_large_image\" \/>\n<meta name=\"twitter:site\" content=\"@shopbursa\" \/>\n<meta name=\"twitter:label1\" content=\"Fiyat\" \/>\n\t<meta name=\"twitter:data1\" content=\"&#8378;400,00\" \/>\n\t<meta name=\"twitter:label2\" content=\"Availability\" \/>\n\t<meta name=\"twitter:data2\" content=\"In stock\" \/>\n<script type=\"application\/ld+json\" class=\"yoast-schema-graph\">{\"@context\":\"https:\/\/schema.org\",\"@graph\":[{\"@type\":\"WebPage\",\"@id\":\"https:\/\/hobierotikshop.com.tr\/website1\/erotik-shop-urun\/fosforlu-4-adet-fantezi-ve-ask-pozisyon-zarlari\/\",\"url\":\"https:\/\/hobierotikshop.com.tr\/website1\/erotik-shop-urun\/fosforlu-4-adet-fantezi-ve-ask-pozisyon-zarlari\/\",\"name\":\"Fosforlu 4 Adet Fantezi Ve A\u015fk Pozisyon Zarlar\u0131 - Bursa Erotik Shop\",\"isPartOf\":{\"@id\":\"https:\/\/hobierotikshop.com.tr\/website1\/#website\"},\"primaryImageOfPage\":{\"@id\":\"https:\/\/hobierotikshop.com.tr\/website1\/erotik-shop-urun\/fosforlu-4-adet-fantezi-ve-ask-pozisyon-zarlari\/#primaryimage\"},\"image\":{\"@id\":\"https:\/\/hobierotikshop.com.tr\/website1\/erotik-shop-urun\/fosforlu-4-adet-fantezi-ve-ask-pozisyon-zarlari\/#primaryimage\"},\"thumbnailUrl\":\"https:\/\/haremerotikshop.com\/site\/wp-content\/uploads\/2025\/04\/4-adet-fantezi-ve-ask-pozisyon-zarlari-a483-.jpg\",\"datePublished\":\"2025-04-26T13:27:54+00:00\",\"dateModified\":\"2026-01-22T09:35:18+00:00\",\"breadcrumb\":{\"@id\":\"https:\/\/hobierotikshop.com.tr\/website1\/erotik-shop-urun\/fosforlu-4-adet-fantezi-ve-ask-pozisyon-zarlari\/#breadcrumb\"},\"inLanguage\":\"tr\",\"potentialAction\":[{\"@type\":\"ReadAction\",\"target\":[\"https:\/\/hobierotikshop.com.tr\/website1\/erotik-shop-urun\/fosforlu-4-adet-fantezi-ve-ask-pozisyon-zarlari\/\"]}]},{\"@type\":\"ImageObject\",\"inLanguage\":\"tr\",\"@id\":\"https:\/\/hobierotikshop.com.tr\/website1\/erotik-shop-urun\/fosforlu-4-adet-fantezi-ve-ask-pozisyon-zarlari\/#primaryimage\",\"url\":\"https:\/\/haremerotikshop.com\/site\/wp-content\/uploads\/2025\/04\/4-adet-fantezi-ve-ask-pozisyon-zarlari-a483-.jpg\",\"contentUrl\":\"https:\/\/haremerotikshop.com\/site\/wp-content\/uploads\/2025\/04\/4-adet-fantezi-ve-ask-pozisyon-zarlari-a483-.jpg\",\"width\":455,\"height\":455},{\"@type\":\"BreadcrumbList\",\"@id\":\"https:\/\/hobierotikshop.com.tr\/website1\/erotik-shop-urun\/fosforlu-4-adet-fantezi-ve-ask-pozisyon-zarlari\/#breadcrumb\",\"itemListElement\":[{\"@type\":\"ListItem\",\"position\":1,\"name\":\"Anasayfa\",\"item\":\"https:\/\/hobierotikshop.com.tr\/website1\/\"},{\"@type\":\"ListItem\",\"position\":2,\"name\":\"Erotik Shop \u00dcr\u00fcnleri\",\"item\":\"https:\/\/hobierotikshop.com.tr\/website1\/shop\/\"},{\"@type\":\"ListItem\",\"position\":3,\"name\":\"Fosforlu 4 Adet Fantezi Ve A\u015fk Pozisyon Zarlar\u0131\"}]},{\"@type\":\"WebSite\",\"@id\":\"https:\/\/hobierotikshop.com.tr\/website1\/#website\",\"url\":\"https:\/\/hobierotikshop.com.tr\/website1\/\",\"name\":\"Bursa Erotik Shop\",\"description\":\"Bursa Erotik Shop ile g\u00fcvenli, gizli ve kaliteli yeti\u015fkin \u00fcr\u00fcnleri al\u0131\u015fveri\u015fi! Geni\u015f \u00fcr\u00fcn yelpazemizi ke\u015ffedin, hemen sipari\u015f verin\",\"publisher\":{\"@id\":\"https:\/\/hobierotikshop.com.tr\/website1\/#organization\"},\"alternateName\":\"Erotik Shop\",\"potentialAction\":[{\"@type\":\"SearchAction\",\"target\":{\"@type\":\"EntryPoint\",\"urlTemplate\":\"https:\/\/hobierotikshop.com.tr\/website1\/?s={search_term_string}\"},\"query-input\":{\"@type\":\"PropertyValueSpecification\",\"valueRequired\":true,\"valueName\":\"search_term_string\"}}],\"inLanguage\":\"tr\"},{\"@type\":\"Organization\",\"@id\":\"https:\/\/hobierotikshop.com.tr\/website1\/#organization\",\"name\":\"Harem Bursa Erotik Shop\",\"url\":\"https:\/\/hobierotikshop.com.tr\/website1\/\",\"logo\":{\"@type\":\"ImageObject\",\"inLanguage\":\"tr\",\"@id\":\"https:\/\/hobierotikshop.com.tr\/website1\/#\/schema\/logo\/image\/\",\"url\":\"https:\/\/haremerotikshop.com\/wp-content\/uploads\/2025\/03\/haremsexshop.png\",\"contentUrl\":\"https:\/\/haremerotikshop.com\/wp-content\/uploads\/2025\/03\/haremsexshop.png\",\"width\":400,\"height\":100,\"caption\":\"Harem Bursa Erotik Shop\"},\"image\":{\"@id\":\"https:\/\/hobierotikshop.com.tr\/website1\/#\/schema\/logo\/image\/\"},\"sameAs\":[\"https:\/\/x.com\/shopbursa\"],\"publishingPrinciples\":\"https:\/\/hobierotikshop.com.tr\/website1\/mesafeli-satis-sozlesmesi\/\",\"ownershipFundingInfo\":\"https:\/\/hobierotikshop.com.tr\/website1\/contact-us\/\",\"actionableFeedbackPolicy\":\"https:\/\/hobierotikshop.com.tr\/website1\/contact-us\/\",\"correctionsPolicy\":\"https:\/\/hobierotikshop.com.tr\/website1\/mesafeli-satis-sozlesmesi\/\"}]}<\/script>\n<meta property=\"product:price:amount\" content=\"400.00\" \/>\n<meta property=\"product:price:currency\" content=\"TRY\" \/>\n<meta property=\"og:availability\" content=\"instock\" \/>\n<meta property=\"product:availability\" content=\"instock\" \/>\n<meta property=\"product:retailer_item_id\" content=\"BDM1113\" \/>\n<meta property=\"product:condition\" content=\"new\" \/>\n<!-- \/ Yoast SEO Premium plugin. -->","yoast_head_json":{"title":"Fosforlu 4 Adet Fantezi Ve A\u015fk Pozisyon Zarlar\u0131 - Bursa Erotik Shop","robots":{"index":"index","follow":"follow","max-snippet":"max-snippet:-1","max-image-preview":"max-image-preview:large","max-video-preview":"max-video-preview:-1"},"canonical":"https:\/\/hobierotikshop.com.tr\/website1\/erotik-shop-urun\/fosforlu-4-adet-fantezi-ve-ask-pozisyon-zarlari\/","og_locale":"tr_TR","og_type":"article","og_title":"Fosforlu 4 Adet Fantezi Ve A\u015fk Pozisyon Zarlar\u0131","og_description":"Romantik ve e\u011flenceli gecelerin vazge\u00e7ilmezi olmaya aday Fosforlu 4\u2019l\u00fc Fantezi ve A\u015fk Pozisyon Zarlar\u0131, \u00e7iftlere s\u0131radanl\u0131\u011f\u0131n \u00f6tesinde, heyecan dolu bir deneyim sunar.Karanl\u0131kta parlayan fosforlu tasar\u0131m\u0131 sayesinde gecenize hem \u0131\u015f\u0131k hem tutku katar. Art\u0131k zar atmak sadece bir oyun de\u011fil, a\u015fk dolu bir macera!","og_url":"https:\/\/hobierotikshop.com.tr\/website1\/erotik-shop-urun\/fosforlu-4-adet-fantezi-ve-ask-pozisyon-zarlari\/","og_site_name":"Bursa Erotik Shop","article_modified_time":"2026-01-22T09:35:18+00:00","og_image":[{"width":455,"height":455,"url":"https:\/\/hobierotikshop.com.tr\/website1\/wp-content\/uploads\/2025\/04\/4-adet-fantezi-ve-ask-pozisyon-zarlari-a483-.jpg","type":"image\/jpeg"}],"twitter_card":"summary_large_image","twitter_site":"@shopbursa","twitter_misc":{"Fiyat":"&#8378;400,00","Availability":"In stock"},"schema":{"@context":"https:\/\/schema.org","@graph":[{"@type":"WebPage","@id":"https:\/\/hobierotikshop.com.tr\/website1\/erotik-shop-urun\/fosforlu-4-adet-fantezi-ve-ask-pozisyon-zarlari\/","url":"https:\/\/hobierotikshop.com.tr\/website1\/erotik-shop-urun\/fosforlu-4-adet-fantezi-ve-ask-pozisyon-zarlari\/","name":"Fosforlu 4 Adet Fantezi Ve A\u015fk Pozisyon Zarlar\u0131 - Bursa Erotik Shop","isPartOf":{"@id":"https:\/\/hobierotikshop.com.tr\/website1\/#website"},"primaryImageOfPage":{"@id":"https:\/\/hobierotikshop.com.tr\/website1\/erotik-shop-urun\/fosforlu-4-adet-fantezi-ve-ask-pozisyon-zarlari\/#primaryimage"},"image":{"@id":"https:\/\/hobierotikshop.com.tr\/website1\/erotik-shop-urun\/fosforlu-4-adet-fantezi-ve-ask-pozisyon-zarlari\/#primaryimage"},"thumbnailUrl":"https:\/\/haremerotikshop.com\/site\/wp-content\/uploads\/2025\/04\/4-adet-fantezi-ve-ask-pozisyon-zarlari-a483-.jpg","datePublished":"2025-04-26T13:27:54+00:00","dateModified":"2026-01-22T09:35:18+00:00","breadcrumb":{"@id":"https:\/\/hobierotikshop.com.tr\/website1\/erotik-shop-urun\/fosforlu-4-adet-fantezi-ve-ask-pozisyon-zarlari\/#breadcrumb"},"inLanguage":"tr","potentialAction":[{"@type":"ReadAction","target":["https:\/\/hobierotikshop.com.tr\/website1\/erotik-shop-urun\/fosforlu-4-adet-fantezi-ve-ask-pozisyon-zarlari\/"]}]},{"@type":"ImageObject","inLanguage":"tr","@id":"https:\/\/hobierotikshop.com.tr\/website1\/erotik-shop-urun\/fosforlu-4-adet-fantezi-ve-ask-pozisyon-zarlari\/#primaryimage","url":"https:\/\/haremerotikshop.com\/site\/wp-content\/uploads\/2025\/04\/4-adet-fantezi-ve-ask-pozisyon-zarlari-a483-.jpg","contentUrl":"https:\/\/haremerotikshop.com\/site\/wp-content\/uploads\/2025\/04\/4-adet-fantezi-ve-ask-pozisyon-zarlari-a483-.jpg","width":455,"height":455},{"@type":"BreadcrumbList","@id":"https:\/\/hobierotikshop.com.tr\/website1\/erotik-shop-urun\/fosforlu-4-adet-fantezi-ve-ask-pozisyon-zarlari\/#breadcrumb","itemListElement":[{"@type":"ListItem","position":1,"name":"Anasayfa","item":"https:\/\/hobierotikshop.com.tr\/website1\/"},{"@type":"ListItem","position":2,"name":"Erotik Shop \u00dcr\u00fcnleri","item":"https:\/\/hobierotikshop.com.tr\/website1\/shop\/"},{"@type":"ListItem","position":3,"name":"Fosforlu 4 Adet Fantezi Ve A\u015fk Pozisyon Zarlar\u0131"}]},{"@type":"WebSite","@id":"https:\/\/hobierotikshop.com.tr\/website1\/#website","url":"https:\/\/hobierotikshop.com.tr\/website1\/","name":"Bursa Erotik Shop","description":"Bursa Erotik Shop ile g\u00fcvenli, gizli ve kaliteli yeti\u015fkin \u00fcr\u00fcnleri al\u0131\u015fveri\u015fi! Geni\u015f \u00fcr\u00fcn yelpazemizi ke\u015ffedin, hemen sipari\u015f verin","publisher":{"@id":"https:\/\/hobierotikshop.com.tr\/website1\/#organization"},"alternateName":"Erotik Shop","potentialAction":[{"@type":"SearchAction","target":{"@type":"EntryPoint","urlTemplate":"https:\/\/hobierotikshop.com.tr\/website1\/?s={search_term_string}"},"query-input":{"@type":"PropertyValueSpecification","valueRequired":true,"valueName":"search_term_string"}}],"inLanguage":"tr"},{"@type":"Organization","@id":"https:\/\/hobierotikshop.com.tr\/website1\/#organization","name":"Harem Bursa Erotik Shop","url":"https:\/\/hobierotikshop.com.tr\/website1\/","logo":{"@type":"ImageObject","inLanguage":"tr","@id":"https:\/\/hobierotikshop.com.tr\/website1\/#\/schema\/logo\/image\/","url":"https:\/\/haremerotikshop.com\/wp-content\/uploads\/2025\/03\/haremsexshop.png","contentUrl":"https:\/\/haremerotikshop.com\/wp-content\/uploads\/2025\/03\/haremsexshop.png","width":400,"height":100,"caption":"Harem Bursa Erotik Shop"},"image":{"@id":"https:\/\/hobierotikshop.com.tr\/website1\/#\/schema\/logo\/image\/"},"sameAs":["https:\/\/x.com\/shopbursa"],"publishingPrinciples":"https:\/\/hobierotikshop.com.tr\/website1\/mesafeli-satis-sozlesmesi\/","ownershipFundingInfo":"https:\/\/hobierotikshop.com.tr\/website1\/contact-us\/","actionableFeedbackPolicy":"https:\/\/hobierotikshop.com.tr\/website1\/contact-us\/","correctionsPolicy":"https:\/\/hobierotikshop.com.tr\/website1\/mesafeli-satis-sozlesmesi\/"}]},"product_price_amount":"400.00","product_price_currency":"TRY","og_availability":"instock","product_availability":"instock","product_retailer_item_id":"BDM1113","product_condition":"new"},"_links":{"self":[{"href":"https:\/\/haremerotikshop.com\/site\/wp-json\/wp\/v2\/product\/42332","targetHints":{"allow":["GET"]}}],"collection":[{"href":"https:\/\/haremerotikshop.com\/site\/wp-json\/wp\/v2\/product"}],"about":[{"href":"https:\/\/haremerotikshop.com\/site\/wp-json\/wp\/v2\/types\/product"}],"replies":[{"embeddable":true,"href":"https:\/\/haremerotikshop.com\/site\/wp-json\/wp\/v2\/comments?post=42332"}],"version-history":[{"count":0,"href":"https:\/\/haremerotikshop.com\/site\/wp-json\/wp\/v2\/product\/42332\/revisions"}],"wp:featuredmedia":[{"embeddable":true,"href":"https:\/\/haremerotikshop.com\/site\/wp-json\/wp\/v2\/media\/42334"}],"wp:attachment":[{"href":"https:\/\/haremerotikshop.com\/site\/wp-json\/wp\/v2\/media?parent=42332"}],"wp:term":[{"taxonomy":"product_brand","embeddable":true,"href":"https:\/\/haremerotikshop.com\/site\/wp-json\/wp\/v2\/product_brand?post=42332"},{"taxonomy":"product_cat","embeddable":true,"href":"https:\/\/haremerotikshop.com\/site\/wp-json\/wp\/v2\/product_cat?post=42332"},{"taxonomy":"product_tag","embeddable":true,"href":"https:\/\/haremerotikshop.com\/site\/wp-json\/wp\/v2\/product_tag?post=42332"}],"curies":[{"name":"wp","href":"https:\/\/api.w.org\/{rel}","templated":true}]}}