{"id":42457,"date":"2025-04-26T16:29:35","date_gmt":"2025-04-26T13:29:35","guid":{"rendered":"https:\/\/haremerotikshop.com\/site\/erotik-shop-urun\/10-cm-puruzsuz-cam-anal-tikac\/"},"modified":"2026-01-22T12:29:58","modified_gmt":"2026-01-22T09:29:58","slug":"10-cm-puruzsuz-cam-anal-tikac","status":"publish","type":"product","link":"https:\/\/haremerotikshop.com\/site\/erotik-shop-urun\/10-cm-puruzsuz-cam-anal-tikac\/","title":{"rendered":"10 Cm P\u00fcr\u00fczs\u00fcz Cam Anal T\u0131ka\u00e7"},"content":{"rendered":"<h2 data-start=\"101\" data-end=\"190\">10 cm P\u00fcr\u00fczs\u00fcz Cam Anal T\u0131ka\u00e7 \u2013 \u0130lk Deneyimler \u0130\u00e7in \u0130deal, Sa\u011fl\u0131kl\u0131 ve Estetik Tasar\u0131m<\/h2>\n<p data-start=\"192\" data-end=\"464\">Anal seks deneyimini konforlu ve zevkli hale getirmek isteyenler i\u00e7in \u00f6zel olarak tasarlanm\u0131\u015f <strong data-start=\"286\" data-end=\"319\">10 cm P\u00fcr\u00fczs\u00fcz Cam Anal T\u0131ka\u00e7<\/strong>, y\u00fcksek kaliteli cam malzemeden \u00fcretilmi\u015ftir. P\u00fcr\u00fczs\u00fcz dokusu sayesinde anal b\u00f6lgedeki hissiyat\u0131 art\u0131rarak, rahat ve g\u00fcvenli bir kullan\u0131m sunar.<\/p>\n<h3 data-start=\"466\" data-end=\"487\">\u00dcr\u00fcn \u00d6zellikleri:<\/h3>\n<ul data-start=\"489\" data-end=\"1085\">\n<li data-start=\"489\" data-end=\"577\">\n<p data-start=\"491\" data-end=\"577\"><strong data-start=\"491\" data-end=\"503\">Malzeme:<\/strong> Dayan\u0131kl\u0131, sa\u011fl\u0131kl\u0131 ve kolay temizlenebilir cam malzeme kullan\u0131lm\u0131\u015ft\u0131r.<\/p>\n<\/li>\n<li data-start=\"578\" data-end=\"699\">\n<p data-start=\"580\" data-end=\"699\"><strong data-start=\"580\" data-end=\"593\">Boyutlar:<\/strong> Uzunlu\u011fu 10 cm, kal\u0131nl\u0131\u011f\u0131 ise 3,7 cm\u2019dir. \u0130lk kez anal deneyimlemek isteyenler i\u00e7in ideal \u00f6l\u00e7\u00fclerdedir.<\/p>\n<\/li>\n<li data-start=\"700\" data-end=\"802\">\n<p data-start=\"702\" data-end=\"802\"><strong data-start=\"702\" data-end=\"720\">P\u00fcr\u00fczs\u00fcz Doku:<\/strong> Anal b\u00f6lgeye konforlu giri\u015f ve maksimum zevk i\u00e7in \u00f6zel p\u00fcr\u00fczs\u00fcz y\u00fczey tasar\u0131m\u0131.<\/p>\n<\/li>\n<li data-start=\"803\" data-end=\"897\">\n<p data-start=\"805\" data-end=\"897\"><strong data-start=\"805\" data-end=\"825\">Al\u0131\u015ft\u0131r\u0131c\u0131 \u00dcr\u00fcn:<\/strong> Yeni ba\u015flayanlar i\u00e7in anal b\u00f6lgeyi nazik\u00e7e haz\u0131rlamaya yard\u0131mc\u0131 olur.<\/p>\n<\/li>\n<li data-start=\"898\" data-end=\"988\">\n<p data-start=\"900\" data-end=\"988\"><strong data-start=\"900\" data-end=\"918\">Anal Haz\u0131rl\u0131k:<\/strong> Anal ili\u015fki d\u00fc\u015f\u00fcnenler i\u00e7in konforlu ve g\u00fcvenli bir deneyim sa\u011flar.<\/p>\n<\/li>\n<li data-start=\"989\" data-end=\"1085\">\n<p data-start=\"991\" data-end=\"1085\"><strong data-start=\"991\" data-end=\"1010\">Kolay Temizlik:<\/strong> Cam yap\u0131s\u0131 sayesinde hijyenik kullan\u0131m ve pratik temizlik olana\u011f\u0131 sunar.<\/p>\n<\/li>\n<\/ul>\n<hr data-start=\"1087\" data-end=\"1090\" \/>\n<h3 data-start=\"1092\" data-end=\"1132\">Neden 10 cm P\u00fcr\u00fczs\u00fcz Cam Anal T\u0131ka\u00e7?<\/h3>\n<ul data-start=\"1134\" data-end=\"1590\">\n<li data-start=\"1134\" data-end=\"1261\">\n<p data-start=\"1136\" data-end=\"1261\"><strong data-start=\"1136\" data-end=\"1160\">Estetik ve Sa\u011fl\u0131kl\u0131:<\/strong> Cam malzemenin dayan\u0131kl\u0131l\u0131\u011f\u0131 ve zarif g\u00f6r\u00fcn\u00fcm\u00fc ile hem estetik hem de uzun \u00f6m\u00fcrl\u00fc kullan\u0131m sa\u011flar.<\/p>\n<\/li>\n<li data-start=\"1262\" data-end=\"1371\">\n<p data-start=\"1264\" data-end=\"1371\"><strong data-start=\"1264\" data-end=\"1297\">Yumu\u015fak ve Konforlu Kullan\u0131m:<\/strong> P\u00fcr\u00fczs\u00fcz y\u00fczey anal b\u00f6lgeye zarar vermeden rahat kullan\u0131m imkan\u0131 sunar.<\/p>\n<\/li>\n<li data-start=\"1372\" data-end=\"1486\">\n<p data-start=\"1374\" data-end=\"1486\"><strong data-start=\"1374\" data-end=\"1404\">\u0130lk Deneyimler \u0130\u00e7in Uygun:<\/strong> \u00d6l\u00e7\u00fcleri sayesinde anal penetrasyona yeni ba\u015flayacaklar i\u00e7in en uygun modeldir.<\/p>\n<\/li>\n<li data-start=\"1487\" data-end=\"1590\">\n<p data-start=\"1489\" data-end=\"1590\"><strong data-start=\"1489\" data-end=\"1518\">Kolay Temizlik ve Hijyen:<\/strong> Cam yap\u0131s\u0131 bakterilerin tutunmas\u0131n\u0131 \u00f6nleyerek maksimum hijyen sa\u011flar.<\/p>\n<\/li>\n<\/ul>\n<hr data-start=\"1592\" data-end=\"1595\" \/>\n<h3 data-start=\"1597\" data-end=\"1631\">Sipari\u015f ve Teslimat Bilgileri:<\/h3>\n<ul data-start=\"1633\" data-end=\"2020\">\n<li data-start=\"1633\" data-end=\"1729\">\n<p data-start=\"1635\" data-end=\"1729\">Sipari\u015fleriniz gizli ve kapal\u0131 kolilerde, i\u00e7eri\u011fi belli olmayacak \u015fekilde \u00f6zenle paketlenir.<\/p>\n<\/li>\n<li data-start=\"1730\" data-end=\"1839\">\n<p data-start=\"1732\" data-end=\"1839\">\u00d6deme se\u00e7enekleri aras\u0131nda kap\u0131da nakit ya da kredi kart\u0131, banka havalesi ve taksit imkan\u0131 bulunmaktad\u0131r.<\/p>\n<\/li>\n<li data-start=\"1840\" data-end=\"1939\">\n<p data-start=\"1842\" data-end=\"1939\">\u0130sterseniz \u00fcr\u00fcn kap\u0131n\u0131za kadar teslim edilir, dilerseniz kargo \u015fubesinden teslim alabilirsiniz.<\/p>\n<\/li>\n<li data-start=\"1940\" data-end=\"2020\">\n<p data-start=\"1942\" data-end=\"2020\">T\u00fcm \u00fcr\u00fcnlerimiz firmam\u0131z garantisi alt\u0131nda, eksiksiz ve g\u00fcvenle teslim edilir.<\/p>\n<\/li>\n<\/ul>\n<hr data-start=\"2022\" data-end=\"2025\" \/>\n<p data-start=\"2061\" data-end=\"2236\">Cam anal t\u0131ka\u00e7, p\u00fcr\u00fczs\u00fcz anal plug, ilk anal deneyim, anal seks aksesuarlar\u0131, sa\u011fl\u0131kl\u0131 anal oyuncak, kolay temizlenen anal plug, sexshop anal \u00fcr\u00fcnleri, gizli kargo anal t\u0131ka\u00e7.<\/p>\n<hr data-start=\"2238\" data-end=\"2241\" \/>\n<h3 data-start=\"2243\" data-end=\"2253\">Sonu\u00e7:<\/h3>\n<p data-start=\"2255\" data-end=\"2667\"><strong data-start=\"2255\" data-end=\"2288\">10 cm P\u00fcr\u00fczs\u00fcz Cam Anal T\u0131ka\u00e7<\/strong>, yeni ba\u015flayanlar i\u00e7in ideal boyutlar\u0131, cam malzemenin sa\u011flad\u0131\u011f\u0131 hijyen ve p\u00fcr\u00fczs\u00fcz y\u00fczeyi ile anal ili\u015fkiyi g\u00fcvenli ve keyifli hale getirir. Sa\u011fl\u0131kl\u0131, dayan\u0131kl\u0131 ve estetik yap\u0131s\u0131 ile uzun s\u00fcreli kullan\u0131m imkan\u0131 sunan bu \u00fcr\u00fcn, anal deneyiminizi konforlu ve tatmin edici k\u0131lmak i\u00e7in tasarland\u0131. Hemen sipari\u015f verin, gizli paketleme ve kap\u0131da \u00f6deme avantaj\u0131yla kolayca sahip olun!<\/p>\n<p>&nbsp;<\/p>\n<p>&nbsp;<\/p>\n<p>&nbsp;<\/p>\n<p><a href=\"http:\/\/api.whatsapp.com\/send?phone=905304676616&amp;text=Sipari%C5%9F%20Vermek%20%C4%B0stiyorum%20haremshop%20GS11\"><img fetchpriority=\"high\" decoding=\"async\" class=\"alignnone\" src=\"https:\/\/static.ticimax.cloud\/32886\/uploads\/editoruploads\/whatsapp-destek-hatti.gif\" alt=\"\" width=\"750\" height=\"117\" \/><\/a><\/p>\n","protected":false},"excerpt":{"rendered":"<p>Anal seks deneyimini konforlu ve zevkli hale getirmek isteyenler i\u00e7in \u00f6zel olarak tasarlanm\u0131\u015f <strong data-start=\"286\" data-end=\"319\">10 cm P\u00fcr\u00fczs\u00fcz Cam Anal T\u0131ka\u00e7<\/strong>, y\u00fcksek kaliteli cam malzemeden \u00fcretilmi\u015ftir. P\u00fcr\u00fczs\u00fcz dokusu sayesinde anal b\u00f6lgedeki hissiyat\u0131 art\u0131rarak, rahat ve g\u00fcvenli bir kullan\u0131m sunar.<\/p>\n","protected":false},"featured_media":42459,"comment_status":"closed","ping_status":"closed","template":"","meta":[],"product_brand":[],"product_cat":[497],"product_tag":[],"class_list":{"0":"post-42457","1":"product","2":"type-product","3":"status-publish","4":"has-post-thumbnail","6":"product_cat-anal-fantezi-urunleri","8":"first","9":"instock","10":"purchasable","11":"product-type-simple"},"yoast_head":"<!-- This site is optimized with the Yoast SEO Premium plugin v24.4 (Yoast SEO v27.1.1) - https:\/\/yoast.com\/product\/yoast-seo-premium-wordpress\/ -->\n<title>10 Cm P\u00fcr\u00fczs\u00fcz Cam Anal T\u0131ka\u00e7 - Bursa Erotik Shop<\/title>\n<meta name=\"robots\" content=\"index, follow, max-snippet:-1, max-image-preview:large, max-video-preview:-1\" \/>\n<link rel=\"canonical\" href=\"https:\/\/hobierotikshop.com.tr\/website1\/erotik-shop-urun\/10-cm-puruzsuz-cam-anal-tikac\/\" \/>\n<meta property=\"og:locale\" content=\"tr_TR\" \/>\n<meta property=\"og:type\" content=\"article\" \/>\n<meta property=\"og:title\" content=\"10 Cm P\u00fcr\u00fczs\u00fcz Cam Anal T\u0131ka\u00e7\" \/>\n<meta property=\"og:description\" content=\"Anal seks deneyimini konforlu ve zevkli hale getirmek isteyenler i\u00e7in \u00f6zel olarak tasarlanm\u0131\u015f 10 cm P\u00fcr\u00fczs\u00fcz Cam Anal T\u0131ka\u00e7, y\u00fcksek kaliteli cam malzemeden \u00fcretilmi\u015ftir. P\u00fcr\u00fczs\u00fcz dokusu sayesinde anal b\u00f6lgedeki hissiyat\u0131 art\u0131rarak, rahat ve g\u00fcvenli bir kullan\u0131m sunar.\" \/>\n<meta property=\"og:url\" content=\"https:\/\/hobierotikshop.com.tr\/website1\/erotik-shop-urun\/10-cm-puruzsuz-cam-anal-tikac\/\" \/>\n<meta property=\"og:site_name\" content=\"Bursa Erotik Shop\" \/>\n<meta property=\"article:modified_time\" content=\"2026-01-22T09:29:58+00:00\" \/>\n<meta property=\"og:image\" content=\"https:\/\/hobierotikshop.com.tr\/website1\/wp-content\/uploads\/2025\/04\/10-cm-puruzsuz-cam-anal-tikac-e03-48.jpg\" \/>\n\t<meta property=\"og:image:width\" content=\"455\" \/>\n\t<meta property=\"og:image:height\" content=\"455\" \/>\n\t<meta property=\"og:image:type\" content=\"image\/jpeg\" \/>\n<meta name=\"twitter:card\" content=\"summary_large_image\" \/>\n<meta name=\"twitter:site\" content=\"@shopbursa\" \/>\n<meta name=\"twitter:label1\" content=\"Fiyat\" \/>\n\t<meta name=\"twitter:data1\" content=\"&#8378;2.000,00\" \/>\n\t<meta name=\"twitter:label2\" content=\"Availability\" \/>\n\t<meta name=\"twitter:data2\" content=\"In stock\" \/>\n<script type=\"application\/ld+json\" class=\"yoast-schema-graph\">{\"@context\":\"https:\/\/schema.org\",\"@graph\":[{\"@type\":\"WebPage\",\"@id\":\"https:\/\/hobierotikshop.com.tr\/website1\/erotik-shop-urun\/10-cm-puruzsuz-cam-anal-tikac\/\",\"url\":\"https:\/\/hobierotikshop.com.tr\/website1\/erotik-shop-urun\/10-cm-puruzsuz-cam-anal-tikac\/\",\"name\":\"10 Cm P\u00fcr\u00fczs\u00fcz Cam Anal T\u0131ka\u00e7 - Bursa Erotik Shop\",\"isPartOf\":{\"@id\":\"https:\/\/hobierotikshop.com.tr\/website1\/#website\"},\"primaryImageOfPage\":{\"@id\":\"https:\/\/hobierotikshop.com.tr\/website1\/erotik-shop-urun\/10-cm-puruzsuz-cam-anal-tikac\/#primaryimage\"},\"image\":{\"@id\":\"https:\/\/hobierotikshop.com.tr\/website1\/erotik-shop-urun\/10-cm-puruzsuz-cam-anal-tikac\/#primaryimage\"},\"thumbnailUrl\":\"https:\/\/haremerotikshop.com\/site\/wp-content\/uploads\/2025\/04\/10-cm-puruzsuz-cam-anal-tikac-e03-48.jpg\",\"datePublished\":\"2025-04-26T13:29:35+00:00\",\"dateModified\":\"2026-01-22T09:29:58+00:00\",\"breadcrumb\":{\"@id\":\"https:\/\/hobierotikshop.com.tr\/website1\/erotik-shop-urun\/10-cm-puruzsuz-cam-anal-tikac\/#breadcrumb\"},\"inLanguage\":\"tr\",\"potentialAction\":[{\"@type\":\"ReadAction\",\"target\":[\"https:\/\/hobierotikshop.com.tr\/website1\/erotik-shop-urun\/10-cm-puruzsuz-cam-anal-tikac\/\"]}]},{\"@type\":\"ImageObject\",\"inLanguage\":\"tr\",\"@id\":\"https:\/\/hobierotikshop.com.tr\/website1\/erotik-shop-urun\/10-cm-puruzsuz-cam-anal-tikac\/#primaryimage\",\"url\":\"https:\/\/haremerotikshop.com\/site\/wp-content\/uploads\/2025\/04\/10-cm-puruzsuz-cam-anal-tikac-e03-48.jpg\",\"contentUrl\":\"https:\/\/haremerotikshop.com\/site\/wp-content\/uploads\/2025\/04\/10-cm-puruzsuz-cam-anal-tikac-e03-48.jpg\",\"width\":455,\"height\":455},{\"@type\":\"BreadcrumbList\",\"@id\":\"https:\/\/hobierotikshop.com.tr\/website1\/erotik-shop-urun\/10-cm-puruzsuz-cam-anal-tikac\/#breadcrumb\",\"itemListElement\":[{\"@type\":\"ListItem\",\"position\":1,\"name\":\"Anasayfa\",\"item\":\"https:\/\/hobierotikshop.com.tr\/website1\/\"},{\"@type\":\"ListItem\",\"position\":2,\"name\":\"Erotik Shop \u00dcr\u00fcnleri\",\"item\":\"https:\/\/hobierotikshop.com.tr\/website1\/shop\/\"},{\"@type\":\"ListItem\",\"position\":3,\"name\":\"10 Cm P\u00fcr\u00fczs\u00fcz Cam Anal T\u0131ka\u00e7\"}]},{\"@type\":\"WebSite\",\"@id\":\"https:\/\/hobierotikshop.com.tr\/website1\/#website\",\"url\":\"https:\/\/hobierotikshop.com.tr\/website1\/\",\"name\":\"Bursa Erotik Shop\",\"description\":\"Bursa Erotik Shop ile g\u00fcvenli, gizli ve kaliteli yeti\u015fkin \u00fcr\u00fcnleri al\u0131\u015fveri\u015fi! Geni\u015f \u00fcr\u00fcn yelpazemizi ke\u015ffedin, hemen sipari\u015f verin\",\"publisher\":{\"@id\":\"https:\/\/hobierotikshop.com.tr\/website1\/#organization\"},\"alternateName\":\"Erotik Shop\",\"potentialAction\":[{\"@type\":\"SearchAction\",\"target\":{\"@type\":\"EntryPoint\",\"urlTemplate\":\"https:\/\/hobierotikshop.com.tr\/website1\/?s={search_term_string}\"},\"query-input\":{\"@type\":\"PropertyValueSpecification\",\"valueRequired\":true,\"valueName\":\"search_term_string\"}}],\"inLanguage\":\"tr\"},{\"@type\":\"Organization\",\"@id\":\"https:\/\/hobierotikshop.com.tr\/website1\/#organization\",\"name\":\"Harem Bursa Erotik Shop\",\"url\":\"https:\/\/hobierotikshop.com.tr\/website1\/\",\"logo\":{\"@type\":\"ImageObject\",\"inLanguage\":\"tr\",\"@id\":\"https:\/\/hobierotikshop.com.tr\/website1\/#\/schema\/logo\/image\/\",\"url\":\"https:\/\/haremerotikshop.com\/site\/wp-content\/uploads\/2025\/03\/haremsexshop.png\",\"contentUrl\":\"https:\/\/haremerotikshop.com\/site\/wp-content\/uploads\/2025\/03\/haremsexshop.png\",\"width\":400,\"height\":100,\"caption\":\"Harem Bursa Erotik Shop\"},\"image\":{\"@id\":\"https:\/\/hobierotikshop.com.tr\/website1\/#\/schema\/logo\/image\/\"},\"sameAs\":[\"https:\/\/x.com\/shopbursa\"],\"publishingPrinciples\":\"https:\/\/hobierotikshop.com.tr\/website1\/mesafeli-satis-sozlesmesi\/\",\"ownershipFundingInfo\":\"https:\/\/hobierotikshop.com.tr\/website1\/contact-us\/\",\"actionableFeedbackPolicy\":\"https:\/\/hobierotikshop.com.tr\/website1\/contact-us\/\",\"correctionsPolicy\":\"https:\/\/hobierotikshop.com.tr\/website1\/mesafeli-satis-sozlesmesi\/\"}]}<\/script>\n<meta property=\"product:price:amount\" content=\"2000.00\" \/>\n<meta property=\"product:price:currency\" content=\"TRY\" \/>\n<meta property=\"og:availability\" content=\"instock\" \/>\n<meta property=\"product:availability\" content=\"instock\" \/>\n<meta property=\"product:retailer_item_id\" content=\"GS11\" \/>\n<meta property=\"product:condition\" content=\"new\" \/>\n<!-- \/ Yoast SEO Premium plugin. -->","yoast_head_json":{"title":"10 Cm P\u00fcr\u00fczs\u00fcz Cam Anal T\u0131ka\u00e7 - Bursa Erotik Shop","robots":{"index":"index","follow":"follow","max-snippet":"max-snippet:-1","max-image-preview":"max-image-preview:large","max-video-preview":"max-video-preview:-1"},"canonical":"https:\/\/hobierotikshop.com.tr\/website1\/erotik-shop-urun\/10-cm-puruzsuz-cam-anal-tikac\/","og_locale":"tr_TR","og_type":"article","og_title":"10 Cm P\u00fcr\u00fczs\u00fcz Cam Anal T\u0131ka\u00e7","og_description":"Anal seks deneyimini konforlu ve zevkli hale getirmek isteyenler i\u00e7in \u00f6zel olarak tasarlanm\u0131\u015f 10 cm P\u00fcr\u00fczs\u00fcz Cam Anal T\u0131ka\u00e7, y\u00fcksek kaliteli cam malzemeden \u00fcretilmi\u015ftir. P\u00fcr\u00fczs\u00fcz dokusu sayesinde anal b\u00f6lgedeki hissiyat\u0131 art\u0131rarak, rahat ve g\u00fcvenli bir kullan\u0131m sunar.","og_url":"https:\/\/hobierotikshop.com.tr\/website1\/erotik-shop-urun\/10-cm-puruzsuz-cam-anal-tikac\/","og_site_name":"Bursa Erotik Shop","article_modified_time":"2026-01-22T09:29:58+00:00","og_image":[{"width":455,"height":455,"url":"https:\/\/hobierotikshop.com.tr\/website1\/wp-content\/uploads\/2025\/04\/10-cm-puruzsuz-cam-anal-tikac-e03-48.jpg","type":"image\/jpeg"}],"twitter_card":"summary_large_image","twitter_site":"@shopbursa","twitter_misc":{"Fiyat":"&#8378;2.000,00","Availability":"In stock"},"schema":{"@context":"https:\/\/schema.org","@graph":[{"@type":"WebPage","@id":"https:\/\/hobierotikshop.com.tr\/website1\/erotik-shop-urun\/10-cm-puruzsuz-cam-anal-tikac\/","url":"https:\/\/hobierotikshop.com.tr\/website1\/erotik-shop-urun\/10-cm-puruzsuz-cam-anal-tikac\/","name":"10 Cm P\u00fcr\u00fczs\u00fcz Cam Anal T\u0131ka\u00e7 - Bursa Erotik Shop","isPartOf":{"@id":"https:\/\/hobierotikshop.com.tr\/website1\/#website"},"primaryImageOfPage":{"@id":"https:\/\/hobierotikshop.com.tr\/website1\/erotik-shop-urun\/10-cm-puruzsuz-cam-anal-tikac\/#primaryimage"},"image":{"@id":"https:\/\/hobierotikshop.com.tr\/website1\/erotik-shop-urun\/10-cm-puruzsuz-cam-anal-tikac\/#primaryimage"},"thumbnailUrl":"https:\/\/haremerotikshop.com\/site\/wp-content\/uploads\/2025\/04\/10-cm-puruzsuz-cam-anal-tikac-e03-48.jpg","datePublished":"2025-04-26T13:29:35+00:00","dateModified":"2026-01-22T09:29:58+00:00","breadcrumb":{"@id":"https:\/\/hobierotikshop.com.tr\/website1\/erotik-shop-urun\/10-cm-puruzsuz-cam-anal-tikac\/#breadcrumb"},"inLanguage":"tr","potentialAction":[{"@type":"ReadAction","target":["https:\/\/hobierotikshop.com.tr\/website1\/erotik-shop-urun\/10-cm-puruzsuz-cam-anal-tikac\/"]}]},{"@type":"ImageObject","inLanguage":"tr","@id":"https:\/\/hobierotikshop.com.tr\/website1\/erotik-shop-urun\/10-cm-puruzsuz-cam-anal-tikac\/#primaryimage","url":"https:\/\/haremerotikshop.com\/site\/wp-content\/uploads\/2025\/04\/10-cm-puruzsuz-cam-anal-tikac-e03-48.jpg","contentUrl":"https:\/\/haremerotikshop.com\/site\/wp-content\/uploads\/2025\/04\/10-cm-puruzsuz-cam-anal-tikac-e03-48.jpg","width":455,"height":455},{"@type":"BreadcrumbList","@id":"https:\/\/hobierotikshop.com.tr\/website1\/erotik-shop-urun\/10-cm-puruzsuz-cam-anal-tikac\/#breadcrumb","itemListElement":[{"@type":"ListItem","position":1,"name":"Anasayfa","item":"https:\/\/hobierotikshop.com.tr\/website1\/"},{"@type":"ListItem","position":2,"name":"Erotik Shop \u00dcr\u00fcnleri","item":"https:\/\/hobierotikshop.com.tr\/website1\/shop\/"},{"@type":"ListItem","position":3,"name":"10 Cm P\u00fcr\u00fczs\u00fcz Cam Anal T\u0131ka\u00e7"}]},{"@type":"WebSite","@id":"https:\/\/hobierotikshop.com.tr\/website1\/#website","url":"https:\/\/hobierotikshop.com.tr\/website1\/","name":"Bursa Erotik Shop","description":"Bursa Erotik Shop ile g\u00fcvenli, gizli ve kaliteli yeti\u015fkin \u00fcr\u00fcnleri al\u0131\u015fveri\u015fi! Geni\u015f \u00fcr\u00fcn yelpazemizi ke\u015ffedin, hemen sipari\u015f verin","publisher":{"@id":"https:\/\/hobierotikshop.com.tr\/website1\/#organization"},"alternateName":"Erotik Shop","potentialAction":[{"@type":"SearchAction","target":{"@type":"EntryPoint","urlTemplate":"https:\/\/hobierotikshop.com.tr\/website1\/?s={search_term_string}"},"query-input":{"@type":"PropertyValueSpecification","valueRequired":true,"valueName":"search_term_string"}}],"inLanguage":"tr"},{"@type":"Organization","@id":"https:\/\/hobierotikshop.com.tr\/website1\/#organization","name":"Harem Bursa Erotik Shop","url":"https:\/\/hobierotikshop.com.tr\/website1\/","logo":{"@type":"ImageObject","inLanguage":"tr","@id":"https:\/\/hobierotikshop.com.tr\/website1\/#\/schema\/logo\/image\/","url":"https:\/\/haremerotikshop.com\/site\/wp-content\/uploads\/2025\/03\/haremsexshop.png","contentUrl":"https:\/\/haremerotikshop.com\/site\/wp-content\/uploads\/2025\/03\/haremsexshop.png","width":400,"height":100,"caption":"Harem Bursa Erotik Shop"},"image":{"@id":"https:\/\/hobierotikshop.com.tr\/website1\/#\/schema\/logo\/image\/"},"sameAs":["https:\/\/x.com\/shopbursa"],"publishingPrinciples":"https:\/\/hobierotikshop.com.tr\/website1\/mesafeli-satis-sozlesmesi\/","ownershipFundingInfo":"https:\/\/hobierotikshop.com.tr\/website1\/contact-us\/","actionableFeedbackPolicy":"https:\/\/hobierotikshop.com.tr\/website1\/contact-us\/","correctionsPolicy":"https:\/\/hobierotikshop.com.tr\/website1\/mesafeli-satis-sozlesmesi\/"}]},"product_price_amount":"2000.00","product_price_currency":"TRY","og_availability":"instock","product_availability":"instock","product_retailer_item_id":"GS11","product_condition":"new"},"_links":{"self":[{"href":"https:\/\/haremerotikshop.com\/site\/wp-json\/wp\/v2\/product\/42457","targetHints":{"allow":["GET"]}}],"collection":[{"href":"https:\/\/haremerotikshop.com\/site\/wp-json\/wp\/v2\/product"}],"about":[{"href":"https:\/\/haremerotikshop.com\/site\/wp-json\/wp\/v2\/types\/product"}],"replies":[{"embeddable":true,"href":"https:\/\/haremerotikshop.com\/site\/wp-json\/wp\/v2\/comments?post=42457"}],"version-history":[{"count":0,"href":"https:\/\/haremerotikshop.com\/site\/wp-json\/wp\/v2\/product\/42457\/revisions"}],"wp:featuredmedia":[{"embeddable":true,"href":"https:\/\/haremerotikshop.com\/site\/wp-json\/wp\/v2\/media\/42459"}],"wp:attachment":[{"href":"https:\/\/haremerotikshop.com\/site\/wp-json\/wp\/v2\/media?parent=42457"}],"wp:term":[{"taxonomy":"product_brand","embeddable":true,"href":"https:\/\/haremerotikshop.com\/site\/wp-json\/wp\/v2\/product_brand?post=42457"},{"taxonomy":"product_cat","embeddable":true,"href":"https:\/\/haremerotikshop.com\/site\/wp-json\/wp\/v2\/product_cat?post=42457"},{"taxonomy":"product_tag","embeddable":true,"href":"https:\/\/haremerotikshop.com\/site\/wp-json\/wp\/v2\/product_tag?post=42457"}],"curies":[{"name":"wp","href":"https:\/\/api.w.org\/{rel}","templated":true}]}}