{"id":42545,"date":"2025-04-26T16:30:29","date_gmt":"2025-04-26T13:30:29","guid":{"rendered":"https:\/\/haremerotikshop.com\/site\/erotik-shop-urun\/erotik-pozisyon-anahtarligi\/"},"modified":"2026-01-22T12:27:26","modified_gmt":"2026-01-22T09:27:26","slug":"erotik-pozisyon-anahtarligi","status":"publish","type":"product","link":"https:\/\/haremerotikshop.com\/site\/erotik-shop-urun\/erotik-pozisyon-anahtarligi\/","title":{"rendered":"Erotik Pozisyon Anahtarl\u0131\u011f\u0131"},"content":{"rendered":"<h2 data-start=\"105\" data-end=\"181\"><strong data-start=\"108\" data-end=\"181\">Erotik Pozisyon Anahtarl\u0131\u011f\u0131 \u2013 Sevgilinize \u00d6zel, \u015e\u0131k ve Anlaml\u0131 Hediye<\/strong><\/h2>\n<p data-start=\"183\" data-end=\"443\">Partnerinizle aran\u0131zdaki tutkuyu ve e\u011flenceyi k\u00fc\u00e7\u00fck ama etkileyici bir detayla yans\u0131tmak ister misiniz? <strong data-start=\"287\" data-end=\"357\">\u00c7inko ala\u015f\u0131m\u0131ndan \u00fcretilen bu kaliteli Erotik Pozisyon Anahtarl\u0131\u011f\u0131<\/strong>, hem \u015f\u0131k tasar\u0131m\u0131 hem de anlam dolu yap\u0131s\u0131yla sizi ve sevdi\u011finizi \u00f6zel hissettirecek.<\/p>\n<h3 data-start=\"445\" data-end=\"473\">\ud83d\udd11 <strong data-start=\"452\" data-end=\"473\">\u00dcr\u00fcn \u00d6zellikleri:<\/strong><\/h3>\n<ul data-start=\"475\" data-end=\"864\">\n<li data-start=\"475\" data-end=\"524\">\n<p data-start=\"477\" data-end=\"524\"><strong data-start=\"477\" data-end=\"489\">Malzeme:<\/strong> Dayan\u0131kl\u0131 ve hafif \u00e7inko ala\u015f\u0131m\u0131<\/p>\n<\/li>\n<li data-start=\"525\" data-end=\"597\">\n<p data-start=\"527\" data-end=\"597\"><strong data-start=\"527\" data-end=\"540\">Boyutlar:<\/strong> 38,3 x 25,5 mm \u2013 rahat ta\u015f\u0131nabilir, kullan\u0131\u015fl\u0131 boyutta<\/p>\n<\/li>\n<li data-start=\"598\" data-end=\"671\">\n<p data-start=\"600\" data-end=\"671\"><strong data-start=\"600\" data-end=\"612\">A\u011f\u0131rl\u0131k:<\/strong> Sadece 16 gram, cebinizde veya \u00e7antan\u0131zda a\u011f\u0131rl\u0131k yapmaz<\/p>\n<\/li>\n<li data-start=\"672\" data-end=\"765\">\n<p data-start=\"674\" data-end=\"765\"><strong data-start=\"674\" data-end=\"686\">Tasar\u0131m:<\/strong> Erotik pozisyonlar\u0131 3 boyutlu ve detayl\u0131 \u015fekilde yans\u0131tan benzersiz fig\u00fcrler<\/p>\n<\/li>\n<li data-start=\"766\" data-end=\"864\">\n<p data-start=\"768\" data-end=\"864\"><strong data-start=\"768\" data-end=\"787\">Kullan\u0131m Alan\u0131:<\/strong> Anahtarl\u0131k olarak kullan\u0131labilir veya \u00f6zel koleksiyonunuzun par\u00e7as\u0131 olabilir<\/p>\n<\/li>\n<\/ul>\n<hr data-start=\"866\" data-end=\"869\" \/>\n<h3 data-start=\"871\" data-end=\"932\">\ud83c\udf81 <strong data-start=\"878\" data-end=\"932\">Neden Erotik Pozisyon Anahtarl\u0131\u011f\u0131 Tercih Edilmeli?<\/strong><\/h3>\n<ul data-start=\"934\" data-end=\"1277\">\n<li data-start=\"934\" data-end=\"1017\">\n<p data-start=\"936\" data-end=\"1017\">Partnerinize s\u0131radan olmayan, anlaml\u0131 ve e\u011flenceli bir hediye vermek i\u00e7in ideal<\/p>\n<\/li>\n<li data-start=\"1018\" data-end=\"1086\">\n<p data-start=\"1020\" data-end=\"1086\">G\u00fcnl\u00fck kullan\u0131mda romantizmi ve tutkuyu hat\u0131rlatan \u00f6zel aksesuar<\/p>\n<\/li>\n<li data-start=\"1087\" data-end=\"1144\">\n<p data-start=\"1089\" data-end=\"1144\">Kaliteli malzemesi sayesinde uzun \u00f6m\u00fcrl\u00fc ve dayan\u0131kl\u0131<\/p>\n<\/li>\n<li data-start=\"1145\" data-end=\"1202\">\n<p data-start=\"1147\" data-end=\"1202\">Minimal boyutu ile her yerde rahatl\u0131kla ta\u015f\u0131ma imk\u00e2n\u0131<\/p>\n<\/li>\n<li data-start=\"1203\" data-end=\"1277\">\n<p data-start=\"1205\" data-end=\"1277\">\u0130li\u015fkinize renk katacak, sohbet ve e\u011flenceyi art\u0131racak e\u011flenceli tasar\u0131m<\/p>\n<\/li>\n<\/ul>\n<hr data-start=\"1279\" data-end=\"1282\" \/>\n<h3 data-start=\"1284\" data-end=\"1325\">\ud83d\udce6 <strong data-start=\"1291\" data-end=\"1325\">Sipari\u015f ve G\u00f6nderim Bilgileri:<\/strong><\/h3>\n<ul data-start=\"1327\" data-end=\"1584\">\n<li data-start=\"1327\" data-end=\"1437\">\n<p data-start=\"1329\" data-end=\"1437\">Sipari\u015fleriniz, i\u00e7eri\u011fi kesinlikle belli olmayacak \u015fekilde <strong data-start=\"1388\" data-end=\"1417\">gizli ve kapal\u0131 kolilerde<\/strong> \u00f6zenle paketlenir<\/p>\n<\/li>\n<li data-start=\"1438\" data-end=\"1519\">\n<p data-start=\"1440\" data-end=\"1519\">Kargo paketi \u00fczerinde \u00fcr\u00fcn ad\u0131 veya detaylar\u0131 yer almaz, gizlili\u011finiz korunur<\/p>\n<\/li>\n<li data-start=\"1520\" data-end=\"1584\">\n<p data-start=\"1522\" data-end=\"1584\">T\u00fcrkiye\u2019nin her noktas\u0131na h\u0131zl\u0131 ve g\u00fcvenilir teslimat imkan\u0131<\/p>\n<\/li>\n<\/ul>\n<hr data-start=\"1586\" data-end=\"1589\" \/>\n<h3 data-start=\"1591\" data-end=\"1620\">\ud83d\udcb3 <strong data-start=\"1598\" data-end=\"1620\">\u00d6deme Se\u00e7enekleri:<\/strong><\/h3>\n<ul data-start=\"1622\" data-end=\"1837\">\n<li data-start=\"1622\" data-end=\"1692\">\n<p data-start=\"1624\" data-end=\"1692\">Kap\u0131da \u00f6deme avantaj\u0131 ile nakit veya kredi kart\u0131 kullanabilirsiniz<\/p>\n<\/li>\n<li data-start=\"1693\" data-end=\"1727\">\n<p data-start=\"1695\" data-end=\"1727\">Taksitli \u00f6deme se\u00e7ene\u011fi mevcut<\/p>\n<\/li>\n<li data-start=\"1728\" data-end=\"1782\">\n<p data-start=\"1730\" data-end=\"1782\">Banka havalesi ile de g\u00fcvenle \u00f6deme yapabilirsiniz<\/p>\n<\/li>\n<li data-start=\"1783\" data-end=\"1837\">\n<p data-start=\"1785\" data-end=\"1837\">%100 g\u00fcvenli al\u0131\u015fveri\u015f sistemi ile g\u00f6n\u00fcl rahatl\u0131\u011f\u0131<\/p>\n<\/li>\n<\/ul>\n<hr data-start=\"1839\" data-end=\"1842\" \/>\n<h3 data-start=\"1844\" data-end=\"1864\">\ud83d\ude9a <strong data-start=\"1851\" data-end=\"1864\">Teslimat:<\/strong><\/h3>\n<ul data-start=\"1866\" data-end=\"2066\">\n<li data-start=\"1866\" data-end=\"1982\">\n<p data-start=\"1868\" data-end=\"1982\">\u0130sterseniz sipari\u015finizi kap\u0131n\u0131za kadar getirelim, isterseniz size en yak\u0131n kargo \u015fubesinden teslim alabilirsiniz<\/p>\n<\/li>\n<li data-start=\"1983\" data-end=\"2066\">\n<p data-start=\"1985\" data-end=\"2066\">Sipari\u015fleriniz firmam\u0131z garantisi alt\u0131nda, tam ve eksiksiz olarak teslim edilir<\/p>\n<\/li>\n<\/ul>\n<hr data-start=\"2068\" data-end=\"2071\" \/>\n<h3 data-start=\"2073\" data-end=\"2115\">\ud83d\udee1\ufe0f <strong data-start=\"2081\" data-end=\"2115\">M\u00fc\u015fteri Memnuniyeti Garantisi:<\/strong><\/h3>\n<ul data-start=\"2117\" data-end=\"2235\">\n<li data-start=\"2117\" data-end=\"2144\">\n<p data-start=\"2119\" data-end=\"2144\">Orijinal \u00fcr\u00fcn garantisi<\/p>\n<\/li>\n<li data-start=\"2145\" data-end=\"2163\">\n<p data-start=\"2147\" data-end=\"2163\">H\u0131zl\u0131 g\u00f6nderim<\/p>\n<\/li>\n<li data-start=\"2164\" data-end=\"2192\">\n<p data-start=\"2166\" data-end=\"2192\">Gizli paketleme ve kargo<\/p>\n<\/li>\n<li data-start=\"2193\" data-end=\"2235\">\n<p data-start=\"2195\" data-end=\"2235\">%100 m\u00fc\u015fteri memnuniyeti odakl\u0131 hizmet<\/p>\n<\/li>\n<\/ul>\n<hr data-start=\"2237\" data-end=\"2240\" \/>\n<p data-start=\"2277\" data-end=\"2481\">Erotik pozisyon anahtarl\u0131\u011f\u0131, erotik hediye, sevgiliye hediye, \u00e7inko ala\u015f\u0131ml\u0131 anahtarl\u0131k, erotik aksesuar, 3D pozisyon anahtarl\u0131\u011f\u0131, romantik anahtarl\u0131k, gizli paketli erotik \u00fcr\u00fcn, kaliteli erotik hediyeler<\/p>\n<hr data-start=\"2483\" data-end=\"2486\" \/>\n<h3 data-start=\"2488\" data-end=\"2506\">\ud83d\udddd\ufe0f <strong data-start=\"2496\" data-end=\"2506\">Sonu\u00e7:<\/strong><\/h3>\n<p data-start=\"2508\" data-end=\"2755\">Sevginizi ve tutkunuzu e\u011flenceli ve anlaml\u0131 bir dokunu\u015fla g\u00f6stermek istiyorsan\u0131z, <strong data-start=\"2590\" data-end=\"2621\">Erotik Pozisyon Anahtarl\u0131\u011f\u0131<\/strong> tam size g\u00f6re! Hem kullan\u0131\u015fl\u0131 hem de \u00f6zel tasar\u0131m\u0131yla ili\u015fkilerinize renk katacak bu anahtarl\u0131k, sevgilinizi \u015fa\u015f\u0131rtman\u0131n en \u015f\u0131k yolu.<\/p>\n<p data-start=\"2757\" data-end=\"2848\"><strong data-start=\"2757\" data-end=\"2848\">\u015eimdi sipari\u015f verin, gizli kargo ve g\u00fcvenli \u00f6deme avantajlar\u0131yla kap\u0131n\u0131za kadar gelsin!<\/strong><\/p>\n<p>&nbsp;<\/p>\n<p>&nbsp;<\/p>\n<p>&nbsp;<\/p>\n<p><a href=\"http:\/\/api.whatsapp.com\/send?phone=905304676616&amp;text=Sipari%C5%9F%20Vermek%20%C4%B0stiyorum%20haremshop%20BDM1143\"><img fetchpriority=\"high\" decoding=\"async\" class=\"alignnone\" src=\"https:\/\/static.ticimax.cloud\/32886\/uploads\/editoruploads\/whatsapp-destek-hatti.gif\" alt=\"\" width=\"750\" height=\"117\" \/><\/a><\/p>\n","protected":false},"excerpt":{"rendered":"<p>Partnerinizle aran\u0131zdaki tutkuyu ve e\u011flenceyi k\u00fc\u00e7\u00fck ama etkileyici bir detayla yans\u0131tmak ister misiniz? <strong data-start=\"287\" data-end=\"357\">\u00c7inko ala\u015f\u0131m\u0131ndan \u00fcretilen bu kaliteli Erotik Pozisyon Anahtarl\u0131\u011f\u0131<\/strong>, hem \u015f\u0131k tasar\u0131m\u0131 hem de anlam dolu yap\u0131s\u0131yla sizi ve sevdi\u011finizi \u00f6zel hissettirecek.<\/p>\n","protected":false},"featured_media":42547,"comment_status":"closed","ping_status":"closed","template":"","meta":[],"product_brand":[],"product_cat":[499],"product_tag":[],"class_list":{"0":"post-42545","1":"product","2":"type-product","3":"status-publish","4":"has-post-thumbnail","6":"product_cat-fetish-fantezi-urunleri","8":"first","9":"instock","10":"purchasable","11":"product-type-simple"},"yoast_head":"<!-- This site is optimized with the Yoast SEO Premium plugin v24.4 (Yoast SEO v27.1.1) - https:\/\/yoast.com\/product\/yoast-seo-premium-wordpress\/ -->\n<title>Erotik Pozisyon Anahtarl\u0131\u011f\u0131 - Bursa Erotik Shop<\/title>\n<meta name=\"robots\" content=\"index, follow, max-snippet:-1, max-image-preview:large, max-video-preview:-1\" \/>\n<link rel=\"canonical\" href=\"https:\/\/hobierotikshop.com.tr\/website1\/erotik-shop-urun\/erotik-pozisyon-anahtarligi\/\" \/>\n<meta property=\"og:locale\" content=\"tr_TR\" \/>\n<meta property=\"og:type\" content=\"article\" \/>\n<meta property=\"og:title\" content=\"Erotik Pozisyon Anahtarl\u0131\u011f\u0131\" \/>\n<meta property=\"og:description\" content=\"Partnerinizle aran\u0131zdaki tutkuyu ve e\u011flenceyi k\u00fc\u00e7\u00fck ama etkileyici bir detayla yans\u0131tmak ister misiniz? \u00c7inko ala\u015f\u0131m\u0131ndan \u00fcretilen bu kaliteli Erotik Pozisyon Anahtarl\u0131\u011f\u0131, hem \u015f\u0131k tasar\u0131m\u0131 hem de anlam dolu yap\u0131s\u0131yla sizi ve sevdi\u011finizi \u00f6zel hissettirecek.\" \/>\n<meta property=\"og:url\" content=\"https:\/\/hobierotikshop.com.tr\/website1\/erotik-shop-urun\/erotik-pozisyon-anahtarligi\/\" \/>\n<meta property=\"og:site_name\" content=\"Bursa Erotik Shop\" \/>\n<meta property=\"article:modified_time\" content=\"2026-01-22T09:27:26+00:00\" \/>\n<meta property=\"og:image\" content=\"https:\/\/hobierotikshop.com.tr\/website1\/wp-content\/uploads\/2025\/04\/erotik-pozisyon-anahtarligi-8d5-c1.jpg\" \/>\n\t<meta property=\"og:image:width\" content=\"455\" \/>\n\t<meta property=\"og:image:height\" content=\"455\" \/>\n\t<meta property=\"og:image:type\" content=\"image\/jpeg\" \/>\n<meta name=\"twitter:card\" content=\"summary_large_image\" \/>\n<meta name=\"twitter:site\" content=\"@shopbursa\" \/>\n<meta name=\"twitter:label1\" content=\"Fiyat\" \/>\n\t<meta name=\"twitter:data1\" content=\"&#8378;500,00\" \/>\n\t<meta name=\"twitter:label2\" content=\"Availability\" \/>\n\t<meta name=\"twitter:data2\" content=\"In stock\" \/>\n<script type=\"application\/ld+json\" class=\"yoast-schema-graph\">{\"@context\":\"https:\/\/schema.org\",\"@graph\":[{\"@type\":\"WebPage\",\"@id\":\"https:\/\/hobierotikshop.com.tr\/website1\/erotik-shop-urun\/erotik-pozisyon-anahtarligi\/\",\"url\":\"https:\/\/hobierotikshop.com.tr\/website1\/erotik-shop-urun\/erotik-pozisyon-anahtarligi\/\",\"name\":\"Erotik Pozisyon Anahtarl\u0131\u011f\u0131 - Bursa Erotik Shop\",\"isPartOf\":{\"@id\":\"https:\/\/hobierotikshop.com.tr\/website1\/#website\"},\"primaryImageOfPage\":{\"@id\":\"https:\/\/hobierotikshop.com.tr\/website1\/erotik-shop-urun\/erotik-pozisyon-anahtarligi\/#primaryimage\"},\"image\":{\"@id\":\"https:\/\/hobierotikshop.com.tr\/website1\/erotik-shop-urun\/erotik-pozisyon-anahtarligi\/#primaryimage\"},\"thumbnailUrl\":\"https:\/\/haremerotikshop.com\/site\/wp-content\/uploads\/2025\/04\/erotik-pozisyon-anahtarligi-8d5-c1.jpg\",\"datePublished\":\"2025-04-26T13:30:29+00:00\",\"dateModified\":\"2026-01-22T09:27:26+00:00\",\"breadcrumb\":{\"@id\":\"https:\/\/hobierotikshop.com.tr\/website1\/erotik-shop-urun\/erotik-pozisyon-anahtarligi\/#breadcrumb\"},\"inLanguage\":\"tr\",\"potentialAction\":[{\"@type\":\"ReadAction\",\"target\":[\"https:\/\/hobierotikshop.com.tr\/website1\/erotik-shop-urun\/erotik-pozisyon-anahtarligi\/\"]}]},{\"@type\":\"ImageObject\",\"inLanguage\":\"tr\",\"@id\":\"https:\/\/hobierotikshop.com.tr\/website1\/erotik-shop-urun\/erotik-pozisyon-anahtarligi\/#primaryimage\",\"url\":\"https:\/\/haremerotikshop.com\/site\/wp-content\/uploads\/2025\/04\/erotik-pozisyon-anahtarligi-8d5-c1.jpg\",\"contentUrl\":\"https:\/\/haremerotikshop.com\/site\/wp-content\/uploads\/2025\/04\/erotik-pozisyon-anahtarligi-8d5-c1.jpg\",\"width\":455,\"height\":455},{\"@type\":\"BreadcrumbList\",\"@id\":\"https:\/\/hobierotikshop.com.tr\/website1\/erotik-shop-urun\/erotik-pozisyon-anahtarligi\/#breadcrumb\",\"itemListElement\":[{\"@type\":\"ListItem\",\"position\":1,\"name\":\"Anasayfa\",\"item\":\"https:\/\/hobierotikshop.com.tr\/website1\/\"},{\"@type\":\"ListItem\",\"position\":2,\"name\":\"Erotik Shop \u00dcr\u00fcnleri\",\"item\":\"https:\/\/hobierotikshop.com.tr\/website1\/shop\/\"},{\"@type\":\"ListItem\",\"position\":3,\"name\":\"Erotik Pozisyon Anahtarl\u0131\u011f\u0131\"}]},{\"@type\":\"WebSite\",\"@id\":\"https:\/\/hobierotikshop.com.tr\/website1\/#website\",\"url\":\"https:\/\/hobierotikshop.com.tr\/website1\/\",\"name\":\"Bursa Erotik Shop\",\"description\":\"Bursa Erotik Shop ile g\u00fcvenli, gizli ve kaliteli yeti\u015fkin \u00fcr\u00fcnleri al\u0131\u015fveri\u015fi! Geni\u015f \u00fcr\u00fcn yelpazemizi ke\u015ffedin, hemen sipari\u015f verin\",\"publisher\":{\"@id\":\"https:\/\/hobierotikshop.com.tr\/website1\/#organization\"},\"alternateName\":\"Erotik Shop\",\"potentialAction\":[{\"@type\":\"SearchAction\",\"target\":{\"@type\":\"EntryPoint\",\"urlTemplate\":\"https:\/\/hobierotikshop.com.tr\/website1\/?s={search_term_string}\"},\"query-input\":{\"@type\":\"PropertyValueSpecification\",\"valueRequired\":true,\"valueName\":\"search_term_string\"}}],\"inLanguage\":\"tr\"},{\"@type\":\"Organization\",\"@id\":\"https:\/\/hobierotikshop.com.tr\/website1\/#organization\",\"name\":\"Harem Bursa Erotik Shop\",\"url\":\"https:\/\/hobierotikshop.com.tr\/website1\/\",\"logo\":{\"@type\":\"ImageObject\",\"inLanguage\":\"tr\",\"@id\":\"https:\/\/hobierotikshop.com.tr\/website1\/#\/schema\/logo\/image\/\",\"url\":\"https:\/\/haremerotikshop.com\/wp-content\/uploads\/2025\/03\/haremsexshop.png\",\"contentUrl\":\"https:\/\/haremerotikshop.com\/wp-content\/uploads\/2025\/03\/haremsexshop.png\",\"width\":400,\"height\":100,\"caption\":\"Harem Bursa Erotik Shop\"},\"image\":{\"@id\":\"https:\/\/hobierotikshop.com.tr\/website1\/#\/schema\/logo\/image\/\"},\"sameAs\":[\"https:\/\/x.com\/shopbursa\"],\"publishingPrinciples\":\"https:\/\/hobierotikshop.com.tr\/website1\/mesafeli-satis-sozlesmesi\/\",\"ownershipFundingInfo\":\"https:\/\/hobierotikshop.com.tr\/website1\/contact-us\/\",\"actionableFeedbackPolicy\":\"https:\/\/hobierotikshop.com.tr\/website1\/contact-us\/\",\"correctionsPolicy\":\"https:\/\/hobierotikshop.com.tr\/website1\/mesafeli-satis-sozlesmesi\/\"}]}<\/script>\n<meta property=\"product:price:amount\" content=\"500.00\" \/>\n<meta property=\"product:price:currency\" content=\"TRY\" \/>\n<meta property=\"og:availability\" content=\"instock\" \/>\n<meta property=\"product:availability\" content=\"instock\" \/>\n<meta property=\"product:retailer_item_id\" content=\"BDM1143\" \/>\n<meta property=\"product:condition\" content=\"new\" \/>\n<!-- \/ Yoast SEO Premium plugin. -->","yoast_head_json":{"title":"Erotik Pozisyon Anahtarl\u0131\u011f\u0131 - Bursa Erotik Shop","robots":{"index":"index","follow":"follow","max-snippet":"max-snippet:-1","max-image-preview":"max-image-preview:large","max-video-preview":"max-video-preview:-1"},"canonical":"https:\/\/hobierotikshop.com.tr\/website1\/erotik-shop-urun\/erotik-pozisyon-anahtarligi\/","og_locale":"tr_TR","og_type":"article","og_title":"Erotik Pozisyon Anahtarl\u0131\u011f\u0131","og_description":"Partnerinizle aran\u0131zdaki tutkuyu ve e\u011flenceyi k\u00fc\u00e7\u00fck ama etkileyici bir detayla yans\u0131tmak ister misiniz? \u00c7inko ala\u015f\u0131m\u0131ndan \u00fcretilen bu kaliteli Erotik Pozisyon Anahtarl\u0131\u011f\u0131, hem \u015f\u0131k tasar\u0131m\u0131 hem de anlam dolu yap\u0131s\u0131yla sizi ve sevdi\u011finizi \u00f6zel hissettirecek.","og_url":"https:\/\/hobierotikshop.com.tr\/website1\/erotik-shop-urun\/erotik-pozisyon-anahtarligi\/","og_site_name":"Bursa Erotik Shop","article_modified_time":"2026-01-22T09:27:26+00:00","og_image":[{"width":455,"height":455,"url":"https:\/\/hobierotikshop.com.tr\/website1\/wp-content\/uploads\/2025\/04\/erotik-pozisyon-anahtarligi-8d5-c1.jpg","type":"image\/jpeg"}],"twitter_card":"summary_large_image","twitter_site":"@shopbursa","twitter_misc":{"Fiyat":"&#8378;500,00","Availability":"In stock"},"schema":{"@context":"https:\/\/schema.org","@graph":[{"@type":"WebPage","@id":"https:\/\/hobierotikshop.com.tr\/website1\/erotik-shop-urun\/erotik-pozisyon-anahtarligi\/","url":"https:\/\/hobierotikshop.com.tr\/website1\/erotik-shop-urun\/erotik-pozisyon-anahtarligi\/","name":"Erotik Pozisyon Anahtarl\u0131\u011f\u0131 - Bursa Erotik Shop","isPartOf":{"@id":"https:\/\/hobierotikshop.com.tr\/website1\/#website"},"primaryImageOfPage":{"@id":"https:\/\/hobierotikshop.com.tr\/website1\/erotik-shop-urun\/erotik-pozisyon-anahtarligi\/#primaryimage"},"image":{"@id":"https:\/\/hobierotikshop.com.tr\/website1\/erotik-shop-urun\/erotik-pozisyon-anahtarligi\/#primaryimage"},"thumbnailUrl":"https:\/\/haremerotikshop.com\/site\/wp-content\/uploads\/2025\/04\/erotik-pozisyon-anahtarligi-8d5-c1.jpg","datePublished":"2025-04-26T13:30:29+00:00","dateModified":"2026-01-22T09:27:26+00:00","breadcrumb":{"@id":"https:\/\/hobierotikshop.com.tr\/website1\/erotik-shop-urun\/erotik-pozisyon-anahtarligi\/#breadcrumb"},"inLanguage":"tr","potentialAction":[{"@type":"ReadAction","target":["https:\/\/hobierotikshop.com.tr\/website1\/erotik-shop-urun\/erotik-pozisyon-anahtarligi\/"]}]},{"@type":"ImageObject","inLanguage":"tr","@id":"https:\/\/hobierotikshop.com.tr\/website1\/erotik-shop-urun\/erotik-pozisyon-anahtarligi\/#primaryimage","url":"https:\/\/haremerotikshop.com\/site\/wp-content\/uploads\/2025\/04\/erotik-pozisyon-anahtarligi-8d5-c1.jpg","contentUrl":"https:\/\/haremerotikshop.com\/site\/wp-content\/uploads\/2025\/04\/erotik-pozisyon-anahtarligi-8d5-c1.jpg","width":455,"height":455},{"@type":"BreadcrumbList","@id":"https:\/\/hobierotikshop.com.tr\/website1\/erotik-shop-urun\/erotik-pozisyon-anahtarligi\/#breadcrumb","itemListElement":[{"@type":"ListItem","position":1,"name":"Anasayfa","item":"https:\/\/hobierotikshop.com.tr\/website1\/"},{"@type":"ListItem","position":2,"name":"Erotik Shop \u00dcr\u00fcnleri","item":"https:\/\/hobierotikshop.com.tr\/website1\/shop\/"},{"@type":"ListItem","position":3,"name":"Erotik Pozisyon Anahtarl\u0131\u011f\u0131"}]},{"@type":"WebSite","@id":"https:\/\/hobierotikshop.com.tr\/website1\/#website","url":"https:\/\/hobierotikshop.com.tr\/website1\/","name":"Bursa Erotik Shop","description":"Bursa Erotik Shop ile g\u00fcvenli, gizli ve kaliteli yeti\u015fkin \u00fcr\u00fcnleri al\u0131\u015fveri\u015fi! Geni\u015f \u00fcr\u00fcn yelpazemizi ke\u015ffedin, hemen sipari\u015f verin","publisher":{"@id":"https:\/\/hobierotikshop.com.tr\/website1\/#organization"},"alternateName":"Erotik Shop","potentialAction":[{"@type":"SearchAction","target":{"@type":"EntryPoint","urlTemplate":"https:\/\/hobierotikshop.com.tr\/website1\/?s={search_term_string}"},"query-input":{"@type":"PropertyValueSpecification","valueRequired":true,"valueName":"search_term_string"}}],"inLanguage":"tr"},{"@type":"Organization","@id":"https:\/\/hobierotikshop.com.tr\/website1\/#organization","name":"Harem Bursa Erotik Shop","url":"https:\/\/hobierotikshop.com.tr\/website1\/","logo":{"@type":"ImageObject","inLanguage":"tr","@id":"https:\/\/hobierotikshop.com.tr\/website1\/#\/schema\/logo\/image\/","url":"https:\/\/haremerotikshop.com\/wp-content\/uploads\/2025\/03\/haremsexshop.png","contentUrl":"https:\/\/haremerotikshop.com\/wp-content\/uploads\/2025\/03\/haremsexshop.png","width":400,"height":100,"caption":"Harem Bursa Erotik Shop"},"image":{"@id":"https:\/\/hobierotikshop.com.tr\/website1\/#\/schema\/logo\/image\/"},"sameAs":["https:\/\/x.com\/shopbursa"],"publishingPrinciples":"https:\/\/hobierotikshop.com.tr\/website1\/mesafeli-satis-sozlesmesi\/","ownershipFundingInfo":"https:\/\/hobierotikshop.com.tr\/website1\/contact-us\/","actionableFeedbackPolicy":"https:\/\/hobierotikshop.com.tr\/website1\/contact-us\/","correctionsPolicy":"https:\/\/hobierotikshop.com.tr\/website1\/mesafeli-satis-sozlesmesi\/"}]},"product_price_amount":"500.00","product_price_currency":"TRY","og_availability":"instock","product_availability":"instock","product_retailer_item_id":"BDM1143","product_condition":"new"},"_links":{"self":[{"href":"https:\/\/haremerotikshop.com\/site\/wp-json\/wp\/v2\/product\/42545","targetHints":{"allow":["GET"]}}],"collection":[{"href":"https:\/\/haremerotikshop.com\/site\/wp-json\/wp\/v2\/product"}],"about":[{"href":"https:\/\/haremerotikshop.com\/site\/wp-json\/wp\/v2\/types\/product"}],"replies":[{"embeddable":true,"href":"https:\/\/haremerotikshop.com\/site\/wp-json\/wp\/v2\/comments?post=42545"}],"version-history":[{"count":0,"href":"https:\/\/haremerotikshop.com\/site\/wp-json\/wp\/v2\/product\/42545\/revisions"}],"wp:featuredmedia":[{"embeddable":true,"href":"https:\/\/haremerotikshop.com\/site\/wp-json\/wp\/v2\/media\/42547"}],"wp:attachment":[{"href":"https:\/\/haremerotikshop.com\/site\/wp-json\/wp\/v2\/media?parent=42545"}],"wp:term":[{"taxonomy":"product_brand","embeddable":true,"href":"https:\/\/haremerotikshop.com\/site\/wp-json\/wp\/v2\/product_brand?post=42545"},{"taxonomy":"product_cat","embeddable":true,"href":"https:\/\/haremerotikshop.com\/site\/wp-json\/wp\/v2\/product_cat?post=42545"},{"taxonomy":"product_tag","embeddable":true,"href":"https:\/\/haremerotikshop.com\/site\/wp-json\/wp\/v2\/product_tag?post=42545"}],"curies":[{"name":"wp","href":"https:\/\/api.w.org\/{rel}","templated":true}]}}