{"id":42921,"date":"2025-04-26T16:35:41","date_gmt":"2025-04-26T13:35:41","guid":{"rendered":"https:\/\/haremerotikshop.com\/site\/erotik-shop-urun\/7-titresim-ayarli-super-vakum-gogus-pompasi-crazy-beauty\/"},"modified":"2026-01-17T14:04:24","modified_gmt":"2026-01-17T11:04:24","slug":"7-titresim-ayarli-super-vakum-gogus-pompasi-crazy-beauty","status":"publish","type":"product","link":"https:\/\/haremerotikshop.com\/site\/erotik-shop-urun\/7-titresim-ayarli-super-vakum-gogus-pompasi-crazy-beauty\/","title":{"rendered":"7 Titre\u015fim Ayarl\u0131 S\u00fcper Vakum G\u00f6\u011f\u00fcs Pompas\u0131 &#8211; Crazy Beauty"},"content":{"rendered":"<p><span id=\"cke_bm_812C\">\u00a0<\/span><\/p>\n<h3 data-start=\"93\" data-end=\"214\"><strong data-start=\"97\" data-end=\"214\">7 Titre\u015fim Ayarl\u0131 S\u00fcper Vakum G\u00f6\u011f\u00fcs Pompas\u0131 &#8211; Crazy Beauty | G\u00f6\u011f\u00fcs Esteti\u011finde Yeni Nesil Uyar\u0131m ve \u015eekillendirme<\/strong><\/h3>\n<p data-start=\"216\" data-end=\"528\"><strong data-start=\"216\" data-end=\"280\">Crazy Beauty 7 Titre\u015fim Kademeli S\u00fcper Vakumlu G\u00f6\u011f\u00fcs Pompas\u0131<\/strong>, hem estetik hem de haz odakl\u0131 kullan\u0131m sunan yenilik\u00e7i bir \u00fcr\u00fcnd\u00fcr. G\u00f6\u011f\u00fcslerin dolgunla\u015fmas\u0131n\u0131, uyar\u0131lmas\u0131n\u0131 ve form kazanmas\u0131n\u0131 destekleyen bu vakum pompas\u0131; y\u00fcksek emi\u015f g\u00fcc\u00fc, g\u00fc\u00e7l\u00fc titre\u015fim \u00f6zelli\u011fi ve kullan\u0131c\u0131 dostu tasar\u0131m\u0131 ile fark yarat\u0131r.<\/p>\n<hr data-start=\"530\" data-end=\"533\" \/>\n<h3 data-start=\"535\" data-end=\"600\">\ud83d\udc97 <strong data-start=\"542\" data-end=\"600\">G\u00f6\u011f\u00fcs Esteti\u011fi ve Cinsel Uyar\u0131m Tek Bir \u00dcr\u00fcnde Bulu\u015ftu<\/strong><\/h3>\n<p data-start=\"602\" data-end=\"778\">Kad\u0131nlar i\u00e7in hem estetik destekleyici hem de erotik uyar\u0131c\u0131 etki sunan bu g\u00f6\u011f\u00fcs pompas\u0131, <strong data-start=\"692\" data-end=\"715\">\u00e7ift vakumlu yap\u0131s\u0131<\/strong> ve <strong data-start=\"719\" data-end=\"745\">7 farkl\u0131 titre\u015fim modu<\/strong> ile \u00e7ok y\u00f6nl\u00fc bir deneyim sunar.<\/p>\n<h4 data-start=\"780\" data-end=\"806\">\u00d6ne \u00c7\u0131kan \u00d6zellikler:<\/h4>\n<p data-start=\"807\" data-end=\"1458\">\u2705 <strong data-start=\"809\" data-end=\"829\">7 Titre\u015fim Ayar\u0131<\/strong>: Ruh halinize ya da ihtiya\u00e7 duydu\u011funuz hisse g\u00f6re de\u011fi\u015ftirilebilen 7 farkl\u0131 titre\u015fim modu sayesinde ki\u015fiselle\u015ftirilmi\u015f uyar\u0131m sa\u011flar.<br data-start=\"963\" data-end=\"966\" \/>\u2705 <strong data-start=\"968\" data-end=\"990\">\u00c7ift Tarafl\u0131 Vakum<\/strong>: Her iki g\u00f6\u011f\u00fcs i\u00e7in ayr\u0131 ayr\u0131 uygulanan g\u00fc\u00e7l\u00fc emi\u015f etkisi ile daha dolgun, dik ve hassas bir g\u00f6\u011f\u00fcs formu olu\u015fmas\u0131na destek olur.<br data-start=\"1119\" data-end=\"1122\" \/>\u2705 <strong data-start=\"1124\" data-end=\"1149\">Y\u00fcksek Kalite Malzeme<\/strong>: V\u00fccuda dost <strong data-start=\"1163\" data-end=\"1190\">y\u00fcksek kaliteli silikon<\/strong> malzeme kullan\u0131lm\u0131\u015ft\u0131r. Ciltte tahri\u015f yapmaz, yumu\u015fak ve konforludur.<br data-start=\"1260\" data-end=\"1263\" \/>\u2705 <strong data-start=\"1265\" data-end=\"1283\">Kolay Kullan\u0131m<\/strong>: Hafif ve ergonomik yap\u0131s\u0131 sayesinde her kullan\u0131c\u0131 rahatl\u0131kla uygulayabilir.<br data-start=\"1360\" data-end=\"1363\" \/>\u2705 <strong data-start=\"1365\" data-end=\"1387\">Hijyenik ve Pratik<\/strong>: Kullan\u0131m sonras\u0131 kolayca temizlenebilir ve tekrar kullan\u0131ma uygundur.<\/p>\n<hr data-start=\"1460\" data-end=\"1463\" \/>\n<h3 data-start=\"1465\" data-end=\"1509\">\ud83d\udccf <strong data-start=\"1472\" data-end=\"1509\">\u00dcr\u00fcn \u00d6l\u00e7\u00fcleri ve Teknik Detaylar:<\/strong><\/h3>\n<ul data-start=\"1511\" data-end=\"1651\">\n<li data-start=\"1511\" data-end=\"1546\">\n<p data-start=\"1513\" data-end=\"1546\"><strong data-start=\"1513\" data-end=\"1536\">G\u00f6\u011f\u00fcs Kup Geni\u015fli\u011fi<\/strong>: 4,5 cm<\/p>\n<\/li>\n<li data-start=\"1547\" data-end=\"1572\">\n<p data-start=\"1549\" data-end=\"1572\"><strong data-start=\"1549\" data-end=\"1560\">A\u011f\u0131rl\u0131k<\/strong>: 103 gram<\/p>\n<\/li>\n<li data-start=\"1573\" data-end=\"1651\">\n<p data-start=\"1575\" data-end=\"1651\"><strong data-start=\"1575\" data-end=\"1592\">\u00c7al\u0131\u015fma \u015eekli<\/strong>: 3 adet AAA pil ile \u00e7al\u0131\u015f\u0131r (piller pakete dahil de\u011fildir)<\/p>\n<\/li>\n<\/ul>\n<p data-start=\"1653\" data-end=\"1744\">Bu \u00f6l\u00e7\u00fcler, hem pratik kullan\u0131m hem de etkili performans i\u00e7in \u00f6zel olarak geli\u015ftirilmi\u015ftir.<\/p>\n<hr data-start=\"1746\" data-end=\"1749\" \/>\n<h3 data-start=\"1751\" data-end=\"1792\">\ud83e\uddf4 <strong data-start=\"1758\" data-end=\"1792\">Kullan\u0131m ve Temizlik \u00d6nerileri<\/strong><\/h3>\n<ul data-start=\"1794\" data-end=\"2038\">\n<li data-start=\"1794\" data-end=\"1889\">\n<p data-start=\"1796\" data-end=\"1889\">Uygulamadan \u00f6nce cilde uygun bir <strong data-start=\"1829\" data-end=\"1846\">kayd\u0131r\u0131c\u0131 jel<\/strong> kullan\u0131lmas\u0131 vakum etkisini art\u0131rabilir.<\/p>\n<\/li>\n<li data-start=\"1890\" data-end=\"1960\">\n<p data-start=\"1892\" data-end=\"1960\">Her kullan\u0131m sonras\u0131 <strong data-start=\"1913\" data-end=\"1948\">\u0131l\u0131k su ve sabunla temizlenmesi<\/strong> \u00f6nerilir.<\/p>\n<\/li>\n<li data-start=\"1961\" data-end=\"2038\">\n<p data-start=\"1963\" data-end=\"2038\">Alkol, kolonya veya kimyasal i\u00e7erikli temizlik \u00fcr\u00fcnlerinden ka\u00e7\u0131n\u0131lmal\u0131d\u0131r.<\/p>\n<\/li>\n<\/ul>\n<hr data-start=\"2040\" data-end=\"2043\" \/>\n<h3 data-start=\"2045\" data-end=\"2082\">\ud83d\udce6 <strong data-start=\"2052\" data-end=\"2082\">Gizli ve G\u00fcvenli Paketleme<\/strong><\/h3>\n<p data-start=\"2084\" data-end=\"2267\">Sipari\u015fleriniz <strong data-start=\"2099\" data-end=\"2149\">anonim, i\u00e7eri\u011fi belli olmayan kapal\u0131 kolilerde<\/strong> g\u00f6nderilir. \u00dcr\u00fcn ismi, i\u00e7eri\u011fi veya t\u00fcr\u00fc d\u0131\u015f ambalajda <strong data-start=\"2205\" data-end=\"2230\">kesinlikle yer almaz.<\/strong> Gizlili\u011finiz en \u00fcst d\u00fczeyde korunur.<\/p>\n<hr data-start=\"2269\" data-end=\"2272\" \/>\n<h3 data-start=\"2274\" data-end=\"2308\">\ud83d\udcb3 <strong data-start=\"2281\" data-end=\"2308\">Esnek \u00d6deme Se\u00e7enekleri<\/strong><\/h3>\n<ul data-start=\"2310\" data-end=\"2503\">\n<li data-start=\"2310\" data-end=\"2353\">\n<p data-start=\"2312\" data-end=\"2353\">Kap\u0131da nakit veya kredi kart\u0131 ile \u00f6deme<\/p>\n<\/li>\n<li data-start=\"2354\" data-end=\"2394\">\n<p data-start=\"2356\" data-end=\"2394\">Tek \u00e7ekim veya taksitli \u00f6deme imk\u00e2n\u0131<\/p>\n<\/li>\n<li data-start=\"2395\" data-end=\"2435\">\n<p data-start=\"2397\" data-end=\"2435\">Banka havalesi ile g\u00fcvenli al\u0131\u015fveri\u015f<\/p>\n<\/li>\n<li data-start=\"2436\" data-end=\"2503\">\n<p data-start=\"2438\" data-end=\"2503\">\u00dcr\u00fcn\u00fc ister kap\u0131n\u0131zda, ister kargo \u015fubesinde teslim alabilirsiniz<\/p>\n<\/li>\n<\/ul>\n<p data-start=\"2505\" data-end=\"2596\">T\u00fcm sipari\u015fleriniz <strong data-start=\"2524\" data-end=\"2551\">firma g\u00fcvencesi alt\u0131nda<\/strong>, h\u0131zl\u0131 ve eksiksiz \u015fekilde size ula\u015ft\u0131r\u0131l\u0131r.<\/p>\n<hr data-start=\"2598\" data-end=\"2601\" \/>\n<h3 data-start=\"2603\" data-end=\"2647\">\ud83c\udfaf <strong data-start=\"2610\" data-end=\"2647\">Neden Crazy Beauty G\u00f6\u011f\u00fcs Pompas\u0131?<\/strong><\/h3>\n<p data-start=\"2649\" data-end=\"2900\">\ud83d\udd39 Estetik g\u00f6r\u00fcn\u00fcm i\u00e7in ideal vakum g\u00fcc\u00fc<br data-start=\"2689\" data-end=\"2692\" \/>\ud83d\udd39 Titre\u015fimle artan cinsel uyar\u0131m ve hassasiyet<br data-start=\"2739\" data-end=\"2742\" \/>\ud83d\udd39 Kolay kullan\u0131m, y\u00fcksek hijyen<br data-start=\"2774\" data-end=\"2777\" \/>\ud83d\udd39 Hafif, ta\u015f\u0131nabilir ve ergonomik tasar\u0131m<br data-start=\"2819\" data-end=\"2822\" \/>\ud83d\udd39 K\u0131sa s\u00fcrede g\u00f6zle g\u00f6r\u00fcl\u00fcr etki<br data-start=\"2855\" data-end=\"2858\" \/>\ud83d\udd39 Gizli kargo, g\u00fcvenli al\u0131\u015fveri\u015f deneyimi<\/p>\n<hr data-start=\"2902\" data-end=\"2905\" \/>\n<h3 data-start=\"2907\" data-end=\"2965\">\ud83d\udecd\ufe0f <strong data-start=\"2915\" data-end=\"2965\">G\u00f6\u011f\u00fcs Formunuzu ve Zevkinizi Yeniden Ke\u015ffedin!<\/strong><\/h3>\n<p data-start=\"2967\" data-end=\"3223\">\u0130ster estetik ama\u00e7l\u0131, ister erotik uyar\u0131m i\u00e7in kullan\u0131n&#8230;<br data-start=\"3025\" data-end=\"3028\" \/><strong data-start=\"3028\" data-end=\"3082\">7 Titre\u015fim Ayarl\u0131 Crazy Beauty G\u00f6\u011f\u00fcs Vakum Pompas\u0131<\/strong>, kendinizi daha \u00e7ekici ve \u00f6zg\u00fcvenli hissetmenizi sa\u011flar. Cildinizle uyumlu yap\u0131s\u0131, g\u00fc\u00e7l\u00fc performans\u0131 ve konforlu kullan\u0131m\u0131yla sizi bekliyor.<\/p>\n<p data-start=\"3225\" data-end=\"3293\">\ud83d\udc49 <strong data-start=\"3228\" data-end=\"3293\">\u015eimdi sipari\u015f verin, fark\u0131 ilk kullan\u0131mdan itibaren hissedin!<\/strong><\/p>\n<p>&nbsp;<\/p>\n<p><a href=\"http:\/\/api.whatsapp.com\/send?phone=905304676616&amp;text=Sipari%C5%9F%20Vermek%20%C4%B0stiyorum%20haremshop%20BDM1235\"><img fetchpriority=\"high\" decoding=\"async\" class=\"alignnone\" src=\"https:\/\/static.ticimax.cloud\/32886\/uploads\/editoruploads\/whatsapp-destek-hatti.gif\" alt=\"\" width=\"750\" height=\"117\" \/><\/a><\/p>\n<p>&nbsp;<\/p>\n","protected":false},"excerpt":{"rendered":"<p><strong data-start=\"216\" data-end=\"280\">Crazy Beauty 7 Titre\u015fim Kademeli S\u00fcper Vakumlu G\u00f6\u011f\u00fcs Pompas\u0131<\/strong>, hem estetik hem de haz odakl\u0131 kullan\u0131m sunan yenilik\u00e7i bir \u00fcr\u00fcnd\u00fcr. G\u00f6\u011f\u00fcslerin dolgunla\u015fmas\u0131n\u0131, uyar\u0131lmas\u0131n\u0131 ve form kazanmas\u0131n\u0131 destekleyen bu vakum pompas\u0131; y\u00fcksek emi\u015f g\u00fcc\u00fc, g\u00fc\u00e7l\u00fc titre\u015fim \u00f6zelli\u011fi ve kullan\u0131c\u0131 dostu tasar\u0131m\u0131 ile fark yarat\u0131r.<\/p>\n","protected":false},"featured_media":42923,"comment_status":"closed","ping_status":"closed","template":"","meta":[],"product_brand":[],"product_cat":[507],"product_tag":[],"class_list":{"0":"post-42921","1":"product","2":"type-product","3":"status-publish","4":"has-post-thumbnail","6":"product_cat-gogus-ve-vajina-bakim-urunleri","8":"first","9":"outofstock","10":"purchasable","11":"product-type-simple"},"yoast_head":"<!-- This site is optimized with the Yoast SEO Premium plugin v24.4 (Yoast SEO v27.1.1) - https:\/\/yoast.com\/product\/yoast-seo-premium-wordpress\/ -->\n<title>7 Titre\u015fim Ayarl\u0131 S\u00fcper Vakum G\u00f6\u011f\u00fcs Pompas\u0131 - Crazy Beauty - Bursa Erotik Shop<\/title>\n<meta name=\"robots\" content=\"index, follow, max-snippet:-1, max-image-preview:large, max-video-preview:-1\" \/>\n<link rel=\"canonical\" href=\"https:\/\/hobierotikshop.com.tr\/website1\/erotik-shop-urun\/7-titresim-ayarli-super-vakum-gogus-pompasi-crazy-beauty\/\" \/>\n<meta property=\"og:locale\" content=\"tr_TR\" \/>\n<meta property=\"og:type\" content=\"article\" \/>\n<meta property=\"og:title\" content=\"7 Titre\u015fim Ayarl\u0131 S\u00fcper Vakum G\u00f6\u011f\u00fcs Pompas\u0131 - Crazy Beauty\" \/>\n<meta property=\"og:description\" content=\"Crazy Beauty 7 Titre\u015fim Kademeli S\u00fcper Vakumlu G\u00f6\u011f\u00fcs Pompas\u0131, hem estetik hem de haz odakl\u0131 kullan\u0131m sunan yenilik\u00e7i bir \u00fcr\u00fcnd\u00fcr. G\u00f6\u011f\u00fcslerin dolgunla\u015fmas\u0131n\u0131, uyar\u0131lmas\u0131n\u0131 ve form kazanmas\u0131n\u0131 destekleyen bu vakum pompas\u0131; y\u00fcksek emi\u015f g\u00fcc\u00fc, g\u00fc\u00e7l\u00fc titre\u015fim \u00f6zelli\u011fi ve kullan\u0131c\u0131 dostu tasar\u0131m\u0131 ile fark yarat\u0131r.\" \/>\n<meta property=\"og:url\" content=\"https:\/\/hobierotikshop.com.tr\/website1\/erotik-shop-urun\/7-titresim-ayarli-super-vakum-gogus-pompasi-crazy-beauty\/\" \/>\n<meta property=\"og:site_name\" content=\"Bursa Erotik Shop\" \/>\n<meta property=\"article:modified_time\" content=\"2026-01-17T11:04:24+00:00\" \/>\n<meta property=\"og:image\" content=\"https:\/\/hobierotikshop.com.tr\/website1\/wp-content\/uploads\/2025\/04\/7-titresim-ayarli-super-vakum-gogus-po-a11-74.jpg\" \/>\n\t<meta property=\"og:image:width\" content=\"455\" \/>\n\t<meta property=\"og:image:height\" content=\"455\" \/>\n\t<meta property=\"og:image:type\" content=\"image\/jpeg\" \/>\n<meta name=\"twitter:card\" content=\"summary_large_image\" \/>\n<meta name=\"twitter:site\" content=\"@shopbursa\" \/>\n<meta name=\"twitter:label1\" content=\"Fiyat\" \/>\n\t<meta name=\"twitter:data1\" content=\"&#8378;2.840,00\" \/>\n\t<meta name=\"twitter:label2\" content=\"Availability\" \/>\n\t<meta name=\"twitter:data2\" content=\"Out of stock\" \/>\n<script type=\"application\/ld+json\" class=\"yoast-schema-graph\">{\"@context\":\"https:\/\/schema.org\",\"@graph\":[{\"@type\":\"WebPage\",\"@id\":\"https:\/\/hobierotikshop.com.tr\/website1\/erotik-shop-urun\/7-titresim-ayarli-super-vakum-gogus-pompasi-crazy-beauty\/\",\"url\":\"https:\/\/hobierotikshop.com.tr\/website1\/erotik-shop-urun\/7-titresim-ayarli-super-vakum-gogus-pompasi-crazy-beauty\/\",\"name\":\"7 Titre\u015fim Ayarl\u0131 S\u00fcper Vakum G\u00f6\u011f\u00fcs Pompas\u0131 - Crazy Beauty - Bursa Erotik Shop\",\"isPartOf\":{\"@id\":\"https:\/\/bursashop.com\/web\/#website\"},\"primaryImageOfPage\":{\"@id\":\"https:\/\/hobierotikshop.com.tr\/website1\/erotik-shop-urun\/7-titresim-ayarli-super-vakum-gogus-pompasi-crazy-beauty\/#primaryimage\"},\"image\":{\"@id\":\"https:\/\/hobierotikshop.com.tr\/website1\/erotik-shop-urun\/7-titresim-ayarli-super-vakum-gogus-pompasi-crazy-beauty\/#primaryimage\"},\"thumbnailUrl\":\"https:\/\/haremerotikshop.com\/site\/wp-content\/uploads\/2025\/04\/7-titresim-ayarli-super-vakum-gogus-po-a11-74.jpg\",\"datePublished\":\"2025-04-26T13:35:41+00:00\",\"dateModified\":\"2026-01-17T11:04:24+00:00\",\"breadcrumb\":{\"@id\":\"https:\/\/hobierotikshop.com.tr\/website1\/erotik-shop-urun\/7-titresim-ayarli-super-vakum-gogus-pompasi-crazy-beauty\/#breadcrumb\"},\"inLanguage\":\"tr\",\"potentialAction\":[{\"@type\":\"ReadAction\",\"target\":[\"https:\/\/hobierotikshop.com.tr\/website1\/erotik-shop-urun\/7-titresim-ayarli-super-vakum-gogus-pompasi-crazy-beauty\/\"]}]},{\"@type\":\"ImageObject\",\"inLanguage\":\"tr\",\"@id\":\"https:\/\/hobierotikshop.com.tr\/website1\/erotik-shop-urun\/7-titresim-ayarli-super-vakum-gogus-pompasi-crazy-beauty\/#primaryimage\",\"url\":\"https:\/\/haremerotikshop.com\/site\/wp-content\/uploads\/2025\/04\/7-titresim-ayarli-super-vakum-gogus-po-a11-74.jpg\",\"contentUrl\":\"https:\/\/haremerotikshop.com\/site\/wp-content\/uploads\/2025\/04\/7-titresim-ayarli-super-vakum-gogus-po-a11-74.jpg\",\"width\":455,\"height\":455},{\"@type\":\"BreadcrumbList\",\"@id\":\"https:\/\/hobierotikshop.com.tr\/website1\/erotik-shop-urun\/7-titresim-ayarli-super-vakum-gogus-pompasi-crazy-beauty\/#breadcrumb\",\"itemListElement\":[{\"@type\":\"ListItem\",\"position\":1,\"name\":\"Anasayfa\",\"item\":\"https:\/\/hobierotikshop.com.tr\/website1\/\"},{\"@type\":\"ListItem\",\"position\":2,\"name\":\"Erotik Shop \u00dcr\u00fcnleri\",\"item\":\"https:\/\/hobierotikshop.com.tr\/website1\/shop\/\"},{\"@type\":\"ListItem\",\"position\":3,\"name\":\"7 Titre\u015fim Ayarl\u0131 S\u00fcper Vakum G\u00f6\u011f\u00fcs Pompas\u0131 &#8211; Crazy Beauty\"}]},{\"@type\":\"WebSite\",\"@id\":\"https:\/\/bursashop.com\/web\/#website\",\"url\":\"https:\/\/bursashop.com\/web\/\",\"name\":\"Bursa Erotik Shop\",\"description\":\"Bursa Erotik Shop ile g\u00fcvenli, gizli ve kaliteli yeti\u015fkin \u00fcr\u00fcnleri al\u0131\u015fveri\u015fi! Geni\u015f \u00fcr\u00fcn yelpazemizi ke\u015ffedin, hemen sipari\u015f verin\",\"publisher\":{\"@id\":\"https:\/\/bursashop.com\/web\/#organization\"},\"alternateName\":\"Erotik Shop\",\"potentialAction\":[{\"@type\":\"SearchAction\",\"target\":{\"@type\":\"EntryPoint\",\"urlTemplate\":\"https:\/\/bursashop.com\/web\/?s={search_term_string}\"},\"query-input\":{\"@type\":\"PropertyValueSpecification\",\"valueRequired\":true,\"valueName\":\"search_term_string\"}}],\"inLanguage\":\"tr\"},{\"@type\":\"Organization\",\"@id\":\"https:\/\/bursashop.com\/web\/#organization\",\"name\":\"Harem Bursa Erotik Shop\",\"url\":\"https:\/\/bursashop.com\/web\/\",\"logo\":{\"@type\":\"ImageObject\",\"inLanguage\":\"tr\",\"@id\":\"https:\/\/bursashop.com\/web\/#\/schema\/logo\/image\/\",\"url\":\"https:\/\/haremerotikshop.com\/wp-content\/uploads\/2025\/03\/haremsexshop.png\",\"contentUrl\":\"https:\/\/haremerotikshop.com\/wp-content\/uploads\/2025\/03\/haremsexshop.png\",\"width\":400,\"height\":100,\"caption\":\"Harem Bursa Erotik Shop\"},\"image\":{\"@id\":\"https:\/\/bursashop.com\/web\/#\/schema\/logo\/image\/\"},\"sameAs\":[\"https:\/\/x.com\/shopbursa\"],\"publishingPrinciples\":\"https:\/\/hobierotikshop.com.tr\/website1\/mesafeli-satis-sozlesmesi\/\",\"ownershipFundingInfo\":\"https:\/\/hobierotikshop.com.tr\/website1\/contact-us\/\",\"actionableFeedbackPolicy\":\"https:\/\/hobierotikshop.com.tr\/website1\/contact-us\/\",\"correctionsPolicy\":\"https:\/\/hobierotikshop.com.tr\/website1\/mesafeli-satis-sozlesmesi\/\"}]}<\/script>\n<meta property=\"product:price:amount\" content=\"2840.00\" \/>\n<meta property=\"product:price:currency\" content=\"TRY\" \/>\n<meta property=\"og:availability\" content=\"out of stock\" \/>\n<meta property=\"product:availability\" content=\"out of stock\" \/>\n<meta property=\"product:retailer_item_id\" content=\"BDM1235\" \/>\n<meta property=\"product:condition\" content=\"new\" \/>\n<!-- \/ Yoast SEO Premium plugin. -->","yoast_head_json":{"title":"7 Titre\u015fim Ayarl\u0131 S\u00fcper Vakum G\u00f6\u011f\u00fcs Pompas\u0131 - Crazy Beauty - Bursa Erotik Shop","robots":{"index":"index","follow":"follow","max-snippet":"max-snippet:-1","max-image-preview":"max-image-preview:large","max-video-preview":"max-video-preview:-1"},"canonical":"https:\/\/hobierotikshop.com.tr\/website1\/erotik-shop-urun\/7-titresim-ayarli-super-vakum-gogus-pompasi-crazy-beauty\/","og_locale":"tr_TR","og_type":"article","og_title":"7 Titre\u015fim Ayarl\u0131 S\u00fcper Vakum G\u00f6\u011f\u00fcs Pompas\u0131 - Crazy Beauty","og_description":"Crazy Beauty 7 Titre\u015fim Kademeli S\u00fcper Vakumlu G\u00f6\u011f\u00fcs Pompas\u0131, hem estetik hem de haz odakl\u0131 kullan\u0131m sunan yenilik\u00e7i bir \u00fcr\u00fcnd\u00fcr. G\u00f6\u011f\u00fcslerin dolgunla\u015fmas\u0131n\u0131, uyar\u0131lmas\u0131n\u0131 ve form kazanmas\u0131n\u0131 destekleyen bu vakum pompas\u0131; y\u00fcksek emi\u015f g\u00fcc\u00fc, g\u00fc\u00e7l\u00fc titre\u015fim \u00f6zelli\u011fi ve kullan\u0131c\u0131 dostu tasar\u0131m\u0131 ile fark yarat\u0131r.","og_url":"https:\/\/hobierotikshop.com.tr\/website1\/erotik-shop-urun\/7-titresim-ayarli-super-vakum-gogus-pompasi-crazy-beauty\/","og_site_name":"Bursa Erotik Shop","article_modified_time":"2026-01-17T11:04:24+00:00","og_image":[{"width":455,"height":455,"url":"https:\/\/hobierotikshop.com.tr\/website1\/wp-content\/uploads\/2025\/04\/7-titresim-ayarli-super-vakum-gogus-po-a11-74.jpg","type":"image\/jpeg"}],"twitter_card":"summary_large_image","twitter_site":"@shopbursa","twitter_misc":{"Fiyat":"&#8378;2.840,00","Availability":"Out of stock"},"schema":{"@context":"https:\/\/schema.org","@graph":[{"@type":"WebPage","@id":"https:\/\/hobierotikshop.com.tr\/website1\/erotik-shop-urun\/7-titresim-ayarli-super-vakum-gogus-pompasi-crazy-beauty\/","url":"https:\/\/hobierotikshop.com.tr\/website1\/erotik-shop-urun\/7-titresim-ayarli-super-vakum-gogus-pompasi-crazy-beauty\/","name":"7 Titre\u015fim Ayarl\u0131 S\u00fcper Vakum G\u00f6\u011f\u00fcs Pompas\u0131 - Crazy Beauty - Bursa Erotik Shop","isPartOf":{"@id":"https:\/\/bursashop.com\/web\/#website"},"primaryImageOfPage":{"@id":"https:\/\/hobierotikshop.com.tr\/website1\/erotik-shop-urun\/7-titresim-ayarli-super-vakum-gogus-pompasi-crazy-beauty\/#primaryimage"},"image":{"@id":"https:\/\/hobierotikshop.com.tr\/website1\/erotik-shop-urun\/7-titresim-ayarli-super-vakum-gogus-pompasi-crazy-beauty\/#primaryimage"},"thumbnailUrl":"https:\/\/haremerotikshop.com\/site\/wp-content\/uploads\/2025\/04\/7-titresim-ayarli-super-vakum-gogus-po-a11-74.jpg","datePublished":"2025-04-26T13:35:41+00:00","dateModified":"2026-01-17T11:04:24+00:00","breadcrumb":{"@id":"https:\/\/hobierotikshop.com.tr\/website1\/erotik-shop-urun\/7-titresim-ayarli-super-vakum-gogus-pompasi-crazy-beauty\/#breadcrumb"},"inLanguage":"tr","potentialAction":[{"@type":"ReadAction","target":["https:\/\/hobierotikshop.com.tr\/website1\/erotik-shop-urun\/7-titresim-ayarli-super-vakum-gogus-pompasi-crazy-beauty\/"]}]},{"@type":"ImageObject","inLanguage":"tr","@id":"https:\/\/hobierotikshop.com.tr\/website1\/erotik-shop-urun\/7-titresim-ayarli-super-vakum-gogus-pompasi-crazy-beauty\/#primaryimage","url":"https:\/\/haremerotikshop.com\/site\/wp-content\/uploads\/2025\/04\/7-titresim-ayarli-super-vakum-gogus-po-a11-74.jpg","contentUrl":"https:\/\/haremerotikshop.com\/site\/wp-content\/uploads\/2025\/04\/7-titresim-ayarli-super-vakum-gogus-po-a11-74.jpg","width":455,"height":455},{"@type":"BreadcrumbList","@id":"https:\/\/hobierotikshop.com.tr\/website1\/erotik-shop-urun\/7-titresim-ayarli-super-vakum-gogus-pompasi-crazy-beauty\/#breadcrumb","itemListElement":[{"@type":"ListItem","position":1,"name":"Anasayfa","item":"https:\/\/hobierotikshop.com.tr\/website1\/"},{"@type":"ListItem","position":2,"name":"Erotik Shop \u00dcr\u00fcnleri","item":"https:\/\/hobierotikshop.com.tr\/website1\/shop\/"},{"@type":"ListItem","position":3,"name":"7 Titre\u015fim Ayarl\u0131 S\u00fcper Vakum G\u00f6\u011f\u00fcs Pompas\u0131 &#8211; Crazy Beauty"}]},{"@type":"WebSite","@id":"https:\/\/bursashop.com\/web\/#website","url":"https:\/\/bursashop.com\/web\/","name":"Bursa Erotik Shop","description":"Bursa Erotik Shop ile g\u00fcvenli, gizli ve kaliteli yeti\u015fkin \u00fcr\u00fcnleri al\u0131\u015fveri\u015fi! Geni\u015f \u00fcr\u00fcn yelpazemizi ke\u015ffedin, hemen sipari\u015f verin","publisher":{"@id":"https:\/\/bursashop.com\/web\/#organization"},"alternateName":"Erotik Shop","potentialAction":[{"@type":"SearchAction","target":{"@type":"EntryPoint","urlTemplate":"https:\/\/bursashop.com\/web\/?s={search_term_string}"},"query-input":{"@type":"PropertyValueSpecification","valueRequired":true,"valueName":"search_term_string"}}],"inLanguage":"tr"},{"@type":"Organization","@id":"https:\/\/bursashop.com\/web\/#organization","name":"Harem Bursa Erotik Shop","url":"https:\/\/bursashop.com\/web\/","logo":{"@type":"ImageObject","inLanguage":"tr","@id":"https:\/\/bursashop.com\/web\/#\/schema\/logo\/image\/","url":"https:\/\/haremerotikshop.com\/wp-content\/uploads\/2025\/03\/haremsexshop.png","contentUrl":"https:\/\/haremerotikshop.com\/wp-content\/uploads\/2025\/03\/haremsexshop.png","width":400,"height":100,"caption":"Harem Bursa Erotik Shop"},"image":{"@id":"https:\/\/bursashop.com\/web\/#\/schema\/logo\/image\/"},"sameAs":["https:\/\/x.com\/shopbursa"],"publishingPrinciples":"https:\/\/hobierotikshop.com.tr\/website1\/mesafeli-satis-sozlesmesi\/","ownershipFundingInfo":"https:\/\/hobierotikshop.com.tr\/website1\/contact-us\/","actionableFeedbackPolicy":"https:\/\/hobierotikshop.com.tr\/website1\/contact-us\/","correctionsPolicy":"https:\/\/hobierotikshop.com.tr\/website1\/mesafeli-satis-sozlesmesi\/"}]},"product_price_amount":"2840.00","product_price_currency":"TRY","og_availability":"out of stock","product_availability":"out of stock","product_retailer_item_id":"BDM1235","product_condition":"new"},"_links":{"self":[{"href":"https:\/\/haremerotikshop.com\/site\/wp-json\/wp\/v2\/product\/42921","targetHints":{"allow":["GET"]}}],"collection":[{"href":"https:\/\/haremerotikshop.com\/site\/wp-json\/wp\/v2\/product"}],"about":[{"href":"https:\/\/haremerotikshop.com\/site\/wp-json\/wp\/v2\/types\/product"}],"replies":[{"embeddable":true,"href":"https:\/\/haremerotikshop.com\/site\/wp-json\/wp\/v2\/comments?post=42921"}],"version-history":[{"count":0,"href":"https:\/\/haremerotikshop.com\/site\/wp-json\/wp\/v2\/product\/42921\/revisions"}],"wp:featuredmedia":[{"embeddable":true,"href":"https:\/\/haremerotikshop.com\/site\/wp-json\/wp\/v2\/media\/42923"}],"wp:attachment":[{"href":"https:\/\/haremerotikshop.com\/site\/wp-json\/wp\/v2\/media?parent=42921"}],"wp:term":[{"taxonomy":"product_brand","embeddable":true,"href":"https:\/\/haremerotikshop.com\/site\/wp-json\/wp\/v2\/product_brand?post=42921"},{"taxonomy":"product_cat","embeddable":true,"href":"https:\/\/haremerotikshop.com\/site\/wp-json\/wp\/v2\/product_cat?post=42921"},{"taxonomy":"product_tag","embeddable":true,"href":"https:\/\/haremerotikshop.com\/site\/wp-json\/wp\/v2\/product_tag?post=42921"}],"curies":[{"name":"wp","href":"https:\/\/api.w.org\/{rel}","templated":true}]}}